

{"id":15452,"date":"2025-12-01T02:56:14","date_gmt":"2025-12-01T02:56:14","guid":{"rendered":"https:\/\/vapemaison.com\/?post_type=product&#038;p=15452"},"modified":"2025-12-01T03:57:18","modified_gmt":"2025-12-01T03:57:18","slug":"15k-tornado-3-in-1-aroma-15k-puff-vapes","status":"publish","type":"product","link":"https:\/\/vapemaison.com\/it\/product\/15k-tornado-3-in-1-flavor-15k-puff-vapes\/","title":{"rendered":"15k Tornado 3 in 1 Flavor | 15K Puff Vapes"},"content":{"rendered":"<h2 class=\"wp-block-heading\"> RandM Tornado 15000 - Mela Pesca Pera<\/h2>\n\n\n\n<h4 class=\"wp-block-heading\">Profilo aromatico squisito<\/h4>\n\n\n\n<p>Provate la vera perfezione della frutta. La miscela Apple Peach Pear combina magistralmente la dolcezza croccante delle mele rosse mature con la profondit\u00e0 lussureggiante e succosa delle pesche maturate al sole, <strong>mentre<\/strong> un sottile finale di pera aspra aggiunge una rinfrescante leggerezza. <strong>Come risultato<\/strong>, Il gusto \u00e8 morbido, autentico e fresco di frutteto, senza alcun retrogusto artificiale: solo un'armonia pura e naturale.<\/p>\n\n\n\n<h4 class=\"wp-block-heading\">Longevit\u00e0 e prestazioni eccezionali<\/h4>\n\n\n\n<p>Grazie alla sua generosa capacit\u00e0 di 25 ml di e-liquido pre-riempito e alla potente batteria ricaricabile da 850 mAh, la Tornado 15000 fornisce <strong>fino a 15.000 soffi soddisfacenti<\/strong>. Per gli utenti giornalieri moderati, <strong>questo significa<\/strong> settimane di vaping ininterrotto senza bisogno di frequenti sostituzioni.<\/p>\n\n\n\n<h4 class=\"wp-block-heading\">Design intelligente e ricaricabile<\/h4>\n\n\n\n<p>A differenza dei dispositivi usa e getta tradizionali, questo dispositivo \u00e8 dotato di una comoda porta di ricarica USB-C. <strong>Pertanto<\/strong>, non solo riduce gli sprechi <strong>ma anche<\/strong> offre una maggiore efficienza in termini di costi e responsabilit\u00e0 ambientale, il tutto mantenendo la semplicit\u00e0 di utilizzo che i vapers amano.<\/p>\n\n\n\n<h4 class=\"wp-block-heading\">Esperienza completamente personalizzabile<\/h4>\n\n\n\n<p>Sia che preferiate l'assenza di nicotina o una dose pi\u00f9 forte, la flessibilit\u00e0 \u00e8 assicurata. Scegliete tra 0 %, 2 %, 3 % o 5 % di sale di nicotina. <strong>in modo che<\/strong> ogni utente pu\u00f2 personalizzare l'esperienza in base alle proprie esigenze.<\/p>\n\n\n\n<h4 class=\"wp-block-heading\">Tecnologia di vaping avanzata<\/h4>\n\n\n\n<p>Inoltre, Tornado 15000 \u00e8 dotato di una bobina all'avanguardia da 0,9 \u03a9 a doppia maglia che <strong>non solo<\/strong> riproduce ogni delicata nota di frutta con eccezionale chiarezza <strong>ma anche<\/strong> produce nuvole dense e saporite. <strong>Di conseguenza<\/strong>, Le prestazioni si mantengono costantemente eccellenti fin dalla prima estrazione. <strong>fino in fondo<\/strong> all'ultima boccata della sua notevole durata di 15.000 boccate.<\/p>\n\n\n\n<p>Elevate il vostro vaping con la perfezione equilibrata e rinfrescante della frutta: scegliete RandM Tornado 15000 Apple Peach Pear oggi stesso.<\/p>\n\n\n\n<p><strong>Specifiche tecniche<\/strong><\/p>\n\n\n\n<figure class=\"wp-block-table\"><table class=\"has-fixed-layout\"><thead><tr><th>Caratteristica<\/th><th>Specifiche<\/th><\/tr><\/thead><tbody><tr><td>Conteggio dei soffi<\/td><td>Circa 15.000 soffi<\/td><\/tr><tr><td>Capacit\u00e0 del liquido elettronico<\/td><td>25 ml (pre-riempito)<\/td><\/tr><tr><td>Batteria<\/td><td>850 mAh ricaricabile (USB-C)<\/td><\/tr><tr><td>Resistenza della bobina<\/td><td>0,9 \u03a9 Bobina a maglia<\/td><\/tr><tr><td>Opzioni di nicotina<\/td><td>0 %, 2 %, 3 %, 5 %<\/td><\/tr><tr><td>Flusso d'aria<\/td><td>Fisso, attivato dal disegno<\/td><\/tr><tr><td>Dimensioni<\/td><td>Compatto ed ergonomico<\/td><\/tr><tr><td>Imballaggio<\/td><td>10 unit\u00e0 per espositore (1,2 kg in totale)<\/td><\/tr><\/tbody><\/table><\/figure>\n\n\n\n<p><strong>Perch\u00e9 i vapers scelgono 15k Tornado<\/strong> <strong>Mela Pesca Pera<\/strong> Leggero ma profondamente soddisfacente, questo profilo aromatico si distingue per la sua rinfrescante chiarezza e per il suo gusto fedele alla frutta. \u00c8 la svapata ideale per tutto il giorno per chi preferisce le miscele di frutta naturali e pulite ai profili pesanti di dessert o mentolo.<\/p>\n\n\n\n<p><strong>Perfetto per<\/strong><\/p>\n\n\n\n<ul class=\"wp-block-list\">\n<li>Trasporto e viaggio quotidiano<\/li>\n\n\n\n<li>Sessioni di ginnastica e attivit\u00e0 all'aperto<\/li>\n\n\n\n<li>Acquirenti di massa, rivenditori e ordini di gruppo<\/li>\n<\/ul>\n\n\n\n<p><strong>Prezzi e disponibilit\u00e0<\/strong> 16,88 euro per unit\u00e0 - un valore eccezionale per un usa e getta ricaricabile ad alta capacit\u00e0. Disponibile in esclusiva su FUMOT Store con garanzia di autenticit\u00e0 e spedizione rapida.<\/p>\n\n\n\n<p><strong>Per saperne di pi\u00f9<\/strong> Esplora l'intero <strong>15k Tornado<\/strong> o provare le creazioni pi\u00f9 audaci della serie Gorilla Vapes per chi desidera sapori intensi e sperimentali.<\/p>\n\n\n\n<p><strong>Ordinate oggi stesso il RandM Tornado 15000 - Mela Pesca Pera e sperimentate la pura perfezione della frutta.<\/strong><\/p>\n\n\n\n<p>Clicca qui per vedere l'altrettanto sorprendente <strong><a href=\"https:\/\/vapemaison.com\/product-category\/hot-series\/fumot-12k\/\">Fumot 12k<\/a><\/strong>.<\/p>\n\n\n\n<p><\/p>","protected":false},"excerpt":{"rendered":"<p data-start=\"2379\" data-end=\"2592\">Godetevi RandM Tornado 15000 in versione Apple Peach Pear - una miscela perfetta di mela, pesca e pera con 15.000 boccate, batteria ricaricabile da 850 mAh e ricarica rapida Type-C. Naturalmente equilibrata e rinfrescante.<\/p>","protected":false},"featured_media":10612,"comment_status":"open","ping_status":"closed","template":"","meta":[],"product_brand":[169],"product_cat":[167],"product_tag":[],"class_list":{"0":"post-15452","1":"product","2":"type-product","3":"status-publish","4":"has-post-thumbnail","6":"product_brand-randm","7":"product_cat-15k-puffs","9":"first","10":"instock","11":"sale","12":"shipping-taxable","13":"purchasable","14":"product-type-variable"},"yoast_head":"<!-- This site is optimized with the Yoast SEO plugin v27.4 - https:\/\/yoast.com\/product\/yoast-seo-wordpress\/ -->\n<title>15k Tornado 3 in 1 Flavor | 15K Puff Vapes - VapeMaison<\/title>\n<meta name=\"description\" content=\"Experience the RandM 15k Tornado in Apple Peach Pear,15000 puff, 25ml liquid, 850mAh battery, adjustable nicotine options &amp; intense, balanced fruit flavor.\" \/>\n<meta name=\"robots\" content=\"index, follow, max-snippet:-1, max-image-preview:large, max-video-preview:-1\" \/>\n<link rel=\"canonical\" href=\"https:\/\/vapemaison.com\/it\/prodotto\/15k-tornado-3-in-1-aroma-15k-puff-vapes\/\" \/>\n<meta property=\"og:locale\" content=\"it_IT\" \/>\n<meta property=\"og:type\" content=\"article\" \/>\n<meta property=\"og:title\" content=\"15k Tornado 3 in 1 Flavor | 15K Puff Vapes - VapeMaison\" \/>\n<meta property=\"og:description\" content=\"Experience the RandM 15k Tornado in Apple Peach Pear,15000 puff, 25ml liquid, 850mAh battery, adjustable nicotine options &amp; intense, balanced fruit flavor.\" \/>\n<meta property=\"og:url\" content=\"https:\/\/vapemaison.com\/it\/prodotto\/15k-tornado-3-in-1-aroma-15k-puff-vapes\/\" \/>\n<meta property=\"og:site_name\" content=\"VapeMaison\" \/>\n<meta property=\"article:modified_time\" content=\"2025-12-01T03:57:18+00:00\" \/>\n<meta property=\"og:image\" content=\"https:\/\/vapemaison.com\/wp-content\/uploads\/2025\/11\/RandM-Tornado-15000-Apple-Peach-Pear-2-1.webp\" \/>\n\t<meta property=\"og:image:width\" content=\"1125\" \/>\n\t<meta property=\"og:image:height\" content=\"1125\" \/>\n\t<meta property=\"og:image:type\" content=\"image\/webp\" \/>\n<meta name=\"twitter:card\" content=\"summary_large_image\" \/>\n<meta name=\"twitter:label1\" content=\"Tempo di lettura stimato\" \/>\n\t<meta name=\"twitter:data1\" content=\"3 minuti\" \/>\n<!-- \/ Yoast SEO plugin. -->","yoast_head_json":{"title":"15k Tornado 3 in 1 Flavor | 15K Puff Vapes - VapeMaison","description":"Provate la RandM 15k Tornado in versione Apple Peach Pear, 15000 puff, 25ml di liquido, batteria da 850mAh, opzioni di nicotina regolabili e sapore intenso ed equilibrato di frutta.","robots":{"index":"index","follow":"follow","max-snippet":"max-snippet:-1","max-image-preview":"max-image-preview:large","max-video-preview":"max-video-preview:-1"},"canonical":"https:\/\/vapemaison.com\/it\/prodotto\/15k-tornado-3-in-1-aroma-15k-puff-vapes\/","og_locale":"it_IT","og_type":"article","og_title":"15k Tornado 3 in 1 Flavor | 15K Puff Vapes - VapeMaison","og_description":"Experience the RandM 15k Tornado in Apple Peach Pear,15000 puff, 25ml liquid, 850mAh battery, adjustable nicotine options & intense, balanced fruit flavor.","og_url":"https:\/\/vapemaison.com\/it\/prodotto\/15k-tornado-3-in-1-aroma-15k-puff-vapes\/","og_site_name":"VapeMaison","article_modified_time":"2025-12-01T03:57:18+00:00","og_image":[{"width":1125,"height":1125,"url":"https:\/\/vapemaison.com\/wp-content\/uploads\/2025\/11\/RandM-Tornado-15000-Apple-Peach-Pear-2-1.webp","type":"image\/webp"}],"twitter_card":"summary_large_image","twitter_misc":{"Tempo di lettura stimato":"3 minuti"},"schema":{"@context":"https:\/\/schema.org","@graph":[{"@type":"WebPage","@id":"https:\/\/vapemaison.com\/product\/15k-tornado-3-in-1-flavor-15k-puff-vapes\/","url":"https:\/\/vapemaison.com\/product\/15k-tornado-3-in-1-flavor-15k-puff-vapes\/","name":"15k Tornado 3 in 1 Flavor | 15K Puff Vapes - VapeMaison","isPartOf":{"@id":"https:\/\/vapemaison.com\/#website"},"primaryImageOfPage":{"@id":"https:\/\/vapemaison.com\/product\/15k-tornado-3-in-1-flavor-15k-puff-vapes\/#primaryimage"},"image":{"@id":"https:\/\/vapemaison.com\/product\/15k-tornado-3-in-1-flavor-15k-puff-vapes\/#primaryimage"},"thumbnailUrl":"https:\/\/vapemaison.com\/wp-content\/uploads\/2025\/11\/RandM-Tornado-15000-Apple-Peach-Pear-2-1.webp","datePublished":"2025-12-01T02:56:14+00:00","dateModified":"2025-12-01T03:57:18+00:00","description":"Provate la RandM 15k Tornado in versione Apple Peach Pear, 15000 puff, 25ml di liquido, batteria da 850mAh, opzioni di nicotina regolabili e sapore intenso ed equilibrato di frutta.","breadcrumb":{"@id":"https:\/\/vapemaison.com\/product\/15k-tornado-3-in-1-flavor-15k-puff-vapes\/#breadcrumb"},"inLanguage":"it-IT","potentialAction":[{"@type":"ReadAction","target":["https:\/\/vapemaison.com\/product\/15k-tornado-3-in-1-flavor-15k-puff-vapes\/"]}]},{"@type":"ImageObject","inLanguage":"it-IT","@id":"https:\/\/vapemaison.com\/product\/15k-tornado-3-in-1-flavor-15k-puff-vapes\/#primaryimage","url":"https:\/\/vapemaison.com\/wp-content\/uploads\/2025\/11\/RandM-Tornado-15000-Apple-Peach-Pear-2-1.webp","contentUrl":"https:\/\/vapemaison.com\/wp-content\/uploads\/2025\/11\/RandM-Tornado-15000-Apple-Peach-Pear-2-1.webp","width":1125,"height":1125,"caption":"Randm Tornado Apple Peach Pear 2 Disposable Vape Device"},{"@type":"BreadcrumbList","@id":"https:\/\/vapemaison.com\/product\/15k-tornado-3-in-1-flavor-15k-puff-vapes\/#breadcrumb","itemListElement":[{"@type":"ListItem","position":1,"name":"\u9996\u9875","item":"https:\/\/vapemaison.com\/"},{"@type":"ListItem","position":2,"name":"Shop","item":"https:\/\/vapemaison.com\/shop\/"},{"@type":"ListItem","position":3,"name":"RandM","item":"https:\/\/vapemaison.com\/brand\/randm\/"},{"@type":"ListItem","position":4,"name":"15k Tornado 3 in 1 Flavor | 15K Puff Vapes"}]},{"@type":"WebSite","@id":"https:\/\/vapemaison.com\/#website","url":"https:\/\/vapemaison.com\/","name":"VapeMaison","description":"Dispositivi e accessori per il vaping di alta qualit\u00e0","publisher":{"@id":"https:\/\/vapemaison.com\/#organization"},"potentialAction":[{"@type":"SearchAction","target":{"@type":"EntryPoint","urlTemplate":"https:\/\/vapemaison.com\/?s={search_term_string}"},"query-input":{"@type":"PropertyValueSpecification","valueRequired":true,"valueName":"search_term_string"}}],"inLanguage":"it-IT"},{"@type":"Organization","@id":"https:\/\/vapemaison.com\/#organization","name":"VapeMaison","url":"https:\/\/vapemaison.com\/","logo":{"@type":"ImageObject","inLanguage":"it-IT","@id":"https:\/\/vapemaison.com\/#\/schema\/logo\/image\/","url":"https:\/\/vapemaison.com\/wp-content\/uploads\/2026\/01\/cropped-vapemaison-logo-g-2026.webp","contentUrl":"https:\/\/vapemaison.com\/wp-content\/uploads\/2026\/01\/cropped-vapemaison-logo-g-2026.webp","width":350,"height":280,"caption":"VapeMaison"},"image":{"@id":"https:\/\/vapemaison.com\/#\/schema\/logo\/image\/"},"sameAs":["https:\/\/www.youtube.com\/@VapeMaison"]}]}},"tiered_pricing_type":"fixed","tiered_pricing_fixed_rules":{"30":"12.76","50":"11.52","100":"10.63","200":"9.21"},"tiered_pricing_product_settings":{"layout":"default","base_unit_name":{"singular":null,"plural":null},"default_variation":null},"tiered_pricing_minimum_quantity":10,"tiered_pricing_roles_data":[],"tiered_pricing_percentage_rules":[],"tiered_pricing_maximum_quantity":null,"tiered_pricing_quantity_step":"10","_links":{"self":[{"href":"https:\/\/vapemaison.com\/it\/wp-json\/wp\/v2\/product\/15452","targetHints":{"allow":["GET"]}}],"collection":[{"href":"https:\/\/vapemaison.com\/it\/wp-json\/wp\/v2\/product"}],"about":[{"href":"https:\/\/vapemaison.com\/it\/wp-json\/wp\/v2\/types\/product"}],"replies":[{"embeddable":true,"href":"https:\/\/vapemaison.com\/it\/wp-json\/wp\/v2\/comments?post=15452"}],"version-history":[{"count":0,"href":"https:\/\/vapemaison.com\/it\/wp-json\/wp\/v2\/product\/15452\/revisions"}],"wp:featuredmedia":[{"embeddable":true,"href":"https:\/\/vapemaison.com\/it\/wp-json\/wp\/v2\/media\/10612"}],"wp:attachment":[{"href":"https:\/\/vapemaison.com\/it\/wp-json\/wp\/v2\/media?parent=15452"}],"wp:term":[{"taxonomy":"product_brand","embeddable":true,"href":"https:\/\/vapemaison.com\/it\/wp-json\/wp\/v2\/product_brand?post=15452"},{"taxonomy":"product_cat","embeddable":true,"href":"https:\/\/vapemaison.com\/it\/wp-json\/wp\/v2\/product_cat?post=15452"},{"taxonomy":"product_tag","embeddable":true,"href":"https:\/\/vapemaison.com\/it\/wp-json\/wp\/v2\/product_tag?post=15452"}],"curies":[{"name":"wp","href":"https:\/\/api.w.org\/{rel}","templated":true}]}}