

{"id":15642,"date":"2025-12-03T08:26:53","date_gmt":"2025-12-03T08:26:53","guid":{"rendered":"https:\/\/vapemaison.com\/?post_type=product&#038;p=15642"},"modified":"2026-01-29T06:59:13","modified_gmt":"2026-01-29T06:59:13","slug":"bang-blaze-starry-50000-vape-monouso-50k-puff","status":"publish","type":"product","link":"https:\/\/vapemaison.com\/it\/product\/bang-blaze-starry-50000-disposable-vape-50k-puff\/","title":{"rendered":"Bang Blaze Starry 50000 Vape usa e getta 50K Puff"},"content":{"rendered":"<p>Sperimentate un nuovo standard di praticit\u00e0 e prestazioni con il <strong>Bang Blaze Starry 50k Puff Vape usa e getta<\/strong>-Un dispositivo elegante, incentrato sulla sicurezza e costruito per i moderni vapers. Con <strong>tre modalit\u00e0 intelligenti<\/strong>, Si adatta senza problemi alle vostre esigenze:<\/p>\n\n\n\n<ul class=\"wp-block-list\">\n<li><strong>Modalit\u00e0 regolare:<\/strong> Fino a <strong>50k soffi<\/strong><\/li>\n\n\n\n<li><strong>Modalit\u00e0 a impulsi:<\/strong> Fino a <strong>25k soffi<\/strong><\/li>\n\n\n\n<li><strong>Modalit\u00e0 di chiusura:<\/strong> Serratura di sicurezza per bambini per una conservazione sicura<\/li>\n<\/ul>\n\n\n\n<p>Progettato con <strong>bobine a doppia maglia<\/strong> e avanzato <strong>Tecnologia VPU<\/strong>, Il Blaze Starry assicura un flusso d'aria regolare, una densit\u00e0 di vapore elevata e un aroma pulito e preciso in ogni momento. Gli utenti possono scegliere tra <strong>Potenze di nicotina 2%, 3% o 5%<\/strong>, che lo rende adatto a un'ampia gamma di preferenze.<\/p>\n\n\n\n<p>Un affidabile <strong>Batteria ricaricabile da 550 mAh<\/strong>, abbinato a <strong>Ricarica rapida di tipo C<\/strong>, Il dispositivo \u00e8 in grado di funzionare pi\u00f9 a lungo con tempi di inattivit\u00e0 minimi. Nel frattempo, il luminoso <strong>Display a LED<\/strong> fornisce aggiornamenti in tempo reale sul livello della batteria e sulla selezione della modalit\u00e0, offrendo un controllo senza sforzo ad ogni utilizzo.<\/p>\n\n\n\n<p>Disponibile in <strong>12 opzioni di gusto premium<\/strong> e confezionati in comodi <strong>Scatole da 10 pezzi<\/strong>, Bang Blaze Starry 50000 \u00e8 una scelta eccellente sia per il divertimento personale che per la distribuzione al dettaglio: combina stile, sicurezza e prestazioni eccezionali in un unico dispositivo monouso.<\/p>\n\n\n\n<h2 class=\"wp-block-heading\"><strong>Sapore<\/strong><\/h2>\n\n\n\n<ol class=\"wp-block-list\">\n<li>Anguria<\/li>\n\n\n\n<li>Anguria alla fragola<\/li>\n\n\n\n<li>Ghiaccio al mirtillo<\/li>\n\n\n\n<li>Mirtillo Lampone<\/li>\n\n\n\n<li>Amore 66<\/li>\n\n\n\n<li>Ghiaccio al mirtillo rosso d'uva<\/li>\n\n\n\n<li>Ghiaccio alla pesca<\/li>\n\n\n\n<li>Mango alla fragola<\/li>\n\n\n\n<li>Tripla bacca<\/li>\n\n\n\n<li>Mango e pesca<\/li>\n\n\n\n<li>Ora legale<\/li>\n\n\n\n<li>Ananas e cocco<\/li>\n<\/ol>\n\n\n\n<h2 class=\"wp-block-heading\"><strong>Caratteristiche<\/strong><\/h2>\n\n\n\n<ul class=\"wp-block-list\">\n<li>Nicotina: 2% \/ 3% \/ 5%<\/li>\n\n\n\n<li>Batteria: 550mAh ricaricabile<\/li>\n\n\n\n<li>Bobina: a doppia maglia<\/li>\n\n\n\n<li>vpu interna<\/li>\n\n\n\n<li>Display: Schermo LED<\/li>\n\n\n\n<li>Ricarica: Tipo-C<\/li>\n\n\n\n<li>Confezione: 10 pezzi\/confezione<\/li>\n\n\n\n<li>Opzioni di gusto: 12 scelte<\/li>\n<\/ul>\n\n\n\n<p>Se si desidera esplorare altri dispositivi dello stesso marchio, \u00e8 possibile visualizzare il nostro elenco completo di dispositivi.\u00a0<strong><a href=\"https:\/\/vapemaison.com\/\">Collezione di vape usa e getta Bang<\/a><\/strong>\u00a0per confrontare i diversi modelli e il numero di puff. Per gli utenti che desiderano prestazioni di vaping prolungate, questo dispositivo fa anche parte del nostro\u00a0<strong><a href=\"https:\/\/vapemaison.com\/product-category\/puffs-count\/40k-puffs\/\">60K soffi di vapore monouso<\/a><\/strong>\u00a0categoria, caratterizzati da un utilizzo duraturo e da un design ad alta capacit\u00e0. Se state confrontando opzioni simili ad alta capacit\u00e0, il modello\u00a0<strong><a href=\"https:\/\/vapemaison.com\/product\/bang-leader-stoll-300k-puffs-disposable-vape\/\">Bang 300k Puffs Vape usa e getta<\/a><\/strong>\u00a0e il <strong><a href=\"https:\/\/vapemaison.com\/product-category\/puffs-count\/50k-puffs\/\">soffio 50k<\/a><\/strong> sono alternative popolari con capacit\u00e0 e prestazioni comparabili.<\/p>","protected":false},"excerpt":{"rendered":"<p>Experience a new standard of convenience and performance with the Bang Blaze Starry 50k Puff Disposable Vape\u2014a stylish, safety-focused device built for modern vapers. With three intelligent modes, it adapts effortlessly to your needs: Engineered with dual mesh coils and advanced VPU technology, the Blaze Starry ensures smooth airflow, rich vapor density, and clean, accurate [&hellip;]<\/p>\n","protected":false},"featured_media":15764,"comment_status":"open","ping_status":"closed","template":"","meta":[],"product_brand":[57],"product_cat":[136],"product_tag":[],"class_list":{"0":"post-15642","1":"product","2":"type-product","3":"status-publish","4":"has-post-thumbnail","6":"product_brand-bang","7":"product_cat-50k-puffs","9":"first","10":"instock","11":"sale","12":"shipping-taxable","13":"purchasable","14":"product-type-variable"},"yoast_head":"<!-- This site is optimized with the Yoast SEO plugin v27.4 - https:\/\/yoast.com\/product\/yoast-seo-wordpress\/ -->\n<title>Bang Blaze Starry 50000 \u2013 Smart Modes &amp; 50K Puff | 2025<\/title>\n<meta name=\"description\" content=\"Enjoy up to 50k puff with smart modes, dual mesh coils, fast charging, and 12 flavors. Bang Blaze Starry offers safe, powerful, and smooth vaping.\" \/>\n<meta name=\"robots\" content=\"index, follow, max-snippet:-1, max-image-preview:large, max-video-preview:-1\" \/>\n<link rel=\"canonical\" href=\"https:\/\/vapemaison.com\/it\/prodotto\/bang-blaze-starry-50000-vape-monouso-50k-puff\/\" \/>\n<meta property=\"og:locale\" content=\"it_IT\" \/>\n<meta property=\"og:type\" content=\"article\" \/>\n<meta property=\"og:title\" content=\"Bang Blaze Starry 50000 \u2013 Smart Modes &amp; 50K Puff | 2025\" \/>\n<meta property=\"og:description\" content=\"Enjoy up to 50k puff with smart modes, dual mesh coils, fast charging, and 12 flavors. Bang Blaze Starry offers safe, powerful, and smooth vaping.\" \/>\n<meta property=\"og:url\" content=\"https:\/\/vapemaison.com\/it\/prodotto\/bang-blaze-starry-50000-vape-monouso-50k-puff\/\" \/>\n<meta property=\"og:site_name\" content=\"VapeMaison\" \/>\n<meta property=\"article:modified_time\" content=\"2026-01-29T06:59:13+00:00\" \/>\n<meta property=\"og:image\" content=\"https:\/\/vapemaison.com\/wp-content\/uploads\/2025\/12\/vapemaison-bang-blaze-starry-50000-puffs-summer-time.jpg.webp\" \/>\n\t<meta property=\"og:image:width\" content=\"654\" \/>\n\t<meta property=\"og:image:height\" content=\"690\" \/>\n\t<meta property=\"og:image:type\" content=\"image\/webp\" \/>\n<meta name=\"twitter:card\" content=\"summary_large_image\" \/>\n<meta name=\"twitter:label1\" content=\"Tempo di lettura stimato\" \/>\n\t<meta name=\"twitter:data1\" content=\"2 minuti\" \/>\n<!-- \/ Yoast SEO plugin. -->","yoast_head_json":{"title":"Bang Blaze Starry 50000 - Modalit\u00e0 intelligenti e 50K puff | 2025","description":"Godetevi fino a 50k puff con modalit\u00e0 intelligenti, bobine a doppia maglia, ricarica rapida e 12 aromi. Bang Blaze Starry offre un vaping sicuro, potente e fluido.","robots":{"index":"index","follow":"follow","max-snippet":"max-snippet:-1","max-image-preview":"max-image-preview:large","max-video-preview":"max-video-preview:-1"},"canonical":"https:\/\/vapemaison.com\/it\/prodotto\/bang-blaze-starry-50000-vape-monouso-50k-puff\/","og_locale":"it_IT","og_type":"article","og_title":"Bang Blaze Starry 50000 \u2013 Smart Modes & 50K Puff | 2025","og_description":"Enjoy up to 50k puff with smart modes, dual mesh coils, fast charging, and 12 flavors. Bang Blaze Starry offers safe, powerful, and smooth vaping.","og_url":"https:\/\/vapemaison.com\/it\/prodotto\/bang-blaze-starry-50000-vape-monouso-50k-puff\/","og_site_name":"VapeMaison","article_modified_time":"2026-01-29T06:59:13+00:00","og_image":[{"width":654,"height":690,"url":"https:\/\/vapemaison.com\/wp-content\/uploads\/2025\/12\/vapemaison-bang-blaze-starry-50000-puffs-summer-time.jpg.webp","type":"image\/webp"}],"twitter_card":"summary_large_image","twitter_misc":{"Tempo di lettura stimato":"2 minuti"},"schema":{"@context":"https:\/\/schema.org","@graph":[{"@type":"WebPage","@id":"https:\/\/vapemaison.com\/product\/bang-blaze-starry-50000-disposable-vape-50k-puff\/","url":"https:\/\/vapemaison.com\/product\/bang-blaze-starry-50000-disposable-vape-50k-puff\/","name":"Bang Blaze Starry 50000 - Modalit\u00e0 intelligenti e 50K puff | 2025","isPartOf":{"@id":"https:\/\/vapemaison.com\/#website"},"primaryImageOfPage":{"@id":"https:\/\/vapemaison.com\/product\/bang-blaze-starry-50000-disposable-vape-50k-puff\/#primaryimage"},"image":{"@id":"https:\/\/vapemaison.com\/product\/bang-blaze-starry-50000-disposable-vape-50k-puff\/#primaryimage"},"thumbnailUrl":"https:\/\/vapemaison.com\/wp-content\/uploads\/2025\/12\/vapemaison-bang-blaze-starry-50000-puffs-summer-time.jpg.webp","datePublished":"2025-12-03T08:26:53+00:00","dateModified":"2026-01-29T06:59:13+00:00","description":"Godetevi fino a 50k puff con modalit\u00e0 intelligenti, bobine a doppia maglia, ricarica rapida e 12 aromi. Bang Blaze Starry offre un vaping sicuro, potente e fluido.","breadcrumb":{"@id":"https:\/\/vapemaison.com\/product\/bang-blaze-starry-50000-disposable-vape-50k-puff\/#breadcrumb"},"inLanguage":"it-IT","potentialAction":[{"@type":"ReadAction","target":["https:\/\/vapemaison.com\/product\/bang-blaze-starry-50000-disposable-vape-50k-puff\/"]}]},{"@type":"ImageObject","inLanguage":"it-IT","@id":"https:\/\/vapemaison.com\/product\/bang-blaze-starry-50000-disposable-vape-50k-puff\/#primaryimage","url":"https:\/\/vapemaison.com\/wp-content\/uploads\/2025\/12\/vapemaison-bang-blaze-starry-50000-puffs-summer-time.jpg.webp","contentUrl":"https:\/\/vapemaison.com\/wp-content\/uploads\/2025\/12\/vapemaison-bang-blaze-starry-50000-puffs-summer-time.jpg.webp","width":654,"height":690,"caption":"Vapemaison Bang Blaze Starry Puffs Summer Time.jpg"},{"@type":"BreadcrumbList","@id":"https:\/\/vapemaison.com\/product\/bang-blaze-starry-50000-disposable-vape-50k-puff\/#breadcrumb","itemListElement":[{"@type":"ListItem","position":1,"name":"\u9996\u9875","item":"https:\/\/vapemaison.com\/"},{"@type":"ListItem","position":2,"name":"Shop","item":"https:\/\/vapemaison.com\/shop\/"},{"@type":"ListItem","position":3,"name":"Bang","item":"https:\/\/vapemaison.com\/brand\/bang\/"},{"@type":"ListItem","position":4,"name":"Bang Blaze Starry 50000 Disposable Vape 50K Puff"}]},{"@type":"WebSite","@id":"https:\/\/vapemaison.com\/#website","url":"https:\/\/vapemaison.com\/","name":"VapeMaison","description":"Dispositivi e accessori per il vaping di alta qualit\u00e0","publisher":{"@id":"https:\/\/vapemaison.com\/#organization"},"potentialAction":[{"@type":"SearchAction","target":{"@type":"EntryPoint","urlTemplate":"https:\/\/vapemaison.com\/?s={search_term_string}"},"query-input":{"@type":"PropertyValueSpecification","valueRequired":true,"valueName":"search_term_string"}}],"inLanguage":"it-IT"},{"@type":"Organization","@id":"https:\/\/vapemaison.com\/#organization","name":"VapeMaison","url":"https:\/\/vapemaison.com\/","logo":{"@type":"ImageObject","inLanguage":"it-IT","@id":"https:\/\/vapemaison.com\/#\/schema\/logo\/image\/","url":"https:\/\/vapemaison.com\/wp-content\/uploads\/2026\/01\/cropped-vapemaison-logo-g-2026.webp","contentUrl":"https:\/\/vapemaison.com\/wp-content\/uploads\/2026\/01\/cropped-vapemaison-logo-g-2026.webp","width":350,"height":280,"caption":"VapeMaison"},"image":{"@id":"https:\/\/vapemaison.com\/#\/schema\/logo\/image\/"},"sameAs":["https:\/\/www.youtube.com\/@VapeMaison"]}]}},"tiered_pricing_type":"fixed","tiered_pricing_fixed_rules":{"30":"11.24","50":"10.36","100":"9.42","200":"8.88"},"tiered_pricing_product_settings":{"layout":"default","base_unit_name":{"singular":null,"plural":null},"default_variation":null},"tiered_pricing_minimum_quantity":10,"tiered_pricing_roles_data":[],"tiered_pricing_percentage_rules":[],"tiered_pricing_maximum_quantity":null,"tiered_pricing_quantity_step":"10","_links":{"self":[{"href":"https:\/\/vapemaison.com\/it\/wp-json\/wp\/v2\/product\/15642","targetHints":{"allow":["GET"]}}],"collection":[{"href":"https:\/\/vapemaison.com\/it\/wp-json\/wp\/v2\/product"}],"about":[{"href":"https:\/\/vapemaison.com\/it\/wp-json\/wp\/v2\/types\/product"}],"replies":[{"embeddable":true,"href":"https:\/\/vapemaison.com\/it\/wp-json\/wp\/v2\/comments?post=15642"}],"version-history":[{"count":1,"href":"https:\/\/vapemaison.com\/it\/wp-json\/wp\/v2\/product\/15642\/revisions"}],"predecessor-version":[{"id":26508,"href":"https:\/\/vapemaison.com\/it\/wp-json\/wp\/v2\/product\/15642\/revisions\/26508"}],"wp:featuredmedia":[{"embeddable":true,"href":"https:\/\/vapemaison.com\/it\/wp-json\/wp\/v2\/media\/15764"}],"wp:attachment":[{"href":"https:\/\/vapemaison.com\/it\/wp-json\/wp\/v2\/media?parent=15642"}],"wp:term":[{"taxonomy":"product_brand","embeddable":true,"href":"https:\/\/vapemaison.com\/it\/wp-json\/wp\/v2\/product_brand?post=15642"},{"taxonomy":"product_cat","embeddable":true,"href":"https:\/\/vapemaison.com\/it\/wp-json\/wp\/v2\/product_cat?post=15642"},{"taxonomy":"product_tag","embeddable":true,"href":"https:\/\/vapemaison.com\/it\/wp-json\/wp\/v2\/product_tag?post=15642"}],"curies":[{"name":"wp","href":"https:\/\/api.w.org\/{rel}","templated":true}]}}