

{"id":15646,"date":"2025-12-03T06:35:15","date_gmt":"2025-12-03T06:35:15","guid":{"rendered":"https:\/\/vapemaison.com\/?post_type=product&#038;p=15646"},"modified":"2026-05-07T06:22:44","modified_gmt":"2026-05-07T06:22:44","slug":"bang-king-85000-vape-monouso-85k-puff","status":"publish","type":"product","link":"https:\/\/vapemaison.com\/it\/product\/bang-king-85000-disposable-vape-85k-puff\/","title":{"rendered":"Bang King 85000 Vape usa e getta - 85k Puff"},"content":{"rendered":"<p>Il <strong>Bang King 85k<\/strong> \u00e8 stato progettato per i vapers che desiderano sia la resistenza che la flessibilit\u00e0 del sapore in un unico dispositivo di qualit\u00e0 superiore. Offre <strong>fino a 85k puff<\/strong>, che offre prestazioni di lunga durata che rimangono costanti dalla prima all'ultima boccata. <strong>Inoltre<\/strong>, Il suo sistema a triplo gusto offre agli utenti la libert\u00e0 di godere della variet\u00e0 senza dover portare con s\u00e9 pi\u00f9 dispositivi.<\/p>\n\n\n\n<h2 class=\"wp-block-heading\"><strong>Sistema a triplo aroma<\/strong><\/h2>\n\n\n\n<p>Questo dispositivo \u00e8 dotato di un <strong>Sistema di commutazione a tre gusti<\/strong>, alimentato da <strong>3 baccelli da 21 ml (totale 63 ml)<\/strong> di e-liquid. <strong>Con un semplice scorrimento o la pressione di un pulsante<\/strong>, Gli utenti possono cambiare gusto all'istante. <strong>Come risultato<\/strong>, diventa la scelta ideale per chi ama la rotazione dei sapori nel corso della giornata.<\/p>\n\n\n\n<h2 class=\"wp-block-heading\"><strong>Prestazioni e tecnologia<\/strong><\/h2>\n\n\n\n<p>Il Bang King 85000 accoppia un <strong>Batteria ricaricabile da 600 mAh<\/strong> con <strong>bobine a tripla maglia da 1,0\u03a9<\/strong> per garantire un vapore omogeneo, una potenza stabile e un'erogazione accurata del sapore.<br><strong>Inoltre<\/strong>, il sistema integrato <strong>Display LCD<\/strong> mostra in tempo reale informazioni come la durata della batteria, il numero di boccate e i livelli di aroma, offrendo agli utenti il pieno controllo durante ogni sessione.<\/p>\n\n\n\n<h2 class=\"wp-block-heading\"><strong>Nicotina e opzioni di ricarica<\/strong><\/h2>\n\n\n\n<p>Disponibile in <strong>2% \/ 3% \/ 5% intensit\u00e0 di nicotina<\/strong>, Il dispositivo \u00e8 in grado di soddisfare un'ampia gamma di preferenze.<br>Inoltre, <strong>Ricarica rapida di tipo C<\/strong> riduce al minimo i tempi di inattivit\u00e0, consentendo agli utenti di ricaricarsi rapidamente e di continuare a svapare senza interruzioni.<\/p>\n\n\n\n<h2 class=\"wp-block-heading\"><strong>Perch\u00e9 scegliere Bang King <strong>85k soffio<\/strong><\/strong><\/h2>\n\n\n\n<p>Complessivamente, il Bang King 85000 si distingue come un <strong>dispositivo ad alta capacit\u00e0, personalizzabile e ricco di sapore<\/strong> progettata per i vapers che desiderano le massime prestazioni in un formato elegante e portatile.<\/p>\n\n\n\n<h2 class=\"wp-block-heading\"><strong>Specifiche tecniche<\/strong><\/h2>\n\n\n\n<figure class=\"wp-block-table\"><table class=\"has-fixed-layout\"><thead><tr><th><strong>Specifiche<\/strong><\/th><th><strong>Dettagli<\/strong><\/th><\/tr><\/thead><tbody><tr><td><strong>Bign\u00e8<\/strong><\/td><td>Fino a 85.000 soffi<\/td><\/tr><tr><td><strong>Forza della nicotina<\/strong><\/td><td>2% \/ 3% \/ 5%<\/td><\/tr><tr><td><strong>I sapori<\/strong><\/td><td>3 gusti regolabili<\/td><\/tr><tr><td><strong>Capacit\u00e0 del liquido elettronico<\/strong><\/td><td>21mL \u00d7 3 (totale 63mL)<\/td><\/tr><tr><td><strong>Batteria<\/strong><\/td><td>600mAh Ricaricabile<\/td><\/tr><tr><td><strong>Tipo di bobina<\/strong><\/td><td>Maglia tripla 1.0\u03a9 \u00d7 3<\/td><\/tr><tr><td><strong>Display<\/strong><\/td><td>Schermo LCD<\/td><\/tr><tr><td><strong>Ricarica<\/strong><\/td><td>Ricarica rapida di tipo C<\/td><\/tr><tr><td><strong>Imballaggio<\/strong><\/td><td>10 pezzi\/confezione<\/td><\/tr><tr><td><strong>Opzioni di gusto<\/strong><\/td><td>16 Scelte<\/td><\/tr><\/tbody><\/table><\/figure>\n\n\n\n<h2 class=\"wp-block-heading\"><strong>Combinazioni di sapori disponibili<\/strong><\/h2>\n\n\n\n<ul class=\"wp-block-list\">\n<li>Anguria &amp; Red Bull &amp; Kiwi alla fragola<\/li>\n\n\n\n<li>Limone, lime e fragola Anguria e mirtillo ghiacciati<\/li>\n\n\n\n<li>Fragola, banana e lampone Anguria e limonata rosa<\/li>\n\n\n\n<li>Ciliegia blu e menta fresca e pesca e mango<\/li>\n\n\n\n<li>Frutta tropicale e fragola Anguria e pesca al limone<\/li>\n\n\n\n<li>Ananas e cocco, fragola e banana e Blue Razz<\/li>\n\n\n\n<li>Anguria alla fragola, triplo melone e ghiaccio alla fragola<\/li>\n\n\n\n<li>Frutti misti e mango Pesca e uva ghiacciata<\/li>\n\n\n\n<li>Coca-Cola alla fragola e vaniglia, ghiaccio alla pesca e ghiaccio al drago nero<\/li>\n\n\n\n<li>Ghiaccio e Kiwi Frutto della Passione Guava e Paglia Mango<\/li>\n\n\n\n<li>Anguria e anguria alla fragola e ghiaccio blu Razz<\/li>\n\n\n\n<li>Limonata ai frutti di bosco &amp; Red Bull alla fragola &amp; Pomp alla fragola<\/li>\n\n\n\n<li>Doppia Mela e Fusione Fruttata e Ghiaccio all'Ananas<\/li>\n\n\n\n<li>Cola Ice &amp; Mr Blue &amp; Cherry Cola<\/li>\n\n\n\n<li>Ciambella alla fragola e gelato alla banana &amp; Love66<\/li>\n\n\n\n<li>T\u00e8 freddo al limone, mango su ghiaccio e litchi su ghiaccio<\/li>\n<\/ul>\n\n\n\n<p><\/p>","protected":false},"excerpt":{"rendered":"<p>The Bang King 85k is designed for vapers who want both endurance and flavor flexibility in one premium device. It delivers up to 85k puff, offering long-lasting performance that remains consistent from the first puff to the last. Moreover, its triple-flavor system gives users the freedom to enjoy variety without carrying multiple devices. Triple-Flavor System [&hellip;]<\/p>\n","protected":false},"featured_media":15651,"comment_status":"open","ping_status":"closed","template":"","meta":[],"product_brand":[57],"product_cat":[155,142],"product_tag":[],"class_list":{"0":"post-15646","1":"product","2":"type-product","3":"status-publish","4":"has-post-thumbnail","6":"product_brand-bang","7":"product_cat-85k-puffs","8":"product_cat-eu-stock","10":"first","11":"instock","12":"sale","13":"shipping-taxable","14":"purchasable","15":"product-type-variable"},"yoast_head":"<!-- This site is optimized with the Yoast SEO plugin v27.4 - https:\/\/yoast.com\/product\/yoast-seo-wordpress\/ -->\n<title>Bang King 85000 Vape \u2013 Triple Flavors &amp; 85K Puffs Power | 2025<\/title>\n<meta name=\"description\" content=\"Experience 85k puff, triple adjustable flavors,and Type-C fast charging. Bang King 85000 delivers long-lasting power and rich flavor in one device.\" \/>\n<meta name=\"robots\" content=\"index, follow, max-snippet:-1, max-image-preview:large, max-video-preview:-1\" \/>\n<link rel=\"canonical\" href=\"https:\/\/vapemaison.com\/it\/prodotto\/bang-king-85000-vape-monouso-85k-puff\/\" \/>\n<meta property=\"og:locale\" content=\"it_IT\" \/>\n<meta property=\"og:type\" content=\"article\" \/>\n<meta property=\"og:title\" content=\"Bang King 85000 Vape \u2013 Triple Flavors &amp; 85K Puffs Power | 2025\" \/>\n<meta property=\"og:description\" content=\"Experience 85k puff, triple adjustable flavors,and Type-C fast charging. Bang King 85000 delivers long-lasting power and rich flavor in one device.\" \/>\n<meta property=\"og:url\" content=\"https:\/\/vapemaison.com\/it\/prodotto\/bang-king-85000-vape-monouso-85k-puff\/\" \/>\n<meta property=\"og:site_name\" content=\"VapeMaison\" \/>\n<meta property=\"article:modified_time\" content=\"2026-05-07T06:22:44+00:00\" \/>\n<meta property=\"og:image\" content=\"https:\/\/vapemaison.com\/wp-content\/uploads\/2025\/12\/bang-king-85000-puffs-main-picture.jpg.webp\" \/>\n\t<meta property=\"og:image:width\" content=\"800\" \/>\n\t<meta property=\"og:image:height\" content=\"800\" \/>\n\t<meta property=\"og:image:type\" content=\"image\/webp\" \/>\n<meta name=\"twitter:card\" content=\"summary_large_image\" \/>\n<meta name=\"twitter:label1\" content=\"Tempo di lettura stimato\" \/>\n\t<meta name=\"twitter:data1\" content=\"2 minuti\" \/>\n<!-- \/ Yoast SEO plugin. -->","yoast_head_json":{"title":"Bang King 85000 Vape - Tripli sapori e 85K boccate di potenza 2025","description":"Provate 85k puff, tripli aromi regolabili e ricarica rapida Type-C. Bang King 85000 offre una potenza di lunga durata e un sapore ricco in un unico dispositivo.","robots":{"index":"index","follow":"follow","max-snippet":"max-snippet:-1","max-image-preview":"max-image-preview:large","max-video-preview":"max-video-preview:-1"},"canonical":"https:\/\/vapemaison.com\/it\/prodotto\/bang-king-85000-vape-monouso-85k-puff\/","og_locale":"it_IT","og_type":"article","og_title":"Bang King 85000 Vape \u2013 Triple Flavors & 85K Puffs Power | 2025","og_description":"Experience 85k puff, triple adjustable flavors,and Type-C fast charging. Bang King 85000 delivers long-lasting power and rich flavor in one device.","og_url":"https:\/\/vapemaison.com\/it\/prodotto\/bang-king-85000-vape-monouso-85k-puff\/","og_site_name":"VapeMaison","article_modified_time":"2026-05-07T06:22:44+00:00","og_image":[{"width":800,"height":800,"url":"https:\/\/vapemaison.com\/wp-content\/uploads\/2025\/12\/bang-king-85000-puffs-main-picture.jpg.webp","type":"image\/webp"}],"twitter_card":"summary_large_image","twitter_misc":{"Tempo di lettura stimato":"2 minuti"},"schema":{"@context":"https:\/\/schema.org","@graph":[{"@type":"WebPage","@id":"https:\/\/vapemaison.com\/product\/bang-king-85000-disposable-vape-85k-puff\/","url":"https:\/\/vapemaison.com\/product\/bang-king-85000-disposable-vape-85k-puff\/","name":"Bang King 85000 Vape - Tripli sapori e 85K boccate di potenza 2025","isPartOf":{"@id":"https:\/\/vapemaison.com\/#website"},"primaryImageOfPage":{"@id":"https:\/\/vapemaison.com\/product\/bang-king-85000-disposable-vape-85k-puff\/#primaryimage"},"image":{"@id":"https:\/\/vapemaison.com\/product\/bang-king-85000-disposable-vape-85k-puff\/#primaryimage"},"thumbnailUrl":"https:\/\/vapemaison.com\/wp-content\/uploads\/2025\/12\/bang-king-85000-puffs-main-picture.jpg.webp","datePublished":"2025-12-03T06:35:15+00:00","dateModified":"2026-05-07T06:22:44+00:00","description":"Provate 85k puff, tripli aromi regolabili e ricarica rapida Type-C. Bang King 85000 offre una potenza di lunga durata e un sapore ricco in un unico dispositivo.","breadcrumb":{"@id":"https:\/\/vapemaison.com\/product\/bang-king-85000-disposable-vape-85k-puff\/#breadcrumb"},"inLanguage":"it-IT","potentialAction":[{"@type":"ReadAction","target":["https:\/\/vapemaison.com\/product\/bang-king-85000-disposable-vape-85k-puff\/"]}]},{"@type":"ImageObject","inLanguage":"it-IT","@id":"https:\/\/vapemaison.com\/product\/bang-king-85000-disposable-vape-85k-puff\/#primaryimage","url":"https:\/\/vapemaison.com\/wp-content\/uploads\/2025\/12\/bang-king-85000-puffs-main-picture.jpg.webp","contentUrl":"https:\/\/vapemaison.com\/wp-content\/uploads\/2025\/12\/bang-king-85000-puffs-main-picture.jpg.webp","width":800,"height":800,"caption":"Bang King Puffs Main Picture.jpg Disposable Vape Device"},{"@type":"BreadcrumbList","@id":"https:\/\/vapemaison.com\/product\/bang-king-85000-disposable-vape-85k-puff\/#breadcrumb","itemListElement":[{"@type":"ListItem","position":1,"name":"\u9996\u9875","item":"https:\/\/vapemaison.com\/"},{"@type":"ListItem","position":2,"name":"Shop","item":"https:\/\/vapemaison.com\/shop\/"},{"@type":"ListItem","position":3,"name":"Bang","item":"https:\/\/vapemaison.com\/brand\/bang\/"},{"@type":"ListItem","position":4,"name":"Bang King 85000 Disposable Vape | 85k Puff"}]},{"@type":"WebSite","@id":"https:\/\/vapemaison.com\/#website","url":"https:\/\/vapemaison.com\/","name":"VapeMaison","description":"Dispositivi e accessori per il vaping di alta qualit\u00e0","publisher":{"@id":"https:\/\/vapemaison.com\/#organization"},"potentialAction":[{"@type":"SearchAction","target":{"@type":"EntryPoint","urlTemplate":"https:\/\/vapemaison.com\/?s={search_term_string}"},"query-input":{"@type":"PropertyValueSpecification","valueRequired":true,"valueName":"search_term_string"}}],"inLanguage":"it-IT"},{"@type":"Organization","@id":"https:\/\/vapemaison.com\/#organization","name":"VapeMaison","url":"https:\/\/vapemaison.com\/","logo":{"@type":"ImageObject","inLanguage":"it-IT","@id":"https:\/\/vapemaison.com\/#\/schema\/logo\/image\/","url":"https:\/\/vapemaison.com\/wp-content\/uploads\/2026\/01\/cropped-vapemaison-logo-g-2026.webp","contentUrl":"https:\/\/vapemaison.com\/wp-content\/uploads\/2026\/01\/cropped-vapemaison-logo-g-2026.webp","width":350,"height":280,"caption":"VapeMaison"},"image":{"@id":"https:\/\/vapemaison.com\/#\/schema\/logo\/image\/"},"sameAs":["https:\/\/www.youtube.com\/@VapeMaison"]}]}},"tiered_pricing_type":"fixed","tiered_pricing_fixed_rules":{"30":"9.69","50":"9.39","100":"8.99","200":"8.19"},"tiered_pricing_product_settings":{"layout":"default","base_unit_name":{"singular":null,"plural":null},"default_variation":null},"tiered_pricing_minimum_quantity":10,"tiered_pricing_roles_data":[],"tiered_pricing_percentage_rules":[],"tiered_pricing_maximum_quantity":null,"tiered_pricing_quantity_step":"10","_links":{"self":[{"href":"https:\/\/vapemaison.com\/it\/wp-json\/wp\/v2\/product\/15646","targetHints":{"allow":["GET"]}}],"collection":[{"href":"https:\/\/vapemaison.com\/it\/wp-json\/wp\/v2\/product"}],"about":[{"href":"https:\/\/vapemaison.com\/it\/wp-json\/wp\/v2\/types\/product"}],"replies":[{"embeddable":true,"href":"https:\/\/vapemaison.com\/it\/wp-json\/wp\/v2\/comments?post=15646"}],"version-history":[{"count":1,"href":"https:\/\/vapemaison.com\/it\/wp-json\/wp\/v2\/product\/15646\/revisions"}],"predecessor-version":[{"id":27202,"href":"https:\/\/vapemaison.com\/it\/wp-json\/wp\/v2\/product\/15646\/revisions\/27202"}],"wp:featuredmedia":[{"embeddable":true,"href":"https:\/\/vapemaison.com\/it\/wp-json\/wp\/v2\/media\/15651"}],"wp:attachment":[{"href":"https:\/\/vapemaison.com\/it\/wp-json\/wp\/v2\/media?parent=15646"}],"wp:term":[{"taxonomy":"product_brand","embeddable":true,"href":"https:\/\/vapemaison.com\/it\/wp-json\/wp\/v2\/product_brand?post=15646"},{"taxonomy":"product_cat","embeddable":true,"href":"https:\/\/vapemaison.com\/it\/wp-json\/wp\/v2\/product_cat?post=15646"},{"taxonomy":"product_tag","embeddable":true,"href":"https:\/\/vapemaison.com\/it\/wp-json\/wp\/v2\/product_tag?post=15646"}],"curies":[{"name":"wp","href":"https:\/\/api.w.org\/{rel}","templated":true}]}}