

{"id":16054,"date":"2025-12-05T07:30:28","date_gmt":"2025-12-05T07:30:28","guid":{"rendered":"https:\/\/vapemaison.com\/?post_type=product&#038;p=16054"},"modified":"2025-12-05T08:04:01","modified_gmt":"2025-12-05T08:04:01","slug":"bang-king-30000-pro-usa-e-getta-30k","status":"publish","type":"product","link":"https:\/\/vapemaison.com\/it\/product\/bang-king-30000-pro-disposable-30k\/","title":{"rendered":"Bang King 30000 Pro Vape usa e getta - 30K boccate Bestia a doppia maglia"},"content":{"rendered":"<h3 class=\"wp-block-heading\">Perch\u00e9 scegliere Bang King 30000 Pro?<\/h3>\n\n\n\n<p>Longevit\u00e0 ineguagliabile (fino a 30.000 boccate)<\/p>\n\n\n\n<p>Dimenticatevi di cambiare il dispositivo ogni pochi giorni. Bang King 30000 Pro ha un'enorme capacit\u00e0 di 36 ml di e-liquid pre-riempito, che lo rende uno degli usa e getta pi\u00f9 duraturi sul mercato. non \u00e8 solo una svapata; \u00e8 il vostro compagno affidabile per settimane.<\/p>\n\n\n\n<p>Bobina a 1,0\u03a9 di maglia per un sapore esplosivo<\/p>\n\n\n\n<p>Provate il vero gusto dei vostri succhi di frutta preferiti. L'avanzata tecnologia Mesh Coil da 1,0\u03a9 assicura che ogni tiro crei un vapore ricco e denso e una riproduzione autentica del sapore dalla prima boccata alla 30.000esima.<\/p>\n\n\n\n<p>Potenza che dura: 850 mAh e ricarica di tipo C<\/p>\n\n\n\n<p>Non fatevi mai trovare con la batteria scarica. Dotato di una robusta batteria ricaricabile da 850 mAh e di una moderna porta di ricarica Type-C, il Bang King garantisce l'utilizzo di ogni goccia di e-liquid. La ricarica rapida significa meno attesa e pi\u00f9 svapo.<\/p>\n\n\n\n<p><strong>Personalizzato per le vostre esigenze<\/strong><\/p>\n\n\n\n<ul class=\"wp-block-list\">\n<li><strong>Forza della nicotina:<\/strong> Disponibile in <strong>0%, 2%, 3% e 5%<\/strong> per adattarsi alle vostre preferenze di colpo in gola.<\/li>\n\n\n\n<li><strong>Variet\u00e0 di sapore:<\/strong> Scegliere tra <strong>12 gusti premium<\/strong> su misura per palati diversi.<\/li>\n<\/ul>\n\n\n\n<h3 class=\"wp-block-heading\">Specifiche tecniche<\/h3>\n\n\n\n<figure class=\"wp-block-table\"><table class=\"has-fixed-layout\"><thead><tr><td><strong>Caratteristica<\/strong><\/td><td><strong>Dettagli<\/strong><\/td><\/tr><\/thead><tbody><tr><td><strong>Conteggio dei soffi<\/strong><\/td><td>Fino a 30.000 boccate<\/td><\/tr><tr><td><strong>Capacit\u00e0 del liquido elettronico<\/strong><\/td><td>36mL<\/td><\/tr><tr><td><strong>Batteria<\/strong><\/td><td>850 mAh (ricaricabile)<\/td><\/tr><tr><td><strong>Porta di ricarica<\/strong><\/td><td>USB tipo-C<\/td><\/tr><tr><td><strong>Resistenza della bobina<\/strong><\/td><td>Bobina a maglia da 1,0\u03a9<\/td><\/tr><tr><td><strong>Opzioni di nicotina<\/strong><\/td><td>0% \/ 2% \/ 3% \/ 5%<\/td><\/tr><tr><td><strong>Imballaggio<\/strong><\/td><td>10 unit\u00e0 \/ scatola<\/td><\/tr><\/tbody><\/table><\/figure>\n\n\n\n<h5 class=\"wp-block-heading\"><strong>Elenco degli aromi: il sapore<\/strong><\/h5>\n\n\n\n<ol class=\"wp-block-list\">\n<li>Anguria alla fragola<\/li>\n\n\n\n<li>Ghiaccio al mirtillo<\/li>\n\n\n\n<li>Menta fresca<\/li>\n\n\n\n<li>Uva fragola<\/li>\n\n\n\n<li>Mirtillo Mirtillo Rosso Ciliegia<\/li>\n\n\n\n<li>Anguria<\/li>\n\n\n\n<li>Fragola Kiwi<\/li>\n\n\n\n<li>Blu menta Razz<\/li>\n\n\n\n<li>Tripla bacca<\/li>\n\n\n\n<li>Anguria Ciliegia<\/li>\n\n\n\n<li>Lampone scuro scintillante<\/li>\n\n\n\n<li>Mirtillo Lampone<\/li>\n<\/ol>","protected":false},"excerpt":{"rendered":"<p>Smettete di contare i soffi. Iniziate a godervele. Bang King 30000 Pro \u00e8 l'ultimo campione di resistenza nel mercato dei vape usa e getta. Con un enorme serbatoio di e-liquid da 36 ml e fino a 30.000 boccate, questo dispositivo \u00e8 costruito per i vapers che richiedono longevit\u00e0, consistenza del sapore e zero problemi.<\/p>","protected":false},"featured_media":16056,"comment_status":"open","ping_status":"closed","template":"","meta":[],"product_brand":[57],"product_cat":[134],"product_tag":[],"class_list":{"0":"post-16054","1":"product","2":"type-product","3":"status-publish","4":"has-post-thumbnail","6":"product_brand-bang","7":"product_cat-30k-puffs","9":"first","10":"instock","11":"sale","12":"shipping-taxable","13":"purchasable","14":"product-type-variable"},"yoast_head":"<!-- This site is optimized with the Yoast SEO plugin v27.4 - https:\/\/yoast.com\/product\/yoast-seo-wordpress\/ -->\n<title>Bang King 30000 Pro Disposable 30K Puffs Vape - VapeMaison<\/title>\n<meta name=\"description\" content=\"Buy Bang King 30000 Pro Disposable Vape at the best price. 36mL capacity, 850mAh rechargeable battery. Wholesale &amp; Retail available. Fast Shipping.\" \/>\n<meta name=\"robots\" content=\"index, follow, max-snippet:-1, max-image-preview:large, max-video-preview:-1\" \/>\n<link rel=\"canonical\" href=\"https:\/\/vapemaison.com\/it\/prodotto\/bang-king-30000-pro-usa-e-getta-30k\/\" \/>\n<meta property=\"og:locale\" content=\"it_IT\" \/>\n<meta property=\"og:type\" content=\"article\" \/>\n<meta property=\"og:title\" content=\"Bang King 30000 Pro Disposable 30K Puffs Vape - VapeMaison\" \/>\n<meta property=\"og:description\" content=\"Buy Bang King 30000 Pro Disposable Vape at the best price. 36mL capacity, 850mAh rechargeable battery. Wholesale &amp; Retail available. Fast Shipping.\" \/>\n<meta property=\"og:url\" content=\"https:\/\/vapemaison.com\/it\/prodotto\/bang-king-30000-pro-usa-e-getta-30k\/\" \/>\n<meta property=\"og:site_name\" content=\"VapeMaison\" \/>\n<meta property=\"article:modified_time\" content=\"2025-12-05T08:04:01+00:00\" \/>\n<meta property=\"og:image\" content=\"https:\/\/vapemaison.com\/wp-content\/uploads\/2025\/12\/vapemaison-bang-king-30000-pro-blueberry-raspberry-654x690.jpg.webp\" \/>\n\t<meta property=\"og:image:width\" content=\"654\" \/>\n\t<meta property=\"og:image:height\" content=\"690\" \/>\n\t<meta property=\"og:image:type\" content=\"image\/webp\" \/>\n<meta name=\"twitter:card\" content=\"summary_large_image\" \/>\n<meta name=\"twitter:label1\" content=\"Tempo di lettura stimato\" \/>\n\t<meta name=\"twitter:data1\" content=\"2 minuti\" \/>\n<!-- \/ Yoast SEO plugin. -->","yoast_head_json":{"title":"Bang King 30000 Pro usa e getta da 30K boccate - VapeMaison","description":"Acquista Bang King 30000 Pro Disposable Vape al miglior prezzo. Capacit\u00e0 di 36 ml, batteria ricaricabile da 850 mAh. Disponibile all'ingrosso e al dettaglio. Spedizione veloce.","robots":{"index":"index","follow":"follow","max-snippet":"max-snippet:-1","max-image-preview":"max-image-preview:large","max-video-preview":"max-video-preview:-1"},"canonical":"https:\/\/vapemaison.com\/it\/prodotto\/bang-king-30000-pro-usa-e-getta-30k\/","og_locale":"it_IT","og_type":"article","og_title":"Bang King 30000 Pro Disposable 30K Puffs Vape - VapeMaison","og_description":"Buy Bang King 30000 Pro Disposable Vape at the best price. 36mL capacity, 850mAh rechargeable battery. Wholesale & Retail available. Fast Shipping.","og_url":"https:\/\/vapemaison.com\/it\/prodotto\/bang-king-30000-pro-usa-e-getta-30k\/","og_site_name":"VapeMaison","article_modified_time":"2025-12-05T08:04:01+00:00","og_image":[{"width":654,"height":690,"url":"https:\/\/vapemaison.com\/wp-content\/uploads\/2025\/12\/vapemaison-bang-king-30000-pro-blueberry-raspberry-654x690.jpg.webp","type":"image\/webp"}],"twitter_card":"summary_large_image","twitter_misc":{"Tempo di lettura stimato":"2 minuti"},"schema":{"@context":"https:\/\/schema.org","@graph":[{"@type":"WebPage","@id":"https:\/\/vapemaison.com\/product\/bang-king-30000-pro-disposable-30k\/","url":"https:\/\/vapemaison.com\/product\/bang-king-30000-pro-disposable-30k\/","name":"Bang King 30000 Pro usa e getta da 30K boccate - VapeMaison","isPartOf":{"@id":"https:\/\/vapemaison.com\/#website"},"primaryImageOfPage":{"@id":"https:\/\/vapemaison.com\/product\/bang-king-30000-pro-disposable-30k\/#primaryimage"},"image":{"@id":"https:\/\/vapemaison.com\/product\/bang-king-30000-pro-disposable-30k\/#primaryimage"},"thumbnailUrl":"https:\/\/vapemaison.com\/wp-content\/uploads\/2025\/12\/vapemaison-bang-king-30000-pro-blueberry-raspberry-654x690.jpg.webp","datePublished":"2025-12-05T07:30:28+00:00","dateModified":"2025-12-05T08:04:01+00:00","description":"Acquista Bang King 30000 Pro Disposable Vape al miglior prezzo. Capacit\u00e0 di 36 ml, batteria ricaricabile da 850 mAh. Disponibile all'ingrosso e al dettaglio. Spedizione veloce.","breadcrumb":{"@id":"https:\/\/vapemaison.com\/product\/bang-king-30000-pro-disposable-30k\/#breadcrumb"},"inLanguage":"it-IT","potentialAction":[{"@type":"ReadAction","target":["https:\/\/vapemaison.com\/product\/bang-king-30000-pro-disposable-30k\/"]}]},{"@type":"ImageObject","inLanguage":"it-IT","@id":"https:\/\/vapemaison.com\/product\/bang-king-30000-pro-disposable-30k\/#primaryimage","url":"https:\/\/vapemaison.com\/wp-content\/uploads\/2025\/12\/vapemaison-bang-king-30000-pro-blueberry-raspberry-654x690.jpg.webp","contentUrl":"https:\/\/vapemaison.com\/wp-content\/uploads\/2025\/12\/vapemaison-bang-king-30000-pro-blueberry-raspberry-654x690.jpg.webp","width":654,"height":690,"caption":"Vapemaison Bang King Pro Blueberry Raspberry 654x690.jpg"},{"@type":"BreadcrumbList","@id":"https:\/\/vapemaison.com\/product\/bang-king-30000-pro-disposable-30k\/#breadcrumb","itemListElement":[{"@type":"ListItem","position":1,"name":"\u9996\u9875","item":"https:\/\/vapemaison.com\/"},{"@type":"ListItem","position":2,"name":"Shop","item":"https:\/\/vapemaison.com\/shop\/"},{"@type":"ListItem","position":3,"name":"Bang","item":"https:\/\/vapemaison.com\/brand\/bang\/"},{"@type":"ListItem","position":4,"name":"Bang King 30000 Pro Disposable Vape &#8211; 30K Puffs Dual Mesh Beast"}]},{"@type":"WebSite","@id":"https:\/\/vapemaison.com\/#website","url":"https:\/\/vapemaison.com\/","name":"VapeMaison","description":"Dispositivi e accessori per il vaping di alta qualit\u00e0","publisher":{"@id":"https:\/\/vapemaison.com\/#organization"},"potentialAction":[{"@type":"SearchAction","target":{"@type":"EntryPoint","urlTemplate":"https:\/\/vapemaison.com\/?s={search_term_string}"},"query-input":{"@type":"PropertyValueSpecification","valueRequired":true,"valueName":"search_term_string"}}],"inLanguage":"it-IT"},{"@type":"Organization","@id":"https:\/\/vapemaison.com\/#organization","name":"VapeMaison","url":"https:\/\/vapemaison.com\/","logo":{"@type":"ImageObject","inLanguage":"it-IT","@id":"https:\/\/vapemaison.com\/#\/schema\/logo\/image\/","url":"https:\/\/vapemaison.com\/wp-content\/uploads\/2026\/01\/cropped-vapemaison-logo-g-2026.webp","contentUrl":"https:\/\/vapemaison.com\/wp-content\/uploads\/2026\/01\/cropped-vapemaison-logo-g-2026.webp","width":350,"height":280,"caption":"VapeMaison"},"image":{"@id":"https:\/\/vapemaison.com\/#\/schema\/logo\/image\/"},"sameAs":["https:\/\/www.youtube.com\/@VapeMaison"]}]}},"tiered_pricing_type":"fixed","tiered_pricing_fixed_rules":{"30":"9.99","50":"9.19","100":"8.42","200":"7.99"},"tiered_pricing_product_settings":{"layout":"default","base_unit_name":{"singular":null,"plural":null},"default_variation":null},"tiered_pricing_minimum_quantity":10,"tiered_pricing_roles_data":[],"tiered_pricing_percentage_rules":[],"tiered_pricing_maximum_quantity":null,"tiered_pricing_quantity_step":"10","_links":{"self":[{"href":"https:\/\/vapemaison.com\/it\/wp-json\/wp\/v2\/product\/16054","targetHints":{"allow":["GET"]}}],"collection":[{"href":"https:\/\/vapemaison.com\/it\/wp-json\/wp\/v2\/product"}],"about":[{"href":"https:\/\/vapemaison.com\/it\/wp-json\/wp\/v2\/types\/product"}],"replies":[{"embeddable":true,"href":"https:\/\/vapemaison.com\/it\/wp-json\/wp\/v2\/comments?post=16054"}],"version-history":[{"count":0,"href":"https:\/\/vapemaison.com\/it\/wp-json\/wp\/v2\/product\/16054\/revisions"}],"wp:featuredmedia":[{"embeddable":true,"href":"https:\/\/vapemaison.com\/it\/wp-json\/wp\/v2\/media\/16056"}],"wp:attachment":[{"href":"https:\/\/vapemaison.com\/it\/wp-json\/wp\/v2\/media?parent=16054"}],"wp:term":[{"taxonomy":"product_brand","embeddable":true,"href":"https:\/\/vapemaison.com\/it\/wp-json\/wp\/v2\/product_brand?post=16054"},{"taxonomy":"product_cat","embeddable":true,"href":"https:\/\/vapemaison.com\/it\/wp-json\/wp\/v2\/product_cat?post=16054"},{"taxonomy":"product_tag","embeddable":true,"href":"https:\/\/vapemaison.com\/it\/wp-json\/wp\/v2\/product_tag?post=16054"}],"curies":[{"name":"wp","href":"https:\/\/api.w.org\/{rel}","templated":true}]}}