

{"id":16162,"date":"2025-12-08T07:53:01","date_gmt":"2025-12-08T07:53:01","guid":{"rendered":"https:\/\/vapemaison.com\/?post_type=product&#038;p=16162"},"modified":"2026-02-10T09:37:20","modified_gmt":"2026-02-10T09:37:20","slug":"bang-king-tornado-35k-soffi","status":"publish","type":"product","link":"https:\/\/vapemaison.com\/it\/product\/bang-king-tornado-35k-puffs\/","title":{"rendered":"Bang King Tornado 35000 boccate Display LED Vape usa e getta"},"content":{"rendered":"<p>Bang King Tornado 35k Puffs Original LED Display Edition \u00e8 progettato per gli utenti che cercano prestazioni e stabilit\u00e0, portando il vaping a un livello superiore in termini di durata, sapore ed esperienza tecnologica.<\/p>\n\n\n\n<p>Dotato di una batteria ricaricabile da 850 mAh che supporta la ricarica rapida Type-C, Tornado si rifornisce rapidamente di energia, riducendo i tempi di attesa e consentendo di svapare praticamente senza interruzioni. La bobina dell'atomizzatore a mesh da 0,6\u03a9 incorporata migliora l'efficienza di riscaldamento, offrendo un vapore pi\u00f9 pieno e un sapore pi\u00f9 morbido.<\/p>\n\n\n\n<p>Vanta un'ampia capacit\u00e0 di 23 ml di e-liquid, che elimina la necessit\u00e0 di sostituire frequentemente il dispositivo e ne garantisce la durata. Il display intelligente a LED montato sulla parte anteriore mostra in tempo reale lo stato della batteria e dell'e-liquid; insieme a un sistema di protezione anti-secchezza, prolunga efficacemente la durata del dispositivo e mantiene prestazioni costanti a ogni boccata.<\/p>\n\n\n\n<p>Offre diverse concentrazioni di nicotina (0%, 2%, 3%, 5%) e 12 gusti popolari per soddisfare le diverse preferenze degli utenti. Sia che preferiate un sapore robusto o un'esperienza pi\u00f9 morbida, Tornado vi copre.<\/p>\n\n\n\n<p>Bang King Tornado 35k Puffs, combinando prestazioni elevate, grande capacit\u00e0 e un'esperienza intelligente, offre una nuova opzione di vaping pi\u00f9 duratura, pi\u00f9 pura e pi\u00f9 conveniente.<\/p>\n\n\n\n<figure class=\"wp-block-table\"><table class=\"has-fixed-layout\"><thead><tr><th><strong>Caratteristiche<\/strong><\/th><th><strong>Dettagli<\/strong><\/th><\/tr><\/thead><tbody><tr><td><strong>Bign\u00e8<\/strong><\/td><td>Fino a 35.000 soffi<\/td><\/tr><tr><td><strong>Opzioni di nicotina<\/strong><\/td><td>0% \/ 2% \/ 3% \/ 5%<\/td><\/tr><tr><td><strong>Tipo<\/strong><\/td><td>Monouso<\/td><\/tr><tr><td><strong>Resistenza<\/strong><\/td><td>0.6\u03a9<\/td><\/tr><tr><td><strong>Capacit\u00e0 del liquido elettronico<\/strong><\/td><td>23mL<\/td><\/tr><tr><td><strong>Capacit\u00e0 della batteria<\/strong><\/td><td>850 mAh<\/td><\/tr><tr><td><strong>Ricarica<\/strong><\/td><td>Ricaricabile di tipo C<\/td><\/tr><tr><td><strong>Protezione<\/strong><\/td><td>Protezione anti-scottature<\/td><\/tr><tr><td><strong>I sapori<\/strong><\/td><td>12 gusti disponibili<\/td><\/tr><\/tbody><\/table><\/figure>\n\n\n\n<h5 class=\"wp-block-heading\"><strong>Elenco degli aromi: il sapore<\/strong><\/h5>\n\n\n\n<ol class=\"wp-block-list\">\n<li>Mango alla fragola<\/li>\n\n\n\n<li>Amore66<\/li>\n\n\n\n<li>Ghiaccio Blu Razz<\/li>\n\n\n\n<li>Anguria alla fragola<\/li>\n\n\n\n<li>Menta e limone<\/li>\n\n\n\n<li>Doppia mela<\/li>\n\n\n\n<li>Bevanda energetica<\/li>\n\n\n\n<li>Ghiaccio alla pesca<\/li>\n\n\n\n<li>Fragola Kiwi<\/li>\n\n\n\n<li>Ghiaccio d'uva<\/li>\n\n\n\n<li>Ghiaccio al mirtillo<\/li>\n\n\n\n<li>Anguria<\/li>\n<\/ol>","protected":false},"excerpt":{"rendered":"<p>The Bang King Tornado 35k Puffs Original LED Display Edition is designed for users seeking performance and stability, taking vaping to the next level in terms of durability, flavor, and technological experience. Equipped with an 850mAh rechargeable battery and supporting Type-C fast charging, Tornado quickly replenishes its power, reducing waiting time and allowing for virtually [&hellip;]<\/p>\n","protected":false},"featured_media":16167,"comment_status":"open","ping_status":"closed","template":"","meta":[],"product_brand":[57],"product_cat":[142,16],"product_tag":[],"class_list":{"0":"post-16162","1":"product","2":"type-product","3":"status-publish","4":"has-post-thumbnail","6":"product_brand-bang","7":"product_cat-eu-stock","8":"product_cat-uncategorized","10":"first","11":"instock","12":"sale","13":"shipping-taxable","14":"purchasable","15":"product-type-variable"},"yoast_head":"<!-- This site is optimized with the Yoast SEO plugin v27.4 - https:\/\/yoast.com\/product\/yoast-seo-wordpress\/ -->\n<title>Bang King Tornado 35000 Puffs LED Display Disposable Vape - VapeMaison<\/title>\n<meta name=\"description\" content=\"Bang King Tornado 35000\u2014LED display, 23mL capacity, rechargeable 850mAh battery, and mesh coil for long-lasting, smooth vaping in multiple flavors.\" \/>\n<meta name=\"robots\" content=\"index, follow, max-snippet:-1, max-image-preview:large, max-video-preview:-1\" \/>\n<link rel=\"canonical\" href=\"https:\/\/vapemaison.com\/it\/prodotto\/bang-king-tornado-35k-soffi\/\" \/>\n<meta property=\"og:locale\" content=\"it_IT\" \/>\n<meta property=\"og:type\" content=\"article\" \/>\n<meta property=\"og:title\" content=\"Bang King Tornado 35000 Puffs LED Display Disposable Vape - VapeMaison\" \/>\n<meta property=\"og:description\" content=\"Bang King Tornado 35000\u2014LED display, 23mL capacity, rechargeable 850mAh battery, and mesh coil for long-lasting, smooth vaping in multiple flavors.\" \/>\n<meta property=\"og:url\" content=\"https:\/\/vapemaison.com\/it\/prodotto\/bang-king-tornado-35k-soffi\/\" \/>\n<meta property=\"og:site_name\" content=\"VapeMaison\" \/>\n<meta property=\"article:modified_time\" content=\"2026-02-10T09:37:20+00:00\" \/>\n<meta property=\"og:image\" content=\"https:\/\/vapemaison.com\/wp-content\/uploads\/2025\/12\/bang-king-tornado-35000-puffs-main-image.jpg.webp\" \/>\n\t<meta property=\"og:image:width\" content=\"1000\" \/>\n\t<meta property=\"og:image:height\" content=\"1000\" \/>\n\t<meta property=\"og:image:type\" content=\"image\/webp\" \/>\n<meta name=\"twitter:card\" content=\"summary_large_image\" \/>\n<meta name=\"twitter:label1\" content=\"Tempo di lettura stimato\" \/>\n\t<meta name=\"twitter:data1\" content=\"2 minuti\" \/>\n<!-- \/ Yoast SEO plugin. -->","yoast_head_json":{"title":"Bang King Tornado 35000 boccate Display LED Vape usa e getta - VapeMaison","description":"Bang King Tornado 35000 Display a LED, capacit\u00e0 di 23 ml, batteria ricaricabile da 850 mAh e bobina a rete per un vaping duraturo e fluido in diversi gusti.","robots":{"index":"index","follow":"follow","max-snippet":"max-snippet:-1","max-image-preview":"max-image-preview:large","max-video-preview":"max-video-preview:-1"},"canonical":"https:\/\/vapemaison.com\/it\/prodotto\/bang-king-tornado-35k-soffi\/","og_locale":"it_IT","og_type":"article","og_title":"Bang King Tornado 35000 Puffs LED Display Disposable Vape - VapeMaison","og_description":"Bang King Tornado 35000\u2014LED display, 23mL capacity, rechargeable 850mAh battery, and mesh coil for long-lasting, smooth vaping in multiple flavors.","og_url":"https:\/\/vapemaison.com\/it\/prodotto\/bang-king-tornado-35k-soffi\/","og_site_name":"VapeMaison","article_modified_time":"2026-02-10T09:37:20+00:00","og_image":[{"width":1000,"height":1000,"url":"https:\/\/vapemaison.com\/wp-content\/uploads\/2025\/12\/bang-king-tornado-35000-puffs-main-image.jpg.webp","type":"image\/webp"}],"twitter_card":"summary_large_image","twitter_misc":{"Tempo di lettura stimato":"2 minuti"},"schema":{"@context":"https:\/\/schema.org","@graph":[{"@type":"WebPage","@id":"https:\/\/vapemaison.com\/product\/bang-king-tornado-35k-puffs\/","url":"https:\/\/vapemaison.com\/product\/bang-king-tornado-35k-puffs\/","name":"Bang King Tornado 35000 boccate Display LED Vape usa e getta - VapeMaison","isPartOf":{"@id":"https:\/\/vapemaison.com\/#website"},"primaryImageOfPage":{"@id":"https:\/\/vapemaison.com\/product\/bang-king-tornado-35k-puffs\/#primaryimage"},"image":{"@id":"https:\/\/vapemaison.com\/product\/bang-king-tornado-35k-puffs\/#primaryimage"},"thumbnailUrl":"https:\/\/vapemaison.com\/wp-content\/uploads\/2025\/12\/bang-king-tornado-35000-puffs-main-image.jpg.webp","datePublished":"2025-12-08T07:53:01+00:00","dateModified":"2026-02-10T09:37:20+00:00","description":"Bang King Tornado 35000 Display a LED, capacit\u00e0 di 23 ml, batteria ricaricabile da 850 mAh e bobina a rete per un vaping duraturo e fluido in diversi gusti.","breadcrumb":{"@id":"https:\/\/vapemaison.com\/product\/bang-king-tornado-35k-puffs\/#breadcrumb"},"inLanguage":"it-IT","potentialAction":[{"@type":"ReadAction","target":["https:\/\/vapemaison.com\/product\/bang-king-tornado-35k-puffs\/"]}]},{"@type":"ImageObject","inLanguage":"it-IT","@id":"https:\/\/vapemaison.com\/product\/bang-king-tornado-35k-puffs\/#primaryimage","url":"https:\/\/vapemaison.com\/wp-content\/uploads\/2025\/12\/bang-king-tornado-35000-puffs-main-image.jpg.webp","contentUrl":"https:\/\/vapemaison.com\/wp-content\/uploads\/2025\/12\/bang-king-tornado-35000-puffs-main-image.jpg.webp","width":1000,"height":1000,"caption":"Bang King Tornado Puffs Main Image.jpg Disposable Vape Device"},{"@type":"BreadcrumbList","@id":"https:\/\/vapemaison.com\/product\/bang-king-tornado-35k-puffs\/#breadcrumb","itemListElement":[{"@type":"ListItem","position":1,"name":"\u9996\u9875","item":"https:\/\/vapemaison.com\/"},{"@type":"ListItem","position":2,"name":"Shop","item":"https:\/\/vapemaison.com\/shop\/"},{"@type":"ListItem","position":3,"name":"Bang","item":"https:\/\/vapemaison.com\/brand\/bang\/"},{"@type":"ListItem","position":4,"name":"Bang King Tornado 35000 Puffs LED Display Disposable Vape"}]},{"@type":"WebSite","@id":"https:\/\/vapemaison.com\/#website","url":"https:\/\/vapemaison.com\/","name":"VapeMaison","description":"Dispositivi e accessori per il vaping di alta qualit\u00e0","publisher":{"@id":"https:\/\/vapemaison.com\/#organization"},"potentialAction":[{"@type":"SearchAction","target":{"@type":"EntryPoint","urlTemplate":"https:\/\/vapemaison.com\/?s={search_term_string}"},"query-input":{"@type":"PropertyValueSpecification","valueRequired":true,"valueName":"search_term_string"}}],"inLanguage":"it-IT"},{"@type":"Organization","@id":"https:\/\/vapemaison.com\/#organization","name":"VapeMaison","url":"https:\/\/vapemaison.com\/","logo":{"@type":"ImageObject","inLanguage":"it-IT","@id":"https:\/\/vapemaison.com\/#\/schema\/logo\/image\/","url":"https:\/\/vapemaison.com\/wp-content\/uploads\/2026\/01\/cropped-vapemaison-logo-g-2026.webp","contentUrl":"https:\/\/vapemaison.com\/wp-content\/uploads\/2026\/01\/cropped-vapemaison-logo-g-2026.webp","width":350,"height":280,"caption":"VapeMaison"},"image":{"@id":"https:\/\/vapemaison.com\/#\/schema\/logo\/image\/"},"sameAs":["https:\/\/www.youtube.com\/@VapeMaison"]}]}},"tiered_pricing_type":"fixed","tiered_pricing_fixed_rules":{"30":"9.99","50":"9.45","100":"8.98","200":"7.99"},"tiered_pricing_product_settings":{"layout":"default","base_unit_name":{"singular":null,"plural":null},"default_variation":null},"tiered_pricing_minimum_quantity":10,"tiered_pricing_roles_data":[],"tiered_pricing_percentage_rules":[],"tiered_pricing_maximum_quantity":null,"tiered_pricing_quantity_step":"10","_links":{"self":[{"href":"https:\/\/vapemaison.com\/it\/wp-json\/wp\/v2\/product\/16162","targetHints":{"allow":["GET"]}}],"collection":[{"href":"https:\/\/vapemaison.com\/it\/wp-json\/wp\/v2\/product"}],"about":[{"href":"https:\/\/vapemaison.com\/it\/wp-json\/wp\/v2\/types\/product"}],"replies":[{"embeddable":true,"href":"https:\/\/vapemaison.com\/it\/wp-json\/wp\/v2\/comments?post=16162"}],"version-history":[{"count":1,"href":"https:\/\/vapemaison.com\/it\/wp-json\/wp\/v2\/product\/16162\/revisions"}],"predecessor-version":[{"id":27203,"href":"https:\/\/vapemaison.com\/it\/wp-json\/wp\/v2\/product\/16162\/revisions\/27203"}],"wp:featuredmedia":[{"embeddable":true,"href":"https:\/\/vapemaison.com\/it\/wp-json\/wp\/v2\/media\/16167"}],"wp:attachment":[{"href":"https:\/\/vapemaison.com\/it\/wp-json\/wp\/v2\/media?parent=16162"}],"wp:term":[{"taxonomy":"product_brand","embeddable":true,"href":"https:\/\/vapemaison.com\/it\/wp-json\/wp\/v2\/product_brand?post=16162"},{"taxonomy":"product_cat","embeddable":true,"href":"https:\/\/vapemaison.com\/it\/wp-json\/wp\/v2\/product_cat?post=16162"},{"taxonomy":"product_tag","embeddable":true,"href":"https:\/\/vapemaison.com\/it\/wp-json\/wp\/v2\/product_tag?post=16162"}],"curies":[{"name":"wp","href":"https:\/\/api.w.org\/{rel}","templated":true}]}}