

{"id":16442,"date":"2025-12-09T07:31:45","date_gmt":"2025-12-09T07:31:45","guid":{"rendered":"https:\/\/vapemaison.com\/?post_type=product&#038;p=16442"},"modified":"2025-12-22T09:51:28","modified_gmt":"2025-12-22T09:51:28","slug":"bang-blaze-40k-soffi-2-5-nicotina","status":"publish","type":"product","link":"https:\/\/vapemaison.com\/it\/product\/bang-blaze-40k-puffs-2-5-nicotine\/","title":{"rendered":"Bang Blaze 40k boccate 2% 5% Nicotina"},"content":{"rendered":"<p>Il <strong>Bang Blaze 40k Soffi<\/strong> \u00e8 stato progettato per gli utenti che desiderano il massimo numero di boccate, un sapore forte e la libert\u00e0 di ricaricare con qualsiasi e-liquid. Con un'enorme capacit\u00e0 di svapo e un design avanzato della bobina a rete, questo dispositivo offre longevit\u00e0 e un sapore di prima qualit\u00e0 in un unico sistema ricaricabile usa e getta.<\/p>\n\n\n\n<p>Se siete nuovi nel nostro negozio, sentitevi liberi di esplorare il nostro sito <strong><a href=\"https:\/\/vapemaison.com\/product-category\/hot-series\/\">I pi\u00f9 venduti<\/a><\/strong> o per saperne di pi\u00f9 sul nostro <strong><a href=\"https:\/\/vapemaison.com\/brand\/bang\/\">Collezione Bang Vape<\/a><\/strong> per i prodotti correlati.<\/p>\n\n\n\n<h2 class=\"wp-block-heading\"><strong>Bang Blaze 40k Puffs Caratteristiche e prestazioni<\/strong><\/h2>\n\n\n\n<p>Costruito con un <strong>Batteria ricaricabile da 1000mAh<\/strong> e <strong>Ricarica rapida di tipo C<\/strong>, Bang Blaze 40K offre una potenza affidabile e cicli di ricarica rapidi. Il suo <strong>Bobina con maglia da 0,6\u03a9<\/strong> offre un vapore pi\u00f9 ricco, un flusso d'aria pi\u00f9 fluido e prestazioni costanti, anche dopo diverse ricariche.<\/p>\n\n\n\n<p>Questo dispositivo supporta <strong>Capacit\u00e0 di 40 ml di e-liquido<\/strong> e offre <strong>Potenzialit\u00e0 di nicotina 2% e 5%<\/strong>, permettendo agli utenti di regolare con precisione la propria esperienza di svapo. Sia che si preferisca un forte colpo in gola o un'estrazione pi\u00f9 fluida e leggera, Bang Blaze 40000 Puffs garantisce una completa personalizzazione.<\/p>\n\n\n\n<p>Per ulteriori informazioni sugli standard del vape usa e getta, \u00e8 possibile consultare risorse affidabili come <strong>il sito ufficiale del produttore<\/strong> o <strong>guide indipendenti sul vaping<\/strong><\/p>\n\n\n\n<h2 class=\"wp-block-heading\"><strong>Perch\u00e9 scegliere Bang Blaze 40k Puffs?<\/strong><\/h2>\n\n\n\n<p>Il Bang Blaze 40K si distingue perch\u00e9 combina:<\/p>\n\n\n\n<ul class=\"wp-block-list\">\n<li>Massiccio <strong>40.000 soffi<\/strong> durata della vita<\/li>\n\n\n\n<li><strong>Sistema di olii ricaricabili<\/strong> per un'infinita libert\u00e0 di sapori<\/li>\n\n\n\n<li><strong>Tecnologia della bobina a rete<\/strong> per un sapore intenso<\/li>\n\n\n\n<li><strong>Ricarica rapida di tipo C<\/strong><\/li>\n\n\n\n<li><strong>Grande capacit\u00e0 di 40 ml<\/strong><\/li>\n\n\n\n<li><strong>Opzioni di nicotina: 2% \/ 5%<\/strong><\/li>\n<\/ul>\n\n\n\n<p>Questo lo rende ideale per gli utenti di lunga data, per i vapers pi\u00f9 assidui e per chiunque sia alla ricerca di un dispositivo monouso personalizzabile.<\/p>\n\n\n\n<h3 class=\"wp-block-heading\"><strong>Caratteristiche<\/strong><\/h3>\n\n\n\n<figure class=\"wp-block-table\"><table class=\"has-fixed-layout\"><thead><tr><th><strong>Caratteristica<\/strong><\/th><th><strong>Dettagli<\/strong><\/th><\/tr><\/thead><tbody><tr><td><strong>Bign\u00e8<\/strong><\/td><td>Fino a 40.000 soffi<\/td><\/tr><tr><td><strong>Bobina<\/strong><\/td><td>Bobina a maglie da 0,6\u03a9<\/td><\/tr><tr><td><strong>E-liquido<\/strong><\/td><td>40mL<\/td><\/tr><tr><td><strong>Nicotina<\/strong><\/td><td>2% \/ 5%<\/td><\/tr><tr><td><strong>Batteria<\/strong><\/td><td>1000mAh Ricaricabile<\/td><\/tr><tr><td><strong>Ricarica<\/strong><\/td><td>Ricarica rapida di tipo C<\/td><\/tr><tr><td><strong>Design<\/strong><\/td><td>Sistema dell'olio ricaricabile<\/td><\/tr><tr><td><strong>I sapori<\/strong><\/td><td>12 gusti disponibili<\/td><\/tr><\/tbody><\/table><\/figure>\n\n\n\n<h3 class=\"wp-block-heading\"><strong>Gusti disponibili<\/strong><\/h3>\n\n\n\n<ul class=\"wp-block-list\">\n<li>Anguria<\/li>\n\n\n\n<li>Anguria Fragola<\/li>\n\n\n\n<li>Pina Colada<\/li>\n\n\n\n<li>Ghiaccio alla fragola<\/li>\n\n\n\n<li>Red Bull<\/li>\n\n\n\n<li>Ghiaccio alla pesca<\/li>\n\n\n\n<li>Ghiaccio al mirtillo<\/li>\n\n\n\n<li>Mirtillo Lampone<\/li>\n\n\n\n<li>Uva in fiore di ciliegio<\/li>\n\n\n\n<li>Mele doppie<\/li>\n\n\n\n<li>Frutta mista<\/li>\n\n\n\n<li>Mango e pesca<\/li>\n<\/ul>\n\n\n\n<p>Unisciti a migliaia di vapers soddisfatti che amano i dispositivi Bang! Esplora il nostro <a href=\"https:\/\/vapemaison.com\">homepage<\/a> per i nuovi arrivi, controllate il sito <a href=\"https:\/\/vapemaison.com\/shop\">negozio<\/a> per l'intera gamma, o per saperne di pi\u00f9 sulla <a href=\"https:\/\/vapemaison.com\/brand\/bang\">Marchio Bang<\/a> di cui tutti parlano. Per la variet\u00e0, scoprite <a href=\"https:\/\/vapemaison.com\/brand\/humo-azul\/\">Collezione del marchio Humo Vape<\/a> o sfogliare tutti i prodotti <a href=\"https:\/\/vapemaison.com\/product-category\/puffs-count\/\">Vapori a soffio<\/a> in un unico luogo.<\/p>","protected":false},"excerpt":{"rendered":"<div id=\"model-response-message-contentr_9c475cc880d901e2\" class=\"markdown markdown-main-panel stronger enable-updated-hr-color\" dir=\"ltr\" aria-live=\"polite\" aria-busy=\"false\">\n<p data-path-to-node=\"0\">Massimizzate la vostra libert\u00e0 di svapo con il <b data-path-to-node=\"0\" data-index-in-node=\"38\">Bang Blaze 40K<\/b>, con un'esclusiva <b data-path-to-node=\"0\" data-index-in-node=\"73\">sistema di rabbocco dell'olio<\/b> e un'enorme durata di vita di 40.000 puff per la massima personalizzazione. Progettato con un <b data-path-to-node=\"0\" data-index-in-node=\"176\">Bobina con maglia da 0,6\u03a9<\/b> e una robusta batteria da 1000mAh, offre un sapore potente e un vapore denso ad ogni ricarica. Ordinate oggi stesso per godere di infinite possibilit\u00e0 di sapore e assicurarvi la nostra attuale offerta di spedizione rapida.<\/p>\n<\/div>","protected":false},"featured_media":16445,"comment_status":"open","ping_status":"closed","template":"","meta":[],"product_brand":[57],"product_cat":[135],"product_tag":[],"class_list":{"0":"post-16442","1":"product","2":"type-product","3":"status-publish","4":"has-post-thumbnail","6":"product_brand-bang","7":"product_cat-40k-puffs","9":"first","10":"instock","11":"sale","12":"shipping-taxable","13":"purchasable","14":"product-type-variable"},"yoast_head":"<!-- This site is optimized with the Yoast SEO plugin v27.4 - https:\/\/yoast.com\/product\/yoast-seo-wordpress\/ -->\n<title>Bang Blaze 40k Puffs \u2013 Refillable Mesh Coil Disposable Vape - VapeMaison<\/title>\n<meta name=\"description\" content=\"Experience the Bang Blaze 40k Puffs, a refillable disposable vape with a 0.6\u03a9 mesh coil,and 12 flavor options. Long-lasting, powerful, and customizable.\" \/>\n<meta name=\"robots\" content=\"index, follow, max-snippet:-1, max-image-preview:large, max-video-preview:-1\" \/>\n<link rel=\"canonical\" href=\"https:\/\/vapemaison.com\/it\/prodotto\/bang-blaze-40k-soffi-2-5-nicotina\/\" \/>\n<meta property=\"og:locale\" content=\"it_IT\" \/>\n<meta property=\"og:type\" content=\"article\" \/>\n<meta property=\"og:title\" content=\"Bang Blaze 40k Puffs \u2013 Refillable Mesh Coil Disposable Vape - VapeMaison\" \/>\n<meta property=\"og:description\" content=\"Experience the Bang Blaze 40k Puffs, a refillable disposable vape with a 0.6\u03a9 mesh coil,and 12 flavor options. Long-lasting, powerful, and customizable.\" \/>\n<meta property=\"og:url\" content=\"https:\/\/vapemaison.com\/it\/prodotto\/bang-blaze-40k-soffi-2-5-nicotina\/\" \/>\n<meta property=\"og:site_name\" content=\"VapeMaison\" \/>\n<meta property=\"article:modified_time\" content=\"2025-12-22T09:51:28+00:00\" \/>\n<meta property=\"og:image\" content=\"https:\/\/vapemaison.com\/wp-content\/uploads\/2025\/12\/vape-bang-blaze-40k-oil-40000-puffs-mixed-fruit-654x690.jpg.webp\" \/>\n\t<meta property=\"og:image:width\" content=\"654\" \/>\n\t<meta property=\"og:image:height\" content=\"690\" \/>\n\t<meta property=\"og:image:type\" content=\"image\/webp\" \/>\n<meta name=\"twitter:card\" content=\"summary_large_image\" \/>\n<meta name=\"twitter:label1\" content=\"Tempo di lettura stimato\" \/>\n\t<meta name=\"twitter:data1\" content=\"2 minuti\" \/>\n<!-- \/ Yoast SEO plugin. -->","yoast_head_json":{"title":"Bang Blaze 40k Puffs - Vape usa e getta con bobina a rete ricaricabile - VapeMaison","description":"Provate Bang Blaze 40k Puffs, una sigaretta ricaricabile monouso con una bobina da 0,6\u03a9 e 12 opzioni di aroma. Di lunga durata, potente e personalizzabile.","robots":{"index":"index","follow":"follow","max-snippet":"max-snippet:-1","max-image-preview":"max-image-preview:large","max-video-preview":"max-video-preview:-1"},"canonical":"https:\/\/vapemaison.com\/it\/prodotto\/bang-blaze-40k-soffi-2-5-nicotina\/","og_locale":"it_IT","og_type":"article","og_title":"Bang Blaze 40k Puffs \u2013 Refillable Mesh Coil Disposable Vape - VapeMaison","og_description":"Experience the Bang Blaze 40k Puffs, a refillable disposable vape with a 0.6\u03a9 mesh coil,and 12 flavor options. Long-lasting, powerful, and customizable.","og_url":"https:\/\/vapemaison.com\/it\/prodotto\/bang-blaze-40k-soffi-2-5-nicotina\/","og_site_name":"VapeMaison","article_modified_time":"2025-12-22T09:51:28+00:00","og_image":[{"width":654,"height":690,"url":"https:\/\/vapemaison.com\/wp-content\/uploads\/2025\/12\/vape-bang-blaze-40k-oil-40000-puffs-mixed-fruit-654x690.jpg.webp","type":"image\/webp"}],"twitter_card":"summary_large_image","twitter_misc":{"Tempo di lettura stimato":"2 minuti"},"schema":{"@context":"https:\/\/schema.org","@graph":[{"@type":"WebPage","@id":"https:\/\/vapemaison.com\/product\/bang-blaze-40k-puffs-2-5-nicotine\/","url":"https:\/\/vapemaison.com\/product\/bang-blaze-40k-puffs-2-5-nicotine\/","name":"Bang Blaze 40k Puffs - Vape usa e getta con bobina a rete ricaricabile - VapeMaison","isPartOf":{"@id":"https:\/\/vapemaison.com\/#website"},"primaryImageOfPage":{"@id":"https:\/\/vapemaison.com\/product\/bang-blaze-40k-puffs-2-5-nicotine\/#primaryimage"},"image":{"@id":"https:\/\/vapemaison.com\/product\/bang-blaze-40k-puffs-2-5-nicotine\/#primaryimage"},"thumbnailUrl":"https:\/\/vapemaison.com\/wp-content\/uploads\/2025\/12\/vape-bang-blaze-40k-oil-40000-puffs-mixed-fruit-654x690.jpg.webp","datePublished":"2025-12-09T07:31:45+00:00","dateModified":"2025-12-22T09:51:28+00:00","description":"Provate Bang Blaze 40k Puffs, una sigaretta ricaricabile monouso con una bobina da 0,6\u03a9 e 12 opzioni di aroma. Di lunga durata, potente e personalizzabile.","breadcrumb":{"@id":"https:\/\/vapemaison.com\/product\/bang-blaze-40k-puffs-2-5-nicotine\/#breadcrumb"},"inLanguage":"it-IT","potentialAction":[{"@type":"ReadAction","target":["https:\/\/vapemaison.com\/product\/bang-blaze-40k-puffs-2-5-nicotine\/"]}]},{"@type":"ImageObject","inLanguage":"it-IT","@id":"https:\/\/vapemaison.com\/product\/bang-blaze-40k-puffs-2-5-nicotine\/#primaryimage","url":"https:\/\/vapemaison.com\/wp-content\/uploads\/2025\/12\/vape-bang-blaze-40k-oil-40000-puffs-mixed-fruit-654x690.jpg.webp","contentUrl":"https:\/\/vapemaison.com\/wp-content\/uploads\/2025\/12\/vape-bang-blaze-40k-oil-40000-puffs-mixed-fruit-654x690.jpg.webp","width":654,"height":690,"caption":"Vape Bang Blaze 40k Oil Puffs Mixed Fruit 654x690.jpg"},{"@type":"BreadcrumbList","@id":"https:\/\/vapemaison.com\/product\/bang-blaze-40k-puffs-2-5-nicotine\/#breadcrumb","itemListElement":[{"@type":"ListItem","position":1,"name":"\u9996\u9875","item":"https:\/\/vapemaison.com\/"},{"@type":"ListItem","position":2,"name":"Shop","item":"https:\/\/vapemaison.com\/shop\/"},{"@type":"ListItem","position":3,"name":"Bang","item":"https:\/\/vapemaison.com\/brand\/bang\/"},{"@type":"ListItem","position":4,"name":"Bang Blaze 40k Puffs 2% 5% Nicotine"}]},{"@type":"WebSite","@id":"https:\/\/vapemaison.com\/#website","url":"https:\/\/vapemaison.com\/","name":"VapeMaison","description":"Dispositivi e accessori per il vaping di alta qualit\u00e0","publisher":{"@id":"https:\/\/vapemaison.com\/#organization"},"potentialAction":[{"@type":"SearchAction","target":{"@type":"EntryPoint","urlTemplate":"https:\/\/vapemaison.com\/?s={search_term_string}"},"query-input":{"@type":"PropertyValueSpecification","valueRequired":true,"valueName":"search_term_string"}}],"inLanguage":"it-IT"},{"@type":"Organization","@id":"https:\/\/vapemaison.com\/#organization","name":"VapeMaison","url":"https:\/\/vapemaison.com\/","logo":{"@type":"ImageObject","inLanguage":"it-IT","@id":"https:\/\/vapemaison.com\/#\/schema\/logo\/image\/","url":"https:\/\/vapemaison.com\/wp-content\/uploads\/2026\/01\/cropped-vapemaison-logo-g-2026.webp","contentUrl":"https:\/\/vapemaison.com\/wp-content\/uploads\/2026\/01\/cropped-vapemaison-logo-g-2026.webp","width":350,"height":280,"caption":"VapeMaison"},"image":{"@id":"https:\/\/vapemaison.com\/#\/schema\/logo\/image\/"},"sameAs":["https:\/\/www.youtube.com\/@VapeMaison"]}]}},"tiered_pricing_type":"fixed","tiered_pricing_fixed_rules":{"30":"10.63","50":"9.72","100":"8.99","200":"7.99"},"tiered_pricing_product_settings":{"layout":"default","base_unit_name":{"singular":null,"plural":null},"default_variation":null},"tiered_pricing_minimum_quantity":10,"tiered_pricing_roles_data":[],"tiered_pricing_percentage_rules":[],"tiered_pricing_maximum_quantity":null,"tiered_pricing_quantity_step":"10","_links":{"self":[{"href":"https:\/\/vapemaison.com\/it\/wp-json\/wp\/v2\/product\/16442","targetHints":{"allow":["GET"]}}],"collection":[{"href":"https:\/\/vapemaison.com\/it\/wp-json\/wp\/v2\/product"}],"about":[{"href":"https:\/\/vapemaison.com\/it\/wp-json\/wp\/v2\/types\/product"}],"replies":[{"embeddable":true,"href":"https:\/\/vapemaison.com\/it\/wp-json\/wp\/v2\/comments?post=16442"}],"version-history":[{"count":0,"href":"https:\/\/vapemaison.com\/it\/wp-json\/wp\/v2\/product\/16442\/revisions"}],"wp:featuredmedia":[{"embeddable":true,"href":"https:\/\/vapemaison.com\/it\/wp-json\/wp\/v2\/media\/16445"}],"wp:attachment":[{"href":"https:\/\/vapemaison.com\/it\/wp-json\/wp\/v2\/media?parent=16442"}],"wp:term":[{"taxonomy":"product_brand","embeddable":true,"href":"https:\/\/vapemaison.com\/it\/wp-json\/wp\/v2\/product_brand?post=16442"},{"taxonomy":"product_cat","embeddable":true,"href":"https:\/\/vapemaison.com\/it\/wp-json\/wp\/v2\/product_cat?post=16442"},{"taxonomy":"product_tag","embeddable":true,"href":"https:\/\/vapemaison.com\/it\/wp-json\/wp\/v2\/product_tag?post=16442"}],"curies":[{"name":"wp","href":"https:\/\/api.w.org\/{rel}","templated":true}]}}