

{"id":16521,"date":"2025-12-10T03:34:35","date_gmt":"2025-12-10T03:34:35","guid":{"rendered":"https:\/\/vapemaison.com\/?post_type=product&#038;p=16521"},"modified":"2025-12-22T09:48:22","modified_gmt":"2025-12-22T09:48:22","slug":"bang-de-8500-puffs-monouso-vape","status":"publish","type":"product","link":"https:\/\/vapemaison.com\/it\/product\/bang-de-8500-puffs-disposable-vape\/","title":{"rendered":"Bang DE 8500 Puffs Vape usa e getta"},"content":{"rendered":"<p>Il <strong>Bang DE 8500 Puffs Vape usa e getta<\/strong> offre un'esperienza di vaping di qualit\u00e0 e di lunga durata. Perfetto sia per gli utenti occasionali che per i vapers pi\u00f9 esperti, questo elegante dispositivo \u00e8 dotato di una potente batteria ricaricabile da 550 mAh per prestazioni costanti. Con 18 ml di e-juice pre-riempito e fino a 8500 boccate, garantisce una soddisfazione prolungata. Disponibile in una variet\u00e0 di deliziosi gusti e intensit\u00e0 di nicotina (0%, 2%, 3%, 5%), la Bang DE vape combina convenienza, stile e prestazioni, rendendola la scelta ideale per le vostre esigenze di vaping.<\/p>\n\n\n\n<h3 class=\"wp-block-heading\"><strong>Caratteristiche principali:<\/strong><\/h3>\n\n\n\n<ul class=\"wp-block-list\">\n<li><strong>Batteria ricaricabile integrata da 550 mAh:<\/strong> Potenza affidabile ed efficiente per prestazioni costanti.<\/li>\n\n\n\n<li><strong>18 ml di succo elettronico pre-riempito:<\/strong> Godetevi una grande capacit\u00e0 di e-liquid aromatizzato, disponibile in una gamma di intensit\u00e0 di nicotina (0%, 2%, 3%, 5%) per soddisfare le vostre preferenze.<\/li>\n\n\n\n<li><strong>Fino a 8500 boccate:<\/strong> Sperimentate sessioni di svapo prolungate con un massimo di 8500 boccate per dispositivo, garantendo un'esperienza di lunga durata.<\/li>\n\n\n\n<li><strong>Design elegante e moderno:<\/strong> Ideale per gli ambienti di vendita al dettaglio, Bang DE 8500 offre stile e convenienza in una sigaretta monouso.<\/li>\n\n\n\n<li><strong>Ricaricabile:<\/strong> La ricarica del dispositivo di svapo offre un valore ancora maggiore, prolungandone la durata per un uso ripetuto.<\/li>\n<\/ul>\n\n\n\n<h3 class=\"wp-block-heading\"><strong>Gusti disponibili:<\/strong><\/h3>\n\n\n\n<ol class=\"wp-block-list\">\n<li>Anguria alla fragola<\/li>\n\n\n\n<li>Ghiaccio all'anguria<\/li>\n\n\n\n<li>Fragola e banana<\/li>\n\n\n\n<li>Gelato alla fragola<\/li>\n\n\n\n<li>Ghiaccio alla menta<\/li>\n\n\n\n<li>Bacche miste<\/li>\n\n\n\n<li>Mela acida<\/li>\n\n\n\n<li>Mango e pesca<\/li>\n\n\n\n<li>Ghiaccio all'uva Sakura<\/li>\n\n\n\n<li>Ghiaccio al mirtillo<\/li>\n\n\n\n<li>Ghiaccio alla cola<\/li>\n\n\n\n<li>Fragola Kiwi<\/li>\n<\/ol>\n\n\n\n<p>Migliorate la vostra esperienza di vaping con il <strong>Bang DE Vape usa e getta<\/strong>. Ideale sia per i neofiti che per i vapers pi\u00f9 esperti, questo dispositivo assicura un aroma omogeneo e costante per tutta la sua durata.<\/p>\n\n\n\n<p>Unisciti a migliaia di vapers soddisfatti che amano i dispositivi Bang! Esplora il nostro <a href=\"https:\/\/vapemaison.com\">homepage<\/a> per i nuovi arrivi, controllate il sito <a href=\"https:\/\/vapemaison.com\/shop\">negozio<\/a> per l'intera gamma, o per saperne di pi\u00f9 sulla <a href=\"https:\/\/vapemaison.com\/brand\/bang\">Marchio Bang<\/a> di cui tutti parlano. Per la variet\u00e0, scoprite <a href=\"https:\/\/vapemaison.com\/brand\/humo-azul\/\">Collezione del marchio Humo Vape<\/a> o sfogliare tutti i prodotti <a href=\"https:\/\/vapemaison.com\/product-category\/puffs-count\/\">Vapori a soffio<\/a> in un unico luogo.<\/p>","protected":false},"excerpt":{"rendered":"<p><span class=\"\">Godetevi l'8,<\/span><span class=\"\">500 boccate di prestazioni costanti con il <\/span><b class=\"\" data-path-to-node=\"0\" data-index-in-node=\"53\">Bang DE 8500<\/b>, con un serbatoio pre-riempito da 18 ml e un'affidabile batteria ricaricabile da 550 mAh. Il suo design elegante e moderno e la variet\u00e0 di intensit\u00e0 di nicotina la rendono il perfetto equilibrio tra stile e comodit\u00e0 di lunga durata. Ordinate oggi stesso per assicurarvi il vostro aroma preferito e approfittare della nostra offerta di spedizione rapida.<\/p>","protected":false},"featured_media":16523,"comment_status":"open","ping_status":"closed","template":"","meta":[],"product_brand":[57],"product_cat":[176,16],"product_tag":[],"class_list":{"0":"post-16521","1":"product","2":"type-product","3":"status-publish","4":"has-post-thumbnail","6":"product_brand-bang","7":"product_cat-8k-puffs","8":"product_cat-uncategorized","10":"first","11":"instock","12":"sale","13":"shipping-taxable","14":"purchasable","15":"product-type-variable"},"yoast_head":"<!-- This site is optimized with the Yoast SEO plugin v27.4 - https:\/\/yoast.com\/product\/yoast-seo-wordpress\/ -->\n<title>Bang DE 8500 Puffs Disposable Vape - VapeMaison<\/title>\n<meta name=\"description\" content=\"Enjoy the Bang DE 8500 Puffs Disposable Vape with a rechargeable 550mAh battery, 18ml e-juice. Available in various flavors for lasting satisfaction.\" \/>\n<meta name=\"robots\" content=\"index, follow, max-snippet:-1, max-image-preview:large, max-video-preview:-1\" \/>\n<link rel=\"canonical\" href=\"https:\/\/vapemaison.com\/it\/prodotto\/bang-de-8500-puffs-monouso-vape\/\" \/>\n<meta property=\"og:locale\" content=\"it_IT\" \/>\n<meta property=\"og:type\" content=\"article\" \/>\n<meta property=\"og:title\" content=\"Bang DE 8500 Puffs Disposable Vape - VapeMaison\" \/>\n<meta property=\"og:description\" content=\"Enjoy the Bang DE 8500 Puffs Disposable Vape with a rechargeable 550mAh battery, 18ml e-juice. Available in various flavors for lasting satisfaction.\" \/>\n<meta property=\"og:url\" content=\"https:\/\/vapemaison.com\/it\/prodotto\/bang-de-8500-puffs-monouso-vape\/\" \/>\n<meta property=\"og:site_name\" content=\"VapeMaison\" \/>\n<meta property=\"article:modified_time\" content=\"2025-12-22T09:48:22+00:00\" \/>\n<meta property=\"og:image\" content=\"https:\/\/vapemaison.com\/wp-content\/uploads\/2025\/12\/vapemaison-bang-de8500-puffs-flavor-display.webp\" \/>\n\t<meta property=\"og:image:width\" content=\"1000\" \/>\n\t<meta property=\"og:image:height\" content=\"1000\" \/>\n\t<meta property=\"og:image:type\" content=\"image\/webp\" \/>\n<meta name=\"twitter:card\" content=\"summary_large_image\" \/>\n<meta name=\"twitter:label1\" content=\"Tempo di lettura stimato\" \/>\n\t<meta name=\"twitter:data1\" content=\"2 minuti\" \/>\n<!-- \/ Yoast SEO plugin. -->","yoast_head_json":{"title":"Bang DE 8500 Puffs Vape usa e getta - VapeMaison","description":"Godetevi il Bang DE 8500 Puffs Disposable Vape con una batteria ricaricabile da 550mAh, 18ml di e-juice. Disponibile in vari gusti per una soddisfazione duratura.","robots":{"index":"index","follow":"follow","max-snippet":"max-snippet:-1","max-image-preview":"max-image-preview:large","max-video-preview":"max-video-preview:-1"},"canonical":"https:\/\/vapemaison.com\/it\/prodotto\/bang-de-8500-puffs-monouso-vape\/","og_locale":"it_IT","og_type":"article","og_title":"Bang DE 8500 Puffs Disposable Vape - VapeMaison","og_description":"Enjoy the Bang DE 8500 Puffs Disposable Vape with a rechargeable 550mAh battery, 18ml e-juice. Available in various flavors for lasting satisfaction.","og_url":"https:\/\/vapemaison.com\/it\/prodotto\/bang-de-8500-puffs-monouso-vape\/","og_site_name":"VapeMaison","article_modified_time":"2025-12-22T09:48:22+00:00","og_image":[{"width":1000,"height":1000,"url":"https:\/\/vapemaison.com\/wp-content\/uploads\/2025\/12\/vapemaison-bang-de8500-puffs-flavor-display.webp","type":"image\/webp"}],"twitter_card":"summary_large_image","twitter_misc":{"Tempo di lettura stimato":"2 minuti"},"schema":{"@context":"https:\/\/schema.org","@graph":[{"@type":"WebPage","@id":"https:\/\/vapemaison.com\/product\/bang-de-8500-puffs-disposable-vape\/","url":"https:\/\/vapemaison.com\/product\/bang-de-8500-puffs-disposable-vape\/","name":"Bang DE 8500 Puffs Vape usa e getta - VapeMaison","isPartOf":{"@id":"https:\/\/vapemaison.com\/#website"},"primaryImageOfPage":{"@id":"https:\/\/vapemaison.com\/product\/bang-de-8500-puffs-disposable-vape\/#primaryimage"},"image":{"@id":"https:\/\/vapemaison.com\/product\/bang-de-8500-puffs-disposable-vape\/#primaryimage"},"thumbnailUrl":"https:\/\/vapemaison.com\/wp-content\/uploads\/2025\/12\/vapemaison-bang-de8500-puffs-flavor-display.webp","datePublished":"2025-12-10T03:34:35+00:00","dateModified":"2025-12-22T09:48:22+00:00","description":"Godetevi il Bang DE 8500 Puffs Disposable Vape con una batteria ricaricabile da 550mAh, 18ml di e-juice. Disponibile in vari gusti per una soddisfazione duratura.","breadcrumb":{"@id":"https:\/\/vapemaison.com\/product\/bang-de-8500-puffs-disposable-vape\/#breadcrumb"},"inLanguage":"it-IT","potentialAction":[{"@type":"ReadAction","target":["https:\/\/vapemaison.com\/product\/bang-de-8500-puffs-disposable-vape\/"]}]},{"@type":"ImageObject","inLanguage":"it-IT","@id":"https:\/\/vapemaison.com\/product\/bang-de-8500-puffs-disposable-vape\/#primaryimage","url":"https:\/\/vapemaison.com\/wp-content\/uploads\/2025\/12\/vapemaison-bang-de8500-puffs-flavor-display.webp","contentUrl":"https:\/\/vapemaison.com\/wp-content\/uploads\/2025\/12\/vapemaison-bang-de8500-puffs-flavor-display.webp","width":1000,"height":1000,"caption":"Vapemaison Bang De Puffs Flavor Display"},{"@type":"BreadcrumbList","@id":"https:\/\/vapemaison.com\/product\/bang-de-8500-puffs-disposable-vape\/#breadcrumb","itemListElement":[{"@type":"ListItem","position":1,"name":"\u9996\u9875","item":"https:\/\/vapemaison.com\/"},{"@type":"ListItem","position":2,"name":"Shop","item":"https:\/\/vapemaison.com\/shop\/"},{"@type":"ListItem","position":3,"name":"Bang","item":"https:\/\/vapemaison.com\/brand\/bang\/"},{"@type":"ListItem","position":4,"name":"Bang DE 8500 Puffs Disposable Vape"}]},{"@type":"WebSite","@id":"https:\/\/vapemaison.com\/#website","url":"https:\/\/vapemaison.com\/","name":"VapeMaison","description":"Dispositivi e accessori per il vaping di alta qualit\u00e0","publisher":{"@id":"https:\/\/vapemaison.com\/#organization"},"potentialAction":[{"@type":"SearchAction","target":{"@type":"EntryPoint","urlTemplate":"https:\/\/vapemaison.com\/?s={search_term_string}"},"query-input":{"@type":"PropertyValueSpecification","valueRequired":true,"valueName":"search_term_string"}}],"inLanguage":"it-IT"},{"@type":"Organization","@id":"https:\/\/vapemaison.com\/#organization","name":"VapeMaison","url":"https:\/\/vapemaison.com\/","logo":{"@type":"ImageObject","inLanguage":"it-IT","@id":"https:\/\/vapemaison.com\/#\/schema\/logo\/image\/","url":"https:\/\/vapemaison.com\/wp-content\/uploads\/2026\/01\/cropped-vapemaison-logo-g-2026.webp","contentUrl":"https:\/\/vapemaison.com\/wp-content\/uploads\/2026\/01\/cropped-vapemaison-logo-g-2026.webp","width":350,"height":280,"caption":"VapeMaison"},"image":{"@id":"https:\/\/vapemaison.com\/#\/schema\/logo\/image\/"},"sameAs":["https:\/\/www.youtube.com\/@VapeMaison"]}]}},"tiered_pricing_type":"fixed","tiered_pricing_fixed_rules":{"30":"7.99","50":"6.99","100":"6.63","200":"5.99"},"tiered_pricing_product_settings":{"layout":"default","base_unit_name":{"singular":null,"plural":null},"default_variation":null},"tiered_pricing_minimum_quantity":10,"tiered_pricing_roles_data":[],"tiered_pricing_percentage_rules":[],"tiered_pricing_maximum_quantity":null,"tiered_pricing_quantity_step":"10","_links":{"self":[{"href":"https:\/\/vapemaison.com\/it\/wp-json\/wp\/v2\/product\/16521","targetHints":{"allow":["GET"]}}],"collection":[{"href":"https:\/\/vapemaison.com\/it\/wp-json\/wp\/v2\/product"}],"about":[{"href":"https:\/\/vapemaison.com\/it\/wp-json\/wp\/v2\/types\/product"}],"replies":[{"embeddable":true,"href":"https:\/\/vapemaison.com\/it\/wp-json\/wp\/v2\/comments?post=16521"}],"version-history":[{"count":0,"href":"https:\/\/vapemaison.com\/it\/wp-json\/wp\/v2\/product\/16521\/revisions"}],"wp:featuredmedia":[{"embeddable":true,"href":"https:\/\/vapemaison.com\/it\/wp-json\/wp\/v2\/media\/16523"}],"wp:attachment":[{"href":"https:\/\/vapemaison.com\/it\/wp-json\/wp\/v2\/media?parent=16521"}],"wp:term":[{"taxonomy":"product_brand","embeddable":true,"href":"https:\/\/vapemaison.com\/it\/wp-json\/wp\/v2\/product_brand?post=16521"},{"taxonomy":"product_cat","embeddable":true,"href":"https:\/\/vapemaison.com\/it\/wp-json\/wp\/v2\/product_cat?post=16521"},{"taxonomy":"product_tag","embeddable":true,"href":"https:\/\/vapemaison.com\/it\/wp-json\/wp\/v2\/product_tag?post=16521"}],"curies":[{"name":"wp","href":"https:\/\/api.w.org\/{rel}","templated":true}]}}