

{"id":16839,"date":"2025-12-10T10:14:49","date_gmt":"2025-12-10T10:14:49","guid":{"rendered":"https:\/\/vapemaison.com\/?post_type=product&#038;p=16839"},"modified":"2025-12-22T09:29:09","modified_gmt":"2025-12-22T09:29:09","slug":"bang-king-triple-45000-soffi-vape","status":"publish","type":"product","link":"https:\/\/vapemaison.com\/it\/product\/bang-king-triple-45000-puffs-vape\/","title":{"rendered":"Bang King Triple 45000 boccate Vape ricaricabile usa e getta"},"content":{"rendered":"<h3 class=\"wp-block-heading\"><strong>Bang King Triple 45000 Puff usa e getta - Versatilit\u00e0 ridefinita<\/strong><\/h3>\n\n\n\n<p>Il <strong>Bang King Triplo 45000 Bign\u00e8<\/strong> \u00e8 una rivoluzionaria svapata monouso che porta la versatilit\u00e0 degli aromi a un livello superiore. Caratterizzato da un innovativo <strong>Sistema di commutazione del gusto 3 in 1<\/strong>, Questo dispositivo consente di passare senza problemi da un aroma all'altro per un'esperienza di svapo dinamica. Con la capacit\u00e0 di erogare fino a <strong>45.000 soffi<\/strong>, Il Bang King Triple 45000 assicura una soddisfazione duratura a chi desidera variet\u00e0 e prestazioni in ogni sessione.<\/p>\n\n\n\n<p>Alimentato da un <strong>Batteria ricaricabile da 650 mAh<\/strong>, Questa svapata offre prestazioni affidabili e costanti, con il vantaggio aggiuntivo di <strong>Ricarica rapida di tipo C<\/strong> per ricariche rapide e convenienti. Il <strong>bobine a tripla maglia da 1,0\u03a9<\/strong> forniscono un vapore omogeneo e una ricca produzione di aromi per tutta la durata del dispositivo, rendendo piacevole ogni boccata.<\/p>\n\n\n\n<p>Con un totale di <strong>Capacit\u00e0 di 45 ml di e-liquido<\/strong> (3 x 15 ml), Bang King Triple 45000 garantisce un uso prolungato senza la necessit\u00e0 di frequenti ricariche. Disponibile in <strong>Potenze di nicotina 2%, 3% e 5%<\/strong>, Questo dispositivo \u00e8 personalizzabile per soddisfare un'ampia gamma di preferenze. Scegliete tra <strong>10 combinazioni di sapori audaci ed entusiasmanti<\/strong>, e godetevi un'esperienza di svapo senza precedenti.<\/p>\n\n\n\n<p>Il <strong>Bang King Triplo 45000<\/strong> \u00e8 la scelta ideale per i vapers che cercano prestazioni, convenienza e caratteristiche innovative in un design elegante e raffinato.<\/p>\n\n\n\n<h3 class=\"wp-block-heading\"><strong>Caratteristiche principali:<\/strong><\/h3>\n\n\n\n<figure class=\"wp-block-table\"><table class=\"has-fixed-layout\"><thead><tr><th><strong>Caratteristica<\/strong><\/th><th><strong>Specifiche<\/strong><\/th><\/tr><\/thead><tbody><tr><td><strong>Capacit\u00e0 di soffio<\/strong><\/td><td>Fino a 45.000 boccate<\/td><\/tr><tr><td><strong>Forza della nicotina<\/strong><\/td><td>2%, 3%, 5%<\/td><\/tr><tr><td><strong>Capacit\u00e0 del liquido elettronico<\/strong><\/td><td>3 x 15mL (totale 45mL)<\/td><\/tr><tr><td><strong>Batteria<\/strong><\/td><td>650mAh Ricaricabile<\/td><\/tr><tr><td><strong>Resistenza della bobina<\/strong><\/td><td>Bobine a tripla maglia da 1,0\u03a9<\/td><\/tr><tr><td><strong>Porta di ricarica<\/strong><\/td><td>Ricarica rapida di tipo C<\/td><\/tr><tr><td><strong>Cambio di sapore<\/strong><\/td><td>Meccanismo rotante del mozzicone di sigaretta<\/td><\/tr><tr><td><strong>Opzioni di gusto<\/strong><\/td><td>10 miscele uniche<\/td><\/tr><tr><td><strong>Imballaggio<\/strong><\/td><td>10 pezzi per scatola espositiva<\/td><\/tr><\/tbody><\/table><\/figure>\n\n\n\n<h3 class=\"wp-block-heading\"><strong>Elenco dei sapori:<\/strong><\/h3>\n\n\n\n<ol class=\"wp-block-list\">\n<li>Anguria + Red Bull + Kiwi alla fragola<\/li>\n\n\n\n<li>Limone e lime + Anguria e fragola + Ghiaccio al mirtillo<\/li>\n\n\n\n<li>Banana alla fragola + Anguria al lampone + Limone al lime<\/li>\n\n\n\n<li>Fragola Kiwi + ananas mango acido + Red Bull<\/li>\n\n\n\n<li>Frutta tropicale + Anguria fragola + Pesca limone<\/li>\n\n\n\n<li>Ananas cocco + Fragola banana + Blue Razz<\/li>\n\n\n\n<li>Fragola lampone + triplo melone + ananas mango acido<\/li>\n\n\n\n<li>Anguria al lampone + Pesca al mango + Kiwi alla fragola<\/li>\n\n\n\n<li>Coca-Cola alla fragola e vaniglia + Mirtillo e lampone + Limone e lime<\/li>\n\n\n\n<li>Anguria + gelato alla fragola + triplo melone<\/li>\n<\/ol>\n\n\n\n<h3 class=\"wp-block-heading\"><strong>Perch\u00e9 scegliere Bang King Triple 45000 Puffs?<\/strong><\/h3>\n\n\n\n<ul class=\"wp-block-list\">\n<li><strong>Cambio di sapore innovativo:<\/strong> Passate facilmente da un sapore all'altro con il <strong>meccanismo rotante per mozziconi di sigaretta<\/strong>, per offrire un'esperienza di vaping fresca e dinamica.<\/li>\n\n\n\n<li><strong>Prestazioni di lunga durata:<\/strong> Con un massimo di <strong>45.000 soffi<\/strong>, Questo dispositivo garantisce una sessione di svapo prolungata e soddisfacente, senza bisogno di continue ricariche.<\/li>\n\n\n\n<li><strong>E-liquido ad alta capacit\u00e0:<\/strong> Il <strong>45mL<\/strong> La capacit\u00e0 dell'e-liquid (3 x 15 ml) riduce la necessit\u00e0 di sostituzioni frequenti, consentendo un divertimento ininterrotto.<\/li>\n\n\n\n<li><strong>Produzione di vapore premium:<\/strong> Alimentato da <strong>bobine a tripla maglia da 1,0\u03a9<\/strong>, Il Bang King offre un vapore omogeneo e un aroma ricco e costante per tutta la durata del dispositivo.<\/li>\n\n\n\n<li><strong>Ricarica rapida:<\/strong> <strong>Ricarica rapida di tipo C<\/strong> consente ricariche rapide, assicurando tempi di inattivit\u00e0 minimi e un'esperienza di vaping continua.<\/li>\n\n\n\n<li><strong>Potenze di nicotina versatili:<\/strong> Disponibile in <strong>2%, 3% e 5% di nicotina<\/strong>, Il dispositivo \u00e8 in grado di soddisfare un'ampia variet\u00e0 di preferenze, dall'assenza di nicotina a una dose pi\u00f9 forte.<\/li>\n<\/ul>\n\n\n\n<p>Cercate altre opzioni di vaping di qualit\u00e0? Visitate il nostro <a href=\"https:\/\/vapemaison.com\">homepage<\/a> per vedere le ultime uscite, sfogliare l'intera collezione nel nostro sito <a href=\"https:\/\/vapemaison.com\/shop\">negozio<\/a>, o di esplorare altri dispositivi dal menu <a href=\"https:\/\/vapemaison.com\/brand\/bang\">Marchio Bang<\/a>. Potreste anche apprezzare i prodotti monouso ad alta capacit\u00e0 di <a href=\"https:\/\/vapemaison.com\/brand\/jnr\/\">JNR<\/a> o controllare tutti i nostri <a href=\"https:\/\/vapemaison.com\/product-category\/puffs-count\/\">Dispositivi a soffio<\/a> per una soddisfazione duratura.<\/p>","protected":false},"excerpt":{"rendered":"<div id=\"model-response-message-contentr_fa2a963b657e083b\" class=\"markdown markdown-main-panel stronger enable-updated-hr-color\" dir=\"ltr\" aria-live=\"polite\" aria-busy=\"false\">\n<p data-path-to-node=\"0\">Rivoluziona la tua routine di svapo con 45.000 puff e un meccanismo rotante unico che ti permette di passare da un aroma all'altro in un unico dispositivo. Dotato di triple bobine a maglia da 1,0\u03a9 e di un'enorme capacit\u00e0 di 45 ml di e-liquid, questo dispositivo 3-in-1 offre una variet\u00e0 e prestazioni senza precedenti. Ordinate oggi stesso la vostra confezione da 10 pezzi per assicurarvi il nostro attuale risparmio e la spedizione rapida.<\/p>\n<\/div>","protected":false},"featured_media":16841,"comment_status":"open","ping_status":"closed","template":"","meta":[],"product_brand":[57],"product_cat":[156],"product_tag":[],"class_list":{"0":"post-16839","1":"product","2":"type-product","3":"status-publish","4":"has-post-thumbnail","6":"product_brand-bang","7":"product_cat-45k-puffs","9":"first","10":"instock","11":"sale","12":"shipping-taxable","13":"purchasable","14":"product-type-variable"},"yoast_head":"<!-- This site is optimized with the Yoast SEO plugin v27.4 - https:\/\/yoast.com\/product\/yoast-seo-wordpress\/ -->\n<title>Bang King Triple 45000 Puffs Rechargeable Disposable Vape - VapeMaison<\/title>\n<meta name=\"description\" content=\"Discover the ultimate vaping adventure with the Bang King Triple 45000. Switch between 3 exciting flavors, enjoy rich vapor, and elevate every puff.\" \/>\n<meta name=\"robots\" content=\"index, follow, max-snippet:-1, max-image-preview:large, max-video-preview:-1\" \/>\n<link rel=\"canonical\" href=\"https:\/\/vapemaison.com\/it\/prodotto\/bang-king-triple-45000-soffi-vape\/\" \/>\n<meta property=\"og:locale\" content=\"it_IT\" \/>\n<meta property=\"og:type\" content=\"article\" \/>\n<meta property=\"og:title\" content=\"Bang King Triple 45000 Puffs Rechargeable Disposable Vape - VapeMaison\" \/>\n<meta property=\"og:description\" content=\"Discover the ultimate vaping adventure with the Bang King Triple 45000. Switch between 3 exciting flavors, enjoy rich vapor, and elevate every puff.\" \/>\n<meta property=\"og:url\" content=\"https:\/\/vapemaison.com\/it\/prodotto\/bang-king-triple-45000-soffi-vape\/\" \/>\n<meta property=\"og:site_name\" content=\"VapeMaison\" \/>\n<meta property=\"article:modified_time\" content=\"2025-12-22T09:29:09+00:00\" \/>\n<meta property=\"og:image\" content=\"https:\/\/vapemaison.com\/wp-content\/uploads\/2025\/12\/vape-bang-king-triple-45000-45k-puffs-main-image.jpg.webp\" \/>\n\t<meta property=\"og:image:width\" content=\"1000\" \/>\n\t<meta property=\"og:image:height\" content=\"1000\" \/>\n\t<meta property=\"og:image:type\" content=\"image\/webp\" \/>\n<meta name=\"twitter:card\" content=\"summary_large_image\" \/>\n<meta name=\"twitter:label1\" content=\"Tempo di lettura stimato\" \/>\n\t<meta name=\"twitter:data1\" content=\"3 minuti\" \/>\n<!-- \/ Yoast SEO plugin. -->","yoast_head_json":{"title":"Bang King Triplo 45000 Getti Vape ricaricabile usa e getta - VapeMaison","description":"Scoprite l'ultima avventura del vaping con Bang King Triple 45000. Passate da un aroma all'altro, godete di un vapore ricco ed elevate ogni boccata.","robots":{"index":"index","follow":"follow","max-snippet":"max-snippet:-1","max-image-preview":"max-image-preview:large","max-video-preview":"max-video-preview:-1"},"canonical":"https:\/\/vapemaison.com\/it\/prodotto\/bang-king-triple-45000-soffi-vape\/","og_locale":"it_IT","og_type":"article","og_title":"Bang King Triple 45000 Puffs Rechargeable Disposable Vape - VapeMaison","og_description":"Discover the ultimate vaping adventure with the Bang King Triple 45000. Switch between 3 exciting flavors, enjoy rich vapor, and elevate every puff.","og_url":"https:\/\/vapemaison.com\/it\/prodotto\/bang-king-triple-45000-soffi-vape\/","og_site_name":"VapeMaison","article_modified_time":"2025-12-22T09:29:09+00:00","og_image":[{"width":1000,"height":1000,"url":"https:\/\/vapemaison.com\/wp-content\/uploads\/2025\/12\/vape-bang-king-triple-45000-45k-puffs-main-image.jpg.webp","type":"image\/webp"}],"twitter_card":"summary_large_image","twitter_misc":{"Tempo di lettura stimato":"3 minuti"},"schema":{"@context":"https:\/\/schema.org","@graph":[{"@type":"WebPage","@id":"https:\/\/vapemaison.com\/product\/bang-king-triple-45000-puffs-vape\/","url":"https:\/\/vapemaison.com\/product\/bang-king-triple-45000-puffs-vape\/","name":"Bang King Triplo 45000 Getti Vape ricaricabile usa e getta - VapeMaison","isPartOf":{"@id":"https:\/\/vapemaison.com\/#website"},"primaryImageOfPage":{"@id":"https:\/\/vapemaison.com\/product\/bang-king-triple-45000-puffs-vape\/#primaryimage"},"image":{"@id":"https:\/\/vapemaison.com\/product\/bang-king-triple-45000-puffs-vape\/#primaryimage"},"thumbnailUrl":"https:\/\/vapemaison.com\/wp-content\/uploads\/2025\/12\/vape-bang-king-triple-45000-45k-puffs-main-image.jpg.webp","datePublished":"2025-12-10T10:14:49+00:00","dateModified":"2025-12-22T09:29:09+00:00","description":"Scoprite l'ultima avventura del vaping con Bang King Triple 45000. Passate da un aroma all'altro, godete di un vapore ricco ed elevate ogni boccata.","breadcrumb":{"@id":"https:\/\/vapemaison.com\/product\/bang-king-triple-45000-puffs-vape\/#breadcrumb"},"inLanguage":"it-IT","potentialAction":[{"@type":"ReadAction","target":["https:\/\/vapemaison.com\/product\/bang-king-triple-45000-puffs-vape\/"]}]},{"@type":"ImageObject","inLanguage":"it-IT","@id":"https:\/\/vapemaison.com\/product\/bang-king-triple-45000-puffs-vape\/#primaryimage","url":"https:\/\/vapemaison.com\/wp-content\/uploads\/2025\/12\/vape-bang-king-triple-45000-45k-puffs-main-image.jpg.webp","contentUrl":"https:\/\/vapemaison.com\/wp-content\/uploads\/2025\/12\/vape-bang-king-triple-45000-45k-puffs-main-image.jpg.webp","width":1000,"height":1000,"caption":"Vape Bang King Triple 45k Puffs Main Image.jpg"},{"@type":"BreadcrumbList","@id":"https:\/\/vapemaison.com\/product\/bang-king-triple-45000-puffs-vape\/#breadcrumb","itemListElement":[{"@type":"ListItem","position":1,"name":"\u9996\u9875","item":"https:\/\/vapemaison.com\/"},{"@type":"ListItem","position":2,"name":"Shop","item":"https:\/\/vapemaison.com\/shop\/"},{"@type":"ListItem","position":3,"name":"Bang","item":"https:\/\/vapemaison.com\/brand\/bang\/"},{"@type":"ListItem","position":4,"name":"Bang King Triple 45000 Puffs Rechargeable Disposable Vape"}]},{"@type":"WebSite","@id":"https:\/\/vapemaison.com\/#website","url":"https:\/\/vapemaison.com\/","name":"VapeMaison","description":"Dispositivi e accessori per il vaping di alta qualit\u00e0","publisher":{"@id":"https:\/\/vapemaison.com\/#organization"},"potentialAction":[{"@type":"SearchAction","target":{"@type":"EntryPoint","urlTemplate":"https:\/\/vapemaison.com\/?s={search_term_string}"},"query-input":{"@type":"PropertyValueSpecification","valueRequired":true,"valueName":"search_term_string"}}],"inLanguage":"it-IT"},{"@type":"Organization","@id":"https:\/\/vapemaison.com\/#organization","name":"VapeMaison","url":"https:\/\/vapemaison.com\/","logo":{"@type":"ImageObject","inLanguage":"it-IT","@id":"https:\/\/vapemaison.com\/#\/schema\/logo\/image\/","url":"https:\/\/vapemaison.com\/wp-content\/uploads\/2026\/01\/cropped-vapemaison-logo-g-2026.webp","contentUrl":"https:\/\/vapemaison.com\/wp-content\/uploads\/2026\/01\/cropped-vapemaison-logo-g-2026.webp","width":350,"height":280,"caption":"VapeMaison"},"image":{"@id":"https:\/\/vapemaison.com\/#\/schema\/logo\/image\/"},"sameAs":["https:\/\/www.youtube.com\/@VapeMaison"]}]}},"tiered_pricing_type":"fixed","tiered_pricing_fixed_rules":{"30":"10.56","50":"9.74","100":"8.52","200":"7.99"},"tiered_pricing_product_settings":{"layout":"default","base_unit_name":{"singular":null,"plural":null},"default_variation":null},"tiered_pricing_minimum_quantity":10,"tiered_pricing_roles_data":[],"tiered_pricing_percentage_rules":[],"tiered_pricing_maximum_quantity":null,"tiered_pricing_quantity_step":"10","_links":{"self":[{"href":"https:\/\/vapemaison.com\/it\/wp-json\/wp\/v2\/product\/16839","targetHints":{"allow":["GET"]}}],"collection":[{"href":"https:\/\/vapemaison.com\/it\/wp-json\/wp\/v2\/product"}],"about":[{"href":"https:\/\/vapemaison.com\/it\/wp-json\/wp\/v2\/types\/product"}],"replies":[{"embeddable":true,"href":"https:\/\/vapemaison.com\/it\/wp-json\/wp\/v2\/comments?post=16839"}],"version-history":[{"count":0,"href":"https:\/\/vapemaison.com\/it\/wp-json\/wp\/v2\/product\/16839\/revisions"}],"wp:featuredmedia":[{"embeddable":true,"href":"https:\/\/vapemaison.com\/it\/wp-json\/wp\/v2\/media\/16841"}],"wp:attachment":[{"href":"https:\/\/vapemaison.com\/it\/wp-json\/wp\/v2\/media?parent=16839"}],"wp:term":[{"taxonomy":"product_brand","embeddable":true,"href":"https:\/\/vapemaison.com\/it\/wp-json\/wp\/v2\/product_brand?post=16839"},{"taxonomy":"product_cat","embeddable":true,"href":"https:\/\/vapemaison.com\/it\/wp-json\/wp\/v2\/product_cat?post=16839"},{"taxonomy":"product_tag","embeddable":true,"href":"https:\/\/vapemaison.com\/it\/wp-json\/wp\/v2\/product_tag?post=16839"}],"curies":[{"name":"wp","href":"https:\/\/api.w.org\/{rel}","templated":true}]}}