

{"id":16885,"date":"2025-12-11T03:38:14","date_gmt":"2025-12-11T03:38:14","guid":{"rendered":"https:\/\/vapemaison.com\/?post_type=product&#038;p=16885"},"modified":"2025-12-22T09:28:44","modified_gmt":"2025-12-22T09:28:44","slug":"bang-de-60k-puffs-monouso-vape","status":"publish","type":"product","link":"https:\/\/vapemaison.com\/it\/product\/bang-de-60k-puffs-disposable-vape\/","title":{"rendered":"Bang DE 60000 60k Boccate 3 in 1 Gusto Vape usa e getta"},"content":{"rendered":"<h3 class=\"wp-block-heading\"><strong>Bang DE 60000 Puffs - Triplo sapore, triplo divertimento<\/strong><\/h3>\n\n\n\n<p>Il <strong>Bang DE 60000 soffi<\/strong> \u00e8 un potente dispositivo di svapo che ridefinisce il modo di percepire i sapori. Progettato per gli appassionati di aromi che desiderano la variet\u00e0, questo innovativo vape offre una <strong>ben 60.000 soffi<\/strong> con un'avanzata <strong>Sistema di aromi 3 in 1<\/strong>. Sia che si preferisca passare da un sapore all'altro o miscelarli insieme per un'esperienza dinamica, il sistema <strong>Bang DE 60000<\/strong> offre infinite possibilit\u00e0 in ogni soffio.<\/p>\n\n\n\n<p>Cosa lo distingue? Il <strong>Sistema di aromi A &amp; B &amp; AB<\/strong>, che consente di passare facilmente da un gusto A a un gusto B o di godersi il piacere di un'esperienza. <strong>AB<\/strong>-Una fusione omogenea di entrambi i sapori. \u00c8 come avere <strong>tre vapori in uno<\/strong>, che consente di godere di un'esperienza di vaping completamente personalizzabile.<\/p>\n\n\n\n<h3 class=\"wp-block-heading\"><strong>Caratteristiche principali:<\/strong><\/h3>\n\n\n\n<figure class=\"wp-block-table\"><table class=\"has-fixed-layout\"><thead><tr><th><strong>Caratteristica<\/strong><\/th><th><strong>Specifiche<\/strong><\/th><\/tr><\/thead><tbody><tr><td><strong>Capacit\u00e0 di soffio<\/strong><\/td><td>60.000 Bign\u00e8<\/td><\/tr><tr><td><strong>Forza della nicotina<\/strong><\/td><td>2%, 3%, 5%<\/td><\/tr><tr><td><strong>Capacit\u00e0 del liquido elettronico<\/strong><\/td><td>60mL<\/td><\/tr><tr><td><strong>Tipo di bobina<\/strong><\/td><td>Bobina a tripla maglia da 1,0\u03a9<\/td><\/tr><tr><td><strong>Batteria<\/strong><\/td><td>850mAh Ricaricabile<\/td><\/tr><tr><td><strong>Porta di ricarica<\/strong><\/td><td>Ricarica rapida di tipo C<\/td><\/tr><tr><td><strong>Sistema di aromatizzazione<\/strong><\/td><td>3 in 1 (A, B, AB)<\/td><\/tr><tr><td><strong>Display LCD<\/strong><\/td><td>Display in tempo reale del livello della batteria e dell'e-liquid<\/td><\/tr><tr><td><strong>Opzioni di gusto<\/strong><\/td><td>12 combinazioni a triplo gusto<\/td><\/tr><\/tbody><\/table><\/figure>\n\n\n\n<h3 class=\"wp-block-heading\"><strong>Elenco dei sapori:<\/strong><\/h3>\n\n\n\n<ol class=\"wp-block-list\">\n<li>Ghiaccio all'anguria e menta al mirtillo<\/li>\n\n\n\n<li>Ghiaccio all'anguria e ciliegia al mirtillo<\/li>\n\n\n\n<li>Ghiaccio al mirtillo e anguria al mango e alla pesca<\/li>\n\n\n\n<li>Ghiaccio al mirtillo e ghiaccio alla pesca<\/li>\n\n\n\n<li>Mirtillo, lampone e frutti di bosco<\/li>\n\n\n\n<li>Ghiaccio al mirtillo, lampone e uva<\/li>\n\n\n\n<li>Red Bull e fragola alla banana<\/li>\n\n\n\n<li>Red Bull e anguria al mirtillo<\/li>\n\n\n\n<li>Gomma da masticare alla fragola e al mango e all'anguria<\/li>\n\n\n\n<li>Mango alla fragola e Kiwi alla fragola<\/li>\n\n\n\n<li>Anguria alla fragola e ghiaccio al drago nero<\/li>\n\n\n\n<li>Fragola Anguria e Kiwi Frutto della passione Guava<\/li>\n<\/ol>\n\n\n\n<h3 class=\"wp-block-heading\"><strong>Perch\u00e9 scegliere Bang DE 60000 Puffs?<\/strong><\/h3>\n\n\n\n<ul class=\"wp-block-list\">\n<li><strong>Triplicare il sapore:<\/strong> Il <strong>Sistema di aromi 3 in 1<\/strong> consente di passare senza problemi da un'applicazione all'altra <strong>Sapore A<\/strong>, <strong>Sapore B<\/strong>, o una fusione unica, <strong>AB<\/strong>, creando un'esperienza di vaping diversificata e personalizzabile. \u00c8 come avere tre gusti in un unico dispositivo.<\/li>\n\n\n\n<li><strong>Prestazioni di lunga durata:<\/strong> Con un massimo di <strong>60.000 soffi<\/strong>, e potrete godere di un'attivit\u00e0 di vaping prolungata senza dover ricorrere a frequenti sostituzioni o ricariche.<\/li>\n\n\n\n<li><strong>Bobina ad alta capacit\u00e0 e potenza:<\/strong> Caratterizzato da <strong>60 ml di e-liquid<\/strong> e un <strong>Bobina a tripla maglia da 1,0\u03a9<\/strong>, Il Bang DE 60000 assicura un vapore ricco e costante e un aroma omogeneo ogni volta.<\/li>\n\n\n\n<li><strong>Intelligente ed efficiente:<\/strong> Il <strong>Batteria ricaricabile da 850 mAh<\/strong> e <strong>Ricarica rapida di tipo C<\/strong> assicurano che il dispositivo sia pronto per l'uso con tempi di inattivit\u00e0 minimi. Il <strong>Display LCD<\/strong> vi fornisce aggiornamenti in tempo reale sui livelli della batteria e dell'e-liquid, in modo da avere sempre il controllo.<\/li>\n\n\n\n<li><strong>Ampia gamma di sapori:<\/strong> Con <strong>12 combinazioni di triplo gusto<\/strong>, avrete a disposizione un'infinit\u00e0 di opzioni per mantenere le vostre sessioni di svapo fresche ed eccitanti. Che preferiate le miscele fruttate, le mentine rinfrescanti o le combinazioni audaci, c'\u00e8 un sapore per ogni stato d'animo.<\/li>\n\n\n\n<li><strong>Maggiore comodit\u00e0:<\/strong> Il <strong>Gusto 3 in 1<\/strong> elimina la necessit\u00e0 di portare con s\u00e9 pi\u00f9 dispositivi, offrendo la flessibilit\u00e0 di cambiare sapore in movimento senza problemi.<\/li>\n<\/ul>\n\n\n\n<h3 class=\"wp-block-heading\"><strong>Eleva la tua esperienza di vaping con Bang DE 60000 puff<\/strong><\/h3>\n\n\n\n<p>Il <strong>Bang DE 60000 soffi<\/strong> \u00e8 il dispositivo di svapo definitivo per chi esige di pi\u00f9 dalla propria svapata. Sia che vogliate assaporare i sapori classici, provare combinazioni uniche o esplorare nuove miscele, questa svapata vi soddisfa. Grazie al suo design all'avanguardia e alla tecnologia avanzata, il dispositivo <strong>Bang DE 60000<\/strong> garantisce un'esperienza davvero personalizzabile e soddisfacente.<\/p>\n\n\n\n<p>Cercate altre opzioni di vaping di qualit\u00e0? Visitate il nostro <a href=\"https:\/\/vapemaison.com\">homepage<\/a> per vedere le ultime uscite, sfogliare l'intera collezione nel nostro sito <a href=\"https:\/\/vapemaison.com\/shop\">negozio<\/a>, o di esplorare altri dispositivi dal menu <a href=\"https:\/\/vapemaison.com\/brand\/bang\">Marchio Bang<\/a>. Potreste anche apprezzare i prodotti monouso ad alta capacit\u00e0 di <a href=\"https:\/\/vapemaison.com\/brand\/jnr\/\">JNR<\/a> o controllare tutti i nostri <a href=\"https:\/\/vapemaison.com\/product-category\/puffs-count\/\">Dispositivi a soffio<\/a> per una soddisfazione duratura.<\/p>","protected":false},"excerpt":{"rendered":"<div id=\"model-response-message-contentr_a71402abc5eee709\" class=\"markdown markdown-main-panel stronger enable-updated-hr-color\" dir=\"ltr\" aria-live=\"polite\" aria-busy=\"false\">\n<p data-path-to-node=\"0\">Ridefinite la vostra esperienza con ben 60.000 boccate e un innovativo sistema di aromi 3 in 1 che vi permette di passare da un gusto all'altro o di miscelare tre gusti diversi in un unico dispositivo. Dotato di una bobina a tripla maglia e di un display LCD in tempo reale, questo dispositivo offre una variet\u00e0 impareggiabile: ordinate oggi stesso per approfittare della nostra attuale promozione e godervi la spedizione prioritaria per lo svapo pi\u00f9 versatile del mercato.<\/p>\n<\/div>","protected":false},"featured_media":16890,"comment_status":"open","ping_status":"closed","template":"","meta":[],"product_brand":[57],"product_cat":[137],"product_tag":[],"class_list":{"0":"post-16885","1":"product","2":"type-product","3":"status-publish","4":"has-post-thumbnail","6":"product_brand-bang","7":"product_cat-60k-puffs","9":"first","10":"instock","11":"sale","12":"shipping-taxable","13":"purchasable","14":"product-type-variable"},"yoast_head":"<!-- This site is optimized with the Yoast SEO plugin v27.4 - https:\/\/yoast.com\/product\/yoast-seo-wordpress\/ -->\n<title>Bang DE 60k Puffs Disposable Vape \u2013 3-in-1 Flavor LCD Display<\/title>\n<meta name=\"description\" content=\"Enjoy up to 60k puffs with the Bang DE 60000 Disposable Vape. Switch between 3 exciting flavors, featuring 60mL e-liquid, and LCD display.\" \/>\n<meta name=\"robots\" content=\"index, follow, max-snippet:-1, max-image-preview:large, max-video-preview:-1\" \/>\n<link rel=\"canonical\" href=\"https:\/\/vapemaison.com\/it\/prodotto\/bang-de-60k-puffs-monouso-vape\/\" \/>\n<meta property=\"og:locale\" content=\"it_IT\" \/>\n<meta property=\"og:type\" content=\"article\" \/>\n<meta property=\"og:title\" content=\"Bang DE 60k Puffs Disposable Vape \u2013 3-in-1 Flavor LCD Display\" \/>\n<meta property=\"og:description\" content=\"Enjoy up to 60k puffs with the Bang DE 60000 Disposable Vape. Switch between 3 exciting flavors, featuring 60mL e-liquid, and LCD display.\" \/>\n<meta property=\"og:url\" content=\"https:\/\/vapemaison.com\/it\/prodotto\/bang-de-60k-puffs-monouso-vape\/\" \/>\n<meta property=\"og:site_name\" content=\"VapeMaison\" \/>\n<meta property=\"article:modified_time\" content=\"2025-12-22T09:28:44+00:00\" \/>\n<meta property=\"og:image\" content=\"https:\/\/vapemaison.com\/wp-content\/uploads\/2025\/12\/vape-bang-de-60000-60k-puffs-strawberry-mango-watermelon-bubble-gum-654x690.jpg.webp\" \/>\n\t<meta property=\"og:image:width\" content=\"654\" \/>\n\t<meta property=\"og:image:height\" content=\"690\" \/>\n\t<meta property=\"og:image:type\" content=\"image\/webp\" \/>\n<meta name=\"twitter:card\" content=\"summary_large_image\" \/>\n<meta name=\"twitter:label1\" content=\"Tempo di lettura stimato\" \/>\n\t<meta name=\"twitter:data1\" content=\"3 minuti\" \/>\n<!-- \/ Yoast SEO plugin. -->","yoast_head_json":{"title":"Bang DE 60k boccate di vapore monouso - Display LCD 3 in 1 gusti","description":"Godetevi fino a 60.000 boccate con Bang DE 60000 Disposable Vape. Passa da un aroma all'altro, con 60 ml di e-liquid e display LCD.","robots":{"index":"index","follow":"follow","max-snippet":"max-snippet:-1","max-image-preview":"max-image-preview:large","max-video-preview":"max-video-preview:-1"},"canonical":"https:\/\/vapemaison.com\/it\/prodotto\/bang-de-60k-puffs-monouso-vape\/","og_locale":"it_IT","og_type":"article","og_title":"Bang DE 60k Puffs Disposable Vape \u2013 3-in-1 Flavor LCD Display","og_description":"Enjoy up to 60k puffs with the Bang DE 60000 Disposable Vape. Switch between 3 exciting flavors, featuring 60mL e-liquid, and LCD display.","og_url":"https:\/\/vapemaison.com\/it\/prodotto\/bang-de-60k-puffs-monouso-vape\/","og_site_name":"VapeMaison","article_modified_time":"2025-12-22T09:28:44+00:00","og_image":[{"width":654,"height":690,"url":"https:\/\/vapemaison.com\/wp-content\/uploads\/2025\/12\/vape-bang-de-60000-60k-puffs-strawberry-mango-watermelon-bubble-gum-654x690.jpg.webp","type":"image\/webp"}],"twitter_card":"summary_large_image","twitter_misc":{"Tempo di lettura stimato":"3 minuti"},"schema":{"@context":"https:\/\/schema.org","@graph":[{"@type":"WebPage","@id":"https:\/\/vapemaison.com\/product\/bang-de-60k-puffs-disposable-vape\/","url":"https:\/\/vapemaison.com\/product\/bang-de-60k-puffs-disposable-vape\/","name":"Bang DE 60k boccate di vapore monouso - Display LCD 3 in 1 gusti","isPartOf":{"@id":"https:\/\/vapemaison.com\/#website"},"primaryImageOfPage":{"@id":"https:\/\/vapemaison.com\/product\/bang-de-60k-puffs-disposable-vape\/#primaryimage"},"image":{"@id":"https:\/\/vapemaison.com\/product\/bang-de-60k-puffs-disposable-vape\/#primaryimage"},"thumbnailUrl":"https:\/\/vapemaison.com\/wp-content\/uploads\/2025\/12\/vape-bang-de-60000-60k-puffs-strawberry-mango-watermelon-bubble-gum-654x690.jpg.webp","datePublished":"2025-12-11T03:38:14+00:00","dateModified":"2025-12-22T09:28:44+00:00","description":"Godetevi fino a 60.000 boccate con Bang DE 60000 Disposable Vape. Passa da un aroma all'altro, con 60 ml di e-liquid e display LCD.","breadcrumb":{"@id":"https:\/\/vapemaison.com\/product\/bang-de-60k-puffs-disposable-vape\/#breadcrumb"},"inLanguage":"it-IT","potentialAction":[{"@type":"ReadAction","target":["https:\/\/vapemaison.com\/product\/bang-de-60k-puffs-disposable-vape\/"]}]},{"@type":"ImageObject","inLanguage":"it-IT","@id":"https:\/\/vapemaison.com\/product\/bang-de-60k-puffs-disposable-vape\/#primaryimage","url":"https:\/\/vapemaison.com\/wp-content\/uploads\/2025\/12\/vape-bang-de-60000-60k-puffs-strawberry-mango-watermelon-bubble-gum-654x690.jpg.webp","contentUrl":"https:\/\/vapemaison.com\/wp-content\/uploads\/2025\/12\/vape-bang-de-60000-60k-puffs-strawberry-mango-watermelon-bubble-gum-654x690.jpg.webp","width":654,"height":690,"caption":"Vape Bang De 60k Puffs Strawberry Mango Watermelon Bubble Gum 654x690.jpg"},{"@type":"BreadcrumbList","@id":"https:\/\/vapemaison.com\/product\/bang-de-60k-puffs-disposable-vape\/#breadcrumb","itemListElement":[{"@type":"ListItem","position":1,"name":"\u9996\u9875","item":"https:\/\/vapemaison.com\/"},{"@type":"ListItem","position":2,"name":"Shop","item":"https:\/\/vapemaison.com\/shop\/"},{"@type":"ListItem","position":3,"name":"Bang","item":"https:\/\/vapemaison.com\/brand\/bang\/"},{"@type":"ListItem","position":4,"name":"Bang DE 60000 60k Puffs 3 in 1 Flavor Disposable Vape"}]},{"@type":"WebSite","@id":"https:\/\/vapemaison.com\/#website","url":"https:\/\/vapemaison.com\/","name":"VapeMaison","description":"Dispositivi e accessori per il vaping di alta qualit\u00e0","publisher":{"@id":"https:\/\/vapemaison.com\/#organization"},"potentialAction":[{"@type":"SearchAction","target":{"@type":"EntryPoint","urlTemplate":"https:\/\/vapemaison.com\/?s={search_term_string}"},"query-input":{"@type":"PropertyValueSpecification","valueRequired":true,"valueName":"search_term_string"}}],"inLanguage":"it-IT"},{"@type":"Organization","@id":"https:\/\/vapemaison.com\/#organization","name":"VapeMaison","url":"https:\/\/vapemaison.com\/","logo":{"@type":"ImageObject","inLanguage":"it-IT","@id":"https:\/\/vapemaison.com\/#\/schema\/logo\/image\/","url":"https:\/\/vapemaison.com\/wp-content\/uploads\/2026\/01\/cropped-vapemaison-logo-g-2026.webp","contentUrl":"https:\/\/vapemaison.com\/wp-content\/uploads\/2026\/01\/cropped-vapemaison-logo-g-2026.webp","width":350,"height":280,"caption":"VapeMaison"},"image":{"@id":"https:\/\/vapemaison.com\/#\/schema\/logo\/image\/"},"sameAs":["https:\/\/www.youtube.com\/@VapeMaison"]}]}},"tiered_pricing_type":"fixed","tiered_pricing_fixed_rules":{"30":"11.25","50":"10.36","100":"9.42","200":"8.25"},"tiered_pricing_product_settings":{"layout":"default","base_unit_name":{"singular":null,"plural":null},"default_variation":null},"tiered_pricing_minimum_quantity":10,"tiered_pricing_roles_data":[],"tiered_pricing_percentage_rules":[],"tiered_pricing_maximum_quantity":null,"tiered_pricing_quantity_step":"10","_links":{"self":[{"href":"https:\/\/vapemaison.com\/it\/wp-json\/wp\/v2\/product\/16885","targetHints":{"allow":["GET"]}}],"collection":[{"href":"https:\/\/vapemaison.com\/it\/wp-json\/wp\/v2\/product"}],"about":[{"href":"https:\/\/vapemaison.com\/it\/wp-json\/wp\/v2\/types\/product"}],"replies":[{"embeddable":true,"href":"https:\/\/vapemaison.com\/it\/wp-json\/wp\/v2\/comments?post=16885"}],"version-history":[{"count":0,"href":"https:\/\/vapemaison.com\/it\/wp-json\/wp\/v2\/product\/16885\/revisions"}],"wp:featuredmedia":[{"embeddable":true,"href":"https:\/\/vapemaison.com\/it\/wp-json\/wp\/v2\/media\/16890"}],"wp:attachment":[{"href":"https:\/\/vapemaison.com\/it\/wp-json\/wp\/v2\/media?parent=16885"}],"wp:term":[{"taxonomy":"product_brand","embeddable":true,"href":"https:\/\/vapemaison.com\/it\/wp-json\/wp\/v2\/product_brand?post=16885"},{"taxonomy":"product_cat","embeddable":true,"href":"https:\/\/vapemaison.com\/it\/wp-json\/wp\/v2\/product_cat?post=16885"},{"taxonomy":"product_tag","embeddable":true,"href":"https:\/\/vapemaison.com\/it\/wp-json\/wp\/v2\/product_tag?post=16885"}],"curies":[{"name":"wp","href":"https:\/\/api.w.org\/{rel}","templated":true}]}}