

{"id":16932,"date":"2025-12-11T03:59:39","date_gmt":"2025-12-11T03:59:39","guid":{"rendered":"https:\/\/vapemaison.com\/?post_type=product&#038;p=16932"},"modified":"2025-12-22T09:28:12","modified_gmt":"2025-12-22T09:28:12","slug":"bang-tn-12000-puff-monouso-vape","status":"publish","type":"product","link":"https:\/\/vapemaison.com\/it\/product\/bang-tn-12000-puffs-disposable-vape\/","title":{"rendered":"Bang Tn 12000 boccate di vapore monouso"},"content":{"rendered":"<h3 class=\"wp-block-heading\"><strong>Bang Tn 12000 Puff - Esperienza di vaping premium con bobina a rete e ricarica Type-C<\/strong><\/h3>\n\n\n\n<p>Il <strong>Bang Tn 12000 Bocconi Edizione Originale Vape Usa e Getta<\/strong> offre un'esperienza di svapo eccezionale, pensata per chi apprezza sia le prestazioni che la convenienza. Con un <strong>generosa capacit\u00e0 di 20 ml di e-liquido<\/strong> e un potente <strong>Batteria da 650 mAh<\/strong>, Questa svapata offre un piacere duraturo senza bisogno di ricaricare o ricaricarsi continuamente.<\/p>\n\n\n\n<p>Caratterizzato da un <strong>Porta di ricarica USB Type-C<\/strong>, la ricarica \u00e8 rapida ed efficiente con <strong>Ingresso 5V 1A<\/strong>, per garantire che si passi pi\u00f9 tempo a svapare e meno ad aspettare. Il dispositivo \u00e8 realizzato in <strong>materiale PC resistente<\/strong>, che lo rende sufficientemente resistente per l'uso quotidiano e per il vaping in movimento.<\/p>\n\n\n\n<p>Dotato di un <strong>rotolo di rete<\/strong>, Bang Tn 12000 eroga un vapore morbido e saporito a ogni boccata, rendendo ogni sessione pi\u00f9 piacevole. \u00c8 inoltre possibile scegliere tra una variet\u00e0 di <strong>intensit\u00e0 di nicotina del sale<\/strong> (0%, 2%, 3% o 5%) per adattarsi perfettamente al vostro stile di vaping.<\/p>\n\n\n\n<p>Ogni confezione contiene <strong>10 dispositivi<\/strong>, che offre convenienza per lo stoccaggio e l'acquisto di prodotti sfusi, sia per uso personale che per la vendita al dettaglio.<\/p>\n\n\n\n<h3 class=\"wp-block-heading\"><strong>Caratteristiche principali:<\/strong><\/h3>\n\n\n\n<figure class=\"wp-block-table\"><table class=\"has-fixed-layout\"><thead><tr><th><strong>Caratteristica<\/strong><\/th><th><strong>Specifiche<\/strong><\/th><\/tr><\/thead><tbody><tr><td><strong>Capacit\u00e0 di soffio<\/strong><\/td><td>Fino a 12.000 boccate<\/td><\/tr><tr><td><strong>Capacit\u00e0 del liquido elettronico<\/strong><\/td><td>20mL<\/td><\/tr><tr><td><strong>Capacit\u00e0 della batteria<\/strong><\/td><td>650mAh Ricaricabile<\/td><\/tr><tr><td><strong>Porta di ricarica<\/strong><\/td><td>USB Tipo-C, ingresso 5V 1A<\/td><\/tr><tr><td><strong>Materiale<\/strong><\/td><td>PC resistente<\/td><\/tr><tr><td><strong>Forza della nicotina<\/strong><\/td><td>0%, 2%, 3%, 5% (nicotina salina)<\/td><\/tr><tr><td><strong>Tipo di bobina<\/strong><\/td><td>Bobina a rete<\/td><\/tr><tr><td><strong>Imballaggio<\/strong><\/td><td>10 pezzi per scatola<\/td><\/tr><\/tbody><\/table><\/figure>\n\n\n\n<h3 class=\"wp-block-heading\"><strong>Elenco dei sapori:<\/strong><\/h3>\n\n\n\n<ol class=\"wp-block-list\">\n<li>Ghiaccio al lampone e mirtillo<\/li>\n\n\n\n<li>Mango alla fragola<\/li>\n\n\n\n<li>Fragola e banana<\/li>\n\n\n\n<li>Ghiaccio all'anguria<\/li>\n\n\n\n<li>Mr. Blue<\/li>\n\n\n\n<li>Ghiaccio d'uva<\/li>\n\n\n\n<li>Menta fresca<\/li>\n\n\n\n<li>Frutta mista<\/li>\n\n\n\n<li>Fragola litchi<\/li>\n\n\n\n<li>Ghiaccio alla fragola<\/li>\n\n\n\n<li>Ghiaccio alla pesca<\/li>\n\n\n\n<li>Anguria Fragola<\/li>\n<\/ol>\n\n\n\n<h3 class=\"wp-block-heading\"><strong>Perch\u00e9 scegliere Bang Tn 12000 Puffs?<\/strong><\/h3>\n\n\n\n<ul class=\"wp-block-list\">\n<li><strong>Sessioni di vaping prolungate:<\/strong> Con <strong>20 ml di e-liquid<\/strong> e <strong>fino a 12.000 soffi<\/strong>, e godere di un'attivit\u00e0 di vaping di lunga durata senza continue ricariche.<\/li>\n\n\n\n<li><strong>Ricarica rapida:<\/strong> <strong>USB tipo-C<\/strong> con <strong>Ingresso 5V 1A<\/strong> garantisce una ricarica rapida ed efficiente per un vaping ininterrotto.<\/li>\n\n\n\n<li><strong>Produzione di vapore omogenea:<\/strong> Il <strong>rotolo di rete<\/strong> garantisce un vapore morbido e saporito ad ogni boccata, offrendo un'esperienza soddisfacente.<\/li>\n\n\n\n<li><strong>Forza di nicotina personalizzabile:<\/strong> Disponibile in <strong>0%, 2%, 3% e 5% sale di nicotina<\/strong>, permettendovi di personalizzare la vostra esperienza.<\/li>\n\n\n\n<li><strong>Design resistente:<\/strong> Realizzato in <strong>Materiale PC<\/strong>, Questa svapata \u00e8 costruita per l'uso quotidiano e la portabilit\u00e0.<\/li>\n<\/ul>\n\n\n\n<p>Elevate la vostra esperienza di vaping con il <strong>Bang Tn 12000 Bocconi Edizione Originale Vape Usa e Getta<\/strong>-Un dispositivo progettato per garantire prestazioni, praticit\u00e0 e sapore eccellenti.<\/p>\n\n\n\n<p>Cercate altre opzioni di vaping di qualit\u00e0? Visitate il nostro <a href=\"https:\/\/vapemaison.com\">homepage<\/a> per vedere le ultime uscite, sfogliare l'intera collezione nel nostro sito <a href=\"https:\/\/vapemaison.com\/shop\">negozio<\/a>, o di esplorare altri dispositivi dal menu <a href=\"https:\/\/vapemaison.com\/brand\/bang\">Marchio Bang<\/a>. Potreste anche apprezzare i prodotti monouso ad alta capacit\u00e0 di <a href=\"https:\/\/vapemaison.com\/brand\/jnr\/\">JNR<\/a> o controllare tutti i nostri <a href=\"https:\/\/vapemaison.com\/product-category\/puffs-count\/\">Dispositivi a soffio<\/a> per una soddisfazione duratura.<\/p>","protected":false},"excerpt":{"rendered":"<div id=\"model-response-message-contentr_ff64e4c22b1b6a06\" class=\"markdown markdown-main-panel stronger enable-updated-hr-color\" dir=\"ltr\" aria-live=\"polite\" aria-busy=\"false\">\n<p data-path-to-node=\"0\">Godetevi 12.000 boccate saporite e una generosa capacit\u00e0 di 20 ml, il tutto racchiuso in un resistente corpo in PC progettato per affrontare con facilit\u00e0 le vostre avventure quotidiane. Dotata di una bobina a rete ad alte prestazioni e di ricarica rapida Type-C, questa edizione originale offre un tiro liscio e di qualit\u00e0 superiore ogni volta. Ordinate subito la vostra confezione da 10 pezzi per assicurarvi i nostri migliori prezzi all'ingrosso e la spedizione prioritaria.<\/p>\n<\/div>","protected":false},"featured_media":16940,"comment_status":"open","ping_status":"closed","template":"","meta":[],"product_brand":[57],"product_cat":[154],"product_tag":[],"class_list":{"0":"post-16932","1":"product","2":"type-product","3":"status-publish","4":"has-post-thumbnail","6":"product_brand-bang","7":"product_cat-12k-puffs","9":"first","10":"instock","11":"sale","12":"shipping-taxable","13":"purchasable","14":"product-type-variable"},"yoast_head":"<!-- This site is optimized with the Yoast SEO plugin v27.4 - https:\/\/yoast.com\/product\/yoast-seo-wordpress\/ -->\n<title>Bang Tn 12000 Puffs Disposable Vape \u2013 20mL, Type-C Charging<\/title>\n<meta name=\"description\" content=\"Experience smooth vapor and long-lasting satisfaction with the Bang Tn 12000 Puffs Vape. 20mL capacity, mesh coil, and fast Type-C charging for convenience.\" \/>\n<meta name=\"robots\" content=\"index, follow, max-snippet:-1, max-image-preview:large, max-video-preview:-1\" \/>\n<link rel=\"canonical\" href=\"https:\/\/vapemaison.com\/it\/prodotto\/bang-tn-12000-puff-monouso-vape\/\" \/>\n<meta property=\"og:locale\" content=\"it_IT\" \/>\n<meta property=\"og:type\" content=\"article\" \/>\n<meta property=\"og:title\" content=\"Bang Tn 12000 Puffs Disposable Vape \u2013 20mL, Type-C Charging\" \/>\n<meta property=\"og:description\" content=\"Experience smooth vapor and long-lasting satisfaction with the Bang Tn 12000 Puffs Vape. 20mL capacity, mesh coil, and fast Type-C charging for convenience.\" \/>\n<meta property=\"og:url\" content=\"https:\/\/vapemaison.com\/it\/prodotto\/bang-tn-12000-puff-monouso-vape\/\" \/>\n<meta property=\"og:site_name\" content=\"VapeMaison\" \/>\n<meta property=\"article:modified_time\" content=\"2025-12-22T09:28:12+00:00\" \/>\n<meta property=\"og:image\" content=\"https:\/\/vapemaison.com\/wp-content\/uploads\/2025\/12\/vape-bang-tn-12000-puffs-00015.jpg.webp\" \/>\n\t<meta property=\"og:image:width\" content=\"800\" \/>\n\t<meta property=\"og:image:height\" content=\"800\" \/>\n\t<meta property=\"og:image:type\" content=\"image\/webp\" \/>\n<meta name=\"twitter:card\" content=\"summary_large_image\" \/>\n<meta name=\"twitter:label1\" content=\"Tempo di lettura stimato\" \/>\n\t<meta name=\"twitter:data1\" content=\"2 minuti\" \/>\n<!-- \/ Yoast SEO plugin. -->","yoast_head_json":{"title":"Bang Tn 12000 boccate di vapore monouso - 20 ml, ricarica di tipo C","description":"Provate un vapore fluido e una soddisfazione duratura con Bang Tn 12000 Puffs Vape. Capacit\u00e0 di 20 ml, bobina a rete e ricarica rapida Type-C per la massima comodit\u00e0.","robots":{"index":"index","follow":"follow","max-snippet":"max-snippet:-1","max-image-preview":"max-image-preview:large","max-video-preview":"max-video-preview:-1"},"canonical":"https:\/\/vapemaison.com\/it\/prodotto\/bang-tn-12000-puff-monouso-vape\/","og_locale":"it_IT","og_type":"article","og_title":"Bang Tn 12000 Puffs Disposable Vape \u2013 20mL, Type-C Charging","og_description":"Experience smooth vapor and long-lasting satisfaction with the Bang Tn 12000 Puffs Vape. 20mL capacity, mesh coil, and fast Type-C charging for convenience.","og_url":"https:\/\/vapemaison.com\/it\/prodotto\/bang-tn-12000-puff-monouso-vape\/","og_site_name":"VapeMaison","article_modified_time":"2025-12-22T09:28:12+00:00","og_image":[{"width":800,"height":800,"url":"https:\/\/vapemaison.com\/wp-content\/uploads\/2025\/12\/vape-bang-tn-12000-puffs-00015.jpg.webp","type":"image\/webp"}],"twitter_card":"summary_large_image","twitter_misc":{"Tempo di lettura stimato":"2 minuti"},"schema":{"@context":"https:\/\/schema.org","@graph":[{"@type":"WebPage","@id":"https:\/\/vapemaison.com\/product\/bang-tn-12000-puffs-disposable-vape\/","url":"https:\/\/vapemaison.com\/product\/bang-tn-12000-puffs-disposable-vape\/","name":"Bang Tn 12000 boccate di vapore monouso - 20 ml, ricarica di tipo C","isPartOf":{"@id":"https:\/\/vapemaison.com\/#website"},"primaryImageOfPage":{"@id":"https:\/\/vapemaison.com\/product\/bang-tn-12000-puffs-disposable-vape\/#primaryimage"},"image":{"@id":"https:\/\/vapemaison.com\/product\/bang-tn-12000-puffs-disposable-vape\/#primaryimage"},"thumbnailUrl":"https:\/\/vapemaison.com\/wp-content\/uploads\/2025\/12\/vape-bang-tn-12000-puffs-00015.jpg.webp","datePublished":"2025-12-11T03:59:39+00:00","dateModified":"2025-12-22T09:28:12+00:00","description":"Provate un vapore fluido e una soddisfazione duratura con Bang Tn 12000 Puffs Vape. Capacit\u00e0 di 20 ml, bobina a rete e ricarica rapida Type-C per la massima comodit\u00e0.","breadcrumb":{"@id":"https:\/\/vapemaison.com\/product\/bang-tn-12000-puffs-disposable-vape\/#breadcrumb"},"inLanguage":"it-IT","potentialAction":[{"@type":"ReadAction","target":["https:\/\/vapemaison.com\/product\/bang-tn-12000-puffs-disposable-vape\/"]}]},{"@type":"ImageObject","inLanguage":"it-IT","@id":"https:\/\/vapemaison.com\/product\/bang-tn-12000-puffs-disposable-vape\/#primaryimage","url":"https:\/\/vapemaison.com\/wp-content\/uploads\/2025\/12\/vape-bang-tn-12000-puffs-00015.jpg.webp","contentUrl":"https:\/\/vapemaison.com\/wp-content\/uploads\/2025\/12\/vape-bang-tn-12000-puffs-00015.jpg.webp","width":800,"height":800,"caption":"Vape Bang Tn Puffs.jpg"},{"@type":"BreadcrumbList","@id":"https:\/\/vapemaison.com\/product\/bang-tn-12000-puffs-disposable-vape\/#breadcrumb","itemListElement":[{"@type":"ListItem","position":1,"name":"\u9996\u9875","item":"https:\/\/vapemaison.com\/"},{"@type":"ListItem","position":2,"name":"Shop","item":"https:\/\/vapemaison.com\/shop\/"},{"@type":"ListItem","position":3,"name":"Bang","item":"https:\/\/vapemaison.com\/brand\/bang\/"},{"@type":"ListItem","position":4,"name":"Bang Tn 12000 Puffs Disposable Vape"}]},{"@type":"WebSite","@id":"https:\/\/vapemaison.com\/#website","url":"https:\/\/vapemaison.com\/","name":"VapeMaison","description":"Dispositivi e accessori per il vaping di alta qualit\u00e0","publisher":{"@id":"https:\/\/vapemaison.com\/#organization"},"potentialAction":[{"@type":"SearchAction","target":{"@type":"EntryPoint","urlTemplate":"https:\/\/vapemaison.com\/?s={search_term_string}"},"query-input":{"@type":"PropertyValueSpecification","valueRequired":true,"valueName":"search_term_string"}}],"inLanguage":"it-IT"},{"@type":"Organization","@id":"https:\/\/vapemaison.com\/#organization","name":"VapeMaison","url":"https:\/\/vapemaison.com\/","logo":{"@type":"ImageObject","inLanguage":"it-IT","@id":"https:\/\/vapemaison.com\/#\/schema\/logo\/image\/","url":"https:\/\/vapemaison.com\/wp-content\/uploads\/2026\/01\/cropped-vapemaison-logo-g-2026.webp","contentUrl":"https:\/\/vapemaison.com\/wp-content\/uploads\/2026\/01\/cropped-vapemaison-logo-g-2026.webp","width":350,"height":280,"caption":"VapeMaison"},"image":{"@id":"https:\/\/vapemaison.com\/#\/schema\/logo\/image\/"},"sameAs":["https:\/\/www.youtube.com\/@VapeMaison"]}]}},"tiered_pricing_type":"fixed","tiered_pricing_fixed_rules":{"30":"8.12","50":"7.45","100":"6.99","200":"6.21"},"tiered_pricing_product_settings":{"layout":"default","base_unit_name":{"singular":null,"plural":null},"default_variation":null},"tiered_pricing_minimum_quantity":10,"tiered_pricing_roles_data":[],"tiered_pricing_percentage_rules":[],"tiered_pricing_maximum_quantity":null,"tiered_pricing_quantity_step":"10","_links":{"self":[{"href":"https:\/\/vapemaison.com\/it\/wp-json\/wp\/v2\/product\/16932","targetHints":{"allow":["GET"]}}],"collection":[{"href":"https:\/\/vapemaison.com\/it\/wp-json\/wp\/v2\/product"}],"about":[{"href":"https:\/\/vapemaison.com\/it\/wp-json\/wp\/v2\/types\/product"}],"replies":[{"embeddable":true,"href":"https:\/\/vapemaison.com\/it\/wp-json\/wp\/v2\/comments?post=16932"}],"version-history":[{"count":0,"href":"https:\/\/vapemaison.com\/it\/wp-json\/wp\/v2\/product\/16932\/revisions"}],"wp:featuredmedia":[{"embeddable":true,"href":"https:\/\/vapemaison.com\/it\/wp-json\/wp\/v2\/media\/16940"}],"wp:attachment":[{"href":"https:\/\/vapemaison.com\/it\/wp-json\/wp\/v2\/media?parent=16932"}],"wp:term":[{"taxonomy":"product_brand","embeddable":true,"href":"https:\/\/vapemaison.com\/it\/wp-json\/wp\/v2\/product_brand?post=16932"},{"taxonomy":"product_cat","embeddable":true,"href":"https:\/\/vapemaison.com\/it\/wp-json\/wp\/v2\/product_cat?post=16932"},{"taxonomy":"product_tag","embeddable":true,"href":"https:\/\/vapemaison.com\/it\/wp-json\/wp\/v2\/product_tag?post=16932"}],"curies":[{"name":"wp","href":"https:\/\/api.w.org\/{rel}","templated":true}]}}