

{"id":17861,"date":"2025-12-12T09:03:53","date_gmt":"2025-12-12T09:03:53","guid":{"rendered":"https:\/\/vapemaison.com\/?post_type=product&#038;p=17861"},"modified":"2026-01-09T08:36:04","modified_gmt":"2026-01-09T08:36:04","slug":"bang-king-schermo-intelligente-15000-soffi-vape","status":"publish","type":"product","link":"https:\/\/vapemaison.com\/it\/product\/bang-king-smart-screen-15000-puffs-vape\/","title":{"rendered":"Bang King Smart Screen 15000 boccate di vapore monouso"},"content":{"rendered":"<p>Il <strong>Bang King Smartscreen 15000 boccate Display LED Vape usa e getta<\/strong> \u00e8 un dispositivo di qualit\u00e0 superiore progettato per chi esige prestazioni e comodit\u00e0 superiori. Con un'impressionante <strong>Capacit\u00e0 di 25 ml di e-liquid<\/strong> e <strong>15000 soffi<\/strong>, Questa svapata offre un'esperienza duratura e soddisfacente. Il <strong>Batteria da 650 mAh<\/strong> fornisce un'alimentazione affidabile, mentre il <strong>Porta ricaricabile di tipo C<\/strong> garantisce una ricarica rapida ed efficiente.<\/p>\n\n\n\n<p>Il <strong>Filo di riscaldamento con nucleo a maglia da 1,0\u03a9<\/strong> offre un vapore omogeneo e costante, massimizzando il sapore e le prestazioni a ogni boccata. Il <strong>Display a LED<\/strong> offre una visibilit\u00e0 in tempo reale sia della <strong>batteria<\/strong> e <strong>livelli di e-liquid<\/strong>, permettendo agli utenti di rimanere informati e di avere il controllo durante le loro sessioni di vaping.<\/p>\n\n\n\n<p>Con <strong>concentrazioni di nicotina regolabili<\/strong> di <strong>0%, 2%, 3% e 5%<\/strong>, il <strong>Bang King Smartscreen<\/strong> si adatta a tutte le preferenze, assicurando un'esperienza ottimizzata sia che si preferisca l'assenza di nicotina sia che si preferisca un hit pi\u00f9 robusto.<\/p>\n\n\n\n<h3 class=\"wp-block-heading\">Bang King <strong>Caratteristiche principali<\/strong><\/h3>\n\n\n\n<figure class=\"wp-block-table\"><table class=\"has-fixed-layout\"><thead><tr><th><strong>Caratteristica<\/strong><\/th><th><strong>Specifiche<\/strong><\/th><\/tr><\/thead><tbody><tr><td><strong>Capacit\u00e0 del liquido elettronico<\/strong><\/td><td><strong>25ml pre-riempito<\/strong><\/td><\/tr><tr><td><strong>Forza della nicotina<\/strong><\/td><td><strong>0%, 2%, 3%, 5%<\/strong><\/td><\/tr><tr><td><strong>Batteria<\/strong><\/td><td><strong>650mAh ricaricabile<\/strong><\/td><\/tr><tr><td><strong>Bign\u00e8<\/strong><\/td><td>Fino a <strong>15.000 soffi<\/strong><\/td><\/tr><tr><td><strong>Ricarica<\/strong><\/td><td><strong>Porta di tipo C<\/strong><\/td><\/tr><tr><td><strong>Filo di riscaldamento<\/strong><\/td><td><strong>Nucleo a maglie da 1,0\u03a9<\/strong><\/td><\/tr><tr><td><strong>Display<\/strong><\/td><td><strong>Display a LED<\/strong> per i livelli di batteria e e-liquid<\/td><\/tr><tr><td><strong>Imballaggio<\/strong><\/td><td><strong>1 scatola contiene 10 pezzi<\/strong><\/td><\/tr><\/tbody><\/table><\/figure>\n\n\n\n<h3 class=\"wp-block-heading\"><strong>Elenco dei sapori<\/strong><\/h3>\n\n\n\n<ol class=\"wp-block-list\">\n<li>Gelo blu<\/li>\n\n\n\n<li>Esplosione di bacche<\/li>\n\n\n\n<li>Blu ciliegia limone<\/li>\n\n\n\n<li>Pesca congelata<\/li>\n\n\n\n<li>Uva congelata<\/li>\n\n\n\n<li>Bacca di pesca<\/li>\n\n\n\n<li>Mela acida Razberry<\/li>\n\n\n\n<li>Triplo frutto<\/li>\n\n\n\n<li>Ghiaccio lussureggiante<\/li>\n\n\n\n<li>Anguria alla fragola<\/li>\n<\/ol>\n\n\n\n<p>I fan dei prodotti Bang spesso esplorano la nostra gamma completa per trovare la loro svapata perfetta. Iniziate dal <a href=\"https:\/\/vapemaison.com\">homepage<\/a>, e il nostro <a href=\"https:\/\/vapemaison.com\/product-category\/hot-series\/\">I pi\u00f9 venduti<\/a> Scopri tutti i prodotti della nostra <a href=\"https:\/\/vapemaison.com\/shop\">negozio<\/a>, o immergersi nella <a href=\"https:\/\/vapemaison.com\/brand\/bang\">Marchio Bang<\/a> pagina per vedere l'elenco completo. Cercate qualcosa di diverso? Il nostro <a href=\"https:\/\/vapemaison.com\/brand\/waspe\">Collezione WASPE<\/a> e <a href=\"https:\/\/vapemaison.com\/product-category\/puffs-count\/\">Categoria Bign\u00e8<\/a> hanno un'ampia scelta di opzioni per tutti i consumatori. <\/p>","protected":false},"excerpt":{"rendered":"<div id=\"model-response-message-contentr_24982b67bbe72fe7\" class=\"markdown markdown-main-panel stronger enable-updated-hr-color\" dir=\"ltr\" aria-live=\"polite\" aria-busy=\"false\">\n<p data-path-to-node=\"0\">Massimizzate la vostra soddisfazione con 15.000 boccate fluide e una capacit\u00e0 di 25 ml, il tutto monitorato attraverso un display LED in tempo reale per un controllo totale della batteria e del liquido. Selezionate l'intensit\u00e0 di nicotina che preferite e ordinate subito per beneficiare della nostra attuale disponibilit\u00e0 di magazzino e della spedizione prioritaria.<\/p>\n<\/div>","protected":false},"featured_media":17866,"comment_status":"open","ping_status":"closed","template":"","meta":[],"product_brand":[57],"product_cat":[167],"product_tag":[],"class_list":{"0":"post-17861","1":"product","2":"type-product","3":"status-publish","4":"has-post-thumbnail","6":"product_brand-bang","7":"product_cat-15k-puffs","9":"first","10":"instock","11":"sale","12":"shipping-taxable","13":"purchasable","14":"product-type-variable"},"yoast_head":"<!-- This site is optimized with the Yoast SEO plugin v27.4 - https:\/\/yoast.com\/product\/yoast-seo-wordpress\/ -->\n<title>Bang King Smart Screen 15000 Puffs Vape \u2013 LED Display - VapeMaison<\/title>\n<meta name=\"description\" content=\"Enjoy 15,000 puffs with the Bang King Smartscreen Vape. 25ml e-liquid, mesh coil, LED display. Choose your nicotine strength and vape with style.\" \/>\n<meta name=\"robots\" content=\"index, follow, max-snippet:-1, max-image-preview:large, max-video-preview:-1\" \/>\n<link rel=\"canonical\" href=\"https:\/\/vapemaison.com\/it\/prodotto\/bang-king-schermo-intelligente-15000-soffi-vape\/\" \/>\n<meta property=\"og:locale\" content=\"it_IT\" \/>\n<meta property=\"og:type\" content=\"article\" \/>\n<meta property=\"og:title\" content=\"Bang King Smart Screen 15000 Puffs Vape \u2013 LED Display - VapeMaison\" \/>\n<meta property=\"og:description\" content=\"Enjoy 15,000 puffs with the Bang King Smartscreen Vape. 25ml e-liquid, mesh coil, LED display. Choose your nicotine strength and vape with style.\" \/>\n<meta property=\"og:url\" content=\"https:\/\/vapemaison.com\/it\/prodotto\/bang-king-schermo-intelligente-15000-soffi-vape\/\" \/>\n<meta property=\"og:site_name\" content=\"VapeMaison\" \/>\n<meta property=\"article:modified_time\" content=\"2026-01-09T08:36:04+00:00\" \/>\n<meta property=\"og:image\" content=\"https:\/\/vapemaison.com\/wp-content\/uploads\/2025\/12\/vape-bang-king-smartscreen-15000-puffs-00001-00006.png.webp\" \/>\n\t<meta property=\"og:image:width\" content=\"1000\" \/>\n\t<meta property=\"og:image:height\" content=\"1000\" \/>\n\t<meta property=\"og:image:type\" content=\"image\/webp\" \/>\n<meta name=\"twitter:card\" content=\"summary_large_image\" \/>\n<meta name=\"twitter:label1\" content=\"Tempo di lettura stimato\" \/>\n\t<meta name=\"twitter:data1\" content=\"2 minuti\" \/>\n<!-- \/ Yoast SEO plugin. -->","yoast_head_json":{"title":"Bang King Smart Screen 15000 boccate Vape - Display a LED - VapeMaison","description":"Godetevi 15.000 boccate con Bang King Smartscreen Vape. 25 ml di e-liquid, bobina a rete, display a LED. Scegliete la vostra intensit\u00e0 di nicotina e svapate con stile.","robots":{"index":"index","follow":"follow","max-snippet":"max-snippet:-1","max-image-preview":"max-image-preview:large","max-video-preview":"max-video-preview:-1"},"canonical":"https:\/\/vapemaison.com\/it\/prodotto\/bang-king-schermo-intelligente-15000-soffi-vape\/","og_locale":"it_IT","og_type":"article","og_title":"Bang King Smart Screen 15000 Puffs Vape \u2013 LED Display - VapeMaison","og_description":"Enjoy 15,000 puffs with the Bang King Smartscreen Vape. 25ml e-liquid, mesh coil, LED display. Choose your nicotine strength and vape with style.","og_url":"https:\/\/vapemaison.com\/it\/prodotto\/bang-king-schermo-intelligente-15000-soffi-vape\/","og_site_name":"VapeMaison","article_modified_time":"2026-01-09T08:36:04+00:00","og_image":[{"width":1000,"height":1000,"url":"https:\/\/vapemaison.com\/wp-content\/uploads\/2025\/12\/vape-bang-king-smartscreen-15000-puffs-00001-00006.png.webp","type":"image\/webp"}],"twitter_card":"summary_large_image","twitter_misc":{"Tempo di lettura stimato":"2 minuti"},"schema":{"@context":"https:\/\/schema.org","@graph":[{"@type":"WebPage","@id":"https:\/\/vapemaison.com\/product\/bang-king-smart-screen-15000-puffs-vape\/","url":"https:\/\/vapemaison.com\/product\/bang-king-smart-screen-15000-puffs-vape\/","name":"Bang King Smart Screen 15000 boccate Vape - Display a LED - VapeMaison","isPartOf":{"@id":"https:\/\/vapemaison.com\/#website"},"primaryImageOfPage":{"@id":"https:\/\/vapemaison.com\/product\/bang-king-smart-screen-15000-puffs-vape\/#primaryimage"},"image":{"@id":"https:\/\/vapemaison.com\/product\/bang-king-smart-screen-15000-puffs-vape\/#primaryimage"},"thumbnailUrl":"https:\/\/vapemaison.com\/wp-content\/uploads\/2025\/12\/vape-bang-king-smartscreen-15000-puffs-00001-00006.png.webp","datePublished":"2025-12-12T09:03:53+00:00","dateModified":"2026-01-09T08:36:04+00:00","description":"Godetevi 15.000 boccate con Bang King Smartscreen Vape. 25 ml di e-liquid, bobina a rete, display a LED. Scegliete la vostra intensit\u00e0 di nicotina e svapate con stile.","breadcrumb":{"@id":"https:\/\/vapemaison.com\/product\/bang-king-smart-screen-15000-puffs-vape\/#breadcrumb"},"inLanguage":"it-IT","potentialAction":[{"@type":"ReadAction","target":["https:\/\/vapemaison.com\/product\/bang-king-smart-screen-15000-puffs-vape\/"]}]},{"@type":"ImageObject","inLanguage":"it-IT","@id":"https:\/\/vapemaison.com\/product\/bang-king-smart-screen-15000-puffs-vape\/#primaryimage","url":"https:\/\/vapemaison.com\/wp-content\/uploads\/2025\/12\/vape-bang-king-smartscreen-15000-puffs-00001-00006.png.webp","contentUrl":"https:\/\/vapemaison.com\/wp-content\/uploads\/2025\/12\/vape-bang-king-smartscreen-15000-puffs-00001-00006.png.webp","width":1000,"height":1000,"caption":"vape-bang-king-smartscreen-15000-puffs-00001-00006.png"},{"@type":"BreadcrumbList","@id":"https:\/\/vapemaison.com\/product\/bang-king-smart-screen-15000-puffs-vape\/#breadcrumb","itemListElement":[{"@type":"ListItem","position":1,"name":"\u9996\u9875","item":"https:\/\/vapemaison.com\/"},{"@type":"ListItem","position":2,"name":"Shop","item":"https:\/\/vapemaison.com\/shop\/"},{"@type":"ListItem","position":3,"name":"Bang","item":"https:\/\/vapemaison.com\/brand\/bang\/"},{"@type":"ListItem","position":4,"name":"Bang King Smart Screen 15000 Puffs Disposable Vape"}]},{"@type":"WebSite","@id":"https:\/\/vapemaison.com\/#website","url":"https:\/\/vapemaison.com\/","name":"VapeMaison","description":"Dispositivi e accessori per il vaping di alta qualit\u00e0","publisher":{"@id":"https:\/\/vapemaison.com\/#organization"},"potentialAction":[{"@type":"SearchAction","target":{"@type":"EntryPoint","urlTemplate":"https:\/\/vapemaison.com\/?s={search_term_string}"},"query-input":{"@type":"PropertyValueSpecification","valueRequired":true,"valueName":"search_term_string"}}],"inLanguage":"it-IT"},{"@type":"Organization","@id":"https:\/\/vapemaison.com\/#organization","name":"VapeMaison","url":"https:\/\/vapemaison.com\/","logo":{"@type":"ImageObject","inLanguage":"it-IT","@id":"https:\/\/vapemaison.com\/#\/schema\/logo\/image\/","url":"https:\/\/vapemaison.com\/wp-content\/uploads\/2026\/01\/cropped-vapemaison-logo-g-2026.webp","contentUrl":"https:\/\/vapemaison.com\/wp-content\/uploads\/2026\/01\/cropped-vapemaison-logo-g-2026.webp","width":350,"height":280,"caption":"VapeMaison"},"image":{"@id":"https:\/\/vapemaison.com\/#\/schema\/logo\/image\/"},"sameAs":["https:\/\/www.youtube.com\/@VapeMaison"]}]}},"tiered_pricing_type":"fixed","tiered_pricing_fixed_rules":{"30":"6.99","50":"6.63","100":"5.79","200":"5.24"},"tiered_pricing_product_settings":{"layout":"default","base_unit_name":{"singular":null,"plural":null},"default_variation":null},"tiered_pricing_minimum_quantity":10,"tiered_pricing_roles_data":[],"tiered_pricing_percentage_rules":[],"tiered_pricing_maximum_quantity":null,"tiered_pricing_quantity_step":"10","_links":{"self":[{"href":"https:\/\/vapemaison.com\/it\/wp-json\/wp\/v2\/product\/17861","targetHints":{"allow":["GET"]}}],"collection":[{"href":"https:\/\/vapemaison.com\/it\/wp-json\/wp\/v2\/product"}],"about":[{"href":"https:\/\/vapemaison.com\/it\/wp-json\/wp\/v2\/types\/product"}],"replies":[{"embeddable":true,"href":"https:\/\/vapemaison.com\/it\/wp-json\/wp\/v2\/comments?post=17861"}],"version-history":[{"count":0,"href":"https:\/\/vapemaison.com\/it\/wp-json\/wp\/v2\/product\/17861\/revisions"}],"wp:featuredmedia":[{"embeddable":true,"href":"https:\/\/vapemaison.com\/it\/wp-json\/wp\/v2\/media\/17866"}],"wp:attachment":[{"href":"https:\/\/vapemaison.com\/it\/wp-json\/wp\/v2\/media?parent=17861"}],"wp:term":[{"taxonomy":"product_brand","embeddable":true,"href":"https:\/\/vapemaison.com\/it\/wp-json\/wp\/v2\/product_brand?post=17861"},{"taxonomy":"product_cat","embeddable":true,"href":"https:\/\/vapemaison.com\/it\/wp-json\/wp\/v2\/product_cat?post=17861"},{"taxonomy":"product_tag","embeddable":true,"href":"https:\/\/vapemaison.com\/it\/wp-json\/wp\/v2\/product_tag?post=17861"}],"curies":[{"name":"wp","href":"https:\/\/api.w.org\/{rel}","templated":true}]}}