

{"id":18372,"date":"2025-12-15T07:51:39","date_gmt":"2025-12-15T07:51:39","guid":{"rendered":"https:\/\/vapemaison.com\/?post_type=product&#038;p=18372"},"modified":"2026-01-09T08:58:38","modified_gmt":"2026-01-09T08:58:38","slug":"vape-ricaricabile-vozol-rave-40000-puff-gusto-mirtillo-ghiaccio","status":"publish","type":"product","link":"https:\/\/vapemaison.com\/it\/product\/rechargeable-vape-vozol-rave-40000-puffs-blueberry-ice-flavor\/","title":{"rendered":"VOZOL RAVE 40000 boccate | Display LED al gusto di mirtillo e anguria | VOZOL Vapes"},"content":{"rendered":"<h2 class=\"wp-block-heading\">VOZOL RAVE 40000 Puffs Mirtillo Anguria: Un duetto succoso<\/h2>\n\n\n\n<p>Il <strong>VOZOL RAVE 40000 boccate di vapore monouso<\/strong> in Blueberry Watermelon offre un delizioso mashup estivo, combinando due dei pi\u00f9 popolari sapori di frutta in un'unica esperienza indimenticabile. Progettato per garantire una resistenza senza precedenti, questo modello vanta un'incredibile <strong>Capacit\u00e0 di 40000 soffi<\/strong> e presenta l'accattivante <strong>Spettacolo di luci LED a 270\u00b0<\/strong>. Questo <strong>Vape ricaricabile<\/strong> \u00e8 stato progettato per i vapers che esigono una fedelt\u00e0 aromatica superiore e un'estrema longevit\u00e0.<\/p>\n\n\n\n<h4 class=\"wp-block-heading\">Festa del gusto: Scopri il tuo preferito<\/h4>\n\n\n\n<h2 class=\"wp-block-heading\">Anguria ai mirtilli: I dolci frutti di bosco incontrano il melone idratante<\/h2>\n\n\n\n<p>L'anguria al mirtillo \u00e8 una sofisticata miscela di sapori che bilancia le note profonde e leggermente aspre di <strong>mirtilli freschi<\/strong> con il <strong>la dolcezza leggera e idratante dell'anguria matura<\/strong>. Questa combinazione \u00e8 incredibilmente liscia e rinfrescante, il che la rende un'eccellente svapata per tutto il giorno, senza alcuna sensazione di freschezza eccessiva.<\/p>\n\n\n\n<ul class=\"wp-block-list\">\n<li>Ghiaccio Blu Razz<\/li>\n\n\n\n<li>Ghiaccio al mirtillo<\/li>\n\n\n\n<li><strong>Anguria ai mirtilli:<\/strong> Una fusione equilibrata di mirtillo dolce e ricco e di anguria succosa e rinfrescante.<\/li>\n\n\n\n<li>Ciliegia e fragola<\/li>\n\n\n\n<li>Menta fresca<\/li>\n\n\n\n<li>Doppia mela<\/li>\n\n\n\n<li>Ghiaccio d'uva<\/li>\n\n\n\n<li>Amore 777<\/li>\n\n\n\n<li>Ghiaccio al mango<\/li>\n\n\n\n<li>Mango e pesca<\/li>\n\n\n\n<li>Ghiaccio alla pesca<\/li>\n\n\n\n<li>Limonata alla pesca e lampone<\/li>\n\n\n\n<li>Ghiaccio alla fragola<\/li>\n\n\n\n<li>Fragola Kiwi<\/li>\n\n\n\n<li>Mango alla fragola<\/li>\n\n\n\n<li>Anguria alla fragola<\/li>\n\n\n\n<li>Fragola e pesca<\/li>\n\n\n\n<li>Anguria Bubblegum<\/li>\n\n\n\n<li>Ghiaccio all'anguria<\/li>\n\n\n\n<li>Razz Rancher all'anguria<\/li>\n<\/ul>\n\n\n\n<h4 class=\"wp-block-heading\">Specifiche tecniche e caratteristiche del design<\/h4>\n\n\n\n<h2 class=\"wp-block-heading\">Caratteristiche tecniche e innovazione di VOZOL RAVE 40000<\/h2>\n\n\n\n<p>Il VOZOL RAVE 40000 \u00e8 costruito con una tecnologia all'avanguardia per garantire un'esperienza di prim'ordine a ogni puff.<\/p>\n\n\n\n<ul class=\"wp-block-list\">\n<li><strong>Max Puffs:<\/strong> Circa. <strong>40000 soffi<\/strong><\/li>\n\n\n\n<li><strong>Capacit\u00e0 del liquido elettronico:<\/strong> 20 ml<\/li>\n\n\n\n<li><strong>Batteria:<\/strong> 1000 mAh <strong>Ricaricabile<\/strong><\/li>\n\n\n\n<li><strong>Forza della nicotina:<\/strong> 5% (50mg\/ml) Sale di nicotina<\/li>\n\n\n\n<li><strong>Sistema a bobina:<\/strong> <strong>Bobina a doppia maglia<\/strong> con S.i.L.C. Tech<\/li>\n\n\n\n<li><strong>Ricarica:<\/strong> Porta USB Tipo-C (ricarica rapida)<\/li>\n\n\n\n<li><strong>Caratteristica speciale:<\/strong> <strong>Display LED a 270\u00b0 con rilevamento del battito<\/strong><\/li>\n\n\n\n<li><strong>Attivazione:<\/strong> Attivato dal disegno<\/li>\n<\/ul>\n\n\n\n<p>Grazie allo stato dell'arte <strong>Bobina a doppia maglia<\/strong> Il sistema VOZOL RAVE 40000 separa e amplifica perfettamente le note distinte del mirtillo e dell'anguria, offrendo un profilo gustativo omogeneo e ricco di sfumature in tutti i tipi di prodotti. <strong>40000 soffi<\/strong>.<\/p>\n\n\n\n<h4 class=\"wp-block-heading\">Motivi per acquistare ora<\/h4>\n\n\n\n<h2 class=\"wp-block-heading\">Avviso di scorte limitate: prendete il vostro VOZOL RAVE al mirtillo e all'anguria!<\/h2>\n\n\n\n<p>Il VOZOL RAVE 40000 ha conquistato il mercato, stabilendo un punto di riferimento per il settore. <strong>Vapori VOZOL<\/strong> e <strong>40000 boccate di vapore monouso<\/strong> dispositivi. Il complesso e soddisfacente gusto Blueberry Watermelon \u00e8 assolutamente da provare. <strong>Questo lotto di gusti specifici \u00e8 limitato!<\/strong><\/p>\n\n\n\n<p><strong>Agite in fretta:<\/strong> Assicuratevi subito il vostro VOZOL RAVE 40000 e sperimentate la perfetta armonia di sapori supportata da un numero di soffi senza precedenti. <strong>Non indugiate, aggiungete questo innovativo Vape ricaricabile alla vostra collezione oggi stesso!<\/strong><\/p>","protected":false},"excerpt":{"rendered":"<p>VOZOL RAVE 40000 Puffs Blueberry Watermelon: A Juicy Duet The VOZOL RAVE 40000 Puffs Disposable Vape in Blueberry Watermelon offers a delightful summer mashup, combining two of the most popular fruit flavors into one unforgettable experience. Engineered for unparalleled endurance, this model boasts a stunning 40000 puff capacity and features the attention-grabbing 270\u00b0 LED Light [&hellip;]<\/p>\n","protected":false},"featured_media":19283,"comment_status":"open","ping_status":"closed","template":"","meta":[],"product_brand":[178],"product_cat":[135],"product_tag":[],"class_list":{"0":"post-18372","1":"product","2":"type-product","3":"status-publish","4":"has-post-thumbnail","6":"product_brand-vozol","7":"product_cat-40k-puffs","9":"first","10":"instock","11":"sale","12":"featured","13":"shipping-taxable","14":"purchasable","15":"product-type-variable"},"yoast_head":"<!-- This site is optimized with the Yoast SEO plugin v27.4 - https:\/\/yoast.com\/product\/yoast-seo-wordpress\/ -->\n<title>VOZOL RAVE 40000 Puffs | Blueberry Watermelon Flavor LED Display | VOZOL Vapes<\/title>\n<meta name=\"description\" content=\"Try the exotic Blueberry Watermelon VOZOL RAVE 40000 Puffs Disposable Vape. Features a massive 20ml pre-filled tank and the revolutionary 270\u00b0 Beat-Sensing LED Light for a vibrant look. The perfect blend of sweet blueberry and juicy watermelon is waiting. Buy this premium Rechargeable Vape today for maximum flavor and enjoyment.\" \/>\n<meta name=\"robots\" content=\"index, follow, max-snippet:-1, max-image-preview:large, max-video-preview:-1\" \/>\n<link rel=\"canonical\" href=\"https:\/\/vapemaison.com\/it\/prodotto\/vape-ricaricabile-vozol-rave-40000-puff-gusto-mirtillo-ghiaccio\/\" \/>\n<meta property=\"og:locale\" content=\"it_IT\" \/>\n<meta property=\"og:type\" content=\"article\" \/>\n<meta property=\"og:title\" content=\"VOZOL RAVE 40000 Puffs | Blueberry Watermelon Flavor LED Display | VOZOL Vapes\" \/>\n<meta property=\"og:description\" content=\"Try the exotic Blueberry Watermelon VOZOL RAVE 40000 Puffs Disposable Vape. Features a massive 20ml pre-filled tank and the revolutionary 270\u00b0 Beat-Sensing LED Light for a vibrant look. The perfect blend of sweet blueberry and juicy watermelon is waiting. Buy this premium Rechargeable Vape today for maximum flavor and enjoyment.\" \/>\n<meta property=\"og:url\" content=\"https:\/\/vapemaison.com\/it\/prodotto\/vape-ricaricabile-vozol-rave-40000-puff-gusto-mirtillo-ghiaccio\/\" \/>\n<meta property=\"og:site_name\" content=\"VapeMaison\" \/>\n<meta property=\"article:modified_time\" content=\"2026-01-09T08:58:38+00:00\" \/>\n<meta property=\"og:image\" content=\"https:\/\/vapemaison.com\/wp-content\/uploads\/2025\/12\/vozol-rave-40000-Blueberry-Ice-2-768x768-1.webp\" \/>\n\t<meta property=\"og:image:width\" content=\"768\" \/>\n\t<meta property=\"og:image:height\" content=\"768\" \/>\n\t<meta property=\"og:image:type\" content=\"image\/webp\" \/>\n<meta name=\"twitter:card\" content=\"summary_large_image\" \/>\n<meta name=\"twitter:label1\" content=\"Tempo di lettura stimato\" \/>\n\t<meta name=\"twitter:data1\" content=\"2 minuti\" \/>\n<!-- \/ Yoast SEO plugin. -->","yoast_head_json":{"title":"VOZOL RAVE 40000 boccate | Display LED al gusto di mirtillo e anguria | VOZOL Vapes","description":"Provate l'esotico Blueberry Watermelon VOZOL RAVE 40000 Puffs Disposable Vape. Dispone di un enorme serbatoio pre-riempito da 20 ml e della rivoluzionaria luce LED Beat-Sensing a 270\u00b0 per un look vibrante. La miscela perfetta di mirtillo dolce e anguria succosa vi aspetta. Acquistate oggi stesso questa svapata ricaricabile di qualit\u00e0 superiore per ottenere il massimo del gusto e del divertimento.","robots":{"index":"index","follow":"follow","max-snippet":"max-snippet:-1","max-image-preview":"max-image-preview:large","max-video-preview":"max-video-preview:-1"},"canonical":"https:\/\/vapemaison.com\/it\/prodotto\/vape-ricaricabile-vozol-rave-40000-puff-gusto-mirtillo-ghiaccio\/","og_locale":"it_IT","og_type":"article","og_title":"VOZOL RAVE 40000 Puffs | Blueberry Watermelon Flavor LED Display | VOZOL Vapes","og_description":"Try the exotic Blueberry Watermelon VOZOL RAVE 40000 Puffs Disposable Vape. Features a massive 20ml pre-filled tank and the revolutionary 270\u00b0 Beat-Sensing LED Light for a vibrant look. The perfect blend of sweet blueberry and juicy watermelon is waiting. Buy this premium Rechargeable Vape today for maximum flavor and enjoyment.","og_url":"https:\/\/vapemaison.com\/it\/prodotto\/vape-ricaricabile-vozol-rave-40000-puff-gusto-mirtillo-ghiaccio\/","og_site_name":"VapeMaison","article_modified_time":"2026-01-09T08:58:38+00:00","og_image":[{"width":768,"height":768,"url":"https:\/\/vapemaison.com\/wp-content\/uploads\/2025\/12\/vozol-rave-40000-Blueberry-Ice-2-768x768-1.webp","type":"image\/webp"}],"twitter_card":"summary_large_image","twitter_misc":{"Tempo di lettura stimato":"2 minuti"},"schema":{"@context":"https:\/\/schema.org","@graph":[{"@type":"WebPage","@id":"https:\/\/vapemaison.com\/product\/rechargeable-vape-vozol-rave-40000-puffs-blueberry-ice-flavor\/","url":"https:\/\/vapemaison.com\/product\/rechargeable-vape-vozol-rave-40000-puffs-blueberry-ice-flavor\/","name":"VOZOL RAVE 40000 boccate | Display LED al gusto di mirtillo e anguria | VOZOL Vapes","isPartOf":{"@id":"https:\/\/vapemaison.com\/#website"},"primaryImageOfPage":{"@id":"https:\/\/vapemaison.com\/product\/rechargeable-vape-vozol-rave-40000-puffs-blueberry-ice-flavor\/#primaryimage"},"image":{"@id":"https:\/\/vapemaison.com\/product\/rechargeable-vape-vozol-rave-40000-puffs-blueberry-ice-flavor\/#primaryimage"},"thumbnailUrl":"https:\/\/vapemaison.com\/wp-content\/uploads\/2025\/12\/vozol-rave-40000-Blueberry-Ice-2-768x768-1.webp","datePublished":"2025-12-15T07:51:39+00:00","dateModified":"2026-01-09T08:58:38+00:00","description":"Provate l'esotico Blueberry Watermelon VOZOL RAVE 40000 Puffs Disposable Vape. Dispone di un enorme serbatoio pre-riempito da 20 ml e della rivoluzionaria luce LED Beat-Sensing a 270\u00b0 per un look vibrante. La miscela perfetta di mirtillo dolce e anguria succosa vi aspetta. Acquistate oggi stesso questa svapata ricaricabile di qualit\u00e0 superiore per ottenere il massimo del gusto e del divertimento.","breadcrumb":{"@id":"https:\/\/vapemaison.com\/product\/rechargeable-vape-vozol-rave-40000-puffs-blueberry-ice-flavor\/#breadcrumb"},"inLanguage":"it-IT","potentialAction":[{"@type":"ReadAction","target":["https:\/\/vapemaison.com\/product\/rechargeable-vape-vozol-rave-40000-puffs-blueberry-ice-flavor\/"]}]},{"@type":"ImageObject","inLanguage":"it-IT","@id":"https:\/\/vapemaison.com\/product\/rechargeable-vape-vozol-rave-40000-puffs-blueberry-ice-flavor\/#primaryimage","url":"https:\/\/vapemaison.com\/wp-content\/uploads\/2025\/12\/vozol-rave-40000-Blueberry-Ice-2-768x768-1.webp","contentUrl":"https:\/\/vapemaison.com\/wp-content\/uploads\/2025\/12\/vozol-rave-40000-Blueberry-Ice-2-768x768-1.webp","width":768,"height":768,"caption":"Vozol Rave Blueberry Ice 2 768x768 Disposable Vape Device"},{"@type":"BreadcrumbList","@id":"https:\/\/vapemaison.com\/product\/rechargeable-vape-vozol-rave-40000-puffs-blueberry-ice-flavor\/#breadcrumb","itemListElement":[{"@type":"ListItem","position":1,"name":"\u9996\u9875","item":"https:\/\/vapemaison.com\/"},{"@type":"ListItem","position":2,"name":"Shop","item":"https:\/\/vapemaison.com\/shop\/"},{"@type":"ListItem","position":3,"name":"Vozol","item":"https:\/\/vapemaison.com\/brand\/vozol\/"},{"@type":"ListItem","position":4,"name":"VOZOL RAVE 40000 Puffs | Blueberry Watermelon Flavor LED Display | VOZOL Vapes"}]},{"@type":"WebSite","@id":"https:\/\/vapemaison.com\/#website","url":"https:\/\/vapemaison.com\/","name":"VapeMaison","description":"Dispositivi e accessori per il vaping di alta qualit\u00e0","publisher":{"@id":"https:\/\/vapemaison.com\/#organization"},"potentialAction":[{"@type":"SearchAction","target":{"@type":"EntryPoint","urlTemplate":"https:\/\/vapemaison.com\/?s={search_term_string}"},"query-input":{"@type":"PropertyValueSpecification","valueRequired":true,"valueName":"search_term_string"}}],"inLanguage":"it-IT"},{"@type":"Organization","@id":"https:\/\/vapemaison.com\/#organization","name":"VapeMaison","url":"https:\/\/vapemaison.com\/","logo":{"@type":"ImageObject","inLanguage":"it-IT","@id":"https:\/\/vapemaison.com\/#\/schema\/logo\/image\/","url":"https:\/\/vapemaison.com\/wp-content\/uploads\/2026\/01\/cropped-vapemaison-logo-g-2026.webp","contentUrl":"https:\/\/vapemaison.com\/wp-content\/uploads\/2026\/01\/cropped-vapemaison-logo-g-2026.webp","width":350,"height":280,"caption":"VapeMaison"},"image":{"@id":"https:\/\/vapemaison.com\/#\/schema\/logo\/image\/"},"sameAs":["https:\/\/www.youtube.com\/@VapeMaison"]}]}},"tiered_pricing_type":"fixed","tiered_pricing_fixed_rules":{"30":"12.24","50":"11.63","100":"10.86","200":"9.98"},"tiered_pricing_product_settings":{"layout":"default","base_unit_name":{"singular":null,"plural":null},"default_variation":null},"tiered_pricing_minimum_quantity":10,"tiered_pricing_roles_data":[],"tiered_pricing_percentage_rules":[],"tiered_pricing_maximum_quantity":null,"tiered_pricing_quantity_step":"10","_links":{"self":[{"href":"https:\/\/vapemaison.com\/it\/wp-json\/wp\/v2\/product\/18372","targetHints":{"allow":["GET"]}}],"collection":[{"href":"https:\/\/vapemaison.com\/it\/wp-json\/wp\/v2\/product"}],"about":[{"href":"https:\/\/vapemaison.com\/it\/wp-json\/wp\/v2\/types\/product"}],"replies":[{"embeddable":true,"href":"https:\/\/vapemaison.com\/it\/wp-json\/wp\/v2\/comments?post=18372"}],"version-history":[{"count":0,"href":"https:\/\/vapemaison.com\/it\/wp-json\/wp\/v2\/product\/18372\/revisions"}],"wp:featuredmedia":[{"embeddable":true,"href":"https:\/\/vapemaison.com\/it\/wp-json\/wp\/v2\/media\/19283"}],"wp:attachment":[{"href":"https:\/\/vapemaison.com\/it\/wp-json\/wp\/v2\/media?parent=18372"}],"wp:term":[{"taxonomy":"product_brand","embeddable":true,"href":"https:\/\/vapemaison.com\/it\/wp-json\/wp\/v2\/product_brand?post=18372"},{"taxonomy":"product_cat","embeddable":true,"href":"https:\/\/vapemaison.com\/it\/wp-json\/wp\/v2\/product_cat?post=18372"},{"taxonomy":"product_tag","embeddable":true,"href":"https:\/\/vapemaison.com\/it\/wp-json\/wp\/v2\/product_tag?post=18372"}],"curies":[{"name":"wp","href":"https:\/\/api.w.org\/{rel}","templated":true}]}}