

{"id":18422,"date":"2025-12-15T07:51:49","date_gmt":"2025-12-15T07:51:49","guid":{"rendered":"https:\/\/vapemaison.com\/?post_type=product&#038;p=18422"},"modified":"2025-12-20T09:17:38","modified_gmt":"2025-12-20T09:17:38","slug":"vozol-rave-ciliegia-fragola-display-led-40k-puffs-vape-usa-e-getta","status":"publish","type":"product","link":"https:\/\/vapemaison.com\/it\/product\/vozol-rave-cherry-strawberry-led-display-40k-puffs-disposable-vape\/","title":{"rendered":"VOZOL RAVE Ciliegia Fragola Display LED | 40k Boccate Vape usa e getta"},"content":{"rendered":"<p>Il <strong>VOZOL RAVE 40000 boccate di vapore monouso<\/strong> in Blue Razz Ice offre un'esaltante combinazione di dolce, aspro e ghiacciato. Progettato per garantire prestazioni e divertimento, questo dispositivo vanta una qualit\u00e0 senza precedenti. <strong>40000 soffi<\/strong> ed \u00e8 VOZOL RAVE 40000 Puffs Cherry Strawberry: Doppia delizia<\/p>\n\n\n\n<p>Il <strong>VOZOL RAVE 40000 boccate di vapore monouso<\/strong> in Cherry Strawberry offre un profilo di sapore profondo e indulgente per gli amanti delle miscele di frutti rossi. Questo eccezionale dispositivo offre non solo un gusto delizioso, ma anche un'eccezionale <strong>40000 soffi<\/strong> e un design accattivante e divertente con il marchio <strong>Display party a 270\u00b0 a LED<\/strong>. \u00c8 il perfetto <strong>Vape ricaricabile<\/strong> per un uso prolungato, senza compromettere l'intensit\u00e0 del sapore o l'aspetto estetico.<\/p>\n\n\n\n<h4 class=\"wp-block-heading\">Festa del gusto: Scopri il tuo preferito<\/h4>\n\n\n\n<h2 class=\"wp-block-heading\">Ciliegia e fragola: Un abbinamento classico e dolce<\/h2>\n\n\n\n<p>La ciliegia e la fragola sono una fusione ricca e soddisfacente in cui la <strong>nota profonda e leggermente acida di ciliegie mature<\/strong> si armonizza con il <strong>gusto brillante e dolce delle fragole fresche di giardino<\/strong>. Il sapore risultante \u00e8 complesso ma familiare e offre un'esperienza di svapo dolce e confortante per tutto il giorno.<\/p>\n\n\n\n<ul class=\"wp-block-list\">\n<li>Ghiaccio Blu Razz<\/li>\n\n\n\n<li>Ghiaccio al mirtillo<\/li>\n\n\n\n<li>Anguria al mirtillo<\/li>\n\n\n\n<li><strong>Ciliegia e fragola:<\/strong> Una miscela audace e dolce in cui il gusto distinto della ciliegia si affianca alla classica dolcezza della fragola.<\/li>\n\n\n\n<li>Menta fresca<\/li>\n\n\n\n<li>Doppia mela<\/li>\n\n\n\n<li>Ghiaccio d'uva<\/li>\n\n\n\n<li>Amore 777<\/li>\n\n\n\n<li>Ghiaccio al mango<\/li>\n\n\n\n<li>Mango e pesca<\/li>\n\n\n\n<li>Ghiaccio alla pesca<\/li>\n\n\n\n<li>Limonata alla pesca e lampone<\/li>\n\n\n\n<li>Ghiaccio alla fragola<\/li>\n\n\n\n<li>Fragola Kiwi<\/li>\n\n\n\n<li>Mango alla fragola<\/li>\n\n\n\n<li>Anguria alla fragola<\/li>\n\n\n\n<li>Fragola e pesca<\/li>\n\n\n\n<li>Anguria Bubblegum<\/li>\n\n\n\n<li>Ghiaccio all'anguria<\/li>\n\n\n\n<li>Razz Rancher all'anguria<\/li>\n<\/ul>\n\n\n\n<h4 class=\"wp-block-heading\">Specifiche tecniche e caratteristiche del design<\/h4>\n\n\n\n<h2 class=\"wp-block-heading\">Caratteristiche tecniche e innovazione di VOZOL RAVE 40000<\/h2>\n\n\n\n<p>Il VOZOL RAVE 40000 \u00e8 costruito con una tecnologia all'avanguardia per garantire un'esperienza di prim'ordine a ogni puff.<\/p>\n\n\n\n<ul class=\"wp-block-list\">\n<li><strong>Max Puffs:<\/strong> Circa. <strong>40000 soffi<\/strong><\/li>\n\n\n\n<li><strong>Capacit\u00e0 del liquido elettronico:<\/strong> 20 ml<\/li>\n\n\n\n<li><strong>Batteria:<\/strong> 1000 mAh <strong>Ricaricabile<\/strong><\/li>\n\n\n\n<li><strong>Forza della nicotina:<\/strong> 5% (50mg\/ml) Sale di nicotina<\/li>\n\n\n\n<li><strong>Sistema a bobina:<\/strong> <strong>Bobina a doppia maglia<\/strong> con S.i.L.C. Tech<\/li>\n\n\n\n<li><strong>Ricarica:<\/strong> Porta USB Tipo-C (ricarica rapida)<\/li>\n\n\n\n<li><strong>Caratteristica speciale:<\/strong> <strong>Display LED a 270\u00b0 con rilevamento del battito<\/strong><\/li>\n\n\n\n<li><strong>Attivazione:<\/strong> Attivato dal disegno<\/li>\n<\/ul>\n\n\n\n<p>Il potente <strong>Bobina a doppia maglia<\/strong> all'interno del VOZOL RAVE 40000 gestisce sapientemente la ricca miscela Cherry Strawberry, offrendo le profonde note fruttate con il massimo calore e la massima densit\u00e0 di nuvole per un'estrazione davvero soddisfacente ogni volta.<\/p>\n\n\n\n<h4 class=\"wp-block-heading\">D. \ud83d\uded2 Motivi per acquistare ora<\/h4>\n\n\n\n<h2 class=\"wp-block-heading\">Avviso di scorte limitate: prendete il vostro VOZOL RAVE alla ciliegia e alla fragola!<\/h2>\n\n\n\n<p>Il VOZOL RAVE 40000 sta rapidamente diventando il punto di riferimento per <strong>40000 boccate di vapore monouso<\/strong> in tutto il mondo, apprezzata per la sua longevit\u00e0 e le sue prestazioni. Il delizioso gusto Cherry Strawberry \u00e8 sempre molto richiesto. <strong>Le unit\u00e0 rimaste sono limitate!<\/strong><\/p>\n\n\n\n<p><strong>Agite in fretta:<\/strong> Assicuratevi subito il vostro VOZOL RAVE 40000 e godetevi un'esperienza di vaping premium e ininterrotta, supportata da uno spettacolare spettacolo di luci. <strong>Ordinate questo fantastico vape VOZOL prima che si esaurisca!<\/strong><\/p>\n\n\n\n<p><\/p>","protected":false},"excerpt":{"rendered":"<p>The VOZOL RAVE 40000 Puffs Disposable Vape in Blue Razz Ice delivers an exhilarating combination of sweet, tart, and icy refreshment. Engineered for performance and fun, this device boasts an unprecedented 40000 puff count and is VOZOL RAVE 40000 Puffs Cherry Strawberry: Double the Delight The VOZOL RAVE 40000 Puffs Disposable Vape in Cherry Strawberry [&hellip;]<\/p>\n","protected":false},"featured_media":19296,"comment_status":"open","ping_status":"closed","template":"","meta":[],"product_brand":[178],"product_cat":[135],"product_tag":[],"class_list":{"0":"post-18422","1":"product","2":"type-product","3":"status-publish","4":"has-post-thumbnail","6":"product_brand-vozol","7":"product_cat-40k-puffs","9":"first","10":"instock","11":"sale","12":"shipping-taxable","13":"purchasable","14":"product-type-variable"},"yoast_head":"<!-- This site is optimized with the Yoast SEO plugin v27.4 - https:\/\/yoast.com\/product\/yoast-seo-wordpress\/ -->\n<title>40k Puffs Disposable Vape | VOZOL RAVE Cherry Strawberry<\/title>\n<meta name=\"description\" content=\"Discover the luscious Cherry Strawberry VOZOL RAVE 40000, combining two sweet red fruits for an intense flavor. Enjoy 40000 Puffs, a massive 20ml capacity, and the thrilling 270\u00b0 Beat-Sensing LED Display. This is the ultimate VOZOL vapes experience. Order your long-lasting, flavor-rich device today!\" \/>\n<meta name=\"robots\" content=\"index, follow, max-snippet:-1, max-image-preview:large, max-video-preview:-1\" \/>\n<link rel=\"canonical\" href=\"https:\/\/vapemaison.com\/it\/prodotto\/vozol-rave-ciliegia-fragola-display-led-40k-puffs-vape-usa-e-getta\/\" \/>\n<meta property=\"og:locale\" content=\"it_IT\" \/>\n<meta property=\"og:type\" content=\"article\" \/>\n<meta property=\"og:title\" content=\"40k Puffs Disposable Vape | VOZOL RAVE Cherry Strawberry\" \/>\n<meta property=\"og:description\" content=\"Discover the luscious Cherry Strawberry VOZOL RAVE 40000, combining two sweet red fruits for an intense flavor. Enjoy 40000 Puffs, a massive 20ml capacity, and the thrilling 270\u00b0 Beat-Sensing LED Display. This is the ultimate VOZOL vapes experience. Order your long-lasting, flavor-rich device today!\" \/>\n<meta property=\"og:url\" content=\"https:\/\/vapemaison.com\/it\/prodotto\/vozol-rave-ciliegia-fragola-display-led-40k-puffs-vape-usa-e-getta\/\" \/>\n<meta property=\"og:site_name\" content=\"VapeMaison\" \/>\n<meta property=\"article:modified_time\" content=\"2025-12-20T09:17:38+00:00\" \/>\n<meta property=\"og:image\" content=\"https:\/\/vapemaison.com\/wp-content\/uploads\/2025\/12\/vozol-rave-40000-Peach-Ice-3-768x768-1.webp\" \/>\n\t<meta property=\"og:image:width\" content=\"768\" \/>\n\t<meta property=\"og:image:height\" content=\"768\" \/>\n\t<meta property=\"og:image:type\" content=\"image\/webp\" \/>\n<meta name=\"twitter:card\" content=\"summary_large_image\" \/>\n<meta name=\"twitter:label1\" content=\"Tempo di lettura stimato\" \/>\n\t<meta name=\"twitter:data1\" content=\"3 minuti\" \/>\n<!-- \/ Yoast SEO plugin. -->","yoast_head_json":{"title":"40k Bocconi di Vape usa e getta - VOZOL RAVE Ciliegia e Fragola","description":"Scoprite la lussuriosa Cherry Strawberry VOZOL RAVE 40000, che combina due dolci frutti rossi per un sapore intenso. Godetevi 40000 boccate, un'enorme capacit\u00e0 di 20 ml e l'emozionante display a LED con rilevamento del battito a 270\u00b0. Questa \u00e8 l'esperienza di svapo VOZOL definitiva. Ordinate oggi stesso il vostro dispositivo di lunga durata e ricco di sapore!","robots":{"index":"index","follow":"follow","max-snippet":"max-snippet:-1","max-image-preview":"max-image-preview:large","max-video-preview":"max-video-preview:-1"},"canonical":"https:\/\/vapemaison.com\/it\/prodotto\/vozol-rave-ciliegia-fragola-display-led-40k-puffs-vape-usa-e-getta\/","og_locale":"it_IT","og_type":"article","og_title":"40k Puffs Disposable Vape | VOZOL RAVE Cherry Strawberry","og_description":"Discover the luscious Cherry Strawberry VOZOL RAVE 40000, combining two sweet red fruits for an intense flavor. Enjoy 40000 Puffs, a massive 20ml capacity, and the thrilling 270\u00b0 Beat-Sensing LED Display. This is the ultimate VOZOL vapes experience. Order your long-lasting, flavor-rich device today!","og_url":"https:\/\/vapemaison.com\/it\/prodotto\/vozol-rave-ciliegia-fragola-display-led-40k-puffs-vape-usa-e-getta\/","og_site_name":"VapeMaison","article_modified_time":"2025-12-20T09:17:38+00:00","og_image":[{"width":768,"height":768,"url":"https:\/\/vapemaison.com\/wp-content\/uploads\/2025\/12\/vozol-rave-40000-Peach-Ice-3-768x768-1.webp","type":"image\/webp"}],"twitter_card":"summary_large_image","twitter_misc":{"Tempo di lettura stimato":"3 minuti"},"schema":{"@context":"https:\/\/schema.org","@graph":[{"@type":"WebPage","@id":"https:\/\/vapemaison.com\/product\/vozol-rave-cherry-strawberry-led-display-40k-puffs-disposable-vape\/","url":"https:\/\/vapemaison.com\/product\/vozol-rave-cherry-strawberry-led-display-40k-puffs-disposable-vape\/","name":"40k Bocconi di Vape usa e getta - VOZOL RAVE Ciliegia e Fragola","isPartOf":{"@id":"https:\/\/vapemaison.com\/#website"},"primaryImageOfPage":{"@id":"https:\/\/vapemaison.com\/product\/vozol-rave-cherry-strawberry-led-display-40k-puffs-disposable-vape\/#primaryimage"},"image":{"@id":"https:\/\/vapemaison.com\/product\/vozol-rave-cherry-strawberry-led-display-40k-puffs-disposable-vape\/#primaryimage"},"thumbnailUrl":"https:\/\/vapemaison.com\/wp-content\/uploads\/2025\/12\/vozol-rave-40000-Peach-Ice-3-768x768-1.webp","datePublished":"2025-12-15T07:51:49+00:00","dateModified":"2025-12-20T09:17:38+00:00","description":"Scoprite la lussuriosa Cherry Strawberry VOZOL RAVE 40000, che combina due dolci frutti rossi per un sapore intenso. Godetevi 40000 boccate, un'enorme capacit\u00e0 di 20 ml e l'emozionante display a LED con rilevamento del battito a 270\u00b0. Questa \u00e8 l'esperienza di svapo VOZOL definitiva. Ordinate oggi stesso il vostro dispositivo di lunga durata e ricco di sapore!","breadcrumb":{"@id":"https:\/\/vapemaison.com\/product\/vozol-rave-cherry-strawberry-led-display-40k-puffs-disposable-vape\/#breadcrumb"},"inLanguage":"it-IT","potentialAction":[{"@type":"ReadAction","target":["https:\/\/vapemaison.com\/product\/vozol-rave-cherry-strawberry-led-display-40k-puffs-disposable-vape\/"]}]},{"@type":"ImageObject","inLanguage":"it-IT","@id":"https:\/\/vapemaison.com\/product\/vozol-rave-cherry-strawberry-led-display-40k-puffs-disposable-vape\/#primaryimage","url":"https:\/\/vapemaison.com\/wp-content\/uploads\/2025\/12\/vozol-rave-40000-Peach-Ice-3-768x768-1.webp","contentUrl":"https:\/\/vapemaison.com\/wp-content\/uploads\/2025\/12\/vozol-rave-40000-Peach-Ice-3-768x768-1.webp","width":768,"height":768,"caption":"Vozol Rave Peach Ice 3 768x768 Disposable Vape Device"},{"@type":"BreadcrumbList","@id":"https:\/\/vapemaison.com\/product\/vozol-rave-cherry-strawberry-led-display-40k-puffs-disposable-vape\/#breadcrumb","itemListElement":[{"@type":"ListItem","position":1,"name":"\u9996\u9875","item":"https:\/\/vapemaison.com\/"},{"@type":"ListItem","position":2,"name":"Shop","item":"https:\/\/vapemaison.com\/shop\/"},{"@type":"ListItem","position":3,"name":"Vozol","item":"https:\/\/vapemaison.com\/brand\/vozol\/"},{"@type":"ListItem","position":4,"name":"VOZOL RAVE Cherry Strawberry LED Display | 40k Puffs Disposable Vape"}]},{"@type":"WebSite","@id":"https:\/\/vapemaison.com\/#website","url":"https:\/\/vapemaison.com\/","name":"VapeMaison","description":"Dispositivi e accessori per il vaping di alta qualit\u00e0","publisher":{"@id":"https:\/\/vapemaison.com\/#organization"},"potentialAction":[{"@type":"SearchAction","target":{"@type":"EntryPoint","urlTemplate":"https:\/\/vapemaison.com\/?s={search_term_string}"},"query-input":{"@type":"PropertyValueSpecification","valueRequired":true,"valueName":"search_term_string"}}],"inLanguage":"it-IT"},{"@type":"Organization","@id":"https:\/\/vapemaison.com\/#organization","name":"VapeMaison","url":"https:\/\/vapemaison.com\/","logo":{"@type":"ImageObject","inLanguage":"it-IT","@id":"https:\/\/vapemaison.com\/#\/schema\/logo\/image\/","url":"https:\/\/vapemaison.com\/wp-content\/uploads\/2026\/01\/cropped-vapemaison-logo-g-2026.webp","contentUrl":"https:\/\/vapemaison.com\/wp-content\/uploads\/2026\/01\/cropped-vapemaison-logo-g-2026.webp","width":350,"height":280,"caption":"VapeMaison"},"image":{"@id":"https:\/\/vapemaison.com\/#\/schema\/logo\/image\/"},"sameAs":["https:\/\/www.youtube.com\/@VapeMaison"]}]}},"tiered_pricing_type":"fixed","tiered_pricing_fixed_rules":{"30":"12.24","50":"11.63","100":"10.86","200":"9.98"},"tiered_pricing_product_settings":{"layout":"default","base_unit_name":{"singular":null,"plural":null},"default_variation":null},"tiered_pricing_minimum_quantity":10,"tiered_pricing_roles_data":[],"tiered_pricing_percentage_rules":[],"tiered_pricing_maximum_quantity":null,"tiered_pricing_quantity_step":"10","_links":{"self":[{"href":"https:\/\/vapemaison.com\/it\/wp-json\/wp\/v2\/product\/18422","targetHints":{"allow":["GET"]}}],"collection":[{"href":"https:\/\/vapemaison.com\/it\/wp-json\/wp\/v2\/product"}],"about":[{"href":"https:\/\/vapemaison.com\/it\/wp-json\/wp\/v2\/types\/product"}],"replies":[{"embeddable":true,"href":"https:\/\/vapemaison.com\/it\/wp-json\/wp\/v2\/comments?post=18422"}],"version-history":[{"count":0,"href":"https:\/\/vapemaison.com\/it\/wp-json\/wp\/v2\/product\/18422\/revisions"}],"wp:featuredmedia":[{"embeddable":true,"href":"https:\/\/vapemaison.com\/it\/wp-json\/wp\/v2\/media\/19296"}],"wp:attachment":[{"href":"https:\/\/vapemaison.com\/it\/wp-json\/wp\/v2\/media?parent=18422"}],"wp:term":[{"taxonomy":"product_brand","embeddable":true,"href":"https:\/\/vapemaison.com\/it\/wp-json\/wp\/v2\/product_brand?post=18422"},{"taxonomy":"product_cat","embeddable":true,"href":"https:\/\/vapemaison.com\/it\/wp-json\/wp\/v2\/product_cat?post=18422"},{"taxonomy":"product_tag","embeddable":true,"href":"https:\/\/vapemaison.com\/it\/wp-json\/wp\/v2\/product_tag?post=18422"}],"curies":[{"name":"wp","href":"https:\/\/api.w.org\/{rel}","templated":true}]}}