

{"id":18522,"date":"2025-12-15T07:52:00","date_gmt":"2025-12-15T07:52:00","guid":{"rendered":"https:\/\/vapemaison.com\/?post_type=product&#038;p=18522"},"modified":"2025-12-20T09:15:30","modified_gmt":"2025-12-20T09:15:30","slug":"40000-puff-monouso-vape-vozol-rave-mango-ice-flavor-led-vape-ricaricabile","status":"publish","type":"product","link":"https:\/\/vapemaison.com\/it\/product\/40000-puffs-disposable-vape-vozol-rave-mango-ice-flavor-led-rechargeable-vape\/","title":{"rendered":"40000 boccate di Vape usa e getta | VOZOL RAVE Mango Ice Flavor LED | Vape ricaricabile"},"content":{"rendered":"<p>Il <strong>VOZOL RAVE 40000 boccate di vapore monouso<\/strong> nell'intrigante aroma Love 777 offre un'esperienza di svapo davvero unica e accattivante, che non lascia dubbi. Progettato per i vaper pi\u00f9 avventurosi, questo dispositivo offre un'esperienza di svapo senza precedenti. <strong>40000 <\/strong>VOZOL RAVE 40000 Puffs Mango Ice: Paradiso Tropicale, Esplosione Artica<\/p>\n\n\n\n<p>Il <strong>VOZOL RAVE 40000 boccate di vapore monouso<\/strong> in Mango Ice offre una miscela perfetta di dolcezza esotica e mentolo rinfrescante. Questo dispositivo \u00e8 un campione indiscusso di longevit\u00e0 e offre una durata senza precedenti. <strong>Capacit\u00e0 di 40000 soffi<\/strong> e con l'accattivante <strong>Spettacolo di luci LED a 270\u00b0<\/strong>. Il VOZOL RAVE \u00e8 il prodotto definitivo <strong>Vape ricaricabile<\/strong> per chi desidera un'evasione tropicale potente e di lunga durata ad ogni estrazione.<\/p>\n\n\n\n<h4 class=\"wp-block-heading\">Festa del gusto: Scopri il tuo preferito<\/h4>\n\n\n\n<h2 class=\"wp-block-heading\">Ghiaccio al mango: dolce, succoso e fresco<\/h2>\n\n\n\n<p>Mango Ice offre l'autentico, <strong>gusto lussureggiante di mango perfettamente maturo e dolce<\/strong>, caratterizzati da un profilo profondo e fragrante. La dolcezza \u00e8 splendidamente contrastata da una <strong>esalazione di mentolo a media intensit\u00e0<\/strong>, creando una sensazione tropicale soddisfacente, fresca e succosa, mai troppo aspra.<\/p>\n\n\n\n<ul class=\"wp-block-list\">\n<li>Ghiaccio Blu Razz<\/li>\n\n\n\n<li>Ghiaccio al mirtillo<\/li>\n\n\n\n<li>Anguria al mirtillo<\/li>\n\n\n\n<li>Ciliegia e fragola<\/li>\n\n\n\n<li>Menta fresca<\/li>\n\n\n\n<li>Doppia mela<\/li>\n\n\n\n<li>Ghiaccio d'uva<\/li>\n\n\n\n<li>Amore 777<\/li>\n\n\n\n<li><strong>Ghiaccio al mango:<\/strong> Il gusto fragrante e profondamente dolce del mango maturo \u00e8 rifinito da uno strato di ghiaccio pulito e rinfrescante.<\/li>\n\n\n\n<li>Mango e pesca<\/li>\n\n\n\n<li>Ghiaccio alla pesca<\/li>\n\n\n\n<li>Limonata alla pesca e lampone<\/li>\n\n\n\n<li>Ghiaccio alla fragola<\/li>\n\n\n\n<li>Fragola Kiwi<\/li>\n\n\n\n<li>Mango alla fragola<\/li>\n\n\n\n<li>Anguria alla fragola<\/li>\n\n\n\n<li>Fragola e pesca<\/li>\n\n\n\n<li>Anguria Bubblegum<\/li>\n\n\n\n<li>Ghiaccio all'anguria<\/li>\n\n\n\n<li>Razz Rancher all'anguria<\/li>\n<\/ul>\n\n\n\n<h4 class=\"wp-block-heading\">Specifiche tecniche e caratteristiche del design<\/h4>\n\n\n\n<h2 class=\"wp-block-heading\">Caratteristiche tecniche e innovazione di VOZOL RAVE 40000<\/h2>\n\n\n\n<p>Il VOZOL RAVE 40000 \u00e8 costruito con una tecnologia all'avanguardia per garantire un'esperienza di prim'ordine a ogni puff.<\/p>\n\n\n\n<ul class=\"wp-block-list\">\n<li><strong>Max Puffs:<\/strong> Circa. <strong>40000 soffi<\/strong><\/li>\n\n\n\n<li><strong>Capacit\u00e0 del liquido elettronico:<\/strong> 20 ml<\/li>\n\n\n\n<li><strong>Batteria:<\/strong> 1000 mAh <strong>Ricaricabile<\/strong><\/li>\n\n\n\n<li><strong>Forza della nicotina:<\/strong> 5% (50mg\/ml) Sale di nicotina<\/li>\n\n\n\n<li><strong>Sistema a bobina:<\/strong> <strong>Bobina a doppia maglia<\/strong> con S.i.L.C. Tech<\/li>\n\n\n\n<li><strong>Ricarica:<\/strong> Porta USB Tipo-C (ricarica rapida)<\/li>\n\n\n\n<li><strong>Caratteristica speciale:<\/strong> <strong>Display LED a 270\u00b0 con rilevamento del battito<\/strong><\/li>\n\n\n\n<li><strong>Attivazione:<\/strong> Attivato dal disegno<\/li>\n<\/ul>\n\n\n\n<p>Il potente <strong>Bobina a doppia maglia<\/strong> Il sistema \u00e8 sapientemente regolato per gestire l'intensit\u00e0 della frutta tropicale, assicurando che le fragranti note di mango e il fresco mentolo siano perfettamente erogati con un vapore denso e costante per tutta la durata dell'erogazione. <strong>40000 boccate di vapore monouso<\/strong> durata della vita.<\/p>\n\n\n\n<h4 class=\"wp-block-heading\">Motivi per acquistare ora<\/h4>\n\n\n\n<h2 class=\"wp-block-heading\">Avviso di scorte limitate: prendete il vostro Mango Ice VOZOL RAVE!<\/h2>\n\n\n\n<p>Il VOZOL RAVE 40000 \u00e8 la scelta pi\u00f9 chiara per i vapers che cercano il meglio... <strong>40000 boccate di vapore monouso<\/strong> sul mercato. Il Mango Ice \u00e8 un gusto universalmente amato e venduto rapidamente. <strong>Le scorte attuali stanno rapidamente diminuendo!<\/strong><\/p>\n\n\n\n<p><strong>Agite in fretta:<\/strong> Assicuratevi subito la vostra VOZOL RAVE 40000 e godetevi una svapata tropicale di qualit\u00e0 e di lunga durata con un tocco di festa unico. <strong>Non lasciarti sfuggire questo popolare vape VOZOL da aggiungere immediatamente al carrello!<\/strong><\/p>","protected":false},"excerpt":{"rendered":"<p>The VOZOL RAVE 40000 Puffs Disposable Vape in the intriguing Love 777 flavor offers a truly unique and captivating vaping experience that keeps you guessing. Designed for the adventurous vaper, this device provides an unparalleled 40000 VOZOL RAVE 40000 Puffs Mango Ice: Tropical Paradise, Arctic Blast The VOZOL RAVE 40000 Puffs Disposable Vape in Mango [&hellip;]<\/p>\n","protected":false},"featured_media":19302,"comment_status":"open","ping_status":"closed","template":"","meta":[],"product_brand":[178],"product_cat":[135],"product_tag":[],"class_list":{"0":"post-18522","1":"product","2":"type-product","3":"status-publish","4":"has-post-thumbnail","6":"product_brand-vozol","7":"product_cat-40k-puffs","9":"first","10":"instock","11":"sale","12":"shipping-taxable","13":"purchasable","14":"product-type-variable"},"yoast_head":"<!-- This site is optimized with the Yoast SEO plugin v27.4 - https:\/\/yoast.com\/product\/yoast-seo-wordpress\/ -->\n<title>40000 Puffs Disposable Vape | VOZOL RAVE Mango Ice Flavor LED | Rechargeable Vape<\/title>\n<meta name=\"description\" content=\"Taste the tropical chill of Mango Ice with the VOZOL RAVE 40000. Features 40000 ultra-long puffs, a 20ml e-liquid capacity, and the thrilling 270\u00b0 Beat-Sensing LED Light. Get this premium VOZOL vapes device for intense, frosty mango flavor and unmatched longevity. Shop now for your reliable Rechargeable Vape!\" \/>\n<meta name=\"robots\" content=\"index, follow, max-snippet:-1, max-image-preview:large, max-video-preview:-1\" \/>\n<link rel=\"canonical\" href=\"https:\/\/vapemaison.com\/it\/prodotto\/40000-puff-monouso-vape-vozol-rave-mango-ice-flavor-led-vape-ricaricabile\/\" \/>\n<meta property=\"og:locale\" content=\"it_IT\" \/>\n<meta property=\"og:type\" content=\"article\" \/>\n<meta property=\"og:title\" content=\"40000 Puffs Disposable Vape | VOZOL RAVE Mango Ice Flavor LED | Rechargeable Vape\" \/>\n<meta property=\"og:description\" content=\"Taste the tropical chill of Mango Ice with the VOZOL RAVE 40000. Features 40000 ultra-long puffs, a 20ml e-liquid capacity, and the thrilling 270\u00b0 Beat-Sensing LED Light. Get this premium VOZOL vapes device for intense, frosty mango flavor and unmatched longevity. Shop now for your reliable Rechargeable Vape!\" \/>\n<meta property=\"og:url\" content=\"https:\/\/vapemaison.com\/it\/prodotto\/40000-puff-monouso-vape-vozol-rave-mango-ice-flavor-led-vape-ricaricabile\/\" \/>\n<meta property=\"og:site_name\" content=\"VapeMaison\" \/>\n<meta property=\"article:modified_time\" content=\"2025-12-20T09:15:30+00:00\" \/>\n<meta property=\"og:image\" content=\"https:\/\/vapemaison.com\/wp-content\/uploads\/2025\/12\/vozol-rave-40000-Strawberry-Mango-3-768x768-1.webp\" \/>\n\t<meta property=\"og:image:width\" content=\"768\" \/>\n\t<meta property=\"og:image:height\" content=\"768\" \/>\n\t<meta property=\"og:image:type\" content=\"image\/webp\" \/>\n<meta name=\"twitter:card\" content=\"summary_large_image\" \/>\n<meta name=\"twitter:label1\" content=\"Tempo di lettura stimato\" \/>\n\t<meta name=\"twitter:data1\" content=\"2 minuti\" \/>\n<!-- \/ Yoast SEO plugin. -->","yoast_head_json":{"title":"40000 boccate di Vape usa e getta | VOZOL RAVE Mango Ice Flavor LED | Vape ricaricabile","description":"Assaporate il freddo tropicale del Mango Ice con VOZOL RAVE 40000. Dispone di 40000 boccate ultra-lunghe, una capacit\u00e0 di 20 ml di e-liquid e l'emozionante luce LED a 270\u00b0 con rilevamento del battito. Questo dispositivo VOZOL di qualit\u00e0 superiore offre un intenso sapore di mango ghiacciato e una longevit\u00e0 ineguagliabile. Acquista ora il tuo affidabile Vape ricaricabile!","robots":{"index":"index","follow":"follow","max-snippet":"max-snippet:-1","max-image-preview":"max-image-preview:large","max-video-preview":"max-video-preview:-1"},"canonical":"https:\/\/vapemaison.com\/it\/prodotto\/40000-puff-monouso-vape-vozol-rave-mango-ice-flavor-led-vape-ricaricabile\/","og_locale":"it_IT","og_type":"article","og_title":"40000 Puffs Disposable Vape | VOZOL RAVE Mango Ice Flavor LED | Rechargeable Vape","og_description":"Taste the tropical chill of Mango Ice with the VOZOL RAVE 40000. Features 40000 ultra-long puffs, a 20ml e-liquid capacity, and the thrilling 270\u00b0 Beat-Sensing LED Light. Get this premium VOZOL vapes device for intense, frosty mango flavor and unmatched longevity. Shop now for your reliable Rechargeable Vape!","og_url":"https:\/\/vapemaison.com\/it\/prodotto\/40000-puff-monouso-vape-vozol-rave-mango-ice-flavor-led-vape-ricaricabile\/","og_site_name":"VapeMaison","article_modified_time":"2025-12-20T09:15:30+00:00","og_image":[{"width":768,"height":768,"url":"https:\/\/vapemaison.com\/wp-content\/uploads\/2025\/12\/vozol-rave-40000-Strawberry-Mango-3-768x768-1.webp","type":"image\/webp"}],"twitter_card":"summary_large_image","twitter_misc":{"Tempo di lettura stimato":"2 minuti"},"schema":{"@context":"https:\/\/schema.org","@graph":[{"@type":"WebPage","@id":"https:\/\/vapemaison.com\/product\/40000-puffs-disposable-vape-vozol-rave-mango-ice-flavor-led-rechargeable-vape\/","url":"https:\/\/vapemaison.com\/product\/40000-puffs-disposable-vape-vozol-rave-mango-ice-flavor-led-rechargeable-vape\/","name":"40000 boccate di Vape usa e getta | VOZOL RAVE Mango Ice Flavor LED | Vape ricaricabile","isPartOf":{"@id":"https:\/\/vapemaison.com\/#website"},"primaryImageOfPage":{"@id":"https:\/\/vapemaison.com\/product\/40000-puffs-disposable-vape-vozol-rave-mango-ice-flavor-led-rechargeable-vape\/#primaryimage"},"image":{"@id":"https:\/\/vapemaison.com\/product\/40000-puffs-disposable-vape-vozol-rave-mango-ice-flavor-led-rechargeable-vape\/#primaryimage"},"thumbnailUrl":"https:\/\/vapemaison.com\/wp-content\/uploads\/2025\/12\/vozol-rave-40000-Strawberry-Mango-3-768x768-1.webp","datePublished":"2025-12-15T07:52:00+00:00","dateModified":"2025-12-20T09:15:30+00:00","description":"Assaporate il freddo tropicale del Mango Ice con VOZOL RAVE 40000. Dispone di 40000 boccate ultra-lunghe, una capacit\u00e0 di 20 ml di e-liquid e l'emozionante luce LED a 270\u00b0 con rilevamento del battito. Questo dispositivo VOZOL di qualit\u00e0 superiore offre un intenso sapore di mango ghiacciato e una longevit\u00e0 ineguagliabile. Acquista ora il tuo affidabile Vape ricaricabile!","breadcrumb":{"@id":"https:\/\/vapemaison.com\/product\/40000-puffs-disposable-vape-vozol-rave-mango-ice-flavor-led-rechargeable-vape\/#breadcrumb"},"inLanguage":"it-IT","potentialAction":[{"@type":"ReadAction","target":["https:\/\/vapemaison.com\/product\/40000-puffs-disposable-vape-vozol-rave-mango-ice-flavor-led-rechargeable-vape\/"]}]},{"@type":"ImageObject","inLanguage":"it-IT","@id":"https:\/\/vapemaison.com\/product\/40000-puffs-disposable-vape-vozol-rave-mango-ice-flavor-led-rechargeable-vape\/#primaryimage","url":"https:\/\/vapemaison.com\/wp-content\/uploads\/2025\/12\/vozol-rave-40000-Strawberry-Mango-3-768x768-1.webp","contentUrl":"https:\/\/vapemaison.com\/wp-content\/uploads\/2025\/12\/vozol-rave-40000-Strawberry-Mango-3-768x768-1.webp","width":768,"height":768,"caption":"Vozol Rave Strawberry Mango 3 768x768 Disposable Vape Device"},{"@type":"BreadcrumbList","@id":"https:\/\/vapemaison.com\/product\/40000-puffs-disposable-vape-vozol-rave-mango-ice-flavor-led-rechargeable-vape\/#breadcrumb","itemListElement":[{"@type":"ListItem","position":1,"name":"\u9996\u9875","item":"https:\/\/vapemaison.com\/"},{"@type":"ListItem","position":2,"name":"Shop","item":"https:\/\/vapemaison.com\/shop\/"},{"@type":"ListItem","position":3,"name":"Vozol","item":"https:\/\/vapemaison.com\/brand\/vozol\/"},{"@type":"ListItem","position":4,"name":"40000 Puffs Disposable Vape | VOZOL RAVE Mango Ice Flavor LED | Rechargeable Vape"}]},{"@type":"WebSite","@id":"https:\/\/vapemaison.com\/#website","url":"https:\/\/vapemaison.com\/","name":"VapeMaison","description":"Dispositivi e accessori per il vaping di alta qualit\u00e0","publisher":{"@id":"https:\/\/vapemaison.com\/#organization"},"potentialAction":[{"@type":"SearchAction","target":{"@type":"EntryPoint","urlTemplate":"https:\/\/vapemaison.com\/?s={search_term_string}"},"query-input":{"@type":"PropertyValueSpecification","valueRequired":true,"valueName":"search_term_string"}}],"inLanguage":"it-IT"},{"@type":"Organization","@id":"https:\/\/vapemaison.com\/#organization","name":"VapeMaison","url":"https:\/\/vapemaison.com\/","logo":{"@type":"ImageObject","inLanguage":"it-IT","@id":"https:\/\/vapemaison.com\/#\/schema\/logo\/image\/","url":"https:\/\/vapemaison.com\/wp-content\/uploads\/2026\/01\/cropped-vapemaison-logo-g-2026.webp","contentUrl":"https:\/\/vapemaison.com\/wp-content\/uploads\/2026\/01\/cropped-vapemaison-logo-g-2026.webp","width":350,"height":280,"caption":"VapeMaison"},"image":{"@id":"https:\/\/vapemaison.com\/#\/schema\/logo\/image\/"},"sameAs":["https:\/\/www.youtube.com\/@VapeMaison"]}]}},"tiered_pricing_type":"fixed","tiered_pricing_fixed_rules":{"30":"12.24","50":"11.63","100":"10.86","200":"9.98"},"tiered_pricing_product_settings":{"layout":"default","base_unit_name":{"singular":null,"plural":null},"default_variation":null},"tiered_pricing_minimum_quantity":10,"tiered_pricing_roles_data":[],"tiered_pricing_percentage_rules":[],"tiered_pricing_maximum_quantity":null,"tiered_pricing_quantity_step":"10","_links":{"self":[{"href":"https:\/\/vapemaison.com\/it\/wp-json\/wp\/v2\/product\/18522","targetHints":{"allow":["GET"]}}],"collection":[{"href":"https:\/\/vapemaison.com\/it\/wp-json\/wp\/v2\/product"}],"about":[{"href":"https:\/\/vapemaison.com\/it\/wp-json\/wp\/v2\/types\/product"}],"replies":[{"embeddable":true,"href":"https:\/\/vapemaison.com\/it\/wp-json\/wp\/v2\/comments?post=18522"}],"version-history":[{"count":0,"href":"https:\/\/vapemaison.com\/it\/wp-json\/wp\/v2\/product\/18522\/revisions"}],"wp:featuredmedia":[{"embeddable":true,"href":"https:\/\/vapemaison.com\/it\/wp-json\/wp\/v2\/media\/19302"}],"wp:attachment":[{"href":"https:\/\/vapemaison.com\/it\/wp-json\/wp\/v2\/media?parent=18522"}],"wp:term":[{"taxonomy":"product_brand","embeddable":true,"href":"https:\/\/vapemaison.com\/it\/wp-json\/wp\/v2\/product_brand?post=18522"},{"taxonomy":"product_cat","embeddable":true,"href":"https:\/\/vapemaison.com\/it\/wp-json\/wp\/v2\/product_cat?post=18522"},{"taxonomy":"product_tag","embeddable":true,"href":"https:\/\/vapemaison.com\/it\/wp-json\/wp\/v2\/product_tag?post=18522"}],"curies":[{"name":"wp","href":"https:\/\/api.w.org\/{rel}","templated":true}]}}