

{"id":18935,"date":"2025-12-17T05:56:45","date_gmt":"2025-12-17T05:56:45","guid":{"rendered":"https:\/\/vapemaison.com\/?post_type=product&#038;p=18935"},"modified":"2026-01-09T08:34:20","modified_gmt":"2026-01-09T08:34:20","slug":"bang-leader-stoll-100k-100000-puffs-4-in-1-sapori-led-display-monouso-vape","status":"publish","type":"product","link":"https:\/\/vapemaison.com\/it\/product\/bang-leader-stoll-100k-100000-puffs-4-in-1-flavors-led-display-disposable-vape\/","title":{"rendered":"Bang Leader Stoll 100K 100000 boccate 4 in 1 gusti e display a LED Vape usa e getta"},"content":{"rendered":"<h2 class=\"wp-block-heading\"><strong>Bang Leader Stoll 100K Vape usa e getta - 100.000 boccate<\/strong><\/h2>\n\n\n\n<p>Il <strong>Bang Leader Stoll 100K Vape usa e getta<\/strong> \u00e8 stata progettata per gli utenti che richiedono estrema longevit\u00e0, prestazioni potenti e un'erogazione di aromi di prima qualit\u00e0. Con un'incredibile capacit\u00e0 fino a <strong>100.000 soffi<\/strong>, Questo dispositivo riduce in modo significativo la frequenza di sostituzione, mantenendo una qualit\u00e0 costante per tutta la sua durata.<\/p>\n\n\n\n<p>Progettato con un <strong>Sistema di aromi 4 in 1<\/strong>, Il modello Stoll 100K \u00e8 dotato di <strong>4 camere separate per e-liquid da 14 ml<\/strong>, permettendo agli utenti di passare da un aroma all'altro senza alcuno sforzo in un unico dispositivo. Questo design innovativo offre variet\u00e0, convenienza e un'esperienza di svapo rinnovata in qualsiasi momento.<\/p>\n\n\n\n<p>Il dispositivo utilizza <strong>Tecnologia Quad 1.0\u03a9 Mesh Coil<\/strong>, garantendo un riscaldamento uniforme, una maggiore intensit\u00e0 del sapore e una produzione di vapore omogenea dalla prima all'ultima boccata. Le prestazioni rimangono stabili, anche in caso di uso prolungato.<\/p>\n\n\n\n<p>A incorporato <strong>Display LED intelligente<\/strong> fornisce una visibilit\u00e0 in tempo reale del livello della batteria e dello stato dell'e-liquid, consentendo agli utenti di monitorare facilmente l'utilizzo e di svapare in tutta tranquillit\u00e0.<\/p>\n\n\n\n<p>Alimentato da un <strong>Batteria ricaricabile da 850 mAh<\/strong>, il Bang Leader che Stoll sostiene <strong>Ricarica rapida USB Type-C<\/strong>, riducendo al minimo i tempi di inattivit\u00e0 e garantendo prestazioni costanti. Completamente <strong>Conformit\u00e0 alla TPD<\/strong>, Il prodotto soddisfa gli standard normativi e di sicurezza dell'UE, rendendolo adatto al mercato europeo.<\/p>\n\n\n\n<p>Con <strong>10 combinazioni di sapori disponibili<\/strong>, Questo dispositivo offre versatilit\u00e0, affidabilit\u00e0 e un'esperienza di vaping di alto livello, ideale sia per l'uso personale che per la vendita al dettaglio.<\/p>\n\n\n\n<h3 class=\"wp-block-heading\"><strong>Caratteristiche principali<\/strong><\/h3>\n\n\n\n<ul class=\"wp-block-list\">\n<li>Fino a <strong>100.000 soffi<\/strong> per dispositivo<\/li>\n\n\n\n<li><strong>4 \u00d7 14mL<\/strong> Capacit\u00e0 e-liquid (4 aromi in un unico dispositivo)<\/li>\n\n\n\n<li><strong>Bobine a rete Quad 1.0\u03a9<\/strong> per un sapore pi\u00f9 intenso e un vapore omogeneo<\/li>\n\n\n\n<li><strong>Batteria ricaricabile da 850 mAh<\/strong><\/li>\n\n\n\n<li><strong>Ricarica rapida USB Type-C<\/strong><\/li>\n\n\n\n<li><strong>Schermo LED intelligente<\/strong> (indicatori di batteria e e-liquid)<\/li>\n\n\n\n<li><strong>Potenzialit\u00e0 della nicotina:<\/strong> 2%, 3%, 5%<\/li>\n\n\n\n<li><strong>Conformit\u00e0 alla TPD<\/strong> (standard UE)<\/li>\n\n\n\n<li><strong>10 varianti di gusto disponibili<\/strong><\/li>\n\n\n\n<li><strong>Imballaggio:<\/strong> 10 pezzi per scatola<\/li>\n<\/ul>\n\n\n\n<h3 class=\"wp-block-heading\"><strong>Combinazioni di sapori<\/strong><\/h3>\n\n\n\n<ul class=\"wp-block-list\">\n<li>Limone e lime \/ Ghiaccio all'anguria \/ Ghiaccio al drago nero \/ Fragola al frutto del drago \/ Amore 666<\/li>\n\n\n\n<li>Vaniglia Cola \/ Limone Pesca \/ Fragola Lampone Ciliegia Ghiaccio \/ Uva Ghiaccio<\/li>\n\n\n\n<li>Uva a fiumi \/ Litchi ghiacciati \/ Bacche di pesca \/ Kiwi Frutto della Passione Guava<\/li>\n\n\n\n<li>Ghiaccio all'anguria \/ Mango alla fragola \/ Ghiaccio al mirtillo \/ Ciliegia frizzante<\/li>\n\n\n\n<li>Fragola anguria \/ Ciliegia Cola \/ Pesca ghiacciata succosa \/ Pompelmo rinfrescante<\/li>\n\n\n\n<li>Limone e lime \/ Fragola e ghiaccio \/ Lampone e anguria \/ Ciliegia frizzante<\/li>\n\n\n\n<li>Limonata rosa \/ Kiwi frutto della passione Guava \/ Pesca frutti di bosco \/ Fragola banana<\/li>\n\n\n\n<li>Mango alla fragola \/ Limonata Blue Razz \/ Gelato alla vaniglia \/ Tripla bacca acida<\/li>\n\n\n\n<li>Misto di frutti di bosco \/ Ciliegia e limone \/ Fragola e kiwi \/ Anguria e fragola<\/li>\n\n\n\n<li>Mojito \/ Monster Mango \/ Lady Killer \/ Limonata rosa<\/li>\n<\/ul>\n\n\n\n<h3 class=\"wp-block-heading\"><strong>Ideale per<\/strong><\/h3>\n\n\n\n<ul class=\"wp-block-list\">\n<li>Utenti che cercano <strong>Capacit\u00e0 massima di soffio<\/strong><\/li>\n\n\n\n<li>Vapers che amano <strong>pi\u00f9 gusti in un unico dispositivo<\/strong><\/li>\n\n\n\n<li>Rivenditori e grossisti alla ricerca di <strong>prodotti a scaffale di alto valore<\/strong><\/li>\n\n\n\n<li>Mercati UE che richiedono <strong>Dispositivi conformi alla TPD<\/strong><\/li>\n<\/ul>\n\n\n\n<p>I fan dei prodotti Bang spesso esplorano la nostra gamma completa per trovare la loro svapata perfetta. Iniziate dal <a href=\"https:\/\/vapemaison.com\">homepage<\/a>, scoprite tutti i prodotti della nostra <a href=\"https:\/\/vapemaison.com\/shop\">negozio<\/a>, o immergersi nella <a href=\"https:\/\/vapemaison.com\/brand\/bang\">Marchio Bang<\/a> pagina per vedere l'elenco completo. Cercate qualcosa di diverso? Il nostro <a href=\"https:\/\/vapemaison.com\/brand\/waspe\">Collezione WASPE<\/a> e <a href=\"https:\/\/vapemaison.com\/product-category\/puffs-count\/\">Categoria Bign\u00e8<\/a> hanno un'ampia scelta di opzioni per tutti i consumatori.<\/p>","protected":false},"excerpt":{"rendered":"<p>Godetevi 100.000 boccate e un esclusivo sistema di aromi 4-in-1 che vi consente di passare da un gusto all'altro in un unico dispositivo intelligente e conforme alle norme TPD. Assicuratevi oggi stesso questo dispositivo ad alta capacit\u00e0 per migliorare la vostra esperienza con la nostra garanzia di spedizione rapida prima che il prossimo lotto si esaurisca.<\/p>","protected":false},"featured_media":18944,"comment_status":"open","ping_status":"closed","template":"","meta":[],"product_brand":[57],"product_cat":[151],"product_tag":[],"class_list":{"0":"post-18935","1":"product","2":"type-product","3":"status-publish","4":"has-post-thumbnail","6":"product_brand-bang","7":"product_cat-100k-puffs","9":"first","10":"instock","11":"sale","12":"featured","13":"shipping-taxable","14":"purchasable","15":"product-type-variable"},"yoast_head":"<!-- This site is optimized with the Yoast SEO plugin v27.4 - https:\/\/yoast.com\/product\/yoast-seo-wordpress\/ -->\n<title>Bang Leader Stoll 100K Disposable Vape \u2013 4-in-1 Flavor<\/title>\n<meta name=\"description\" content=\"Bang Leader Stoll 100K disposable vape delivers up to 100,000 puffs with 4-in-1 flavor design, smooth vapor, and powerful performance for long-term vaping.\" \/>\n<meta name=\"robots\" content=\"index, follow, max-snippet:-1, max-image-preview:large, max-video-preview:-1\" \/>\n<link rel=\"canonical\" href=\"https:\/\/vapemaison.com\/it\/prodotto\/bang-leader-stoll-100k-100000-puffs-4-in-1-sapori-led-display-monouso-vape\/\" \/>\n<meta property=\"og:locale\" content=\"it_IT\" \/>\n<meta property=\"og:type\" content=\"article\" \/>\n<meta property=\"og:title\" content=\"Bang Leader Stoll 100K Disposable Vape \u2013 4-in-1 Flavor\" \/>\n<meta property=\"og:description\" content=\"Bang Leader Stoll 100K disposable vape delivers up to 100,000 puffs with 4-in-1 flavor design, smooth vapor, and powerful performance for long-term vaping.\" \/>\n<meta property=\"og:url\" content=\"https:\/\/vapemaison.com\/it\/prodotto\/bang-leader-stoll-100k-100000-puffs-4-in-1-sapori-led-display-monouso-vape\/\" \/>\n<meta property=\"og:site_name\" content=\"VapeMaison\" \/>\n<meta property=\"article:modified_time\" content=\"2026-01-09T08:34:20+00:00\" \/>\n<meta property=\"og:image\" content=\"https:\/\/vapemaison.com\/wp-content\/uploads\/2025\/12\/bang-leader-stoll-100k-100000-puffs-strawberry-mango-blue-razz-lemonade-vanilla-ice-cream-sour-triple-berry.jpg.webp\" \/>\n\t<meta property=\"og:image:width\" content=\"800\" \/>\n\t<meta property=\"og:image:height\" content=\"800\" \/>\n\t<meta property=\"og:image:type\" content=\"image\/webp\" \/>\n<meta name=\"twitter:card\" content=\"summary_large_image\" \/>\n<meta name=\"twitter:label1\" content=\"Tempo di lettura stimato\" \/>\n\t<meta name=\"twitter:data1\" content=\"3 minuti\" \/>\n<!-- \/ Yoast SEO plugin. -->","yoast_head_json":{"title":"Bang Leader Stoll 100K Vape usa e getta - Gusto 4 in 1","description":"Il vape monouso Bang Leader Stoll 100K offre fino a 100.000 boccate con un design dal sapore 4-in-1, un vapore omogeneo e prestazioni potenti per il vaping a lungo termine.","robots":{"index":"index","follow":"follow","max-snippet":"max-snippet:-1","max-image-preview":"max-image-preview:large","max-video-preview":"max-video-preview:-1"},"canonical":"https:\/\/vapemaison.com\/it\/prodotto\/bang-leader-stoll-100k-100000-puffs-4-in-1-sapori-led-display-monouso-vape\/","og_locale":"it_IT","og_type":"article","og_title":"Bang Leader Stoll 100K Disposable Vape \u2013 4-in-1 Flavor","og_description":"Bang Leader Stoll 100K disposable vape delivers up to 100,000 puffs with 4-in-1 flavor design, smooth vapor, and powerful performance for long-term vaping.","og_url":"https:\/\/vapemaison.com\/it\/prodotto\/bang-leader-stoll-100k-100000-puffs-4-in-1-sapori-led-display-monouso-vape\/","og_site_name":"VapeMaison","article_modified_time":"2026-01-09T08:34:20+00:00","og_image":[{"width":800,"height":800,"url":"https:\/\/vapemaison.com\/wp-content\/uploads\/2025\/12\/bang-leader-stoll-100k-100000-puffs-strawberry-mango-blue-razz-lemonade-vanilla-ice-cream-sour-triple-berry.jpg.webp","type":"image\/webp"}],"twitter_card":"summary_large_image","twitter_misc":{"Tempo di lettura stimato":"3 minuti"},"schema":{"@context":"https:\/\/schema.org","@graph":[{"@type":"WebPage","@id":"https:\/\/vapemaison.com\/product\/bang-leader-stoll-100k-100000-puffs-4-in-1-flavors-led-display-disposable-vape\/","url":"https:\/\/vapemaison.com\/product\/bang-leader-stoll-100k-100000-puffs-4-in-1-flavors-led-display-disposable-vape\/","name":"Bang Leader Stoll 100K Vape usa e getta - Gusto 4 in 1","isPartOf":{"@id":"https:\/\/vapemaison.com\/#website"},"primaryImageOfPage":{"@id":"https:\/\/vapemaison.com\/product\/bang-leader-stoll-100k-100000-puffs-4-in-1-flavors-led-display-disposable-vape\/#primaryimage"},"image":{"@id":"https:\/\/vapemaison.com\/product\/bang-leader-stoll-100k-100000-puffs-4-in-1-flavors-led-display-disposable-vape\/#primaryimage"},"thumbnailUrl":"https:\/\/vapemaison.com\/wp-content\/uploads\/2025\/12\/bang-leader-stoll-100k-100000-puffs-strawberry-mango-blue-razz-lemonade-vanilla-ice-cream-sour-triple-berry.jpg.webp","datePublished":"2025-12-17T05:56:45+00:00","dateModified":"2026-01-09T08:34:20+00:00","description":"Il vape monouso Bang Leader Stoll 100K offre fino a 100.000 boccate con un design dal sapore 4-in-1, un vapore omogeneo e prestazioni potenti per il vaping a lungo termine.","breadcrumb":{"@id":"https:\/\/vapemaison.com\/product\/bang-leader-stoll-100k-100000-puffs-4-in-1-flavors-led-display-disposable-vape\/#breadcrumb"},"inLanguage":"it-IT","potentialAction":[{"@type":"ReadAction","target":["https:\/\/vapemaison.com\/product\/bang-leader-stoll-100k-100000-puffs-4-in-1-flavors-led-display-disposable-vape\/"]}]},{"@type":"ImageObject","inLanguage":"it-IT","@id":"https:\/\/vapemaison.com\/product\/bang-leader-stoll-100k-100000-puffs-4-in-1-flavors-led-display-disposable-vape\/#primaryimage","url":"https:\/\/vapemaison.com\/wp-content\/uploads\/2025\/12\/bang-leader-stoll-100k-100000-puffs-strawberry-mango-blue-razz-lemonade-vanilla-ice-cream-sour-triple-berry.jpg.webp","contentUrl":"https:\/\/vapemaison.com\/wp-content\/uploads\/2025\/12\/bang-leader-stoll-100k-100000-puffs-strawberry-mango-blue-razz-lemonade-vanilla-ice-cream-sour-triple-berry.jpg.webp","width":800,"height":800,"caption":"bang-leader-stoll-100k-100000-puffs-strawberry-mango-blue-razz-lemonade-vanilla-ice-cream-sour-triple-berry.jpg"},{"@type":"BreadcrumbList","@id":"https:\/\/vapemaison.com\/product\/bang-leader-stoll-100k-100000-puffs-4-in-1-flavors-led-display-disposable-vape\/#breadcrumb","itemListElement":[{"@type":"ListItem","position":1,"name":"\u9996\u9875","item":"https:\/\/vapemaison.com\/"},{"@type":"ListItem","position":2,"name":"Shop","item":"https:\/\/vapemaison.com\/shop\/"},{"@type":"ListItem","position":3,"name":"Bang","item":"https:\/\/vapemaison.com\/brand\/bang\/"},{"@type":"ListItem","position":4,"name":"Bang Leader Stoll 100K 100000 Puffs 4 in 1 Flavors &amp; LED Display Disposable Vape"}]},{"@type":"WebSite","@id":"https:\/\/vapemaison.com\/#website","url":"https:\/\/vapemaison.com\/","name":"VapeMaison","description":"Dispositivi e accessori per il vaping di alta qualit\u00e0","publisher":{"@id":"https:\/\/vapemaison.com\/#organization"},"potentialAction":[{"@type":"SearchAction","target":{"@type":"EntryPoint","urlTemplate":"https:\/\/vapemaison.com\/?s={search_term_string}"},"query-input":{"@type":"PropertyValueSpecification","valueRequired":true,"valueName":"search_term_string"}}],"inLanguage":"it-IT"},{"@type":"Organization","@id":"https:\/\/vapemaison.com\/#organization","name":"VapeMaison","url":"https:\/\/vapemaison.com\/","logo":{"@type":"ImageObject","inLanguage":"it-IT","@id":"https:\/\/vapemaison.com\/#\/schema\/logo\/image\/","url":"https:\/\/vapemaison.com\/wp-content\/uploads\/2026\/01\/cropped-vapemaison-logo-g-2026.webp","contentUrl":"https:\/\/vapemaison.com\/wp-content\/uploads\/2026\/01\/cropped-vapemaison-logo-g-2026.webp","width":350,"height":280,"caption":"VapeMaison"},"image":{"@id":"https:\/\/vapemaison.com\/#\/schema\/logo\/image\/"},"sameAs":["https:\/\/www.youtube.com\/@VapeMaison"]}]}},"tiered_pricing_type":"fixed","tiered_pricing_fixed_rules":{"30":"10.65","50":"9.72","100":"8.98","200":"8.36"},"tiered_pricing_product_settings":{"layout":"default","base_unit_name":{"singular":null,"plural":null},"default_variation":null},"tiered_pricing_minimum_quantity":10,"tiered_pricing_roles_data":[],"tiered_pricing_percentage_rules":[],"tiered_pricing_maximum_quantity":null,"tiered_pricing_quantity_step":"10","_links":{"self":[{"href":"https:\/\/vapemaison.com\/it\/wp-json\/wp\/v2\/product\/18935","targetHints":{"allow":["GET"]}}],"collection":[{"href":"https:\/\/vapemaison.com\/it\/wp-json\/wp\/v2\/product"}],"about":[{"href":"https:\/\/vapemaison.com\/it\/wp-json\/wp\/v2\/types\/product"}],"replies":[{"embeddable":true,"href":"https:\/\/vapemaison.com\/it\/wp-json\/wp\/v2\/comments?post=18935"}],"version-history":[{"count":0,"href":"https:\/\/vapemaison.com\/it\/wp-json\/wp\/v2\/product\/18935\/revisions"}],"wp:featuredmedia":[{"embeddable":true,"href":"https:\/\/vapemaison.com\/it\/wp-json\/wp\/v2\/media\/18944"}],"wp:attachment":[{"href":"https:\/\/vapemaison.com\/it\/wp-json\/wp\/v2\/media?parent=18935"}],"wp:term":[{"taxonomy":"product_brand","embeddable":true,"href":"https:\/\/vapemaison.com\/it\/wp-json\/wp\/v2\/product_brand?post=18935"},{"taxonomy":"product_cat","embeddable":true,"href":"https:\/\/vapemaison.com\/it\/wp-json\/wp\/v2\/product_cat?post=18935"},{"taxonomy":"product_tag","embeddable":true,"href":"https:\/\/vapemaison.com\/it\/wp-json\/wp\/v2\/product_tag?post=18935"}],"curies":[{"name":"wp","href":"https:\/\/api.w.org\/{rel}","templated":true}]}}