

{"id":18980,"date":"2025-12-17T07:00:30","date_gmt":"2025-12-17T07:00:30","guid":{"rendered":"https:\/\/vapemaison.com\/?post_type=product&#038;p=18980"},"modified":"2026-01-09T08:34:11","modified_gmt":"2026-01-09T08:34:11","slug":"bang-leader-stoll-120k-usa-e-getta-vape-dual-flavor","status":"publish","type":"product","link":"https:\/\/vapemaison.com\/it\/product\/bang-leader-stoll-120k-disposable-vape-dual-flavor\/","title":{"rendered":"Bang Leader Stoll 120K Vape usa e getta - Doppio gusto"},"content":{"rendered":"<p>Il <strong>Bang Leader Stoll 120K Vape usa e getta<\/strong> \u00e8 stata costruita per gli utenti che desiderano la massima resistenza, prestazioni fluide e completa libert\u00e0 di aromatizzazione in un unico dispositivo. Con una capacit\u00e0 ultraelevata di <strong>fino a 120.000 soffi<\/strong>, Il sistema offre una soddisfazione a lungo termine, senza bisogno di frequenti sostituzioni, ed \u00e8 quindi ideale sia per gli utenti quotidiani che per quelli pi\u00f9 esigenti.<\/p>\n\n\n\n<p>Ci\u00f2 che contraddistingue lo Stoll 120K \u00e8 il suo <strong>Interruttore magnetico a scorrimento a doppio gusto<\/strong>. Con un semplice scorrimento, \u00e8 possibile passare istantaneamente da un'immagine all'altra. <strong>due gusti diversi<\/strong> in un unico dispositivo: nessun cambio di capsula, nessuna interruzione. Ogni unit\u00e0 \u00e8 dotata di <strong>doppia cialda preriempita<\/strong>, per offrire variet\u00e0 e controllo nell'arco della giornata.<\/p>\n\n\n\n<p>Alimentato da un <strong>sistema di bobine a maglia avanzata<\/strong>, Ogni tiro \u00e8 morbido, saporito e costante dalla prima all'ultima boccata. Il <strong>display OLED intelligente<\/strong> Il display mostra il livello della batteria, lo stato dell'e-liquid e il canale dell'aroma attivo, in modo da avere sempre il controllo della sessione.<\/p>\n\n\n\n<p>Progettato con un occhio di riguardo alla durata, il modello Stoll 120K \u00e8 dotato di un sistema di <strong>struttura anti-perdita migliorata<\/strong> per ridurre al minimo il disordine e gli sprechi. La sua finitura ergonomica opaca offre una presa confortevole e una sensazione di qualit\u00e0 e modernit\u00e0. Con diverse opzioni di nicotina e un'ampia gamma di combinazioni di aromi, offre un'esperienza di svapo flessibile e soddisfacente per le diverse preferenze.<\/p>\n\n\n\n<p>Sia per uso personale che per l'esposizione al dettaglio, il Bang Leader Stoll 120K unisce <strong>Grande capacit\u00e0, innovazione a doppio gusto e facilit\u00e0 d'uso<\/strong> in un'unica potente svapata monouso.<\/p>\n\n\n\n<h3 class=\"wp-block-heading\"><strong>Punti salienti<\/strong><\/h3>\n\n\n\n<ul class=\"wp-block-list\">\n<li>Fino a <strong>120.000 soffi<\/strong> per un uso prolungato<\/li>\n\n\n\n<li><strong>Interruttore a scorrimento a doppio gusto<\/strong> per cambiare immediatamente sapore<\/li>\n\n\n\n<li>Vapore fluido e ricco con la tecnologia avanzata della bobina a rete<\/li>\n\n\n\n<li>Schermo OLED intelligente per il monitoraggio dello stato in tempo reale<\/li>\n\n\n\n<li>Design anti-perdita con finitura opaca ergonomica<\/li>\n\n\n\n<li>Disponibile in <strong>Potenze di nicotina 2%, 3% e 5%<\/strong><\/li>\n\n\n\n<li><strong>12 combinazioni di doppio gusto<\/strong> disponibile<\/li>\n\n\n\n<li>Imballaggio: <strong>10 pezzi per scatola<\/strong><\/li>\n<\/ul>\n\n\n\n<h3 class=\"wp-block-heading\"><strong>Combinazioni di sapori disponibili<\/strong><\/h3>\n\n\n\n<ul class=\"wp-block-list\">\n<li>Blue Razz &amp; Love 66<\/li>\n\n\n\n<li>Fragola, ciliegia e kiwi, frutto della passione e guaiava<\/li>\n\n\n\n<li>Gomma da masticare all'anguria e frutta mista<\/li>\n\n\n\n<li>Fiesta alla fragola, banana e ciliegia<\/li>\n\n\n\n<li>Ghiaccio all'anguria e pesca al mango<\/li>\n\n\n\n<li>Ghiaccio al mirtillo e lampone al limone<\/li>\n\n\n\n<li>Energia rossa e ghiaccio all'uva<\/li>\n\n\n\n<li>Soda alla fragola e all'arancia<\/li>\n\n\n\n<li>Ghiaccio alla cola e mirtillo rosso alla ciliegia<\/li>\n\n\n\n<li>Ghiaccio al mirtillo e ribes nero<\/li>\n\n\n\n<li>Mojito al lampone, ghiaccio alla pesca e Lady Killer<\/li>\n\n\n\n<li>Ghiaccio all'anguria e Mamba alla fragola<\/li>\n<\/ul>\n\n\n\n<p>I fan dei prodotti Bang spesso esplorano la nostra gamma completa per trovare la loro svapata perfetta. Iniziate dal <a href=\"https:\/\/vapemaison.com\">homepage<\/a>, scoprite tutti i prodotti della nostra <a href=\"https:\/\/vapemaison.com\/shop\">negozio<\/a>, o immergersi nella <a href=\"https:\/\/vapemaison.com\/brand\/bang\">Marchio Bang<\/a> pagina per vedere l'elenco completo. Cercate qualcosa di diverso? Il nostro <a href=\"https:\/\/vapemaison.com\/brand\/waspe\">Collezione WASPE<\/a> e <a href=\"https:\/\/vapemaison.com\/product-category\/puffs-count\/\">Categoria Bign\u00e8<\/a> hanno un'ampia scelta di opzioni per tutti i consumatori.<\/p>\n\n\n\n<p><\/p>","protected":false},"excerpt":{"rendered":"<p>Passate da un aroma all'altro all'istante con 120.000 boccate di vapore omogeneo e costante e un display OLED intelligente per un controllo totale. Acquistate la vostra oggi per godervi la svapata pi\u00f9 duratura del mercato con spedizione gratuita fino a esaurimento scorte.<\/p>","protected":false},"featured_media":18987,"comment_status":"open","ping_status":"closed","template":"","meta":[],"product_brand":[57],"product_cat":[153],"product_tag":[],"class_list":{"0":"post-18980","1":"product","2":"type-product","3":"status-publish","4":"has-post-thumbnail","6":"product_brand-bang","7":"product_cat-120k-puffs","9":"first","10":"instock","11":"sale","12":"featured","13":"shipping-taxable","14":"purchasable","15":"product-type-variable"},"yoast_head":"<!-- This site is optimized with the Yoast SEO plugin v27.4 - https:\/\/yoast.com\/product\/yoast-seo-wordpress\/ -->\n<title>Bang Leader Stoll 120K 120000 Puffs Disposable Vap - Vapemaison<\/title>\n<meta name=\"description\" content=\"Experience extreme longevity with the Bang Leader Stoll 120K disposable vape. Dual-flavor slide switch, and up to 120k puffs in one premium device.\" \/>\n<meta name=\"robots\" content=\"index, follow, max-snippet:-1, max-image-preview:large, max-video-preview:-1\" \/>\n<link rel=\"canonical\" href=\"https:\/\/vapemaison.com\/it\/prodotto\/bang-leader-stoll-120k-usa-e-getta-vape-dual-flavor\/\" \/>\n<meta property=\"og:locale\" content=\"it_IT\" \/>\n<meta property=\"og:type\" content=\"article\" \/>\n<meta property=\"og:title\" content=\"Bang Leader Stoll 120K 120000 Puffs Disposable Vap - Vapemaison\" \/>\n<meta property=\"og:description\" content=\"Experience extreme longevity with the Bang Leader Stoll 120K disposable vape. Dual-flavor slide switch, and up to 120k puffs in one premium device.\" \/>\n<meta property=\"og:url\" content=\"https:\/\/vapemaison.com\/it\/prodotto\/bang-leader-stoll-120k-usa-e-getta-vape-dual-flavor\/\" \/>\n<meta property=\"og:site_name\" content=\"VapeMaison\" \/>\n<meta property=\"article:modified_time\" content=\"2026-01-09T08:34:11+00:00\" \/>\n<meta property=\"og:image\" content=\"https:\/\/vapemaison.com\/wp-content\/uploads\/2025\/12\/bang-leader-stoll-120k-120000-puff-raspberry-mojito-peach-ice-lady-killer-654x690.jpg.webp\" \/>\n\t<meta property=\"og:image:width\" content=\"654\" \/>\n\t<meta property=\"og:image:height\" content=\"690\" \/>\n\t<meta property=\"og:image:type\" content=\"image\/webp\" \/>\n<meta name=\"twitter:card\" content=\"summary_large_image\" \/>\n<meta name=\"twitter:label1\" content=\"Tempo di lettura stimato\" \/>\n\t<meta name=\"twitter:data1\" content=\"2 minuti\" \/>\n<!-- \/ Yoast SEO plugin. -->","yoast_head_json":{"title":"Bang Leader Stoll 120K 120000 Boccate Vap usa e getta - Vapemaison","description":"Provate l'estrema longevit\u00e0 con la svapata monouso Bang Leader Stoll 120K. Interruttore a scorrimento a doppio gusto e fino a 120k boccate in un unico dispositivo premium.","robots":{"index":"index","follow":"follow","max-snippet":"max-snippet:-1","max-image-preview":"max-image-preview:large","max-video-preview":"max-video-preview:-1"},"canonical":"https:\/\/vapemaison.com\/it\/prodotto\/bang-leader-stoll-120k-usa-e-getta-vape-dual-flavor\/","og_locale":"it_IT","og_type":"article","og_title":"Bang Leader Stoll 120K 120000 Puffs Disposable Vap - Vapemaison","og_description":"Experience extreme longevity with the Bang Leader Stoll 120K disposable vape. Dual-flavor slide switch, and up to 120k puffs in one premium device.","og_url":"https:\/\/vapemaison.com\/it\/prodotto\/bang-leader-stoll-120k-usa-e-getta-vape-dual-flavor\/","og_site_name":"VapeMaison","article_modified_time":"2026-01-09T08:34:11+00:00","og_image":[{"width":654,"height":690,"url":"https:\/\/vapemaison.com\/wp-content\/uploads\/2025\/12\/bang-leader-stoll-120k-120000-puff-raspberry-mojito-peach-ice-lady-killer-654x690.jpg.webp","type":"image\/webp"}],"twitter_card":"summary_large_image","twitter_misc":{"Tempo di lettura stimato":"2 minuti"},"schema":{"@context":"https:\/\/schema.org","@graph":[{"@type":"WebPage","@id":"https:\/\/vapemaison.com\/product\/bang-leader-stoll-120k-disposable-vape-dual-flavor\/","url":"https:\/\/vapemaison.com\/product\/bang-leader-stoll-120k-disposable-vape-dual-flavor\/","name":"Bang Leader Stoll 120K 120000 Boccate Vap usa e getta - Vapemaison","isPartOf":{"@id":"https:\/\/vapemaison.com\/#website"},"primaryImageOfPage":{"@id":"https:\/\/vapemaison.com\/product\/bang-leader-stoll-120k-disposable-vape-dual-flavor\/#primaryimage"},"image":{"@id":"https:\/\/vapemaison.com\/product\/bang-leader-stoll-120k-disposable-vape-dual-flavor\/#primaryimage"},"thumbnailUrl":"https:\/\/vapemaison.com\/wp-content\/uploads\/2025\/12\/bang-leader-stoll-120k-120000-puff-raspberry-mojito-peach-ice-lady-killer-654x690.jpg.webp","datePublished":"2025-12-17T07:00:30+00:00","dateModified":"2026-01-09T08:34:11+00:00","description":"Provate l'estrema longevit\u00e0 con la svapata monouso Bang Leader Stoll 120K. Interruttore a scorrimento a doppio gusto e fino a 120k boccate in un unico dispositivo premium.","breadcrumb":{"@id":"https:\/\/vapemaison.com\/product\/bang-leader-stoll-120k-disposable-vape-dual-flavor\/#breadcrumb"},"inLanguage":"it-IT","potentialAction":[{"@type":"ReadAction","target":["https:\/\/vapemaison.com\/product\/bang-leader-stoll-120k-disposable-vape-dual-flavor\/"]}]},{"@type":"ImageObject","inLanguage":"it-IT","@id":"https:\/\/vapemaison.com\/product\/bang-leader-stoll-120k-disposable-vape-dual-flavor\/#primaryimage","url":"https:\/\/vapemaison.com\/wp-content\/uploads\/2025\/12\/bang-leader-stoll-120k-120000-puff-raspberry-mojito-peach-ice-lady-killer-654x690.jpg.webp","contentUrl":"https:\/\/vapemaison.com\/wp-content\/uploads\/2025\/12\/bang-leader-stoll-120k-120000-puff-raspberry-mojito-peach-ice-lady-killer-654x690.jpg.webp","width":654,"height":690,"caption":"bang-leader-stoll-120k-120000-puff-raspberry-mojito-peach-ice-lady-killer-654x690.jpg"},{"@type":"BreadcrumbList","@id":"https:\/\/vapemaison.com\/product\/bang-leader-stoll-120k-disposable-vape-dual-flavor\/#breadcrumb","itemListElement":[{"@type":"ListItem","position":1,"name":"\u9996\u9875","item":"https:\/\/vapemaison.com\/"},{"@type":"ListItem","position":2,"name":"Shop","item":"https:\/\/vapemaison.com\/shop\/"},{"@type":"ListItem","position":3,"name":"Bang","item":"https:\/\/vapemaison.com\/brand\/bang\/"},{"@type":"ListItem","position":4,"name":"Bang Leader Stoll 120K Disposable Vape \u2013 Dual Flavor"}]},{"@type":"WebSite","@id":"https:\/\/vapemaison.com\/#website","url":"https:\/\/vapemaison.com\/","name":"VapeMaison","description":"Dispositivi e accessori per il vaping di alta qualit\u00e0","publisher":{"@id":"https:\/\/vapemaison.com\/#organization"},"potentialAction":[{"@type":"SearchAction","target":{"@type":"EntryPoint","urlTemplate":"https:\/\/vapemaison.com\/?s={search_term_string}"},"query-input":{"@type":"PropertyValueSpecification","valueRequired":true,"valueName":"search_term_string"}}],"inLanguage":"it-IT"},{"@type":"Organization","@id":"https:\/\/vapemaison.com\/#organization","name":"VapeMaison","url":"https:\/\/vapemaison.com\/","logo":{"@type":"ImageObject","inLanguage":"it-IT","@id":"https:\/\/vapemaison.com\/#\/schema\/logo\/image\/","url":"https:\/\/vapemaison.com\/wp-content\/uploads\/2026\/01\/cropped-vapemaison-logo-g-2026.webp","contentUrl":"https:\/\/vapemaison.com\/wp-content\/uploads\/2026\/01\/cropped-vapemaison-logo-g-2026.webp","width":350,"height":280,"caption":"VapeMaison"},"image":{"@id":"https:\/\/vapemaison.com\/#\/schema\/logo\/image\/"},"sameAs":["https:\/\/www.youtube.com\/@VapeMaison"]}]}},"tiered_pricing_type":"fixed","tiered_pricing_fixed_rules":{"30":"9.24","50":"8.98","100":"8.36","200":"7.99"},"tiered_pricing_product_settings":{"layout":"default","base_unit_name":{"singular":null,"plural":null},"default_variation":null},"tiered_pricing_minimum_quantity":10,"tiered_pricing_roles_data":[],"tiered_pricing_percentage_rules":[],"tiered_pricing_maximum_quantity":null,"tiered_pricing_quantity_step":"10","_links":{"self":[{"href":"https:\/\/vapemaison.com\/it\/wp-json\/wp\/v2\/product\/18980","targetHints":{"allow":["GET"]}}],"collection":[{"href":"https:\/\/vapemaison.com\/it\/wp-json\/wp\/v2\/product"}],"about":[{"href":"https:\/\/vapemaison.com\/it\/wp-json\/wp\/v2\/types\/product"}],"replies":[{"embeddable":true,"href":"https:\/\/vapemaison.com\/it\/wp-json\/wp\/v2\/comments?post=18980"}],"version-history":[{"count":0,"href":"https:\/\/vapemaison.com\/it\/wp-json\/wp\/v2\/product\/18980\/revisions"}],"wp:featuredmedia":[{"embeddable":true,"href":"https:\/\/vapemaison.com\/it\/wp-json\/wp\/v2\/media\/18987"}],"wp:attachment":[{"href":"https:\/\/vapemaison.com\/it\/wp-json\/wp\/v2\/media?parent=18980"}],"wp:term":[{"taxonomy":"product_brand","embeddable":true,"href":"https:\/\/vapemaison.com\/it\/wp-json\/wp\/v2\/product_brand?post=18980"},{"taxonomy":"product_cat","embeddable":true,"href":"https:\/\/vapemaison.com\/it\/wp-json\/wp\/v2\/product_cat?post=18980"},{"taxonomy":"product_tag","embeddable":true,"href":"https:\/\/vapemaison.com\/it\/wp-json\/wp\/v2\/product_tag?post=18980"}],"curies":[{"name":"wp","href":"https:\/\/api.w.org\/{rel}","templated":true}]}}