

{"id":20204,"date":"2025-12-22T08:00:18","date_gmt":"2025-12-22T08:00:18","guid":{"rendered":"https:\/\/vapemaison.com\/?post_type=product&#038;p=20204"},"modified":"2026-03-23T19:54:01","modified_gmt":"2026-03-23T19:54:01","slug":"vape-100k-puff-usa-e-getta-a-bassa-nicotina","status":"publish","type":"product","link":"https:\/\/vapemaison.com\/it\/product\/waspe-100k-puffs-disposable-vape-low-nicotine\/","title":{"rendered":"WASPE 100k boccate di vapore monouso a basso contenuto di nicotina"},"content":{"rendered":"<p>Provate quattro sapori in un unico potente dispositivo. Il <strong>WASPE 4-in-1 Gusto 100000 Bign\u00e8<\/strong> \u00e8 stata progettata per i vapers che desiderano una lunga durata, prestazioni elevate e un cambio di aroma immediato. Con un massimo di <strong>100.000 soffi<\/strong>, a <strong>sistema ricaricabile<\/strong>, e un <strong>selettore di quadruplo gusto<\/strong>, Questo dispositivo offre la massima praticit\u00e0 senza dover portare con s\u00e9 pi\u00f9 vapers.<\/p>\n\n\n\n<p>Disponibile per <strong>ordini all'ingrosso e all'ingrosso<\/strong> attraverso Gleevape, di cui si fidano i rivenditori e i distributori di tutta Europa.<\/p>\n\n\n\n<p>Il dispositivo \u00e8 dotato di un <strong>Sistema di commutazione a 4 gusti<\/strong>, che consente di scegliere tra quattro gusti precaricati in qualsiasi momento, senza bisogno di cialde o ricariche. Costruito per un uso ultra-lungo, eroga fino a <strong>100k soffi<\/strong> con un vapore stabile dal primo all'ultimo tiro. Alimentato da un <strong>Batteria ricaricabile da 650 mAh<\/strong> con la ricarica rapida di Tipo-C, garantisce prestazioni continue, mentre il <strong>Bobine a maglia quadrata da 1,0\u03a9<\/strong> forniscono un sapore ricco, un colpo di gola morbido e un vapore denso. Con un generoso <strong>56 ml di capacit\u00e0 totale di e-liquid<\/strong> e diverse opzioni di nicotina (0%, 2% o 5%), questa svapata soddisfa sia le esigenze personali che quelle del mercato. In una confezione compatta, \u00e8 ideale anche per la vendita all'ingrosso, le spedizioni all'ingrosso e le esposizioni al dettaglio.<\/p>\n\n\n\n<h3 class=\"wp-block-heading\"><strong>Perch\u00e9 i rivenditori scelgono WASPE 4-in-1<\/strong><\/h3>\n\n\n\n<ul class=\"wp-block-list\">\n<li>Migliore valore per dispositivo<\/li>\n\n\n\n<li>Alto tasso di ripetizione degli acquisti da parte dei clienti<\/li>\n\n\n\n<li>Quattro gusti in uno = pressione SKU pi\u00f9 bassa<\/li>\n\n\n\n<li>Perfetto per negozi, chioschi e vape shop online<\/li>\n<\/ul>\n\n\n\n<h3 class=\"wp-block-heading\"><strong>Set di sapori WASPE 4 in 1<\/strong><\/h3>\n\n\n\n<p>Scegliete tra 12 combinazioni di sapori curate, ognuna delle quali offre quattro miscele uniche:<\/p>\n\n\n\n<ol class=\"wp-block-list\">\n<li>Ghiaccio all'anguria \/ Kiwi alla fragola \/ Anguria al lampone \/ Limone al lime<\/li>\n\n\n\n<li>Anguria fragola \/ Mr. Blue \/ Ghiaccio d'uva \/ Caramella arcobaleno<\/li>\n\n\n\n<li>Red Bull Ice \/ Ghiaccio alla banana \/ Ghiaccio all'ananas e cocco \/ Ghiaccio al triplo mango<\/li>\n\n\n\n<li>Ciliegia fragola e lampone \/ Ciliegia pazza \/ Ciliegia blu \/ Ghiaccio di cola<\/li>\n\n\n\n<li>Banana alla fragola \/ Red Bull alla fragola \/ Mango alla fragola \/ Limonata rosa<\/li>\n\n\n\n<li>Ghiaccio al mirtillo \/ Cavaliere nero \/ Ghiaccio alla fragola \/ Anguria alla fragola<\/li>\n\n\n\n<li>Ghiaccio alla ciliegia \/ Ghiaccio alla fragola \/ Ghiaccio alla fragola \/ Gomma da masticare alla fragola<\/li>\n\n\n\n<li>Ghiaccio alla pesca succosa \/ Frutta tropicale \/ Esplosione di frutta \/ Bacca di pesca<\/li>\n\n\n\n<li>Ghiaccio all'uva \/ Kiwi alla fragola \/ Ciliegia al lampone alla fragola \/ Cavaliere nero<\/li>\n\n\n\n<li>Frutti di bosco misti \/ Doppia mela ghiacciata \/ Mirtillo lampone \/ Mirtillo miele<\/li>\n\n\n\n<li>Red Bull alla fragola \/ Bubblegum all'anguria alla fragola \/ Red Bull Ice \/ Cherry Cola Ice<\/li>\n\n\n\n<li>Mirtillo lampone \/ Limonata al mirtillo \/ Frutti di bosco misti \/ Ghiaccio al miele d'uva<\/li>\n<\/ol>\n\n\n\n<h2 class=\"wp-block-heading\"><strong>Specifiche tecniche<\/strong><\/h2>\n\n\n\n<ul class=\"wp-block-list\">\n<li><strong>Forza della nicotina:<\/strong> 0% \/ 2% \/ 5%<\/li>\n\n\n\n<li><strong>Batteria:<\/strong> 650 mAh (ricaricabile)<\/li>\n\n\n\n<li><strong>Bobina:<\/strong> 1.0\u03a9 Maglia quadrata<\/li>\n\n\n\n<li><strong>Porta di ricarica:<\/strong> Tipo-C<\/li>\n\n\n\n<li><strong>Volume del liquido elettronico:<\/strong> 56mL<\/li>\n\n\n\n<li><strong>Dimensione del dispositivo:<\/strong> 47 \u00d7 47 \u00d7 118 mm<\/li>\n\n\n\n<li><strong>Peso:<\/strong> 142g<\/li>\n\n\n\n<li><strong>Imballaggio:<\/strong> 10 dispositivi\/scatola; 160 dispositivi\/cartone<\/li>\n\n\n\n<li><strong>Peso lordo\/cartone:<\/strong> 23 kg<\/li>\n<\/ul>\n\n\n\n<p>Scoprite il vaping di alta qualit\u00e0 su <a href=\"https:\/\/vapemaison.com\/\">VapeMaison<\/a>, la vostra destinazione per la qualit\u00e0 e l'innovazione. Esplorate la nostra selezione completa sul sito <a href=\"https:\/\/vapemaison.com\/shop\/\">Negozio<\/a> oppure consultate la famosa pagina <a href=\"https:\/\/vapemaison.com\/brand\/bang\/\">Bang<\/a> e <a href=\"https:\/\/vapemaison.com\/brand\/waspe\/\">WASPE<\/a> prodotti, amati dai vapers di tutto il mondo. Cercate altre opzioni? Sfogliate tutti i nostri <a href=\"https:\/\/vapemaison.com\/product-category\/puffs-count\/\">Bign\u00e8<\/a> per trovare il vape perfetto per il vostro stile e i vostri gusti, oppure consultate i loro popolari dispositivi. <strong><a href=\"https:\/\/vapemaison.com\/product-category\/hot-series\/\">pi\u00f9 venduto<\/a><\/strong> collezioni.<\/p>\n\n\n\n<p><\/p>","protected":false},"excerpt":{"rendered":"<p>Provate il massimo della praticit\u00e0 e del gusto con il <strong data-start=\"190\" data-end=\"226\">WASPE 4-in-1 Gusto 100000 Bign\u00e8<\/strong>. Questa potente svapata monouso consente di passare da un gusto all'altro in qualsiasi momento, erogando fino a 100.000 boccate di vapore omogeneo e costante. Compatto, ricaricabile e senza problemi, \u00e8 stato progettato per i vapers che apprezzano la variet\u00e0, le prestazioni di lunga durata e il divertimento senza sforzo in un unico dispositivo.<\/p>","protected":false},"featured_media":9504,"comment_status":"open","ping_status":"closed","template":"","meta":[],"product_brand":[59],"product_cat":[151,142],"product_tag":[],"class_list":{"0":"post-20204","1":"product","2":"type-product","3":"status-publish","4":"has-post-thumbnail","6":"product_brand-waspe","7":"product_cat-100k-puffs","8":"product_cat-eu-stock","10":"first","11":"instock","12":"sale","13":"shipping-taxable","14":"purchasable","15":"product-type-variable"},"yoast_head":"<!-- This site is optimized with the Yoast SEO plugin v27.4 - https:\/\/yoast.com\/product\/yoast-seo-wordpress\/ -->\n<title>WASPE 100k Puffs Disposable Vape Low Nicotine<\/title>\n<meta name=\"description\" content=\"WASPE 100k Puffs\u00a0is a rechargeable vape featuring four switchable flavors, a 650mAh battery,your trusted European low-nicotine vape supplier.\" \/>\n<meta name=\"robots\" content=\"index, follow, max-snippet:-1, max-image-preview:large, max-video-preview:-1\" \/>\n<link rel=\"canonical\" href=\"https:\/\/vapemaison.com\/it\/prodotto\/vape-100k-puff-usa-e-getta-a-bassa-nicotina\/\" \/>\n<meta property=\"og:locale\" content=\"it_IT\" \/>\n<meta property=\"og:type\" content=\"article\" \/>\n<meta property=\"og:title\" content=\"WASPE 100k Puffs Disposable Vape Low Nicotine\" \/>\n<meta property=\"og:description\" content=\"WASPE 100k Puffs\u00a0is a rechargeable vape featuring four switchable flavors, a 650mAh battery,your trusted European low-nicotine vape supplier.\" \/>\n<meta property=\"og:url\" content=\"https:\/\/vapemaison.com\/it\/prodotto\/vape-100k-puff-usa-e-getta-a-bassa-nicotina\/\" \/>\n<meta property=\"og:site_name\" content=\"VapeMaison\" \/>\n<meta property=\"article:modified_time\" content=\"2026-03-23T19:54:01+00:00\" \/>\n<meta property=\"og:image\" content=\"https:\/\/vapemaison.com\/wp-content\/uploads\/2025\/10\/waspe-100000-puffs-flavor-picture-5.jpg\" \/>\n\t<meta property=\"og:image:width\" content=\"1500\" \/>\n\t<meta property=\"og:image:height\" content=\"1500\" \/>\n\t<meta property=\"og:image:type\" content=\"image\/jpeg\" \/>\n<meta name=\"twitter:card\" content=\"summary_large_image\" \/>\n<meta name=\"twitter:label1\" content=\"Tempo di lettura stimato\" \/>\n\t<meta name=\"twitter:data1\" content=\"3 minuti\" \/>\n<!-- \/ Yoast SEO plugin. -->","yoast_head_json":{"title":"WASPE 100k boccate di vapore monouso a basso contenuto di nicotina","description":"WASPE 100k Puffs \u00e8 una sigaretta ricaricabile con quattro aromi commutabili, una batteria da 650 mAh, il vostro fornitore europeo di fiducia di sigarette a basso contenuto di nicotina.","robots":{"index":"index","follow":"follow","max-snippet":"max-snippet:-1","max-image-preview":"max-image-preview:large","max-video-preview":"max-video-preview:-1"},"canonical":"https:\/\/vapemaison.com\/it\/prodotto\/vape-100k-puff-usa-e-getta-a-bassa-nicotina\/","og_locale":"it_IT","og_type":"article","og_title":"WASPE 100k Puffs Disposable Vape Low Nicotine","og_description":"WASPE 100k Puffs\u00a0is a rechargeable vape featuring four switchable flavors, a 650mAh battery,your trusted European low-nicotine vape supplier.","og_url":"https:\/\/vapemaison.com\/it\/prodotto\/vape-100k-puff-usa-e-getta-a-bassa-nicotina\/","og_site_name":"VapeMaison","article_modified_time":"2026-03-23T19:54:01+00:00","og_image":[{"width":1500,"height":1500,"url":"https:\/\/vapemaison.com\/wp-content\/uploads\/2025\/10\/waspe-100000-puffs-flavor-picture-5.jpg","type":"image\/jpeg"}],"twitter_card":"summary_large_image","twitter_misc":{"Tempo di lettura stimato":"3 minuti"},"schema":{"@context":"https:\/\/schema.org","@graph":[{"@type":"WebPage","@id":"https:\/\/vapemaison.com\/product\/waspe-100k-puffs-disposable-vape-low-nicotine\/","url":"https:\/\/vapemaison.com\/product\/waspe-100k-puffs-disposable-vape-low-nicotine\/","name":"WASPE 100k boccate di vapore monouso a basso contenuto di nicotina","isPartOf":{"@id":"https:\/\/vapemaison.com\/#website"},"primaryImageOfPage":{"@id":"https:\/\/vapemaison.com\/product\/waspe-100k-puffs-disposable-vape-low-nicotine\/#primaryimage"},"image":{"@id":"https:\/\/vapemaison.com\/product\/waspe-100k-puffs-disposable-vape-low-nicotine\/#primaryimage"},"thumbnailUrl":"https:\/\/vapemaison.com\/wp-content\/uploads\/2025\/10\/waspe-100000-puffs-flavor-picture-5.jpg","datePublished":"2025-12-22T08:00:18+00:00","dateModified":"2026-03-23T19:54:01+00:00","description":"WASPE 100k Puffs \u00e8 una sigaretta ricaricabile con quattro aromi commutabili, una batteria da 650 mAh, il vostro fornitore europeo di fiducia di sigarette a basso contenuto di nicotina.","breadcrumb":{"@id":"https:\/\/vapemaison.com\/product\/waspe-100k-puffs-disposable-vape-low-nicotine\/#breadcrumb"},"inLanguage":"it-IT","potentialAction":[{"@type":"ReadAction","target":["https:\/\/vapemaison.com\/product\/waspe-100k-puffs-disposable-vape-low-nicotine\/"]}]},{"@type":"ImageObject","inLanguage":"it-IT","@id":"https:\/\/vapemaison.com\/product\/waspe-100k-puffs-disposable-vape-low-nicotine\/#primaryimage","url":"https:\/\/vapemaison.com\/wp-content\/uploads\/2025\/10\/waspe-100000-puffs-flavor-picture-5.jpg","contentUrl":"https:\/\/vapemaison.com\/wp-content\/uploads\/2025\/10\/waspe-100000-puffs-flavor-picture-5.jpg","width":1500,"height":1500,"caption":"waspe-100000-puffs-flavor-picture-5"},{"@type":"BreadcrumbList","@id":"https:\/\/vapemaison.com\/product\/waspe-100k-puffs-disposable-vape-low-nicotine\/#breadcrumb","itemListElement":[{"@type":"ListItem","position":1,"name":"\u9996\u9875","item":"https:\/\/vapemaison.com\/"},{"@type":"ListItem","position":2,"name":"Shop","item":"https:\/\/vapemaison.com\/shop\/"},{"@type":"ListItem","position":3,"name":"Waspe","item":"https:\/\/vapemaison.com\/brand\/waspe\/"},{"@type":"ListItem","position":4,"name":"WASPE 100k Puffs Disposable Vape Low Nicotine"}]},{"@type":"WebSite","@id":"https:\/\/vapemaison.com\/#website","url":"https:\/\/vapemaison.com\/","name":"VapeMaison","description":"Dispositivi e accessori per il vaping di alta qualit\u00e0","publisher":{"@id":"https:\/\/vapemaison.com\/#organization"},"potentialAction":[{"@type":"SearchAction","target":{"@type":"EntryPoint","urlTemplate":"https:\/\/vapemaison.com\/?s={search_term_string}"},"query-input":{"@type":"PropertyValueSpecification","valueRequired":true,"valueName":"search_term_string"}}],"inLanguage":"it-IT"},{"@type":"Organization","@id":"https:\/\/vapemaison.com\/#organization","name":"VapeMaison","url":"https:\/\/vapemaison.com\/","logo":{"@type":"ImageObject","inLanguage":"it-IT","@id":"https:\/\/vapemaison.com\/#\/schema\/logo\/image\/","url":"https:\/\/vapemaison.com\/wp-content\/uploads\/2026\/01\/cropped-vapemaison-logo-g-2026.webp","contentUrl":"https:\/\/vapemaison.com\/wp-content\/uploads\/2026\/01\/cropped-vapemaison-logo-g-2026.webp","width":350,"height":280,"caption":"VapeMaison"},"image":{"@id":"https:\/\/vapemaison.com\/#\/schema\/logo\/image\/"},"sameAs":["https:\/\/www.youtube.com\/@VapeMaison"]}]}},"tiered_pricing_type":"fixed","tiered_pricing_fixed_rules":{"30":"11.88","50":"11.42","100":"10.88","200":"9.98"},"tiered_pricing_product_settings":{"layout":"default","base_unit_name":{"singular":null,"plural":null},"default_variation":null},"tiered_pricing_minimum_quantity":10,"tiered_pricing_roles_data":[],"tiered_pricing_percentage_rules":[],"tiered_pricing_maximum_quantity":null,"tiered_pricing_quantity_step":"10","_links":{"self":[{"href":"https:\/\/vapemaison.com\/it\/wp-json\/wp\/v2\/product\/20204","targetHints":{"allow":["GET"]}}],"collection":[{"href":"https:\/\/vapemaison.com\/it\/wp-json\/wp\/v2\/product"}],"about":[{"href":"https:\/\/vapemaison.com\/it\/wp-json\/wp\/v2\/types\/product"}],"replies":[{"embeddable":true,"href":"https:\/\/vapemaison.com\/it\/wp-json\/wp\/v2\/comments?post=20204"}],"version-history":[{"count":0,"href":"https:\/\/vapemaison.com\/it\/wp-json\/wp\/v2\/product\/20204\/revisions"}],"wp:featuredmedia":[{"embeddable":true,"href":"https:\/\/vapemaison.com\/it\/wp-json\/wp\/v2\/media\/9504"}],"wp:attachment":[{"href":"https:\/\/vapemaison.com\/it\/wp-json\/wp\/v2\/media?parent=20204"}],"wp:term":[{"taxonomy":"product_brand","embeddable":true,"href":"https:\/\/vapemaison.com\/it\/wp-json\/wp\/v2\/product_brand?post=20204"},{"taxonomy":"product_cat","embeddable":true,"href":"https:\/\/vapemaison.com\/it\/wp-json\/wp\/v2\/product_cat?post=20204"},{"taxonomy":"product_tag","embeddable":true,"href":"https:\/\/vapemaison.com\/it\/wp-json\/wp\/v2\/product_tag?post=20204"}],"curies":[{"name":"wp","href":"https:\/\/api.w.org\/{rel}","templated":true}]}}