

{"id":20584,"date":"2025-12-23T02:19:58","date_gmt":"2025-12-23T02:19:58","guid":{"rendered":"https:\/\/vapemaison.com\/?post_type=product&#038;p=20584"},"modified":"2025-12-26T01:53:07","modified_gmt":"2025-12-26T01:53:07","slug":"vozol-gear-power-20000-vape-monouso-watermelon-ice-20k-puffs","status":"publish","type":"product","link":"https:\/\/vapemaison.com\/it\/product\/vozol-gear-power-20000-disposable-vape-watermelon-ice-20k-puffs\/","title":{"rendered":"VOZOL Gear Power 20000 Vape usa e getta | Ghiaccio all'anguria | 20K boccate"},"content":{"rendered":"<p><strong>VOZOL Gear Power 20000 Vape usa e getta<\/strong><\/p>\n\n\n\n<p>Il <strong>Ghiaccio all'anguria<\/strong> VOZOL Gear Power 20000 regala una frizzante brezza estiva a ogni estrazione. <strong>Primo,<\/strong> si assapora la dolcezza di un'anguria succosa e maturata al sole. <strong>Inoltre,<\/strong> segue un'agghiacciante esplosione di mentolo per rinfrescare il palato. <strong>Inoltre,<\/strong> Il sistema a doppia bobina garantisce un aroma sempre vivo per tutta la durata di 20.000 boccate. \u00c8 possibile passare alla modalit\u00e0 Power per una sensazione ghiacciata ancora pi\u00f9 intensa.<\/p>\n\n\n\n<h3 class=\"wp-block-heading\">Perch\u00e9 scegliere VOZOL Gear Power?<\/h3>\n\n\n\n<p>Il <strong>VOZOL Potenza ingranaggi 20K<\/strong> combinazioni <strong>tecnologia all'avanguardia<\/strong> con <strong>materiali di prima qualit\u00e0<\/strong> per consegnare un <strong>esperienza di vaping duratura e personalizzabile<\/strong>. Con il suo <strong>doppia modalit\u00e0 di alimentazione<\/strong>, Gli utenti possono selezionare la modalit\u00e0 giusta per le loro preferenze, sia che privilegino un uso prolungato o una maggiore produzione di vapore.<\/p>\n\n\n\n<p><strong>VOZOL Potenza ingranaggi 20000<\/strong> \u00e8 perfetto per coloro che desiderano un dispositivo che vada oltre, offrendo sia una qualit\u00e0 superiore che un'ottima qualit\u00e0 di vita. <strong>longevit\u00e0<\/strong> e <strong>prestazioni<\/strong>. Il <strong>Sistema di bobine a doppia maglia<\/strong> garantisce sapori vivaci e vapore omogeneo, rendendola la scelta ideale per i vapers che esigono il meglio sia in termini di prestazioni che di sapori.<\/p>\n\n\n\n<h3 class=\"wp-block-heading\">Gusti disponibili<\/h3>\n\n\n\n<ul class=\"wp-block-list\">\n<li>Ghiaccio all'anguria<\/li>\n\n\n\n<li>Ghiaccio d'uva<\/li>\n\n\n\n<li>Ghiaccio al mango<\/li>\n\n\n\n<li>Ghiaccio doppio alla mela<\/li>\n\n\n\n<li>Menta e limone<\/li>\n\n\n\n<li>Tabacco<\/li>\n\n\n\n<li>Ghiaccio alla pesca<\/li>\n\n\n\n<li>Anguria alla fragola<\/li>\n\n\n\n<li>Fragola Kiwi<\/li>\n\n\n\n<li>Anguria al lampone<\/li>\n\n\n\n<li>Ghiaccio Blu Razz<\/li>\n\n\n\n<li>Mango alla fragola<\/li>\n\n\n\n<li>Limone e lime<\/li>\n\n\n\n<li>Limonata alla ciliegia<\/li>\n\n\n\n<li>Bacche miste<\/li>\n\n\n\n<li>Frutto del drago Banana Ciliegia<\/li>\n\n\n\n<li>LavaFire<\/li>\n\n\n\n<li>Tempesta di mirtilli<\/li>\n\n\n\n<li>Mojito blu<\/li>\n\n\n\n<li>Mango Ananas Pompelmo<\/li>\n<\/ul>\n\n\n\n<h3 class=\"wp-block-heading\">Specifiche tecniche<\/h3>\n\n\n\n<figure class=\"wp-block-table\"><table class=\"has-fixed-layout\"><thead><tr><th>Articolo<\/th><th>Dettagli<\/th><\/tr><\/thead><tbody><tr><td><strong>Capacit\u00e0 della batteria<\/strong><\/td><td>650 mAh<\/td><\/tr><tr><td><strong>Capacit\u00e0 del liquido elettronico<\/strong><\/td><td>20 ml (pre-riempito)<\/td><\/tr><tr><td><strong>Forza della nicotina<\/strong><\/td><td>5% (50 mg)<\/td><\/tr><tr><td><strong>Conteggio dei soffi<\/strong><\/td><td>Fino a 20.000 (modalit\u00e0 Eco) \/ 12.000 (modalit\u00e0 Power)<\/td><\/tr><tr><td><strong>Tipo di bobina<\/strong><\/td><td>Sistema di bobine a doppia maglia (tecnologia S.i.L.C.)<\/td><\/tr><tr><td><strong>Ricarica<\/strong><\/td><td>Non \u00e8 richiesta alcuna ricarica (usa e getta)<\/td><\/tr><tr><td><strong>Modalit\u00e0<\/strong><\/td><td>Modalit\u00e0 Eco \/ Modalit\u00e0 Power<\/td><\/tr><tr><td><strong>Display<\/strong><\/td><td>Schermo LED per lo stato della batteria e dell'e-liquido<\/td><\/tr><tr><td><strong>Opzioni di gusto<\/strong><\/td><td>20 gusti disponibili<\/td><\/tr><\/tbody><\/table><\/figure>\n\n\n\n<h3 class=\"wp-block-heading\">Come utilizzare il VOZOL Gear Power 20000 monouso<\/h3>\n\n\n\n<ol class=\"wp-block-list\">\n<li><strong>Attivare il dispositivo:<\/strong> \u00c8 sufficiente inalare per attivarlo; non \u00e8 necessario alcun pulsante.<\/li>\n\n\n\n<li><strong>Monitorare la batteria e l'e-liquid:<\/strong> Utilizzare il <strong>Display a LED<\/strong> per controllare la durata della batteria e lo stato dell'e-liquid.<\/li>\n\n\n\n<li><strong>Passare da una modalit\u00e0 all'altra:<\/strong> Scegliere <strong>Modalit\u00e0 Eco<\/strong> per un uso prolungato o <strong>Modalit\u00e0 di alimentazione<\/strong> per una produzione di vapore pi\u00f9 intensa.<\/li>\n\n\n\n<li><strong>Buon divertimento:<\/strong> Assaporare fino a <strong>20.000 soffi<\/strong> con un sapore costante e colpi morbidi per tutta la durata.<\/li>\n<\/ol>\n\n\n\n<p>Scoprite l'intera gamma di vapori monouso e accessori di alta qualit\u00e0 esplorando il nostro sito web. <strong><a href=\"https:\/\/vapemaison.com\/\">Casa <\/a><\/strong>, dove potrete saperne di pi\u00f9 sul nostro impegno per la qualit\u00e0, l'autenticit\u00e0 e la soddisfazione del cliente. Se siete pronti ad acquistare, visitate il nostro sito <strong><a href=\"https:\/\/vapemaison.com\/shop\/\">Negozio<\/a><\/strong> per sfogliare gli ultimi dispositivi VOZOL, i gusti pi\u00f9 popolari e le offerte esclusive disponibili per la spedizione rapida in tutto il mondo. Per una panoramica completa del marchio, compresi i modelli pi\u00f9 venduti e le innovazioni di prodotto, visitate il sito dedicato <strong><a href=\"https:\/\/vapemaison.com\/brand\/vozol\/\">VOZOL<\/a><\/strong>, dove tutte le attuali collezioni VOZOL sono comodamente organizzate in un unico luogo.<\/p>","protected":false},"excerpt":{"rendered":"<p>VOZOL Gear Power 20000 Disposable Vape The Watermelon Ice VOZOL Gear Power 20000 delivers a crisp summer breeze in every draw. First, you taste the sweetness of juicy, sun-ripened watermelon. Additionally, a chilling menthol blast follows to refresh your palate. Furthermore, the dual mesh coil system ensures the flavor stays vibrant throughout its 20,000-puff lifespan. [&hellip;]<\/p>\n","protected":false},"featured_media":12770,"comment_status":"open","ping_status":"closed","template":"","meta":[],"product_brand":[178],"product_cat":[133],"product_tag":[],"class_list":{"0":"post-20584","1":"product","2":"type-product","3":"status-publish","4":"has-post-thumbnail","6":"product_brand-vozol","7":"product_cat-20k-puffs","9":"first","10":"instock","11":"sale","12":"shipping-taxable","13":"purchasable","14":"product-type-variable"},"yoast_head":"<!-- This site is optimized with the Yoast SEO plugin v27.4 - https:\/\/yoast.com\/product\/yoast-seo-wordpress\/ -->\n<title>VOZOL Gear Power 20000 Vape - Watermelon Ice VOZOL 20k<\/title>\n<meta name=\"description\" content=\"Experience the Watermelon Ice VOZOL Gear Power 20000. Features S.i.L.C Tech, 20mL capacity, and up to 20,000 puffs. Shop this refreshing icy summer flavor now!\" \/>\n<meta name=\"robots\" content=\"index, follow, max-snippet:-1, max-image-preview:large, max-video-preview:-1\" \/>\n<link rel=\"canonical\" href=\"https:\/\/vapemaison.com\/it\/prodotto\/vozol-gear-power-20000-vape-monouso-watermelon-ice-20k-puffs\/\" \/>\n<meta property=\"og:locale\" content=\"it_IT\" \/>\n<meta property=\"og:type\" content=\"article\" \/>\n<meta property=\"og:title\" content=\"VOZOL Gear Power 20000 Vape - Watermelon Ice VOZOL 20k\" \/>\n<meta property=\"og:description\" content=\"Experience the Watermelon Ice VOZOL Gear Power 20000. Features S.i.L.C Tech, 20mL capacity, and up to 20,000 puffs. Shop this refreshing icy summer flavor now!\" \/>\n<meta property=\"og:url\" content=\"https:\/\/vapemaison.com\/it\/prodotto\/vozol-gear-power-20000-vape-monouso-watermelon-ice-20k-puffs\/\" \/>\n<meta property=\"og:site_name\" content=\"VapeMaison\" \/>\n<meta property=\"article:modified_time\" content=\"2025-12-26T01:53:07+00:00\" \/>\n<meta property=\"og:image\" content=\"https:\/\/vapemaison.com\/wp-content\/uploads\/2025\/11\/watermelon-ice-vozol-gear-power-disposable-20000-puffs.webp\" \/>\n\t<meta property=\"og:image:width\" content=\"910\" \/>\n\t<meta property=\"og:image:height\" content=\"910\" \/>\n\t<meta property=\"og:image:type\" content=\"image\/webp\" \/>\n<meta name=\"twitter:card\" content=\"summary_large_image\" \/>\n<meta name=\"twitter:label1\" content=\"Tempo di lettura stimato\" \/>\n\t<meta name=\"twitter:data1\" content=\"2 minuti\" \/>\n<!-- \/ Yoast SEO plugin. -->","yoast_head_json":{"title":"VOZOL Gear Power 20000 Vape - Ghiaccio all'anguria VOZOL 20k","description":"Provate il Watermelon Ice VOZOL Gear Power 20000. Dispone di tecnologia S.i.L.C., capacit\u00e0 di 20 ml e fino a 20.000 boccate. Acquista subito questo rinfrescante gusto estivo!","robots":{"index":"index","follow":"follow","max-snippet":"max-snippet:-1","max-image-preview":"max-image-preview:large","max-video-preview":"max-video-preview:-1"},"canonical":"https:\/\/vapemaison.com\/it\/prodotto\/vozol-gear-power-20000-vape-monouso-watermelon-ice-20k-puffs\/","og_locale":"it_IT","og_type":"article","og_title":"VOZOL Gear Power 20000 Vape - Watermelon Ice VOZOL 20k","og_description":"Experience the Watermelon Ice VOZOL Gear Power 20000. Features S.i.L.C Tech, 20mL capacity, and up to 20,000 puffs. Shop this refreshing icy summer flavor now!","og_url":"https:\/\/vapemaison.com\/it\/prodotto\/vozol-gear-power-20000-vape-monouso-watermelon-ice-20k-puffs\/","og_site_name":"VapeMaison","article_modified_time":"2025-12-26T01:53:07+00:00","og_image":[{"width":910,"height":910,"url":"https:\/\/vapemaison.com\/wp-content\/uploads\/2025\/11\/watermelon-ice-vozol-gear-power-disposable-20000-puffs.webp","type":"image\/webp"}],"twitter_card":"summary_large_image","twitter_misc":{"Tempo di lettura stimato":"2 minuti"},"schema":{"@context":"https:\/\/schema.org","@graph":[{"@type":"WebPage","@id":"https:\/\/vapemaison.com\/product\/vozol-gear-power-20000-disposable-vape-watermelon-ice-20k-puffs\/","url":"https:\/\/vapemaison.com\/product\/vozol-gear-power-20000-disposable-vape-watermelon-ice-20k-puffs\/","name":"VOZOL Gear Power 20000 Vape - Ghiaccio all'anguria VOZOL 20k","isPartOf":{"@id":"https:\/\/vapemaison.com\/#website"},"primaryImageOfPage":{"@id":"https:\/\/vapemaison.com\/product\/vozol-gear-power-20000-disposable-vape-watermelon-ice-20k-puffs\/#primaryimage"},"image":{"@id":"https:\/\/vapemaison.com\/product\/vozol-gear-power-20000-disposable-vape-watermelon-ice-20k-puffs\/#primaryimage"},"thumbnailUrl":"https:\/\/vapemaison.com\/wp-content\/uploads\/2025\/11\/watermelon-ice-vozol-gear-power-disposable-20000-puffs.webp","datePublished":"2025-12-23T02:19:58+00:00","dateModified":"2025-12-26T01:53:07+00:00","description":"Provate il Watermelon Ice VOZOL Gear Power 20000. Dispone di tecnologia S.i.L.C., capacit\u00e0 di 20 ml e fino a 20.000 boccate. Acquista subito questo rinfrescante gusto estivo!","breadcrumb":{"@id":"https:\/\/vapemaison.com\/product\/vozol-gear-power-20000-disposable-vape-watermelon-ice-20k-puffs\/#breadcrumb"},"inLanguage":"it-IT","potentialAction":[{"@type":"ReadAction","target":["https:\/\/vapemaison.com\/product\/vozol-gear-power-20000-disposable-vape-watermelon-ice-20k-puffs\/"]}]},{"@type":"ImageObject","inLanguage":"it-IT","@id":"https:\/\/vapemaison.com\/product\/vozol-gear-power-20000-disposable-vape-watermelon-ice-20k-puffs\/#primaryimage","url":"https:\/\/vapemaison.com\/wp-content\/uploads\/2025\/11\/watermelon-ice-vozol-gear-power-disposable-20000-puffs.webp","contentUrl":"https:\/\/vapemaison.com\/wp-content\/uploads\/2025\/11\/watermelon-ice-vozol-gear-power-disposable-20000-puffs.webp","width":910,"height":910,"caption":"watermelon-ice-vozol-gear-power-disposable-20000-puffs"},{"@type":"BreadcrumbList","@id":"https:\/\/vapemaison.com\/product\/vozol-gear-power-20000-disposable-vape-watermelon-ice-20k-puffs\/#breadcrumb","itemListElement":[{"@type":"ListItem","position":1,"name":"\u9996\u9875","item":"https:\/\/vapemaison.com\/"},{"@type":"ListItem","position":2,"name":"Shop","item":"https:\/\/vapemaison.com\/shop\/"},{"@type":"ListItem","position":3,"name":"Vozol","item":"https:\/\/vapemaison.com\/brand\/vozol\/"},{"@type":"ListItem","position":4,"name":"VOZOL Gear Power 20000 Disposable Vape | Watermelon Ice | 20K Puffs"}]},{"@type":"WebSite","@id":"https:\/\/vapemaison.com\/#website","url":"https:\/\/vapemaison.com\/","name":"VapeMaison","description":"Dispositivi e accessori per il vaping di alta qualit\u00e0","publisher":{"@id":"https:\/\/vapemaison.com\/#organization"},"potentialAction":[{"@type":"SearchAction","target":{"@type":"EntryPoint","urlTemplate":"https:\/\/vapemaison.com\/?s={search_term_string}"},"query-input":{"@type":"PropertyValueSpecification","valueRequired":true,"valueName":"search_term_string"}}],"inLanguage":"it-IT"},{"@type":"Organization","@id":"https:\/\/vapemaison.com\/#organization","name":"VapeMaison","url":"https:\/\/vapemaison.com\/","logo":{"@type":"ImageObject","inLanguage":"it-IT","@id":"https:\/\/vapemaison.com\/#\/schema\/logo\/image\/","url":"https:\/\/vapemaison.com\/wp-content\/uploads\/2026\/01\/cropped-vapemaison-logo-g-2026.webp","contentUrl":"https:\/\/vapemaison.com\/wp-content\/uploads\/2026\/01\/cropped-vapemaison-logo-g-2026.webp","width":350,"height":280,"caption":"VapeMaison"},"image":{"@id":"https:\/\/vapemaison.com\/#\/schema\/logo\/image\/"},"sameAs":["https:\/\/www.youtube.com\/@VapeMaison"]}]}},"tiered_pricing_type":"fixed","tiered_pricing_fixed_rules":{"30":"11.24","50":"10.36","100":"9.56","200":"8.47"},"tiered_pricing_product_settings":{"layout":"default","base_unit_name":{"singular":null,"plural":null},"default_variation":null},"tiered_pricing_minimum_quantity":10,"tiered_pricing_roles_data":[],"tiered_pricing_percentage_rules":[],"tiered_pricing_maximum_quantity":null,"tiered_pricing_quantity_step":"10","_links":{"self":[{"href":"https:\/\/vapemaison.com\/it\/wp-json\/wp\/v2\/product\/20584","targetHints":{"allow":["GET"]}}],"collection":[{"href":"https:\/\/vapemaison.com\/it\/wp-json\/wp\/v2\/product"}],"about":[{"href":"https:\/\/vapemaison.com\/it\/wp-json\/wp\/v2\/types\/product"}],"replies":[{"embeddable":true,"href":"https:\/\/vapemaison.com\/it\/wp-json\/wp\/v2\/comments?post=20584"}],"version-history":[{"count":0,"href":"https:\/\/vapemaison.com\/it\/wp-json\/wp\/v2\/product\/20584\/revisions"}],"wp:featuredmedia":[{"embeddable":true,"href":"https:\/\/vapemaison.com\/it\/wp-json\/wp\/v2\/media\/12770"}],"wp:attachment":[{"href":"https:\/\/vapemaison.com\/it\/wp-json\/wp\/v2\/media?parent=20584"}],"wp:term":[{"taxonomy":"product_brand","embeddable":true,"href":"https:\/\/vapemaison.com\/it\/wp-json\/wp\/v2\/product_brand?post=20584"},{"taxonomy":"product_cat","embeddable":true,"href":"https:\/\/vapemaison.com\/it\/wp-json\/wp\/v2\/product_cat?post=20584"},{"taxonomy":"product_tag","embeddable":true,"href":"https:\/\/vapemaison.com\/it\/wp-json\/wp\/v2\/product_tag?post=20584"}],"curies":[{"name":"wp","href":"https:\/\/api.w.org\/{rel}","templated":true}]}}