

{"id":21333,"date":"2025-12-24T03:56:57","date_gmt":"2025-12-24T03:56:57","guid":{"rendered":"https:\/\/vapemaison.com\/?post_type=product&#038;p=21333"},"modified":"2025-12-26T01:51:37","modified_gmt":"2025-12-26T01:51:37","slug":"vozol-gear-power-20000-vape-monouso-fragola-kiwi","status":"publish","type":"product","link":"https:\/\/vapemaison.com\/it\/product\/vozol-gear-power-20000-disposable-vape-strawberry-kiwi\/","title":{"rendered":"VOZOL Gear Power 20000 Vape usa e getta | fragola-kiwi"},"content":{"rendered":"<p>VOZOL Gear Power 20000 Strawberry Kiwi usa e getta combina una potenza di lunga durata con una miscela di frutta dolce e piccante. Con un massimo di 20.000 boccate in modalit\u00e0 Eco o di 12.000 boccate in modalit\u00e0 Power, garantisce un tiro morbido e saporito.<\/p>\n\n\n\n<p>Strawberry Kiwi bilancia la dolcezza succosa delle fragole mature con la scorza piccante del kiwi, per un sapore fruttato naturale e completo. Grazie al sistema a doppia bobina, ogni boccata \u00e8 consistente e soddisfacente, mentre il display a LED mostra a colpo d'occhio lo stato della batteria e dell'e-liquid. Questo aroma \u00e8 perfetto per chi cerca un'esperienza di svapo vivace e fruttata che rimanga piacevole dalla prima all'ultima boccata.<\/p>\n\n\n\n<figure class=\"wp-block-table is-style-stripes\"><table class=\"has-fixed-layout\"><thead><tr><th>Articolo<\/th><th>Dettagli<\/th><\/tr><\/thead><tbody><tr><td><strong>Capacit\u00e0 della batteria<\/strong><\/td><td>650 mAh<\/td><\/tr><tr><td><strong>Capacit\u00e0 del liquido elettronico<\/strong><\/td><td>20 ml (pre-riempito)<\/td><\/tr><tr><td><strong>Forza della nicotina<\/strong><\/td><td>5% (50 mg)<\/td><\/tr><tr><td><strong>Conteggio dei soffi<\/strong><\/td><td>Fino a 20.000 (modalit\u00e0 Eco) \/ 12.000 (modalit\u00e0 Power)<\/td><\/tr><tr><td><strong>Tipo di bobina<\/strong><\/td><td>Sistema di bobine a doppia maglia (tecnologia S.i.L.C.)<\/td><\/tr><tr><td><strong>Ricarica<\/strong><\/td><td>Non \u00e8 richiesta alcuna ricarica (usa e getta)<\/td><\/tr><tr><td><strong>Modalit\u00e0<\/strong><\/td><td>Modalit\u00e0 Eco \/ Modalit\u00e0 Power<\/td><\/tr><tr><td><strong>Display<\/strong><\/td><td>Schermo LED per lo stato della batteria e dell'e-liquido<\/td><\/tr><tr><td><strong>Opzioni di gusto<\/strong><\/td><td>20 gusti disponibili<\/td><\/tr><\/tbody><\/table><\/figure>\n\n\n\n<h3 class=\"wp-block-heading\">Come utilizzare il VOZOL Gear Power 20000 monouso<\/h3>\n\n\n\n<ol class=\"wp-block-list\">\n<li><strong>Attivare il dispositivo:<\/strong> \u00c8 sufficiente inalare per attivarlo; non \u00e8 necessario alcun pulsante.<\/li>\n\n\n\n<li><strong>Monitorare la batteria e l'e-liquid:<\/strong> Utilizzare il <strong>Display a LED<\/strong> per controllare la durata della batteria e lo stato dell'e-liquid.<\/li>\n\n\n\n<li><strong>Passare da una modalit\u00e0 all'altra:<\/strong> Scegliere <strong>Modalit\u00e0 Eco<\/strong> per un uso prolungato o <strong>Modalit\u00e0 di alimentazione<\/strong> per una produzione di vapore pi\u00f9 intensa.<\/li>\n\n\n\n<li><strong>Buon divertimento:<\/strong> Assaporare fino a <strong>20.000 soffi<\/strong> con un sapore costante e colpi morbidi per tutta la durata.<\/li>\n<\/ol>\n\n\n\n<p>Scoprite l'intera gamma di vapori monouso e accessori di alta qualit\u00e0 esplorando il nostro sito web. <strong>homepage<\/strong>, dove potrete saperne di pi\u00f9 sul nostro impegno per la qualit\u00e0, l'autenticit\u00e0 e la soddisfazione del cliente. Se siete pronti ad acquistare, visitate il nostro sito <strong>pagina del negozio<\/strong> per sfogliare gli ultimi dispositivi VOZOL, i gusti pi\u00f9 popolari e le offerte esclusive disponibili per la spedizione rapida in tutto il mondo. Per una panoramica completa del marchio, compresi i modelli pi\u00f9 venduti e le innovazioni di prodotto, visitate il sito dedicato <strong>Pagina del marchio VOZOL<\/strong>, dove tutte le attuali collezioni VOZOL sono comodamente organizzate in un unico luogo.<\/p>\n\n\n\n<h3 class=\"wp-block-heading\">Gusti disponibili<\/h3>\n\n\n\n<ul class=\"wp-block-list\">\n<li>Ghiaccio all'anguria<\/li>\n\n\n\n<li>Ghiaccio d'uva<\/li>\n\n\n\n<li>Ghiaccio al mango<\/li>\n\n\n\n<li>Ghiaccio doppio alla mela<\/li>\n\n\n\n<li>Menta e limone<\/li>\n\n\n\n<li>Tabacco<\/li>\n\n\n\n<li>Ghiaccio alla pesca<\/li>\n\n\n\n<li>Anguria alla fragola<\/li>\n\n\n\n<li>Fragola Kiwi<\/li>\n\n\n\n<li>Anguria al lampone<\/li>\n\n\n\n<li>Ghiaccio Blu Razz<\/li>\n\n\n\n<li>Mango alla fragola<\/li>\n\n\n\n<li>Limone e lime<\/li>\n\n\n\n<li>Limonata alla ciliegia<\/li>\n\n\n\n<li>Bacche miste<\/li>\n\n\n\n<li>Frutto del drago Banana Ciliegia<\/li>\n\n\n\n<li>LavaFire<\/li>\n\n\n\n<li>Tempesta di mirtilli<\/li>\n\n\n\n<li>Mojito blu<\/li>\n\n\n\n<li>Mango Ananas Pompelmo<\/li>\n<\/ul>\n\n\n\n<p>Scoprite l'intera gamma di vapori monouso e accessori di alta qualit\u00e0 esplorando il nostro sito web. <strong><a href=\"https:\/\/vapemaison.com\/\">Casa <\/a><\/strong>, dove potrete saperne di pi\u00f9 sul nostro impegno per la qualit\u00e0, l'autenticit\u00e0 e la soddisfazione del cliente. Se siete pronti ad acquistare, visitate il nostro sito <strong><a href=\"https:\/\/vapemaison.com\/shop\/\">Negozio<\/a><\/strong> per sfogliare gli ultimi dispositivi VOZOL, i gusti pi\u00f9 popolari e le offerte esclusive disponibili per la spedizione rapida in tutto il mondo. Per una panoramica completa del marchio, compresi i modelli pi\u00f9 venduti e le innovazioni di prodotto, visitate il sito dedicato <strong><a href=\"https:\/\/vapemaison.com\/brand\/vozol\/\">VOZOL<\/a><\/strong>, dove tutte le attuali collezioni VOZOL sono comodamente organizzate in un unico luogo.<\/p>","protected":false},"excerpt":{"rendered":"<p>Strawberry Kiwi bilancia le fragole succose con un tocco di kiwi piccante per un sapore vivace e fruttato. Con un vapore omogeneo e costante e prestazioni affidabili sia in modalit\u00e0 Eco che Power, \u00e8 la scelta perfetta per chi cerca un'esperienza di svapo alla frutta fresca e giocosa.<\/p>","protected":false},"featured_media":12766,"comment_status":"open","ping_status":"closed","template":"","meta":[],"product_brand":[178],"product_cat":[133],"product_tag":[],"class_list":{"0":"post-21333","1":"product","2":"type-product","3":"status-publish","4":"has-post-thumbnail","6":"product_brand-vozol","7":"product_cat-20k-puffs","9":"first","10":"instock","11":"sale","12":"shipping-taxable","13":"purchasable","14":"product-type-variable"},"yoast_head":"<!-- This site is optimized with the Yoast SEO plugin v27.4 - https:\/\/yoast.com\/product\/yoast-seo-wordpress\/ -->\n<title>VOZOL Gear Power 20000 Strawberry Kiwi Disposable Vape<\/title>\n<meta name=\"description\" content=\"VOZOL Gear Power 20000 Strawberry Kiwi disposable vape blends ripe strawberry sweetness with tangy kiwi. Long-lasting flavor up to 20,000 puffs.\" \/>\n<meta name=\"robots\" content=\"index, follow, max-snippet:-1, max-image-preview:large, max-video-preview:-1\" \/>\n<link rel=\"canonical\" href=\"https:\/\/vapemaison.com\/it\/prodotto\/vozol-gear-power-20000-vape-monouso-fragola-kiwi\/\" \/>\n<meta property=\"og:locale\" content=\"it_IT\" \/>\n<meta property=\"og:type\" content=\"article\" \/>\n<meta property=\"og:title\" content=\"VOZOL Gear Power 20000 Strawberry Kiwi Disposable Vape\" \/>\n<meta property=\"og:description\" content=\"VOZOL Gear Power 20000 Strawberry Kiwi disposable vape blends ripe strawberry sweetness with tangy kiwi. Long-lasting flavor up to 20,000 puffs.\" \/>\n<meta property=\"og:url\" content=\"https:\/\/vapemaison.com\/it\/prodotto\/vozol-gear-power-20000-vape-monouso-fragola-kiwi\/\" \/>\n<meta property=\"og:site_name\" content=\"VapeMaison\" \/>\n<meta property=\"article:modified_time\" content=\"2025-12-26T01:51:37+00:00\" \/>\n<meta property=\"og:image\" content=\"https:\/\/vapemaison.com\/wp-content\/uploads\/2025\/11\/strawberry-kiwi-vozol-gear-power-disposable-20000-puffs.webp\" \/>\n\t<meta property=\"og:image:width\" content=\"910\" \/>\n\t<meta property=\"og:image:height\" content=\"910\" \/>\n\t<meta property=\"og:image:type\" content=\"image\/webp\" \/>\n<meta name=\"twitter:card\" content=\"summary_large_image\" \/>\n<meta name=\"twitter:label1\" content=\"Tempo di lettura stimato\" \/>\n\t<meta name=\"twitter:data1\" content=\"3 minuti\" \/>\n<!-- \/ Yoast SEO plugin. -->","yoast_head_json":{"title":"VOZOL Gear Power 20000 Strawberry Kiwi Vape usa e getta","description":"VOZOL Gear Power 20000 Strawberry Kiwi monouso unisce la dolcezza della fragola matura con l'acidit\u00e0 del kiwi. Aroma di lunga durata fino a 20.000 boccate.","robots":{"index":"index","follow":"follow","max-snippet":"max-snippet:-1","max-image-preview":"max-image-preview:large","max-video-preview":"max-video-preview:-1"},"canonical":"https:\/\/vapemaison.com\/it\/prodotto\/vozol-gear-power-20000-vape-monouso-fragola-kiwi\/","og_locale":"it_IT","og_type":"article","og_title":"VOZOL Gear Power 20000 Strawberry Kiwi Disposable Vape","og_description":"VOZOL Gear Power 20000 Strawberry Kiwi disposable vape blends ripe strawberry sweetness with tangy kiwi. Long-lasting flavor up to 20,000 puffs.","og_url":"https:\/\/vapemaison.com\/it\/prodotto\/vozol-gear-power-20000-vape-monouso-fragola-kiwi\/","og_site_name":"VapeMaison","article_modified_time":"2025-12-26T01:51:37+00:00","og_image":[{"width":910,"height":910,"url":"https:\/\/vapemaison.com\/wp-content\/uploads\/2025\/11\/strawberry-kiwi-vozol-gear-power-disposable-20000-puffs.webp","type":"image\/webp"}],"twitter_card":"summary_large_image","twitter_misc":{"Tempo di lettura stimato":"3 minuti"},"schema":{"@context":"https:\/\/schema.org","@graph":[{"@type":"WebPage","@id":"https:\/\/vapemaison.com\/product\/vozol-gear-power-20000-disposable-vape-strawberry-kiwi\/","url":"https:\/\/vapemaison.com\/product\/vozol-gear-power-20000-disposable-vape-strawberry-kiwi\/","name":"VOZOL Gear Power 20000 Strawberry Kiwi Vape usa e getta","isPartOf":{"@id":"https:\/\/vapemaison.com\/#website"},"primaryImageOfPage":{"@id":"https:\/\/vapemaison.com\/product\/vozol-gear-power-20000-disposable-vape-strawberry-kiwi\/#primaryimage"},"image":{"@id":"https:\/\/vapemaison.com\/product\/vozol-gear-power-20000-disposable-vape-strawberry-kiwi\/#primaryimage"},"thumbnailUrl":"https:\/\/vapemaison.com\/wp-content\/uploads\/2025\/11\/strawberry-kiwi-vozol-gear-power-disposable-20000-puffs.webp","datePublished":"2025-12-24T03:56:57+00:00","dateModified":"2025-12-26T01:51:37+00:00","description":"VOZOL Gear Power 20000 Strawberry Kiwi monouso unisce la dolcezza della fragola matura con l'acidit\u00e0 del kiwi. Aroma di lunga durata fino a 20.000 boccate.","breadcrumb":{"@id":"https:\/\/vapemaison.com\/product\/vozol-gear-power-20000-disposable-vape-strawberry-kiwi\/#breadcrumb"},"inLanguage":"it-IT","potentialAction":[{"@type":"ReadAction","target":["https:\/\/vapemaison.com\/product\/vozol-gear-power-20000-disposable-vape-strawberry-kiwi\/"]}]},{"@type":"ImageObject","inLanguage":"it-IT","@id":"https:\/\/vapemaison.com\/product\/vozol-gear-power-20000-disposable-vape-strawberry-kiwi\/#primaryimage","url":"https:\/\/vapemaison.com\/wp-content\/uploads\/2025\/11\/strawberry-kiwi-vozol-gear-power-disposable-20000-puffs.webp","contentUrl":"https:\/\/vapemaison.com\/wp-content\/uploads\/2025\/11\/strawberry-kiwi-vozol-gear-power-disposable-20000-puffs.webp","width":910,"height":910,"caption":"strawberry-kiwi-vozol-gear-power-disposable-20000-puffs"},{"@type":"BreadcrumbList","@id":"https:\/\/vapemaison.com\/product\/vozol-gear-power-20000-disposable-vape-strawberry-kiwi\/#breadcrumb","itemListElement":[{"@type":"ListItem","position":1,"name":"\u9996\u9875","item":"https:\/\/vapemaison.com\/"},{"@type":"ListItem","position":2,"name":"Shop","item":"https:\/\/vapemaison.com\/shop\/"},{"@type":"ListItem","position":3,"name":"Vozol","item":"https:\/\/vapemaison.com\/brand\/vozol\/"},{"@type":"ListItem","position":4,"name":"VOZOL Gear Power 20000 Disposable Vape | strawberry-kiwi"}]},{"@type":"WebSite","@id":"https:\/\/vapemaison.com\/#website","url":"https:\/\/vapemaison.com\/","name":"VapeMaison","description":"Dispositivi e accessori per il vaping di alta qualit\u00e0","publisher":{"@id":"https:\/\/vapemaison.com\/#organization"},"potentialAction":[{"@type":"SearchAction","target":{"@type":"EntryPoint","urlTemplate":"https:\/\/vapemaison.com\/?s={search_term_string}"},"query-input":{"@type":"PropertyValueSpecification","valueRequired":true,"valueName":"search_term_string"}}],"inLanguage":"it-IT"},{"@type":"Organization","@id":"https:\/\/vapemaison.com\/#organization","name":"VapeMaison","url":"https:\/\/vapemaison.com\/","logo":{"@type":"ImageObject","inLanguage":"it-IT","@id":"https:\/\/vapemaison.com\/#\/schema\/logo\/image\/","url":"https:\/\/vapemaison.com\/wp-content\/uploads\/2026\/01\/cropped-vapemaison-logo-g-2026.webp","contentUrl":"https:\/\/vapemaison.com\/wp-content\/uploads\/2026\/01\/cropped-vapemaison-logo-g-2026.webp","width":350,"height":280,"caption":"VapeMaison"},"image":{"@id":"https:\/\/vapemaison.com\/#\/schema\/logo\/image\/"},"sameAs":["https:\/\/www.youtube.com\/@VapeMaison"]}]}},"tiered_pricing_type":"fixed","tiered_pricing_fixed_rules":{"30":"11.24","50":"10.36","100":"9.56","200":"8.47"},"tiered_pricing_product_settings":{"layout":"default","base_unit_name":{"singular":null,"plural":null},"default_variation":null},"tiered_pricing_minimum_quantity":10,"tiered_pricing_roles_data":[],"tiered_pricing_percentage_rules":[],"tiered_pricing_maximum_quantity":null,"tiered_pricing_quantity_step":"10","_links":{"self":[{"href":"https:\/\/vapemaison.com\/it\/wp-json\/wp\/v2\/product\/21333","targetHints":{"allow":["GET"]}}],"collection":[{"href":"https:\/\/vapemaison.com\/it\/wp-json\/wp\/v2\/product"}],"about":[{"href":"https:\/\/vapemaison.com\/it\/wp-json\/wp\/v2\/types\/product"}],"replies":[{"embeddable":true,"href":"https:\/\/vapemaison.com\/it\/wp-json\/wp\/v2\/comments?post=21333"}],"version-history":[{"count":0,"href":"https:\/\/vapemaison.com\/it\/wp-json\/wp\/v2\/product\/21333\/revisions"}],"wp:featuredmedia":[{"embeddable":true,"href":"https:\/\/vapemaison.com\/it\/wp-json\/wp\/v2\/media\/12766"}],"wp:attachment":[{"href":"https:\/\/vapemaison.com\/it\/wp-json\/wp\/v2\/media?parent=21333"}],"wp:term":[{"taxonomy":"product_brand","embeddable":true,"href":"https:\/\/vapemaison.com\/it\/wp-json\/wp\/v2\/product_brand?post=21333"},{"taxonomy":"product_cat","embeddable":true,"href":"https:\/\/vapemaison.com\/it\/wp-json\/wp\/v2\/product_cat?post=21333"},{"taxonomy":"product_tag","embeddable":true,"href":"https:\/\/vapemaison.com\/it\/wp-json\/wp\/v2\/product_tag?post=21333"}],"curies":[{"name":"wp","href":"https:\/\/api.w.org\/{rel}","templated":true}]}}