

{"id":21638,"date":"2025-12-24T03:58:42","date_gmt":"2025-12-24T03:58:42","guid":{"rendered":"https:\/\/vapemaison.com\/?post_type=product&#038;p=21638"},"modified":"2026-01-19T09:06:39","modified_gmt":"2026-01-19T09:06:39","slug":"vozol-gear-power-20000-vape-monouso-mango-ice-20k-puff","status":"publish","type":"product","link":"https:\/\/vapemaison.com\/it\/product\/vozol-gear-power-20000-disposable-vape-mango-ice-20k-puff\/","title":{"rendered":"VOZOL Gear Power 20000 Vape usa e getta Mango Ice | 20k Puff"},"content":{"rendered":"<p>VOZOL Gear Power 20000 Mango Ice usa e getta combina prestazioni di lunga durata con un tocco di mango tropicale. Con un massimo di 20.000 soffi in modalit\u00e0 Eco o 12.000 soffi in modalit\u00e0 Power, offre colpi morbidi e un sapore costante.<\/p>\n\n\n\n<p>Provate la dolcezza naturale del mango maturo con un pizzico di freschezza ghiacciata a ogni inspirazione. Il sistema a doppia bobina assicura un vapore ricco e un sapore pieno, mentre il display a LED vi tiene informati sulla durata della batteria e sui livelli di e-liquid. Sia che si preferisca la modalit\u00e0 Eco per sessioni prolungate o la modalit\u00e0 Power per un tiro pi\u00f9 forte, Mango Ice offre una rinfrescante esperienza di svapo tropicale, facile da gustare in qualsiasi momento.<\/p>\n\n\n\n<h3 class=\"wp-block-heading\">Perch\u00e9 scegliere VOZOL Gear Power?<\/h3>\n\n\n\n<p>Il <strong>VOZOL Potenza ingranaggi 20K<\/strong> combinazioni <strong>tecnologia all'avanguardia<\/strong> con <strong>materiali di prima qualit\u00e0<\/strong> per consegnare un <strong>esperienza di vaping duratura e personalizzabile<\/strong>. Con il suo <strong>doppia modalit\u00e0 di alimentazione<\/strong>, Gli utenti possono selezionare la modalit\u00e0 giusta per le loro preferenze, sia che privilegino un uso prolungato o una maggiore produzione di vapore.<\/p>\n\n\n\n<p><strong>VOZOL Potenza ingranaggi 20000<\/strong> \u00e8 perfetto per coloro che desiderano un dispositivo che vada oltre, offrendo sia una qualit\u00e0 superiore che un'ottima qualit\u00e0 di vita. <strong>longevit\u00e0<\/strong> e <strong>prestazioni<\/strong>. Il <strong>Sistema di bobine a doppia maglia<\/strong> garantisce sapori vivaci e vapore omogeneo, rendendola la scelta ideale per i vapers che esigono il meglio sia in termini di prestazioni che di sapori.<\/p>\n\n\n\n<h3 class=\"wp-block-heading\">Specifiche tecniche<\/h3>\n\n\n\n<figure class=\"wp-block-table is-style-stripes\"><table class=\"has-fixed-layout\"><thead><tr><th>Articolo<\/th><th>Dettagli<\/th><\/tr><\/thead><tbody><tr><td><strong>Capacit\u00e0 della batteria<\/strong><\/td><td>650 mAh<\/td><\/tr><tr><td><strong>Capacit\u00e0 del liquido elettronico<\/strong><\/td><td>20 ml (pre-riempito)<\/td><\/tr><tr><td><strong>Forza della nicotina<\/strong><\/td><td>5% (50 mg)<\/td><\/tr><tr><td><strong>Conteggio dei soffi<\/strong><\/td><td>Fino a 20.000 (modalit\u00e0 Eco) \/ 12.000 (modalit\u00e0 Power)<\/td><\/tr><tr><td><strong>Tipo di bobina<\/strong><\/td><td>Sistema di bobine a doppia maglia (tecnologia S.i.L.C.)<\/td><\/tr><tr><td><strong>Ricarica<\/strong><\/td><td>Non \u00e8 richiesta alcuna ricarica (usa e getta)<\/td><\/tr><tr><td><strong>Modalit\u00e0<\/strong><\/td><td>Modalit\u00e0 Eco \/ Modalit\u00e0 Power<\/td><\/tr><tr><td><strong>Display<\/strong><\/td><td>Schermo LED per lo stato della batteria e dell'e-liquido<\/td><\/tr><tr><td><strong>Opzioni di gusto<\/strong><\/td><td>20 gusti disponibili<\/td><\/tr><\/tbody><\/table><\/figure>\n\n\n\n<h3 class=\"wp-block-heading\">Come utilizzare il VOZOL Gear Power 20000 monouso<\/h3>\n\n\n\n<ol class=\"wp-block-list\">\n<li><strong>Attivare il dispositivo:<\/strong> \u00c8 sufficiente inalare per attivarlo; non \u00e8 necessario alcun pulsante.<\/li>\n\n\n\n<li><strong>Monitorare la batteria e l'e-liquid:<\/strong> Utilizzare il <strong>Display a LED<\/strong> per controllare la durata della batteria e lo stato dell'e-liquid.<\/li>\n\n\n\n<li><strong>Passare da una modalit\u00e0 all'altra:<\/strong> Scegliere <strong>Modalit\u00e0 Eco<\/strong> per un uso prolungato o <strong>Modalit\u00e0 di alimentazione<\/strong> per una produzione di vapore pi\u00f9 intensa.<\/li>\n\n\n\n<li><strong>Buon divertimento:<\/strong> Assaporare fino a <strong>20.000 soffi<\/strong> con un sapore costante e colpi morbidi per tutta la durata.<\/li>\n<\/ol>\n\n\n\n<p>Scoprite l'intera gamma di vapori monouso e accessori di alta qualit\u00e0 esplorando il nostro sito web. <strong>homepage<\/strong>, dove potrete saperne di pi\u00f9 sul nostro impegno per la qualit\u00e0, l'autenticit\u00e0 e la soddisfazione del cliente. Se siete pronti ad acquistare, visitate il nostro sito <strong>pagina del negozio<\/strong> per sfogliare gli ultimi dispositivi VOZOL, i gusti pi\u00f9 popolari e le offerte esclusive disponibili per la spedizione rapida in tutto il mondo. Per una panoramica completa del marchio, compresi i modelli pi\u00f9 venduti e le innovazioni di prodotto, visitate il sito dedicato <strong>Pagina del marchio VOZOL<\/strong>, dove tutte le attuali collezioni VOZOL sono comodamente organizzate in un unico luogo.<\/p>\n\n\n\n<h3 class=\"wp-block-heading\">Gusti disponibili<\/h3>\n\n\n\n<ul class=\"wp-block-list\">\n<li>Ghiaccio all'anguria<\/li>\n\n\n\n<li>Ghiaccio d'uva<\/li>\n\n\n\n<li>Ghiaccio al mango<\/li>\n\n\n\n<li>Ghiaccio doppio alla mela<\/li>\n\n\n\n<li>Menta e limone<\/li>\n\n\n\n<li>Tabacco<\/li>\n\n\n\n<li>Ghiaccio alla pesca<\/li>\n\n\n\n<li>Anguria alla fragola<\/li>\n\n\n\n<li>Fragola Kiwi<\/li>\n\n\n\n<li>Anguria al lampone<\/li>\n\n\n\n<li>Ghiaccio Blu Razz<\/li>\n\n\n\n<li>Mango alla fragola<\/li>\n\n\n\n<li>Limone e lime<\/li>\n\n\n\n<li>Limonata alla ciliegia<\/li>\n\n\n\n<li>Bacche miste<\/li>\n\n\n\n<li>Frutto del drago Banana Ciliegia<\/li>\n\n\n\n<li>LavaFire<\/li>\n\n\n\n<li>Tempesta di mirtilli<\/li>\n\n\n\n<li>Mojito blu<\/li>\n\n\n\n<li>Mango Ananas Pompelmo<\/li>\n<\/ul>\n\n\n\n<p>Scoprite l'intera gamma di vapori monouso e accessori di alta qualit\u00e0 esplorando il nostro sito web. <strong><a href=\"https:\/\/vapemaison.com\/\">Casa <\/a><\/strong>, dove potrete saperne di pi\u00f9 sul nostro impegno per la qualit\u00e0, l'autenticit\u00e0 e la soddisfazione del cliente. Se siete pronti ad acquistare, visitate il nostro sito <strong><a href=\"https:\/\/vapemaison.com\/shop\/\">Negozio<\/a><\/strong> per sfogliare gli ultimi dispositivi VOZOL, i gusti pi\u00f9 popolari e le offerte esclusive disponibili per la spedizione rapida in tutto il mondo. Per una panoramica completa del marchio, compresi i modelli pi\u00f9 venduti e le innovazioni di prodotto, visitate il sito dedicato <strong><a href=\"https:\/\/vapemaison.com\/brand\/vozol\/\">VOZOL<\/a><\/strong>, dove tutte le attuali collezioni VOZOL sono comodamente organizzate in un unico luogo.<\/p>","protected":false},"excerpt":{"rendered":"<p>Mango Ice offre un sapore pulito e autentico di mango con una leggera esalazione ghiacciata che non risulta mai eccessiva. La dolcezza \u00e8 bilanciata e naturale, e permette di goderne per tutto il giorno senza affaticarsi. Abbinato alla doppia bobina a maglie del Gear Power 20000, ogni boccata rimane fluida e costante, sia che si utilizzi la modalit\u00e0 Eco per una maggiore durata, sia che si utilizzi la modalit\u00e0 Power per un tiro pi\u00f9 forte. Una scelta affidabile per gli amanti del mango che vogliono freschezza senza asprezza.<\/p>","protected":false},"featured_media":12765,"comment_status":"open","ping_status":"closed","template":"","meta":[],"product_brand":[178],"product_cat":[133],"product_tag":[],"class_list":{"0":"post-21638","1":"product","2":"type-product","3":"status-publish","4":"has-post-thumbnail","6":"product_brand-vozol","7":"product_cat-20k-puffs","9":"first","10":"instock","11":"sale","12":"shipping-taxable","13":"purchasable","14":"product-type-variable"},"yoast_head":"<!-- This site is optimized with the Yoast SEO plugin v27.4 - https:\/\/yoast.com\/product\/yoast-seo-wordpress\/ -->\n<title>VOZOL Gear Power 20000 Mango Ice Disposable Vape<\/title>\n<meta name=\"description\" content=\"Enjoy the VOZOL Gear Power 20000 Mango Ice disposable vape with a ripe mango taste and icy finish. Up to 20,000 puffs with smooth, consistent performance.\" \/>\n<meta name=\"robots\" content=\"index, follow, max-snippet:-1, max-image-preview:large, max-video-preview:-1\" \/>\n<link rel=\"canonical\" href=\"https:\/\/vapemaison.com\/it\/prodotto\/vozol-gear-power-20000-vape-monouso-mango-ice-20k-puff\/\" \/>\n<meta property=\"og:locale\" content=\"it_IT\" \/>\n<meta property=\"og:type\" content=\"article\" \/>\n<meta property=\"og:title\" content=\"VOZOL Gear Power 20000 Mango Ice Disposable Vape\" \/>\n<meta property=\"og:description\" content=\"Enjoy the VOZOL Gear Power 20000 Mango Ice disposable vape with a ripe mango taste and icy finish. Up to 20,000 puffs with smooth, consistent performance.\" \/>\n<meta property=\"og:url\" content=\"https:\/\/vapemaison.com\/it\/prodotto\/vozol-gear-power-20000-vape-monouso-mango-ice-20k-puff\/\" \/>\n<meta property=\"og:site_name\" content=\"VapeMaison\" \/>\n<meta property=\"article:modified_time\" content=\"2026-01-19T09:06:39+00:00\" \/>\n<meta property=\"og:image\" content=\"https:\/\/vapemaison.com\/wp-content\/uploads\/2025\/11\/mexican-mango-ice-vozol-gear-power-disposable-20000-puffs.webp\" \/>\n\t<meta property=\"og:image:width\" content=\"910\" \/>\n\t<meta property=\"og:image:height\" content=\"910\" \/>\n\t<meta property=\"og:image:type\" content=\"image\/webp\" \/>\n<meta name=\"twitter:card\" content=\"summary_large_image\" \/>\n<meta name=\"twitter:label1\" content=\"Tempo di lettura stimato\" \/>\n\t<meta name=\"twitter:data1\" content=\"3 minuti\" \/>\n<!-- \/ Yoast SEO plugin. -->","yoast_head_json":{"title":"VOZOL Gear Power 20000 Mango Ice Vape usa e getta","description":"Godetevi la svapata monouso VOZOL Gear Power 20000 Mango Ice con un gusto di mango maturo e una finitura ghiacciata. Fino a 20.000 boccate con prestazioni uniformi e costanti.","robots":{"index":"index","follow":"follow","max-snippet":"max-snippet:-1","max-image-preview":"max-image-preview:large","max-video-preview":"max-video-preview:-1"},"canonical":"https:\/\/vapemaison.com\/it\/prodotto\/vozol-gear-power-20000-vape-monouso-mango-ice-20k-puff\/","og_locale":"it_IT","og_type":"article","og_title":"VOZOL Gear Power 20000 Mango Ice Disposable Vape","og_description":"Enjoy the VOZOL Gear Power 20000 Mango Ice disposable vape with a ripe mango taste and icy finish. Up to 20,000 puffs with smooth, consistent performance.","og_url":"https:\/\/vapemaison.com\/it\/prodotto\/vozol-gear-power-20000-vape-monouso-mango-ice-20k-puff\/","og_site_name":"VapeMaison","article_modified_time":"2026-01-19T09:06:39+00:00","og_image":[{"width":910,"height":910,"url":"https:\/\/vapemaison.com\/wp-content\/uploads\/2025\/11\/mexican-mango-ice-vozol-gear-power-disposable-20000-puffs.webp","type":"image\/webp"}],"twitter_card":"summary_large_image","twitter_misc":{"Tempo di lettura stimato":"3 minuti"},"schema":{"@context":"https:\/\/schema.org","@graph":[{"@type":"WebPage","@id":"https:\/\/vapemaison.com\/product\/vozol-gear-power-20000-disposable-vape-mango-ice-20k-puff\/","url":"https:\/\/vapemaison.com\/product\/vozol-gear-power-20000-disposable-vape-mango-ice-20k-puff\/","name":"VOZOL Gear Power 20000 Mango Ice Vape usa e getta","isPartOf":{"@id":"https:\/\/vapemaison.com\/#website"},"primaryImageOfPage":{"@id":"https:\/\/vapemaison.com\/product\/vozol-gear-power-20000-disposable-vape-mango-ice-20k-puff\/#primaryimage"},"image":{"@id":"https:\/\/vapemaison.com\/product\/vozol-gear-power-20000-disposable-vape-mango-ice-20k-puff\/#primaryimage"},"thumbnailUrl":"https:\/\/vapemaison.com\/wp-content\/uploads\/2025\/11\/mexican-mango-ice-vozol-gear-power-disposable-20000-puffs.webp","datePublished":"2025-12-24T03:58:42+00:00","dateModified":"2026-01-19T09:06:39+00:00","description":"Godetevi la svapata monouso VOZOL Gear Power 20000 Mango Ice con un gusto di mango maturo e una finitura ghiacciata. Fino a 20.000 boccate con prestazioni uniformi e costanti.","breadcrumb":{"@id":"https:\/\/vapemaison.com\/product\/vozol-gear-power-20000-disposable-vape-mango-ice-20k-puff\/#breadcrumb"},"inLanguage":"it-IT","potentialAction":[{"@type":"ReadAction","target":["https:\/\/vapemaison.com\/product\/vozol-gear-power-20000-disposable-vape-mango-ice-20k-puff\/"]}]},{"@type":"ImageObject","inLanguage":"it-IT","@id":"https:\/\/vapemaison.com\/product\/vozol-gear-power-20000-disposable-vape-mango-ice-20k-puff\/#primaryimage","url":"https:\/\/vapemaison.com\/wp-content\/uploads\/2025\/11\/mexican-mango-ice-vozol-gear-power-disposable-20000-puffs.webp","contentUrl":"https:\/\/vapemaison.com\/wp-content\/uploads\/2025\/11\/mexican-mango-ice-vozol-gear-power-disposable-20000-puffs.webp","width":910,"height":910,"caption":"mexican-mango-ice-vozol-gear-power-disposable-20000-puffs"},{"@type":"BreadcrumbList","@id":"https:\/\/vapemaison.com\/product\/vozol-gear-power-20000-disposable-vape-mango-ice-20k-puff\/#breadcrumb","itemListElement":[{"@type":"ListItem","position":1,"name":"\u9996\u9875","item":"https:\/\/vapemaison.com\/"},{"@type":"ListItem","position":2,"name":"Shop","item":"https:\/\/vapemaison.com\/shop\/"},{"@type":"ListItem","position":3,"name":"Vozol","item":"https:\/\/vapemaison.com\/brand\/vozol\/"},{"@type":"ListItem","position":4,"name":"VOZOL Gear Power 20000 Disposable Vape Mango Ice | 20k Puff"}]},{"@type":"WebSite","@id":"https:\/\/vapemaison.com\/#website","url":"https:\/\/vapemaison.com\/","name":"VapeMaison","description":"Dispositivi e accessori per il vaping di alta qualit\u00e0","publisher":{"@id":"https:\/\/vapemaison.com\/#organization"},"potentialAction":[{"@type":"SearchAction","target":{"@type":"EntryPoint","urlTemplate":"https:\/\/vapemaison.com\/?s={search_term_string}"},"query-input":{"@type":"PropertyValueSpecification","valueRequired":true,"valueName":"search_term_string"}}],"inLanguage":"it-IT"},{"@type":"Organization","@id":"https:\/\/vapemaison.com\/#organization","name":"VapeMaison","url":"https:\/\/vapemaison.com\/","logo":{"@type":"ImageObject","inLanguage":"it-IT","@id":"https:\/\/vapemaison.com\/#\/schema\/logo\/image\/","url":"https:\/\/vapemaison.com\/wp-content\/uploads\/2026\/01\/cropped-vapemaison-logo-g-2026.webp","contentUrl":"https:\/\/vapemaison.com\/wp-content\/uploads\/2026\/01\/cropped-vapemaison-logo-g-2026.webp","width":350,"height":280,"caption":"VapeMaison"},"image":{"@id":"https:\/\/vapemaison.com\/#\/schema\/logo\/image\/"},"sameAs":["https:\/\/www.youtube.com\/@VapeMaison"]}]}},"tiered_pricing_type":"fixed","tiered_pricing_fixed_rules":{"30":"11.24","50":"10.36","100":"9.56","200":"8.47"},"tiered_pricing_product_settings":{"layout":"default","base_unit_name":{"singular":null,"plural":null},"default_variation":null},"tiered_pricing_minimum_quantity":10,"tiered_pricing_roles_data":[],"tiered_pricing_percentage_rules":[],"tiered_pricing_maximum_quantity":null,"tiered_pricing_quantity_step":"10","_links":{"self":[{"href":"https:\/\/vapemaison.com\/it\/wp-json\/wp\/v2\/product\/21638","targetHints":{"allow":["GET"]}}],"collection":[{"href":"https:\/\/vapemaison.com\/it\/wp-json\/wp\/v2\/product"}],"about":[{"href":"https:\/\/vapemaison.com\/it\/wp-json\/wp\/v2\/types\/product"}],"replies":[{"embeddable":true,"href":"https:\/\/vapemaison.com\/it\/wp-json\/wp\/v2\/comments?post=21638"}],"version-history":[{"count":1,"href":"https:\/\/vapemaison.com\/it\/wp-json\/wp\/v2\/product\/21638\/revisions"}],"predecessor-version":[{"id":26113,"href":"https:\/\/vapemaison.com\/it\/wp-json\/wp\/v2\/product\/21638\/revisions\/26113"}],"wp:featuredmedia":[{"embeddable":true,"href":"https:\/\/vapemaison.com\/it\/wp-json\/wp\/v2\/media\/12765"}],"wp:attachment":[{"href":"https:\/\/vapemaison.com\/it\/wp-json\/wp\/v2\/media?parent=21638"}],"wp:term":[{"taxonomy":"product_brand","embeddable":true,"href":"https:\/\/vapemaison.com\/it\/wp-json\/wp\/v2\/product_brand?post=21638"},{"taxonomy":"product_cat","embeddable":true,"href":"https:\/\/vapemaison.com\/it\/wp-json\/wp\/v2\/product_cat?post=21638"},{"taxonomy":"product_tag","embeddable":true,"href":"https:\/\/vapemaison.com\/it\/wp-json\/wp\/v2\/product_tag?post=21638"}],"curies":[{"name":"wp","href":"https:\/\/api.w.org\/{rel}","templated":true}]}}