

{"id":22453,"date":"2025-12-29T09:48:40","date_gmt":"2025-12-29T09:48:40","guid":{"rendered":"https:\/\/vapemaison.com\/?post_type=product&#038;p=22453"},"modified":"2025-12-29T09:50:25","modified_gmt":"2025-12-29T09:50:25","slug":"vape-25000-25k-puff-edizione-originale-monouso","status":"publish","type":"product","link":"https:\/\/vapemaison.com\/it\/product\/waspe-25000-25k-puffs-original-edition-disposable-vape\/","title":{"rendered":"WASPE 25000 (25K) Puffs Edizione Originale Vape usa e getta"},"content":{"rendered":"<p>Il <strong>WASPE 25000 Vape monouso<\/strong> \u00e8 un dispositivo ad alta capacit\u00e0 in edizione originale progettato per gli utenti che cercano un uso prolungato, un sapore costante e una funzionalit\u00e0 pratica. Con un massimo di <strong>25.000 soffi<\/strong>, un sistema integrato <strong>Display LCD<\/strong>, e avanzato <strong>Tecnologia della bobina a doppia maglia<\/strong>, Questo modello offre un'esperienza di svapo fluida e affidabile dall'inizio alla fine.<\/p>\n\n\n\n<p>Ideale sia per i singoli utenti che per la distribuzione all'ingrosso, il WASPE 25000 combina durata, facilit\u00e0 d'uso e forte appeal sul mercato.<\/p>\n\n\n\n<h2 class=\"wp-block-heading\">Caratteristiche principali<\/h2>\n\n\n\n<ul class=\"wp-block-list\">\n<li>Fino a <strong>25.000 soffi<\/strong> per l'uso a lungo termine<\/li>\n\n\n\n<li><strong>Capacit\u00e0 di 25 ml di e-liquid<\/strong> riduce la frequenza di ricarica e sostituzione<\/li>\n\n\n\n<li><strong>Bobina a doppia maglia<\/strong> per un sapore pi\u00f9 intenso e un vapore denso<\/li>\n\n\n\n<li><strong>Display LCD<\/strong> per informazioni sull'utilizzo in tempo reale<\/li>\n\n\n\n<li><strong>Batteria ricaricabile da 650 mAh<\/strong> con ricarica rapida Type-C<\/li>\n\n\n\n<li>Diverse intensit\u00e0 di nicotina per adattarsi a diversi mercati<\/li>\n<\/ul>\n\n\n\n<h2 class=\"wp-block-heading\">Specifiche del prodotto<\/h2>\n\n\n\n<figure class=\"wp-block-table\"><table class=\"has-fixed-layout\"><thead><tr><th>Caratteristica<\/th><th>Descrizione<\/th><\/tr><\/thead><tbody><tr><td>Nome del prodotto<\/td><td>WASPE 25000 Edizione Originale Vape usa e getta<\/td><\/tr><tr><td>Capacit\u00e0 di soffio<\/td><td>Fino a 25.000 soffi<\/td><\/tr><tr><td>Capacit\u00e0 del liquido elettronico<\/td><td>25ml<\/td><\/tr><tr><td>Forza della nicotina<\/td><td>0% \/ 2% \/ 5%<\/td><\/tr><tr><td>Tipo di bobina<\/td><td>Bobina a doppia maglia<\/td><\/tr><tr><td>Capacit\u00e0 della batteria<\/td><td>650 mAh (ricaricabile)<\/td><\/tr><tr><td>Porta di ricarica<\/td><td>Tipo-C<\/td><\/tr><tr><td>Display<\/td><td>Schermo LCD<\/td><\/tr><tr><td>Operazione<\/td><td>Attivato dal disegno<\/td><\/tr><tr><td>Gusti disponibili<\/td><td>10 opzioni<\/td><\/tr><\/tbody><\/table><\/figure>\n\n\n\n<h2 class=\"wp-block-heading\">Prestazioni di vaping avanzate<\/h2>\n\n\n\n<p>Il <strong>Sistema di bobine a doppia maglia<\/strong> garantisce un riscaldamento uniforme e un'uscita di vapore stabile, offrendo un sapore ricco e un flusso d'aria regolare per tutta la durata del dispositivo. Abbinato a una grande capacit\u00e0 di e-liquid, il WASPE 25000 mantiene la coerenza del sapore dalla prima all'ultima boccata.<\/p>\n\n\n\n<h2 class=\"wp-block-heading\">Design intelligente e facile da usare<\/h2>\n\n\n\n<p>Il sistema integrato <strong>Display LCD<\/strong> permette agli utenti di monitorare facilmente le informazioni chiave durante l'utilizzo, mentre il <strong>Porta di ricarica Type-C<\/strong> garantisce una ricarica rapida ed efficiente. Il suo design compatto ed ergonomico lo rende adatto al trasporto quotidiano e all'uso prolungato.<\/p>\n\n\n\n<h2 class=\"wp-block-heading\">Opzioni di gusto<\/h2>\n\n\n\n<ul class=\"wp-block-list\">\n<li>Ghiaccio all'anguria<\/li>\n\n\n\n<li>Mirtillo su ghiaccio<\/li>\n\n\n\n<li>Anguria alla fragola<\/li>\n\n\n\n<li>Limonata di mirtilli e lamponi<\/li>\n\n\n\n<li>Ghiaccio alla ciliegia<\/li>\n\n\n\n<li>Pesca, mango e anguria<\/li>\n\n\n\n<li>Bacche miste<\/li>\n\n\n\n<li>Ghiaccio alla pesca<\/li>\n\n\n\n<li>Fragola Kiwi<\/li>\n\n\n\n<li>Ghiaccio d'uva<\/li>\n<\/ul>\n\n\n\n<h2 class=\"wp-block-heading\">Informazioni su imballaggio e logistica<\/h2>\n\n\n\n<figure class=\"wp-block-table is-style-stripes\"><table class=\"has-fixed-layout\"><thead><tr><th>Articolo<\/th><th>Dettagli<\/th><\/tr><\/thead><tbody><tr><td>Unit\u00e0 per scatola<\/td><td>-<\/td><\/tr><tr><td>Unit\u00e0 per cartone<\/td><td>200 pezzi<\/td><\/tr><tr><td>Peso del cartone<\/td><td>21 kg<\/td><\/tr><tr><td>Tipo di imballaggio<\/td><td>Confezioni pronte per la vendita al dettaglio<\/td><\/tr><\/tbody><\/table><\/figure>\n\n\n\n<h2 class=\"wp-block-heading\">Ideale per<\/h2>\n\n\n\n<ul class=\"wp-block-list\">\n<li>Negozi di vape al dettaglio<\/li>\n\n\n\n<li>Negozi di vape online<\/li>\n\n\n\n<li>Grossisti e distributori<\/li>\n\n\n\n<li>Mercati del vape usa e getta ad alto contenuto di pasticche<\/li>\n<\/ul>\n\n\n\n<h3 class=\"wp-block-heading\">Perch\u00e9 scegliere WASPE 25000?<\/h3>\n\n\n\n<ul class=\"wp-block-list\">\n<li>Elevato numero di soffi con prestazioni stabili<\/li>\n\n\n\n<li>Il display LCD migliora il controllo da parte dell'utente<\/li>\n\n\n\n<li>Specifiche competitive per la vendita al dettaglio e all'ingrosso<\/li>\n\n\n\n<li>Ampia scelta di sapori con forte attrattiva per i consumatori<\/li>\n<\/ul>\n\n\n\n<p><strong>WASPE 25000 - un vape monouso affidabile e ad alta capacit\u00e0, progettato per funzionare e vendere.<\/strong><\/p>","protected":false},"excerpt":{"rendered":"<p>Il <strong data-start=\"539\" data-end=\"599\">WASPE 25000 (25K) Puffs Edizione Originale Vape usa e getta<\/strong> \u00e8 stato progettato per gli utenti che apprezzano le prestazioni di lunga durata, la stabilit\u00e0 dell'aroma e la funzionalit\u00e0 pratica. Fornisce fino a <strong data-start=\"726\" data-end=\"742\">25.000 soffi<\/strong>, questo vape monouso ad alta capacit\u00e0 riduce in modo significativo la frequenza di sostituzione, mentre<\/p>","protected":false},"featured_media":22463,"comment_status":"open","ping_status":"closed","template":"","meta":[],"product_brand":[59],"product_cat":[144],"product_tag":[],"class_list":{"0":"post-22453","1":"product","2":"type-product","3":"status-publish","4":"has-post-thumbnail","6":"product_brand-waspe","7":"product_cat-25k-puffs","9":"first","10":"instock","11":"sale","12":"shipping-taxable","13":"purchasable","14":"product-type-variable"},"yoast_head":"<!-- This site is optimized with the Yoast SEO plugin v27.4 - https:\/\/yoast.com\/product\/yoast-seo-wordpress\/ -->\n<title>WASPE 25000 Puffs Disposable Vape | LCD Display, Dual Mesh<\/title>\n<meta name=\"description\" content=\"WASPE 25000 disposable vape delivers up to 25,000 puffs with 25ml e-liquid, dual mesh coil, LCD display, Type-C charging, and multiple flavors. Ideal for retail and wholesale.\" \/>\n<meta name=\"robots\" content=\"index, follow, max-snippet:-1, max-image-preview:large, max-video-preview:-1\" \/>\n<link rel=\"canonical\" href=\"https:\/\/vapemaison.com\/it\/prodotto\/vape-25000-25k-puff-edizione-originale-monouso\/\" \/>\n<meta property=\"og:locale\" content=\"it_IT\" \/>\n<meta property=\"og:type\" content=\"article\" \/>\n<meta property=\"og:title\" content=\"WASPE 25000 Puffs Disposable Vape | LCD Display, Dual Mesh\" \/>\n<meta property=\"og:description\" content=\"WASPE 25000 disposable vape delivers up to 25,000 puffs with 25ml e-liquid, dual mesh coil, LCD display, Type-C charging, and multiple flavors. Ideal for retail and wholesale.\" \/>\n<meta property=\"og:url\" content=\"https:\/\/vapemaison.com\/it\/prodotto\/vape-25000-25k-puff-edizione-originale-monouso\/\" \/>\n<meta property=\"og:site_name\" content=\"VapeMaison\" \/>\n<meta property=\"article:modified_time\" content=\"2025-12-29T09:50:25+00:00\" \/>\n<meta property=\"og:image\" content=\"https:\/\/vapemaison.com\/wp-content\/uploads\/2025\/12\/vape-waspe-25000-puffs-waspe-25000.jpg.webp\" \/>\n\t<meta property=\"og:image:width\" content=\"800\" \/>\n\t<meta property=\"og:image:height\" content=\"800\" \/>\n\t<meta property=\"og:image:type\" content=\"image\/webp\" \/>\n<meta name=\"twitter:card\" content=\"summary_large_image\" \/>\n<meta name=\"twitter:label1\" content=\"Tempo di lettura stimato\" \/>\n\t<meta name=\"twitter:data1\" content=\"2 minuti\" \/>\n<!-- \/ Yoast SEO plugin. -->","yoast_head_json":{"title":"WASPE 25000 boccate di vapore usa e getta con display LCD, doppia maglia","description":"WASPE 25000 \u00e8 una svapata monouso che eroga fino a 25.000 boccate con 25 ml di e-liquid, doppia bobina a rete, display LCD, ricarica Type-C e diversi aromi. Ideale per la vendita al dettaglio e all'ingrosso.","robots":{"index":"index","follow":"follow","max-snippet":"max-snippet:-1","max-image-preview":"max-image-preview:large","max-video-preview":"max-video-preview:-1"},"canonical":"https:\/\/vapemaison.com\/it\/prodotto\/vape-25000-25k-puff-edizione-originale-monouso\/","og_locale":"it_IT","og_type":"article","og_title":"WASPE 25000 Puffs Disposable Vape | LCD Display, Dual Mesh","og_description":"WASPE 25000 disposable vape delivers up to 25,000 puffs with 25ml e-liquid, dual mesh coil, LCD display, Type-C charging, and multiple flavors. Ideal for retail and wholesale.","og_url":"https:\/\/vapemaison.com\/it\/prodotto\/vape-25000-25k-puff-edizione-originale-monouso\/","og_site_name":"VapeMaison","article_modified_time":"2025-12-29T09:50:25+00:00","og_image":[{"width":800,"height":800,"url":"https:\/\/vapemaison.com\/wp-content\/uploads\/2025\/12\/vape-waspe-25000-puffs-waspe-25000.jpg.webp","type":"image\/webp"}],"twitter_card":"summary_large_image","twitter_misc":{"Tempo di lettura stimato":"2 minuti"},"schema":{"@context":"https:\/\/schema.org","@graph":[{"@type":"WebPage","@id":"https:\/\/vapemaison.com\/product\/waspe-25000-25k-puffs-original-edition-disposable-vape\/","url":"https:\/\/vapemaison.com\/product\/waspe-25000-25k-puffs-original-edition-disposable-vape\/","name":"WASPE 25000 boccate di vapore usa e getta con display LCD, doppia maglia","isPartOf":{"@id":"https:\/\/vapemaison.com\/#website"},"primaryImageOfPage":{"@id":"https:\/\/vapemaison.com\/product\/waspe-25000-25k-puffs-original-edition-disposable-vape\/#primaryimage"},"image":{"@id":"https:\/\/vapemaison.com\/product\/waspe-25000-25k-puffs-original-edition-disposable-vape\/#primaryimage"},"thumbnailUrl":"https:\/\/vapemaison.com\/wp-content\/uploads\/2025\/12\/vape-waspe-25000-puffs-waspe-25000.jpg.webp","datePublished":"2025-12-29T09:48:40+00:00","dateModified":"2025-12-29T09:50:25+00:00","description":"WASPE 25000 \u00e8 una svapata monouso che eroga fino a 25.000 boccate con 25 ml di e-liquid, doppia bobina a rete, display LCD, ricarica Type-C e diversi aromi. Ideale per la vendita al dettaglio e all'ingrosso.","breadcrumb":{"@id":"https:\/\/vapemaison.com\/product\/waspe-25000-25k-puffs-original-edition-disposable-vape\/#breadcrumb"},"inLanguage":"it-IT","potentialAction":[{"@type":"ReadAction","target":["https:\/\/vapemaison.com\/product\/waspe-25000-25k-puffs-original-edition-disposable-vape\/"]}]},{"@type":"ImageObject","inLanguage":"it-IT","@id":"https:\/\/vapemaison.com\/product\/waspe-25000-25k-puffs-original-edition-disposable-vape\/#primaryimage","url":"https:\/\/vapemaison.com\/wp-content\/uploads\/2025\/12\/vape-waspe-25000-puffs-waspe-25000.jpg.webp","contentUrl":"https:\/\/vapemaison.com\/wp-content\/uploads\/2025\/12\/vape-waspe-25000-puffs-waspe-25000.jpg.webp","width":800,"height":800,"caption":"vape-waspe-25000-puffs-waspe-25000.jpg"},{"@type":"BreadcrumbList","@id":"https:\/\/vapemaison.com\/product\/waspe-25000-25k-puffs-original-edition-disposable-vape\/#breadcrumb","itemListElement":[{"@type":"ListItem","position":1,"name":"\u9996\u9875","item":"https:\/\/vapemaison.com\/"},{"@type":"ListItem","position":2,"name":"Shop","item":"https:\/\/vapemaison.com\/shop\/"},{"@type":"ListItem","position":3,"name":"Waspe","item":"https:\/\/vapemaison.com\/brand\/waspe\/"},{"@type":"ListItem","position":4,"name":"WASPE 25000 (25K) Puffs Original Edition Disposable Vape"}]},{"@type":"WebSite","@id":"https:\/\/vapemaison.com\/#website","url":"https:\/\/vapemaison.com\/","name":"VapeMaison","description":"Dispositivi e accessori per il vaping di alta qualit\u00e0","publisher":{"@id":"https:\/\/vapemaison.com\/#organization"},"potentialAction":[{"@type":"SearchAction","target":{"@type":"EntryPoint","urlTemplate":"https:\/\/vapemaison.com\/?s={search_term_string}"},"query-input":{"@type":"PropertyValueSpecification","valueRequired":true,"valueName":"search_term_string"}}],"inLanguage":"it-IT"},{"@type":"Organization","@id":"https:\/\/vapemaison.com\/#organization","name":"VapeMaison","url":"https:\/\/vapemaison.com\/","logo":{"@type":"ImageObject","inLanguage":"it-IT","@id":"https:\/\/vapemaison.com\/#\/schema\/logo\/image\/","url":"https:\/\/vapemaison.com\/wp-content\/uploads\/2026\/01\/cropped-vapemaison-logo-g-2026.webp","contentUrl":"https:\/\/vapemaison.com\/wp-content\/uploads\/2026\/01\/cropped-vapemaison-logo-g-2026.webp","width":350,"height":280,"caption":"VapeMaison"},"image":{"@id":"https:\/\/vapemaison.com\/#\/schema\/logo\/image\/"},"sameAs":["https:\/\/www.youtube.com\/@VapeMaison"]}]}},"tiered_pricing_type":"fixed","tiered_pricing_fixed_rules":{"30":"9.12","50":"8.76","100":"8.24","200":"7.98"},"tiered_pricing_product_settings":{"layout":"default","base_unit_name":{"singular":null,"plural":null},"default_variation":null},"tiered_pricing_minimum_quantity":10,"tiered_pricing_roles_data":[],"tiered_pricing_percentage_rules":[],"tiered_pricing_maximum_quantity":null,"tiered_pricing_quantity_step":"10","_links":{"self":[{"href":"https:\/\/vapemaison.com\/it\/wp-json\/wp\/v2\/product\/22453","targetHints":{"allow":["GET"]}}],"collection":[{"href":"https:\/\/vapemaison.com\/it\/wp-json\/wp\/v2\/product"}],"about":[{"href":"https:\/\/vapemaison.com\/it\/wp-json\/wp\/v2\/types\/product"}],"replies":[{"embeddable":true,"href":"https:\/\/vapemaison.com\/it\/wp-json\/wp\/v2\/comments?post=22453"}],"version-history":[{"count":0,"href":"https:\/\/vapemaison.com\/it\/wp-json\/wp\/v2\/product\/22453\/revisions"}],"wp:featuredmedia":[{"embeddable":true,"href":"https:\/\/vapemaison.com\/it\/wp-json\/wp\/v2\/media\/22463"}],"wp:attachment":[{"href":"https:\/\/vapemaison.com\/it\/wp-json\/wp\/v2\/media?parent=22453"}],"wp:term":[{"taxonomy":"product_brand","embeddable":true,"href":"https:\/\/vapemaison.com\/it\/wp-json\/wp\/v2\/product_brand?post=22453"},{"taxonomy":"product_cat","embeddable":true,"href":"https:\/\/vapemaison.com\/it\/wp-json\/wp\/v2\/product_cat?post=22453"},{"taxonomy":"product_tag","embeddable":true,"href":"https:\/\/vapemaison.com\/it\/wp-json\/wp\/v2\/product_tag?post=22453"}],"curies":[{"name":"wp","href":"https:\/\/api.w.org\/{rel}","templated":true}]}}