

{"id":22514,"date":"2025-12-30T05:40:30","date_gmt":"2025-12-30T05:40:30","guid":{"rendered":"https:\/\/vapemaison.com\/?post_type=product&#038;p=22514"},"modified":"2026-02-27T09:42:04","modified_gmt":"2026-02-27T09:42:04","slug":"fumot-eco-2-in-1-50k-puff-kit-pod-preriempito-black-ice-grape-ice-24ml","status":"publish","type":"product","link":"https:\/\/vapemaison.com\/it\/product\/fumot-eco-2-in-1-50k-puffs-prefilled-pod-kit-black-ice-grape-ice-24ml\/","title":{"rendered":"Fumot Eco 2-in-1 50K Puffs Pod Kit preriempito - Black Ice &amp; Grape Ice (24ml)"},"content":{"rendered":"<p>Passate dall'audace oscurit\u00e0 alla dolcezza del vigneto con un semplice clic. Il set di cialde Fumot 50K 2 in 1 \u00e8 pensato per gli amanti dei profili fruttati profondi e delle finiture ghiacciate.<\/p>\n\n\n\n<ul class=\"wp-block-list\">\n<li><strong>Ghiaccio nero:<\/strong> Una sofisticata miscela di more scure e ribes nero aspro, sormontata da un pesante strato di ghiaccio tritato. \u00c8 audace, rivitalizzante e perfettamente equilibrato.<\/li>\n\n\n\n<li><strong>Ghiaccio d'uva:<\/strong> Provate l'esplosione dell'uva viola maturata al sole. Questo aroma offre una dolcezza simile a quella di una caramella, abbinata a un'esalazione di mentolo fresco e frizzante che persiste magnificamente.<\/li>\n<\/ul>\n\n\n\n<h3 class=\"wp-block-heading\"><strong>Specifiche del nucleo<\/strong><\/h3>\n\n\n\n<figure class=\"wp-block-table is-style-stripes\"><table class=\"has-fixed-layout\"><thead><tr><td><strong>Caratteristica<\/strong><\/td><td><strong>Dettagli<\/strong><\/td><\/tr><\/thead><tbody><tr><td><strong>Massimo sbuffi<\/strong><\/td><td>Fino a 50.000 boccate<\/td><\/tr><tr><td><strong>Sistema di aromatizzazione<\/strong><\/td><td>Gestore a doppio gusto 2 in 1<\/td><\/tr><tr><td><strong>Capacit\u00e0 della batteria<\/strong><\/td><td>950mAh Ricaricabile (Tipo-C)<\/td><\/tr><tr><td><strong>Forza della nicotina<\/strong><\/td><td>2% (20 mg) Sale di nicotina<\/td><\/tr><tr><td><strong>Totale E-liquido<\/strong><\/td><td>24 ml (2 cialde da 2 ml + 2 contenitori di ricarica da 10 ml)<\/td><\/tr><tr><td><strong>Display<\/strong><\/td><td>Schermo digitale intelligente a LED<\/td><\/tr><tr><td><strong>Tecnologia delle bobine<\/strong><\/td><td>Bobina a doppia maglia per il massimo del sapore<\/td><\/tr><tr><td><strong>Standard<\/strong><\/td><td>Conforme alla TPD \/ Completamente legale<\/td><\/tr><\/tbody><\/table><\/figure>\n\n\n\n<h3 class=\"wp-block-heading\"><strong>Punti di forza del prodotto<\/strong><\/h3>\n\n\n\n<ul class=\"wp-block-list\">\n<li><strong>Conteggio impareggiabile di 50.000 puff:<\/strong> Progettata per garantire un'estrema longevit\u00e0, Fumot Eco 50K combina un sistema di ricarica modulare con una gestione della batteria ad alta efficienza per continuare a svapare pi\u00f9 a lungo di qualsiasi altro dispositivo usa e getta standard.<\/li>\n\n\n\n<li><strong>Cambio di sapore istantaneo:<\/strong> Stanchi dello stesso gusto? L'innovativo sistema 2-in-1 consente di alternare istantaneamente Black Ice e Grape Ice, evitando la \u201clingua del vaper\u201d e mantenendo il palato fresco.<\/li>\n\n\n\n<li><strong>Monitoraggio intelligente dei LED:<\/strong> Lo schermo integrato ad alta definizione fornisce aggiornamenti in tempo reale sulla percentuale di batteria e sui livelli di e-liquid, assicurandovi di essere sempre pronti.<\/li>\n\n\n\n<li><strong>Prestazioni della bobina a doppia maglia:<\/strong> Sperimentate una produzione di vapore superiore. Le bobine a doppia maglia riscaldano l'e-liquid in modo uniforme, offrendo un sapore ricco e intenso e nuvole uniformi dalla prima boccata alla 50.000esima.<\/li>\n\n\n\n<li><strong>Eco-compatibile e conveniente:<\/strong> Con una base ricaricabile da 950 mAh e un sistema modulare da 24 ml ad alta capacit\u00e0, questo kit riduce i rifiuti ambientali e offre un rapporto qualit\u00e0-prezzo molto migliore rispetto ai dispositivi monouso.<\/li>\n<\/ul>\n\n\n\n<p>State ancora esplorando le vostre opzioni? Potete scoprire di pi\u00f9 con il nostro\u00a0<strong><a href=\"https:\/\/vapemaison.com\/brand\/fumot\/\">Collezione Fumot Vape<\/a><\/strong>, o sfogliare altri\u00a0<strong><a href=\"https:\/\/vapemaison.com\/product-category\/puffs-count\/50k-puffs\/\">dispositivi vape puff 50k<\/a><\/strong>\u00a0e\u00a0<strong><a href=\"https:\/\/vapemaison.com\/product-category\/puffs-count\/300k-puffs\/\">monouso ricaricabili ad alto rendimento<\/a><\/strong>\u00a0progettati per garantire prestazioni di lunga durata. Se profili dolci come questo vi interessano, date un'occhiata ai nostri vapes al gusto di caramelle e agli aromi di vape ispirati alle bevande per esperienze di gusto altrettanto audaci. Abbiamo anche i migliori dispositivi di\u00a0<strong><a href=\"https:\/\/vapemaison.com\/brand\/elfbar\/\">Bar degli elfi<\/a><\/strong>,\u00a0<strong><a href=\"https:\/\/vapemaison.com\/brand\/humo-azul\/\">Humo Azul<\/a><\/strong>, e\u00a0<strong><a href=\"https:\/\/vapemaison.com\/brand\/airmez\/\">Airmez<\/a><\/strong>, Il sistema di controllo della temperatura \u00e8 stato progettato per offrire un maggior numero di stili di flusso d'aria, livelli di dolcezza e densit\u00e0 di vapore tra cui scegliere, in modo da poter trovare la configurazione pi\u00f9 adatta alle vostre preferenze di svapo per tutto il giorno.<\/p>\n\n\n\n<h3 class=\"wp-block-heading\"><strong>Cosa c'\u00e8 nella scatola?<\/strong><\/h3>\n\n\n\n<ul class=\"wp-block-list\">\n<li>1 dispositivo Fumot Eco 2-in-1 (950 mAh)<\/li>\n\n\n\n<li>2 cialde preriempite (Black Ice e Grape Ice - 2 ml)<\/li>\n\n\n\n<li>2 contenitori di ricarica per e-liquid (10 ml ciascuno)<\/li>\n\n\n\n<li>1 x Manuale d'uso<\/li>\n<\/ul>","protected":false},"excerpt":{"rendered":"<p>Switch between bold darkness and vineyard sweetness with a simple click. Fumot 50K 2-in-1 pod set is designed for lovers of deep fruit profiles and icy finishes. Core Specifications Feature Details Maximum Puffs Up to 50,000 Puffs Flavor System 2-in-1 Dual Flavor Toggle Battery Capacity 950mAh Rechargeable (Type-C) Nicotine Strength 2% (20mg) Nicotine Salt Total [&hellip;]<\/p>\n","protected":false},"featured_media":22568,"comment_status":"open","ping_status":"closed","template":"","meta":[],"product_brand":[58],"product_cat":[136,294],"product_tag":[],"class_list":{"0":"post-22514","1":"product","2":"type-product","3":"status-publish","4":"has-post-thumbnail","6":"product_brand-fumot","7":"product_cat-50k-puffs","8":"product_cat-no-nicotine-vape","10":"first","11":"instock","12":"sale","13":"shipping-taxable","14":"purchasable","15":"product-type-variable"},"yoast_head":"<!-- This site is optimized with the Yoast SEO plugin v27.4 - https:\/\/yoast.com\/product\/yoast-seo-wordpress\/ -->\n<title>Fumot 50K Puffs Kit - Black Ice &amp; Grape Ice | Dual Flavor 2-in-1<\/title>\n<meta name=\"description\" content=\"Get 50,000 puffs with the Fumot Eco 2-in-1. Featuring Black Ice &amp; Grape Ice dual flavors, a 950mAh rechargeable battery, and a smart LED screen. Shop now!\" \/>\n<meta name=\"robots\" content=\"index, follow, max-snippet:-1, max-image-preview:large, max-video-preview:-1\" \/>\n<link rel=\"canonical\" href=\"https:\/\/vapemaison.com\/it\/prodotto\/fumot-eco-2-in-1-50k-puff-kit-pod-preriempito-black-ice-grape-ice-24ml\/\" \/>\n<meta property=\"og:locale\" content=\"it_IT\" \/>\n<meta property=\"og:type\" content=\"article\" \/>\n<meta property=\"og:title\" content=\"Fumot 50K Puffs Kit - Black Ice &amp; Grape Ice | Dual Flavor 2-in-1\" \/>\n<meta property=\"og:description\" content=\"Get 50,000 puffs with the Fumot Eco 2-in-1. Featuring Black Ice &amp; Grape Ice dual flavors, a 950mAh rechargeable battery, and a smart LED screen. Shop now!\" \/>\n<meta property=\"og:url\" content=\"https:\/\/vapemaison.com\/it\/prodotto\/fumot-eco-2-in-1-50k-puff-kit-pod-preriempito-black-ice-grape-ice-24ml\/\" \/>\n<meta property=\"og:site_name\" content=\"VapeMaison\" \/>\n<meta property=\"article:modified_time\" content=\"2026-02-27T09:42:04+00:00\" \/>\n<meta property=\"og:image\" content=\"https:\/\/vapemaison.com\/wp-content\/uploads\/2025\/12\/fumot-50000-puffs-vape-flavor-black-ice-grape-ice-3.jpg\" \/>\n\t<meta property=\"og:image:width\" content=\"2000\" \/>\n\t<meta property=\"og:image:height\" content=\"2000\" \/>\n\t<meta property=\"og:image:type\" content=\"image\/jpeg\" \/>\n<meta name=\"twitter:card\" content=\"summary_large_image\" \/>\n<meta name=\"twitter:label1\" content=\"Tempo di lettura stimato\" \/>\n\t<meta name=\"twitter:data1\" content=\"2 minuti\" \/>\n<!-- \/ Yoast SEO plugin. -->","yoast_head_json":{"title":"Fumot 50K Puffs Kit - Ghiaccio Nero e Ghiaccio d'Uva | Gusto doppio 2 in 1","description":"50.000 boccate con Fumot Eco 2-in-1. Con i doppi gusti Black Ice e Grape Ice, una batteria ricaricabile da 950 mAh e uno schermo LED intelligente. Acquista ora!","robots":{"index":"index","follow":"follow","max-snippet":"max-snippet:-1","max-image-preview":"max-image-preview:large","max-video-preview":"max-video-preview:-1"},"canonical":"https:\/\/vapemaison.com\/it\/prodotto\/fumot-eco-2-in-1-50k-puff-kit-pod-preriempito-black-ice-grape-ice-24ml\/","og_locale":"it_IT","og_type":"article","og_title":"Fumot 50K Puffs Kit - Black Ice & Grape Ice | Dual Flavor 2-in-1","og_description":"Get 50,000 puffs with the Fumot Eco 2-in-1. Featuring Black Ice & Grape Ice dual flavors, a 950mAh rechargeable battery, and a smart LED screen. Shop now!","og_url":"https:\/\/vapemaison.com\/it\/prodotto\/fumot-eco-2-in-1-50k-puff-kit-pod-preriempito-black-ice-grape-ice-24ml\/","og_site_name":"VapeMaison","article_modified_time":"2026-02-27T09:42:04+00:00","og_image":[{"width":2000,"height":2000,"url":"https:\/\/vapemaison.com\/wp-content\/uploads\/2025\/12\/fumot-50000-puffs-vape-flavor-black-ice-grape-ice-3.jpg","type":"image\/jpeg"}],"twitter_card":"summary_large_image","twitter_misc":{"Tempo di lettura stimato":"2 minuti"},"schema":{"@context":"https:\/\/schema.org","@graph":[{"@type":"WebPage","@id":"https:\/\/vapemaison.com\/product\/fumot-eco-2-in-1-50k-puffs-prefilled-pod-kit-black-ice-grape-ice-24ml\/","url":"https:\/\/vapemaison.com\/product\/fumot-eco-2-in-1-50k-puffs-prefilled-pod-kit-black-ice-grape-ice-24ml\/","name":"Fumot 50K Puffs Kit - Ghiaccio Nero e Ghiaccio d'Uva | Gusto doppio 2 in 1","isPartOf":{"@id":"https:\/\/vapemaison.com\/#website"},"primaryImageOfPage":{"@id":"https:\/\/vapemaison.com\/product\/fumot-eco-2-in-1-50k-puffs-prefilled-pod-kit-black-ice-grape-ice-24ml\/#primaryimage"},"image":{"@id":"https:\/\/vapemaison.com\/product\/fumot-eco-2-in-1-50k-puffs-prefilled-pod-kit-black-ice-grape-ice-24ml\/#primaryimage"},"thumbnailUrl":"https:\/\/vapemaison.com\/wp-content\/uploads\/2025\/12\/fumot-50000-puffs-vape-flavor-black-ice-grape-ice-3.jpg","datePublished":"2025-12-30T05:40:30+00:00","dateModified":"2026-02-27T09:42:04+00:00","description":"50.000 boccate con Fumot Eco 2-in-1. Con i doppi gusti Black Ice e Grape Ice, una batteria ricaricabile da 950 mAh e uno schermo LED intelligente. Acquista ora!","breadcrumb":{"@id":"https:\/\/vapemaison.com\/product\/fumot-eco-2-in-1-50k-puffs-prefilled-pod-kit-black-ice-grape-ice-24ml\/#breadcrumb"},"inLanguage":"it-IT","potentialAction":[{"@type":"ReadAction","target":["https:\/\/vapemaison.com\/product\/fumot-eco-2-in-1-50k-puffs-prefilled-pod-kit-black-ice-grape-ice-24ml\/"]}]},{"@type":"ImageObject","inLanguage":"it-IT","@id":"https:\/\/vapemaison.com\/product\/fumot-eco-2-in-1-50k-puffs-prefilled-pod-kit-black-ice-grape-ice-24ml\/#primaryimage","url":"https:\/\/vapemaison.com\/wp-content\/uploads\/2025\/12\/fumot-50000-puffs-vape-flavor-black-ice-grape-ice-3.jpg","contentUrl":"https:\/\/vapemaison.com\/wp-content\/uploads\/2025\/12\/fumot-50000-puffs-vape-flavor-black-ice-grape-ice-3.jpg","width":2000,"height":2000,"caption":"fumot-50000-puffs-vape-flavor-black-ice-grape-ice-3"},{"@type":"BreadcrumbList","@id":"https:\/\/vapemaison.com\/product\/fumot-eco-2-in-1-50k-puffs-prefilled-pod-kit-black-ice-grape-ice-24ml\/#breadcrumb","itemListElement":[{"@type":"ListItem","position":1,"name":"\u9996\u9875","item":"https:\/\/vapemaison.com\/"},{"@type":"ListItem","position":2,"name":"Shop","item":"https:\/\/vapemaison.com\/shop\/"},{"@type":"ListItem","position":3,"name":"Fumot","item":"https:\/\/vapemaison.com\/brand\/fumot\/"},{"@type":"ListItem","position":4,"name":"Fumot Eco 2-in-1 50K Puffs Prefilled Pod Kit \u2013 Black Ice &amp; Grape Ice (24ml)"}]},{"@type":"WebSite","@id":"https:\/\/vapemaison.com\/#website","url":"https:\/\/vapemaison.com\/","name":"VapeMaison","description":"Dispositivi e accessori per il vaping di alta qualit\u00e0","publisher":{"@id":"https:\/\/vapemaison.com\/#organization"},"potentialAction":[{"@type":"SearchAction","target":{"@type":"EntryPoint","urlTemplate":"https:\/\/vapemaison.com\/?s={search_term_string}"},"query-input":{"@type":"PropertyValueSpecification","valueRequired":true,"valueName":"search_term_string"}}],"inLanguage":"it-IT"},{"@type":"Organization","@id":"https:\/\/vapemaison.com\/#organization","name":"VapeMaison","url":"https:\/\/vapemaison.com\/","logo":{"@type":"ImageObject","inLanguage":"it-IT","@id":"https:\/\/vapemaison.com\/#\/schema\/logo\/image\/","url":"https:\/\/vapemaison.com\/wp-content\/uploads\/2026\/01\/cropped-vapemaison-logo-g-2026.webp","contentUrl":"https:\/\/vapemaison.com\/wp-content\/uploads\/2026\/01\/cropped-vapemaison-logo-g-2026.webp","width":350,"height":280,"caption":"VapeMaison"},"image":{"@id":"https:\/\/vapemaison.com\/#\/schema\/logo\/image\/"},"sameAs":["https:\/\/www.youtube.com\/@VapeMaison"]}]}},"tiered_pricing_type":"fixed","tiered_pricing_fixed_rules":{"30":"14.72","50":"13.35","100":"12.88","200":"12.34"},"tiered_pricing_product_settings":{"layout":"default","base_unit_name":{"singular":null,"plural":null},"default_variation":null},"tiered_pricing_minimum_quantity":10,"tiered_pricing_roles_data":[],"tiered_pricing_percentage_rules":[],"tiered_pricing_maximum_quantity":null,"tiered_pricing_quantity_step":"10","_links":{"self":[{"href":"https:\/\/vapemaison.com\/it\/wp-json\/wp\/v2\/product\/22514","targetHints":{"allow":["GET"]}}],"collection":[{"href":"https:\/\/vapemaison.com\/it\/wp-json\/wp\/v2\/product"}],"about":[{"href":"https:\/\/vapemaison.com\/it\/wp-json\/wp\/v2\/types\/product"}],"replies":[{"embeddable":true,"href":"https:\/\/vapemaison.com\/it\/wp-json\/wp\/v2\/comments?post=22514"}],"version-history":[{"count":4,"href":"https:\/\/vapemaison.com\/it\/wp-json\/wp\/v2\/product\/22514\/revisions"}],"predecessor-version":[{"id":26502,"href":"https:\/\/vapemaison.com\/it\/wp-json\/wp\/v2\/product\/22514\/revisions\/26502"}],"wp:featuredmedia":[{"embeddable":true,"href":"https:\/\/vapemaison.com\/it\/wp-json\/wp\/v2\/media\/22568"}],"wp:attachment":[{"href":"https:\/\/vapemaison.com\/it\/wp-json\/wp\/v2\/media?parent=22514"}],"wp:term":[{"taxonomy":"product_brand","embeddable":true,"href":"https:\/\/vapemaison.com\/it\/wp-json\/wp\/v2\/product_brand?post=22514"},{"taxonomy":"product_cat","embeddable":true,"href":"https:\/\/vapemaison.com\/it\/wp-json\/wp\/v2\/product_cat?post=22514"},{"taxonomy":"product_tag","embeddable":true,"href":"https:\/\/vapemaison.com\/it\/wp-json\/wp\/v2\/product_tag?post=22514"}],"curies":[{"name":"wp","href":"https:\/\/api.w.org\/{rel}","templated":true}]}}