

{"id":25109,"date":"2026-01-06T07:43:59","date_gmt":"2026-01-06T07:43:59","guid":{"rendered":"https:\/\/vapemaison.com\/?post_type=product&#038;p=25109"},"modified":"2026-01-06T09:02:14","modified_gmt":"2026-01-06T09:02:14","slug":"jnr-alien-10000-puffs-vape-usa-e-getta","status":"publish","type":"product","link":"https:\/\/vapemaison.com\/it\/product\/jnr-alien-10000-puffs-disposable-vape\/","title":{"rendered":"JNR Alien 10000 boccate di vapore monouso"},"content":{"rendered":"<p>Il <strong>JNR Alien 10000 boccate di vapore monouso<\/strong> \u00e8 un dispositivo ricaricabile usa e getta di qualit\u00e0 superiore creato per i vapers che cercano <strong>prestazioni di lunga durata, sapore ricco e praticit\u00e0 quotidiana<\/strong>. Prodotto dall'affidabile <strong>Marchio JNR<\/strong>, offre fino a <strong>10.000 soffi<\/strong>, che offre un'esperienza di svapo notevolmente pi\u00f9 lunga rispetto ai dispositivi usa e getta standard.<\/p>\n\n\n\n<p>Alimentato da un affidabile <strong>Batteria ricaricabile da 850 mAh<\/strong> con <strong>Ricarica rapida USB Type-C<\/strong>, JNR Alien garantisce un'uscita stabile e una produzione di vapore costante dalla prima all'ultima boccata. Il suo <strong>Tecnologia della bobina a maglia 1.2\u03a9<\/strong> fornisce un riscaldamento uniforme, una maggiore chiarezza del sapore, un'estrazione fluida e dense nuvole di vapore.<\/p>\n\n\n\n<p>Precompilato con <strong>20 ml di e-liquid<\/strong>, JNR Alien 10K elimina la necessit\u00e0 di ricarica e manutenzione, rendendola una scelta ideale sia per l'uso quotidiano che per le sessioni di svapo prolungate. Con <strong>Oltre 20 gusti accuratamente elaborati<\/strong>, Si rivolge a un'ampia gamma di preferenze di gusto, dai profili fruttati e ghiacciati a quelli dolci e classici.<\/p>\n\n\n\n<p>A <strong>VapeMaison<\/strong>, Ci impegniamo a offrire prodotti per il vaping autentici e di alta qualit\u00e0 a prezzi competitivi, supportati da un servizio affidabile e da una spedizione rapida in tutta Europa.<\/p>\n\n\n\n<h2 class=\"wp-block-heading\"><strong>Specifiche del prodotto<\/strong><\/h2>\n\n\n\n<figure class=\"wp-block-table is-style-stripes\"><table class=\"has-fixed-layout\"><thead><tr><th>Caratteristica<\/th><th>Descrizione<\/th><\/tr><\/thead><tbody><tr><td>Capacit\u00e0 di soffio<\/td><td>Fino a 10.000 soffi<\/td><\/tr><tr><td>Capacit\u00e0 della batteria<\/td><td>Batteria ricaricabile da 850 mAh<\/td><\/tr><tr><td>Porta di ricarica<\/td><td>Ricarica rapida USB Type-C<\/td><\/tr><tr><td>Capacit\u00e0 del liquido elettronico<\/td><td>20 ml pre-riempito<\/td><\/tr><tr><td>Tipo di bobina<\/td><td>Bobina a rete da 1,2\u03a9 di alta qualit\u00e0<\/td><\/tr><tr><td>Opzioni di gusto<\/td><td>Oltre 20 gusti disponibili<\/td><\/tr><tr><td>Design<\/td><td>Design compatto, ergonomico e futuristico<\/td><\/tr><tr><td>Utilizzo<\/td><td>Monouso, non necessita di ricarica<\/td><\/tr><\/tbody><\/table><\/figure>\n\n\n\n<h2 class=\"wp-block-heading\"><strong>I prezzi migliori per JNR Alien 10000 Puff su VapeMaison<\/strong><\/h2>\n\n\n\n<p>A <strong>VapeMaison<\/strong>, offriamo il <strong>JNR Alieno 10000<\/strong> ad un prezzo eccezionale di <strong>\u20ac18.99<\/strong>, permettendovi di godere di prestazioni di vaping di alto livello senza spendere troppo.<\/p>\n\n\n\n<h3 class=\"wp-block-heading\"><strong>Offerte in blocco - Risparmiate di pi\u00f9<\/strong><\/h3>\n\n\n\n<figure class=\"wp-block-table is-style-stripes\"><table class=\"has-fixed-layout\"><thead><tr><th>Offerta<\/th><th>Prezzo<\/th><th>Risparmio<\/th><\/tr><\/thead><tbody><tr><td>Acquista 3<\/td><td>\u20ac50.99<\/td><td>Risparmio di \u20ac 5,98<\/td><\/tr><tr><td>Acquista 5<\/td><td>\u20ac77.99<\/td><td>Risparmio di \u20ac 16,96<\/td><\/tr><tr><td>Acquista 10<\/td><td>\u20ac102.99<\/td><td>Risparmio di \u20ac 86,91<\/td><\/tr><\/tbody><\/table><\/figure>\n\n\n\n<p>Queste offerte all'ingrosso sono ideali per i vapers abituali e per gli acquirenti di prodotti sfusi che cercano <strong>massimo valore e convenienza a lungo termine<\/strong>.<\/p>\n\n\n\n<h2 class=\"wp-block-heading\"><strong>I migliori sapori JNR Alien 10000<\/strong><\/h2>\n\n\n\n<p>JNR Alien 10K offre una vasta gamma di aromi progettati per garantire un gusto omogeneo, soddisfacente e costante.<\/p>\n\n\n\n<p><strong>I gusti pi\u00f9 diffusi includono:<\/strong><\/p>\n\n\n\n<ul class=\"wp-block-list\">\n<li>Ghiaccio Blu Razz<\/li>\n\n\n\n<li>Mirtillo su ghiaccio<\/li>\n\n\n\n<li>Cola frizzante alla ciliegia<\/li>\n\n\n\n<li>Mirtillo Kiwi<\/li>\n\n\n\n<li>Caramelle alla pesca e al mirtillo<\/li>\n\n\n\n<li>Gomma da masticare all'anguria<\/li>\n\n\n\n<li>Ghiaccio alla fragola e anguria<\/li>\n\n\n\n<li>Limone e lime<\/li>\n\n\n\n<li>Ghiaccio alla fragola, lampone e ciliegia<\/li>\n\n\n\n<li>Ghiaccio alla pesca<\/li>\n<\/ul>","protected":false},"excerpt":{"rendered":"<p>The JNR Alien 10000 Puffs Disposable Vape is a premium rechargeable disposable device created for vapers who seek long-lasting performance, rich flavor, and everyday convenience. Produced by the trusted JNR brand, it offers up to 10,000 puffs, providing a noticeably longer vaping experience than standard disposable devices. Powered by a reliable 850 mAh rechargeable battery [&hellip;]<\/p>\n","protected":false},"featured_media":25116,"comment_status":"open","ping_status":"closed","template":"","meta":[],"product_brand":[168],"product_cat":[132],"product_tag":[],"class_list":{"0":"post-25109","1":"product","2":"type-product","3":"status-publish","4":"has-post-thumbnail","6":"product_brand-jnr","7":"product_cat-10k-puffs","9":"first","10":"instock","11":"sale","12":"shipping-taxable","13":"purchasable","14":"product-type-variable"},"yoast_head":"<!-- This site is optimized with the Yoast SEO plugin v27.4 - https:\/\/yoast.com\/product\/yoast-seo-wordpress\/ -->\n<title>JNR Alien 10000 Puffs Disposable Vape | Rechargeable 10K Vape<\/title>\n<meta name=\"description\" content=\"Buy JNR Alien 10000 Puffs Disposable Vape with 850mAh rechargeable battery, 20ml e-liquid and mesh coil for smooth, long-lasting flavor.\" \/>\n<meta name=\"robots\" content=\"index, follow, max-snippet:-1, max-image-preview:large, max-video-preview:-1\" \/>\n<link rel=\"canonical\" href=\"https:\/\/vapemaison.com\/it\/prodotto\/jnr-alien-10000-puffs-vape-usa-e-getta\/\" \/>\n<meta property=\"og:locale\" content=\"it_IT\" \/>\n<meta property=\"og:type\" content=\"article\" \/>\n<meta property=\"og:title\" content=\"JNR Alien 10000 Puffs Disposable Vape | Rechargeable 10K Vape\" \/>\n<meta property=\"og:description\" content=\"Buy JNR Alien 10000 Puffs Disposable Vape with 850mAh rechargeable battery, 20ml e-liquid and mesh coil for smooth, long-lasting flavor.\" \/>\n<meta property=\"og:url\" content=\"https:\/\/vapemaison.com\/it\/prodotto\/jnr-alien-10000-puffs-vape-usa-e-getta\/\" \/>\n<meta property=\"og:site_name\" content=\"VapeMaison\" \/>\n<meta property=\"article:modified_time\" content=\"2026-01-06T09:02:14+00:00\" \/>\n<meta property=\"og:image\" content=\"https:\/\/vapemaison.com\/wp-content\/uploads\/2026\/01\/jnr-alien-10000-puffs-flavor-mixed-berry.webp\" \/>\n\t<meta property=\"og:image:width\" content=\"800\" \/>\n\t<meta property=\"og:image:height\" content=\"800\" \/>\n\t<meta property=\"og:image:type\" content=\"image\/webp\" \/>\n<meta name=\"twitter:card\" content=\"summary_large_image\" \/>\n<meta name=\"twitter:label1\" content=\"Tempo di lettura stimato\" \/>\n\t<meta name=\"twitter:data1\" content=\"2 minuti\" \/>\n<!-- \/ Yoast SEO plugin. -->","yoast_head_json":{"title":"JNR Alien 10000 soffi usa e getta - Vape ricaricabile 10K","description":"Acquista JNR Alien 10000 Puffs Vape usa e getta con batteria ricaricabile da 850mAh, e-liquid da 20ml e coil a rete per un sapore morbido e duraturo.","robots":{"index":"index","follow":"follow","max-snippet":"max-snippet:-1","max-image-preview":"max-image-preview:large","max-video-preview":"max-video-preview:-1"},"canonical":"https:\/\/vapemaison.com\/it\/prodotto\/jnr-alien-10000-puffs-vape-usa-e-getta\/","og_locale":"it_IT","og_type":"article","og_title":"JNR Alien 10000 Puffs Disposable Vape | Rechargeable 10K Vape","og_description":"Buy JNR Alien 10000 Puffs Disposable Vape with 850mAh rechargeable battery, 20ml e-liquid and mesh coil for smooth, long-lasting flavor.","og_url":"https:\/\/vapemaison.com\/it\/prodotto\/jnr-alien-10000-puffs-vape-usa-e-getta\/","og_site_name":"VapeMaison","article_modified_time":"2026-01-06T09:02:14+00:00","og_image":[{"width":800,"height":800,"url":"https:\/\/vapemaison.com\/wp-content\/uploads\/2026\/01\/jnr-alien-10000-puffs-flavor-mixed-berry.webp","type":"image\/webp"}],"twitter_card":"summary_large_image","twitter_misc":{"Tempo di lettura stimato":"2 minuti"},"schema":{"@context":"https:\/\/schema.org","@graph":[{"@type":"WebPage","@id":"https:\/\/vapemaison.com\/product\/jnr-alien-10000-puffs-disposable-vape\/","url":"https:\/\/vapemaison.com\/product\/jnr-alien-10000-puffs-disposable-vape\/","name":"JNR Alien 10000 soffi usa e getta - Vape ricaricabile 10K","isPartOf":{"@id":"https:\/\/vapemaison.com\/#website"},"primaryImageOfPage":{"@id":"https:\/\/vapemaison.com\/product\/jnr-alien-10000-puffs-disposable-vape\/#primaryimage"},"image":{"@id":"https:\/\/vapemaison.com\/product\/jnr-alien-10000-puffs-disposable-vape\/#primaryimage"},"thumbnailUrl":"https:\/\/vapemaison.com\/wp-content\/uploads\/2026\/01\/jnr-alien-10000-puffs-flavor-mixed-berry.webp","datePublished":"2026-01-06T07:43:59+00:00","dateModified":"2026-01-06T09:02:14+00:00","description":"Acquista JNR Alien 10000 Puffs Vape usa e getta con batteria ricaricabile da 850mAh, e-liquid da 20ml e coil a rete per un sapore morbido e duraturo.","breadcrumb":{"@id":"https:\/\/vapemaison.com\/product\/jnr-alien-10000-puffs-disposable-vape\/#breadcrumb"},"inLanguage":"it-IT","potentialAction":[{"@type":"ReadAction","target":["https:\/\/vapemaison.com\/product\/jnr-alien-10000-puffs-disposable-vape\/"]}]},{"@type":"ImageObject","inLanguage":"it-IT","@id":"https:\/\/vapemaison.com\/product\/jnr-alien-10000-puffs-disposable-vape\/#primaryimage","url":"https:\/\/vapemaison.com\/wp-content\/uploads\/2026\/01\/jnr-alien-10000-puffs-flavor-mixed-berry.webp","contentUrl":"https:\/\/vapemaison.com\/wp-content\/uploads\/2026\/01\/jnr-alien-10000-puffs-flavor-mixed-berry.webp","width":800,"height":800,"caption":"jnr-alien-10000-puffs-flavor-mixed-berry"},{"@type":"BreadcrumbList","@id":"https:\/\/vapemaison.com\/product\/jnr-alien-10000-puffs-disposable-vape\/#breadcrumb","itemListElement":[{"@type":"ListItem","position":1,"name":"\u9996\u9875","item":"https:\/\/vapemaison.com\/"},{"@type":"ListItem","position":2,"name":"Shop","item":"https:\/\/vapemaison.com\/shop\/"},{"@type":"ListItem","position":3,"name":"JNR","item":"https:\/\/vapemaison.com\/brand\/jnr\/"},{"@type":"ListItem","position":4,"name":"JNR Alien 10000 Puffs Disposable Vape"}]},{"@type":"WebSite","@id":"https:\/\/vapemaison.com\/#website","url":"https:\/\/vapemaison.com\/","name":"VapeMaison","description":"Dispositivi e accessori per il vaping di alta qualit\u00e0","publisher":{"@id":"https:\/\/vapemaison.com\/#organization"},"potentialAction":[{"@type":"SearchAction","target":{"@type":"EntryPoint","urlTemplate":"https:\/\/vapemaison.com\/?s={search_term_string}"},"query-input":{"@type":"PropertyValueSpecification","valueRequired":true,"valueName":"search_term_string"}}],"inLanguage":"it-IT"},{"@type":"Organization","@id":"https:\/\/vapemaison.com\/#organization","name":"VapeMaison","url":"https:\/\/vapemaison.com\/","logo":{"@type":"ImageObject","inLanguage":"it-IT","@id":"https:\/\/vapemaison.com\/#\/schema\/logo\/image\/","url":"https:\/\/vapemaison.com\/wp-content\/uploads\/2026\/01\/cropped-vapemaison-logo-g-2026.webp","contentUrl":"https:\/\/vapemaison.com\/wp-content\/uploads\/2026\/01\/cropped-vapemaison-logo-g-2026.webp","width":350,"height":280,"caption":"VapeMaison"},"image":{"@id":"https:\/\/vapemaison.com\/#\/schema\/logo\/image\/"},"sameAs":["https:\/\/www.youtube.com\/@VapeMaison"]}]}},"tiered_pricing_type":"fixed","tiered_pricing_fixed_rules":{"30":"12.84","50":"12.11","100":"11.56","200":"10.99"},"tiered_pricing_product_settings":{"layout":"default","base_unit_name":{"singular":null,"plural":null},"default_variation":null},"tiered_pricing_minimum_quantity":10,"tiered_pricing_roles_data":[],"tiered_pricing_percentage_rules":[],"tiered_pricing_maximum_quantity":null,"tiered_pricing_quantity_step":"10","_links":{"self":[{"href":"https:\/\/vapemaison.com\/it\/wp-json\/wp\/v2\/product\/25109","targetHints":{"allow":["GET"]}}],"collection":[{"href":"https:\/\/vapemaison.com\/it\/wp-json\/wp\/v2\/product"}],"about":[{"href":"https:\/\/vapemaison.com\/it\/wp-json\/wp\/v2\/types\/product"}],"replies":[{"embeddable":true,"href":"https:\/\/vapemaison.com\/it\/wp-json\/wp\/v2\/comments?post=25109"}],"version-history":[{"count":1,"href":"https:\/\/vapemaison.com\/it\/wp-json\/wp\/v2\/product\/25109\/revisions"}],"predecessor-version":[{"id":25122,"href":"https:\/\/vapemaison.com\/it\/wp-json\/wp\/v2\/product\/25109\/revisions\/25122"}],"wp:featuredmedia":[{"embeddable":true,"href":"https:\/\/vapemaison.com\/it\/wp-json\/wp\/v2\/media\/25116"}],"wp:attachment":[{"href":"https:\/\/vapemaison.com\/it\/wp-json\/wp\/v2\/media?parent=25109"}],"wp:term":[{"taxonomy":"product_brand","embeddable":true,"href":"https:\/\/vapemaison.com\/it\/wp-json\/wp\/v2\/product_brand?post=25109"},{"taxonomy":"product_cat","embeddable":true,"href":"https:\/\/vapemaison.com\/it\/wp-json\/wp\/v2\/product_cat?post=25109"},{"taxonomy":"product_tag","embeddable":true,"href":"https:\/\/vapemaison.com\/it\/wp-json\/wp\/v2\/product_tag?post=25109"}],"curies":[{"name":"wp","href":"https:\/\/api.w.org\/{rel}","templated":true}]}}