

{"id":25491,"date":"2026-01-07T02:58:30","date_gmt":"2026-01-07T02:58:30","guid":{"rendered":"https:\/\/vapemaison.com\/?post_type=product&#038;p=25491"},"modified":"2026-01-22T07:36:34","modified_gmt":"2026-01-22T07:36:34","slug":"fihp-120k-soffi-120000-6-in-1-allingrosso-monouso-vape-shop-schermo-led","status":"publish","type":"product","link":"https:\/\/vapemaison.com\/it\/product\/fihp-120k-puffs-120000-6-in-1-wholesale-disposable-vape-shop-led-screen\/","title":{"rendered":"FIHP 120K soffi 120000 6 in 1 all'ingrosso monouso Vape Shop schermo LED"},"content":{"rendered":"<h2 class=\"wp-block-heading\">FIHP 120K Puffs 6-in-1 Vape usa e getta con schermo LED (120.000 Puffs)<\/h2>\n\n\n\n<p>Il <strong>FIHP 120K Puffs 6-in-1 Vape usa e getta<\/strong> \u00e8 stato progettato per gli utenti che esigono estrema longevit\u00e0, variet\u00e0 di sapori e prestazioni di alto livello in un unico dispositivo. Con un'impressionante <strong>Capacit\u00e0 di 120.000 soffi<\/strong>, Questo vape monouso di fascia alta elimina le frequenti sostituzioni, offrendo un vapore costante e soddisfacente dall'inizio alla fine.<\/p>\n\n\n\n<p>Ci\u00f2 che distingue questo dispositivo \u00e8 la sua <strong>Sistema di aromi 6 in 1<\/strong>, che consente agli utenti di passare da un gusto all'altro senza dover cambiare dispositivo. Alimentato da <strong>Tecnologia della bobina a doppia maglia<\/strong>, Il vapore FIHP migliora l'intensit\u00e0 del sapore e la produzione di vapore, garantendo nuvole morbide e ricche ad ogni estrazione.<\/p>\n\n\n\n<p>A <strong>display LED intelligente<\/strong> fornisce una visibilit\u00e0 in tempo reale dei livelli di batteria e di e-liquid, in modo che gli utenti abbiano sempre il controllo. Il sistema integrato <strong>Batteria ricaricabile da 650 mAh<\/strong>, in combinazione con una rapida <strong>Ricarica USB Tipo-C<\/strong>, Il dispositivo \u00e8 pronto all'uso in qualsiasi momento e in qualsiasi luogo. Questo rende la FIHP 120K una scelta ideale sia per i clienti al dettaglio che per gli acquirenti all'ingrosso che cercano una svapata monouso di qualit\u00e0 e di lunga durata.<\/p>\n\n\n\n<hr class=\"wp-block-separator has-alpha-channel-opacity\"\/>\n\n\n\n<h2 class=\"wp-block-heading\">Specifiche e caratteristiche principali<\/h2>\n\n\n\n<figure class=\"wp-block-table\"><table class=\"has-fixed-layout\"><thead><tr><th>Caratteristica<\/th><th>Descrizione<\/th><\/tr><\/thead><tbody><tr><td>Capacit\u00e0 di soffio<\/td><td>Fino a <strong>120.000 soffi<\/strong><\/td><\/tr><tr><td>Sistema di aromatizzazione<\/td><td><strong>6 gusti in 1 dispositivo<\/strong>, commutare liberamente<\/td><\/tr><tr><td>Capacit\u00e0 del liquido elettronico<\/td><td><strong>64 ml di e-liquido pre-riempito<\/strong><\/td><\/tr><tr><td>Forza della nicotina<\/td><td><strong>Opzioni di nicotina disponibili 2% \/ 5%<\/strong><\/td><\/tr><tr><td>Tecnologia delle bobine<\/td><td><strong>Bobine a doppia maglia<\/strong> per un sapore e un vapore migliori<\/td><\/tr><tr><td>Capacit\u00e0 della batteria<\/td><td><strong>Batteria ricaricabile da 650 mAh<\/strong><\/td><\/tr><tr><td>Porta di ricarica<\/td><td><strong>USB Tipo-C<\/strong>, ricarica rapida (circa 30 minuti)<\/td><\/tr><tr><td>Display<\/td><td><strong>Schermo LED intelligente<\/strong> che mostra i livelli di batteria e e-liquid<\/td><\/tr><tr><td>Tipo di utilizzo<\/td><td>Monouso, ricaricabile<\/td><\/tr><tr><td>Mercato di riferimento<\/td><td>Clienti di vape all'ingrosso e al dettaglio<\/td><\/tr><\/tbody><\/table><\/figure>\n\n\n\n<hr class=\"wp-block-separator has-alpha-channel-opacity\"\/>\n\n\n\n<h2 class=\"wp-block-heading\">Combinazioni di sapori disponibili<\/h2>\n\n\n\n<p>Ghiaccio all'anguria - Red Bull - Kiwi alla fragola - Ghiaccio al mirtillo - Lime al limone - Anguria alla fragola<\/p>\n\n\n\n<p>Banana fragola - Mela doppia - Lampone Anguria - Mango acido Ananas - Frutta tropicale - Pesca al limone<\/p>\n\n\n\n<p>Ananas cocco - Blue Razz - Frutti di bosco misti - Mango pesca - Mirtillo lampone - Fragola vaniglia Coca-Cola<\/p>\n\n\n\n<p>Bacca di pesca - Triplo melone - Ghiaccio d'uva - Ghiaccio del drago nero - Ghiaccio di ciliegia frizzante - Orso gommoso<\/p>\n\n\n\n<p>Caramelle arcobaleno - Ghiaccio alla ciliegia - Love 666 - Ghiaccio al mango - Zucchero filato al mirtillo - Ghiaccio alla pesca<\/p>\n\n\n\n<p>Ghiaccio all'aloe e litchi - Limone rosa - Ghiaccio al ghiacciaio - Menta ad aghi di pino - Ghiaccio al ribes nero - Limone all'anguria<\/p>\n\n\n\n<p><\/p>","protected":false},"excerpt":{"rendered":"<p data-start=\"650\" data-end=\"997\">Il <strong data-start=\"654\" data-end=\"696\">FIHP 120K Puffs 6-in-1 Vape usa e getta<\/strong> offre un'eccezionale longevit\u00e0 con una durata fino a <strong data-start=\"739\" data-end=\"756\">120.000 soffi<\/strong> in un unico dispositivo. Caratterizzato da <strong data-start=\"782\" data-end=\"808\">sei gusti commutabili<\/strong>, <strong data-start=\"810\" data-end=\"839\">Tecnologia della bobina a doppia maglia<\/strong>, a <strong data-start=\"843\" data-end=\"863\">schermo LED intelligente<\/strong>, e un <strong data-start=\"871\" data-end=\"908\">Batteria ricaricabile USB-C da 650 mAh<\/strong>, offre prestazioni potenti e convenienza sia per i clienti al dettaglio che per quelli all'ingrosso.<\/p>","protected":false},"featured_media":25510,"comment_status":"open","ping_status":"closed","template":"","meta":[],"product_brand":[59],"product_cat":[153],"product_tag":[],"class_list":{"0":"post-25491","1":"product","2":"type-product","3":"status-publish","4":"has-post-thumbnail","6":"product_brand-waspe","7":"product_cat-120k-puffs","9":"first","10":"instock","11":"sale","12":"shipping-taxable","13":"purchasable","14":"product-type-variable"},"yoast_head":"<!-- This site is optimized with the Yoast SEO plugin v27.4 - https:\/\/yoast.com\/product\/yoast-seo-wordpress\/ -->\n<title>FIHP 120K Puffs Disposable Vape | 6-in-1 Flavors, LED Screen<\/title>\n<meta name=\"description\" content=\"FIHP 120K Puffs disposable vape with 6-in-1 flavors, dual mesh coils, LED screen, and 650mAh rechargeable battery. Available in 2% &amp; 5% nicotine.\" \/>\n<meta name=\"robots\" content=\"index, follow, max-snippet:-1, max-image-preview:large, max-video-preview:-1\" \/>\n<link rel=\"canonical\" href=\"https:\/\/vapemaison.com\/it\/prodotto\/fihp-120k-soffi-120000-6-in-1-allingrosso-monouso-vape-shop-schermo-led\/\" \/>\n<meta property=\"og:locale\" content=\"it_IT\" \/>\n<meta property=\"og:type\" content=\"article\" \/>\n<meta property=\"og:title\" content=\"FIHP 120K Puffs Disposable Vape | 6-in-1 Flavors, LED Screen\" \/>\n<meta property=\"og:description\" content=\"FIHP 120K Puffs disposable vape with 6-in-1 flavors, dual mesh coils, LED screen, and 650mAh rechargeable battery. Available in 2% &amp; 5% nicotine.\" \/>\n<meta property=\"og:url\" content=\"https:\/\/vapemaison.com\/it\/prodotto\/fihp-120k-soffi-120000-6-in-1-allingrosso-monouso-vape-shop-schermo-led\/\" \/>\n<meta property=\"og:site_name\" content=\"VapeMaison\" \/>\n<meta property=\"article:modified_time\" content=\"2026-01-22T07:36:34+00:00\" \/>\n<meta property=\"og:image\" content=\"https:\/\/vapemaison.com\/wp-content\/uploads\/2026\/01\/FIHP-120K-Puffs-8.webp\" \/>\n\t<meta property=\"og:image:width\" content=\"807\" \/>\n\t<meta property=\"og:image:height\" content=\"807\" \/>\n\t<meta property=\"og:image:type\" content=\"image\/webp\" \/>\n<meta name=\"twitter:card\" content=\"summary_large_image\" \/>\n<meta name=\"twitter:label1\" content=\"Tempo di lettura stimato\" \/>\n\t<meta name=\"twitter:data1\" content=\"2 minuti\" \/>\n<!-- \/ Yoast SEO plugin. -->","yoast_head_json":{"title":"FIHP 120K Puff usa e getta - 6 gusti in 1, schermo a LED","description":"FIHP 120K Puffs monouso con 6 aromi in 1, doppia bobina, schermo LED e batteria ricaricabile da 650 mAh. Disponibile con nicotina 2% e 5%.","robots":{"index":"index","follow":"follow","max-snippet":"max-snippet:-1","max-image-preview":"max-image-preview:large","max-video-preview":"max-video-preview:-1"},"canonical":"https:\/\/vapemaison.com\/it\/prodotto\/fihp-120k-soffi-120000-6-in-1-allingrosso-monouso-vape-shop-schermo-led\/","og_locale":"it_IT","og_type":"article","og_title":"FIHP 120K Puffs Disposable Vape | 6-in-1 Flavors, LED Screen","og_description":"FIHP 120K Puffs disposable vape with 6-in-1 flavors, dual mesh coils, LED screen, and 650mAh rechargeable battery. Available in 2% & 5% nicotine.","og_url":"https:\/\/vapemaison.com\/it\/prodotto\/fihp-120k-soffi-120000-6-in-1-allingrosso-monouso-vape-shop-schermo-led\/","og_site_name":"VapeMaison","article_modified_time":"2026-01-22T07:36:34+00:00","og_image":[{"width":807,"height":807,"url":"https:\/\/vapemaison.com\/wp-content\/uploads\/2026\/01\/FIHP-120K-Puffs-8.webp","type":"image\/webp"}],"twitter_card":"summary_large_image","twitter_misc":{"Tempo di lettura stimato":"2 minuti"},"schema":{"@context":"https:\/\/schema.org","@graph":[{"@type":"WebPage","@id":"https:\/\/vapemaison.com\/product\/fihp-120k-puffs-120000-6-in-1-wholesale-disposable-vape-shop-led-screen\/","url":"https:\/\/vapemaison.com\/product\/fihp-120k-puffs-120000-6-in-1-wholesale-disposable-vape-shop-led-screen\/","name":"FIHP 120K Puff usa e getta - 6 gusti in 1, schermo a LED","isPartOf":{"@id":"https:\/\/vapemaison.com\/#website"},"primaryImageOfPage":{"@id":"https:\/\/vapemaison.com\/product\/fihp-120k-puffs-120000-6-in-1-wholesale-disposable-vape-shop-led-screen\/#primaryimage"},"image":{"@id":"https:\/\/vapemaison.com\/product\/fihp-120k-puffs-120000-6-in-1-wholesale-disposable-vape-shop-led-screen\/#primaryimage"},"thumbnailUrl":"https:\/\/vapemaison.com\/wp-content\/uploads\/2026\/01\/FIHP-120K-Puffs-8.webp","datePublished":"2026-01-07T02:58:30+00:00","dateModified":"2026-01-22T07:36:34+00:00","description":"FIHP 120K Puffs monouso con 6 aromi in 1, doppia bobina, schermo LED e batteria ricaricabile da 650 mAh. Disponibile con nicotina 2% e 5%.","breadcrumb":{"@id":"https:\/\/vapemaison.com\/product\/fihp-120k-puffs-120000-6-in-1-wholesale-disposable-vape-shop-led-screen\/#breadcrumb"},"inLanguage":"it-IT","potentialAction":[{"@type":"ReadAction","target":["https:\/\/vapemaison.com\/product\/fihp-120k-puffs-120000-6-in-1-wholesale-disposable-vape-shop-led-screen\/"]}]},{"@type":"ImageObject","inLanguage":"it-IT","@id":"https:\/\/vapemaison.com\/product\/fihp-120k-puffs-120000-6-in-1-wholesale-disposable-vape-shop-led-screen\/#primaryimage","url":"https:\/\/vapemaison.com\/wp-content\/uploads\/2026\/01\/FIHP-120K-Puffs-8.webp","contentUrl":"https:\/\/vapemaison.com\/wp-content\/uploads\/2026\/01\/FIHP-120K-Puffs-8.webp","width":807,"height":807,"caption":"FIHP-120K-Puffs-8"},{"@type":"BreadcrumbList","@id":"https:\/\/vapemaison.com\/product\/fihp-120k-puffs-120000-6-in-1-wholesale-disposable-vape-shop-led-screen\/#breadcrumb","itemListElement":[{"@type":"ListItem","position":1,"name":"\u9996\u9875","item":"https:\/\/vapemaison.com\/"},{"@type":"ListItem","position":2,"name":"Shop","item":"https:\/\/vapemaison.com\/shop\/"},{"@type":"ListItem","position":3,"name":"Waspe","item":"https:\/\/vapemaison.com\/brand\/waspe\/"},{"@type":"ListItem","position":4,"name":"FIHP 120K Puffs 120000 6 in 1 Wholesale Disposable Vape Shop LED Screen"}]},{"@type":"WebSite","@id":"https:\/\/vapemaison.com\/#website","url":"https:\/\/vapemaison.com\/","name":"VapeMaison","description":"Dispositivi e accessori per il vaping di alta qualit\u00e0","publisher":{"@id":"https:\/\/vapemaison.com\/#organization"},"potentialAction":[{"@type":"SearchAction","target":{"@type":"EntryPoint","urlTemplate":"https:\/\/vapemaison.com\/?s={search_term_string}"},"query-input":{"@type":"PropertyValueSpecification","valueRequired":true,"valueName":"search_term_string"}}],"inLanguage":"it-IT"},{"@type":"Organization","@id":"https:\/\/vapemaison.com\/#organization","name":"VapeMaison","url":"https:\/\/vapemaison.com\/","logo":{"@type":"ImageObject","inLanguage":"it-IT","@id":"https:\/\/vapemaison.com\/#\/schema\/logo\/image\/","url":"https:\/\/vapemaison.com\/wp-content\/uploads\/2026\/01\/cropped-vapemaison-logo-g-2026.webp","contentUrl":"https:\/\/vapemaison.com\/wp-content\/uploads\/2026\/01\/cropped-vapemaison-logo-g-2026.webp","width":350,"height":280,"caption":"VapeMaison"},"image":{"@id":"https:\/\/vapemaison.com\/#\/schema\/logo\/image\/"},"sameAs":["https:\/\/www.youtube.com\/@VapeMaison"]}]}},"tiered_pricing_type":"fixed","tiered_pricing_fixed_rules":{"30":"12.85","50":"12.10","100":"11.46","199":"10.99"},"tiered_pricing_product_settings":{"layout":"default","base_unit_name":{"singular":null,"plural":null},"default_variation":null},"tiered_pricing_minimum_quantity":10,"tiered_pricing_roles_data":[],"tiered_pricing_percentage_rules":[],"tiered_pricing_maximum_quantity":null,"tiered_pricing_quantity_step":"10","_links":{"self":[{"href":"https:\/\/vapemaison.com\/it\/wp-json\/wp\/v2\/product\/25491","targetHints":{"allow":["GET"]}}],"collection":[{"href":"https:\/\/vapemaison.com\/it\/wp-json\/wp\/v2\/product"}],"about":[{"href":"https:\/\/vapemaison.com\/it\/wp-json\/wp\/v2\/types\/product"}],"replies":[{"embeddable":true,"href":"https:\/\/vapemaison.com\/it\/wp-json\/wp\/v2\/comments?post=25491"}],"version-history":[{"count":2,"href":"https:\/\/vapemaison.com\/it\/wp-json\/wp\/v2\/product\/25491\/revisions"}],"predecessor-version":[{"id":25505,"href":"https:\/\/vapemaison.com\/it\/wp-json\/wp\/v2\/product\/25491\/revisions\/25505"}],"wp:featuredmedia":[{"embeddable":true,"href":"https:\/\/vapemaison.com\/it\/wp-json\/wp\/v2\/media\/25510"}],"wp:attachment":[{"href":"https:\/\/vapemaison.com\/it\/wp-json\/wp\/v2\/media?parent=25491"}],"wp:term":[{"taxonomy":"product_brand","embeddable":true,"href":"https:\/\/vapemaison.com\/it\/wp-json\/wp\/v2\/product_brand?post=25491"},{"taxonomy":"product_cat","embeddable":true,"href":"https:\/\/vapemaison.com\/it\/wp-json\/wp\/v2\/product_cat?post=25491"},{"taxonomy":"product_tag","embeddable":true,"href":"https:\/\/vapemaison.com\/it\/wp-json\/wp\/v2\/product_tag?post=25491"}],"curies":[{"name":"wp","href":"https:\/\/api.w.org\/{rel}","templated":true}]}}