

{"id":25624,"date":"2026-01-08T08:20:18","date_gmt":"2026-01-08T08:20:18","guid":{"rendered":"https:\/\/vapemaison.com\/?post_type=product&#038;p=25624"},"modified":"2026-01-15T02:29:02","modified_gmt":"2026-01-15T02:29:02","slug":"razz-bar-10000-soffi-vape-ricaricabile","status":"publish","type":"product","link":"https:\/\/vapemaison.com\/it\/product\/razz-bar-10000-puffs-rechargeable-vape\/","title":{"rendered":"RAZZ BAR 10000 boccate Vape ricaricabile"},"content":{"rendered":"<p>Il <strong>RAZZ BAR 10000 Bign\u00e8<\/strong> rappresenta un perfetto equilibrio tra tecnologia moderna e praticit\u00e0 quotidiana. <strong>In particolare<\/strong>, Questo dispositivo ricaricabile di alta qualit\u00e0 offre fino a 10.000 boccate fluide ed \u00e8 disponibile in 16 diversi gusti. <strong>Perch\u00e9<\/strong> Grazie al design compatto e al funzionamento intuitivo, si adatta perfettamente al vostro stile di vita, sia che siate in viaggio o che vi stiate rilassando a casa. <strong>Inoltre<\/strong>, La potente batteria da 650 mAh supporta la ricarica rapida Type-C per garantire prestazioni affidabili e un vapore denso senza compromessi.<\/p>\n\n\n\n<p>Combinando l'innovativa tecnologia Mesh Coil con un telaio portatile, RAZZ BAR assicura un gusto intenso e una produzione di vapore uniforme ad ogni estrazione. <strong>Di conseguenza<\/strong>, godete di un'esperienza premium che si adatta alle vostre preferenze personali. <strong>Inoltre<\/strong>, Il generoso serbatoio di e-liquid da 20 ml e le opzioni flessibili di nicotina (2% o 5%) rendono questo dispositivo una scelta sostenibile e versatile rispetto alle tradizionali alternative usa e getta.<\/p>\n\n\n\n<h3 class=\"wp-block-heading\">Specifiche tecniche: Precisione e potenza<\/h3>\n\n\n\n<ul class=\"wp-block-list\">\n<li><strong>Forza della nicotina:<\/strong> Gli utenti possono scegliere tra <strong>2% e 5% sale di nicotina<\/strong>. <strong>Come risultato<\/strong>, \u00c8 possibile personalizzare la propria esperienza per ottenere un colpo di gola morbido o una sensazione pi\u00f9 intensa.<\/li>\n\n\n\n<li><strong>Capacit\u00e0 di soffio:<\/strong> Il dispositivo eroga fino a <strong>10.000 soffi<\/strong>. <strong>Pertanto<\/strong>, Si tratta di una delle opzioni pi\u00f9 resistenti sul mercato per gli utenti attivi.<\/li>\n\n\n\n<li><strong>Batteria avanzata:<\/strong> Un sistema integrato <strong>Batteria ricaricabile da 650 mAh<\/strong> supporta le vostre esigenze quotidiane. <strong>Nel frattempo<\/strong>, il <strong>Porta di tipo C<\/strong> riduce al minimo i tempi di inattivit\u00e0 grazie alla ricarica rapida.<\/li>\n\n\n\n<li><strong>Bobina a rete innovativa:<\/strong> Questa tecnologia riscalda l'e-liquid in modo uniforme. <strong>In particolare<\/strong>, produce aromi pi\u00f9 ricchi e vapore pi\u00f9 consistente rispetto alle bobine tradizionali.+1<\/li>\n\n\n\n<li><strong>Imballaggio all'ingrosso:<\/strong> Imballiamo <strong>200 pezzi per cartone<\/strong> per garantire uno stoccaggio e una distribuzione efficienti per gli acquirenti di prodotti sfusi.<\/li>\n<\/ul>\n\n\n\n<h3 class=\"wp-block-heading\">Una sinfonia di sapori: 16 scelte premium<\/h3>\n\n\n\n<p>RAZZ BAR 10000 Puffs offre un'ampia selezione di gusti per rendere la vostra esperienza di vaping sempre entusiasmante. <strong>Se<\/strong> Se preferite le note fruttate, dolci o ghiacciate, la nostra linea offre l'abbinamento perfetto:<\/p>\n\n\n\n<ul class=\"wp-block-list\">\n<li><strong>Classici della frutta:<\/strong> Fragola Kiwi, Pesca Mango Ananas e Frutti di Bosco.<\/li>\n\n\n\n<li><strong>Rinfresco ghiacciato:<\/strong> Ghiaccio all'anguria, ghiaccio alla pesca e ghiaccio al mirtillo.<\/li>\n\n\n\n<li><strong>Miscele uniche:<\/strong> Kiwi Passion Fruit Guava, Mamba e Blue Razz Lemonade.<\/li>\n\n\n\n<li><strong>Caramelle e bibite:<\/strong> Orso gommoso e Cola Ice.<\/li>\n<\/ul>\n\n\n\n<h3 class=\"wp-block-heading\">Perch\u00e9 scegliere RAZZ BAR 10kPuffs?<\/h3>\n\n\n\n<p><strong>Primo<\/strong>, Questo dispositivo riduce i rifiuti ambientali perch\u00e9 la batteria ricaricabile dura pi\u00f9 a lungo dei normali dispositivi usa e getta. <strong>Secondo<\/strong>, Il serbatoio di e-liquid ad alta capacit\u00e0 garantisce una sostituzione rara. <strong>Infine<\/strong>, I nostri rigorosi standard di qualit\u00e0 garantiscono che ogni unit\u00e0 sia sicura, igienica e facile da usare. <strong>Di conseguenza<\/strong>, Il prodotto che ricevete \u00e8 di qualit\u00e0 superiore e migliora il vostro viaggio nel mondo del vaping, offrendo al contempo un valore incredibile.<\/p>","protected":false},"excerpt":{"rendered":"<p>RAZZ BAR 10000 Puffs combina un'enorme capacit\u00e0 di 20 ml con l'avanzata tecnologia Mesh Coil per un'esperienza aromatica superiore. Grazie alla batteria ricaricabile da 650 mAh e alla ricarica rapida Type-C, questo dispositivo garantisce prestazioni senza compromessi. Di conseguenza, \u00e8 la soluzione ideale di lunga durata per i vapers che esigono qualit\u00e0 e convenienza.<\/p>","protected":false},"featured_media":25711,"comment_status":"open","ping_status":"closed","template":"","meta":[],"product_brand":[313],"product_cat":[132],"product_tag":[],"class_list":{"0":"post-25624","1":"product","2":"type-product","3":"status-publish","4":"has-post-thumbnail","6":"product_brand-razz-bar","7":"product_cat-10k-puffs","9":"first","10":"instock","11":"sale","12":"shipping-taxable","13":"purchasable","14":"product-type-variable"},"yoast_head":"<!-- This site is optimized with the Yoast SEO plugin v27.4 - https:\/\/yoast.com\/product\/yoast-seo-wordpress\/ -->\n<title>RAZZ BAR 10000 Puffs | Rechargeable Disposable Vape<\/title>\n<meta name=\"description\" content=\"The RAZZ BAR 10000 Puffs features 16 premium flavors, a rechargeable 650mAh battery. Shop now for the best wholesale prices and fast shipping!\" \/>\n<meta name=\"robots\" content=\"index, follow, max-snippet:-1, max-image-preview:large, max-video-preview:-1\" \/>\n<link rel=\"canonical\" href=\"https:\/\/vapemaison.com\/it\/prodotto\/razz-bar-10000-soffi-vape-ricaricabile\/\" \/>\n<meta property=\"og:locale\" content=\"it_IT\" \/>\n<meta property=\"og:type\" content=\"article\" \/>\n<meta property=\"og:title\" content=\"RAZZ BAR 10000 Puffs | Rechargeable Disposable Vape\" \/>\n<meta property=\"og:description\" content=\"The RAZZ BAR 10000 Puffs features 16 premium flavors, a rechargeable 650mAh battery. Shop now for the best wholesale prices and fast shipping!\" \/>\n<meta property=\"og:url\" content=\"https:\/\/vapemaison.com\/it\/prodotto\/razz-bar-10000-soffi-vape-ricaricabile\/\" \/>\n<meta property=\"og:site_name\" content=\"VapeMaison\" \/>\n<meta property=\"article:modified_time\" content=\"2026-01-15T02:29:02+00:00\" \/>\n<meta property=\"og:image\" content=\"https:\/\/vapemaison.com\/wp-content\/uploads\/2026\/01\/razz-bar-10000-puffs-product-display.jpg\" \/>\n\t<meta property=\"og:image:width\" content=\"1800\" \/>\n\t<meta property=\"og:image:height\" content=\"1800\" \/>\n\t<meta property=\"og:image:type\" content=\"image\/jpeg\" \/>\n<meta name=\"twitter:card\" content=\"summary_large_image\" \/>\n<meta name=\"twitter:label1\" content=\"Tempo di lettura stimato\" \/>\n\t<meta name=\"twitter:data1\" content=\"2 minuti\" \/>\n<!-- \/ Yoast SEO plugin. -->","yoast_head_json":{"title":"RAZZ BAR 10000 boccate - Vape ricaricabile usa e getta","description":"La RAZZ BAR 10000 Puffs \u00e8 dotata di 16 aromi premium, una batteria ricaricabile da 650mAh. Acquista ora i migliori prezzi all'ingrosso e la spedizione veloce!","robots":{"index":"index","follow":"follow","max-snippet":"max-snippet:-1","max-image-preview":"max-image-preview:large","max-video-preview":"max-video-preview:-1"},"canonical":"https:\/\/vapemaison.com\/it\/prodotto\/razz-bar-10000-soffi-vape-ricaricabile\/","og_locale":"it_IT","og_type":"article","og_title":"RAZZ BAR 10000 Puffs | Rechargeable Disposable Vape","og_description":"The RAZZ BAR 10000 Puffs features 16 premium flavors, a rechargeable 650mAh battery. Shop now for the best wholesale prices and fast shipping!","og_url":"https:\/\/vapemaison.com\/it\/prodotto\/razz-bar-10000-soffi-vape-ricaricabile\/","og_site_name":"VapeMaison","article_modified_time":"2026-01-15T02:29:02+00:00","og_image":[{"width":1800,"height":1800,"url":"https:\/\/vapemaison.com\/wp-content\/uploads\/2026\/01\/razz-bar-10000-puffs-product-display.jpg","type":"image\/jpeg"}],"twitter_card":"summary_large_image","twitter_misc":{"Tempo di lettura stimato":"2 minuti"},"schema":{"@context":"https:\/\/schema.org","@graph":[{"@type":"WebPage","@id":"https:\/\/vapemaison.com\/product\/razz-bar-10000-puffs-rechargeable-vape\/","url":"https:\/\/vapemaison.com\/product\/razz-bar-10000-puffs-rechargeable-vape\/","name":"RAZZ BAR 10000 boccate - Vape ricaricabile usa e getta","isPartOf":{"@id":"https:\/\/vapemaison.com\/#website"},"primaryImageOfPage":{"@id":"https:\/\/vapemaison.com\/product\/razz-bar-10000-puffs-rechargeable-vape\/#primaryimage"},"image":{"@id":"https:\/\/vapemaison.com\/product\/razz-bar-10000-puffs-rechargeable-vape\/#primaryimage"},"thumbnailUrl":"https:\/\/vapemaison.com\/wp-content\/uploads\/2026\/01\/razz-bar-10000-puffs-product-display.jpg","datePublished":"2026-01-08T08:20:18+00:00","dateModified":"2026-01-15T02:29:02+00:00","description":"La RAZZ BAR 10000 Puffs \u00e8 dotata di 16 aromi premium, una batteria ricaricabile da 650mAh. Acquista ora i migliori prezzi all'ingrosso e la spedizione veloce!","breadcrumb":{"@id":"https:\/\/vapemaison.com\/product\/razz-bar-10000-puffs-rechargeable-vape\/#breadcrumb"},"inLanguage":"it-IT","potentialAction":[{"@type":"ReadAction","target":["https:\/\/vapemaison.com\/product\/razz-bar-10000-puffs-rechargeable-vape\/"]}]},{"@type":"ImageObject","inLanguage":"it-IT","@id":"https:\/\/vapemaison.com\/product\/razz-bar-10000-puffs-rechargeable-vape\/#primaryimage","url":"https:\/\/vapemaison.com\/wp-content\/uploads\/2026\/01\/razz-bar-10000-puffs-product-display.jpg","contentUrl":"https:\/\/vapemaison.com\/wp-content\/uploads\/2026\/01\/razz-bar-10000-puffs-product-display.jpg","width":1800,"height":1800,"caption":"razz-bar-10000-puffs-product-display"},{"@type":"BreadcrumbList","@id":"https:\/\/vapemaison.com\/product\/razz-bar-10000-puffs-rechargeable-vape\/#breadcrumb","itemListElement":[{"@type":"ListItem","position":1,"name":"\u9996\u9875","item":"https:\/\/vapemaison.com\/"},{"@type":"ListItem","position":2,"name":"Shop","item":"https:\/\/vapemaison.com\/shop\/"},{"@type":"ListItem","position":3,"name":"Razz Bar","item":"https:\/\/vapemaison.com\/brand\/razz-bar\/"},{"@type":"ListItem","position":4,"name":"RAZZ BAR 10000 Puffs Rechargeable Vape"}]},{"@type":"WebSite","@id":"https:\/\/vapemaison.com\/#website","url":"https:\/\/vapemaison.com\/","name":"VapeMaison","description":"Dispositivi e accessori per il vaping di alta qualit\u00e0","publisher":{"@id":"https:\/\/vapemaison.com\/#organization"},"potentialAction":[{"@type":"SearchAction","target":{"@type":"EntryPoint","urlTemplate":"https:\/\/vapemaison.com\/?s={search_term_string}"},"query-input":{"@type":"PropertyValueSpecification","valueRequired":true,"valueName":"search_term_string"}}],"inLanguage":"it-IT"},{"@type":"Organization","@id":"https:\/\/vapemaison.com\/#organization","name":"VapeMaison","url":"https:\/\/vapemaison.com\/","logo":{"@type":"ImageObject","inLanguage":"it-IT","@id":"https:\/\/vapemaison.com\/#\/schema\/logo\/image\/","url":"https:\/\/vapemaison.com\/wp-content\/uploads\/2026\/01\/cropped-vapemaison-logo-g-2026.webp","contentUrl":"https:\/\/vapemaison.com\/wp-content\/uploads\/2026\/01\/cropped-vapemaison-logo-g-2026.webp","width":350,"height":280,"caption":"VapeMaison"},"image":{"@id":"https:\/\/vapemaison.com\/#\/schema\/logo\/image\/"},"sameAs":["https:\/\/www.youtube.com\/@VapeMaison"]}]}},"tiered_pricing_type":"fixed","tiered_pricing_fixed_rules":{"100":"11.72","200":"8.45","500":"7.68"},"tiered_pricing_product_settings":{"layout":"default","base_unit_name":{"singular":null,"plural":null},"default_variation":null},"tiered_pricing_minimum_quantity":50,"tiered_pricing_roles_data":[],"tiered_pricing_percentage_rules":[],"tiered_pricing_maximum_quantity":null,"tiered_pricing_quantity_step":"10","_links":{"self":[{"href":"https:\/\/vapemaison.com\/it\/wp-json\/wp\/v2\/product\/25624","targetHints":{"allow":["GET"]}}],"collection":[{"href":"https:\/\/vapemaison.com\/it\/wp-json\/wp\/v2\/product"}],"about":[{"href":"https:\/\/vapemaison.com\/it\/wp-json\/wp\/v2\/types\/product"}],"replies":[{"embeddable":true,"href":"https:\/\/vapemaison.com\/it\/wp-json\/wp\/v2\/comments?post=25624"}],"version-history":[{"count":2,"href":"https:\/\/vapemaison.com\/it\/wp-json\/wp\/v2\/product\/25624\/revisions"}],"predecessor-version":[{"id":25671,"href":"https:\/\/vapemaison.com\/it\/wp-json\/wp\/v2\/product\/25624\/revisions\/25671"}],"wp:featuredmedia":[{"embeddable":true,"href":"https:\/\/vapemaison.com\/it\/wp-json\/wp\/v2\/media\/25711"}],"wp:attachment":[{"href":"https:\/\/vapemaison.com\/it\/wp-json\/wp\/v2\/media?parent=25624"}],"wp:term":[{"taxonomy":"product_brand","embeddable":true,"href":"https:\/\/vapemaison.com\/it\/wp-json\/wp\/v2\/product_brand?post=25624"},{"taxonomy":"product_cat","embeddable":true,"href":"https:\/\/vapemaison.com\/it\/wp-json\/wp\/v2\/product_cat?post=25624"},{"taxonomy":"product_tag","embeddable":true,"href":"https:\/\/vapemaison.com\/it\/wp-json\/wp\/v2\/product_tag?post=25624"}],"curies":[{"name":"wp","href":"https:\/\/api.w.org\/{rel}","templated":true}]}}