

{"id":25626,"date":"2026-01-08T10:42:46","date_gmt":"2026-01-08T10:42:46","guid":{"rendered":"https:\/\/vapemaison.com\/?post_type=product&#038;p=25626"},"modified":"2026-01-15T02:27:26","modified_gmt":"2026-01-15T02:27:26","slug":"razz-bar-12000-puff-12k-22ml-5-nic-sale","status":"publish","type":"product","link":"https:\/\/vapemaison.com\/it\/product\/razz-bar-12000-puff-12k-22ml-5-nic-salt\/","title":{"rendered":"Razz bar 12000 puff 12K 22mL, 5% Nic Salt"},"content":{"rendered":"<p>Il <strong>RAZZ BAR 12000 Bign\u00e8<\/strong> rappresenta l'apice della moderna tecnologia del vaping. <strong>In particolare<\/strong>, Questo dispositivo di punta offre un sapore pi\u00f9 genuino e una produzione di vapore pi\u00f9 intensa rispetto a qualsiasi modello precedente. <strong>Perch\u00e9<\/strong> \u00e8 dotato di una potente uscita da 22W con controllo integrato della tensione e del flusso d'aria, e offre un'esperienza completamente personalizzabile. <strong>Inoltre<\/strong>, L'enorme capacit\u00e0 di 22 ml di e-liquido e la batteria ricaricabile da 650 mAh garantiscono che il dispositivo soddisfi ogni aspettativa di robustezza e uniformit\u00e0.<\/p>\n\n\n\n<p><strong>Oltre a<\/strong> Il RAZZ BAR 12000, oltre alle sue elevate prestazioni, \u00e8 caratterizzato da uno splendido guscio traslucido e da un design sofisticato. Questa estetica accattivante stabilisce nuovi standard nel settore. <strong>Di conseguenza<\/strong>, Se volete migliorare la vostra esperienza con la sigaretta elettronica, RAZZ BAR 12000 Puffs rappresenta la soluzione definitiva.<\/p>\n\n\n\n<h3 class=\"wp-block-heading\">Specifiche tecniche: Progettato per la potenza<\/h3>\n\n\n\n<ul class=\"wp-block-list\">\n<li><strong>Capacit\u00e0 di soffio:<\/strong> Fornisce fino a <strong>12.000 soffi<\/strong>, garantendo un valore a lungo termine per ogni utente.<\/li>\n\n\n\n<li><strong>Capacit\u00e0 massiccia:<\/strong> Ogni dispositivo contiene <strong>22 ml di e-liquid premium<\/strong>. <strong>Pertanto<\/strong>, si pu\u00f2 godere di settimane di utilizzo senza interruzioni.<\/li>\n\n\n\n<li><strong>Potenza variabile:<\/strong> Il <strong>Uscita 22W<\/strong> combinato con <strong>Controllo del flusso d'aria<\/strong> consente di regolare con precisione la densit\u00e0 del vapore.<\/li>\n\n\n\n<li><strong>Opzioni di nicotina:<\/strong> Disponibile in <strong>2% e 5% sale di nicotina<\/strong> per adattarsi alle diverse preferenze degli utenti e alle normative di mercato.<\/li>\n\n\n\n<li><strong>Caratteristiche intelligenti:<\/strong> Il sistema integrato <strong>Illuminazione RGB<\/strong> aggiunge un tocco di modernit\u00e0, mentre il <strong>Porta di tipo C<\/strong> garantisce una ricarica rapida.<\/li>\n\n\n\n<li><strong>Bobina a rete avanzata:<\/strong> Questa tecnologia riscalda il liquido in modo uniforme. <strong>In particolare<\/strong>, garantisce un colpo di gola morbido e un sapore autentico dalla prima all'ultima boccata.<\/li>\n<\/ul>\n\n\n\n<h3 class=\"wp-block-heading\">Selezione di sapori premium: 16 miscele d'\u00e9lite<\/h3>\n\n\n\n<p>La linea RAZZ BAR 12000 offre un'ampia variet\u00e0 di gusti. <strong>Se<\/strong> Se si preferisce una rinfrescata ghiacciata o una dolce miscela di caramelle, la nostra collezione soddisfa tutti i palati:<\/p>\n\n\n\n<ul class=\"wp-block-list\">\n<li><strong>Frutta e ghiaccio:<\/strong> Ghiaccio alla pesca, ghiaccio all'anguria, ghiaccio al mango e ghiaccio al mirtillo.<\/li>\n\n\n\n<li><strong>Fusioni esotiche:<\/strong> Kiwi Frutto della Passione Guava, Mamba e Mirtillo Lampone.<\/li>\n\n\n\n<li><strong>Dolci classici:<\/strong> Bubble Gum all'anguria e alla fragola e Bubble Gum al mirtillo.<\/li>\n\n\n\n<li><strong>Bevanda ispirata:<\/strong> Red Bull Ice e Blue Razz Lemonade.<\/li>\n<\/ul>\n\n\n\n<h3 class=\"wp-block-heading\">Vantaggi all'ingrosso e al dettaglio<\/h3>\n\n\n\n<p><strong>La scelta<\/strong> i nostri prodotti garantiscono un vantaggio competitivo nel vostro mercato locale. <strong>Di conseguenza<\/strong>, Forniamo una logistica ottimizzata per tutti i partner commerciali:<\/p>\n\n\n\n<ul class=\"wp-block-list\">\n<li><strong>Display pronto:<\/strong> Ogni scatola contiene 10 pezzi.<\/li>\n\n\n\n<li><strong>Imballaggio sfuso:<\/strong> Confezioniamo 200 pezzi per cartone per uno stoccaggio efficiente.<\/li>\n\n\n\n<li><strong>Sicurezza garantita:<\/strong> Ogni unit\u00e0 \u00e8 sottoposta a un rigoroso controllo di qualit\u00e0 per soddisfare gli standard internazionali. <strong>Cos\u00ec<\/strong>, potete vendere con assoluta fiducia.<\/li>\n<\/ul>\n\n\n\n<h3 class=\"wp-block-heading\">Domande frequenti (FAQ)<\/h3>\n\n\n\n<p><strong>1. Posso regolare il flusso d'aria?<\/strong> S\u00ec, il dispositivo \u00e8 dotato di un <strong>Controllo del flusso d'aria<\/strong> valvola. <strong>Di conseguenza<\/strong>, \u00c8 possibile passare da un'estrazione stretta a un'esperienza pi\u00f9 aperta e ricca di nuvole.<\/p>\n\n\n\n<p><strong>2. Quanto dura la capacit\u00e0 di 12.000 soffi?<\/strong> In condizioni di utilizzo normale, il serbatoio da 22 ml dura diverse settimane. <strong>Tuttavia<\/strong>, La durata esatta dipende dalle impostazioni di wattaggio e flusso d'aria preferite.<\/p>\n\n\n\n<p><strong>3. La batteria \u00e8 ricaricabile?<\/strong> Assolutamente s\u00ec. <strong>Da quando<\/strong> La batteria da 650 mAh e la porta Type-C consentono di sfruttare appieno ogni goccia di e-liquid.<\/p>\n\n\n\n<p><\/p>","protected":false},"excerpt":{"rendered":"<p>RAZZ BAR 12000 Puffs combina un'enorme capacit\u00e0 di 22 ml di e-liquid con una potente potenza regolabile di 22W. Grazie al controllo del flusso d'aria e alla batteria ricaricabile Type-C, questo dispositivo offre un'esperienza di svapo su misura e di lunga durata. Di conseguenza, \u00e8 la scelta principale per chi cerca un sapore superiore e un design moderno.<\/p>","protected":false},"featured_media":25778,"comment_status":"open","ping_status":"closed","template":"","meta":[],"product_brand":[313],"product_cat":[154],"product_tag":[],"class_list":{"0":"post-25626","1":"product","2":"type-product","3":"status-publish","4":"has-post-thumbnail","6":"product_brand-razz-bar","7":"product_cat-12k-puffs","9":"first","10":"instock","11":"sale","12":"shipping-taxable","13":"purchasable","14":"product-type-variable"},"yoast_head":"<!-- This site is optimized with the Yoast SEO plugin v27.4 - https:\/\/yoast.com\/product\/yoast-seo-wordpress\/ -->\n<title>RAZZ BAR 12000 Puffs Adjustable Airflow Disposable Vape<\/title>\n<meta name=\"description\" content=\"Discover the RAZZ BAR 12000 Puffs. Features 22ml capacity, 22W power control, RGB lights, and Mesh Coil technology. Shop wholesale now for the best prices!\" \/>\n<meta name=\"robots\" content=\"index, follow, max-snippet:-1, max-image-preview:large, max-video-preview:-1\" \/>\n<link rel=\"canonical\" href=\"https:\/\/vapemaison.com\/it\/prodotto\/razz-bar-12000-puff-12k-22ml-5-nic-sale\/\" \/>\n<meta property=\"og:locale\" content=\"it_IT\" \/>\n<meta property=\"og:type\" content=\"article\" \/>\n<meta property=\"og:title\" content=\"RAZZ BAR 12000 Puffs Adjustable Airflow Disposable Vape\" \/>\n<meta property=\"og:description\" content=\"Discover the RAZZ BAR 12000 Puffs. Features 22ml capacity, 22W power control, RGB lights, and Mesh Coil technology. Shop wholesale now for the best prices!\" \/>\n<meta property=\"og:url\" content=\"https:\/\/vapemaison.com\/it\/prodotto\/razz-bar-12000-puff-12k-22ml-5-nic-sale\/\" \/>\n<meta property=\"og:site_name\" content=\"VapeMaison\" \/>\n<meta property=\"article:modified_time\" content=\"2026-01-15T02:27:26+00:00\" \/>\n<meta property=\"og:image\" content=\"https:\/\/vapemaison.com\/wp-content\/uploads\/2026\/01\/razz-bar-12000-puffs-vape-product-display.webp\" \/>\n\t<meta property=\"og:image:width\" content=\"640\" \/>\n\t<meta property=\"og:image:height\" content=\"640\" \/>\n\t<meta property=\"og:image:type\" content=\"image\/webp\" \/>\n<meta name=\"twitter:card\" content=\"summary_large_image\" \/>\n<meta name=\"twitter:label1\" content=\"Tempo di lettura stimato\" \/>\n\t<meta name=\"twitter:data1\" content=\"3 minuti\" \/>\n<!-- \/ Yoast SEO plugin. -->","yoast_head_json":{"title":"RAZZ BAR 12000 boccate flusso d'aria regolabile Vape usa e getta","description":"Scoprite la RAZZ BAR 12000 Puffs. Capacit\u00e0 di 22 ml, controllo della potenza di 22 W, luci RGB e tecnologia Mesh Coil. Acquista ora all'ingrosso per ottenere i prezzi migliori!","robots":{"index":"index","follow":"follow","max-snippet":"max-snippet:-1","max-image-preview":"max-image-preview:large","max-video-preview":"max-video-preview:-1"},"canonical":"https:\/\/vapemaison.com\/it\/prodotto\/razz-bar-12000-puff-12k-22ml-5-nic-sale\/","og_locale":"it_IT","og_type":"article","og_title":"RAZZ BAR 12000 Puffs Adjustable Airflow Disposable Vape","og_description":"Discover the RAZZ BAR 12000 Puffs. Features 22ml capacity, 22W power control, RGB lights, and Mesh Coil technology. Shop wholesale now for the best prices!","og_url":"https:\/\/vapemaison.com\/it\/prodotto\/razz-bar-12000-puff-12k-22ml-5-nic-sale\/","og_site_name":"VapeMaison","article_modified_time":"2026-01-15T02:27:26+00:00","og_image":[{"width":640,"height":640,"url":"https:\/\/vapemaison.com\/wp-content\/uploads\/2026\/01\/razz-bar-12000-puffs-vape-product-display.webp","type":"image\/webp"}],"twitter_card":"summary_large_image","twitter_misc":{"Tempo di lettura stimato":"3 minuti"},"schema":{"@context":"https:\/\/schema.org","@graph":[{"@type":"WebPage","@id":"https:\/\/vapemaison.com\/product\/razz-bar-12000-puff-12k-22ml-5-nic-salt\/","url":"https:\/\/vapemaison.com\/product\/razz-bar-12000-puff-12k-22ml-5-nic-salt\/","name":"RAZZ BAR 12000 boccate flusso d'aria regolabile Vape usa e getta","isPartOf":{"@id":"https:\/\/vapemaison.com\/#website"},"primaryImageOfPage":{"@id":"https:\/\/vapemaison.com\/product\/razz-bar-12000-puff-12k-22ml-5-nic-salt\/#primaryimage"},"image":{"@id":"https:\/\/vapemaison.com\/product\/razz-bar-12000-puff-12k-22ml-5-nic-salt\/#primaryimage"},"thumbnailUrl":"https:\/\/vapemaison.com\/wp-content\/uploads\/2026\/01\/razz-bar-12000-puffs-vape-product-display.webp","datePublished":"2026-01-08T10:42:46+00:00","dateModified":"2026-01-15T02:27:26+00:00","description":"Scoprite la RAZZ BAR 12000 Puffs. Capacit\u00e0 di 22 ml, controllo della potenza di 22 W, luci RGB e tecnologia Mesh Coil. Acquista ora all'ingrosso per ottenere i prezzi migliori!","breadcrumb":{"@id":"https:\/\/vapemaison.com\/product\/razz-bar-12000-puff-12k-22ml-5-nic-salt\/#breadcrumb"},"inLanguage":"it-IT","potentialAction":[{"@type":"ReadAction","target":["https:\/\/vapemaison.com\/product\/razz-bar-12000-puff-12k-22ml-5-nic-salt\/"]}]},{"@type":"ImageObject","inLanguage":"it-IT","@id":"https:\/\/vapemaison.com\/product\/razz-bar-12000-puff-12k-22ml-5-nic-salt\/#primaryimage","url":"https:\/\/vapemaison.com\/wp-content\/uploads\/2026\/01\/razz-bar-12000-puffs-vape-product-display.webp","contentUrl":"https:\/\/vapemaison.com\/wp-content\/uploads\/2026\/01\/razz-bar-12000-puffs-vape-product-display.webp","width":640,"height":640,"caption":"razz-bar-12000-puffs-vape-product-display"},{"@type":"BreadcrumbList","@id":"https:\/\/vapemaison.com\/product\/razz-bar-12000-puff-12k-22ml-5-nic-salt\/#breadcrumb","itemListElement":[{"@type":"ListItem","position":1,"name":"\u9996\u9875","item":"https:\/\/vapemaison.com\/"},{"@type":"ListItem","position":2,"name":"Shop","item":"https:\/\/vapemaison.com\/shop\/"},{"@type":"ListItem","position":3,"name":"Razz Bar","item":"https:\/\/vapemaison.com\/brand\/razz-bar\/"},{"@type":"ListItem","position":4,"name":"Razz bar 12000 puff 12K 22mL, 5% Nic Salt"}]},{"@type":"WebSite","@id":"https:\/\/vapemaison.com\/#website","url":"https:\/\/vapemaison.com\/","name":"VapeMaison","description":"Dispositivi e accessori per il vaping di alta qualit\u00e0","publisher":{"@id":"https:\/\/vapemaison.com\/#organization"},"potentialAction":[{"@type":"SearchAction","target":{"@type":"EntryPoint","urlTemplate":"https:\/\/vapemaison.com\/?s={search_term_string}"},"query-input":{"@type":"PropertyValueSpecification","valueRequired":true,"valueName":"search_term_string"}}],"inLanguage":"it-IT"},{"@type":"Organization","@id":"https:\/\/vapemaison.com\/#organization","name":"VapeMaison","url":"https:\/\/vapemaison.com\/","logo":{"@type":"ImageObject","inLanguage":"it-IT","@id":"https:\/\/vapemaison.com\/#\/schema\/logo\/image\/","url":"https:\/\/vapemaison.com\/wp-content\/uploads\/2026\/01\/cropped-vapemaison-logo-g-2026.webp","contentUrl":"https:\/\/vapemaison.com\/wp-content\/uploads\/2026\/01\/cropped-vapemaison-logo-g-2026.webp","width":350,"height":280,"caption":"VapeMaison"},"image":{"@id":"https:\/\/vapemaison.com\/#\/schema\/logo\/image\/"},"sameAs":["https:\/\/www.youtube.com\/@VapeMaison"]}]}},"tiered_pricing_type":"fixed","tiered_pricing_fixed_rules":{"100":"11.13","200":"10.24","500":"9.45"},"tiered_pricing_product_settings":{"layout":"default","base_unit_name":{"singular":null,"plural":null},"default_variation":null},"tiered_pricing_minimum_quantity":50,"tiered_pricing_roles_data":[],"tiered_pricing_percentage_rules":[],"tiered_pricing_maximum_quantity":null,"tiered_pricing_quantity_step":"10","_links":{"self":[{"href":"https:\/\/vapemaison.com\/it\/wp-json\/wp\/v2\/product\/25626","targetHints":{"allow":["GET"]}}],"collection":[{"href":"https:\/\/vapemaison.com\/it\/wp-json\/wp\/v2\/product"}],"about":[{"href":"https:\/\/vapemaison.com\/it\/wp-json\/wp\/v2\/types\/product"}],"replies":[{"embeddable":true,"href":"https:\/\/vapemaison.com\/it\/wp-json\/wp\/v2\/comments?post=25626"}],"version-history":[{"count":2,"href":"https:\/\/vapemaison.com\/it\/wp-json\/wp\/v2\/product\/25626\/revisions"}],"predecessor-version":[{"id":25821,"href":"https:\/\/vapemaison.com\/it\/wp-json\/wp\/v2\/product\/25626\/revisions\/25821"}],"wp:featuredmedia":[{"embeddable":true,"href":"https:\/\/vapemaison.com\/it\/wp-json\/wp\/v2\/media\/25778"}],"wp:attachment":[{"href":"https:\/\/vapemaison.com\/it\/wp-json\/wp\/v2\/media?parent=25626"}],"wp:term":[{"taxonomy":"product_brand","embeddable":true,"href":"https:\/\/vapemaison.com\/it\/wp-json\/wp\/v2\/product_brand?post=25626"},{"taxonomy":"product_cat","embeddable":true,"href":"https:\/\/vapemaison.com\/it\/wp-json\/wp\/v2\/product_cat?post=25626"},{"taxonomy":"product_tag","embeddable":true,"href":"https:\/\/vapemaison.com\/it\/wp-json\/wp\/v2\/product_tag?post=25626"}],"curies":[{"name":"wp","href":"https:\/\/api.w.org\/{rel}","templated":true}]}}