

{"id":25629,"date":"2026-01-08T09:57:26","date_gmt":"2026-01-08T09:57:26","guid":{"rendered":"https:\/\/vapemaison.com\/?post_type=product&#038;p=25629"},"modified":"2026-01-15T02:27:37","modified_gmt":"2026-01-15T02:27:37","slug":"razz-bar-40000-soffi-a-doppio-sapore-vaping","status":"publish","type":"product","link":"https:\/\/vapemaison.com\/it\/product\/razz-bar-40000-puffs-dual-flavor-vaping\/","title":{"rendered":"RAZZ BAR 40000 boccate: Vaping a doppio gusto"},"content":{"rendered":"<p>Il <strong>RAZZ BAR 40000 Bign\u00e8<\/strong> si pone come un vero e proprio titano nel mercato delle sigarette elettroniche usa e getta. <strong>In particolare<\/strong>, eroga 40.000 boccate senza precedenti e dispone di un innovativo sistema a doppio serbatoio per un'esperienza personalizzabile.<sup><\/sup> <strong>Perch\u00e9<\/strong> Abbiamo progettato questo dispositivo per garantire la massima longevit\u00e0 e per essere il compagno perfetto della vostra vita quotidiana. <strong>Inoltre<\/strong>, La struttura ad alta capacit\u00e0 garantisce un vapore di qualit\u00e0 superiore senza la costante necessit\u00e0 di sostituzioni.<sup><\/sup>+1<\/p>\n\n\n\n<p>Questo dispositivo fonde perfettamente estetica e funzionalit\u00e0 di alto livello. <strong>Per esempio<\/strong>, il sistema integrato <strong>Display a LED<\/strong> fornisce aggiornamenti in tempo reale sui livelli di batteria e di e-liquid.<sup><\/sup> <strong>Nel frattempo<\/strong>, L'avanzata tecnologia Mesh Coil garantisce un aroma intenso e costante ad ogni estrazione. <strong>Di conseguenza<\/strong>, La RAZZ BAR 40000 \u00e8 diventata la scelta migliore per i vapers che danno priorit\u00e0 alla variet\u00e0, alle prestazioni e alla facilit\u00e0 d'uso.<\/p>\n\n\n\n<h3 class=\"wp-block-heading\">Specifiche tecniche: L'eccellenza in ogni boccata<\/h3>\n\n\n\n<ul class=\"wp-block-list\">\n<li><strong>Grande capacit\u00e0 di soffio:<\/strong> Il RAZZ BAR eroga fino a <strong>40.000 soffi<\/strong>. <strong>Come risultato<\/strong>, Questo dispositivo pu\u00f2 durare settimane o addirittura mesi, a seconda delle abitudini di utilizzo personali.<\/li>\n\n\n\n<li><strong>Innovazione a doppio gusto:<\/strong> Ogni dispositivo contiene un <strong>Sistema a doppio serbatoio<\/strong>. <strong>Pertanto<\/strong>, \u00c8 possibile passare da un sapore all'altro semplicemente ruotando il bocchino.<\/li>\n\n\n\n<li><strong>Monitoraggio intelligente:<\/strong> Il sistema integrato <strong>Schermo LED<\/strong> tiene traccia della durata della batteria e dei livelli di liquido. <strong>Di conseguenza<\/strong>, Potete pianificare la vostra giornata senza preoccuparvi di una perdita di corrente inaspettata.<\/li>\n\n\n\n<li><strong>Flessibilit\u00e0 della nicotina:<\/strong> Offriamo <strong>2% e 5% sale di nicotina<\/strong> opzioni. <strong>In particolare<\/strong>, la nicotina salina assicura un colpo di gola morbido e un assorbimento pi\u00f9 rapido per un'esperienza soddisfacente.+1<\/li>\n\n\n\n<li><strong>Alimentazione e ricarica:<\/strong> Il <strong>Batteria ricaricabile da 650 mAh<\/strong> utilizza <strong>Ricarica rapida di tipo C<\/strong>. <strong>Cos\u00ec<\/strong>, In questo modo si riducono al minimo i tempi di inattivit\u00e0 e si mantiene un'abitudine al vaping pi\u00f9 sostenibile.<\/li>\n\n\n\n<li><strong>Efficienza all'ingrosso:<\/strong> Imballiamo <strong>200 pezzi per cartone<\/strong> per supportare una logistica semplificata per rivenditori e grossisti.<\/li>\n<\/ul>\n\n\n\n<h3 class=\"wp-block-heading\">Combinazioni di sapori doppi: Doppio piacere<\/h3>\n\n\n\n<p>Il RAZZ BAR 40000 offre 10 combinazioni uniche di \u201cDoppio aroma\u201d. <strong>Se<\/strong> Se desiderate una dolcezza fruttata o una rinfrescata ghiacciata, questi abbinamenti vi faranno vivere un'esperienza entusiasmante:<\/p>\n\n\n\n<ul class=\"wp-block-list\">\n<li><strong>Limone e lime \/ Ghiaccio fondente<\/strong><\/li>\n\n\n\n<li><strong>Ghiaccio alla fragola \/ Bacche miste<\/strong><\/li>\n\n\n\n<li><strong>Blue Razz Ice \/ Gomma da masticare all'anguria e fragola<\/strong><\/li>\n\n\n\n<li><strong>Banana alla fragola \/ Red Bull Ice<\/strong><\/li>\n\n\n\n<li><strong>Ghiaccio al mirtillo \/ Amore 66<\/strong><\/li>\n\n\n\n<li><strong>Ghiaccio all'anguria \/ Coca Cola<\/strong><\/li>\n\n\n\n<li><strong>Anguria fragola \/ Ghiaccio all'uva<\/strong><\/li>\n<\/ul>\n\n\n\n<h3 class=\"wp-block-heading\">Domande e risposte sul Razz Bar 40000 Puffs<\/h3>\n\n\n\n<p><strong>1. Come si passa da un gusto all'altro?<\/strong> <strong>Semplicemente<\/strong> ruotare il boccaglio per passare dai due serbatoi interni. <strong>Di conseguenza<\/strong>, \u00c8 possibile godere di due gusti diversi senza dover portare con s\u00e9 pi\u00f9 dispositivi.<\/p>\n\n\n\n<p><strong>2. Quanto \u00e8 preciso il display a LED?<\/strong> Il display monitora i livelli della batteria e dell'e-liquid in tempo reale.<sup><\/sup> <strong>Pertanto<\/strong>, In questo modo si sa sempre esattamente quando \u00e8 il momento di ricaricare o sostituire il dispositivo.<\/p>\n\n\n\n<p><strong>3. Il conteggio dei 40.000 soffi \u00e8 garantito?<\/strong> Il dispositivo eroga fino a 40.000 boccate con un utilizzo standard.<sup><\/sup> <strong>Tuttavia<\/strong>, Il conteggio delle singole boccate pu\u00f2 variare a seconda della lunghezza e dell'intensit\u00e0 delle estrazioni.<\/p>\n\n\n\n<p><strong>4. Perch\u00e9 la tecnologia Mesh Coil \u00e8 importante?<\/strong> La bobina a rete aumenta la superficie di riscaldamento.<sup><\/sup> <strong>Come risultato<\/strong>, produce un sapore molto pi\u00f9 intenso e un vapore pi\u00f9 fluido rispetto alle tradizionali bobine a filo.<\/p>","protected":false},"excerpt":{"rendered":"<p>RAZZ BAR 40000 Puffs ridefinisce la resistenza grazie alla sua enorme capacit\u00e0 e all'esclusivo interruttore a doppio gusto. Grazie allo schermo di monitoraggio a LED e alla ricarica rapida Type-C, questo dispositivo offre l'esperienza pi\u00f9 comoda e trasparente del mercato. Di conseguenza, offre un valore imbattibile sia per i rivenditori che per i vapers ad alta intensit\u00e0.<\/p>","protected":false},"featured_media":25751,"comment_status":"open","ping_status":"closed","template":"","meta":[],"product_brand":[313],"product_cat":[135],"product_tag":[],"class_list":{"0":"post-25629","1":"product","2":"type-product","3":"status-publish","4":"has-post-thumbnail","6":"product_brand-razz-bar","7":"product_cat-40k-puffs","9":"first","10":"instock","11":"sale","12":"shipping-taxable","13":"purchasable","14":"product-type-variable"},"yoast_head":"<!-- This site is optimized with the Yoast SEO plugin v27.4 - https:\/\/yoast.com\/product\/yoast-seo-wordpress\/ -->\n<title>RAZZ BAR 40000 Puffs | Dual-Flavor Smart Disposable Vape<\/title>\n<meta name=\"description\" content=\"Experience 40k puffs with the RAZZ BAR Dual-Tank Vape. Featuring an LED display, and 10 double-flavor blends. Shop wholesale with fast EU shipping!\" \/>\n<meta name=\"robots\" content=\"index, follow, max-snippet:-1, max-image-preview:large, max-video-preview:-1\" \/>\n<link rel=\"canonical\" href=\"https:\/\/vapemaison.com\/it\/prodotto\/razz-bar-40000-soffi-a-doppio-sapore-vaping\/\" \/>\n<meta property=\"og:locale\" content=\"it_IT\" \/>\n<meta property=\"og:type\" content=\"article\" \/>\n<meta property=\"og:title\" content=\"RAZZ BAR 40000 Puffs | Dual-Flavor Smart Disposable Vape\" \/>\n<meta property=\"og:description\" content=\"Experience 40k puffs with the RAZZ BAR Dual-Tank Vape. Featuring an LED display, and 10 double-flavor blends. Shop wholesale with fast EU shipping!\" \/>\n<meta property=\"og:url\" content=\"https:\/\/vapemaison.com\/it\/prodotto\/razz-bar-40000-soffi-a-doppio-sapore-vaping\/\" \/>\n<meta property=\"og:site_name\" content=\"VapeMaison\" \/>\n<meta property=\"article:modified_time\" content=\"2026-01-15T02:27:37+00:00\" \/>\n<meta property=\"og:image\" content=\"https:\/\/vapemaison.com\/wp-content\/uploads\/2026\/01\/razz-bar-40000-puffs-vape-product-display-3.jpg\" \/>\n\t<meta property=\"og:image:width\" content=\"800\" \/>\n\t<meta property=\"og:image:height\" content=\"800\" \/>\n\t<meta property=\"og:image:type\" content=\"image\/jpeg\" \/>\n<meta name=\"twitter:card\" content=\"summary_large_image\" \/>\n<meta name=\"twitter:label1\" content=\"Tempo di lettura stimato\" \/>\n\t<meta name=\"twitter:data1\" content=\"3 minuti\" \/>\n<!-- \/ Yoast SEO plugin. -->","yoast_head_json":{"title":"RAZZ BAR 40000 boccate - Vape intelligente monouso a doppio gusto","description":"Provate 40.000 boccate con il RAZZ BAR Dual-Tank Vape. Dotato di un display a LED e di 10 miscele a doppio gusto. Acquista all'ingrosso con spedizione rapida nell'UE!","robots":{"index":"index","follow":"follow","max-snippet":"max-snippet:-1","max-image-preview":"max-image-preview:large","max-video-preview":"max-video-preview:-1"},"canonical":"https:\/\/vapemaison.com\/it\/prodotto\/razz-bar-40000-soffi-a-doppio-sapore-vaping\/","og_locale":"it_IT","og_type":"article","og_title":"RAZZ BAR 40000 Puffs | Dual-Flavor Smart Disposable Vape","og_description":"Experience 40k puffs with the RAZZ BAR Dual-Tank Vape. Featuring an LED display, and 10 double-flavor blends. Shop wholesale with fast EU shipping!","og_url":"https:\/\/vapemaison.com\/it\/prodotto\/razz-bar-40000-soffi-a-doppio-sapore-vaping\/","og_site_name":"VapeMaison","article_modified_time":"2026-01-15T02:27:37+00:00","og_image":[{"width":800,"height":800,"url":"https:\/\/vapemaison.com\/wp-content\/uploads\/2026\/01\/razz-bar-40000-puffs-vape-product-display-3.jpg","type":"image\/jpeg"}],"twitter_card":"summary_large_image","twitter_misc":{"Tempo di lettura stimato":"3 minuti"},"schema":{"@context":"https:\/\/schema.org","@graph":[{"@type":"WebPage","@id":"https:\/\/vapemaison.com\/product\/razz-bar-40000-puffs-dual-flavor-vaping\/","url":"https:\/\/vapemaison.com\/product\/razz-bar-40000-puffs-dual-flavor-vaping\/","name":"RAZZ BAR 40000 boccate - Vape intelligente monouso a doppio gusto","isPartOf":{"@id":"https:\/\/vapemaison.com\/#website"},"primaryImageOfPage":{"@id":"https:\/\/vapemaison.com\/product\/razz-bar-40000-puffs-dual-flavor-vaping\/#primaryimage"},"image":{"@id":"https:\/\/vapemaison.com\/product\/razz-bar-40000-puffs-dual-flavor-vaping\/#primaryimage"},"thumbnailUrl":"https:\/\/vapemaison.com\/wp-content\/uploads\/2026\/01\/razz-bar-40000-puffs-vape-product-display-3.jpg","datePublished":"2026-01-08T09:57:26+00:00","dateModified":"2026-01-15T02:27:37+00:00","description":"Provate 40.000 boccate con il RAZZ BAR Dual-Tank Vape. Dotato di un display a LED e di 10 miscele a doppio gusto. Acquista all'ingrosso con spedizione rapida nell'UE!","breadcrumb":{"@id":"https:\/\/vapemaison.com\/product\/razz-bar-40000-puffs-dual-flavor-vaping\/#breadcrumb"},"inLanguage":"it-IT","potentialAction":[{"@type":"ReadAction","target":["https:\/\/vapemaison.com\/product\/razz-bar-40000-puffs-dual-flavor-vaping\/"]}]},{"@type":"ImageObject","inLanguage":"it-IT","@id":"https:\/\/vapemaison.com\/product\/razz-bar-40000-puffs-dual-flavor-vaping\/#primaryimage","url":"https:\/\/vapemaison.com\/wp-content\/uploads\/2026\/01\/razz-bar-40000-puffs-vape-product-display-3.jpg","contentUrl":"https:\/\/vapemaison.com\/wp-content\/uploads\/2026\/01\/razz-bar-40000-puffs-vape-product-display-3.jpg","width":800,"height":800,"caption":"razz-bar-40000-puffs-vape-product-display-3"},{"@type":"BreadcrumbList","@id":"https:\/\/vapemaison.com\/product\/razz-bar-40000-puffs-dual-flavor-vaping\/#breadcrumb","itemListElement":[{"@type":"ListItem","position":1,"name":"\u9996\u9875","item":"https:\/\/vapemaison.com\/"},{"@type":"ListItem","position":2,"name":"Shop","item":"https:\/\/vapemaison.com\/shop\/"},{"@type":"ListItem","position":3,"name":"Razz Bar","item":"https:\/\/vapemaison.com\/brand\/razz-bar\/"},{"@type":"ListItem","position":4,"name":"RAZZ BAR 40000 Puffs: Dual-Flavor Vaping"}]},{"@type":"WebSite","@id":"https:\/\/vapemaison.com\/#website","url":"https:\/\/vapemaison.com\/","name":"VapeMaison","description":"Dispositivi e accessori per il vaping di alta qualit\u00e0","publisher":{"@id":"https:\/\/vapemaison.com\/#organization"},"potentialAction":[{"@type":"SearchAction","target":{"@type":"EntryPoint","urlTemplate":"https:\/\/vapemaison.com\/?s={search_term_string}"},"query-input":{"@type":"PropertyValueSpecification","valueRequired":true,"valueName":"search_term_string"}}],"inLanguage":"it-IT"},{"@type":"Organization","@id":"https:\/\/vapemaison.com\/#organization","name":"VapeMaison","url":"https:\/\/vapemaison.com\/","logo":{"@type":"ImageObject","inLanguage":"it-IT","@id":"https:\/\/vapemaison.com\/#\/schema\/logo\/image\/","url":"https:\/\/vapemaison.com\/wp-content\/uploads\/2026\/01\/cropped-vapemaison-logo-g-2026.webp","contentUrl":"https:\/\/vapemaison.com\/wp-content\/uploads\/2026\/01\/cropped-vapemaison-logo-g-2026.webp","width":350,"height":280,"caption":"VapeMaison"},"image":{"@id":"https:\/\/vapemaison.com\/#\/schema\/logo\/image\/"},"sameAs":["https:\/\/www.youtube.com\/@VapeMaison"]}]}},"tiered_pricing_type":"fixed","tiered_pricing_fixed_rules":{"100":"9.56","200":"8.78","500":"7.99"},"tiered_pricing_product_settings":{"layout":"default","base_unit_name":{"singular":null,"plural":null},"default_variation":null},"tiered_pricing_minimum_quantity":50,"tiered_pricing_roles_data":[],"tiered_pricing_percentage_rules":[],"tiered_pricing_maximum_quantity":null,"tiered_pricing_quantity_step":"10","_links":{"self":[{"href":"https:\/\/vapemaison.com\/it\/wp-json\/wp\/v2\/product\/25629","targetHints":{"allow":["GET"]}}],"collection":[{"href":"https:\/\/vapemaison.com\/it\/wp-json\/wp\/v2\/product"}],"about":[{"href":"https:\/\/vapemaison.com\/it\/wp-json\/wp\/v2\/types\/product"}],"replies":[{"embeddable":true,"href":"https:\/\/vapemaison.com\/it\/wp-json\/wp\/v2\/comments?post=25629"}],"version-history":[{"count":4,"href":"https:\/\/vapemaison.com\/it\/wp-json\/wp\/v2\/product\/25629\/revisions"}],"predecessor-version":[{"id":25777,"href":"https:\/\/vapemaison.com\/it\/wp-json\/wp\/v2\/product\/25629\/revisions\/25777"}],"wp:featuredmedia":[{"embeddable":true,"href":"https:\/\/vapemaison.com\/it\/wp-json\/wp\/v2\/media\/25751"}],"wp:attachment":[{"href":"https:\/\/vapemaison.com\/it\/wp-json\/wp\/v2\/media?parent=25629"}],"wp:term":[{"taxonomy":"product_brand","embeddable":true,"href":"https:\/\/vapemaison.com\/it\/wp-json\/wp\/v2\/product_brand?post=25629"},{"taxonomy":"product_cat","embeddable":true,"href":"https:\/\/vapemaison.com\/it\/wp-json\/wp\/v2\/product_cat?post=25629"},{"taxonomy":"product_tag","embeddable":true,"href":"https:\/\/vapemaison.com\/it\/wp-json\/wp\/v2\/product_tag?post=25629"}],"curies":[{"name":"wp","href":"https:\/\/api.w.org\/{rel}","templated":true}]}}