

{"id":26029,"date":"2026-01-17T09:31:59","date_gmt":"2026-01-17T09:31:59","guid":{"rendered":"https:\/\/vapemaison.com\/?post_type=product&#038;p=26029"},"modified":"2026-01-20T07:13:40","modified_gmt":"2026-01-20T07:13:40","slug":"bang-puo-essere-olied-60000-soffi-monouso-vape-36mle-liquido","status":"publish","type":"product","link":"https:\/\/vapemaison.com\/it\/product\/bang-can-be-olied-60000-puffs-disposable-vape-36mle-liquid\/","title":{"rendered":"Bang Can be olied 60.000 boccate di pura soddisfazione"},"content":{"rendered":"<p>Elevate il vostro viaggio nel vaping con il nostro ultimo dispositivo monouso di punta. Abbiamo progettato questa centrale elettrica specificamente per coloro che esigono la longevit\u00e0 senza compromettere la qualit\u00e0. Di conseguenza, offre un'autonomia senza precedenti di 60.000 puff, rendendolo il compagno definitivo sia per gli amanti delle nuvole che per gli intenditori di aromi.<\/p>\n\n\n\n<p>Inoltre, abbiamo integrato una massiccia <strong>Capacit\u00e0 di 36 ml di e-liquido<\/strong> con un sistema ad alte prestazioni <strong>Bobina a maglia da 1,0\u03a9<\/strong>. Di conseguenza, ogni tiro \u00e8 morbido e saporito come il primo. Mentre il design elegante ed ergonomico si adatta perfettamente alla vostra mano, il sistema ricaricabile Type-C vi garantisce di godere fino all'ultima goccia di succo premium. Potete finalmente dire addio alle frequenti sostituzioni e abbracciare l'esperienza usa e getta pi\u00f9 sostenibile del mercato.<\/p>\n\n\n\n<h3 class=\"wp-block-heading\">Specifiche del nucleo<\/h3>\n\n\n\n<figure class=\"wp-block-table is-style-stripes\"><table class=\"has-fixed-layout\"><thead><tr><td><strong>Caratteristica<\/strong><\/td><td><strong>Specifiche<\/strong><\/td><\/tr><\/thead><tbody><tr><td><strong>Max Puffs<\/strong><\/td><td>60.000 Bign\u00e8<\/td><\/tr><tr><td><strong>Capacit\u00e0 del liquido elettronico<\/strong><\/td><td>36 ml (pre-riempito)<\/td><\/tr><tr><td><strong>Capacit\u00e0 della batteria<\/strong><\/td><td>550mAh (Cobalto ad alta densit\u00e0)<\/td><\/tr><tr><td><strong>Elemento di riscaldamento<\/strong><\/td><td>Bobina a rete da 1,0\u03a9 (aroma potenziato)<\/td><\/tr><tr><td><strong>Porta di ricarica<\/strong><\/td><td>Tipo-C (ricarica rapida)<\/td><\/tr><tr><td><strong>Operazione<\/strong><\/td><td>Attivazione a strappo \/ Ricaricabile<\/td><\/tr><tr><td><strong>Design<\/strong><\/td><td>Telaio portatile ergonomico<\/td><\/tr><\/tbody><\/table><\/figure>\n\n\n\n<h3 class=\"wp-block-heading\">Caratteristiche e vantaggi principali<\/h3>\n\n\n\n<ul class=\"wp-block-list\">\n<li><strong>Longevit\u00e0 senza pari:<\/strong> Poich\u00e9 questo dispositivo offre ben 60.000 soffi, \u00e8 facilmente in grado di superare la concorrenza. Di conseguenza, una singola unit\u00e0 garantisce settimane di utilizzo continuo.<\/li>\n\n\n\n<li><strong>Tecnologia avanzata della bobina a rete:<\/strong> La nostra bobina a rete da 1,0\u03a9 aumenta notevolmente la superficie di riscaldamento. Pertanto, il dispositivo offre una produzione di vapore pi\u00f9 ricca e un colpo di gola costante ogni volta.<\/li>\n\n\n\n<li><strong>Ricarica ecologica:<\/strong> La porta Type-C facilita la ricarica rapida della batteria da 550 mAh. In questo modo non si esaurisce mai l'energia prima di aver finito l'e-liquid.<\/li>\n\n\n\n<li><strong>Sinergia a doppio sapore:<\/strong> Inoltre, i nostri esperti hanno miscelato ogni profilo di sapore per offrire un'esperienza di gusto stratificata e multidimensionale.<\/li>\n<\/ul>\n\n\n\n<h3 class=\"wp-block-heading\">Menu Premium Flavor<\/h3>\n\n\n\n<p>Scegliete tra le nostre 12 combinazioni di sapori create ad arte. Ogni opzione \u00e8 caratterizzata da rinfrescanti finiture di ghiaccio e vibranti fusioni di frutta per soddisfare le vostre voglie.<\/p>\n\n\n\n<ul class=\"wp-block-list\">\n<li><strong>Cocomero e fragola<\/strong><\/li>\n\n\n\n<li><strong>Mango e fragola<\/strong><\/li>\n\n\n\n<li><strong>Pesca ghiacciata e pesca al mango<\/strong><\/li>\n\n\n\n<li><strong>Cocomero e mirtillo<\/strong><\/li>\n\n\n\n<li><strong>Frutta mista e tripla bacca<\/strong><\/li>\n\n\n\n<li><strong>Ghiaccio alla fragola e banana alla fragola<\/strong><\/li>\n\n\n\n<li><strong>Ghiaccio al mirtillo e lampone al mirtillo<\/strong><\/li>\n\n\n\n<li><strong>Coca-Cola all'anguria e alla ciliegia<\/strong><\/li>\n\n\n\n<li><strong>Ghiaccio al mirtillo e menta al mirtillo<\/strong><\/li>\n\n\n\n<li><strong>Ghiaccio all'ananas e cocco<\/strong><\/li>\n\n\n\n<li><strong>Bevanda energetica e ghiaccio all'anguria<\/strong><\/li>\n\n\n\n<li><strong>Ghiaccio d'uva e mirtillo d'uva<\/strong><\/li>\n<\/ul>\n\n\n\n<h3 class=\"wp-block-heading\">Perch\u00e9 aggiornare oggi?<\/h3>\n\n\n\n<p>In conclusione, il Bang Blaze 60.000 combina una capacit\u00e0 enorme con una tecnologia d'\u00e9lite. <strong>Inoltre<\/strong>, La gestione attiva dell'alimentazione e il design superiore della bobina consentono di ottenere un maggiore valore per il proprio denaro. <strong>Invece<\/strong> di portare con s\u00e9 pi\u00f9 dispositivi, potete affidarvi a questa singola unit\u00e0 ad alte prestazioni per soddisfare tutte le vostre esigenze.<\/p>","protected":false},"excerpt":{"rendered":"<p>Smettete di accontentarvi di continue sostituzioni e passate a Bang Blaze 60.000 per settimane di soddisfazione ininterrotta. Inoltre, la nostra tecnologia avanzata della bobina a rete da 1,0\u03a9 massimizza ogni goccia dell'enorme serbatoio da 36 ml per garantire un sapore sempre intenso. Di conseguenza, potrete godere di un'esperienza pi\u00f9 sostenibile e di qualit\u00e0 superiore, risparmiando tempo e denaro a ogni boccata.<\/p>","protected":false},"featured_media":26040,"comment_status":"open","ping_status":"closed","template":"","meta":[],"product_brand":[57],"product_cat":[137],"product_tag":[],"class_list":{"0":"post-26029","1":"product","2":"type-product","3":"status-publish","4":"has-post-thumbnail","6":"product_brand-bang","7":"product_cat-60k-puffs","9":"first","10":"instock","11":"sale","12":"shipping-taxable","13":"purchasable","14":"product-type-variable"},"yoast_head":"<!-- This site is optimized with the Yoast SEO plugin v27.4 - https:\/\/yoast.com\/product\/yoast-seo-wordpress\/ -->\n<title>Bang Can Be Olied 60000 Puffs Disposable Vape \u2013 36ml E-Liquid,<\/title>\n<meta name=\"description\" content=\"Discover the latest Bang Can Be Olied 60000 Puffs Disposable Vape with 36ml e-liquid and a 600mAh battery. Shop now for Bang&#039;s newest premium disposable vape!\" \/>\n<meta name=\"robots\" content=\"index, follow, max-snippet:-1, max-image-preview:large, max-video-preview:-1\" \/>\n<link rel=\"canonical\" href=\"https:\/\/vapemaison.com\/it\/prodotto\/bang-puo-essere-olied-60000-soffi-monouso-vape-36mle-liquido\/\" \/>\n<meta property=\"og:locale\" content=\"it_IT\" \/>\n<meta property=\"og:type\" content=\"article\" \/>\n<meta property=\"og:title\" content=\"Bang Can Be Olied 60000 Puffs Disposable Vape \u2013 36ml E-Liquid,\" \/>\n<meta property=\"og:description\" content=\"Discover the latest Bang Can Be Olied 60000 Puffs Disposable Vape with 36ml e-liquid and a 600mAh battery. Shop now for Bang&#039;s newest premium disposable vape!\" \/>\n<meta property=\"og:url\" content=\"https:\/\/vapemaison.com\/it\/prodotto\/bang-puo-essere-olied-60000-soffi-monouso-vape-36mle-liquido\/\" \/>\n<meta property=\"og:site_name\" content=\"VapeMaison\" \/>\n<meta property=\"article:modified_time\" content=\"2026-01-20T07:13:40+00:00\" \/>\n<meta property=\"og:image\" content=\"https:\/\/vapemaison.com\/wp-content\/uploads\/2026\/01\/bang-can-be-lied-60000-puffs-disposable-vape-picture-display-6.png\" \/>\n\t<meta property=\"og:image:width\" content=\"712\" \/>\n\t<meta property=\"og:image:height\" content=\"800\" \/>\n\t<meta property=\"og:image:type\" content=\"image\/png\" \/>\n<meta name=\"twitter:card\" content=\"summary_large_image\" \/>\n<meta name=\"twitter:label1\" content=\"Tempo di lettura stimato\" \/>\n\t<meta name=\"twitter:data1\" content=\"2 minuti\" \/>\n<!-- \/ Yoast SEO plugin. -->","yoast_head_json":{"title":"Bang Can Be Olied 60000 Puffs Disposable Vape - 36ml E-Liquid,","description":"Scopri l'ultimo Bang Can Be Olied 60000 Puffs Disposable Vape con 36ml di e-liquid e una batteria da 600mAh. Acquista ora il nuovo vape monouso premium di Bang!","robots":{"index":"index","follow":"follow","max-snippet":"max-snippet:-1","max-image-preview":"max-image-preview:large","max-video-preview":"max-video-preview:-1"},"canonical":"https:\/\/vapemaison.com\/it\/prodotto\/bang-puo-essere-olied-60000-soffi-monouso-vape-36mle-liquido\/","og_locale":"it_IT","og_type":"article","og_title":"Bang Can Be Olied 60000 Puffs Disposable Vape \u2013 36ml E-Liquid,","og_description":"Discover the latest Bang Can Be Olied 60000 Puffs Disposable Vape with 36ml e-liquid and a 600mAh battery. Shop now for Bang's newest premium disposable vape!","og_url":"https:\/\/vapemaison.com\/it\/prodotto\/bang-puo-essere-olied-60000-soffi-monouso-vape-36mle-liquido\/","og_site_name":"VapeMaison","article_modified_time":"2026-01-20T07:13:40+00:00","og_image":[{"width":712,"height":800,"url":"https:\/\/vapemaison.com\/wp-content\/uploads\/2026\/01\/bang-can-be-lied-60000-puffs-disposable-vape-picture-display-6.png","type":"image\/png"}],"twitter_card":"summary_large_image","twitter_misc":{"Tempo di lettura stimato":"2 minuti"},"schema":{"@context":"https:\/\/schema.org","@graph":[{"@type":"WebPage","@id":"https:\/\/vapemaison.com\/product\/bang-can-be-olied-60000-puffs-disposable-vape-36mle-liquid\/","url":"https:\/\/vapemaison.com\/product\/bang-can-be-olied-60000-puffs-disposable-vape-36mle-liquid\/","name":"Bang Can Be Olied 60000 Puffs Disposable Vape - 36ml E-Liquid,","isPartOf":{"@id":"https:\/\/vapemaison.com\/#website"},"primaryImageOfPage":{"@id":"https:\/\/vapemaison.com\/product\/bang-can-be-olied-60000-puffs-disposable-vape-36mle-liquid\/#primaryimage"},"image":{"@id":"https:\/\/vapemaison.com\/product\/bang-can-be-olied-60000-puffs-disposable-vape-36mle-liquid\/#primaryimage"},"thumbnailUrl":"https:\/\/vapemaison.com\/wp-content\/uploads\/2026\/01\/bang-can-be-lied-60000-puffs-disposable-vape-picture-display-6.png","datePublished":"2026-01-17T09:31:59+00:00","dateModified":"2026-01-20T07:13:40+00:00","description":"Scopri l'ultimo Bang Can Be Olied 60000 Puffs Disposable Vape con 36ml di e-liquid e una batteria da 600mAh. Acquista ora il nuovo vape monouso premium di Bang!","breadcrumb":{"@id":"https:\/\/vapemaison.com\/product\/bang-can-be-olied-60000-puffs-disposable-vape-36mle-liquid\/#breadcrumb"},"inLanguage":"it-IT","potentialAction":[{"@type":"ReadAction","target":["https:\/\/vapemaison.com\/product\/bang-can-be-olied-60000-puffs-disposable-vape-36mle-liquid\/"]}]},{"@type":"ImageObject","inLanguage":"it-IT","@id":"https:\/\/vapemaison.com\/product\/bang-can-be-olied-60000-puffs-disposable-vape-36mle-liquid\/#primaryimage","url":"https:\/\/vapemaison.com\/wp-content\/uploads\/2026\/01\/bang-can-be-lied-60000-puffs-disposable-vape-picture-display-6.png","contentUrl":"https:\/\/vapemaison.com\/wp-content\/uploads\/2026\/01\/bang-can-be-lied-60000-puffs-disposable-vape-picture-display-6.png","width":712,"height":800,"caption":"Bang Can Be Lied Puffs Disposable Vape Picture Display"},{"@type":"BreadcrumbList","@id":"https:\/\/vapemaison.com\/product\/bang-can-be-olied-60000-puffs-disposable-vape-36mle-liquid\/#breadcrumb","itemListElement":[{"@type":"ListItem","position":1,"name":"\u9996\u9875","item":"https:\/\/vapemaison.com\/"},{"@type":"ListItem","position":2,"name":"Shop","item":"https:\/\/vapemaison.com\/shop\/"},{"@type":"ListItem","position":3,"name":"Bang","item":"https:\/\/vapemaison.com\/brand\/bang\/"},{"@type":"ListItem","position":4,"name":"Bang Can be olied 60,000 Puffs of Pure Satisfaction"}]},{"@type":"WebSite","@id":"https:\/\/vapemaison.com\/#website","url":"https:\/\/vapemaison.com\/","name":"VapeMaison","description":"Dispositivi e accessori per il vaping di alta qualit\u00e0","publisher":{"@id":"https:\/\/vapemaison.com\/#organization"},"potentialAction":[{"@type":"SearchAction","target":{"@type":"EntryPoint","urlTemplate":"https:\/\/vapemaison.com\/?s={search_term_string}"},"query-input":{"@type":"PropertyValueSpecification","valueRequired":true,"valueName":"search_term_string"}}],"inLanguage":"it-IT"},{"@type":"Organization","@id":"https:\/\/vapemaison.com\/#organization","name":"VapeMaison","url":"https:\/\/vapemaison.com\/","logo":{"@type":"ImageObject","inLanguage":"it-IT","@id":"https:\/\/vapemaison.com\/#\/schema\/logo\/image\/","url":"https:\/\/vapemaison.com\/wp-content\/uploads\/2026\/01\/cropped-vapemaison-logo-g-2026.webp","contentUrl":"https:\/\/vapemaison.com\/wp-content\/uploads\/2026\/01\/cropped-vapemaison-logo-g-2026.webp","width":350,"height":280,"caption":"VapeMaison"},"image":{"@id":"https:\/\/vapemaison.com\/#\/schema\/logo\/image\/"},"sameAs":["https:\/\/www.youtube.com\/@VapeMaison"]}]}},"tiered_pricing_type":"fixed","tiered_pricing_fixed_rules":{"30":"12.63","50":"11.87","100":"11.23","200":"10.24"},"tiered_pricing_product_settings":{"layout":"default","base_unit_name":{"singular":null,"plural":null},"default_variation":null},"tiered_pricing_minimum_quantity":10,"tiered_pricing_roles_data":[],"tiered_pricing_percentage_rules":[],"tiered_pricing_maximum_quantity":null,"tiered_pricing_quantity_step":"10","_links":{"self":[{"href":"https:\/\/vapemaison.com\/it\/wp-json\/wp\/v2\/product\/26029","targetHints":{"allow":["GET"]}}],"collection":[{"href":"https:\/\/vapemaison.com\/it\/wp-json\/wp\/v2\/product"}],"about":[{"href":"https:\/\/vapemaison.com\/it\/wp-json\/wp\/v2\/types\/product"}],"replies":[{"embeddable":true,"href":"https:\/\/vapemaison.com\/it\/wp-json\/wp\/v2\/comments?post=26029"}],"version-history":[{"count":5,"href":"https:\/\/vapemaison.com\/it\/wp-json\/wp\/v2\/product\/26029\/revisions"}],"predecessor-version":[{"id":26130,"href":"https:\/\/vapemaison.com\/it\/wp-json\/wp\/v2\/product\/26029\/revisions\/26130"}],"wp:featuredmedia":[{"embeddable":true,"href":"https:\/\/vapemaison.com\/it\/wp-json\/wp\/v2\/media\/26040"}],"wp:attachment":[{"href":"https:\/\/vapemaison.com\/it\/wp-json\/wp\/v2\/media?parent=26029"}],"wp:term":[{"taxonomy":"product_brand","embeddable":true,"href":"https:\/\/vapemaison.com\/it\/wp-json\/wp\/v2\/product_brand?post=26029"},{"taxonomy":"product_cat","embeddable":true,"href":"https:\/\/vapemaison.com\/it\/wp-json\/wp\/v2\/product_cat?post=26029"},{"taxonomy":"product_tag","embeddable":true,"href":"https:\/\/vapemaison.com\/it\/wp-json\/wp\/v2\/product_tag?post=26029"}],"curies":[{"name":"wp","href":"https:\/\/api.w.org\/{rel}","templated":true}]}}