

{"id":26566,"date":"2026-01-31T05:50:19","date_gmt":"2026-01-31T05:50:19","guid":{"rendered":"https:\/\/vapemaison.com\/?post_type=product&#038;p=26566"},"modified":"2026-04-14T07:28:24","modified_gmt":"2026-04-14T07:28:24","slug":"elf-bar-18000-kiwi-ananas-ghiaccio","status":"publish","type":"product","link":"https:\/\/vapemaison.com\/it\/product\/elf-bar-18000-kiwi-pineapple-ice\/","title":{"rendered":"ELF BAR 18000 Ghiaccio al kiwi e ananas"},"content":{"rendered":"<p>Il <strong>barra elfica 18000<\/strong> \u00e8 pensato per gli utenti che si aspettano <strong>sapore forte, resa stabile e prestazioni di lunga durata<\/strong> in un dispositivo compatto. Offre un'estrazione fluida, una produzione di vapore costante e un design moderno che d\u00e0 una sensazione di qualit\u00e0 superiore. Se si desidera la convenienza senza sacrificare la qualit\u00e0, questo dispositivo si adatta perfettamente al ruolo.<\/p>\n\n\n\n<h3 class=\"wp-block-heading\"><strong>Design compatto e di qualit\u00e0<\/strong><\/h3>\n\n\n\n<p>L'FS18000 \u00e8 dotato di un <strong>corpo elegante ed ergonomico (47 \u00d7 24 \u00d7 101 mm)<\/strong> che sta comodamente in mano e si infila facilmente in una tasca o in una borsa. L'esterno minimalista gli conferisce un aspetto pulito e moderno, mentre la solida qualit\u00e0 costruttiva offre una sensazione di affidabilit\u00e0 e di alto livello.<\/p>\n\n\n\n<h3 class=\"wp-block-heading\"><strong>Pronti all'uso - senza problemi<\/strong><\/h3>\n\n\n\n<p>Progettato per la semplicit\u00e0, il dispositivo funziona <strong>direttamente dalla scatola<\/strong>.<\/p>\n\n\n\n<ul class=\"wp-block-list\">\n<li>Nessun riempimento<\/li>\n\n\n\n<li>Nessuna modifica della bobina<\/li>\n\n\n\n<li>Nessuna manutenzione<\/li>\n<\/ul>\n\n\n\n<p>Il <strong>Sistema ad estrazione<\/strong> offre ogni volta un'inalazione naturale e senza sforzo. A <strong>display laterale intelligente<\/strong> mostra sia <strong>livello della batteria<\/strong> e <strong>livello di e-liquid<\/strong>, in modo da sapere sempre quando \u00e8 il momento di ricaricare o sostituire.<\/p>\n\n\n\n<h3 class=\"wp-block-heading\"><strong>Sapore potente e prestazioni stabili<\/strong><\/h3>\n\n\n\n<p>Il cuore dell'FS18000 \u00e8 costituito da una <strong>Sistema di bobine a tripla maglia<\/strong> che assicura:<\/p>\n\n\n\n<ul class=\"wp-block-list\">\n<li>Sapore ricco e pieno<\/li>\n\n\n\n<li>Riscaldamento uniforme<\/li>\n\n\n\n<li>Produzione di vapore omogenea<\/li>\n<\/ul>\n\n\n\n<p>Con <strong>22 ml di e-liquid<\/strong> e un <strong>Batteria ricaricabile da 850 mAh<\/strong>, il dispositivo fornisce <strong>fino a 18.000 soffi<\/strong>. Le prestazioni rimangono costanti dalla prima all'ultima boccata, senza sapore di bruciato o calo del gusto.<\/p>\n\n\n\n<h3 class=\"wp-block-heading\"><strong>Perch\u00e9 scegliere elf bar 18000<\/strong><\/h3>\n\n\n\n<p>Produzione di un aroma forte e stabile<br>Capacit\u00e0 di soffio di lunga durata<br>Ricaricabile per l'utilizzo completo dell'e-liquido<br>Batteria intelligente e display a liquido<br>Design compatto e facile da trasportare<br>Disegno regolare senza manutenzione<\/p>\n\n\n\n<p>Combina la facilit\u00e0 di un monouso con le prestazioni di un sistema a cialde.<\/p>\n\n\n\n<h3 class=\"wp-block-heading\"><strong>Acquista il bar dell'elfo 18000<\/strong><\/h3>\n\n\n\n<p>Scegliete il vostro gusto preferito e sperimentate un dispositivo che offre <strong>prestazioni pulite, resa affidabile e facilit\u00e0 d'uso<\/strong>. Forniamo <strong>prodotti autentici<\/strong>, un'elaborazione rapida dell'ordine e un'assistenza affidabile per garantire sempre un acquisto senza problemi.<\/p>\n\n\n\n<p>Godetevi una soddisfazione costante a ogni boccata.<\/p>\n\n\n\n<p>Esplorate la nostra collezione per trovare la svapata perfetta per le vostre esigenze. Sfoglia la nostra gamma completa sul sito <strong><a href=\"https:\/\/vapemaison.com\/\" type=\"link\" id=\"https:\/\/vapemaison.com\/\">Homepage<\/a><\/strong>, scoprire dispositivi simili ad alte prestazioni sul <strong><a href=\"https:\/\/vapemaison.com\/shop\/\" type=\"link\" id=\"https:\/\/vapemaison.com\/shop\/\">Negozio di vape usa e getta<\/a><\/strong>, o per saperne di pi\u00f9 sulla qualit\u00e0 affidabile di <strong><a href=\"https:\/\/vapemaison.com\/brand\/elfbar\/\" type=\"link\" id=\"https:\/\/vapemaison.com\/brand\/elfbar\/\">Marchio Elfbar<\/a><\/strong>.<\/p>\n\n\n\n<p>Se state confrontando diversi livelli di utilizzo, date un'occhiata ai nostri <strong><a href=\"https:\/\/vapemaison.com\/product-category\/puffs-count\/18k-puffs\/\" type=\"link\" id=\"https:\/\/vapemaison.com\/product-category\/puffs-count\/30k-puffs\/\">Bign\u00e8 18K<\/a><\/strong> per trovare i dispositivi che corrispondono alla vostra capacit\u00e0 preferita, dalle opzioni compatte ai modelli ad altissima potenza.<\/p>","protected":false},"excerpt":{"rendered":"<p>The elf bar 18000 is built for users who expect strong flavor, stable output, and long-lasting performance in a compact device. It delivers a smooth draw, consistent vapor production, and a modern design that feels premium in hand. If you want convenience without sacrificing quality, this device fits the role perfectly. Compact, Premium Design The [&hellip;]<\/p>\n","protected":false},"featured_media":13955,"comment_status":"open","ping_status":"closed","template":"","meta":[],"product_brand":[177],"product_cat":[175],"product_tag":[],"class_list":{"0":"post-26566","1":"product","2":"type-product","3":"status-publish","4":"has-post-thumbnail","6":"product_brand-elfbar","7":"product_cat-18k-puffs","9":"first","10":"instock","11":"sale","12":"shipping-taxable","13":"purchasable","14":"product-type-variable"},"yoast_head":"<!-- This site is optimized with the Yoast SEO plugin v27.4 - https:\/\/yoast.com\/product\/yoast-seo-wordpress\/ -->\n<title>Elf bar 18000 Disposable Vape \u2013 Smooth Draw<\/title>\n<meta name=\"description\" content=\"Experience the elf bar 18000k th rich flavor, up to 18k puff, and a sleek, portable design. Enjoy smooth, consistent performance with zero maintenance.\" \/>\n<meta name=\"robots\" content=\"index, follow, max-snippet:-1, max-image-preview:large, max-video-preview:-1\" \/>\n<link rel=\"canonical\" href=\"https:\/\/vapemaison.com\/it\/prodotto\/elf-bar-18000-kiwi-ananas-ghiaccio\/\" \/>\n<meta property=\"og:locale\" content=\"it_IT\" \/>\n<meta property=\"og:type\" content=\"article\" \/>\n<meta property=\"og:title\" content=\"Elf bar 18000 Disposable Vape \u2013 Smooth Draw\" \/>\n<meta property=\"og:description\" content=\"Experience the elf bar 18000k th rich flavor, up to 18k puff, and a sleek, portable design. Enjoy smooth, consistent performance with zero maintenance.\" \/>\n<meta property=\"og:url\" content=\"https:\/\/vapemaison.com\/it\/prodotto\/elf-bar-18000-kiwi-ananas-ghiaccio\/\" \/>\n<meta property=\"og:site_name\" content=\"VapeMaison\" \/>\n<meta property=\"article:modified_time\" content=\"2026-04-14T07:28:24+00:00\" \/>\n<meta property=\"og:image\" content=\"https:\/\/vapemaison.com\/wp-content\/uploads\/2025\/11\/elf-bar-fs18000-kiwi-pineapple-ice-disposable-pod-vape-50mg.webp\" \/>\n\t<meta property=\"og:image:width\" content=\"536\" \/>\n\t<meta property=\"og:image:height\" content=\"536\" \/>\n\t<meta property=\"og:image:type\" content=\"image\/webp\" \/>\n<meta name=\"twitter:card\" content=\"summary_large_image\" \/>\n<meta name=\"twitter:label1\" content=\"Tempo di lettura stimato\" \/>\n\t<meta name=\"twitter:data1\" content=\"2 minuti\" \/>\n<!-- \/ Yoast SEO plugin. -->","yoast_head_json":{"title":"Elf bar 18000 Vape usa e getta - Smooth Draw","description":"Provate l'elf bar 18000k th ricco di sapore, fino a 18k puff e un design elegante e portatile. Godetevi prestazioni uniformi e costanti con zero manutenzione.","robots":{"index":"index","follow":"follow","max-snippet":"max-snippet:-1","max-image-preview":"max-image-preview:large","max-video-preview":"max-video-preview:-1"},"canonical":"https:\/\/vapemaison.com\/it\/prodotto\/elf-bar-18000-kiwi-ananas-ghiaccio\/","og_locale":"it_IT","og_type":"article","og_title":"Elf bar 18000 Disposable Vape \u2013 Smooth Draw","og_description":"Experience the elf bar 18000k th rich flavor, up to 18k puff, and a sleek, portable design. Enjoy smooth, consistent performance with zero maintenance.","og_url":"https:\/\/vapemaison.com\/it\/prodotto\/elf-bar-18000-kiwi-ananas-ghiaccio\/","og_site_name":"VapeMaison","article_modified_time":"2026-04-14T07:28:24+00:00","og_image":[{"width":536,"height":536,"url":"https:\/\/vapemaison.com\/wp-content\/uploads\/2025\/11\/elf-bar-fs18000-kiwi-pineapple-ice-disposable-pod-vape-50mg.webp","type":"image\/webp"}],"twitter_card":"summary_large_image","twitter_misc":{"Tempo di lettura stimato":"2 minuti"},"schema":{"@context":"https:\/\/schema.org","@graph":[{"@type":"WebPage","@id":"https:\/\/vapemaison.com\/product\/elf-bar-18000-kiwi-pineapple-ice\/","url":"https:\/\/vapemaison.com\/product\/elf-bar-18000-kiwi-pineapple-ice\/","name":"Elf bar 18000 Vape usa e getta - Smooth Draw","isPartOf":{"@id":"https:\/\/vapemaison.com\/#website"},"primaryImageOfPage":{"@id":"https:\/\/vapemaison.com\/product\/elf-bar-18000-kiwi-pineapple-ice\/#primaryimage"},"image":{"@id":"https:\/\/vapemaison.com\/product\/elf-bar-18000-kiwi-pineapple-ice\/#primaryimage"},"thumbnailUrl":"https:\/\/vapemaison.com\/wp-content\/uploads\/2025\/11\/elf-bar-fs18000-kiwi-pineapple-ice-disposable-pod-vape-50mg.webp","datePublished":"2026-01-31T05:50:19+00:00","dateModified":"2026-04-14T07:28:24+00:00","description":"Provate l'elf bar 18000k th ricco di sapore, fino a 18k puff e un design elegante e portatile. Godetevi prestazioni uniformi e costanti con zero manutenzione.","breadcrumb":{"@id":"https:\/\/vapemaison.com\/product\/elf-bar-18000-kiwi-pineapple-ice\/#breadcrumb"},"inLanguage":"it-IT","potentialAction":[{"@type":"ReadAction","target":["https:\/\/vapemaison.com\/product\/elf-bar-18000-kiwi-pineapple-ice\/"]}]},{"@type":"ImageObject","inLanguage":"it-IT","@id":"https:\/\/vapemaison.com\/product\/elf-bar-18000-kiwi-pineapple-ice\/#primaryimage","url":"https:\/\/vapemaison.com\/wp-content\/uploads\/2025\/11\/elf-bar-fs18000-kiwi-pineapple-ice-disposable-pod-vape-50mg.webp","contentUrl":"https:\/\/vapemaison.com\/wp-content\/uploads\/2025\/11\/elf-bar-fs18000-kiwi-pineapple-ice-disposable-pod-vape-50mg.webp","width":536,"height":536,"caption":"Elf Bar Fs Kiwi Pineapple Ice Disposable Vape Pod 50mg"},{"@type":"BreadcrumbList","@id":"https:\/\/vapemaison.com\/product\/elf-bar-18000-kiwi-pineapple-ice\/#breadcrumb","itemListElement":[{"@type":"ListItem","position":1,"name":"\u9996\u9875","item":"https:\/\/vapemaison.com\/"},{"@type":"ListItem","position":2,"name":"Shop","item":"https:\/\/vapemaison.com\/shop\/"},{"@type":"ListItem","position":3,"name":"Elfbar","item":"https:\/\/vapemaison.com\/brand\/elfbar\/"},{"@type":"ListItem","position":4,"name":"ELF BAR 18000 Kiwi Pineapple Ice"}]},{"@type":"WebSite","@id":"https:\/\/vapemaison.com\/#website","url":"https:\/\/vapemaison.com\/","name":"VapeMaison","description":"Dispositivi e accessori per il vaping di alta qualit\u00e0","publisher":{"@id":"https:\/\/vapemaison.com\/#organization"},"potentialAction":[{"@type":"SearchAction","target":{"@type":"EntryPoint","urlTemplate":"https:\/\/vapemaison.com\/?s={search_term_string}"},"query-input":{"@type":"PropertyValueSpecification","valueRequired":true,"valueName":"search_term_string"}}],"inLanguage":"it-IT"},{"@type":"Organization","@id":"https:\/\/vapemaison.com\/#organization","name":"VapeMaison","url":"https:\/\/vapemaison.com\/","logo":{"@type":"ImageObject","inLanguage":"it-IT","@id":"https:\/\/vapemaison.com\/#\/schema\/logo\/image\/","url":"https:\/\/vapemaison.com\/wp-content\/uploads\/2026\/01\/cropped-vapemaison-logo-g-2026.webp","contentUrl":"https:\/\/vapemaison.com\/wp-content\/uploads\/2026\/01\/cropped-vapemaison-logo-g-2026.webp","width":350,"height":280,"caption":"VapeMaison"},"image":{"@id":"https:\/\/vapemaison.com\/#\/schema\/logo\/image\/"},"sameAs":["https:\/\/www.youtube.com\/@VapeMaison"]}]}},"tiered_pricing_type":"fixed","tiered_pricing_fixed_rules":{"30":"15.42","50":"14.12","100":"12.78","200":"11.98"},"tiered_pricing_product_settings":{"layout":"default","base_unit_name":{"singular":null,"plural":null},"default_variation":null},"tiered_pricing_minimum_quantity":10,"tiered_pricing_roles_data":[],"tiered_pricing_percentage_rules":[],"tiered_pricing_maximum_quantity":null,"tiered_pricing_quantity_step":"10","_links":{"self":[{"href":"https:\/\/vapemaison.com\/it\/wp-json\/wp\/v2\/product\/26566","targetHints":{"allow":["GET"]}}],"collection":[{"href":"https:\/\/vapemaison.com\/it\/wp-json\/wp\/v2\/product"}],"about":[{"href":"https:\/\/vapemaison.com\/it\/wp-json\/wp\/v2\/types\/product"}],"replies":[{"embeddable":true,"href":"https:\/\/vapemaison.com\/it\/wp-json\/wp\/v2\/comments?post=26566"}],"version-history":[{"count":2,"href":"https:\/\/vapemaison.com\/it\/wp-json\/wp\/v2\/product\/26566\/revisions"}],"predecessor-version":[{"id":29395,"href":"https:\/\/vapemaison.com\/it\/wp-json\/wp\/v2\/product\/26566\/revisions\/29395"}],"wp:featuredmedia":[{"embeddable":true,"href":"https:\/\/vapemaison.com\/it\/wp-json\/wp\/v2\/media\/13955"}],"wp:attachment":[{"href":"https:\/\/vapemaison.com\/it\/wp-json\/wp\/v2\/media?parent=26566"}],"wp:term":[{"taxonomy":"product_brand","embeddable":true,"href":"https:\/\/vapemaison.com\/it\/wp-json\/wp\/v2\/product_brand?post=26566"},{"taxonomy":"product_cat","embeddable":true,"href":"https:\/\/vapemaison.com\/it\/wp-json\/wp\/v2\/product_cat?post=26566"},{"taxonomy":"product_tag","embeddable":true,"href":"https:\/\/vapemaison.com\/it\/wp-json\/wp\/v2\/product_tag?post=26566"}],"curies":[{"name":"wp","href":"https:\/\/api.w.org\/{rel}","templated":true}]}}