

{"id":26604,"date":"2026-01-31T07:30:36","date_gmt":"2026-01-31T07:30:36","guid":{"rendered":"https:\/\/vapemaison.com\/?post_type=product&#038;p=26604"},"modified":"2026-03-24T07:43:39","modified_gmt":"2026-03-24T07:43:39","slug":"solaris-tequila-don-leon-1942-30000-soffi-vape-monouso","status":"publish","type":"product","link":"https:\/\/vapemaison.com\/it\/product\/solaris-tequila-don-leon-1942-30000-puffs-disposable-vape\/","title":{"rendered":"Solaris Tequila Don Leon 1942 - 30000 boccate di vapore monouso"},"content":{"rendered":"<p>Il <strong>Solaris Tequila Don Leon 1942<\/strong> La vape monouso si distingue per il design ispirato all'iconica bottiglia di tequila del 1942. Unisce un aspetto distintivo e lussuoso con le prestazioni pratiche che gli utenti si aspettano da un dispositivo ad alta capacit\u00e0. Il risultato \u00e8 una svapata dall'aspetto unico, ma affidabile per l'uso quotidiano.<\/p>\n\n\n\n<p>A incorporato <strong>display della batteria<\/strong> aggiunge praticit\u00e0, consentendo di controllare i livelli di potenza a colpo d'occhio ed evitare tempi di inattivit\u00e0 imprevisti.<\/p>\n\n\n\n<h3 class=\"wp-block-heading\"><strong>Progettato per un uso prolungato<\/strong><\/h3>\n\n\n\n<p>Questo dispositivo \u00e8 pensato per gli utenti che preferiscono un numero minore di sostituzioni e un tempo di utilizzo pi\u00f9 lungo.<\/p>\n\n\n\n<ul class=\"wp-block-list\">\n<li><strong>Fino a 30.000 soffi<\/strong><\/li>\n\n\n\n<li><strong>Capacit\u00e0 di 24 ml di e-liquid<\/strong><\/li>\n<\/ul>\n\n\n\n<p>L'ampio volume di e-liquid e l'efficiente struttura interna contribuiscono a mantenere stabili le prestazioni per un periodo prolungato, rendendola adatta agli utenti abituali.<\/p>\n\n\n\n<h3 class=\"wp-block-heading\"><strong>Sapore morbido e costante<\/strong><\/h3>\n\n\n\n<p>Dotato di un <strong>Bobina da 1,2\u03a9<\/strong>, Il Solaris 1942 si concentra sulla produzione di vapore costante e sull'erogazione di aromi chiari. La tecnologia della bobina a rete aiuta a riscaldare l'e-liquid in modo uniforme, supportando:<\/p>\n\n\n\n<ul class=\"wp-block-list\">\n<li>Disegni pi\u00f9 fluidi<\/li>\n\n\n\n<li>Sapore pi\u00f9 definito<\/li>\n\n\n\n<li>Prestazioni affidabili per tutto l'utilizzo<\/li>\n<\/ul>\n\n\n\n<h3 class=\"wp-block-heading\"><strong>Ricaricabile per un utilizzo completo<\/strong><\/h3>\n\n\n\n<p>Il dispositivo comprende un <strong>Batteria ricaricabile da 650 mAh<\/strong> con <strong>Ricarica di tipo-C<\/strong>, permettendo di ricaricare il dispositivo quando necessario, invece di buttarlo via prima del tempo. In questo modo si garantisce un utilizzo efficiente dell'e-liquid e si semplifica il funzionamento quotidiano.<\/p>\n\n\n\n<p><strong>Forza della nicotina:<\/strong> 2%<br>Fornisce un colpo in gola equilibrato per gli utenti che preferiscono un livello di nicotina moderato.<\/p>\n\n\n\n<h3 class=\"wp-block-heading\"><strong>Caratteristiche principali<\/strong><\/h3>\n\n\n\n<figure class=\"wp-block-table is-style-stripes\"><table class=\"has-fixed-layout\"><thead><tr><th><strong>Specifiche<\/strong><\/th><th><strong>Dettagli<\/strong><\/th><\/tr><\/thead><tbody><tr><td><strong>Nome del prodotto<\/strong><\/td><td>Solaris Tequila Don Leon 1942 Vape usa e getta<\/td><\/tr><tr><td><strong>Capacit\u00e0 di soffio<\/strong><\/td><td>Fino a <a href=\"https:\/\/vapemaison.com\/product-category\/puffs-count\/30k-puffs\/\">30000 soffi<\/a><\/td><\/tr><tr><td><strong>Forza della nicotina<\/strong><\/td><td>2%<\/td><\/tr><tr><td><strong>Capacit\u00e0 del liquido elettronico<\/strong><\/td><td>24 mL<\/td><\/tr><tr><td><strong>Tipo di bobina<\/strong><\/td><td>Bobina a maglia da 1,2\u03a9<\/td><\/tr><tr><td><strong>Capacit\u00e0 della batteria<\/strong><\/td><td>650 mAh Ricaricabile<\/td><\/tr><tr><td><strong>Porta di ricarica<\/strong><\/td><td>Tipo-C<\/td><\/tr><tr><td><strong>Display<\/strong><\/td><td>Display del livello della batteria<\/td><\/tr><tr><td><strong>Stile di design<\/strong><\/td><td>Design ispirato alle bottiglie di tequila del 1942<\/td><\/tr><tr><td><strong>Tipo di utilizzo<\/strong><\/td><td>Monouso (ricaricabile)<\/td><\/tr><tr><td><strong>Imballaggio<\/strong><\/td><td>10 pezzi per scatola<\/td><\/tr><\/tbody><\/table><\/figure>\n\n\n\n<h3 class=\"wp-block-heading\"><strong>Gusti disponibili<\/strong><\/h3>\n\n\n\n<ul class=\"wp-block-list\">\n<li>Ghiaccio all'anguria<\/li>\n\n\n\n<li>Fragola Kiwi<\/li>\n\n\n\n<li>Pesca succosa<\/li>\n\n\n\n<li>Anguria alla fragola<\/li>\n\n\n\n<li>Pesca rossa Champagne<\/li>\n\n\n\n<li>Razz blu<\/li>\n\n\n\n<li>Ghiaccio al mirtillo<\/li>\n\n\n\n<li>Bacche miste<\/li>\n\n\n\n<li>Mango al frutto della passione<\/li>\n\n\n\n<li>Frutto del drago alla ciliegia<\/li>\n<\/ul>\n\n\n\n<p>Ogni gusto \u00e8 formulato per fornire un profilo gustativo chiaro e piacevole, consentendo agli utenti di scegliere in base alle proprie preferenze tra frutta, ghiaccio o note miscelate.<\/p>\n\n\n\n<h3 class=\"wp-block-heading\"><strong>Per chi \u00e8 adatto questo dispositivo<\/strong><\/h3>\n\n\n\n<p>La Solaris Tequila Don Leon 1942 \u00e8 adatta agli utenti che desiderano:<\/p>\n\n\n\n<ul class=\"wp-block-list\">\n<li>Un dispositivo visivamente distintivo<\/li>\n\n\n\n<li>Elevata capacit\u00e0 di soffio<\/li>\n\n\n\n<li>Convenienza della ricarica<\/li>\n\n\n\n<li>Prestazioni stabili e quotidiane<\/li>\n<\/ul>\n\n\n\n<p>\u00c8 un'ottima soluzione anche per i rivenditori e i grossisti che cercano un prodotto che combini un forte appeal sugli scaffali con specifiche pratiche.<\/p>\n\n\n\n<p>Visualizza i prodotti simili, <a href=\"https:\/\/vapemaison.com\/product\/solaris-champagne-30k-puffs-rechargeable-disposable-vape\/\">Champagne 30k<\/a><\/p>\n\n\n\n<p><\/p>","protected":false},"excerpt":{"rendered":"<p>Costruita per un uso prolungato, con un'elevata capacit\u00e0 di soffio, vi consentir\u00e0 di avere pi\u00f9 sessioni prima di doverla sostituire. Il sapore liscio della mesh-coil e il design accattivante lo rendono pratico e accattivante.<\/p>","protected":false},"featured_media":26610,"comment_status":"open","ping_status":"closed","template":"","meta":[],"product_brand":[],"product_cat":[16],"product_tag":[],"class_list":{"0":"post-26604","1":"product","2":"type-product","3":"status-publish","4":"has-post-thumbnail","6":"product_cat-uncategorized","8":"first","9":"instock","10":"sale","11":"shipping-taxable","12":"purchasable","13":"product-type-variable"},"yoast_head":"<!-- This site is optimized with the Yoast SEO plugin v27.4 - https:\/\/yoast.com\/product\/yoast-seo-wordpress\/ -->\n<title>Solaris Tequila Don Leon 1942 30K Disposable Vape \u2013 30000 Puff<\/title>\n<meta name=\"description\" content=\"Solaris Tequila Don Leon 1942 disposable vape with up to 30,000 puffs, 24mL e-liquid, mesh coil, rechargeable battery, and unique bottle design.\" \/>\n<meta name=\"robots\" content=\"index, follow, max-snippet:-1, max-image-preview:large, max-video-preview:-1\" \/>\n<link rel=\"canonical\" href=\"https:\/\/vapemaison.com\/it\/prodotto\/solaris-tequila-don-leon-1942-30000-soffi-vape-monouso\/\" \/>\n<meta property=\"og:locale\" content=\"it_IT\" \/>\n<meta property=\"og:type\" content=\"article\" \/>\n<meta property=\"og:title\" content=\"Solaris Tequila Don Leon 1942 30K Disposable Vape \u2013 30000 Puff\" \/>\n<meta property=\"og:description\" content=\"Solaris Tequila Don Leon 1942 disposable vape with up to 30,000 puffs, 24mL e-liquid, mesh coil, rechargeable battery, and unique bottle design.\" \/>\n<meta property=\"og:url\" content=\"https:\/\/vapemaison.com\/it\/prodotto\/solaris-tequila-don-leon-1942-30000-soffi-vape-monouso\/\" \/>\n<meta property=\"og:site_name\" content=\"VapeMaison\" \/>\n<meta property=\"article:modified_time\" content=\"2026-03-24T07:43:39+00:00\" \/>\n<meta property=\"og:image\" content=\"https:\/\/vapemaison.com\/wp-content\/uploads\/2026\/01\/solaris-tequila-don-leon-1942-30000-30k-puffs-main-image.jpg.webp\" \/>\n\t<meta property=\"og:image:width\" content=\"2048\" \/>\n\t<meta property=\"og:image:height\" content=\"2048\" \/>\n\t<meta property=\"og:image:type\" content=\"image\/webp\" \/>\n<meta name=\"twitter:card\" content=\"summary_large_image\" \/>\n<meta name=\"twitter:label1\" content=\"Tempo di lettura stimato\" \/>\n\t<meta name=\"twitter:data1\" content=\"2 minuti\" \/>\n<!-- \/ Yoast SEO plugin. -->","yoast_head_json":{"title":"Solaris Tequila Don Leon 1942 30K Vape usa e getta - 30000 boccate","description":"Solaris Tequila Don Leon 1942 \u00e8 un dispositivo di svapo monouso con 30.000 boccate, 24 ml di e-liquid, bobina a rete, batteria ricaricabile e design unico della bottiglia.","robots":{"index":"index","follow":"follow","max-snippet":"max-snippet:-1","max-image-preview":"max-image-preview:large","max-video-preview":"max-video-preview:-1"},"canonical":"https:\/\/vapemaison.com\/it\/prodotto\/solaris-tequila-don-leon-1942-30000-soffi-vape-monouso\/","og_locale":"it_IT","og_type":"article","og_title":"Solaris Tequila Don Leon 1942 30K Disposable Vape \u2013 30000 Puff","og_description":"Solaris Tequila Don Leon 1942 disposable vape with up to 30,000 puffs, 24mL e-liquid, mesh coil, rechargeable battery, and unique bottle design.","og_url":"https:\/\/vapemaison.com\/it\/prodotto\/solaris-tequila-don-leon-1942-30000-soffi-vape-monouso\/","og_site_name":"VapeMaison","article_modified_time":"2026-03-24T07:43:39+00:00","og_image":[{"width":2048,"height":2048,"url":"https:\/\/vapemaison.com\/wp-content\/uploads\/2026\/01\/solaris-tequila-don-leon-1942-30000-30k-puffs-main-image.jpg.webp","type":"image\/webp"}],"twitter_card":"summary_large_image","twitter_misc":{"Tempo di lettura stimato":"2 minuti"},"schema":{"@context":"https:\/\/schema.org","@graph":[{"@type":"WebPage","@id":"https:\/\/vapemaison.com\/product\/solaris-tequila-don-leon-1942-30000-puffs-disposable-vape\/","url":"https:\/\/vapemaison.com\/product\/solaris-tequila-don-leon-1942-30000-puffs-disposable-vape\/","name":"Solaris Tequila Don Leon 1942 30K Vape usa e getta - 30000 boccate","isPartOf":{"@id":"https:\/\/vapemaison.com\/#website"},"primaryImageOfPage":{"@id":"https:\/\/vapemaison.com\/product\/solaris-tequila-don-leon-1942-30000-puffs-disposable-vape\/#primaryimage"},"image":{"@id":"https:\/\/vapemaison.com\/product\/solaris-tequila-don-leon-1942-30000-puffs-disposable-vape\/#primaryimage"},"thumbnailUrl":"https:\/\/vapemaison.com\/wp-content\/uploads\/2026\/01\/solaris-tequila-don-leon-1942-30000-30k-puffs-main-image.jpg.webp","datePublished":"2026-01-31T07:30:36+00:00","dateModified":"2026-03-24T07:43:39+00:00","description":"Solaris Tequila Don Leon 1942 \u00e8 un dispositivo di svapo monouso con 30.000 boccate, 24 ml di e-liquid, bobina a rete, batteria ricaricabile e design unico della bottiglia.","breadcrumb":{"@id":"https:\/\/vapemaison.com\/product\/solaris-tequila-don-leon-1942-30000-puffs-disposable-vape\/#breadcrumb"},"inLanguage":"it-IT","potentialAction":[{"@type":"ReadAction","target":["https:\/\/vapemaison.com\/product\/solaris-tequila-don-leon-1942-30000-puffs-disposable-vape\/"]}]},{"@type":"ImageObject","inLanguage":"it-IT","@id":"https:\/\/vapemaison.com\/product\/solaris-tequila-don-leon-1942-30000-puffs-disposable-vape\/#primaryimage","url":"https:\/\/vapemaison.com\/wp-content\/uploads\/2026\/01\/solaris-tequila-don-leon-1942-30000-30k-puffs-main-image.jpg.webp","contentUrl":"https:\/\/vapemaison.com\/wp-content\/uploads\/2026\/01\/solaris-tequila-don-leon-1942-30000-30k-puffs-main-image.jpg.webp","width":2048,"height":2048,"caption":"Solaris Tequila Don Leon 30k Puffs Main Image.jpg Disposable Vape Device"},{"@type":"BreadcrumbList","@id":"https:\/\/vapemaison.com\/product\/solaris-tequila-don-leon-1942-30000-puffs-disposable-vape\/#breadcrumb","itemListElement":[{"@type":"ListItem","position":1,"name":"\u9996\u9875","item":"https:\/\/vapemaison.com\/"},{"@type":"ListItem","position":2,"name":"Shop","item":"https:\/\/vapemaison.com\/shop\/"},{"@type":"ListItem","position":3,"name":"Solaris Tequila Don Leon 1942 \u2013 30000 Puffs Disposable Vape"}]},{"@type":"WebSite","@id":"https:\/\/vapemaison.com\/#website","url":"https:\/\/vapemaison.com\/","name":"VapeMaison","description":"Dispositivi e accessori per il vaping di alta qualit\u00e0","publisher":{"@id":"https:\/\/vapemaison.com\/#organization"},"potentialAction":[{"@type":"SearchAction","target":{"@type":"EntryPoint","urlTemplate":"https:\/\/vapemaison.com\/?s={search_term_string}"},"query-input":{"@type":"PropertyValueSpecification","valueRequired":true,"valueName":"search_term_string"}}],"inLanguage":"it-IT"},{"@type":"Organization","@id":"https:\/\/vapemaison.com\/#organization","name":"VapeMaison","url":"https:\/\/vapemaison.com\/","logo":{"@type":"ImageObject","inLanguage":"it-IT","@id":"https:\/\/vapemaison.com\/#\/schema\/logo\/image\/","url":"https:\/\/vapemaison.com\/wp-content\/uploads\/2026\/01\/cropped-vapemaison-logo-g-2026.webp","contentUrl":"https:\/\/vapemaison.com\/wp-content\/uploads\/2026\/01\/cropped-vapemaison-logo-g-2026.webp","width":350,"height":280,"caption":"VapeMaison"},"image":{"@id":"https:\/\/vapemaison.com\/#\/schema\/logo\/image\/"},"sameAs":["https:\/\/www.youtube.com\/@VapeMaison"]}]}},"tiered_pricing_type":"fixed","tiered_pricing_fixed_rules":{"30":"9.63","50":"9.12","100":"8.84","200":"8.26"},"tiered_pricing_product_settings":{"layout":"default","base_unit_name":{"singular":null,"plural":null},"default_variation":null},"tiered_pricing_minimum_quantity":10,"tiered_pricing_roles_data":[],"tiered_pricing_percentage_rules":[],"tiered_pricing_maximum_quantity":null,"tiered_pricing_quantity_step":"10","_links":{"self":[{"href":"https:\/\/vapemaison.com\/it\/wp-json\/wp\/v2\/product\/26604","targetHints":{"allow":["GET"]}}],"collection":[{"href":"https:\/\/vapemaison.com\/it\/wp-json\/wp\/v2\/product"}],"about":[{"href":"https:\/\/vapemaison.com\/it\/wp-json\/wp\/v2\/types\/product"}],"replies":[{"embeddable":true,"href":"https:\/\/vapemaison.com\/it\/wp-json\/wp\/v2\/comments?post=26604"}],"version-history":[{"count":4,"href":"https:\/\/vapemaison.com\/it\/wp-json\/wp\/v2\/product\/26604\/revisions"}],"predecessor-version":[{"id":28411,"href":"https:\/\/vapemaison.com\/it\/wp-json\/wp\/v2\/product\/26604\/revisions\/28411"}],"wp:featuredmedia":[{"embeddable":true,"href":"https:\/\/vapemaison.com\/it\/wp-json\/wp\/v2\/media\/26610"}],"wp:attachment":[{"href":"https:\/\/vapemaison.com\/it\/wp-json\/wp\/v2\/media?parent=26604"}],"wp:term":[{"taxonomy":"product_brand","embeddable":true,"href":"https:\/\/vapemaison.com\/it\/wp-json\/wp\/v2\/product_brand?post=26604"},{"taxonomy":"product_cat","embeddable":true,"href":"https:\/\/vapemaison.com\/it\/wp-json\/wp\/v2\/product_cat?post=26604"},{"taxonomy":"product_tag","embeddable":true,"href":"https:\/\/vapemaison.com\/it\/wp-json\/wp\/v2\/product_tag?post=26604"}],"curies":[{"name":"wp","href":"https:\/\/api.w.org\/{rel}","templated":true}]}}