

{"id":26956,"date":"2026-02-04T06:50:51","date_gmt":"2026-02-04T06:50:51","guid":{"rendered":"https:\/\/vapemaison.com\/?post_type=product&#038;p=26956"},"modified":"2026-02-04T06:51:11","modified_gmt":"2026-02-04T06:51:11","slug":"randm-tornado-7000-soffi-di-vapore-monouso-7k","status":"publish","type":"product","link":"https:\/\/vapemaison.com\/it\/product\/randm-tornado-7000-puffs-disposable-vape-puff-7k\/","title":{"rendered":"RandM Tornado 7000 soffi di vapore monouso"},"content":{"rendered":"<p>Il <strong>RandM Tornado 7000 7k<\/strong> \u00e8 un innovativo dispositivo di svapo monouso progettato per i vapers che esigono qualit\u00e0 e convenienza. Combina funzioni potenti e facilit\u00e0 d'uso, assicurando un'esperienza soddisfacente a ogni boccata.<\/p>\n\n\n\n<p><strong>Flusso d'aria regolabile<\/strong> permette agli utenti di controllare la densit\u00e0 del vapore e l'intensit\u00e0 del sapore, consentendo di personalizzare alla perfezione la propria esperienza di vaping.<\/p>\n\n\n\n<p><strong>Design ricaricabile<\/strong> si distingue dai tipici dispositivi usa e getta. La porta di ricarica Type-C sul fondo consente di sfruttare al meglio fino all'ultima goccia di e-liquid, prolungando l'utilizzo del dispositivo.<\/p>\n\n\n\n<p><strong>Generosa capacit\u00e0 di e-liquid<\/strong>: Con 14 ml di e-juice, il dispositivo supporta lunghe sessioni di svapo e offre opzioni di sale di nicotina 2% e 5% per soddisfare le diverse preferenze.<\/p>\n\n\n\n<p>Inoltre, il RandM Tornado 7000 7k offre <strong>56 sapori<\/strong>, Dalla menta fresca alle miscele fruttate, fino ai dessert e alle bevande, per offrire agli utenti un'ampia variet\u00e0 di esperienze gustative.<\/p>\n\n\n\n<h3 class=\"wp-block-heading\">Specifiche del prodotto<\/h3>\n\n\n\n<figure class=\"wp-block-table is-style-stripes\"><table class=\"has-fixed-layout\"><thead><tr><th>Specifiche<\/th><th>Dettagli<\/th><\/tr><\/thead><tbody><tr><td>Sale di nicotina<\/td><td>2% \/ 5%<\/td><\/tr><tr><td>Capacit\u00e0 del liquido elettronico<\/td><td>14ml<\/td><\/tr><tr><td>Soffi per dispositivo<\/td><td>Circa 7000<\/td><\/tr><tr><td>Controllo del flusso d'aria<\/td><td>Regolabile per un vapore e un sapore personalizzati<\/td><\/tr><tr><td>Porta di ricarica<\/td><td>Tipo-C<\/td><\/tr><tr><td>Batteria<\/td><td>Batteria ricaricabile integrata da 850 mAh<\/td><\/tr><tr><td>Ricaricabile<\/td><td>S\u00ec<\/td><\/tr><tr><td>Gusti disponibili<\/td><td>56<\/td><\/tr><tr><td>Imballaggio<\/td><td>10 pezzi \/ scatola da esposizione<\/td><\/tr><\/tbody><\/table><\/figure>\n\n\n\n<h3 class=\"wp-block-heading\">Gusti disponibili<\/h3>\n\n\n\n<ol class=\"wp-block-list\">\n<li>Menta fresca<\/li>\n\n\n\n<li>Ghiaccio lussureggiante<\/li>\n\n\n\n<li>Ghiaccio al mandarino<\/li>\n\n\n\n<li>Ciambella alla fragola<\/li>\n\n\n\n<li>Orso gommoso<\/li>\n\n\n\n<li>Mirtillo su ghiaccio<\/li>\n\n\n\n<li>Mango su ghiaccio<\/li>\n\n\n\n<li>Ghiaccio alla pesca<\/li>\n\n\n\n<li>Ghiaccio alla banana<\/li>\n\n\n\n<li>Ghiaccio d'uva<\/li>\n\n\n\n<li>Limonata rosa<\/li>\n\n\n\n<li>Rum Pina Colada<\/li>\n\n\n\n<li>Bacche miste<\/li>\n\n\n\n<li>Frullato di banana<\/li>\n\n\n\n<li>Anguria alla fragola<\/li>\n\n\n\n<li>Mela rossa e limone<\/li>\n\n\n\n<li>Ghiaccio all'ananas<\/li>\n\n\n\n<li>Zucchero filato<\/li>\n\n\n\n<li>Fragola e banana<\/li>\n\n\n\n<li>Ghiaccio alla fragola<\/li>\n\n\n\n<li>Ghiaccio rosso energetico<\/li>\n\n\n\n<li>Limonata blu Razz<\/li>\n\n\n\n<li>Ghiaccio alla mela rossa<\/li>\n\n\n\n<li>Limonata ai frutti di bosco<\/li>\n\n\n\n<li>Mirtillo e gomma da masticare<\/li>\n\n\n\n<li>Lampone Bluesour<\/li>\n\n\n\n<li>Mr. Blue<\/li>\n\n\n\n<li>Mela Pesca Pera<\/li>\n\n\n\n<li>Mirtillo Melograno<\/li>\n\n\n\n<li>Vimto<\/li>\n\n\n\n<li>Kiwi Frutto della passione Guava<\/li>\n\n\n\n<li>Cola<\/li>\n\n\n\n<li>Mela acida<\/li>\n\n\n\n<li>Ribes nero al mentolo<\/li>\n\n\n\n<li>Sangue di tigre<\/li>\n\n\n\n<li>Caramelle alla pesca e al mirtillo<\/li>\n\n\n\n<li>Pesca e mango<\/li>\n\n\n\n<li>Red Bull alla fragola<\/li>\n\n\n\n<li>Ghiaccio al ribes nero<\/li>\n\n\n\n<li>Limonata alla fragola e anguria<\/li>\n\n\n\n<li>Ciliegia<\/li>\n\n\n\n<li>Blu Razz Ciliegia<\/li>\n\n\n\n<li>Birilli<\/li>\n\n\n\n<li>Mirtillo Lampone<\/li>\n\n\n\n<li>Uva fragola<\/li>\n\n\n\n<li>Mirtillo Ciliegia Mirtillo Rosso<\/li>\n\n\n\n<li>Esplosione di mele e frutti di bosco<\/li>\n\n\n\n<li>Ciliegia Cola<\/li>\n\n\n\n<li>Limone e lime<\/li>\n\n\n\n<li>Scoppio di rosa<\/li>\n\n\n\n<li>Raffreddatore del Pacifico<\/li>\n\n\n\n<li>Ghiacciolo<\/li>\n\n\n\n<li>Bingo Crush<\/li>\n\n\n\n<li>Vimto Crush<\/li>\n\n\n\n<li>Tabacco<\/li>\n<\/ol>","protected":false},"excerpt":{"rendered":"<p>The RandM Tornado 7000 7k is an innovative disposable vape designed for vapers who demand quality and convenience. It combines powerful features with ease of use, ensuring a satisfying experience with every puff. Adjustable airflow allows users to control vapor density and flavor intensity, letting you customize your vaping experience to perfection. Rechargeable design sets [&hellip;]<\/p>\n","protected":false},"featured_media":26967,"comment_status":"open","ping_status":"closed","template":"","meta":[],"product_brand":[],"product_cat":[16],"product_tag":[],"class_list":{"0":"post-26956","1":"product","2":"type-product","3":"status-publish","4":"has-post-thumbnail","6":"product_cat-uncategorized","8":"first","9":"instock","10":"sale","11":"shipping-taxable","12":"purchasable","13":"product-type-variable"},"yoast_head":"<!-- This site is optimized with the Yoast SEO plugin v27.4 - https:\/\/yoast.com\/product\/yoast-seo-wordpress\/ -->\n<title>RandM Tornado 7000 7k Disposable Vape \u2013 7000 Puffs, 56 Flavor<\/title>\n<meta name=\"description\" content=\"Experience the RandM Tornado disposable vape with 7000 puffs, Choose from 56 flavors and 2% or 5% nicotine salt for a fully customizable vaping experience.\" \/>\n<meta name=\"robots\" content=\"index, follow, max-snippet:-1, max-image-preview:large, max-video-preview:-1\" \/>\n<link rel=\"canonical\" href=\"https:\/\/vapemaison.com\/it\/prodotto\/randm-tornado-7000-soffi-di-vapore-monouso-7k\/\" \/>\n<meta property=\"og:locale\" content=\"it_IT\" \/>\n<meta property=\"og:type\" content=\"article\" \/>\n<meta property=\"og:title\" content=\"RandM Tornado 7000 7k Disposable Vape \u2013 7000 Puffs, 56 Flavor\" \/>\n<meta property=\"og:description\" content=\"Experience the RandM Tornado disposable vape with 7000 puffs, Choose from 56 flavors and 2% or 5% nicotine salt for a fully customizable vaping experience.\" \/>\n<meta property=\"og:url\" content=\"https:\/\/vapemaison.com\/it\/prodotto\/randm-tornado-7000-soffi-di-vapore-monouso-7k\/\" \/>\n<meta property=\"og:site_name\" content=\"VapeMaison\" \/>\n<meta property=\"article:modified_time\" content=\"2026-02-04T06:51:11+00:00\" \/>\n<meta property=\"og:image\" content=\"https:\/\/vapemaison.com\/wp-content\/uploads\/2026\/02\/vapemaison-RandM-tornado-7000-puffs-00011.webp\" \/>\n\t<meta property=\"og:image:width\" content=\"1000\" \/>\n\t<meta property=\"og:image:height\" content=\"1000\" \/>\n\t<meta property=\"og:image:type\" content=\"image\/webp\" \/>\n<meta name=\"twitter:card\" content=\"summary_large_image\" \/>\n<meta name=\"twitter:label1\" content=\"Tempo di lettura stimato\" \/>\n\t<meta name=\"twitter:data1\" content=\"2 minuti\" \/>\n<!-- \/ Yoast SEO plugin. -->","yoast_head_json":{"title":"RandM Tornado 7000 7k Vape usa e getta - 7000 boccate, 56 gusti","description":"Provate la sigaretta monouso RandM Tornado con 7000 soffi, scegliendo tra 56 aromi e sale di nicotina 2% o 5% per un'esperienza di svapo completamente personalizzabile.","robots":{"index":"index","follow":"follow","max-snippet":"max-snippet:-1","max-image-preview":"max-image-preview:large","max-video-preview":"max-video-preview:-1"},"canonical":"https:\/\/vapemaison.com\/it\/prodotto\/randm-tornado-7000-soffi-di-vapore-monouso-7k\/","og_locale":"it_IT","og_type":"article","og_title":"RandM Tornado 7000 7k Disposable Vape \u2013 7000 Puffs, 56 Flavor","og_description":"Experience the RandM Tornado disposable vape with 7000 puffs, Choose from 56 flavors and 2% or 5% nicotine salt for a fully customizable vaping experience.","og_url":"https:\/\/vapemaison.com\/it\/prodotto\/randm-tornado-7000-soffi-di-vapore-monouso-7k\/","og_site_name":"VapeMaison","article_modified_time":"2026-02-04T06:51:11+00:00","og_image":[{"width":1000,"height":1000,"url":"https:\/\/vapemaison.com\/wp-content\/uploads\/2026\/02\/vapemaison-RandM-tornado-7000-puffs-00011.webp","type":"image\/webp"}],"twitter_card":"summary_large_image","twitter_misc":{"Tempo di lettura stimato":"2 minuti"},"schema":{"@context":"https:\/\/schema.org","@graph":[{"@type":"WebPage","@id":"https:\/\/vapemaison.com\/product\/randm-tornado-7000-puffs-disposable-vape-puff-7k\/","url":"https:\/\/vapemaison.com\/product\/randm-tornado-7000-puffs-disposable-vape-puff-7k\/","name":"RandM Tornado 7000 7k Vape usa e getta - 7000 boccate, 56 gusti","isPartOf":{"@id":"https:\/\/vapemaison.com\/#website"},"primaryImageOfPage":{"@id":"https:\/\/vapemaison.com\/product\/randm-tornado-7000-puffs-disposable-vape-puff-7k\/#primaryimage"},"image":{"@id":"https:\/\/vapemaison.com\/product\/randm-tornado-7000-puffs-disposable-vape-puff-7k\/#primaryimage"},"thumbnailUrl":"https:\/\/vapemaison.com\/wp-content\/uploads\/2026\/02\/vapemaison-RandM-tornado-7000-puffs-00011.webp","datePublished":"2026-02-04T06:50:51+00:00","dateModified":"2026-02-04T06:51:11+00:00","description":"Provate la sigaretta monouso RandM Tornado con 7000 soffi, scegliendo tra 56 aromi e sale di nicotina 2% o 5% per un'esperienza di svapo completamente personalizzabile.","breadcrumb":{"@id":"https:\/\/vapemaison.com\/product\/randm-tornado-7000-puffs-disposable-vape-puff-7k\/#breadcrumb"},"inLanguage":"it-IT","potentialAction":[{"@type":"ReadAction","target":["https:\/\/vapemaison.com\/product\/randm-tornado-7000-puffs-disposable-vape-puff-7k\/"]}]},{"@type":"ImageObject","inLanguage":"it-IT","@id":"https:\/\/vapemaison.com\/product\/randm-tornado-7000-puffs-disposable-vape-puff-7k\/#primaryimage","url":"https:\/\/vapemaison.com\/wp-content\/uploads\/2026\/02\/vapemaison-RandM-tornado-7000-puffs-00011.webp","contentUrl":"https:\/\/vapemaison.com\/wp-content\/uploads\/2026\/02\/vapemaison-RandM-tornado-7000-puffs-00011.webp","width":1000,"height":1000,"caption":"vapemaison-RandM-tornado-7000-puffs-00011"},{"@type":"BreadcrumbList","@id":"https:\/\/vapemaison.com\/product\/randm-tornado-7000-puffs-disposable-vape-puff-7k\/#breadcrumb","itemListElement":[{"@type":"ListItem","position":1,"name":"\u9996\u9875","item":"https:\/\/vapemaison.com\/"},{"@type":"ListItem","position":2,"name":"Shop","item":"https:\/\/vapemaison.com\/shop\/"},{"@type":"ListItem","position":3,"name":"RandM Tornado 7000 Puffs Disposable Vape | Puff 7k"}]},{"@type":"WebSite","@id":"https:\/\/vapemaison.com\/#website","url":"https:\/\/vapemaison.com\/","name":"VapeMaison","description":"Dispositivi e accessori per il vaping di alta qualit\u00e0","publisher":{"@id":"https:\/\/vapemaison.com\/#organization"},"potentialAction":[{"@type":"SearchAction","target":{"@type":"EntryPoint","urlTemplate":"https:\/\/vapemaison.com\/?s={search_term_string}"},"query-input":{"@type":"PropertyValueSpecification","valueRequired":true,"valueName":"search_term_string"}}],"inLanguage":"it-IT"},{"@type":"Organization","@id":"https:\/\/vapemaison.com\/#organization","name":"VapeMaison","url":"https:\/\/vapemaison.com\/","logo":{"@type":"ImageObject","inLanguage":"it-IT","@id":"https:\/\/vapemaison.com\/#\/schema\/logo\/image\/","url":"https:\/\/vapemaison.com\/wp-content\/uploads\/2026\/01\/cropped-vapemaison-logo-g-2026.webp","contentUrl":"https:\/\/vapemaison.com\/wp-content\/uploads\/2026\/01\/cropped-vapemaison-logo-g-2026.webp","width":350,"height":280,"caption":"VapeMaison"},"image":{"@id":"https:\/\/vapemaison.com\/#\/schema\/logo\/image\/"},"sameAs":["https:\/\/www.youtube.com\/@VapeMaison"]}]}},"tiered_pricing_type":"fixed","tiered_pricing_fixed_rules":{"30":"9.98","50":"9.12","100":"8.36","200":"7.99"},"tiered_pricing_product_settings":{"layout":"default","base_unit_name":{"singular":null,"plural":null},"default_variation":null},"tiered_pricing_minimum_quantity":10,"tiered_pricing_roles_data":[],"tiered_pricing_percentage_rules":[],"tiered_pricing_maximum_quantity":null,"tiered_pricing_quantity_step":"10","_links":{"self":[{"href":"https:\/\/vapemaison.com\/it\/wp-json\/wp\/v2\/product\/26956","targetHints":{"allow":["GET"]}}],"collection":[{"href":"https:\/\/vapemaison.com\/it\/wp-json\/wp\/v2\/product"}],"about":[{"href":"https:\/\/vapemaison.com\/it\/wp-json\/wp\/v2\/types\/product"}],"replies":[{"embeddable":true,"href":"https:\/\/vapemaison.com\/it\/wp-json\/wp\/v2\/comments?post=26956"}],"version-history":[{"count":1,"href":"https:\/\/vapemaison.com\/it\/wp-json\/wp\/v2\/product\/26956\/revisions"}],"predecessor-version":[{"id":26971,"href":"https:\/\/vapemaison.com\/it\/wp-json\/wp\/v2\/product\/26956\/revisions\/26971"}],"wp:featuredmedia":[{"embeddable":true,"href":"https:\/\/vapemaison.com\/it\/wp-json\/wp\/v2\/media\/26967"}],"wp:attachment":[{"href":"https:\/\/vapemaison.com\/it\/wp-json\/wp\/v2\/media?parent=26956"}],"wp:term":[{"taxonomy":"product_brand","embeddable":true,"href":"https:\/\/vapemaison.com\/it\/wp-json\/wp\/v2\/product_brand?post=26956"},{"taxonomy":"product_cat","embeddable":true,"href":"https:\/\/vapemaison.com\/it\/wp-json\/wp\/v2\/product_cat?post=26956"},{"taxonomy":"product_tag","embeddable":true,"href":"https:\/\/vapemaison.com\/it\/wp-json\/wp\/v2\/product_tag?post=26956"}],"curies":[{"name":"wp","href":"https:\/\/api.w.org\/{rel}","templated":true}]}}