

{"id":27023,"date":"2026-02-06T02:50:29","date_gmt":"2026-02-06T02:50:29","guid":{"rendered":"https:\/\/vapemaison.com\/?post_type=product&#038;p=27023"},"modified":"2026-02-06T03:05:41","modified_gmt":"2026-02-06T03:05:41","slug":"zooy-triple-70000-puffs-3-in-1-vape-monouso-dal-sapore-regolabile","status":"publish","type":"product","link":"https:\/\/vapemaison.com\/it\/product\/zooy-triple-70000-puffs-3-in-1-adjustable-flavor-disposable-vape\/","title":{"rendered":"ZOOY Triple 70000 Puffs | 3-in-1 Gusto regolabile Vape usa e getta"},"content":{"rendered":"<p>Il <strong>ZOOY Triplo 70000 Bign\u00e8<\/strong> \u00e8 un vape usa e getta ad alta capacit\u00e0 e multi-sapore, pensato per gli utenti che esigono <strong>uso prolungato, prestazioni di vapore costanti e flessibilit\u00e0 del sapore<\/strong> in un unico dispositivo.<\/p>\n\n\n\n<p>Questo sistema 3-in-1 integra <strong>tre camere per e-liquid e unit\u00e0 di bobina indipendenti<\/strong>, che consente agli utenti di passare da un aroma all'altro o di combinarli per ottenere un profilo di vaping personalizzato. La configurazione della bobina a tripla maglia migliora la fluidit\u00e0 del vapore e la chiarezza del sapore per tutto il ciclo di vita del dispositivo.<\/p>\n\n\n\n<p>Un sistema integrato <strong>Display intelligente LCD<\/strong> fornisce un monitoraggio in tempo reale del livello della batteria, del conteggio dei puff e dello stato dell'e-liquid, offrendo agli utenti un controllo preciso sul funzionamento del dispositivo. Con <strong>Ricarica rapida Type-C<\/strong>, I tempi di inattivit\u00e0 sono ridotti al minimo e consentono un utilizzo quotidiano a lungo termine.<\/p>\n\n\n\n<p>Progettato per la praticit\u00e0, la capacit\u00e0 e la stabilit\u00e0 delle prestazioni, questo dispositivo \u00e8 adatto agli utenti che cercano una <strong>soluzione monouso di grande volume, ricaricabile e multigusto<\/strong>.<\/p>\n\n\n\n<h2 class=\"wp-block-heading\"><strong>Specifiche tecniche<\/strong><\/h2>\n\n\n\n<figure class=\"wp-block-table is-style-stripes\"><table class=\"has-fixed-layout\"><thead><tr><th>Articolo<\/th><th>Specifiche<\/th><\/tr><\/thead><tbody><tr><td>Nome del prodotto<\/td><td>ZOOY Triplo 70000 Bign\u00e8<\/td><\/tr><tr><td>Tipo di dispositivo<\/td><td>Vape usa e getta ricaricabile 3 in 1<\/td><\/tr><tr><td>Numero massimo di soffi<\/td><td>Fino a 70.000 soffi<\/td><\/tr><tr><td>Sistema di aromatizzazione<\/td><td>3 gusti regolabili in modo indipendente<\/td><\/tr><tr><td>Capacit\u00e0 del liquido elettronico<\/td><td>18 mL \u00d7 3 serbatoi (totale 54 mL)<\/td><\/tr><tr><td>Forza della nicotina<\/td><td>Opzioni 2% \/ 3% \/ 5%<\/td><\/tr><tr><td>Tipo di bobina<\/td><td>Bobina a tripla maglia (0,9\u03a9 \u00d73)<\/td><\/tr><tr><td>Capacit\u00e0 della batteria<\/td><td>650 mAh ricaricabile<\/td><\/tr><tr><td>Porta di ricarica<\/td><td>Tipo-C<\/td><\/tr><tr><td>Display<\/td><td>Display intelligente LCD<\/td><\/tr><tr><td>Funzioni mostrate<\/td><td>Livello della batteria, conteggio dei puff, livello dell'e-liquido<\/td><\/tr><tr><td>Imballaggio<\/td><td>10 pezzi \/ confezione<\/td><\/tr><tr><td>Set di sapori disponibili<\/td><td>10 combinazioni<\/td><\/tr><\/tbody><\/table><\/figure>\n\n\n\n<h2 class=\"wp-block-heading\"><strong>Combinazioni di sapori<\/strong><\/h2>\n\n\n\n<ol class=\"wp-block-list\">\n<li>Anguria e limone Lime e Ciliegia Cola<\/li>\n\n\n\n<li>Fragola, anguria, mirtillo, ghiaccio e amore 666<\/li>\n\n\n\n<li>Ghiaccio alla fragola, al kiwi e all'anguria &amp; Red Bull<\/li>\n\n\n\n<li>Triplo melone e fragola Anguria e pesca al limone<\/li>\n\n\n\n<li>Mr. Blue e Fragola Banana e Limone Lime<\/li>\n\n\n\n<li>Frutti di bosco e fragole Cola alla vaniglia e Cola al limone<\/li>\n\n\n\n<li>Ghiaccio alla fragola e limone Menta e frutto della passione Limone<\/li>\n\n\n\n<li>Blueberry Bubblegum &amp; Love 666 &amp; Strawberry Kiwi<\/li>\n\n\n\n<li>Limonata rosa e fragola Lampone Ciliegia e mirtillo Ghiaccio<\/li>\n\n\n\n<li>Ghiaccio al mango e aloe Uva e kiwi Frutto della passione<\/li>\n<\/ol>","protected":false},"excerpt":{"rendered":"<p>3 aromi in un unico dispositivo: cambiate o miscelate in qualsiasi momento per un'esperienza di vaping completamente personalizzabile.<br data-start=\"93\" data-end=\"96\" \/>Capacit\u00e0 enorme di 54 ml, display LCD intelligente e alimentazione ricaricabile per prestazioni di lunga durata.<\/p>","protected":false},"featured_media":27025,"comment_status":"open","ping_status":"closed","template":"","meta":[],"product_brand":[],"product_cat":[16],"product_tag":[],"class_list":{"0":"post-27023","1":"product","2":"type-product","3":"status-publish","4":"has-post-thumbnail","6":"product_cat-uncategorized","8":"first","9":"instock","10":"sale","11":"shipping-taxable","12":"purchasable","13":"product-type-variable"},"yoast_head":"<!-- This site is optimized with the Yoast SEO plugin v27.4 - https:\/\/yoast.com\/product\/yoast-seo-wordpress\/ -->\n<title>ZOOY Triple 70000 Puffs 3-in-1 Disposable Vape LCD- VapeMaison<\/title>\n<meta name=\"description\" content=\"ZOOY Triple 70000 Puffs disposable vape with 3 adjustable flavors, 54mL e-liquid, triple mesh coils, LCD display, and Type-C rechargeable battery.\" \/>\n<meta name=\"robots\" content=\"index, follow, max-snippet:-1, max-image-preview:large, max-video-preview:-1\" \/>\n<link rel=\"canonical\" href=\"https:\/\/vapemaison.com\/it\/prodotto\/zooy-triple-70000-puffs-3-in-1-vape-monouso-dal-sapore-regolabile\/\" \/>\n<meta property=\"og:locale\" content=\"it_IT\" \/>\n<meta property=\"og:type\" content=\"article\" \/>\n<meta property=\"og:title\" content=\"ZOOY Triple 70000 Puffs 3-in-1 Disposable Vape LCD- VapeMaison\" \/>\n<meta property=\"og:description\" content=\"ZOOY Triple 70000 Puffs disposable vape with 3 adjustable flavors, 54mL e-liquid, triple mesh coils, LCD display, and Type-C rechargeable battery.\" \/>\n<meta property=\"og:url\" content=\"https:\/\/vapemaison.com\/it\/prodotto\/zooy-triple-70000-puffs-3-in-1-vape-monouso-dal-sapore-regolabile\/\" \/>\n<meta property=\"og:site_name\" content=\"VapeMaison\" \/>\n<meta property=\"article:modified_time\" content=\"2026-02-06T03:05:41+00:00\" \/>\n<meta property=\"og:image\" content=\"https:\/\/vapemaison.com\/wp-content\/uploads\/2026\/02\/zooy-70000-70k-puffs-3-in-1-flavor-switch-vape.webp\" \/>\n\t<meta property=\"og:image:width\" content=\"2500\" \/>\n\t<meta property=\"og:image:height\" content=\"2500\" \/>\n\t<meta property=\"og:image:type\" content=\"image\/webp\" \/>\n<meta name=\"twitter:card\" content=\"summary_large_image\" \/>\n<meta name=\"twitter:label1\" content=\"Tempo di lettura stimato\" \/>\n\t<meta name=\"twitter:data1\" content=\"2 minuti\" \/>\n<!-- \/ Yoast SEO plugin. -->","yoast_head_json":{"title":"ZOOY Triple 70000 Puffs 3-in-1 Vape LCD usa e getta - VapeMaison","description":"ZOOY Triple 70000 Puff monouso con 3 aromi regolabili, 54 ml di e-liquid, tripla bobina a rete, display LCD e batteria ricaricabile Type-C.","robots":{"index":"index","follow":"follow","max-snippet":"max-snippet:-1","max-image-preview":"max-image-preview:large","max-video-preview":"max-video-preview:-1"},"canonical":"https:\/\/vapemaison.com\/it\/prodotto\/zooy-triple-70000-puffs-3-in-1-vape-monouso-dal-sapore-regolabile\/","og_locale":"it_IT","og_type":"article","og_title":"ZOOY Triple 70000 Puffs 3-in-1 Disposable Vape LCD- VapeMaison","og_description":"ZOOY Triple 70000 Puffs disposable vape with 3 adjustable flavors, 54mL e-liquid, triple mesh coils, LCD display, and Type-C rechargeable battery.","og_url":"https:\/\/vapemaison.com\/it\/prodotto\/zooy-triple-70000-puffs-3-in-1-vape-monouso-dal-sapore-regolabile\/","og_site_name":"VapeMaison","article_modified_time":"2026-02-06T03:05:41+00:00","og_image":[{"width":2500,"height":2500,"url":"https:\/\/vapemaison.com\/wp-content\/uploads\/2026\/02\/zooy-70000-70k-puffs-3-in-1-flavor-switch-vape.webp","type":"image\/webp"}],"twitter_card":"summary_large_image","twitter_misc":{"Tempo di lettura stimato":"2 minuti"},"schema":{"@context":"https:\/\/schema.org","@graph":[{"@type":"WebPage","@id":"https:\/\/vapemaison.com\/product\/zooy-triple-70000-puffs-3-in-1-adjustable-flavor-disposable-vape\/","url":"https:\/\/vapemaison.com\/product\/zooy-triple-70000-puffs-3-in-1-adjustable-flavor-disposable-vape\/","name":"ZOOY Triple 70000 Puffs 3-in-1 Vape LCD usa e getta - VapeMaison","isPartOf":{"@id":"https:\/\/vapemaison.com\/#website"},"primaryImageOfPage":{"@id":"https:\/\/vapemaison.com\/product\/zooy-triple-70000-puffs-3-in-1-adjustable-flavor-disposable-vape\/#primaryimage"},"image":{"@id":"https:\/\/vapemaison.com\/product\/zooy-triple-70000-puffs-3-in-1-adjustable-flavor-disposable-vape\/#primaryimage"},"thumbnailUrl":"https:\/\/vapemaison.com\/wp-content\/uploads\/2026\/02\/zooy-70000-70k-puffs-3-in-1-flavor-switch-vape.webp","datePublished":"2026-02-06T02:50:29+00:00","dateModified":"2026-02-06T03:05:41+00:00","description":"ZOOY Triple 70000 Puff monouso con 3 aromi regolabili, 54 ml di e-liquid, tripla bobina a rete, display LCD e batteria ricaricabile Type-C.","breadcrumb":{"@id":"https:\/\/vapemaison.com\/product\/zooy-triple-70000-puffs-3-in-1-adjustable-flavor-disposable-vape\/#breadcrumb"},"inLanguage":"it-IT","potentialAction":[{"@type":"ReadAction","target":["https:\/\/vapemaison.com\/product\/zooy-triple-70000-puffs-3-in-1-adjustable-flavor-disposable-vape\/"]}]},{"@type":"ImageObject","inLanguage":"it-IT","@id":"https:\/\/vapemaison.com\/product\/zooy-triple-70000-puffs-3-in-1-adjustable-flavor-disposable-vape\/#primaryimage","url":"https:\/\/vapemaison.com\/wp-content\/uploads\/2026\/02\/zooy-70000-70k-puffs-3-in-1-flavor-switch-vape.webp","contentUrl":"https:\/\/vapemaison.com\/wp-content\/uploads\/2026\/02\/zooy-70000-70k-puffs-3-in-1-flavor-switch-vape.webp","width":2500,"height":2500,"caption":"zooy-70000-70k-puffs-3-in-1-flavor-switch-vape"},{"@type":"BreadcrumbList","@id":"https:\/\/vapemaison.com\/product\/zooy-triple-70000-puffs-3-in-1-adjustable-flavor-disposable-vape\/#breadcrumb","itemListElement":[{"@type":"ListItem","position":1,"name":"\u9996\u9875","item":"https:\/\/vapemaison.com\/"},{"@type":"ListItem","position":2,"name":"Shop","item":"https:\/\/vapemaison.com\/shop\/"},{"@type":"ListItem","position":3,"name":"ZOOY Triple 70000 Puffs | 3-in-1 Adjustable Flavor Disposable Vape"}]},{"@type":"WebSite","@id":"https:\/\/vapemaison.com\/#website","url":"https:\/\/vapemaison.com\/","name":"VapeMaison","description":"Dispositivi e accessori per il vaping di alta qualit\u00e0","publisher":{"@id":"https:\/\/vapemaison.com\/#organization"},"potentialAction":[{"@type":"SearchAction","target":{"@type":"EntryPoint","urlTemplate":"https:\/\/vapemaison.com\/?s={search_term_string}"},"query-input":{"@type":"PropertyValueSpecification","valueRequired":true,"valueName":"search_term_string"}}],"inLanguage":"it-IT"},{"@type":"Organization","@id":"https:\/\/vapemaison.com\/#organization","name":"VapeMaison","url":"https:\/\/vapemaison.com\/","logo":{"@type":"ImageObject","inLanguage":"it-IT","@id":"https:\/\/vapemaison.com\/#\/schema\/logo\/image\/","url":"https:\/\/vapemaison.com\/wp-content\/uploads\/2026\/01\/cropped-vapemaison-logo-g-2026.webp","contentUrl":"https:\/\/vapemaison.com\/wp-content\/uploads\/2026\/01\/cropped-vapemaison-logo-g-2026.webp","width":350,"height":280,"caption":"VapeMaison"},"image":{"@id":"https:\/\/vapemaison.com\/#\/schema\/logo\/image\/"},"sameAs":["https:\/\/www.youtube.com\/@VapeMaison"]}]}},"tiered_pricing_type":"fixed","tiered_pricing_fixed_rules":{"30":"10.35","50":"9.98","100":"9.42","200":"8.99"},"tiered_pricing_product_settings":{"layout":"default","base_unit_name":{"singular":null,"plural":null},"default_variation":null},"tiered_pricing_minimum_quantity":10,"tiered_pricing_roles_data":[],"tiered_pricing_percentage_rules":[],"tiered_pricing_maximum_quantity":null,"tiered_pricing_quantity_step":"10","_links":{"self":[{"href":"https:\/\/vapemaison.com\/it\/wp-json\/wp\/v2\/product\/27023","targetHints":{"allow":["GET"]}}],"collection":[{"href":"https:\/\/vapemaison.com\/it\/wp-json\/wp\/v2\/product"}],"about":[{"href":"https:\/\/vapemaison.com\/it\/wp-json\/wp\/v2\/types\/product"}],"replies":[{"embeddable":true,"href":"https:\/\/vapemaison.com\/it\/wp-json\/wp\/v2\/comments?post=27023"}],"version-history":[{"count":4,"href":"https:\/\/vapemaison.com\/it\/wp-json\/wp\/v2\/product\/27023\/revisions"}],"predecessor-version":[{"id":27066,"href":"https:\/\/vapemaison.com\/it\/wp-json\/wp\/v2\/product\/27023\/revisions\/27066"}],"wp:featuredmedia":[{"embeddable":true,"href":"https:\/\/vapemaison.com\/it\/wp-json\/wp\/v2\/media\/27025"}],"wp:attachment":[{"href":"https:\/\/vapemaison.com\/it\/wp-json\/wp\/v2\/media?parent=27023"}],"wp:term":[{"taxonomy":"product_brand","embeddable":true,"href":"https:\/\/vapemaison.com\/it\/wp-json\/wp\/v2\/product_brand?post=27023"},{"taxonomy":"product_cat","embeddable":true,"href":"https:\/\/vapemaison.com\/it\/wp-json\/wp\/v2\/product_cat?post=27023"},{"taxonomy":"product_tag","embeddable":true,"href":"https:\/\/vapemaison.com\/it\/wp-json\/wp\/v2\/product_tag?post=27023"}],"curies":[{"name":"wp","href":"https:\/\/api.w.org\/{rel}","templated":true}]}}