

{"id":27267,"date":"2026-02-24T09:51:03","date_gmt":"2026-02-24T09:51:03","guid":{"rendered":"https:\/\/vapemaison.com\/?post_type=product&#038;p=27267"},"modified":"2026-02-24T09:55:09","modified_gmt":"2026-02-24T09:55:09","slug":"bang-king-200k-200000-soffi-8-in-1-sapore-vape-monouso","status":"publish","type":"product","link":"https:\/\/vapemaison.com\/it\/product\/bang-king-200k-200000-puffs-8-in-1-flavor-disposable-vape\/","title":{"rendered":"Bang King 200k 200000 boccate 8 in 1 gusto monouso Vape"},"content":{"rendered":"<figure class=\"wp-block-image size-large has-custom-border is-style-rounded\"><a href=\"https:\/\/vapemaison.com\/wp-content\/uploads\/2026\/02\/bang-king-200000-puffs-vape-8-in-1-flavors-adjustables-display-2-scaled.webp\"><img fetchpriority=\"high\" decoding=\"async\" width=\"1024\" height=\"576\" src=\"https:\/\/vapemaison.com\/wp-content\/uploads\/2026\/02\/bang-king-200000-puffs-vape-8-in-1-flavors-adjustables-display-2-1024x576.webp\" alt=\"bang-king-200000-puffs-vape-8-in-1-flavors-adjustables-display-2\" class=\"wp-image-27281\" style=\"border-top-left-radius:30px;border-top-right-radius:30px;border-bottom-left-radius:30px;border-bottom-right-radius:30px\" srcset=\"https:\/\/vapemaison.com\/wp-content\/uploads\/2026\/02\/bang-king-200000-puffs-vape-8-in-1-flavors-adjustables-display-2-1024x576.webp 1024w, https:\/\/vapemaison.com\/wp-content\/uploads\/2026\/02\/bang-king-200000-puffs-vape-8-in-1-flavors-adjustables-display-2-300x169.webp 300w, https:\/\/vapemaison.com\/wp-content\/uploads\/2026\/02\/bang-king-200000-puffs-vape-8-in-1-flavors-adjustables-display-2-768x432.webp 768w, https:\/\/vapemaison.com\/wp-content\/uploads\/2026\/02\/bang-king-200000-puffs-vape-8-in-1-flavors-adjustables-display-2-1536x864.webp 1536w, https:\/\/vapemaison.com\/wp-content\/uploads\/2026\/02\/bang-king-200000-puffs-vape-8-in-1-flavors-adjustables-display-2-2048x1152.webp 2048w, https:\/\/vapemaison.com\/wp-content\/uploads\/2026\/02\/bang-king-200000-puffs-vape-8-in-1-flavors-adjustables-display-2-18x10.webp 18w, https:\/\/vapemaison.com\/wp-content\/uploads\/2026\/02\/bang-king-200000-puffs-vape-8-in-1-flavors-adjustables-display-2-990x557.webp 990w, https:\/\/vapemaison.com\/wp-content\/uploads\/2026\/02\/bang-king-200000-puffs-vape-8-in-1-flavors-adjustables-display-2-441x248.webp 441w, https:\/\/vapemaison.com\/wp-content\/uploads\/2026\/02\/bang-king-200000-puffs-vape-8-in-1-flavors-adjustables-display-2-800x450.webp 800w, https:\/\/vapemaison.com\/wp-content\/uploads\/2026\/02\/bang-king-200000-puffs-vape-8-in-1-flavors-adjustables-display-2-150x84.webp 150w\" sizes=\"(max-width: 1024px) 100vw, 1024px\" \/><\/a><\/figure>\n\n\n\n<p>Il <strong>Bang King 200000<\/strong> \u00e8 una svapata monouso ricaricabile ad altissima capacit\u00e0 progettata per gli utenti che richiedono la massima longevit\u00e0, funzionalit\u00e0 avanzate e variet\u00e0 di sapori. Con <strong>fino a 200.000 soffi<\/strong>, Questo dispositivo riduce significativamente la frequenza di sostituzione, rendendolo ideale per l'uso a lungo termine e per gli scenari ad alto consumo.<\/p>\n\n\n\n<p>Un'innovazione fondamentale \u00e8 la <strong>Sistema di aromatizzazione regolabile 8 in 1<\/strong>, che consente agli utenti di passare da un aroma all'altro con un unico dispositivo. \u00c8 sufficiente ruotare il selettore per cambiare istantaneamente sapore, offrendo una variet\u00e0 senza dover portare con s\u00e9 pi\u00f9 dispositivi.<\/p>\n\n\n\n<p>Il sistema integrato <strong>Tecnologia della bobina a doppia maglia<\/strong> garantisce un riscaldamento efficiente e prestazioni stabili, offrendo un vapore omogeneo e un sapore costante per tutto il ciclo di vita del dispositivo.<\/p>\n\n\n\n<p>Per un maggiore controllo, il Bang King 200K \u00e8 dotato di un sistema di <strong>display LED intelligente<\/strong> che mostra lo stato della batteria e le informazioni sul suo utilizzo in tempo reale. Il <strong>Batteria ricaricabile Type-C<\/strong> supporta la ricarica rapida, riducendo al minimo i tempi di inattivit\u00e0 e garantendo prestazioni affidabili per un uso prolungato.<\/p>\n\n\n\n<p>Progettato sia per l'uso personale che per i canali di distribuzione, Bang King 200000 combina capacit\u00e0 estrema, flessibilit\u00e0 multi-sapore e controllo avanzato dell'utente in un unico dispositivo.<\/p>\n\n\n\n<h2 class=\"wp-block-heading\">Specifiche tecniche<\/h2>\n\n\n\n<figure class=\"wp-block-table is-style-stripes\"><table class=\"has-fixed-layout\"><thead><tr><th>Parametro<\/th><th>Dettagli<\/th><\/tr><\/thead><tbody><tr><td>Capacit\u00e0 di soffio<\/td><td>Fino a 200.000 soffi<\/td><\/tr><tr><td>Sistema di aromatizzazione<\/td><td>Selezione del gusto regolabile 8 in 1<\/td><\/tr><tr><td>Tipo di bobina<\/td><td>Bobina a doppia maglia<\/td><\/tr><tr><td>Batteria<\/td><td>Batteria ricaricabile<\/td><\/tr><tr><td>Ricarica<\/td><td>Ricarica rapida di tipo C<\/td><\/tr><tr><td>Display<\/td><td>Schermo LED intelligente (informazioni sulla batteria e sull'utilizzo)<\/td><\/tr><tr><td>Design<\/td><td>Struttura di rotazione multi-sapore<\/td><\/tr><tr><td>Utilizzo<\/td><td>Adatto per uso personale e distribuzione all'ingrosso<\/td><\/tr><\/tbody><\/table><\/figure>\n\n\n\n<figure class=\"wp-block-image aligncenter size-large has-custom-border is-style-rounded\"><a href=\"https:\/\/vapemaison.com\/wp-content\/uploads\/2026\/02\/bang-king-200000-puffs-vape-8-in-1-flavors-adjustables-list-scaled.webp\"><img decoding=\"async\" width=\"638\" height=\"1024\" src=\"https:\/\/vapemaison.com\/wp-content\/uploads\/2026\/02\/bang-king-200000-puffs-vape-8-in-1-flavors-adjustables-list-638x1024.webp\" alt=\"bang-king-200000-puffs-vape-8-in-1-flavors-adjustables-list\" class=\"wp-image-27282\" style=\"border-top-left-radius:30px;border-top-right-radius:30px;border-bottom-left-radius:30px;border-bottom-right-radius:30px\" srcset=\"https:\/\/vapemaison.com\/wp-content\/uploads\/2026\/02\/bang-king-200000-puffs-vape-8-in-1-flavors-adjustables-list-638x1024.webp 638w, https:\/\/vapemaison.com\/wp-content\/uploads\/2026\/02\/bang-king-200000-puffs-vape-8-in-1-flavors-adjustables-list-187x300.webp 187w, https:\/\/vapemaison.com\/wp-content\/uploads\/2026\/02\/bang-king-200000-puffs-vape-8-in-1-flavors-adjustables-list-768x1233.webp 768w, https:\/\/vapemaison.com\/wp-content\/uploads\/2026\/02\/bang-king-200000-puffs-vape-8-in-1-flavors-adjustables-list-957x1536.webp 957w, https:\/\/vapemaison.com\/wp-content\/uploads\/2026\/02\/bang-king-200000-puffs-vape-8-in-1-flavors-adjustables-list-1276x2048.webp 1276w, https:\/\/vapemaison.com\/wp-content\/uploads\/2026\/02\/bang-king-200000-puffs-vape-8-in-1-flavors-adjustables-list-7x12.webp 7w, https:\/\/vapemaison.com\/wp-content\/uploads\/2026\/02\/bang-king-200000-puffs-vape-8-in-1-flavors-adjustables-list-990x1589.webp 990w, https:\/\/vapemaison.com\/wp-content\/uploads\/2026\/02\/bang-king-200000-puffs-vape-8-in-1-flavors-adjustables-list-441x708.webp 441w, https:\/\/vapemaison.com\/wp-content\/uploads\/2026\/02\/bang-king-200000-puffs-vape-8-in-1-flavors-adjustables-list-800x1284.webp 800w, https:\/\/vapemaison.com\/wp-content\/uploads\/2026\/02\/bang-king-200000-puffs-vape-8-in-1-flavors-adjustables-list-150x241.webp 150w, https:\/\/vapemaison.com\/wp-content\/uploads\/2026\/02\/bang-king-200000-puffs-vape-8-in-1-flavors-adjustables-list-scaled.webp 1595w\" sizes=\"(max-width: 638px) 100vw, 638px\" \/><\/a><\/figure>\n\n\n\n<h2 class=\"wp-block-heading\">Sistema di aromi 8 in 1<\/h2>\n\n\n\n<p>Il dispositivo integra otto camere di aromi indipendenti. Gli utenti possono cambiare aroma istantaneamente ruotando il selettore, riducendo l'affaticamento da aroma e migliorando l'usabilit\u00e0 a lungo termine.<\/p>\n\n\n\n<p>I profili aromatici tipici includono una miscela di:<\/p>\n\n\n\n<ul class=\"wp-block-list\">\n<li>1.Blue Razz Ice &amp; Peach Ice &amp; Grape Ice &amp; Mango Ice<\/li>\n\n\n\n<li>2.Doppio Mela e Mango Pesca e Fragola Anguria e Fragola Coca Cola alla vaniglia<\/li>\n\n\n\n<li>3.Ghiaccio all'anguria e limone 8 Ghiaccio alla menta e fragola e ciliegia blu Razz<\/li>\n\n\n\n<li>4.Anguria Bubblegum e mirtilli Lamponi e lamponi Anguria e anguria Mirtillo<\/li>\n\n\n\n<li>5.Pesca Mango Anguria &amp; Red Bull &amp; Fragola Red Bull &amp; Fragola Kiwi<\/li>\n\n\n\n<li>6.Black Dragon Ice&amp; Love 66&amp; Mr Blue&amp; Strawberry Lemonade<\/li>\n\n\n\n<li>7.Triple Berry &amp; Tropicalfruit &amp; Strawberry Banana &amp;Pink Lemonade<\/li>\n\n\n\n<li>8.Menta fresca e pesca Berr e ciliegia blu Limone e kiwi Anguria ghiacciata<\/li>\n\n\n\n<li>9.Mango alla fragola &amp; Gelato alla fragola &amp; Ghiaccio alla banana &amp; Litchi alla fragola<\/li>\n\n\n\n<li>10.Kiwi Frutto della Passione Guava &amp; Orso Gommoso &amp; Caramelle Arcobaleno &amp; Zucchero Filato<\/li>\n\n\n\n<li>11.Triplo Melone e Mirtillo Ghiacciato &amp; Bomba di Ciliegia &amp; Ananas Cocco<\/li>\n\n\n\n<li>12.Frizzante Limone &amp; Lime &amp; Mela Mojt &amp; Ananas Ghiaccio &amp; Colaice<\/li>\n<\/ul>","protected":false},"excerpt":{"rendered":"<p>Fino a 200.000 boccate con l'innovativo sistema di regolazione del gusto 8 in 1.<br data-start=\"2574\" data-end=\"2577\" \/>La bobina a doppia maglia e il display a LED intelligente garantiscono prestazioni stabili e un controllo completo.<\/p>","protected":false},"featured_media":27268,"comment_status":"open","ping_status":"closed","template":"","meta":[],"product_brand":[57],"product_cat":[16],"product_tag":[],"class_list":{"0":"post-27267","1":"product","2":"type-product","3":"status-publish","4":"has-post-thumbnail","6":"product_brand-bang","7":"product_cat-uncategorized","9":"first","10":"instock","11":"sale","12":"shipping-taxable","13":"purchasable","14":"product-type-variable"},"yoast_head":"<!-- This site is optimized with the Yoast SEO plugin v27.4 - https:\/\/yoast.com\/product\/yoast-seo-wordpress\/ -->\n<title>Bang King 200000 Puffs Disposable Vape | 8-in-1 Flavors<\/title>\n<meta name=\"description\" content=\"Buy Bang King 200000 disposable vape with up to 200K puffs, 8-in-1 adjustable flavors, dual mesh coil, smart LED display, and Type-C charging.\" \/>\n<meta name=\"robots\" content=\"index, follow, max-snippet:-1, max-image-preview:large, max-video-preview:-1\" \/>\n<link rel=\"canonical\" href=\"https:\/\/vapemaison.com\/it\/prodotto\/bang-king-200k-200000-soffi-8-in-1-sapore-vape-monouso\/\" \/>\n<meta property=\"og:locale\" content=\"it_IT\" \/>\n<meta property=\"og:type\" content=\"article\" \/>\n<meta property=\"og:title\" content=\"Bang King 200000 Puffs Disposable Vape | 8-in-1 Flavors\" \/>\n<meta property=\"og:description\" content=\"Buy Bang King 200000 disposable vape with up to 200K puffs, 8-in-1 adjustable flavors, dual mesh coil, smart LED display, and Type-C charging.\" \/>\n<meta property=\"og:url\" content=\"https:\/\/vapemaison.com\/it\/prodotto\/bang-king-200k-200000-soffi-8-in-1-sapore-vape-monouso\/\" \/>\n<meta property=\"og:site_name\" content=\"VapeMaison\" \/>\n<meta property=\"article:modified_time\" content=\"2026-02-24T09:55:09+00:00\" \/>\n<meta property=\"og:image\" content=\"https:\/\/vapemaison.com\/wp-content\/uploads\/2026\/02\/bang-king-200000-puffs-vape-8-in-1-flavors-adjustables-1-scaled.webp\" \/>\n\t<meta property=\"og:image:width\" content=\"2560\" \/>\n\t<meta property=\"og:image:height\" content=\"2560\" \/>\n\t<meta property=\"og:image:type\" content=\"image\/webp\" \/>\n<meta name=\"twitter:card\" content=\"summary_large_image\" \/>\n<meta name=\"twitter:label1\" content=\"Tempo di lettura stimato\" \/>\n\t<meta name=\"twitter:data1\" content=\"3 minuti\" \/>\n<!-- \/ Yoast SEO plugin. -->","yoast_head_json":{"title":"Bang King 200000 bocconi usa e getta - 8 gusti in 1","description":"Acquista Bang King 200000 vape monouso con fino a 200K boccate, 8-in-1 aromi regolabili, doppia bobina a rete, display LED intelligente e ricarica Type-C.","robots":{"index":"index","follow":"follow","max-snippet":"max-snippet:-1","max-image-preview":"max-image-preview:large","max-video-preview":"max-video-preview:-1"},"canonical":"https:\/\/vapemaison.com\/it\/prodotto\/bang-king-200k-200000-soffi-8-in-1-sapore-vape-monouso\/","og_locale":"it_IT","og_type":"article","og_title":"Bang King 200000 Puffs Disposable Vape | 8-in-1 Flavors","og_description":"Buy Bang King 200000 disposable vape with up to 200K puffs, 8-in-1 adjustable flavors, dual mesh coil, smart LED display, and Type-C charging.","og_url":"https:\/\/vapemaison.com\/it\/prodotto\/bang-king-200k-200000-soffi-8-in-1-sapore-vape-monouso\/","og_site_name":"VapeMaison","article_modified_time":"2026-02-24T09:55:09+00:00","og_image":[{"width":2560,"height":2560,"url":"https:\/\/vapemaison.com\/wp-content\/uploads\/2026\/02\/bang-king-200000-puffs-vape-8-in-1-flavors-adjustables-1-scaled.webp","type":"image\/webp"}],"twitter_card":"summary_large_image","twitter_misc":{"Tempo di lettura stimato":"3 minuti"},"schema":{"@context":"https:\/\/schema.org","@graph":[{"@type":"WebPage","@id":"https:\/\/vapemaison.com\/product\/bang-king-200k-200000-puffs-8-in-1-flavor-disposable-vape\/","url":"https:\/\/vapemaison.com\/product\/bang-king-200k-200000-puffs-8-in-1-flavor-disposable-vape\/","name":"Bang King 200000 bocconi usa e getta - 8 gusti in 1","isPartOf":{"@id":"https:\/\/vapemaison.com\/#website"},"primaryImageOfPage":{"@id":"https:\/\/vapemaison.com\/product\/bang-king-200k-200000-puffs-8-in-1-flavor-disposable-vape\/#primaryimage"},"image":{"@id":"https:\/\/vapemaison.com\/product\/bang-king-200k-200000-puffs-8-in-1-flavor-disposable-vape\/#primaryimage"},"thumbnailUrl":"https:\/\/vapemaison.com\/wp-content\/uploads\/2026\/02\/bang-king-200000-puffs-vape-8-in-1-flavors-adjustables-1-scaled.webp","datePublished":"2026-02-24T09:51:03+00:00","dateModified":"2026-02-24T09:55:09+00:00","description":"Acquista Bang King 200000 vape monouso con fino a 200K boccate, 8-in-1 aromi regolabili, doppia bobina a rete, display LED intelligente e ricarica Type-C.","breadcrumb":{"@id":"https:\/\/vapemaison.com\/product\/bang-king-200k-200000-puffs-8-in-1-flavor-disposable-vape\/#breadcrumb"},"inLanguage":"it-IT","potentialAction":[{"@type":"ReadAction","target":["https:\/\/vapemaison.com\/product\/bang-king-200k-200000-puffs-8-in-1-flavor-disposable-vape\/"]}]},{"@type":"ImageObject","inLanguage":"it-IT","@id":"https:\/\/vapemaison.com\/product\/bang-king-200k-200000-puffs-8-in-1-flavor-disposable-vape\/#primaryimage","url":"https:\/\/vapemaison.com\/wp-content\/uploads\/2026\/02\/bang-king-200000-puffs-vape-8-in-1-flavors-adjustables-1-scaled.webp","contentUrl":"https:\/\/vapemaison.com\/wp-content\/uploads\/2026\/02\/bang-king-200000-puffs-vape-8-in-1-flavors-adjustables-1-scaled.webp","width":2560,"height":2560,"caption":"bang-king-200000-puffs-vape-8-in-1-flavors-adjustables-1"},{"@type":"BreadcrumbList","@id":"https:\/\/vapemaison.com\/product\/bang-king-200k-200000-puffs-8-in-1-flavor-disposable-vape\/#breadcrumb","itemListElement":[{"@type":"ListItem","position":1,"name":"\u9996\u9875","item":"https:\/\/vapemaison.com\/"},{"@type":"ListItem","position":2,"name":"Shop","item":"https:\/\/vapemaison.com\/shop\/"},{"@type":"ListItem","position":3,"name":"Bang","item":"https:\/\/vapemaison.com\/brand\/bang\/"},{"@type":"ListItem","position":4,"name":"Bang King 200k 200000 Puffs 8 in 1 Flavor Disposable Vape"}]},{"@type":"WebSite","@id":"https:\/\/vapemaison.com\/#website","url":"https:\/\/vapemaison.com\/","name":"VapeMaison","description":"Dispositivi e accessori per il vaping di alta qualit\u00e0","publisher":{"@id":"https:\/\/vapemaison.com\/#organization"},"potentialAction":[{"@type":"SearchAction","target":{"@type":"EntryPoint","urlTemplate":"https:\/\/vapemaison.com\/?s={search_term_string}"},"query-input":{"@type":"PropertyValueSpecification","valueRequired":true,"valueName":"search_term_string"}}],"inLanguage":"it-IT"},{"@type":"Organization","@id":"https:\/\/vapemaison.com\/#organization","name":"VapeMaison","url":"https:\/\/vapemaison.com\/","logo":{"@type":"ImageObject","inLanguage":"it-IT","@id":"https:\/\/vapemaison.com\/#\/schema\/logo\/image\/","url":"https:\/\/vapemaison.com\/wp-content\/uploads\/2026\/01\/cropped-vapemaison-logo-g-2026.webp","contentUrl":"https:\/\/vapemaison.com\/wp-content\/uploads\/2026\/01\/cropped-vapemaison-logo-g-2026.webp","width":350,"height":280,"caption":"VapeMaison"},"image":{"@id":"https:\/\/vapemaison.com\/#\/schema\/logo\/image\/"},"sameAs":["https:\/\/www.youtube.com\/@VapeMaison"]}]}},"tiered_pricing_type":"fixed","tiered_pricing_fixed_rules":{"30":"11.78","50":"11.36","100":"10.99","200":"9.99"},"tiered_pricing_product_settings":{"layout":"default","base_unit_name":{"singular":null,"plural":null},"default_variation":null},"tiered_pricing_minimum_quantity":10,"tiered_pricing_roles_data":[],"tiered_pricing_percentage_rules":[],"tiered_pricing_maximum_quantity":null,"tiered_pricing_quantity_step":"10","_links":{"self":[{"href":"https:\/\/vapemaison.com\/it\/wp-json\/wp\/v2\/product\/27267","targetHints":{"allow":["GET"]}}],"collection":[{"href":"https:\/\/vapemaison.com\/it\/wp-json\/wp\/v2\/product"}],"about":[{"href":"https:\/\/vapemaison.com\/it\/wp-json\/wp\/v2\/types\/product"}],"replies":[{"embeddable":true,"href":"https:\/\/vapemaison.com\/it\/wp-json\/wp\/v2\/comments?post=27267"}],"version-history":[{"count":5,"href":"https:\/\/vapemaison.com\/it\/wp-json\/wp\/v2\/product\/27267\/revisions"}],"predecessor-version":[{"id":27336,"href":"https:\/\/vapemaison.com\/it\/wp-json\/wp\/v2\/product\/27267\/revisions\/27336"}],"wp:featuredmedia":[{"embeddable":true,"href":"https:\/\/vapemaison.com\/it\/wp-json\/wp\/v2\/media\/27268"}],"wp:attachment":[{"href":"https:\/\/vapemaison.com\/it\/wp-json\/wp\/v2\/media?parent=27267"}],"wp:term":[{"taxonomy":"product_brand","embeddable":true,"href":"https:\/\/vapemaison.com\/it\/wp-json\/wp\/v2\/product_brand?post=27267"},{"taxonomy":"product_cat","embeddable":true,"href":"https:\/\/vapemaison.com\/it\/wp-json\/wp\/v2\/product_cat?post=27267"},{"taxonomy":"product_tag","embeddable":true,"href":"https:\/\/vapemaison.com\/it\/wp-json\/wp\/v2\/product_tag?post=27267"}],"curies":[{"name":"wp","href":"https:\/\/api.w.org\/{rel}","templated":true}]}}