

{"id":27559,"date":"2026-03-02T10:32:38","date_gmt":"2026-03-02T10:32:38","guid":{"rendered":"https:\/\/vapemaison.com\/?post_type=product&#038;p=27559"},"modified":"2026-03-26T06:06:44","modified_gmt":"2026-03-26T06:06:44","slug":"bang-king-250k-4-in-1-vape-monouso","status":"publish","type":"product","link":"https:\/\/vapemaison.com\/it\/product\/bang-king-250k-4-in-1-disposable-vape\/","title":{"rendered":"Bang King 250K 4-in-1 Vape usa e getta"},"content":{"rendered":"<p>Il <strong>Bang King 250K 4-in-1 Vape usa e getta<\/strong> \u00e8 stata costruita per gli utenti e i distributori alla ricerca di una capacit\u00e0 ultraelevata, di prestazioni elevate e della massima flessibilit\u00e0 aromatica. Combinando un'enorme produzione di vapore con un sistema multi-sapore, offre una potente soluzione di vaping all-in-one. Per saperne di pi\u00f9 <a href=\"https:\/\/vapemaison.com\/shop\/\" type=\"link\" id=\"https:\/\/vapemaison.com\/shop\/\">pagina del negozio<\/a> o esplorare l'intero <a href=\"https:\/\/vapemaison.com\/brand\/bang\/\">Collezione del marchio Bang<\/a>.<\/p>\n\n\n\n<p>Il dispositivo offre fino a 250.000 soffi, posizionandosi tra i dispositivi usa e getta con la pi\u00f9 alta capacit\u00e0 sul mercato. Scoprite altre opzioni come <a href=\"https:\/\/vapemaison.com\/product\/bang-king-250k-4-in-1-disposable-vape\/\" type=\"link\" id=\"https:\/\/vapemaison.com\/product\/bang-king-250k-4-in-1-disposable-vape\/\">Bang 200K<\/a> o <a href=\"https:\/\/vapemaison.com\/product\/bang-leader-stoll-350k-puffs-8-in-1-disposable-vape\/\" type=\"link\" id=\"https:\/\/vapemaison.com\/product\/bang-leader-stoll-350k-puffs-8-in-1-disposable-vape\/\">Bang 350K <\/a> per diverse capacit\u00e0 di soffio. Questo garantisce un uso duraturo per i consumatori e un forte potenziale di valore per i grossisti che si rivolgono ai segmenti premium.<\/p>\n\n\n\n<p>Il sistema di commutazione del gusto 4-in-1 integra quattro gusti in un unico dispositivo, consentendo agli utenti di cambiare istantaneamente senza cambiare unit\u00e0. Questo aumenta la variet\u00e0 e mantiene l'esperienza fresca per tutto il ciclo di vita del prodotto.<\/p>\n\n\n\n<p>Dotato di una bobina a maglia da 1,0\u03a9, il dispositivo garantisce un riscaldamento costante e una vaporizzazione efficiente, offrendo un flusso d'aria omogeneo, un sapore ricco e un vapore denso a ogni boccata.<\/p>\n\n\n\n<p>La batteria ricaricabile integrata da 650 mAh, abbinata a una porta di ricarica Type-C, garantisce prestazioni stabili e tempi di inattivit\u00e0 minimi.<\/p>\n\n\n\n<p>Supportando le gradazioni di nicotina 0%, 2%, 3% e 5% e offrendo una completa personalizzazione OEM\/ODM, Bang King 250K \u00e8 adatto a marchi privati, proprietari di marchi e alla grande distribuzione.<\/p>\n\n\n\n<p>Nel complesso, combina capacit\u00e0 estrema, versatilit\u00e0 dei sapori e prestazioni affidabili, rendendola una scelta competitiva sia per gli utenti finali che per i mercati all'ingrosso globali. Visitate il nostro <a href=\"https:\/\/vapemaison.com\/shop\/\">pagina del negozio<\/a> per sfogliare ora.<\/p>\n\n\n\n<h2 class=\"wp-block-heading\">Specifiche del prodotto<\/h2>\n\n\n\n<figure class=\"wp-block-table\"><table class=\"has-fixed-layout\"><thead><tr><th>Parametro<\/th><th>Dettagli<\/th><\/tr><\/thead><tbody><tr><td>Capacit\u00e0 di soffio<\/td><td>Fino a 250.000 soffi<\/td><\/tr><tr><td>Sistema di aromatizzazione<\/td><td>Commutazione multi-sapore 4-in-1<\/td><\/tr><tr><td>Forza della nicotina<\/td><td>0% \/ 2% \/ 3% \/ 5%<\/td><\/tr><tr><td>Tipo di bobina<\/td><td>Bobina a maglia da 1,0\u03a9<\/td><\/tr><tr><td>Batteria<\/td><td>650mAh Ricaricabile<\/td><\/tr><tr><td>Porta di ricarica<\/td><td>Tipo-C<\/td><\/tr><tr><td>Tipo di dispositivo<\/td><td>Monouso (ricaricabile)<\/td><\/tr><tr><td>Personalizzazione<\/td><td>OEM \/ ODM disponibile<\/td><\/tr><tr><td>Combinazioni di sapori<\/td><td>10 opzioni (4 gusti per dispositivo)<\/td><\/tr><\/tbody><\/table><\/figure>\n\n\n\n<h2 class=\"wp-block-heading\">Opzioni di combinazione di sapori<\/h2>\n\n\n\n<p>Limone e lime, Anguria, Ghiaccio nero Frutto del drago e fragola, Amore 66<br>Limone e lime, Fragola e ghiaccio, Lampone e anguria, Ciliegia frizzante<br>Vaniglia Cola, Limone Pesca, Fragola Lampone Ciliegia Ghiaccio, Uva Ghiaccio<br>Limonata rosa, Kiwi Frutto della Passione Guava, Pesca Frutta, Fragola Banana<br>Uva a fiumi, Litchi ghiacciati, Pesca a frutti di bosco, Kiwi frutto della passione Guava<br>Mango alla fragola, limonata Blue Razz, gelato alla vaniglia, tripla bacca acida<br>Ghiaccio all'anguria, Mango alla fragola, Ghiaccio al mirtillo, Ciliegia frizzante<br>Misto di frutti di bosco, ciliegia e limone, fragola e kiwi, fragola e anguria.<br>Anguria alla fragola, Cola alla ciliegia, Pesca succosa ghiacciata, Pompelmo rinfrescante<br>Mojito, Monster Mango, Lady Killer, Limonata Rosa<\/p>\n\n\n\n<p><\/p>","protected":false},"excerpt":{"rendered":"<p>Fino a 250.000 boccate con l'innovativo cambio di sapore 4 in 1 per la massima variet\u00e0.<br data-start=\"3222\" data-end=\"3225\" \/>Batteria ricaricabile e tecnologia mesh coil per prestazioni costanti e di lunga durata.<\/p>","protected":false},"featured_media":27569,"comment_status":"open","ping_status":"closed","template":"","meta":[],"product_brand":[57],"product_cat":[],"product_tag":[],"class_list":{"0":"post-27559","1":"product","2":"type-product","3":"status-publish","4":"has-post-thumbnail","6":"product_brand-bang","8":"first","9":"instock","10":"sale","11":"shipping-taxable","12":"purchasable","13":"product-type-variable"},"yoast_head":"<!-- This site is optimized with the Yoast SEO plugin v27.4 - https:\/\/yoast.com\/product\/yoast-seo-wordpress\/ -->\n<title>Bang King 25000 250K Puffs 4-in-1 Disposable Vape<\/title>\n<meta name=\"description\" content=\"Shop Bang King 250K 4-in-1 disposable vape with up to 250k puffs, four flavors in one device, mesh coil technology, and rechargeable Type-C battery.\" \/>\n<meta name=\"robots\" content=\"index, follow, max-snippet:-1, max-image-preview:large, max-video-preview:-1\" \/>\n<link rel=\"canonical\" href=\"https:\/\/vapemaison.com\/it\/prodotto\/bang-king-250k-4-in-1-vape-monouso\/\" \/>\n<meta property=\"og:locale\" content=\"it_IT\" \/>\n<meta property=\"og:type\" content=\"article\" \/>\n<meta property=\"og:title\" content=\"Bang King 25000 250K Puffs 4-in-1 Disposable Vape\" \/>\n<meta property=\"og:description\" content=\"Shop Bang King 250K 4-in-1 disposable vape with up to 250k puffs, four flavors in one device, mesh coil technology, and rechargeable Type-C battery.\" \/>\n<meta property=\"og:url\" content=\"https:\/\/vapemaison.com\/it\/prodotto\/bang-king-250k-4-in-1-vape-monouso\/\" \/>\n<meta property=\"og:site_name\" content=\"VapeMaison\" \/>\n<meta property=\"article:modified_time\" content=\"2026-03-26T06:06:44+00:00\" \/>\n<meta property=\"og:image\" content=\"https:\/\/vapemaison.com\/wp-content\/uploads\/2026\/03\/bang-king-250000-puffs-disposable-vape-flavor-10-scaled.webp\" \/>\n\t<meta property=\"og:image:width\" content=\"1652\" \/>\n\t<meta property=\"og:image:height\" content=\"2560\" \/>\n\t<meta property=\"og:image:type\" content=\"image\/webp\" \/>\n<meta name=\"twitter:card\" content=\"summary_large_image\" \/>\n<meta name=\"twitter:label1\" content=\"Tempo di lettura stimato\" \/>\n\t<meta name=\"twitter:data1\" content=\"2 minuti\" \/>\n<!-- \/ Yoast SEO plugin. -->","yoast_head_json":{"title":"Bang King 25000 250K Boccate 4 in 1 Vape usa e getta","description":"Acquista Bang King 250K 4-in-1, vape monouso con fino a 250.000 boccate, quattro aromi in un unico dispositivo, tecnologia mesh coil e batteria ricaricabile Type-C.","robots":{"index":"index","follow":"follow","max-snippet":"max-snippet:-1","max-image-preview":"max-image-preview:large","max-video-preview":"max-video-preview:-1"},"canonical":"https:\/\/vapemaison.com\/it\/prodotto\/bang-king-250k-4-in-1-vape-monouso\/","og_locale":"it_IT","og_type":"article","og_title":"Bang King 25000 250K Puffs 4-in-1 Disposable Vape","og_description":"Shop Bang King 250K 4-in-1 disposable vape with up to 250k puffs, four flavors in one device, mesh coil technology, and rechargeable Type-C battery.","og_url":"https:\/\/vapemaison.com\/it\/prodotto\/bang-king-250k-4-in-1-vape-monouso\/","og_site_name":"VapeMaison","article_modified_time":"2026-03-26T06:06:44+00:00","og_image":[{"width":1652,"height":2560,"url":"https:\/\/vapemaison.com\/wp-content\/uploads\/2026\/03\/bang-king-250000-puffs-disposable-vape-flavor-10-scaled.webp","type":"image\/webp"}],"twitter_card":"summary_large_image","twitter_misc":{"Tempo di lettura stimato":"2 minuti"},"schema":{"@context":"https:\/\/schema.org","@graph":[{"@type":"WebPage","@id":"https:\/\/vapemaison.com\/product\/bang-king-250k-4-in-1-disposable-vape\/","url":"https:\/\/vapemaison.com\/product\/bang-king-250k-4-in-1-disposable-vape\/","name":"Bang King 25000 250K Boccate 4 in 1 Vape usa e getta","isPartOf":{"@id":"https:\/\/vapemaison.com\/#website"},"primaryImageOfPage":{"@id":"https:\/\/vapemaison.com\/product\/bang-king-250k-4-in-1-disposable-vape\/#primaryimage"},"image":{"@id":"https:\/\/vapemaison.com\/product\/bang-king-250k-4-in-1-disposable-vape\/#primaryimage"},"thumbnailUrl":"https:\/\/vapemaison.com\/wp-content\/uploads\/2026\/03\/bang-king-250000-puffs-disposable-vape-flavor-10-scaled.webp","datePublished":"2026-03-02T10:32:38+00:00","dateModified":"2026-03-26T06:06:44+00:00","description":"Acquista Bang King 250K 4-in-1, vape monouso con fino a 250.000 boccate, quattro aromi in un unico dispositivo, tecnologia mesh coil e batteria ricaricabile Type-C.","breadcrumb":{"@id":"https:\/\/vapemaison.com\/product\/bang-king-250k-4-in-1-disposable-vape\/#breadcrumb"},"inLanguage":"it-IT","potentialAction":[{"@type":"ReadAction","target":["https:\/\/vapemaison.com\/product\/bang-king-250k-4-in-1-disposable-vape\/"]}]},{"@type":"ImageObject","inLanguage":"it-IT","@id":"https:\/\/vapemaison.com\/product\/bang-king-250k-4-in-1-disposable-vape\/#primaryimage","url":"https:\/\/vapemaison.com\/wp-content\/uploads\/2026\/03\/bang-king-250000-puffs-disposable-vape-flavor-10-scaled.webp","contentUrl":"https:\/\/vapemaison.com\/wp-content\/uploads\/2026\/03\/bang-king-250000-puffs-disposable-vape-flavor-10-scaled.webp","width":1652,"height":2560,"caption":"Bang King Puffs Disposable Vape Flavor 10 Scaled"},{"@type":"BreadcrumbList","@id":"https:\/\/vapemaison.com\/product\/bang-king-250k-4-in-1-disposable-vape\/#breadcrumb","itemListElement":[{"@type":"ListItem","position":1,"name":"\u9996\u9875","item":"https:\/\/vapemaison.com\/"},{"@type":"ListItem","position":2,"name":"Shop","item":"https:\/\/vapemaison.com\/shop\/"},{"@type":"ListItem","position":3,"name":"Bang","item":"https:\/\/vapemaison.com\/brand\/bang\/"},{"@type":"ListItem","position":4,"name":"Bang King 250K 4-in-1 Disposable Vape"}]},{"@type":"WebSite","@id":"https:\/\/vapemaison.com\/#website","url":"https:\/\/vapemaison.com\/","name":"VapeMaison","description":"Dispositivi e accessori per il vaping di alta qualit\u00e0","publisher":{"@id":"https:\/\/vapemaison.com\/#organization"},"potentialAction":[{"@type":"SearchAction","target":{"@type":"EntryPoint","urlTemplate":"https:\/\/vapemaison.com\/?s={search_term_string}"},"query-input":{"@type":"PropertyValueSpecification","valueRequired":true,"valueName":"search_term_string"}}],"inLanguage":"it-IT"},{"@type":"Organization","@id":"https:\/\/vapemaison.com\/#organization","name":"VapeMaison","url":"https:\/\/vapemaison.com\/","logo":{"@type":"ImageObject","inLanguage":"it-IT","@id":"https:\/\/vapemaison.com\/#\/schema\/logo\/image\/","url":"https:\/\/vapemaison.com\/wp-content\/uploads\/2026\/01\/cropped-vapemaison-logo-g-2026.webp","contentUrl":"https:\/\/vapemaison.com\/wp-content\/uploads\/2026\/01\/cropped-vapemaison-logo-g-2026.webp","width":350,"height":280,"caption":"VapeMaison"},"image":{"@id":"https:\/\/vapemaison.com\/#\/schema\/logo\/image\/"},"sameAs":["https:\/\/www.youtube.com\/@VapeMaison"]}]}},"tiered_pricing_type":"fixed","tiered_pricing_fixed_rules":{"30":"11.99","50":"11.12","100":"10.56","200":"9.99"},"tiered_pricing_product_settings":{"layout":"default","base_unit_name":{"singular":null,"plural":null},"default_variation":null},"tiered_pricing_minimum_quantity":10,"tiered_pricing_roles_data":[],"tiered_pricing_percentage_rules":[],"tiered_pricing_maximum_quantity":null,"tiered_pricing_quantity_step":"10","_links":{"self":[{"href":"https:\/\/vapemaison.com\/it\/wp-json\/wp\/v2\/product\/27559","targetHints":{"allow":["GET"]}}],"collection":[{"href":"https:\/\/vapemaison.com\/it\/wp-json\/wp\/v2\/product"}],"about":[{"href":"https:\/\/vapemaison.com\/it\/wp-json\/wp\/v2\/types\/product"}],"replies":[{"embeddable":true,"href":"https:\/\/vapemaison.com\/it\/wp-json\/wp\/v2\/comments?post=27559"}],"version-history":[{"count":4,"href":"https:\/\/vapemaison.com\/it\/wp-json\/wp\/v2\/product\/27559\/revisions"}],"predecessor-version":[{"id":28469,"href":"https:\/\/vapemaison.com\/it\/wp-json\/wp\/v2\/product\/27559\/revisions\/28469"}],"wp:featuredmedia":[{"embeddable":true,"href":"https:\/\/vapemaison.com\/it\/wp-json\/wp\/v2\/media\/27569"}],"wp:attachment":[{"href":"https:\/\/vapemaison.com\/it\/wp-json\/wp\/v2\/media?parent=27559"}],"wp:term":[{"taxonomy":"product_brand","embeddable":true,"href":"https:\/\/vapemaison.com\/it\/wp-json\/wp\/v2\/product_brand?post=27559"},{"taxonomy":"product_cat","embeddable":true,"href":"https:\/\/vapemaison.com\/it\/wp-json\/wp\/v2\/product_cat?post=27559"},{"taxonomy":"product_tag","embeddable":true,"href":"https:\/\/vapemaison.com\/it\/wp-json\/wp\/v2\/product_tag?post=27559"}],"curies":[{"name":"wp","href":"https:\/\/api.w.org\/{rel}","templated":true}]}}