

{"id":27633,"date":"2026-03-04T10:04:29","date_gmt":"2026-03-04T10:04:29","guid":{"rendered":"https:\/\/vapemaison.com\/?post_type=product&#038;p=27633"},"modified":"2026-03-20T07:21:16","modified_gmt":"2026-03-20T07:21:16","slug":"zooy-triple-70000-puffs-3-in-1-vape-usa-e-getta","status":"publish","type":"product","link":"https:\/\/vapemaison.com\/it\/product\/zooy-triple-70000-puffs-3-in-1-disposable-vape\/","title":{"rendered":"ZOOY TRIPLE 70000 boccate - Vape monouso 3 in 1"},"content":{"rendered":"<p>Se siete alla ricerca di uno svapo usa e getta che vada oltre i limiti standard, ZOOY TRIPLE 70000 offre un livello di prestazioni completamente diverso. Costruito con un sistema di commutazione degli aromi 3 in 1, una tecnologia a tripla bobina e una capacit\u00e0 di svapo ultraelevata di 70.000 puff, questo dispositivo \u00e8 stato progettato per gli utenti che richiedono longevit\u00e0, coerenza e variet\u00e0 in un'unica unit\u00e0.<\/p>\n\n\n\n<p>A differenza dei tradizionali prodotti monouso, questo \u00e8 un <strong>sistema multicamera<\/strong> che elimina l'affaticamento da sapore mantenendo stabile la produzione di vapore per un uso prolungato.<\/p>\n\n\n\n<h2 class=\"wp-block-heading\"><a href=\"https:\/\/vapemaison.com\/product-category\/puffs-count\/70k-puffs\/\">70k Bign\u00e8<\/a> - Costruito per gli utenti pi\u00f9 esigenti<\/h2>\n\n\n\n<p>Il vantaggio principale di ZOOY TRIPLE 70000 \u00e8 la sua estrema capacit\u00e0 di soffio. Progettato per gli utenti pi\u00f9 assidui, riduce in modo significativo la necessit\u00e0 di sostituzioni frequenti.<\/p>\n\n\n\n<p>Questo lo rende ideale per:<\/p>\n\n\n\n<ul class=\"wp-block-list\">\n<li>Vapers giornalieri pesanti<\/li>\n\n\n\n<li>Acquirenti all'ingrosso alla ricerca di prodotti di alto valore<\/li>\n\n\n\n<li>Utenti che danno priorit\u00e0 a dispositivi di lunga durata<\/li>\n<\/ul>\n\n\n\n<p>Rispetto ai dispositivi standard da 5.000-15.000 puff, questo modello offre un ciclo di vita notevolmente pi\u00f9 lungo.<\/p>\n\n\n\n<h2 class=\"wp-block-heading\">Bobina a tripla maglia da 0,9\u03a9 - Produzione di aroma stabile<\/h2>\n\n\n\n<p>Il cuore del dispositivo \u00e8 costituito da un sistema di bobine a tripla maglia da 0,9\u03a9, progettato per una produzione di vapore costante.<\/p>\n\n\n\n<p>I vantaggi principali includono:<\/p>\n\n\n\n<ul class=\"wp-block-list\">\n<li>Risposta di riscaldamento pi\u00f9 rapida<\/li>\n\n\n\n<li>Anche la vaporizzazione dell'e-liquid<\/li>\n\n\n\n<li>Erogazione del sapore pi\u00f9 forte<\/li>\n\n\n\n<li>Nuvole lisce e dense<\/li>\n<\/ul>\n\n\n\n<p>Ogni camera funziona in modo indipendente, assicurando che il cambio di sapore non comprometta le prestazioni.<\/p>\n\n\n\n<p>\ud83d\udc49 Per saperne di pi\u00f9 sulla tecnologia delle bobine a rete:<\/p>\n\n\n\n<ul class=\"wp-block-list\">\n<li>Collegamento esterno: <a href=\"https:\/\/en.wikipedia.org\/wiki\/Electronic_cigarette\">https:\/\/en.wikipedia.org\/wiki\/Electronic_cigarette<\/a><\/li>\n<\/ul>\n\n\n\n<h2 class=\"wp-block-heading\">Sistema di commutazione del gusto 3 in 1<\/h2>\n\n\n\n<p>Questo dispositivo integra tre camere di aromi separate, consentendo agli utenti di passare da un aroma all'altro all'istante.<\/p>\n\n\n\n<p>Vantaggi:<\/p>\n\n\n\n<ul class=\"wp-block-list\">\n<li>Non \u00e8 necessario portare con s\u00e9 pi\u00f9 dispositivi<\/li>\n\n\n\n<li>Riduzione dell'affaticamento del gusto<\/li>\n\n\n\n<li>Esperienza di vaping dinamica per tutto il giorno<\/li>\n<\/ul>\n\n\n\n<p>Questa caratteristica affronta direttamente uno dei maggiori problemi nell'uso dei vape usa e getta: la monotonia.<\/p>\n\n\n\n<h2 class=\"wp-block-heading\">Display intelligente + batteria ricaricabile<\/h2>\n\n\n\n<p>ZOOY TRIPLE 70000 \u00e8 dotato di un display LED intelligente e di una batteria ricaricabile Type-C, che consente agli utenti di avere il pieno controllo sull'utilizzo.<\/p>\n\n\n\n<p>Il display visualizza:<\/p>\n\n\n\n<ul class=\"wp-block-list\">\n<li>Livello della batteria<\/li>\n\n\n\n<li>Livello di e-liquid (per camera di aromatizzazione)<\/li>\n<\/ul>\n\n\n\n<p>Sistema di batterie:<\/p>\n\n\n\n<ul class=\"wp-block-list\">\n<li>Ricarica rapida di Tipo-C<\/li>\n\n\n\n<li>Uscita stabile<\/li>\n\n\n\n<li>Progettato per supportare l'intero ciclo di vita di 70.000 puff<\/li>\n<\/ul>\n\n\n\n<h2 class=\"wp-block-heading\">Combinazioni di sapori (3 in 1)<\/h2>\n\n\n\n<p>Ogni dispositivo comprende tre aromi pre-abbinati, studiati per garantire equilibrio e variet\u00e0:<\/p>\n\n\n\n<ul class=\"wp-block-list\">\n<li>Anguria \/ Limone e lime \/ Ciliegia e Cola<\/li>\n\n\n\n<li>Anguria alla fragola \/ Ghiaccio al mirtillo \/ Amore 666<\/li>\n\n\n\n<li>Kiwi alla fragola \/ Ghiaccio all'anguria \/ Red Bull<\/li>\n\n\n\n<li>Triplo melone \/ Anguria fragola \/ Pesca limone<\/li>\n\n\n\n<li>Mr. Blue \/ Banana fragola \/ Limone lime<\/li>\n\n\n\n<li>Misto di frutti di bosco \/ Fragola Vaniglia Cola \/ Limone Cola<\/li>\n\n\n\n<li>Ghiaccio alla fragola \/ Menta al limone \/ Limone al frutto della passione<\/li>\n\n\n\n<li>Mirtillo Bubblegum \/ Amore 666 \/ Fragola Kiwi<\/li>\n\n\n\n<li>Limonata rosa \/ Fragola lampone ciliegia \/ Mirtillo ghiaccio<\/li>\n\n\n\n<li>Ghiaccio al mango \/ Aloe uva \/ Kiwi frutto della passione<\/li>\n<\/ul>\n\n\n\n<p>Queste combinazioni sono curate per fornire una progressione di sapori stratificata piuttosto che un gusto ripetitivo.<\/p>\n\n\n\n<h2 class=\"wp-block-heading\">Specifiche del prodotto<\/h2>\n\n\n\n<ul class=\"wp-block-list\">\n<li>Capacit\u00e0 di soffio: 70.000 soffi<\/li>\n\n\n\n<li>Bobina: Tripla bobina a rete da 0,9\u03a9<\/li>\n\n\n\n<li>Sistema di aromi: 3-in-1 commutabile<\/li>\n\n\n\n<li>Batteria: Ricaricabile<\/li>\n\n\n\n<li>Ricarica: Tipo-C<\/li>\n\n\n\n<li>Display: Schermo LED intelligente<\/li>\n\n\n\n<li>Peso: 140 g<\/li>\n\n\n\n<li>Dimensioni: 48 \u00d7 48 \u00d7 117 mm<\/li>\n<\/ul>\n\n\n\n<h2 class=\"wp-block-heading\">Perch\u00e9 scegliere ZOOY TRIPLE 70000<\/h2>\n\n\n\n<p>ZOOY TRIPLE 70000 non \u00e8 solo un'altra svapata usa e getta. \u00c8 un <strong>sistema ad alta capacit\u00e0 e multi-sapore<\/strong> progettato per gli utenti che desiderano la massima efficienza, prestazioni e flessibilit\u00e0 in un unico dispositivo.<\/p>\n\n\n\n<p>Combina:<\/p>\n\n\n\n<ul class=\"wp-block-list\">\n<li>Numero di soffi altissimo<\/li>\n\n\n\n<li>Tecnologia avanzata a tripla maglia<\/li>\n\n\n\n<li>Convenienza multi-sapore<\/li>\n\n\n\n<li>Monitoraggio dell'utilizzo in tempo reale<\/li>\n\n\n\n<li><\/li>\n<\/ul>","protected":false},"excerpt":{"rendered":"<p>If you&#8217;re looking for a disposable vape that goes beyond standard limits, the ZOOY TRIPLE 70000 delivers a completely different level of performance. Built with a 3-in-1 flavor switching system, triple mesh coil technology, and an ultra-high puff capacity of 70,000 puffs, this device is designed for users who demand longevity, consistency, and variety in [&hellip;]<\/p>\n","protected":false},"featured_media":27635,"comment_status":"open","ping_status":"closed","template":"","meta":[],"product_brand":[170],"product_cat":[138],"product_tag":[],"class_list":{"0":"post-27633","1":"product","2":"type-product","3":"status-publish","4":"has-post-thumbnail","6":"product_brand-zooy","7":"product_cat-70k-puffs","9":"first","10":"instock","11":"sale","12":"shipping-taxable","13":"purchasable","14":"product-type-variable"},"yoast_head":"<!-- This site is optimized with the Yoast SEO plugin v27.4 - https:\/\/yoast.com\/product\/yoast-seo-wordpress\/ -->\n<title>ZOOY TRIPLE 70000 Disposable Vape | 70k Puffs<\/title>\n<meta name=\"description\" content=\"Shop ZOOY TRIPLE 70000 disposable vape with 70,000 puffs, 3-in-1 flavor switching, triple 0.9\u03a9 mesh coil, smart display, and Type-C rechargeable battery.\" \/>\n<meta name=\"robots\" content=\"index, follow, max-snippet:-1, max-image-preview:large, max-video-preview:-1\" \/>\n<link rel=\"canonical\" href=\"https:\/\/vapemaison.com\/it\/prodotto\/zooy-triple-70000-puffs-3-in-1-vape-usa-e-getta\/\" \/>\n<meta property=\"og:locale\" content=\"it_IT\" \/>\n<meta property=\"og:type\" content=\"article\" \/>\n<meta property=\"og:title\" content=\"ZOOY TRIPLE 70000 Disposable Vape | 70k Puffs\" \/>\n<meta property=\"og:description\" content=\"Shop ZOOY TRIPLE 70000 disposable vape with 70,000 puffs, 3-in-1 flavor switching, triple 0.9\u03a9 mesh coil, smart display, and Type-C rechargeable battery.\" \/>\n<meta property=\"og:url\" content=\"https:\/\/vapemaison.com\/it\/prodotto\/zooy-triple-70000-puffs-3-in-1-vape-usa-e-getta\/\" \/>\n<meta property=\"og:site_name\" content=\"VapeMaison\" \/>\n<meta property=\"article:modified_time\" content=\"2026-03-20T07:21:16+00:00\" \/>\n<meta property=\"og:image\" content=\"https:\/\/vapemaison.com\/wp-content\/uploads\/2026\/03\/vapemaison-zooy-70000-70k-puffs-3-in-1-flavor-switch-vape.webp\" \/>\n\t<meta property=\"og:image:width\" content=\"2500\" \/>\n\t<meta property=\"og:image:height\" content=\"2500\" \/>\n\t<meta property=\"og:image:type\" content=\"image\/webp\" \/>\n<meta name=\"twitter:card\" content=\"summary_large_image\" \/>\n<meta name=\"twitter:label1\" content=\"Tempo di lettura stimato\" \/>\n\t<meta name=\"twitter:data1\" content=\"3 minuti\" \/>\n<!-- \/ Yoast SEO plugin. -->","yoast_head_json":{"title":"ZOOY TRIPLE 70000 Vape usa e getta | 70k Boccate","description":"Acquista ZOOY TRIPLE 70000 vape usa e getta con 70.000 boccate, commutazione di aroma 3 in 1, tripla bobina da 0,9\u03a9, display intelligente e batteria ricaricabile Type-C.","robots":{"index":"index","follow":"follow","max-snippet":"max-snippet:-1","max-image-preview":"max-image-preview:large","max-video-preview":"max-video-preview:-1"},"canonical":"https:\/\/vapemaison.com\/it\/prodotto\/zooy-triple-70000-puffs-3-in-1-vape-usa-e-getta\/","og_locale":"it_IT","og_type":"article","og_title":"ZOOY TRIPLE 70000 Disposable Vape | 70k Puffs","og_description":"Shop ZOOY TRIPLE 70000 disposable vape with 70,000 puffs, 3-in-1 flavor switching, triple 0.9\u03a9 mesh coil, smart display, and Type-C rechargeable battery.","og_url":"https:\/\/vapemaison.com\/it\/prodotto\/zooy-triple-70000-puffs-3-in-1-vape-usa-e-getta\/","og_site_name":"VapeMaison","article_modified_time":"2026-03-20T07:21:16+00:00","og_image":[{"width":2500,"height":2500,"url":"https:\/\/vapemaison.com\/wp-content\/uploads\/2026\/03\/vapemaison-zooy-70000-70k-puffs-3-in-1-flavor-switch-vape.webp","type":"image\/webp"}],"twitter_card":"summary_large_image","twitter_misc":{"Tempo di lettura stimato":"3 minuti"},"schema":{"@context":"https:\/\/schema.org","@graph":[{"@type":"WebPage","@id":"https:\/\/vapemaison.com\/product\/zooy-triple-70000-puffs-3-in-1-disposable-vape\/","url":"https:\/\/vapemaison.com\/product\/zooy-triple-70000-puffs-3-in-1-disposable-vape\/","name":"ZOOY TRIPLE 70000 Vape usa e getta | 70k Boccate","isPartOf":{"@id":"https:\/\/vapemaison.com\/#website"},"primaryImageOfPage":{"@id":"https:\/\/vapemaison.com\/product\/zooy-triple-70000-puffs-3-in-1-disposable-vape\/#primaryimage"},"image":{"@id":"https:\/\/vapemaison.com\/product\/zooy-triple-70000-puffs-3-in-1-disposable-vape\/#primaryimage"},"thumbnailUrl":"https:\/\/vapemaison.com\/wp-content\/uploads\/2026\/03\/vapemaison-zooy-70000-70k-puffs-3-in-1-flavor-switch-vape.webp","datePublished":"2026-03-04T10:04:29+00:00","dateModified":"2026-03-20T07:21:16+00:00","description":"Acquista ZOOY TRIPLE 70000 vape usa e getta con 70.000 boccate, commutazione di aroma 3 in 1, tripla bobina da 0,9\u03a9, display intelligente e batteria ricaricabile Type-C.","breadcrumb":{"@id":"https:\/\/vapemaison.com\/product\/zooy-triple-70000-puffs-3-in-1-disposable-vape\/#breadcrumb"},"inLanguage":"it-IT","potentialAction":[{"@type":"ReadAction","target":["https:\/\/vapemaison.com\/product\/zooy-triple-70000-puffs-3-in-1-disposable-vape\/"]}]},{"@type":"ImageObject","inLanguage":"it-IT","@id":"https:\/\/vapemaison.com\/product\/zooy-triple-70000-puffs-3-in-1-disposable-vape\/#primaryimage","url":"https:\/\/vapemaison.com\/wp-content\/uploads\/2026\/03\/vapemaison-zooy-70000-70k-puffs-3-in-1-flavor-switch-vape.webp","contentUrl":"https:\/\/vapemaison.com\/wp-content\/uploads\/2026\/03\/vapemaison-zooy-70000-70k-puffs-3-in-1-flavor-switch-vape.webp","width":2500,"height":2500,"caption":"Vapemaison Zooy 70k Puffs 3 In 1 Flavor Switch Vape"},{"@type":"BreadcrumbList","@id":"https:\/\/vapemaison.com\/product\/zooy-triple-70000-puffs-3-in-1-disposable-vape\/#breadcrumb","itemListElement":[{"@type":"ListItem","position":1,"name":"\u9996\u9875","item":"https:\/\/vapemaison.com\/"},{"@type":"ListItem","position":2,"name":"Shop","item":"https:\/\/vapemaison.com\/shop\/"},{"@type":"ListItem","position":3,"name":"Zooy","item":"https:\/\/vapemaison.com\/brand\/zooy\/"},{"@type":"ListItem","position":4,"name":"ZOOY TRIPLE 70000 Puffs\u2013 3-in-1 Disposable Vape"}]},{"@type":"WebSite","@id":"https:\/\/vapemaison.com\/#website","url":"https:\/\/vapemaison.com\/","name":"VapeMaison","description":"Dispositivi e accessori per il vaping di alta qualit\u00e0","publisher":{"@id":"https:\/\/vapemaison.com\/#organization"},"potentialAction":[{"@type":"SearchAction","target":{"@type":"EntryPoint","urlTemplate":"https:\/\/vapemaison.com\/?s={search_term_string}"},"query-input":{"@type":"PropertyValueSpecification","valueRequired":true,"valueName":"search_term_string"}}],"inLanguage":"it-IT"},{"@type":"Organization","@id":"https:\/\/vapemaison.com\/#organization","name":"VapeMaison","url":"https:\/\/vapemaison.com\/","logo":{"@type":"ImageObject","inLanguage":"it-IT","@id":"https:\/\/vapemaison.com\/#\/schema\/logo\/image\/","url":"https:\/\/vapemaison.com\/wp-content\/uploads\/2026\/01\/cropped-vapemaison-logo-g-2026.webp","contentUrl":"https:\/\/vapemaison.com\/wp-content\/uploads\/2026\/01\/cropped-vapemaison-logo-g-2026.webp","width":350,"height":280,"caption":"VapeMaison"},"image":{"@id":"https:\/\/vapemaison.com\/#\/schema\/logo\/image\/"},"sameAs":["https:\/\/www.youtube.com\/@VapeMaison"]}]}},"tiered_pricing_type":"fixed","tiered_pricing_fixed_rules":{"30":"11.63","50":"10.99","100":"9.48","200":"8.99"},"tiered_pricing_product_settings":{"layout":"default","base_unit_name":{"singular":null,"plural":null},"default_variation":null},"tiered_pricing_minimum_quantity":10,"tiered_pricing_roles_data":[],"tiered_pricing_percentage_rules":[],"tiered_pricing_maximum_quantity":null,"tiered_pricing_quantity_step":"10","_links":{"self":[{"href":"https:\/\/vapemaison.com\/it\/wp-json\/wp\/v2\/product\/27633","targetHints":{"allow":["GET"]}}],"collection":[{"href":"https:\/\/vapemaison.com\/it\/wp-json\/wp\/v2\/product"}],"about":[{"href":"https:\/\/vapemaison.com\/it\/wp-json\/wp\/v2\/types\/product"}],"replies":[{"embeddable":true,"href":"https:\/\/vapemaison.com\/it\/wp-json\/wp\/v2\/comments?post=27633"}],"version-history":[{"count":2,"href":"https:\/\/vapemaison.com\/it\/wp-json\/wp\/v2\/product\/27633\/revisions"}],"predecessor-version":[{"id":28218,"href":"https:\/\/vapemaison.com\/it\/wp-json\/wp\/v2\/product\/27633\/revisions\/28218"}],"wp:featuredmedia":[{"embeddable":true,"href":"https:\/\/vapemaison.com\/it\/wp-json\/wp\/v2\/media\/27635"}],"wp:attachment":[{"href":"https:\/\/vapemaison.com\/it\/wp-json\/wp\/v2\/media?parent=27633"}],"wp:term":[{"taxonomy":"product_brand","embeddable":true,"href":"https:\/\/vapemaison.com\/it\/wp-json\/wp\/v2\/product_brand?post=27633"},{"taxonomy":"product_cat","embeddable":true,"href":"https:\/\/vapemaison.com\/it\/wp-json\/wp\/v2\/product_cat?post=27633"},{"taxonomy":"product_tag","embeddable":true,"href":"https:\/\/vapemaison.com\/it\/wp-json\/wp\/v2\/product_tag?post=27633"}],"curies":[{"name":"wp","href":"https:\/\/api.w.org\/{rel}","templated":true}]}}