

{"id":27868,"date":"2026-03-12T03:34:34","date_gmt":"2026-03-12T03:34:34","guid":{"rendered":"https:\/\/vapemaison.com\/?post_type=product&#038;p=27868"},"modified":"2026-03-12T03:34:39","modified_gmt":"2026-03-12T03:34:39","slug":"fumot-digital-monkey-40000-40k-puffs-vape-monouso","status":"publish","type":"product","link":"https:\/\/vapemaison.com\/it\/product\/fumot-digital-monkey-40000-40k-puffs-disposable-vape\/","title":{"rendered":"Fumot Digital Monkey 40000 40K boccate di vapore monouso"},"content":{"rendered":"<p>Il <strong>Fumot Digital Monkey 40000 40K boccate di vapore monouso<\/strong> \u00e8 un potente aggiornamento del noto software <strong>Fumot 12000<\/strong>. Progettato con tecnologia avanzata e un aspetto moderno, questo dispositivo combina <strong>prestazioni della bobina a doppia maglia, un display intelligente e modalit\u00e0 di vaping selezionabili<\/strong> per offrire un'esperienza di vaping pi\u00f9 interattiva.<\/p>\n\n\n\n<p>Innanzitutto, il dispositivo \u00e8 dotato di un <strong>elegante esterno smaltato<\/strong> insieme all'iconico <strong>\u201cGrafica \u201dScimmia digitale<\/strong>, conferendogli un aspetto distintivo e di qualit\u00e0. Allo stesso tempo, il <strong>grande schermo frontale intelligente<\/strong> visualizza in tempo reale le informazioni essenziali, tra cui <strong>il livello della batteria, lo stato dell'e-liquid e la modalit\u00e0 di vaping attuale<\/strong>.<\/p>\n\n\n\n<h2 class=\"wp-block-heading\">Display intelligente con informazioni in tempo reale<\/h2>\n\n\n\n<p>Una delle caratteristiche principali del Digital Monkey <strong>puff 40k<\/strong> \u00e8 il suo <strong>sistema di visualizzazione intelligente integrato<\/strong>. Lo schermo non solo mette in risalto il design di Digital Monkey, ma fornisce anche <strong>dati operativi in tempo reale<\/strong> per un'esperienza di vaping pi\u00f9 comoda.<\/p>\n\n\n\n<p>Il display visualizza:<\/p>\n\n\n\n<ul class=\"wp-block-list\">\n<li>Rimanente <strong>livello della batteria<\/strong><\/li>\n\n\n\n<li><strong>Livello di e-liquid<\/strong><\/li>\n\n\n\n<li>Attuale <strong>modalit\u00e0 vaping<\/strong><\/li>\n\n\n\n<li>Indicatori di stato del dispositivo<\/li>\n<\/ul>\n\n\n\n<p>Di conseguenza, gli utenti possono monitorare facilmente il dispositivo ed evitare interruzioni impreviste.<\/p>\n\n\n\n<h2 class=\"wp-block-heading\">Modalit\u00e0 di vaping a doppio motore<\/h2>\n\n\n\n<p>Inoltre, il dispositivo offre <strong>due modalit\u00e0 di alimentazione selezionabili<\/strong> per adattarsi ai diversi stili di vaping.<\/p>\n\n\n\n<p><strong>Modalit\u00e0 doppio motore (D)<\/strong><br>Produce un vapore pi\u00f9 forte e un aroma pi\u00f9 intenso.<\/p>\n\n\n\n<p><strong>Modalit\u00e0 motore singolo (S)<\/strong><br>Fornisce un vaping quotidiano pi\u00f9 fluido ed equilibrato.<\/p>\n\n\n\n<p>Inoltre, il passaggio da una modalit\u00e0 all'altra \u00e8 semplice. \u00c8 sufficiente premere il tasto <strong>situato nella parte inferiore del dispositivo<\/strong>.<\/p>\n\n\n\n<h2 class=\"wp-block-heading\">Tecnologia a doppia bobina a rete<\/h2>\n\n\n\n<p>Un'altra caratteristica fondamentale \u00e8 la <strong>Sistema di bobine a doppia maglia<\/strong>. Rispetto alle bobine tradizionali, questo design utilizza <strong>due strati di materiale riscaldante a rete<\/strong>, che aumenta la superficie di contatto con l'e-liquid.<\/p>\n\n\n\n<p>Grazie a questa struttura:<\/p>\n\n\n\n<ul class=\"wp-block-list\">\n<li>La distribuzione del calore diventa pi\u00f9 uniforme<\/li>\n\n\n\n<li>La produzione di vapore diventa pi\u00f9 fluida<\/li>\n\n\n\n<li>L'intensit\u00e0 del sapore migliora significativamente<\/li>\n<\/ul>\n\n\n\n<p>Pertanto, ogni soffio fornisce un <strong>gusto pi\u00f9 ricco e soddisfacente<\/strong>.<\/p>\n\n\n\n<h2 class=\"wp-block-heading\">Batteria ricaricabile per un uso prolungato<\/h2>\n\n\n\n<p>Nel frattempo, il dispositivo \u00e8 alimentato da un <strong>Batteria ricaricabile da 850 mAh<\/strong> con <strong>Ricarica rapida USB-C<\/strong>. Ci\u00f2 consente agli utenti di ricaricare il dispositivo pi\u00f9 volte durante la sua vita.<\/p>\n\n\n\n<p>Di conseguenza, la batteria non si esaurir\u00e0 prima che il <strong>e-liquido pre-riempito<\/strong> \u00e8 completamente utilizzato, garantendo un'esperienza di vaping pi\u00f9 lunga e affidabile.<\/p>\n\n\n\n<h2 class=\"wp-block-heading\">Specifiche rapide<\/h2>\n\n\n\n<p>Bign\u00e8: <strong>Fino a 40.000 boccate<\/strong><br>Batteria: <strong>850 mAh ricaricabile (USB-C)<\/strong><br>Bobina: <strong>Bobina a doppia maglia<\/strong><br>Display: <strong>Schermo intelligente (batteria, livello di e-liquid, indicatore di modalit\u00e0)<\/strong><br>Capacit\u00e0 del liquido elettronico: <strong>16mL pre-riempito<\/strong><br>Forza della nicotina: <strong>2% (20mg) \/ 5% (50mg)<\/strong><br>Modalit\u00e0: <strong>Doppio motore (D) \/ Motore singolo (S)<\/strong><br>Design: <strong>Esterno smaltato + grafica digitale Monkey<\/strong><\/p>\n\n\n\n<h2 class=\"wp-block-heading\">Gusti disponibili<\/h2>\n\n\n\n<p>Ghiaccio alla banana<br>Anguria alla fragola<br>Zecca di Miami<br>Mirtillo Lampone<br>Ghiaccio nero<br>Ghiaccio gommoso bianco<br>Ghiaccio all'anguria<br>Ghiaccio alla pesca succosa<br>Limonata rosa<br>Mango alla fragola<br>Pesca, mango e anguria<br>Uva e limone<br>Esplosione arcobaleno tropicale<br>Bomba alla ciliegia<br>Caramelle alla menta e fragola<br>Doppia mela<\/p>","protected":false},"excerpt":{"rendered":"<p>Fumot Digital Monkey 40000 combina le prestazioni della bobina a doppia maglia, la tecnologia dello schermo intelligente e le modalit\u00e0 di vaping commutabili.<br data-start=\"3810\" data-end=\"3813\" \/>Con un massimo di 40.000 boccate e una batteria ricaricabile da 850 mAh, offre un'esperienza di vaping potente e di lunga durata.<\/p>","protected":false},"featured_media":27882,"comment_status":"open","ping_status":"closed","template":"","meta":[],"product_brand":[58],"product_cat":[135],"product_tag":[],"class_list":{"0":"post-27868","1":"product","2":"type-product","3":"status-publish","4":"has-post-thumbnail","6":"product_brand-fumot","7":"product_cat-40k-puffs","9":"first","10":"instock","11":"sale","12":"shipping-taxable","13":"purchasable","14":"product-type-variable"},"yoast_head":"<!-- This site is optimized with the Yoast SEO plugin v27.4 - https:\/\/yoast.com\/product\/yoast-seo-wordpress\/ -->\n<title>Fumot Digital Monkey 40000 40K Puffs Disposable Vape<\/title>\n<meta name=\"description\" content=\"Fumot Digital Monkey 40000 disposable vape with dual mesh coil, smart display, dual modes and rechargeable 850mAh battery. Up to 40K puffs.\" \/>\n<meta name=\"robots\" content=\"index, follow, max-snippet:-1, max-image-preview:large, max-video-preview:-1\" \/>\n<link rel=\"canonical\" href=\"https:\/\/vapemaison.com\/it\/prodotto\/fumot-digital-monkey-40000-40k-puffs-vape-monouso\/\" \/>\n<meta property=\"og:locale\" content=\"it_IT\" \/>\n<meta property=\"og:type\" content=\"article\" \/>\n<meta property=\"og:title\" content=\"Fumot Digital Monkey 40000 40K Puffs Disposable Vape\" \/>\n<meta property=\"og:description\" content=\"Fumot Digital Monkey 40000 disposable vape with dual mesh coil, smart display, dual modes and rechargeable 850mAh battery. Up to 40K puffs.\" \/>\n<meta property=\"og:url\" content=\"https:\/\/vapemaison.com\/it\/prodotto\/fumot-digital-monkey-40000-40k-puffs-vape-monouso\/\" \/>\n<meta property=\"og:site_name\" content=\"VapeMaison\" \/>\n<meta property=\"article:modified_time\" content=\"2026-03-12T03:34:39+00:00\" \/>\n<meta property=\"og:image\" content=\"https:\/\/vapemaison.com\/wp-content\/uploads\/2026\/03\/vapemaison-fumot-digital-monkey-40000-puffs-strawberry-watermelon.webp\" \/>\n\t<meta property=\"og:image:width\" content=\"1000\" \/>\n\t<meta property=\"og:image:height\" content=\"1000\" \/>\n\t<meta property=\"og:image:type\" content=\"image\/webp\" \/>\n<meta name=\"twitter:card\" content=\"summary_large_image\" \/>\n<meta name=\"twitter:label1\" content=\"Tempo di lettura stimato\" \/>\n\t<meta name=\"twitter:data1\" content=\"3 minuti\" \/>\n<!-- \/ Yoast SEO plugin. -->","yoast_head_json":{"title":"Fumot Digital Monkey 40000 40K boccate di vapore monouso","description":"Fumot Digital Monkey 40000 vape monouso con doppia bobina a rete, display intelligente, doppia modalit\u00e0 e batteria ricaricabile da 850mAh. Fino a 40.000 boccate.","robots":{"index":"index","follow":"follow","max-snippet":"max-snippet:-1","max-image-preview":"max-image-preview:large","max-video-preview":"max-video-preview:-1"},"canonical":"https:\/\/vapemaison.com\/it\/prodotto\/fumot-digital-monkey-40000-40k-puffs-vape-monouso\/","og_locale":"it_IT","og_type":"article","og_title":"Fumot Digital Monkey 40000 40K Puffs Disposable Vape","og_description":"Fumot Digital Monkey 40000 disposable vape with dual mesh coil, smart display, dual modes and rechargeable 850mAh battery. Up to 40K puffs.","og_url":"https:\/\/vapemaison.com\/it\/prodotto\/fumot-digital-monkey-40000-40k-puffs-vape-monouso\/","og_site_name":"VapeMaison","article_modified_time":"2026-03-12T03:34:39+00:00","og_image":[{"width":1000,"height":1000,"url":"https:\/\/vapemaison.com\/wp-content\/uploads\/2026\/03\/vapemaison-fumot-digital-monkey-40000-puffs-strawberry-watermelon.webp","type":"image\/webp"}],"twitter_card":"summary_large_image","twitter_misc":{"Tempo di lettura stimato":"3 minuti"},"schema":{"@context":"https:\/\/schema.org","@graph":[{"@type":"WebPage","@id":"https:\/\/vapemaison.com\/product\/fumot-digital-monkey-40000-40k-puffs-disposable-vape\/","url":"https:\/\/vapemaison.com\/product\/fumot-digital-monkey-40000-40k-puffs-disposable-vape\/","name":"Fumot Digital Monkey 40000 40K boccate di vapore monouso","isPartOf":{"@id":"https:\/\/vapemaison.com\/#website"},"primaryImageOfPage":{"@id":"https:\/\/vapemaison.com\/product\/fumot-digital-monkey-40000-40k-puffs-disposable-vape\/#primaryimage"},"image":{"@id":"https:\/\/vapemaison.com\/product\/fumot-digital-monkey-40000-40k-puffs-disposable-vape\/#primaryimage"},"thumbnailUrl":"https:\/\/vapemaison.com\/wp-content\/uploads\/2026\/03\/vapemaison-fumot-digital-monkey-40000-puffs-strawberry-watermelon.webp","datePublished":"2026-03-12T03:34:34+00:00","dateModified":"2026-03-12T03:34:39+00:00","description":"Fumot Digital Monkey 40000 vape monouso con doppia bobina a rete, display intelligente, doppia modalit\u00e0 e batteria ricaricabile da 850mAh. Fino a 40.000 boccate.","breadcrumb":{"@id":"https:\/\/vapemaison.com\/product\/fumot-digital-monkey-40000-40k-puffs-disposable-vape\/#breadcrumb"},"inLanguage":"it-IT","potentialAction":[{"@type":"ReadAction","target":["https:\/\/vapemaison.com\/product\/fumot-digital-monkey-40000-40k-puffs-disposable-vape\/"]}]},{"@type":"ImageObject","inLanguage":"it-IT","@id":"https:\/\/vapemaison.com\/product\/fumot-digital-monkey-40000-40k-puffs-disposable-vape\/#primaryimage","url":"https:\/\/vapemaison.com\/wp-content\/uploads\/2026\/03\/vapemaison-fumot-digital-monkey-40000-puffs-strawberry-watermelon.webp","contentUrl":"https:\/\/vapemaison.com\/wp-content\/uploads\/2026\/03\/vapemaison-fumot-digital-monkey-40000-puffs-strawberry-watermelon.webp","width":1000,"height":1000,"caption":"Vapemaison Fumot Digital Monkey Puffs Strawberry Watermelon"},{"@type":"BreadcrumbList","@id":"https:\/\/vapemaison.com\/product\/fumot-digital-monkey-40000-40k-puffs-disposable-vape\/#breadcrumb","itemListElement":[{"@type":"ListItem","position":1,"name":"\u9996\u9875","item":"https:\/\/vapemaison.com\/"},{"@type":"ListItem","position":2,"name":"Shop","item":"https:\/\/vapemaison.com\/shop\/"},{"@type":"ListItem","position":3,"name":"Fumot","item":"https:\/\/vapemaison.com\/brand\/fumot\/"},{"@type":"ListItem","position":4,"name":"Fumot Digital Monkey 40000 40K Puffs Disposable Vape"}]},{"@type":"WebSite","@id":"https:\/\/vapemaison.com\/#website","url":"https:\/\/vapemaison.com\/","name":"VapeMaison","description":"Dispositivi e accessori per il vaping di alta qualit\u00e0","publisher":{"@id":"https:\/\/vapemaison.com\/#organization"},"potentialAction":[{"@type":"SearchAction","target":{"@type":"EntryPoint","urlTemplate":"https:\/\/vapemaison.com\/?s={search_term_string}"},"query-input":{"@type":"PropertyValueSpecification","valueRequired":true,"valueName":"search_term_string"}}],"inLanguage":"it-IT"},{"@type":"Organization","@id":"https:\/\/vapemaison.com\/#organization","name":"VapeMaison","url":"https:\/\/vapemaison.com\/","logo":{"@type":"ImageObject","inLanguage":"it-IT","@id":"https:\/\/vapemaison.com\/#\/schema\/logo\/image\/","url":"https:\/\/vapemaison.com\/wp-content\/uploads\/2026\/01\/cropped-vapemaison-logo-g-2026.webp","contentUrl":"https:\/\/vapemaison.com\/wp-content\/uploads\/2026\/01\/cropped-vapemaison-logo-g-2026.webp","width":350,"height":280,"caption":"VapeMaison"},"image":{"@id":"https:\/\/vapemaison.com\/#\/schema\/logo\/image\/"},"sameAs":["https:\/\/www.youtube.com\/@VapeMaison"]}]}},"tiered_pricing_type":"fixed","tiered_pricing_fixed_rules":{"30":"9.78","50":"8.99","100":"8.45","200":"7.99"},"tiered_pricing_product_settings":{"layout":"default","base_unit_name":{"singular":null,"plural":null},"default_variation":null},"tiered_pricing_minimum_quantity":10,"tiered_pricing_roles_data":[],"tiered_pricing_percentage_rules":[],"tiered_pricing_maximum_quantity":null,"tiered_pricing_quantity_step":"10","_links":{"self":[{"href":"https:\/\/vapemaison.com\/it\/wp-json\/wp\/v2\/product\/27868","targetHints":{"allow":["GET"]}}],"collection":[{"href":"https:\/\/vapemaison.com\/it\/wp-json\/wp\/v2\/product"}],"about":[{"href":"https:\/\/vapemaison.com\/it\/wp-json\/wp\/v2\/types\/product"}],"replies":[{"embeddable":true,"href":"https:\/\/vapemaison.com\/it\/wp-json\/wp\/v2\/comments?post=27868"}],"version-history":[{"count":4,"href":"https:\/\/vapemaison.com\/it\/wp-json\/wp\/v2\/product\/27868\/revisions"}],"predecessor-version":[{"id":27921,"href":"https:\/\/vapemaison.com\/it\/wp-json\/wp\/v2\/product\/27868\/revisions\/27921"}],"wp:featuredmedia":[{"embeddable":true,"href":"https:\/\/vapemaison.com\/it\/wp-json\/wp\/v2\/media\/27882"}],"wp:attachment":[{"href":"https:\/\/vapemaison.com\/it\/wp-json\/wp\/v2\/media?parent=27868"}],"wp:term":[{"taxonomy":"product_brand","embeddable":true,"href":"https:\/\/vapemaison.com\/it\/wp-json\/wp\/v2\/product_brand?post=27868"},{"taxonomy":"product_cat","embeddable":true,"href":"https:\/\/vapemaison.com\/it\/wp-json\/wp\/v2\/product_cat?post=27868"},{"taxonomy":"product_tag","embeddable":true,"href":"https:\/\/vapemaison.com\/it\/wp-json\/wp\/v2\/product_tag?post=27868"}],"curies":[{"name":"wp","href":"https:\/\/api.w.org\/{rel}","templated":true}]}}