

{"id":27998,"date":"2026-03-14T08:19:34","date_gmt":"2026-03-14T08:19:34","guid":{"rendered":"https:\/\/vapemaison.com\/?post_type=product&#038;p=27998"},"modified":"2026-04-03T09:27:57","modified_gmt":"2026-04-03T09:27:57","slug":"bang-leader-stoll-350k-puff-8-in-1-vape-usa-e-getta","status":"publish","type":"product","link":"https:\/\/vapemaison.com\/it\/product\/bang-leader-stoll-350k-puffs-8-in-1-disposable-vape\/","title":{"rendered":"Bang Leader Stoll 350K Puffs 8-in-1 Vape usa e getta"},"content":{"rendered":"<p>Il <strong>Bang Leader Stoll 350K<\/strong> \u00e8 stato progettato per i vapers che esigono <strong>massima variet\u00e0 di sapori<\/strong> e <strong>prestazioni di lunga durata<\/strong> in un unico dispositivo. Invece di portare con s\u00e9 pi\u00f9 prodotti usa e getta, questo innovativo vape combina <strong>8 gusti in uno<\/strong>, che consente di cambiare istantaneamente sapore in qualsiasi momento e ovunque. Esplorate altre opzioni sul nostro <a href=\"https:\/\/vapemaison.com\/shop\/\">pagina del negozio<\/a> o vedere l'intero <a href=\"https:\/\/vapemaison.com\/brand\/bang\/\">Collezione del marchio Bang<\/a>.<\/p>\n\n\n\n<h2 class=\"wp-block-heading\">Punti salienti<\/h2>\n\n\n\n<ul class=\"wp-block-list\">\n<li><strong>Grande capacit\u00e0 di soffio:<\/strong> Fino a <strong>350.000 soffi<\/strong>, che lo rende uno dei dispositivi monouso con la pi\u00f9 alta capacit\u00e0 sul mercato. Scoprite i dispositivi correlati, come <a href=\"https:\/\/vapemaison.com\/product\/bang-king-250k-4-in-1-disposable-vape\/\" type=\"link\" id=\"https:\/\/vapemaison.com\/product\/bang-king-250k-4-in-1-disposable-vape\/\">Bang 250K<\/a> o <a href=\"https:\/\/vapemaison.com\/product\/bang-king-200k-200000-puffs-8-in-1-flavor-disposable-vape\/\" type=\"link\" id=\"https:\/\/vapemaison.com\/product\/bang-leader-stoll-350k-puffs-8-in-1-disposable-vape\/\">Bang 200K<\/a>.<\/li>\n\n\n\n<li><strong>Sistema di aromi 8 in 1:<\/strong> Passate istantaneamente da un aroma all'altro, per un'esperienza sempre nuova, per tutta la durata del dispositivo.<\/li>\n\n\n\n<li><strong>Display intelligente:<\/strong> Lo schermo montato lateralmente mostra <strong>livello della batteria<\/strong>, <strong>Stato dell'e-liquid<\/strong>, e <strong>informazioni sull'uso<\/strong>, in modo da sapere sempre quando \u00e8 il momento di ricaricare.<\/li>\n\n\n\n<li><strong>Prestazioni di lunga durata:<\/strong> Dotato di un <strong>Batteria ricaricabile da 650 mAh<\/strong>, fornendo un'alimentazione stabile per un uso prolungato.<\/li>\n\n\n\n<li><strong>Ricarica rapida USB-C:<\/strong> Ricarica comoda con i cavi USB Type-C standard.<\/li>\n\n\n\n<li><strong>Tecnologia della bobina a rete:<\/strong> Assicura un flusso d'aria regolare, un vapore denso e un sapore ricco ad ogni boccata.<\/li>\n<\/ul>\n\n\n\n<h2 class=\"wp-block-heading\">Specifiche del prodotto<\/h2>\n\n\n\n<figure class=\"wp-block-table\"><table class=\"has-fixed-layout\"><thead><tr><th>Caratteristica<\/th><th>Descrizione<\/th><\/tr><\/thead><tbody><tr><td>Capacit\u00e0 di soffio<\/td><td>Fino a 350.000 soffi<\/td><\/tr><tr><td>Sistema di aromatizzazione<\/td><td>8 gusti in 1 dispositivo<\/td><\/tr><tr><td>Batteria<\/td><td>650mAh Ricaricabile<\/td><\/tr><tr><td>Porta di ricarica<\/td><td>USB Tipo-C<\/td><\/tr><tr><td>Tipo di bobina<\/td><td>Bobina a maglia da 1,0\u03a9<\/td><\/tr><tr><td>Opzioni di nicotina<\/td><td>0%, 2%, 3%, 5%<\/td><\/tr><tr><td>Display<\/td><td>Schermo intelligente (livello della batteria e del liquido elettronico)<\/td><\/tr><tr><td>Consigliato per<\/td><td>Vapers alla ricerca di dispositivi di lunga durata con molteplici aromi<\/td><\/tr><\/tbody><\/table><\/figure>\n\n\n\n<h2 class=\"wp-block-heading\">Combinazioni di sapori<\/h2>\n\n\n\n<p>Ghiaccio Blue Razz - Ghiaccio all'anguria - Ghiaccio alla fragola - Lime<br>Ghiaccio al mirtillo - Frutti tropicali - Ghiaccio al kiwi e mela - Ciliegia blu<br>Ciliegia Cola - Pesca Limone - Limonata Rosa - Mango Frutto della Passione<br>Fragola Kiwi Mirtillo - Mango Menta - Ananas Fragola - Anguria Ghiaccio<br>Kiwi Dragon Berry - Mirtillo Anguria - Fragola Banana - Ghiaccio alla Ciliegia<br>Anguria fragola - Ananas cocco ghiaccio - Kiwi frutto della passione - Guava - Uva scoppiata<br>Red Bull - Ciliegia Melograno - Anguria - Limone Lime<br>Ghiaccio all'anguria - Fucking Fab - Lampone alla fragola - Ghiaccio al kiwi alla mela<br>Ghiaccio all'uva - Amore 66 - Ghiaccio al mirtillo - Ghiaccio al frutto del drago<br>Ghiaccio all'anguria - Anguria alla fragola - Anguria al lampone - Lampone al mirtillo<br>Anguria alla pesca e al mango - Mirtillo e ciliegia - Anguria al frutto del drago - Bacio della passione<br>Fragola lampone - Fragola kiwi - Fragola ghiaccio - Pesca mango anguria<\/p>\n\n\n\n<h2 class=\"wp-block-heading\">Perch\u00e9 scegliere Bang Leader Stoll 350K?<\/h2>\n\n\n\n<ol class=\"wp-block-list\">\n<li><strong>Variet\u00e0 definitiva:<\/strong> 8 gusti in un unico dispositivo consentono di assaporare pi\u00f9 gusti senza dover portare con s\u00e9 pi\u00f9 prodotti usa e getta.<\/li>\n\n\n\n<li><strong>Alta capacit\u00e0:<\/strong> Fino a 350.000 soffi assicura un uso prolungato e riduce la frequenza di sostituzione.<\/li>\n\n\n\n<li><strong>Monitoraggio conveniente:<\/strong> Il display intelligente vi tiene informati sui livelli di batteria e di e-liquid.<\/li>\n\n\n\n<li><strong>Prestazioni stabili:<\/strong> La bobina a rete e la batteria ricaricabile garantiscono una qualit\u00e0 di vapore costante dall'inizio alla fine.<\/li>\n\n\n\n<li><strong>Opzioni personalizzabili:<\/strong> Supporta vari livelli di nicotina e possibilit\u00e0 di branding OEM\/ODM.<\/li>\n<\/ol>","protected":false},"excerpt":{"rendered":"<p>Bang Leader Stoll 350K Disposable Vape \u00e8 dotato di un innovativo sistema di aromi 8-in-1, display intelligente e batteria ricaricabile. Con un massimo di 350.000 boccate, offre un'esperienza di svapo estremamente duratura e versatile.<\/p>","protected":false},"featured_media":27999,"comment_status":"open","ping_status":"closed","template":"","meta":[],"product_brand":[57],"product_cat":[319,294],"product_tag":[],"class_list":{"0":"post-27998","1":"product","2":"type-product","3":"status-publish","4":"has-post-thumbnail","6":"product_brand-bang","7":"product_cat-350k-puffs","8":"product_cat-no-nicotine-vape","10":"first","11":"instock","12":"sale","13":"shipping-taxable","14":"purchasable","15":"product-type-variable"},"yoast_head":"<!-- This site is optimized with the Yoast SEO plugin v27.4 - https:\/\/yoast.com\/product\/yoast-seo-wordpress\/ -->\n<title>Bang Leader Stoll 350K Puffs 8-in-1 Disposable Vape<\/title>\n<meta name=\"description\" content=\"Bang Leader Stoll 350K disposable vape with 8 flavors in one device, smart display, mesh coil and rechargeable 650mAh battery. Up to 350000 puffs.\" \/>\n<meta name=\"robots\" content=\"index, follow, max-snippet:-1, max-image-preview:large, max-video-preview:-1\" \/>\n<link rel=\"canonical\" href=\"https:\/\/vapemaison.com\/it\/prodotto\/bang-leader-stoll-350k-puff-8-in-1-vape-usa-e-getta\/\" \/>\n<meta property=\"og:locale\" content=\"it_IT\" \/>\n<meta property=\"og:type\" content=\"article\" \/>\n<meta property=\"og:title\" content=\"Bang Leader Stoll 350K Puffs 8-in-1 Disposable Vape\" \/>\n<meta property=\"og:description\" content=\"Bang Leader Stoll 350K disposable vape with 8 flavors in one device, smart display, mesh coil and rechargeable 650mAh battery. Up to 350000 puffs.\" \/>\n<meta property=\"og:url\" content=\"https:\/\/vapemaison.com\/it\/prodotto\/bang-leader-stoll-350k-puff-8-in-1-vape-usa-e-getta\/\" \/>\n<meta property=\"og:site_name\" content=\"VapeMaison\" \/>\n<meta property=\"article:modified_time\" content=\"2026-04-03T09:27:57+00:00\" \/>\n<meta property=\"og:image\" content=\"https:\/\/vapemaison.com\/wp-content\/uploads\/2026\/03\/bang-leader-stoll-350000-puffs-8in1-disposable-vape.webp\" \/>\n\t<meta property=\"og:image:width\" content=\"800\" \/>\n\t<meta property=\"og:image:height\" content=\"800\" \/>\n\t<meta property=\"og:image:type\" content=\"image\/webp\" \/>\n<meta name=\"twitter:card\" content=\"summary_large_image\" \/>\n<meta name=\"twitter:label1\" content=\"Tempo di lettura stimato\" \/>\n\t<meta name=\"twitter:data1\" content=\"3 minuti\" \/>\n<!-- \/ Yoast SEO plugin. -->","yoast_head_json":{"title":"Bang Leader Stoll 350K Puffs 8-in-1 Vape usa e getta","description":"Bang Leader Stoll 350K vape monouso con 8 aromi in un unico dispositivo, display intelligente, coil a rete e batteria ricaricabile da 650mAh. Fino a 350000 boccate.","robots":{"index":"index","follow":"follow","max-snippet":"max-snippet:-1","max-image-preview":"max-image-preview:large","max-video-preview":"max-video-preview:-1"},"canonical":"https:\/\/vapemaison.com\/it\/prodotto\/bang-leader-stoll-350k-puff-8-in-1-vape-usa-e-getta\/","og_locale":"it_IT","og_type":"article","og_title":"Bang Leader Stoll 350K Puffs 8-in-1 Disposable Vape","og_description":"Bang Leader Stoll 350K disposable vape with 8 flavors in one device, smart display, mesh coil and rechargeable 650mAh battery. Up to 350000 puffs.","og_url":"https:\/\/vapemaison.com\/it\/prodotto\/bang-leader-stoll-350k-puff-8-in-1-vape-usa-e-getta\/","og_site_name":"VapeMaison","article_modified_time":"2026-04-03T09:27:57+00:00","og_image":[{"width":800,"height":800,"url":"https:\/\/vapemaison.com\/wp-content\/uploads\/2026\/03\/bang-leader-stoll-350000-puffs-8in1-disposable-vape.webp","type":"image\/webp"}],"twitter_card":"summary_large_image","twitter_misc":{"Tempo di lettura stimato":"3 minuti"},"schema":{"@context":"https:\/\/schema.org","@graph":[{"@type":"WebPage","@id":"https:\/\/vapemaison.com\/product\/bang-leader-stoll-350k-puffs-8-in-1-disposable-vape\/","url":"https:\/\/vapemaison.com\/product\/bang-leader-stoll-350k-puffs-8-in-1-disposable-vape\/","name":"Bang Leader Stoll 350K Puffs 8-in-1 Vape usa e getta","isPartOf":{"@id":"https:\/\/vapemaison.com\/#website"},"primaryImageOfPage":{"@id":"https:\/\/vapemaison.com\/product\/bang-leader-stoll-350k-puffs-8-in-1-disposable-vape\/#primaryimage"},"image":{"@id":"https:\/\/vapemaison.com\/product\/bang-leader-stoll-350k-puffs-8-in-1-disposable-vape\/#primaryimage"},"thumbnailUrl":"https:\/\/vapemaison.com\/wp-content\/uploads\/2026\/03\/bang-leader-stoll-350000-puffs-8in1-disposable-vape.webp","datePublished":"2026-03-14T08:19:34+00:00","dateModified":"2026-04-03T09:27:57+00:00","description":"Bang Leader Stoll 350K vape monouso con 8 aromi in un unico dispositivo, display intelligente, coil a rete e batteria ricaricabile da 650mAh. Fino a 350000 boccate.","breadcrumb":{"@id":"https:\/\/vapemaison.com\/product\/bang-leader-stoll-350k-puffs-8-in-1-disposable-vape\/#breadcrumb"},"inLanguage":"it-IT","potentialAction":[{"@type":"ReadAction","target":["https:\/\/vapemaison.com\/product\/bang-leader-stoll-350k-puffs-8-in-1-disposable-vape\/"]}]},{"@type":"ImageObject","inLanguage":"it-IT","@id":"https:\/\/vapemaison.com\/product\/bang-leader-stoll-350k-puffs-8-in-1-disposable-vape\/#primaryimage","url":"https:\/\/vapemaison.com\/wp-content\/uploads\/2026\/03\/bang-leader-stoll-350000-puffs-8in1-disposable-vape.webp","contentUrl":"https:\/\/vapemaison.com\/wp-content\/uploads\/2026\/03\/bang-leader-stoll-350000-puffs-8in1-disposable-vape.webp","width":800,"height":800,"caption":"Bang Leader Stoll Puffs 8in1 Disposable Vape"},{"@type":"BreadcrumbList","@id":"https:\/\/vapemaison.com\/product\/bang-leader-stoll-350k-puffs-8-in-1-disposable-vape\/#breadcrumb","itemListElement":[{"@type":"ListItem","position":1,"name":"\u9996\u9875","item":"https:\/\/vapemaison.com\/"},{"@type":"ListItem","position":2,"name":"Shop","item":"https:\/\/vapemaison.com\/shop\/"},{"@type":"ListItem","position":3,"name":"Bang","item":"https:\/\/vapemaison.com\/brand\/bang\/"},{"@type":"ListItem","position":4,"name":"Bang Leader Stoll 350K Puffs 8-in-1 Disposable Vape"}]},{"@type":"WebSite","@id":"https:\/\/vapemaison.com\/#website","url":"https:\/\/vapemaison.com\/","name":"VapeMaison","description":"Dispositivi e accessori per il vaping di alta qualit\u00e0","publisher":{"@id":"https:\/\/vapemaison.com\/#organization"},"potentialAction":[{"@type":"SearchAction","target":{"@type":"EntryPoint","urlTemplate":"https:\/\/vapemaison.com\/?s={search_term_string}"},"query-input":{"@type":"PropertyValueSpecification","valueRequired":true,"valueName":"search_term_string"}}],"inLanguage":"it-IT"},{"@type":"Organization","@id":"https:\/\/vapemaison.com\/#organization","name":"VapeMaison","url":"https:\/\/vapemaison.com\/","logo":{"@type":"ImageObject","inLanguage":"it-IT","@id":"https:\/\/vapemaison.com\/#\/schema\/logo\/image\/","url":"https:\/\/vapemaison.com\/wp-content\/uploads\/2026\/01\/cropped-vapemaison-logo-g-2026.webp","contentUrl":"https:\/\/vapemaison.com\/wp-content\/uploads\/2026\/01\/cropped-vapemaison-logo-g-2026.webp","width":350,"height":280,"caption":"VapeMaison"},"image":{"@id":"https:\/\/vapemaison.com\/#\/schema\/logo\/image\/"},"sameAs":["https:\/\/www.youtube.com\/@VapeMaison"]}]}},"tiered_pricing_type":"fixed","tiered_pricing_fixed_rules":{"30":"11.45","50":"10.99","100":"10.56","200":"9.99"},"tiered_pricing_product_settings":{"layout":"default","base_unit_name":{"singular":null,"plural":null},"default_variation":null},"tiered_pricing_minimum_quantity":10,"tiered_pricing_roles_data":[],"tiered_pricing_percentage_rules":[],"tiered_pricing_maximum_quantity":null,"tiered_pricing_quantity_step":"10","_links":{"self":[{"href":"https:\/\/vapemaison.com\/it\/wp-json\/wp\/v2\/product\/27998","targetHints":{"allow":["GET"]}}],"collection":[{"href":"https:\/\/vapemaison.com\/it\/wp-json\/wp\/v2\/product"}],"about":[{"href":"https:\/\/vapemaison.com\/it\/wp-json\/wp\/v2\/types\/product"}],"replies":[{"embeddable":true,"href":"https:\/\/vapemaison.com\/it\/wp-json\/wp\/v2\/comments?post=27998"}],"version-history":[{"count":8,"href":"https:\/\/vapemaison.com\/it\/wp-json\/wp\/v2\/product\/27998\/revisions"}],"predecessor-version":[{"id":28472,"href":"https:\/\/vapemaison.com\/it\/wp-json\/wp\/v2\/product\/27998\/revisions\/28472"}],"wp:featuredmedia":[{"embeddable":true,"href":"https:\/\/vapemaison.com\/it\/wp-json\/wp\/v2\/media\/27999"}],"wp:attachment":[{"href":"https:\/\/vapemaison.com\/it\/wp-json\/wp\/v2\/media?parent=27998"}],"wp:term":[{"taxonomy":"product_brand","embeddable":true,"href":"https:\/\/vapemaison.com\/it\/wp-json\/wp\/v2\/product_brand?post=27998"},{"taxonomy":"product_cat","embeddable":true,"href":"https:\/\/vapemaison.com\/it\/wp-json\/wp\/v2\/product_cat?post=27998"},{"taxonomy":"product_tag","embeddable":true,"href":"https:\/\/vapemaison.com\/it\/wp-json\/wp\/v2\/product_tag?post=27998"}],"curies":[{"name":"wp","href":"https:\/\/api.w.org\/{rel}","templated":true}]}}