

{"id":28060,"date":"2026-03-14T09:40:00","date_gmt":"2026-03-14T09:40:00","guid":{"rendered":"https:\/\/vapemaison.com\/?post_type=product&#038;p=28060"},"modified":"2026-03-14T09:40:05","modified_gmt":"2026-03-14T09:40:05","slug":"cialda-preriempita-jnr-powermate-30k","status":"publish","type":"product","link":"https:\/\/vapemaison.com\/it\/product\/jnr-powermate-30k-prefilled-pod\/","title":{"rendered":"Pod preriempito JNR PowerMate 30K"},"content":{"rendered":"<p>Il <strong>Pod preriempito JNR PowerMate 30K<\/strong> \u00e8 stato progettato per offrire un'esperienza di vaping comoda e di lunga durata. Creato appositamente per il <strong>Kit da svapo JNR PowerMate 30K<\/strong>, Questa capsula preriempita combina un'elevata capacit\u00e0 di e-liquid con un'avanzata tecnologia delle bobine, rendendola l'opzione ideale per gli utenti che desiderano prestazioni e semplicit\u00e0.<\/p>\n\n\n\n<p>Prima di tutto, la capsula viene <strong>pre-riempito con 19 ml di e-liquid<\/strong>, che garantisce un utilizzo significativamente pi\u00f9 lungo rispetto a molte cialde monouso standard. Di conseguenza, gli utenti possono godere di sessioni di svapo prolungate senza dover sostituire frequentemente le cialde.<\/p>\n\n\n\n<p>Inoltre, il <strong>bobina a doppia maglia con resistenza da 1,0\u03a9<\/strong> garantisce una produzione di vapore omogenea e costante. Poich\u00e9 le bobine a rete offrono una superficie di riscaldamento pi\u00f9 ampia, l'e-liquid si riscalda in modo pi\u00f9 uniforme. Di conseguenza, ogni boccata fornisce <strong>sapore pi\u00f9 ricco, vapore pi\u00f9 fluido e prestazioni pi\u00f9 soddisfacenti<\/strong>.<\/p>\n\n\n\n<p>Inoltre, la capsula PowerMate 30K \u00e8 dotata di una <strong>sistema di connessione magnetica<\/strong>, che consente di agganciarlo rapidamente e saldamente al dispositivo PowerMate compatibile. Questo design non solo semplifica l'installazione, ma garantisce anche prestazioni stabili durante l'uso.<\/p>\n\n\n\n<p>Un altro vantaggio \u00e8 la <strong>compatibilit\u00e0 con il power bank esterno<\/strong> del sistema PowerMate. Quando \u00e8 collegato al kit di svapo PowerMate, il dispositivo pu\u00f2 essere alimentato comodamente, il che lo rende adatto a sessioni di svapo pi\u00f9 lunghe senza preoccuparsi dei limiti della batteria.<\/p>\n\n\n\n<p>Con un impressionante <strong>Capacit\u00e0 di 30.000 soffi<\/strong>, JNR PowerMate 30K si distingue da molti sistemi a cialde monouso presenti sul mercato. Pertanto, offre un eccellente equilibrio tra <strong>lunga durata, forte erogazione di aromi e design facile da usare<\/strong>.<\/p>\n\n\n\n<h2 class=\"wp-block-heading\">Caratteristiche principali<\/h2>\n\n\n\n<p>Progettato per <strong>Kit da svapo JNR PowerMate 30K<\/strong><br>Pre-riempito <strong>Capacit\u00e0 di 19 ml di e-liquido<\/strong><br>Fino a <strong>30.000 Bign\u00e8<\/strong><br><strong>Tecnologia a doppia bobina a rete<\/strong><br>Resistenza: <strong>1.0\u03a9<\/strong><br><strong>Collegamento del Pod magnetico<\/strong><br>Vapore omogeneo e ricco di gusto<br>Disponibile in <strong>10 opzioni di gusto<\/strong><\/p>\n\n\n\n<h2 class=\"wp-block-heading\">Gusti disponibili<\/h2>\n\n\n\n<p>Ghiaccio Blu Razz<br>Ghiaccio alla fragola<br>Ghiaccio all'anguria<br>Zecca di Miami<br>Fragola e banana<br>Pesca, mango e anguria<br>Fragola Kiwi<br>Ghiaccio alla mela acida<br>Fottutamente fantastico<\/p>","protected":false},"excerpt":{"rendered":"<p>The JNR PowerMate 30K Prefilled Pod is designed to deliver a convenient and long-lasting vaping experience. Created specifically for the JNR PowerMate 30K Vape Kit, this prefilled pod combines high e-liquid capacity with advanced coil technology, making it an ideal option for users who want both performance and simplicity. First of all, the pod comes [&hellip;]<\/p>\n","protected":false},"featured_media":28065,"comment_status":"open","ping_status":"closed","template":"","meta":[],"product_brand":[168],"product_cat":[134],"product_tag":[],"class_list":{"0":"post-28060","1":"product","2":"type-product","3":"status-publish","4":"has-post-thumbnail","6":"product_brand-jnr","7":"product_cat-30k-puffs","9":"first","10":"instock","11":"sale","12":"shipping-taxable","13":"purchasable","14":"product-type-variable"},"yoast_head":"<!-- This site is optimized with the Yoast SEO plugin v27.4 - https:\/\/yoast.com\/product\/yoast-seo-wordpress\/ -->\n<title>JNR PowerMate 30K Prefilled Pod | 19ml Dual Mesh Pod<\/title>\n<meta name=\"description\" content=\"JNR PowerMate 30K prefilled pod with 19ml e-liquid and dual mesh coil. Up to 30000 puffs, magnetic connection, and rich flavor options.\" \/>\n<meta name=\"robots\" content=\"index, follow, max-snippet:-1, max-image-preview:large, max-video-preview:-1\" \/>\n<link rel=\"canonical\" href=\"https:\/\/vapemaison.com\/it\/prodotto\/cialda-preriempita-jnr-powermate-30k\/\" \/>\n<meta property=\"og:locale\" content=\"it_IT\" \/>\n<meta property=\"og:type\" content=\"article\" \/>\n<meta property=\"og:title\" content=\"JNR PowerMate 30K Prefilled Pod | 19ml Dual Mesh Pod\" \/>\n<meta property=\"og:description\" content=\"JNR PowerMate 30K prefilled pod with 19ml e-liquid and dual mesh coil. Up to 30000 puffs, magnetic connection, and rich flavor options.\" \/>\n<meta property=\"og:url\" content=\"https:\/\/vapemaison.com\/it\/prodotto\/cialda-preriempita-jnr-powermate-30k\/\" \/>\n<meta property=\"og:site_name\" content=\"VapeMaison\" \/>\n<meta property=\"article:modified_time\" content=\"2026-03-14T09:40:05+00:00\" \/>\n<meta property=\"og:image\" content=\"https:\/\/vapemaison.com\/wp-content\/uploads\/2026\/03\/vapemaison-jnr-power-mate-30k-puff-vape5-cherry-strawberry-raspberry.webp\" \/>\n\t<meta property=\"og:image:width\" content=\"804\" \/>\n\t<meta property=\"og:image:height\" content=\"804\" \/>\n\t<meta property=\"og:image:type\" content=\"image\/webp\" \/>\n<meta name=\"twitter:card\" content=\"summary_large_image\" \/>\n<meta name=\"twitter:label1\" content=\"Tempo di lettura stimato\" \/>\n\t<meta name=\"twitter:data1\" content=\"2 minuti\" \/>\n<!-- \/ Yoast SEO plugin. -->","yoast_head_json":{"title":"JNR PowerMate 30K Pod preriempito | 19ml Dual Mesh Pod","description":"JNR PowerMate 30K pod preriempito con 19ml di e-liquid e doppia bobina a rete. Fino a 30000 boccate, connessione magnetica e ricche opzioni di sapore.","robots":{"index":"index","follow":"follow","max-snippet":"max-snippet:-1","max-image-preview":"max-image-preview:large","max-video-preview":"max-video-preview:-1"},"canonical":"https:\/\/vapemaison.com\/it\/prodotto\/cialda-preriempita-jnr-powermate-30k\/","og_locale":"it_IT","og_type":"article","og_title":"JNR PowerMate 30K Prefilled Pod | 19ml Dual Mesh Pod","og_description":"JNR PowerMate 30K prefilled pod with 19ml e-liquid and dual mesh coil. Up to 30000 puffs, magnetic connection, and rich flavor options.","og_url":"https:\/\/vapemaison.com\/it\/prodotto\/cialda-preriempita-jnr-powermate-30k\/","og_site_name":"VapeMaison","article_modified_time":"2026-03-14T09:40:05+00:00","og_image":[{"width":804,"height":804,"url":"https:\/\/vapemaison.com\/wp-content\/uploads\/2026\/03\/vapemaison-jnr-power-mate-30k-puff-vape5-cherry-strawberry-raspberry.webp","type":"image\/webp"}],"twitter_card":"summary_large_image","twitter_misc":{"Tempo di lettura stimato":"2 minuti"},"schema":{"@context":"https:\/\/schema.org","@graph":[{"@type":"WebPage","@id":"https:\/\/vapemaison.com\/product\/jnr-powermate-30k-prefilled-pod\/","url":"https:\/\/vapemaison.com\/product\/jnr-powermate-30k-prefilled-pod\/","name":"JNR PowerMate 30K Pod preriempito | 19ml Dual Mesh Pod","isPartOf":{"@id":"https:\/\/vapemaison.com\/#website"},"primaryImageOfPage":{"@id":"https:\/\/vapemaison.com\/product\/jnr-powermate-30k-prefilled-pod\/#primaryimage"},"image":{"@id":"https:\/\/vapemaison.com\/product\/jnr-powermate-30k-prefilled-pod\/#primaryimage"},"thumbnailUrl":"https:\/\/vapemaison.com\/wp-content\/uploads\/2026\/03\/vapemaison-jnr-power-mate-30k-puff-vape5-cherry-strawberry-raspberry.webp","datePublished":"2026-03-14T09:40:00+00:00","dateModified":"2026-03-14T09:40:05+00:00","description":"JNR PowerMate 30K pod preriempito con 19ml di e-liquid e doppia bobina a rete. Fino a 30000 boccate, connessione magnetica e ricche opzioni di sapore.","breadcrumb":{"@id":"https:\/\/vapemaison.com\/product\/jnr-powermate-30k-prefilled-pod\/#breadcrumb"},"inLanguage":"it-IT","potentialAction":[{"@type":"ReadAction","target":["https:\/\/vapemaison.com\/product\/jnr-powermate-30k-prefilled-pod\/"]}]},{"@type":"ImageObject","inLanguage":"it-IT","@id":"https:\/\/vapemaison.com\/product\/jnr-powermate-30k-prefilled-pod\/#primaryimage","url":"https:\/\/vapemaison.com\/wp-content\/uploads\/2026\/03\/vapemaison-jnr-power-mate-30k-puff-vape5-cherry-strawberry-raspberry.webp","contentUrl":"https:\/\/vapemaison.com\/wp-content\/uploads\/2026\/03\/vapemaison-jnr-power-mate-30k-puff-vape5-cherry-strawberry-raspberry.webp","width":804,"height":804,"caption":"Vapemaison Jnr Power Mate 30k Puff Vape5 Cherry Strawberry Raspberry"},{"@type":"BreadcrumbList","@id":"https:\/\/vapemaison.com\/product\/jnr-powermate-30k-prefilled-pod\/#breadcrumb","itemListElement":[{"@type":"ListItem","position":1,"name":"\u9996\u9875","item":"https:\/\/vapemaison.com\/"},{"@type":"ListItem","position":2,"name":"Shop","item":"https:\/\/vapemaison.com\/shop\/"},{"@type":"ListItem","position":3,"name":"JNR","item":"https:\/\/vapemaison.com\/brand\/jnr\/"},{"@type":"ListItem","position":4,"name":"JNR PowerMate 30K Prefilled Pod"}]},{"@type":"WebSite","@id":"https:\/\/vapemaison.com\/#website","url":"https:\/\/vapemaison.com\/","name":"VapeMaison","description":"Dispositivi e accessori per il vaping di alta qualit\u00e0","publisher":{"@id":"https:\/\/vapemaison.com\/#organization"},"potentialAction":[{"@type":"SearchAction","target":{"@type":"EntryPoint","urlTemplate":"https:\/\/vapemaison.com\/?s={search_term_string}"},"query-input":{"@type":"PropertyValueSpecification","valueRequired":true,"valueName":"search_term_string"}}],"inLanguage":"it-IT"},{"@type":"Organization","@id":"https:\/\/vapemaison.com\/#organization","name":"VapeMaison","url":"https:\/\/vapemaison.com\/","logo":{"@type":"ImageObject","inLanguage":"it-IT","@id":"https:\/\/vapemaison.com\/#\/schema\/logo\/image\/","url":"https:\/\/vapemaison.com\/wp-content\/uploads\/2026\/01\/cropped-vapemaison-logo-g-2026.webp","contentUrl":"https:\/\/vapemaison.com\/wp-content\/uploads\/2026\/01\/cropped-vapemaison-logo-g-2026.webp","width":350,"height":280,"caption":"VapeMaison"},"image":{"@id":"https:\/\/vapemaison.com\/#\/schema\/logo\/image\/"},"sameAs":["https:\/\/www.youtube.com\/@VapeMaison"]}]}},"tiered_pricing_type":"fixed","tiered_pricing_fixed_rules":{"30":"10.99","50":"10.63","100":"9.52","200":"8.99"},"tiered_pricing_product_settings":{"layout":"default","base_unit_name":{"singular":null,"plural":null},"default_variation":null},"tiered_pricing_minimum_quantity":10,"tiered_pricing_roles_data":[],"tiered_pricing_percentage_rules":[],"tiered_pricing_maximum_quantity":null,"tiered_pricing_quantity_step":"13","_links":{"self":[{"href":"https:\/\/vapemaison.com\/it\/wp-json\/wp\/v2\/product\/28060","targetHints":{"allow":["GET"]}}],"collection":[{"href":"https:\/\/vapemaison.com\/it\/wp-json\/wp\/v2\/product"}],"about":[{"href":"https:\/\/vapemaison.com\/it\/wp-json\/wp\/v2\/types\/product"}],"replies":[{"embeddable":true,"href":"https:\/\/vapemaison.com\/it\/wp-json\/wp\/v2\/comments?post=28060"}],"version-history":[{"count":1,"href":"https:\/\/vapemaison.com\/it\/wp-json\/wp\/v2\/product\/28060\/revisions"}],"predecessor-version":[{"id":28076,"href":"https:\/\/vapemaison.com\/it\/wp-json\/wp\/v2\/product\/28060\/revisions\/28076"}],"wp:featuredmedia":[{"embeddable":true,"href":"https:\/\/vapemaison.com\/it\/wp-json\/wp\/v2\/media\/28065"}],"wp:attachment":[{"href":"https:\/\/vapemaison.com\/it\/wp-json\/wp\/v2\/media?parent=28060"}],"wp:term":[{"taxonomy":"product_brand","embeddable":true,"href":"https:\/\/vapemaison.com\/it\/wp-json\/wp\/v2\/product_brand?post=28060"},{"taxonomy":"product_cat","embeddable":true,"href":"https:\/\/vapemaison.com\/it\/wp-json\/wp\/v2\/product_cat?post=28060"},{"taxonomy":"product_tag","embeddable":true,"href":"https:\/\/vapemaison.com\/it\/wp-json\/wp\/v2\/product_tag?post=28060"}],"curies":[{"name":"wp","href":"https:\/\/api.w.org\/{rel}","templated":true}]}}