

{"id":28251,"date":"2026-03-23T07:42:42","date_gmt":"2026-03-23T07:42:42","guid":{"rendered":"https:\/\/vapemaison.com\/?post_type=product&#038;p=28251"},"modified":"2026-04-11T06:06:08","modified_gmt":"2026-04-11T06:06:08","slug":"airmez-xbeats-40k-vape-monouso-con-auricolari-tws","status":"publish","type":"product","link":"https:\/\/vapemaison.com\/it\/product\/airmez-xbeats-40k-disposable-vape-with-tws-earbuds\/","title":{"rendered":"AiRMEZ Xbeats 40K Vape usa e getta con auricolari TWS"},"content":{"rendered":"<p>AiRMEZ Xbeats Vape 40K non \u00e8 una semplice svapata usa e getta: \u00e8 stata costruita per gli utenti che vogliono di pi\u00f9 da un singolo dispositivo. Combinando una svapata ad alta capacit\u00e0 con <strong>auricolari Bluetooth TWS integrati<\/strong>, consente di passare dal vaping all'ascolto senza dover portare con s\u00e9 altri strumenti.<\/p>\n\n\n\n<p>Se siete in viaggio o semplicemente volete meno cose in tasca, questo design all-in-one mantiene le cose semplici e funzionali.<\/p>\n\n\n\n<h3 class=\"wp-block-heading\">Vape e audio in un unico dispositivo<\/h3>\n\n\n\n<p>Ci\u00f2 che contraddistingue gli Xbeat \u00e8 il sistema integrato di <strong>Auricolari TWS Bluetooth 5.0<\/strong>, Il dispositivo \u00e8 perfettamente integrato nel dispositivo. \u00c8 possibile ascoltare la musica, rispondere alle chiamate o rimanere connessi mentre si utilizza il vape, senza bisogno di una custodia o di un caricabatterie separato.<\/p>\n\n\n\n<p>\u00c8 una configurazione pratica per:<\/p>\n\n\n\n<ul class=\"wp-block-list\">\n<li>pendolarismo<\/li>\n\n\n\n<li>viaggio<\/li>\n\n\n\n<li>trasporto quotidiano<\/li>\n<\/ul>\n\n\n\n<h3 class=\"wp-block-heading\">Prestazioni e sapore costanti<\/h3>\n\n\n\n<p>Il dispositivo utilizza <strong>Bobine a doppia maglia Gen 2<\/strong>, che contribuiscono a mantenere un riscaldamento uniforme e una produzione di vapore stabile. Rispetto alle bobine standard, questa configurazione offre:<\/p>\n\n\n\n<ul class=\"wp-block-list\">\n<li>sorteggi pi\u00f9 fluidi<\/li>\n\n\n\n<li>erogazione del sapore pi\u00f9 chiara<\/li>\n\n\n\n<li>prestazioni pi\u00f9 costanti nel tempo<\/li>\n<\/ul>\n\n\n\n<p>Con un <strong>Capacit\u00e0 di 20 ml di e-liquido preriempito<\/strong> e fino a <strong>40.000 soffi<\/strong>, \u00c8 costruito per un uso prolungato senza frequenti sostituzioni.<\/p>\n\n\n\n<h3 class=\"wp-block-heading\">Facile monitoraggio e ricarica<\/h3>\n\n\n\n<p>A <strong>display digitale laterale<\/strong> mostra il livello della batteria e lo stato dell'e-liquid, in modo da sapere sempre quando ricaricare o sostituire il dispositivo.<\/p>\n\n\n\n<p>La batteria integrata supporta <strong>Ricarica USB Tipo-C<\/strong>, per un'accensione rapida e comoda con cavi standard.<\/p>\n\n\n\n<h3 class=\"wp-block-heading\">Funzionamento semplice e intuitivo<\/h3>\n\n\n\n<p>Il funzionamento di Xbeats \u00e8 semplice grazie a <strong>sparo attivato dal sorteggio<\/strong>, Ci\u00f2 significa che non ci sono pulsanti o impostazioni da gestire. \u00c8 sufficiente inspirare per utilizzarlo.<\/p>\n\n\n\n<h3 class=\"wp-block-heading\">Specifiche tecniche<\/h3>\n\n\n\n<figure class=\"wp-block-table\"><table class=\"has-fixed-layout\"><thead><tr><th>Parametro<\/th><th>Dettagli<\/th><\/tr><\/thead><tbody><tr><td>Modello<\/td><td>Xbeats 40K usa e getta<\/td><\/tr><tr><td>Conteggio dei soffi<\/td><td>Fino a 40.000 boccate<\/td><\/tr><tr><td>Capacit\u00e0 del liquido elettronico<\/td><td>20 ml (preriempito)<\/td><\/tr><tr><td>Forza della nicotina<\/td><td>5%<\/td><\/tr><tr><td>Tipo di bobina<\/td><td>Gen 2 a doppia maglia<\/td><\/tr><tr><td>Auricolari<\/td><td>TWS integrato (Bluetooth 5.0)<\/td><\/tr><tr><td>Display<\/td><td>Schermo digitale laterale (batteria \/ e-liquid)<\/td><\/tr><tr><td>Ricarica<\/td><td>USB Tipo-C<\/td><\/tr><tr><td>Attivazione<\/td><td>Attivato dal disegno<\/td><\/tr><\/tbody><\/table><\/figure>\n\n\n\n<h3 class=\"wp-block-heading\">Sapore e nicotina<\/h3>\n\n\n\n<p>1.Fragola Anguria Uva (5% Nicotina)<br>2.Summer Dream (5% Nicotina)<br>3.Kiwi Uva Lampone (5% Nicotina)<br>4.Cola frizzante alla ciliegia (nicotina 5%)<br>5.Mr Blu (5% Nicotina)<br>6.Fragola Kiwi (5% Nicotina)<br>7.Mirtillo Banana (5% Nicotina)<br>8.Mela doppia (5% Nicotina)<br>9.Blueberry Ice (5% Nicotina)<br>10.Ghiaccio all'anguria (5% Nicotina)<br>11.Tropical Punch (5% Nicotina)<br>12.Pesca succosa (nicotina 5%)<br>13.Cola Menta (5% Nicotina)<br>14.Ghiaccio all'ananas (nicotina 5%)<br>15.Mango Ice (5% Nicotina)<br>1.Blue Razz Ice (2% Nicotina)<br>2.Miami Menta (2% Nicotina)<br>3.Watermelon Ice (2% Nicotina)<br>4.Atl Menta (2% Nicotina)<br>6.Sour Apple Ice (2% Nicotina)<br>7.Banana Taffy Freeze (2% Nicotina)<br>8.Mora B-Pop (2% Nicotina)<br>9.Ice Pop (2% Nicotina)<br>10.Rancher blu (nicotina 2%)<br>11.Lampone Pesca Lime (2% Nicotina)<br>12.Sour Mango Ananas (2% Nicotina)<br>13.Cool Menta (2% Nicotina)<br>14.Sour Fcuking Fab (2% Nicotina)<br>15.Limone Teste (2% Nicotina)<\/p>\n\n\n\n<p>Se state esplorando altre opzioni al di l\u00e0 della <strong>AiRMEZ Xbeats 40K<\/strong>, Ma c'\u00e8 molto altro da scoprire. Potete sfogliare il nostro sito completo <strong><a href=\"https:\/\/vapemaison.com\/shop\/\" type=\"link\" id=\"https:\/\/vapemaison.com\/shop\/\">Acquista la collezione<\/a><\/strong> per trovare un'ampia gamma di vapori monouso ad alte prestazioni con diversi numeri di soffi, caratteristiche e profili di aromi per soddisfare le vostre preferenze.<\/p>\n\n\n\n<p>Se vi piace il design e l'innovazione di questo dispositivo, vi consigliamo di dare un'occhiata anche ad altri prodotti del marchio <strong><a href=\"https:\/\/vapemaison.com\/brand\/airmez\/\" type=\"link\" id=\"https:\/\/vapemaison.com\/brand\/airmez\/\">Linea Airmez<\/a><\/strong>, dove troverete modelli altrettanto avanzati con caratteristiche uniche e qualit\u00e0 costruttiva di alto livello.<\/p>\n\n\n\n<p>Per coloro che sono interessati a dispositivi di lunga durata, non perdetevi la nostra selezione di <strong><a href=\"https:\/\/vapemaison.com\/product-category\/puffs-count\/40k-puffs\/\" type=\"link\" id=\"https:\/\/vapemaison.com\/product-category\/puffs-count\/40k-puffs\/\">40K soffi<\/a><\/strong> vapes monouso. Queste opzioni offrono un uso prolungato, una ricca erogazione di aromi e un valore eccellente per gli utenti che desiderano un minor numero di sostituzioni senza compromettere le prestazioni.<\/p>\n\n\n\n<p>Scoprite di pi\u00f9 e trovate il vape perfetto che si adatta al vostro stile e alle vostre esigenze.<\/p>\n\n\n\n<p><\/p>","protected":false},"excerpt":{"rendered":"<p>The AiRMEZ Xbeats Vape 40K is not just a disposable vape\u2014it\u2019s built for users who want more from a single device. By combining a high-capacity vape with integrated TWS Bluetooth earbuds, it lets you switch between vaping and listening without carrying extra gear. Whether you&#8217;re on the move or just want fewer things in your [&hellip;]<\/p>\n","protected":false},"featured_media":28256,"comment_status":"open","ping_status":"closed","template":"","meta":[],"product_brand":[314],"product_cat":[135],"product_tag":[],"class_list":{"0":"post-28251","1":"product","2":"type-product","3":"status-publish","4":"has-post-thumbnail","6":"product_brand-airmez","7":"product_cat-40k-puffs","9":"first","10":"instock","11":"sale","12":"shipping-taxable","13":"purchasable","14":"product-type-variable"},"yoast_head":"<!-- This site is optimized with the Yoast SEO plugin v27.4 - https:\/\/yoast.com\/product\/yoast-seo-wordpress\/ -->\n<title>AiRMEZ Xbeats 40K Vape with TWS Earbuds | 40000 Puffs<\/title>\n<meta name=\"description\" content=\"AiRMEZ Xbeats 40K disposable vape with built-in TWS earbuds, 40000 puffs, dual mesh coil and digital display. Vape and listen in one device.\" \/>\n<meta name=\"robots\" content=\"index, follow, max-snippet:-1, max-image-preview:large, max-video-preview:-1\" \/>\n<link rel=\"canonical\" href=\"https:\/\/vapemaison.com\/it\/prodotto\/airmez-xbeats-40k-vape-monouso-con-auricolari-tws\/\" \/>\n<meta property=\"og:locale\" content=\"it_IT\" \/>\n<meta property=\"og:type\" content=\"article\" \/>\n<meta property=\"og:title\" content=\"AiRMEZ Xbeats 40K Vape with TWS Earbuds | 40000 Puffs\" \/>\n<meta property=\"og:description\" content=\"AiRMEZ Xbeats 40K disposable vape with built-in TWS earbuds, 40000 puffs, dual mesh coil and digital display. Vape and listen in one device.\" \/>\n<meta property=\"og:url\" content=\"https:\/\/vapemaison.com\/it\/prodotto\/airmez-xbeats-40k-vape-monouso-con-auricolari-tws\/\" \/>\n<meta property=\"og:site_name\" content=\"VapeMaison\" \/>\n<meta property=\"article:modified_time\" content=\"2026-04-11T06:06:08+00:00\" \/>\n<meta property=\"og:image\" content=\"https:\/\/vapemaison.com\/wp-content\/uploads\/2026\/03\/vapemaison-airmez-xbeats-40000-puffs-vape-flavor-atl-mint-airmez-xbeats.webp\" \/>\n\t<meta property=\"og:image:width\" content=\"800\" \/>\n\t<meta property=\"og:image:height\" content=\"800\" \/>\n\t<meta property=\"og:image:type\" content=\"image\/webp\" \/>\n<meta name=\"twitter:card\" content=\"summary_large_image\" \/>\n<meta name=\"twitter:label1\" content=\"Tempo di lettura stimato\" \/>\n\t<meta name=\"twitter:data1\" content=\"3 minuti\" \/>\n<!-- \/ Yoast SEO plugin. -->","yoast_head_json":{"title":"AiRMEZ Xbeats 40K Vape con auricolari TWS | 40000 boccate","description":"AiRMEZ Xbeats 40K vape monouso con auricolari TWS integrati, 40000 puff, doppia bobina a rete e display digitale. Svapare e ascoltare in un unico dispositivo.","robots":{"index":"index","follow":"follow","max-snippet":"max-snippet:-1","max-image-preview":"max-image-preview:large","max-video-preview":"max-video-preview:-1"},"canonical":"https:\/\/vapemaison.com\/it\/prodotto\/airmez-xbeats-40k-vape-monouso-con-auricolari-tws\/","og_locale":"it_IT","og_type":"article","og_title":"AiRMEZ Xbeats 40K Vape with TWS Earbuds | 40000 Puffs","og_description":"AiRMEZ Xbeats 40K disposable vape with built-in TWS earbuds, 40000 puffs, dual mesh coil and digital display. Vape and listen in one device.","og_url":"https:\/\/vapemaison.com\/it\/prodotto\/airmez-xbeats-40k-vape-monouso-con-auricolari-tws\/","og_site_name":"VapeMaison","article_modified_time":"2026-04-11T06:06:08+00:00","og_image":[{"width":800,"height":800,"url":"https:\/\/vapemaison.com\/wp-content\/uploads\/2026\/03\/vapemaison-airmez-xbeats-40000-puffs-vape-flavor-atl-mint-airmez-xbeats.webp","type":"image\/webp"}],"twitter_card":"summary_large_image","twitter_misc":{"Tempo di lettura stimato":"3 minuti"},"schema":{"@context":"https:\/\/schema.org","@graph":[{"@type":"WebPage","@id":"https:\/\/vapemaison.com\/product\/airmez-xbeats-40k-disposable-vape-with-tws-earbuds\/","url":"https:\/\/vapemaison.com\/product\/airmez-xbeats-40k-disposable-vape-with-tws-earbuds\/","name":"AiRMEZ Xbeats 40K Vape con auricolari TWS | 40000 boccate","isPartOf":{"@id":"https:\/\/vapemaison.com\/#website"},"primaryImageOfPage":{"@id":"https:\/\/vapemaison.com\/product\/airmez-xbeats-40k-disposable-vape-with-tws-earbuds\/#primaryimage"},"image":{"@id":"https:\/\/vapemaison.com\/product\/airmez-xbeats-40k-disposable-vape-with-tws-earbuds\/#primaryimage"},"thumbnailUrl":"https:\/\/vapemaison.com\/wp-content\/uploads\/2026\/03\/vapemaison-airmez-xbeats-40000-puffs-vape-flavor-atl-mint-airmez-xbeats.webp","datePublished":"2026-03-23T07:42:42+00:00","dateModified":"2026-04-11T06:06:08+00:00","description":"AiRMEZ Xbeats 40K vape monouso con auricolari TWS integrati, 40000 puff, doppia bobina a rete e display digitale. Svapare e ascoltare in un unico dispositivo.","breadcrumb":{"@id":"https:\/\/vapemaison.com\/product\/airmez-xbeats-40k-disposable-vape-with-tws-earbuds\/#breadcrumb"},"inLanguage":"it-IT","potentialAction":[{"@type":"ReadAction","target":["https:\/\/vapemaison.com\/product\/airmez-xbeats-40k-disposable-vape-with-tws-earbuds\/"]}]},{"@type":"ImageObject","inLanguage":"it-IT","@id":"https:\/\/vapemaison.com\/product\/airmez-xbeats-40k-disposable-vape-with-tws-earbuds\/#primaryimage","url":"https:\/\/vapemaison.com\/wp-content\/uploads\/2026\/03\/vapemaison-airmez-xbeats-40000-puffs-vape-flavor-atl-mint-airmez-xbeats.webp","contentUrl":"https:\/\/vapemaison.com\/wp-content\/uploads\/2026\/03\/vapemaison-airmez-xbeats-40000-puffs-vape-flavor-atl-mint-airmez-xbeats.webp","width":800,"height":800,"caption":"Vapemaison Airmez Xbeats Puffs Vape Flavor Atl Mint"},{"@type":"BreadcrumbList","@id":"https:\/\/vapemaison.com\/product\/airmez-xbeats-40k-disposable-vape-with-tws-earbuds\/#breadcrumb","itemListElement":[{"@type":"ListItem","position":1,"name":"\u9996\u9875","item":"https:\/\/vapemaison.com\/"},{"@type":"ListItem","position":2,"name":"Shop","item":"https:\/\/vapemaison.com\/shop\/"},{"@type":"ListItem","position":3,"name":"Airmez","item":"https:\/\/vapemaison.com\/brand\/airmez\/"},{"@type":"ListItem","position":4,"name":"AiRMEZ Xbeats 40K Disposable Vape with TWS Earbuds"}]},{"@type":"WebSite","@id":"https:\/\/vapemaison.com\/#website","url":"https:\/\/vapemaison.com\/","name":"VapeMaison","description":"Dispositivi e accessori per il vaping di alta qualit\u00e0","publisher":{"@id":"https:\/\/vapemaison.com\/#organization"},"potentialAction":[{"@type":"SearchAction","target":{"@type":"EntryPoint","urlTemplate":"https:\/\/vapemaison.com\/?s={search_term_string}"},"query-input":{"@type":"PropertyValueSpecification","valueRequired":true,"valueName":"search_term_string"}}],"inLanguage":"it-IT"},{"@type":"Organization","@id":"https:\/\/vapemaison.com\/#organization","name":"VapeMaison","url":"https:\/\/vapemaison.com\/","logo":{"@type":"ImageObject","inLanguage":"it-IT","@id":"https:\/\/vapemaison.com\/#\/schema\/logo\/image\/","url":"https:\/\/vapemaison.com\/wp-content\/uploads\/2026\/01\/cropped-vapemaison-logo-g-2026.webp","contentUrl":"https:\/\/vapemaison.com\/wp-content\/uploads\/2026\/01\/cropped-vapemaison-logo-g-2026.webp","width":350,"height":280,"caption":"VapeMaison"},"image":{"@id":"https:\/\/vapemaison.com\/#\/schema\/logo\/image\/"},"sameAs":["https:\/\/www.youtube.com\/@VapeMaison"]}]}},"tiered_pricing_type":"fixed","tiered_pricing_fixed_rules":{"30":"10.99","50":"10.45","100":"9.99","200":"9.56"},"tiered_pricing_product_settings":{"layout":"default","base_unit_name":{"singular":null,"plural":null},"default_variation":null},"tiered_pricing_minimum_quantity":10,"tiered_pricing_roles_data":[],"tiered_pricing_percentage_rules":[],"tiered_pricing_maximum_quantity":null,"tiered_pricing_quantity_step":"10","_links":{"self":[{"href":"https:\/\/vapemaison.com\/it\/wp-json\/wp\/v2\/product\/28251","targetHints":{"allow":["GET"]}}],"collection":[{"href":"https:\/\/vapemaison.com\/it\/wp-json\/wp\/v2\/product"}],"about":[{"href":"https:\/\/vapemaison.com\/it\/wp-json\/wp\/v2\/types\/product"}],"replies":[{"embeddable":true,"href":"https:\/\/vapemaison.com\/it\/wp-json\/wp\/v2\/comments?post=28251"}],"version-history":[{"count":4,"href":"https:\/\/vapemaison.com\/it\/wp-json\/wp\/v2\/product\/28251\/revisions"}],"predecessor-version":[{"id":29273,"href":"https:\/\/vapemaison.com\/it\/wp-json\/wp\/v2\/product\/28251\/revisions\/29273"}],"wp:featuredmedia":[{"embeddable":true,"href":"https:\/\/vapemaison.com\/it\/wp-json\/wp\/v2\/media\/28256"}],"wp:attachment":[{"href":"https:\/\/vapemaison.com\/it\/wp-json\/wp\/v2\/media?parent=28251"}],"wp:term":[{"taxonomy":"product_brand","embeddable":true,"href":"https:\/\/vapemaison.com\/it\/wp-json\/wp\/v2\/product_brand?post=28251"},{"taxonomy":"product_cat","embeddable":true,"href":"https:\/\/vapemaison.com\/it\/wp-json\/wp\/v2\/product_cat?post=28251"},{"taxonomy":"product_tag","embeddable":true,"href":"https:\/\/vapemaison.com\/it\/wp-json\/wp\/v2\/product_tag?post=28251"}],"curies":[{"name":"wp","href":"https:\/\/api.w.org\/{rel}","templated":true}]}}