

{"id":28674,"date":"2026-04-01T09:43:35","date_gmt":"2026-04-01T09:43:35","guid":{"rendered":"https:\/\/vapemaison.com\/?post_type=product&#038;p=28674"},"modified":"2026-04-03T08:48:08","modified_gmt":"2026-04-03T08:48:08","slug":"stagbar-nexus-60000-60k-puffs-ricaricabile-usa-e-getta-vape","status":"publish","type":"product","link":"https:\/\/vapemaison.com\/it\/product\/stagbar-nexus-60000-60k-puffs-rechargeable-disposable-vape\/","title":{"rendered":"Stagbar Nexus 60000 60K Puffs Vape ricaricabile usa e getta"},"content":{"rendered":"<p>Il <strong><a href=\"https:\/\/vapemaison.com\/brand\/stag-bar\/\" type=\"link\" id=\"https:\/\/vapemaison.com\/brand\/stag-bar\/\">Stagbar<\/a> Nexus 60000 (<a href=\"https:\/\/vapemaison.com\/product-category\/puffs-count\/60k-puffs\/\" type=\"link\" id=\"https:\/\/vapemaison.com\/product-category\/puffs-count\/60k-puffs\/\">60K soffi<\/a>)<\/strong> \u00e8 stato progettato per gli utenti che danno priorit\u00e0 alla capacit\u00e0, alla coerenza e al controllo dei dispositivi. Con un massimo di <strong>60.000 soffi<\/strong> e un <strong>Capacit\u00e0 di 50 ml di e-liquido<\/strong>, riduce la frequenza di sostituzione, mantenendo stabili le prestazioni per l'uso quotidiano.<\/p>\n\n\n\n<p>Alimentato da un <strong>Batteria ricaricabile da 850 mAh<\/strong> con <strong>Ricarica di tipo-C<\/strong>, Il dispositivo garantisce un funzionamento affidabile e una comoda ricarica. Il dispositivo integrato <strong>Display a LED<\/strong> fornisce una visibilit\u00e0 in tempo reale dello stato della batteria, migliorando l'usabilit\u00e0.<\/p>\n\n\n\n<h3 class=\"wp-block-heading\">Prestazioni e controllo del flusso d'aria<\/h3>\n\n\n\n<p>Caratterizzato da <strong>Bobine con maglia da 0,9\u03a9<\/strong> e un <strong>sistema di flusso d'aria regolabile<\/strong>, il Nexus 60000 \u00e8 in grado di offrire:<\/p>\n\n\n\n<ul class=\"wp-block-list\">\n<li>Emissione di vapore fluida e bilanciata<\/li>\n\n\n\n<li>Riscaldamento rapido e uniforme<\/li>\n\n\n\n<li>Erogazione costante del sapore durante tutto l'utilizzo<\/li>\n<\/ul>\n\n\n\n<p>Il controllo del flusso d'aria consente agli utenti di personalizzare l'estrazione, da un'inspirazione pi\u00f9 stretta a un flusso d'aria pi\u00f9 aperto, adattandosi alle diverse preferenze di vaping.<\/p>\n\n\n\n<h3 class=\"wp-block-heading\">Specifiche tecniche<\/h3>\n\n\n\n<figure class=\"wp-block-table\"><table class=\"has-fixed-layout\"><thead><tr><th>Specifiche<\/th><th>Dettagli<\/th><\/tr><\/thead><tbody><tr><td>Conteggio dei soffi<\/td><td>Fino a 60.000 soffi<\/td><\/tr><tr><td>Forza della nicotina<\/td><td>2% \/ 5%<\/td><\/tr><tr><td>Capacit\u00e0 del liquido elettronico<\/td><td>50 mL<\/td><\/tr><tr><td>Tipo di bobina<\/td><td>Bobina a maglie da 0,9\u03a9<\/td><\/tr><tr><td>Batteria<\/td><td>850mAh Ricaricabile<\/td><\/tr><tr><td>Display<\/td><td>Display a LED<\/td><\/tr><tr><td>Flusso d'aria<\/td><td>Regolabile<\/td><\/tr><tr><td>Porta di ricarica<\/td><td>Tipo-C<\/td><\/tr><tr><td>Opzioni di gusto<\/td><td>10 gusti<\/td><\/tr><tr><td>Imballaggio<\/td><td>10 pezzi \/ scatola<\/td><\/tr><tr><td>Dimensioni del cartone<\/td><td>40 \u00d7 32 \u00d7 40 cm<\/td><\/tr><\/tbody><\/table><\/figure>\n\n\n\n<h3 class=\"wp-block-heading\">Gusti disponibili<\/h3>\n\n\n\n<ul class=\"wp-block-list\">\n<li>Ghiaccio all'anguria<\/li>\n\n\n\n<li>Ghiaccio al lampone e mirtillo<\/li>\n\n\n\n<li>Bacche miste<\/li>\n\n\n\n<li>Uva fragola<\/li>\n\n\n\n<li>Fragola Kiwi<\/li>\n\n\n\n<li>Amore 66<\/li>\n\n\n\n<li>Anguria al lampone<\/li>\n\n\n\n<li>Limone e lime<\/li>\n\n\n\n<li>Pesca e mango<\/li>\n\n\n\n<li>Red Bull<\/li>\n<\/ul>\n\n\n\n<p>Ogni aroma \u00e8 stato sviluppato per fornire una combinazione bilanciata di <strong>intensit\u00e0 della frutta, dolcezza ed effetto rinfrescante<\/strong>, \u00c8 inoltre possibile visitare il sito\u00a0<strong><a href=\"https:\/\/vapemaison.com\/shop\/\">negozio<\/a><\/strong>\u00a0per visualizzare altri prodotti.<\/p>\n\n\n\n<h3 class=\"wp-block-heading\">Perch\u00e9 scegliere Stagbar Nexus 60000?<\/h3>\n\n\n\n<ul class=\"wp-block-list\">\n<li><strong>Design ad alta capacit\u00e0<\/strong> - 50 ml di e-liquido per un utilizzo prolungato<\/li>\n\n\n\n<li><strong>Produzione di aromi raffinati<\/strong> - La bobina con maglia da 0,9\u03a9 migliora la consistenza<\/li>\n\n\n\n<li><strong>Esperienza personalizzabile<\/strong> - Flusso d'aria regolabile per diversi stili di estrazione<\/li>\n\n\n\n<li><strong>Sistema ricaricabile<\/strong> - Riduce gli sprechi e migliora l'usabilit\u00e0<\/li>\n\n\n\n<li><strong>Pronto per la vendita al dettaglio e all'ingrosso<\/strong> - Confezione standard da 10 pezzi per scatola<\/li>\n<\/ul>\n\n\n\n<p><\/p>","protected":false},"excerpt":{"rendered":"<p>Vape monouso da 60k puff con 50mL di e-liquid, coil a rete da 0,9\u03a9, flusso d'aria regolabile e batteria ricaricabile per prestazioni giornaliere costanti.<\/p>","protected":false},"featured_media":28678,"comment_status":"open","ping_status":"closed","template":"","meta":[],"product_brand":[320],"product_cat":[137],"product_tag":[],"class_list":{"0":"post-28674","1":"product","2":"type-product","3":"status-publish","4":"has-post-thumbnail","6":"product_brand-stag-bar","7":"product_cat-60k-puffs","9":"first","10":"instock","11":"sale","12":"shipping-taxable","13":"purchasable","14":"product-type-variable"},"yoast_head":"<!-- This site is optimized with the Yoast SEO plugin v27.4 - https:\/\/yoast.com\/product\/yoast-seo-wordpress\/ -->\n<title>Stagbar Nexus 60000 Disposable Vape \u2013 60K Puffs<\/title>\n<meta name=\"description\" content=\"Shop Stagbar Nexus 60000 disposable vape with up to 60,000 puffs, 50mL e-liquid, 0.9\u03a9 mesh coil, adjustable airflow, and rechargeable battery.\" \/>\n<meta name=\"robots\" content=\"index, follow, max-snippet:-1, max-image-preview:large, max-video-preview:-1\" \/>\n<link rel=\"canonical\" href=\"https:\/\/vapemaison.com\/it\/prodotto\/stagbar-nexus-60000-60k-puffs-ricaricabile-usa-e-getta-vape\/\" \/>\n<meta property=\"og:locale\" content=\"it_IT\" \/>\n<meta property=\"og:type\" content=\"article\" \/>\n<meta property=\"og:title\" content=\"Stagbar Nexus 60000 Disposable Vape \u2013 60K Puffs\" \/>\n<meta property=\"og:description\" content=\"Shop Stagbar Nexus 60000 disposable vape with up to 60,000 puffs, 50mL e-liquid, 0.9\u03a9 mesh coil, adjustable airflow, and rechargeable battery.\" \/>\n<meta property=\"og:url\" content=\"https:\/\/vapemaison.com\/it\/prodotto\/stagbar-nexus-60000-60k-puffs-ricaricabile-usa-e-getta-vape\/\" \/>\n<meta property=\"og:site_name\" content=\"VapeMaison\" \/>\n<meta property=\"article:modified_time\" content=\"2026-04-03T08:48:08+00:00\" \/>\n<meta property=\"og:image\" content=\"https:\/\/vapemaison.com\/wp-content\/uploads\/2026\/04\/vapemaison-stagbar-nexus-60000-60k-puffs-main-image.webp\" \/>\n\t<meta property=\"og:image:width\" content=\"2000\" \/>\n\t<meta property=\"og:image:height\" content=\"2000\" \/>\n\t<meta property=\"og:image:type\" content=\"image\/webp\" \/>\n<meta name=\"twitter:card\" content=\"summary_large_image\" \/>\n<meta name=\"twitter:label1\" content=\"Tempo di lettura stimato\" \/>\n\t<meta name=\"twitter:data1\" content=\"2 minuti\" \/>\n<!-- \/ Yoast SEO plugin. -->","yoast_head_json":{"title":"Stagbar Nexus 60000 Vape usa e getta - 60K boccate","description":"Acquista Stagbar Nexus 60000, vape monouso con fino a 60.000 boccate, e-liquid da 50 ml, coil a rete da 0,9 \u03a9, flusso d'aria regolabile e batteria ricaricabile.","robots":{"index":"index","follow":"follow","max-snippet":"max-snippet:-1","max-image-preview":"max-image-preview:large","max-video-preview":"max-video-preview:-1"},"canonical":"https:\/\/vapemaison.com\/it\/prodotto\/stagbar-nexus-60000-60k-puffs-ricaricabile-usa-e-getta-vape\/","og_locale":"it_IT","og_type":"article","og_title":"Stagbar Nexus 60000 Disposable Vape \u2013 60K Puffs","og_description":"Shop Stagbar Nexus 60000 disposable vape with up to 60,000 puffs, 50mL e-liquid, 0.9\u03a9 mesh coil, adjustable airflow, and rechargeable battery.","og_url":"https:\/\/vapemaison.com\/it\/prodotto\/stagbar-nexus-60000-60k-puffs-ricaricabile-usa-e-getta-vape\/","og_site_name":"VapeMaison","article_modified_time":"2026-04-03T08:48:08+00:00","og_image":[{"width":2000,"height":2000,"url":"https:\/\/vapemaison.com\/wp-content\/uploads\/2026\/04\/vapemaison-stagbar-nexus-60000-60k-puffs-main-image.webp","type":"image\/webp"}],"twitter_card":"summary_large_image","twitter_misc":{"Tempo di lettura stimato":"2 minuti"},"schema":{"@context":"https:\/\/schema.org","@graph":[{"@type":"WebPage","@id":"https:\/\/vapemaison.com\/product\/stagbar-nexus-60000-60k-puffs-rechargeable-disposable-vape\/","url":"https:\/\/vapemaison.com\/product\/stagbar-nexus-60000-60k-puffs-rechargeable-disposable-vape\/","name":"Stagbar Nexus 60000 Vape usa e getta - 60K boccate","isPartOf":{"@id":"https:\/\/vapemaison.com\/#website"},"primaryImageOfPage":{"@id":"https:\/\/vapemaison.com\/product\/stagbar-nexus-60000-60k-puffs-rechargeable-disposable-vape\/#primaryimage"},"image":{"@id":"https:\/\/vapemaison.com\/product\/stagbar-nexus-60000-60k-puffs-rechargeable-disposable-vape\/#primaryimage"},"thumbnailUrl":"https:\/\/vapemaison.com\/wp-content\/uploads\/2026\/04\/vapemaison-stagbar-nexus-60000-60k-puffs-main-image.webp","datePublished":"2026-04-01T09:43:35+00:00","dateModified":"2026-04-03T08:48:08+00:00","description":"Acquista Stagbar Nexus 60000, vape monouso con fino a 60.000 boccate, e-liquid da 50 ml, coil a rete da 0,9 \u03a9, flusso d'aria regolabile e batteria ricaricabile.","breadcrumb":{"@id":"https:\/\/vapemaison.com\/product\/stagbar-nexus-60000-60k-puffs-rechargeable-disposable-vape\/#breadcrumb"},"inLanguage":"it-IT","potentialAction":[{"@type":"ReadAction","target":["https:\/\/vapemaison.com\/product\/stagbar-nexus-60000-60k-puffs-rechargeable-disposable-vape\/"]}]},{"@type":"ImageObject","inLanguage":"it-IT","@id":"https:\/\/vapemaison.com\/product\/stagbar-nexus-60000-60k-puffs-rechargeable-disposable-vape\/#primaryimage","url":"https:\/\/vapemaison.com\/wp-content\/uploads\/2026\/04\/vapemaison-stagbar-nexus-60000-60k-puffs-main-image.webp","contentUrl":"https:\/\/vapemaison.com\/wp-content\/uploads\/2026\/04\/vapemaison-stagbar-nexus-60000-60k-puffs-main-image.webp","width":2000,"height":2000,"caption":"Vapemaison Stagbar Nexus 60k Puffs Main Image"},{"@type":"BreadcrumbList","@id":"https:\/\/vapemaison.com\/product\/stagbar-nexus-60000-60k-puffs-rechargeable-disposable-vape\/#breadcrumb","itemListElement":[{"@type":"ListItem","position":1,"name":"\u9996\u9875","item":"https:\/\/vapemaison.com\/"},{"@type":"ListItem","position":2,"name":"Shop","item":"https:\/\/vapemaison.com\/shop\/"},{"@type":"ListItem","position":3,"name":"Stag Bar","item":"https:\/\/vapemaison.com\/brand\/stag-bar\/"},{"@type":"ListItem","position":4,"name":"Stagbar Nexus 60000 60K Puffs Rechargeable Disposable Vape"}]},{"@type":"WebSite","@id":"https:\/\/vapemaison.com\/#website","url":"https:\/\/vapemaison.com\/","name":"VapeMaison","description":"Dispositivi e accessori per il vaping di alta qualit\u00e0","publisher":{"@id":"https:\/\/vapemaison.com\/#organization"},"potentialAction":[{"@type":"SearchAction","target":{"@type":"EntryPoint","urlTemplate":"https:\/\/vapemaison.com\/?s={search_term_string}"},"query-input":{"@type":"PropertyValueSpecification","valueRequired":true,"valueName":"search_term_string"}}],"inLanguage":"it-IT"},{"@type":"Organization","@id":"https:\/\/vapemaison.com\/#organization","name":"VapeMaison","url":"https:\/\/vapemaison.com\/","logo":{"@type":"ImageObject","inLanguage":"it-IT","@id":"https:\/\/vapemaison.com\/#\/schema\/logo\/image\/","url":"https:\/\/vapemaison.com\/wp-content\/uploads\/2026\/01\/cropped-vapemaison-logo-g-2026.webp","contentUrl":"https:\/\/vapemaison.com\/wp-content\/uploads\/2026\/01\/cropped-vapemaison-logo-g-2026.webp","width":350,"height":280,"caption":"VapeMaison"},"image":{"@id":"https:\/\/vapemaison.com\/#\/schema\/logo\/image\/"},"sameAs":["https:\/\/www.youtube.com\/@VapeMaison"]}]}},"tiered_pricing_type":"fixed","tiered_pricing_fixed_rules":{"30":"11.78","50":"10.99","100":"10.69","200":"10.12"},"tiered_pricing_product_settings":{"layout":"default","base_unit_name":{"singular":null,"plural":null},"default_variation":null},"tiered_pricing_minimum_quantity":10,"tiered_pricing_roles_data":[],"tiered_pricing_percentage_rules":[],"tiered_pricing_maximum_quantity":null,"tiered_pricing_quantity_step":"10","_links":{"self":[{"href":"https:\/\/vapemaison.com\/it\/wp-json\/wp\/v2\/product\/28674","targetHints":{"allow":["GET"]}}],"collection":[{"href":"https:\/\/vapemaison.com\/it\/wp-json\/wp\/v2\/product"}],"about":[{"href":"https:\/\/vapemaison.com\/it\/wp-json\/wp\/v2\/types\/product"}],"replies":[{"embeddable":true,"href":"https:\/\/vapemaison.com\/it\/wp-json\/wp\/v2\/comments?post=28674"}],"version-history":[{"count":4,"href":"https:\/\/vapemaison.com\/it\/wp-json\/wp\/v2\/product\/28674\/revisions"}],"predecessor-version":[{"id":28904,"href":"https:\/\/vapemaison.com\/it\/wp-json\/wp\/v2\/product\/28674\/revisions\/28904"}],"wp:featuredmedia":[{"embeddable":true,"href":"https:\/\/vapemaison.com\/it\/wp-json\/wp\/v2\/media\/28678"}],"wp:attachment":[{"href":"https:\/\/vapemaison.com\/it\/wp-json\/wp\/v2\/media?parent=28674"}],"wp:term":[{"taxonomy":"product_brand","embeddable":true,"href":"https:\/\/vapemaison.com\/it\/wp-json\/wp\/v2\/product_brand?post=28674"},{"taxonomy":"product_cat","embeddable":true,"href":"https:\/\/vapemaison.com\/it\/wp-json\/wp\/v2\/product_cat?post=28674"},{"taxonomy":"product_tag","embeddable":true,"href":"https:\/\/vapemaison.com\/it\/wp-json\/wp\/v2\/product_tag?post=28674"}],"curies":[{"name":"wp","href":"https:\/\/api.w.org\/{rel}","templated":true}]}}