{"id":28813,"date":"2026-04-02T08:12:20","date_gmt":"2026-04-02T08:12:20","guid":{"rendered":"https:\/\/vapemaison.com\/?post_type=product&#038;p=28813"},"modified":"2026-04-03T08:38:22","modified_gmt":"2026-04-03T08:38:22","slug":"stag-bar-pulse-35000-vape-ricaricabile-monouso-con-display-a-led","status":"publish","type":"product","link":"https:\/\/vapemaison.com\/it\/product\/stag-bar-pulse-35000-rechargeable-disposable-vape-with-led-display\/","title":{"rendered":"Stag Bar Pulse 35000 - Vape ricaricabile usa e getta con display a LED"},"content":{"rendered":"<p>Il <strong>Stag Bar Pulse 35000 (35K soffi)<\/strong> \u00e8 stato progettato per offrire una combinazione equilibrata di prestazioni, chiarezza del sapore e controllo da parte dell'utente. Come parte del programma ufficiale <strong><a href=\"https:\/\/vapemaison.com\/brand\/stag-bar\/\" type=\"link\" id=\"https:\/\/vapemaison.com\/brand\/stag-bar\/\">Bar del cervo<\/a><\/strong> Questo dispositivo riflette l'attenzione del marchio per l'innovazione e l'affidabilit\u00e0. \u00c8 possibile esplorare altri prodotti sul sito <strong><a href=\"https:\/\/vapemaison.com\/brand\/stag-bar\/\" type=\"link\" id=\"https:\/\/vapemaison.com\/brand\/stag-bar\/\">Pagina del marchio Stag Bar<\/a><\/strong>.<\/p>\n\n\n\n<p>Caratterizzato da un <strong>Capacit\u00e0 di 30 ml di e-liquido<\/strong> e un <strong>Batteria ricaricabile da 750 mAh<\/strong>, Il dispositivo garantisce una produzione costante e prestazioni affidabili per tutto il ciclo di utilizzo. L'aggiunta di <strong>Ricarica rapida di tipo C<\/strong> consente una ricarica rapida e comoda quando necessario.<\/p>\n\n\n\n<h3 class=\"wp-block-heading\">Prestazioni ed esperienza utente<\/h3>\n\n\n\n<p>Dotato di un <strong>Bobina con maglia da 1,0\u03a9<\/strong>, Il Pulse 35000 \u00e8 stato progettato per fornire:<\/p>\n\n\n\n<ul class=\"wp-block-list\">\n<li>Erogazione del vapore fluida e costante<\/li>\n\n\n\n<li>Maggiore definizione del sapore<\/li>\n\n\n\n<li>Colpo in gola equilibrato adatto all'uso quotidiano<\/li>\n<\/ul>\n\n\n\n<p>Il <strong>sistema di flusso d'aria regolabile<\/strong> consente agli utenti di personalizzare l'estrazione, sia che preferiscano un'inspirazione pi\u00f9 stretta o un flusso d'aria pi\u00f9 aperto, offrendo flessibilit\u00e0 a diversi stili di svapo.<\/p>\n\n\n\n<h3 class=\"wp-block-heading\">Display intelligente e convenienza<\/h3>\n\n\n\n<p>Il <strong>display a LED completo<\/strong> migliora l'usabilit\u00e0 mostrando:<\/p>\n\n\n\n<ul class=\"wp-block-list\">\n<li>Livello della batteria in tempo reale<\/li>\n\n\n\n<li>Stato residuo dell'e-liquid<\/li>\n<\/ul>\n\n\n\n<p>Ci\u00f2 consente di pianificare meglio l'utilizzo ed evitare interruzioni impreviste. Unitamente al suo design snello, il dispositivo offre praticit\u00e0 e facilit\u00e0 d'uso.<\/p>\n\n\n\n<h3 class=\"wp-block-heading\">Specifiche tecniche<\/h3>\n\n\n\n<figure class=\"wp-block-table\"><table class=\"has-fixed-layout\"><thead><tr><th>Specifiche<\/th><th>Dettagli<\/th><\/tr><\/thead><tbody><tr><td>Conteggio dei soffi<\/td><td>Fino a 35.000 soffi<\/td><\/tr><tr><td>Capacit\u00e0 del liquido elettronico<\/td><td>30 mL<\/td><\/tr><tr><td>Forza della nicotina<\/td><td>2% \/ 5% <em>(se applicabile)<\/em><\/td><\/tr><tr><td>Tipo di bobina<\/td><td>Bobina a maglia da 1,0\u03a9<\/td><\/tr><tr><td>Batteria<\/td><td>750mAh Ricaricabile<\/td><\/tr><tr><td>Display<\/td><td>Display a LED (batteria e liquido elettronico)<\/td><\/tr><tr><td>Flusso d'aria<\/td><td>Regolabile<\/td><\/tr><tr><td>Porta di ricarica<\/td><td>Tipo-C<\/td><\/tr><tr><td>Opzioni di gusto<\/td><td>16 gusti<\/td><\/tr><tr><td>Imballaggio<\/td><td>10 pezzi \/ scatola<\/td><\/tr><\/tbody><\/table><\/figure>\n\n\n\n<h3 class=\"wp-block-heading\">Gusti disponibili<\/h3>\n\n\n\n<ul class=\"wp-block-list\">\n<li>Ghiaccio all'anguria<\/li>\n\n\n\n<li>Mirtillo Lampone<\/li>\n\n\n\n<li>Ghiaccio al mirtillo<\/li>\n\n\n\n<li>Ghiaccio alla mela rossa<\/li>\n\n\n\n<li>Ghiaccio alla fragola<\/li>\n\n\n\n<li>Fragola Kiwi<\/li>\n\n\n\n<li>Ghiaccio Blu Razz<\/li>\n\n\n\n<li>Ciliegia frizzante<\/li>\n\n\n\n<li>Anguria alla fragola<\/li>\n\n\n\n<li>Pesca, mango e anguria<\/li>\n\n\n\n<li>Limone e lime<\/li>\n\n\n\n<li>Ghiaccio alla cola<\/li>\n\n\n\n<li>Mamba bianco<\/li>\n\n\n\n<li>Drago Nero di Ghiaccio<\/li>\n\n\n\n<li>Hawaii<\/li>\n\n\n\n<li>Limonata blu di Rasp<\/li>\n<\/ul>\n\n\n\n<p>Ogni aroma \u00e8 formulato per offrire un <strong>equilibrio pulito di dolcezza, intensit\u00e0 di frutta e note rinfrescanti<\/strong>, fornendo un'esperienza coerente e piacevole in base alle diverse preferenze.<\/p>\n\n\n\n<h3 class=\"wp-block-heading\">Perch\u00e9 scegliere Stag Bar Pulse 35000?<\/h3>\n\n\n\n<ul class=\"wp-block-list\">\n<li><strong>Prestazioni equilibrate<\/strong> - 35K soffi con uscita stabile<\/li>\n\n\n\n<li><strong>Maggiore diffusione del sapore<\/strong> - La bobina a rete migliora la chiarezza del gusto<\/li>\n\n\n\n<li><strong>Controllo utente<\/strong> - Flusso d'aria regolabile per un'estrazione personalizzata<\/li>\n\n\n\n<li><strong>Monitoraggio intelligente<\/strong> - Display a LED per lo stato in tempo reale<\/li>\n\n\n\n<li><strong>Design ricaricabile<\/strong> - Comoda ricarica Type-C<\/li>\n\n\n\n<li><strong>Ampia selezione di sapori<\/strong> - 16 opzioni per soddisfare i diversi gusti<\/li>\n<\/ul>","protected":false},"excerpt":{"rendered":"<p>Vape monouso da 35.000 puff con 30 ml di e-liquid, coil a rete, flusso d'aria regolabile e display a LED per un vaping fluido e controllato.<\/p>","protected":false},"featured_media":28820,"comment_status":"open","ping_status":"closed","template":"","meta":{"googlesitekit_rrm_CAow8MHCDA:productID":""},"product_brand":[320],"product_cat":[],"product_tag":[],"class_list":{"0":"post-28813","1":"product","2":"type-product","3":"status-publish","4":"has-post-thumbnail","6":"product_brand-stag-bar","8":"first","9":"instock","10":"sale","11":"shipping-taxable","12":"purchasable","13":"product-type-variable"},"yoast_head":"<!-- This site is optimized with the Yoast SEO plugin v27.4 - https:\/\/yoast.com\/product\/yoast-seo-wordpress\/ -->\n<title>Stag Bar Pulse 35000 Disposable Vape \u2013 35K Puffs<\/title>\n<meta name=\"description\" content=\"Shop Stag Bar Pulse 35000 disposable vape with up to 35,000 puffs, 30mL e-liquid, mesh coi. Smooth and consistent performance with 16 flavors.\" \/>\n<meta name=\"robots\" content=\"index, follow, max-snippet:-1, max-image-preview:large, max-video-preview:-1\" \/>\n<link rel=\"canonical\" href=\"https:\/\/vapemaison.com\/it\/prodotto\/stag-bar-pulse-35000-vape-ricaricabile-monouso-con-display-a-led\/\" \/>\n<meta property=\"og:locale\" content=\"it_IT\" \/>\n<meta property=\"og:type\" content=\"article\" \/>\n<meta property=\"og:title\" content=\"Stag Bar Pulse 35000 Disposable Vape \u2013 35K Puffs\" \/>\n<meta property=\"og:description\" content=\"Shop Stag Bar Pulse 35000 disposable vape with up to 35,000 puffs, 30mL e-liquid, mesh coi. Smooth and consistent performance with 16 flavors.\" \/>\n<meta property=\"og:url\" content=\"https:\/\/vapemaison.com\/it\/prodotto\/stag-bar-pulse-35000-vape-ricaricabile-monouso-con-display-a-led\/\" \/>\n<meta property=\"og:site_name\" content=\"VapeMaison\" \/>\n<meta property=\"article:modified_time\" content=\"2026-04-03T08:38:22+00:00\" \/>\n<meta property=\"og:image\" content=\"https:\/\/vapemaison.com\/wp-content\/uploads\/2026\/04\/vapemaison-stag-bar-pulse-35k-main-picture.webp\" \/>\n\t<meta property=\"og:image:width\" content=\"1600\" \/>\n\t<meta property=\"og:image:height\" content=\"1600\" \/>\n\t<meta property=\"og:image:type\" content=\"image\/webp\" \/>\n<meta name=\"twitter:card\" content=\"summary_large_image\" \/>\n<meta name=\"twitter:label1\" content=\"Tempo di lettura stimato\" \/>\n\t<meta name=\"twitter:data1\" content=\"2 minuti\" \/>\n<!-- \/ Yoast SEO plugin. -->","yoast_head_json":{"title":"Stag Bar Pulse 35000 Vape usa e getta - 35K boccate","description":"Negozio Stag Bar Pulse 35000 svapo monouso con fino a 35.000 puff, 30mL e-liquid, mesh coi. Prestazioni fluide e costanti con 16 aromi.","robots":{"index":"index","follow":"follow","max-snippet":"max-snippet:-1","max-image-preview":"max-image-preview:large","max-video-preview":"max-video-preview:-1"},"canonical":"https:\/\/vapemaison.com\/it\/prodotto\/stag-bar-pulse-35000-vape-ricaricabile-monouso-con-display-a-led\/","og_locale":"it_IT","og_type":"article","og_title":"Stag Bar Pulse 35000 Disposable Vape \u2013 35K Puffs","og_description":"Shop Stag Bar Pulse 35000 disposable vape with up to 35,000 puffs, 30mL e-liquid, mesh coi. Smooth and consistent performance with 16 flavors.","og_url":"https:\/\/vapemaison.com\/it\/prodotto\/stag-bar-pulse-35000-vape-ricaricabile-monouso-con-display-a-led\/","og_site_name":"VapeMaison","article_modified_time":"2026-04-03T08:38:22+00:00","og_image":[{"width":1600,"height":1600,"url":"https:\/\/vapemaison.com\/wp-content\/uploads\/2026\/04\/vapemaison-stag-bar-pulse-35k-main-picture.webp","type":"image\/webp"}],"twitter_card":"summary_large_image","twitter_misc":{"Tempo di lettura stimato":"2 minuti"},"schema":{"@context":"https:\/\/schema.org","@graph":[{"@type":"WebPage","@id":"https:\/\/vapemaison.com\/product\/stag-bar-pulse-35000-rechargeable-disposable-vape-with-led-display\/","url":"https:\/\/vapemaison.com\/product\/stag-bar-pulse-35000-rechargeable-disposable-vape-with-led-display\/","name":"Stag Bar Pulse 35000 Vape usa e getta - 35K boccate","isPartOf":{"@id":"https:\/\/vapemaison.com\/#website"},"primaryImageOfPage":{"@id":"https:\/\/vapemaison.com\/product\/stag-bar-pulse-35000-rechargeable-disposable-vape-with-led-display\/#primaryimage"},"image":{"@id":"https:\/\/vapemaison.com\/product\/stag-bar-pulse-35000-rechargeable-disposable-vape-with-led-display\/#primaryimage"},"thumbnailUrl":"https:\/\/vapemaison.com\/wp-content\/uploads\/2026\/04\/vapemaison-stag-bar-pulse-35k-main-picture.webp","datePublished":"2026-04-02T08:12:20+00:00","dateModified":"2026-04-03T08:38:22+00:00","description":"Negozio Stag Bar Pulse 35000 svapo monouso con fino a 35.000 puff, 30mL e-liquid, mesh coi. Prestazioni fluide e costanti con 16 aromi.","breadcrumb":{"@id":"https:\/\/vapemaison.com\/product\/stag-bar-pulse-35000-rechargeable-disposable-vape-with-led-display\/#breadcrumb"},"inLanguage":"it-IT","potentialAction":[{"@type":"ReadAction","target":["https:\/\/vapemaison.com\/product\/stag-bar-pulse-35000-rechargeable-disposable-vape-with-led-display\/"]}]},{"@type":"ImageObject","inLanguage":"it-IT","@id":"https:\/\/vapemaison.com\/product\/stag-bar-pulse-35000-rechargeable-disposable-vape-with-led-display\/#primaryimage","url":"https:\/\/vapemaison.com\/wp-content\/uploads\/2026\/04\/vapemaison-stag-bar-pulse-35k-main-picture.webp","contentUrl":"https:\/\/vapemaison.com\/wp-content\/uploads\/2026\/04\/vapemaison-stag-bar-pulse-35k-main-picture.webp","width":1600,"height":1600,"caption":"vapemaison-stag-bar-pulse-35k-main-picture"},{"@type":"BreadcrumbList","@id":"https:\/\/vapemaison.com\/product\/stag-bar-pulse-35000-rechargeable-disposable-vape-with-led-display\/#breadcrumb","itemListElement":[{"@type":"ListItem","position":1,"name":"\u9996\u9875","item":"https:\/\/vapemaison.com\/"},{"@type":"ListItem","position":2,"name":"Shop","item":"https:\/\/vapemaison.com\/shop\/"},{"@type":"ListItem","position":3,"name":"Stag Bar","item":"https:\/\/vapemaison.com\/brand\/stag-bar\/"},{"@type":"ListItem","position":4,"name":"Stag Bar Pulse 35000 \u2013 Rechargeable Disposable Vape with LED Display"}]},{"@type":"WebSite","@id":"https:\/\/vapemaison.com\/#website","url":"https:\/\/vapemaison.com\/","name":"VapeMaison","description":"Dispositivi e accessori per il vaping di alta qualit\u00e0","publisher":{"@id":"https:\/\/vapemaison.com\/#organization"},"potentialAction":[{"@type":"SearchAction","target":{"@type":"EntryPoint","urlTemplate":"https:\/\/vapemaison.com\/?s={search_term_string}"},"query-input":{"@type":"PropertyValueSpecification","valueRequired":true,"valueName":"search_term_string"}}],"inLanguage":"it-IT"},{"@type":"Organization","@id":"https:\/\/vapemaison.com\/#organization","name":"VapeMaison","url":"https:\/\/vapemaison.com\/","logo":{"@type":"ImageObject","inLanguage":"it-IT","@id":"https:\/\/vapemaison.com\/#\/schema\/logo\/image\/","url":"https:\/\/vapemaison.com\/wp-content\/uploads\/2026\/01\/cropped-vapemaison-logo-g-2026.webp","contentUrl":"https:\/\/vapemaison.com\/wp-content\/uploads\/2026\/01\/cropped-vapemaison-logo-g-2026.webp","width":350,"height":280,"caption":"VapeMaison"},"image":{"@id":"https:\/\/vapemaison.com\/#\/schema\/logo\/image\/"},"sameAs":["https:\/\/www.youtube.com\/@VapeMaison"]}]}},"tiered_pricing_type":"fixed","tiered_pricing_fixed_rules":{"30":"11.42","50":"10.99","100":"10.56","200":"9.99"},"tiered_pricing_product_settings":{"layout":"default","base_unit_name":{"singular":null,"plural":null},"default_variation":null},"tiered_pricing_minimum_quantity":10,"tiered_pricing_roles_data":[],"tiered_pricing_percentage_rules":[],"tiered_pricing_maximum_quantity":null,"tiered_pricing_quantity_step":"10","_links":{"self":[{"href":"https:\/\/vapemaison.com\/it\/wp-json\/wp\/v2\/product\/28813","targetHints":{"allow":["GET"]}}],"collection":[{"href":"https:\/\/vapemaison.com\/it\/wp-json\/wp\/v2\/product"}],"about":[{"href":"https:\/\/vapemaison.com\/it\/wp-json\/wp\/v2\/types\/product"}],"replies":[{"embeddable":true,"href":"https:\/\/vapemaison.com\/it\/wp-json\/wp\/v2\/comments?post=28813"}],"version-history":[{"count":6,"href":"https:\/\/vapemaison.com\/it\/wp-json\/wp\/v2\/product\/28813\/revisions"}],"predecessor-version":[{"id":28896,"href":"https:\/\/vapemaison.com\/it\/wp-json\/wp\/v2\/product\/28813\/revisions\/28896"}],"wp:featuredmedia":[{"embeddable":true,"href":"https:\/\/vapemaison.com\/it\/wp-json\/wp\/v2\/media\/28820"}],"wp:attachment":[{"href":"https:\/\/vapemaison.com\/it\/wp-json\/wp\/v2\/media?parent=28813"}],"wp:term":[{"taxonomy":"product_brand","embeddable":true,"href":"https:\/\/vapemaison.com\/it\/wp-json\/wp\/v2\/product_brand?post=28813"},{"taxonomy":"product_cat","embeddable":true,"href":"https:\/\/vapemaison.com\/it\/wp-json\/wp\/v2\/product_cat?post=28813"},{"taxonomy":"product_tag","embeddable":true,"href":"https:\/\/vapemaison.com\/it\/wp-json\/wp\/v2\/product_tag?post=28813"}],"curies":[{"name":"wp","href":"https:\/\/api.w.org\/{rel}","templated":true}]}}