{"id":29184,"date":"2026-04-10T08:33:34","date_gmt":"2026-04-10T08:33:34","guid":{"rendered":"https:\/\/vapemaison.com\/?post_type=product&#038;p=29184"},"modified":"2026-04-11T09:09:03","modified_gmt":"2026-04-11T09:09:03","slug":"al-fakher-nic-salt-e-liquid-10ml-20mg-2-gusti-multipli-disponibili","status":"publish","type":"product","link":"https:\/\/vapemaison.com\/it\/product\/al-fakher-nic-salt-e-liquid-10ml-20mg-2-multiple-flavours-available\/","title":{"rendered":"Al Fakher Nic Salt E-Liquid 10ml 20mg (2%) - Gusti multipli disponibili"},"content":{"rendered":"<p>Provate la gamma premium di <strong><strong>Al Fakher Liquid<\/strong> Liquidi elettronici al sale di nicchia<\/strong>. Questi succhi di svapo sono realizzati per una morbida soddisfazione. Inoltre, offrono un sapore ricco e autentico in ogni boccata.<\/p>\n\n\n\n<p>Questa collezione comprende molti profili di gusto diversi. Ad esempio, \u00e8 possibile gustare <strong>menta rinfrescante, frutti ghiacciati e miscela dolce<\/strong>s. Pertanto, c'\u00e8 sempre un gusto che corrisponde alle vostre preferenze.<\/p>\n\n\n\n<p>Ciascuno <strong>e-liquido<\/strong> utilizza un rapporto bilanciato 50VG\/50PG. Di conseguenza, si ottiene un sapore forte e un vapore omogeneo. Inoltre, la formula garantisce prestazioni costanti.<\/p>\n\n\n\n<p>Il <strong>La gradazione di nicotina \u00e8 di 20mg (2%)<\/strong> sale di nicotina. Per questo motivo, l'assorbimento della nicotina \u00e8 rapido e soddisfacente. Inoltre, \u00e8 adatto ai sistemi a cialde e ai dispositivi MTL.<\/p>\n\n\n\n<p>Che preferiate profili fruttati, ghiacciati o classici, questa gamma offre una grande variet\u00e0. In questo modo \u00e8 possibile passare facilmente da un gusto all'altro in qualsiasi momento.<\/p>\n\n\n\n<h3 class=\"wp-block-heading\">Caratteristiche principali<\/h3>\n\n\n\n<ul class=\"wp-block-list\">\n<li>Ampia gamma di gusti popolari disponibili<\/li>\n\n\n\n<li>Flacone da 10 ml<\/li>\n\n\n\n<li>Sale di nicotina da 20 mg (2%)<\/li>\n\n\n\n<li>Erogazione di nicotina fluida e veloce<\/li>\n\n\n\n<li>Rapporto 50VG\/50PG per prestazioni equilibrate<\/li>\n\n\n\n<li>Progettato per sistemi a cialde e dispositivi MTL<\/li>\n\n\n\n<li>Autentici sapori di Al Fakher ispirati alla shisha<\/li>\n<\/ul>\n\n\n\n<h3 class=\"wp-block-heading\">Gusti disponibili<\/h3>\n\n\n\n<p>Questa collezione comprende una selezione diversificata di sapori, come ad esempio:<\/p>\n\n\n\n<p class=\"has-pale-pink-color has-text-color has-link-color wp-elements-8a05a1628708385c7669c7d98216b092\"><strong>Fruttato e dolce:<br>MENTA GOMMOSA, GHIACCIO AI FRUTTI DI BOSCO, GHIACCIO AL RIBES NERO, LIMONATA BLUE RAZZ, GOMMA AL MIRTILLO, FIESTA ALLA CILIEGIA, PUNCH ALLA FRAGOLA, FRUTTI DI BOSCO MISTI, BLU AI FRUTTI DI BOSCO<\/strong><\/p>\n\n\n\n<p class=\"has-vivid-green-cyan-color has-text-color has-link-color wp-elements-253015ea3756f77bdf6c12a41af5d5f4\"><strong>Fresco e alla menta:<br>MENTA D'UVA, MENTA AL LIMONE, MENTA AL RIBES NERO, MENTA ALL'ARANCIA, MENTA VERDE, MENTOLO<\/strong><\/p>\n\n\n\n<p class=\"has-vivid-cyan-blue-color has-text-color has-link-color wp-elements-bebf0fafe554d32a22f7a47e8f071895\"><strong>Freddo e raffreddamento:<br>GHIACCIO AL LUSH, GHIACCIO ALLA PESCA, GHIACCIO ALL'ANANAS, GHIACCIO ALLA CILIEGIA<\/strong><\/p>\n\n\n\n<p class=\"has-luminous-vivid-orange-color has-text-color has-link-color wp-elements-e5f777c7e4d8d63384bb659078b67d0c\"><strong>Esotici e miscele:<br>MAGIC LOVE, SPACE DREAM, HUBBA, TWO APPLE, COOL MANGO, MANGO PINEAPPLE, WATERMELON LIME, WATERMELON PINEAPPLE, BLUEBERRY RASPBERRY, BLUEBERRY SOUR RASPBERRY, LEMON LIME, CHERRY FIZZ<\/strong><\/p>\n\n\n\n<h3 class=\"wp-block-heading\">Informazioni sugli E-Liquids Al Fakher Nic Salt<\/h3>\n\n\n\n<p>I liquidi elettronici Al Fakher Nic Salt si ispirano all'eredit\u00e0 della shisha, famosa in tutto il mondo, portando i ricchi profili aromatici mediorientali nel vaping moderno. Conosciuti per la loro profondit\u00e0, morbidezza e consistenza, questi succhi di svapo sono pensati per gli utenti che apprezzano sia la qualit\u00e0 del sapore che le prestazioni.<\/p>\n\n\n\n<p>Perfetto per il vaping quotidiano, <strong><strong>Al Fakher Liquid<\/strong><\/strong> I sali nic garantiscono un'esperienza affidabile e piacevole ad ogni utilizzo.<\/p>\n\n\n\n<p>Se siete alla ricerca di un'alternativa pi\u00f9 conveniente, il nostro negozio offre anche un'ampia scelta di <strong><a href=\"https:\/\/vapemaison.com\/shop\/\" type=\"link\" id=\"https:\/\/vapemaison.com\/shop\/\">vapes monouso<\/a><\/strong>. Questi dispositivi vengono forniti gi\u00e0 riempiti e pronti all'uso, senza necessit\u00e0 di ricarica o manutenzione, perfetti per gli utenti che preferiscono un'esperienza di vaping senza problemi.<\/p>\n\n\n\n<p>Se vi piace la qualit\u00e0 del sapore di questa gamma, potete anche esplorare altri prodotti della linea <strong><a href=\"https:\/\/vapemaison.com\/brand\/al-fakher\/\" type=\"link\" id=\"https:\/\/vapemaison.com\/brand\/al-fakher\/\">Al Fakher<\/a><\/strong> che includono opzioni monouso che offrono lo stesso gusto ricco e ispirato alla shisha in un formato pi\u00f9 pratico.<\/p>\n\n\n\n<p>Per coloro che desiderano prestazioni pi\u00f9 durature, forniamo anche una variet\u00e0 di vapori monouso ad alto numero di puff, offrendo pi\u00f9 scelte con un uso prolungato e un'erogazione costante del sapore.<\/p>\n\n\n\n<p>Scoprite di pi\u00f9 e trovate lo stile di vaping pi\u00f9 adatto alle vostre esigenze.<\/p>","protected":false},"excerpt":{"rendered":"<p>Experience the premium range of Al Fakher Liquid Nic Salt E-Liquids. These vape juices are crafted for smooth satisfaction. In addition, they deliver rich and authentic flavor in every puff. This collection includes many different flavor profiles. For example, you can enjoy refreshing mint, icy fruits, and sweet blends. Therefore, there is always a flavor [&hellip;]<\/p>\n","protected":false},"featured_media":29220,"comment_status":"open","ping_status":"closed","template":"","meta":{"googlesitekit_rrm_CAow8MHCDA:productID":""},"product_brand":[179],"product_cat":[324],"product_tag":[],"class_list":{"0":"post-29184","1":"product","2":"type-product","3":"status-publish","4":"has-post-thumbnail","6":"product_brand-al-fakher","7":"product_cat-vape-liquid","9":"first","10":"instock","11":"shipping-taxable","12":"purchasable","13":"product-type-variable","14":"has-default-attributes"},"yoast_head":"<!-- This site is optimized with the Yoast SEO plugin v27.4 - https:\/\/yoast.com\/product\/yoast-seo-wordpress\/ -->\n<title>Al Fakher Nic Salt E-Liquid 10ml 20mg (2%) | Vape Juice Flavours<\/title>\n<meta name=\"description\" content=\"Shop Al Fakher Nic Salt E-Liquid 10ml 20mg (2%). Enjoy smooth vape juice with a wide range of flavours including mint, fruit, and icy blends.\" \/>\n<meta name=\"robots\" content=\"index, follow, max-snippet:-1, max-image-preview:large, max-video-preview:-1\" \/>\n<link rel=\"canonical\" href=\"https:\/\/vapemaison.com\/it\/prodotto\/al-fakher-nic-salt-e-liquid-10ml-20mg-2-gusti-multipli-disponibili\/\" \/>\n<meta property=\"og:locale\" content=\"it_IT\" \/>\n<meta property=\"og:type\" content=\"article\" \/>\n<meta property=\"og:title\" content=\"Al Fakher Nic Salt E-Liquid 10ml 20mg (2%) | Vape Juice Flavours\" \/>\n<meta property=\"og:description\" content=\"Shop Al Fakher Nic Salt E-Liquid 10ml 20mg (2%). Enjoy smooth vape juice with a wide range of flavours including mint, fruit, and icy blends.\" \/>\n<meta property=\"og:url\" content=\"https:\/\/vapemaison.com\/it\/prodotto\/al-fakher-nic-salt-e-liquid-10ml-20mg-2-gusti-multipli-disponibili\/\" \/>\n<meta property=\"og:site_name\" content=\"VapeMaison\" \/>\n<meta property=\"article:modified_time\" content=\"2026-04-11T09:09:03+00:00\" \/>\n<meta property=\"og:image\" content=\"https:\/\/vapemaison.com\/wp-content\/uploads\/2026\/04\/vapemaison-al-fakher-peach-ice-10ml-nic-salt-e-liquid.webp\" \/>\n\t<meta property=\"og:image:width\" content=\"900\" \/>\n\t<meta property=\"og:image:height\" content=\"900\" \/>\n\t<meta property=\"og:image:type\" content=\"image\/webp\" \/>\n<meta name=\"twitter:card\" content=\"summary_large_image\" \/>\n<meta name=\"twitter:label1\" content=\"Tempo di lettura stimato\" \/>\n\t<meta name=\"twitter:data1\" content=\"3 minuti\" \/>\n<!-- \/ Yoast SEO plugin. -->","yoast_head_json":{"title":"Al Fakher Nic Salt E-Liquid 10ml 20mg (2%) | Aromi di Succo di Vapore","description":"Acquista Al Fakher Nic Salt E-Liquid 10ml 20mg (2%). Godetevi un succo di svapo liscio con un'ampia gamma di sapori, tra cui menta, frutta e miscele ghiacciate.","robots":{"index":"index","follow":"follow","max-snippet":"max-snippet:-1","max-image-preview":"max-image-preview:large","max-video-preview":"max-video-preview:-1"},"canonical":"https:\/\/vapemaison.com\/it\/prodotto\/al-fakher-nic-salt-e-liquid-10ml-20mg-2-gusti-multipli-disponibili\/","og_locale":"it_IT","og_type":"article","og_title":"Al Fakher Nic Salt E-Liquid 10ml 20mg (2%) | Vape Juice Flavours","og_description":"Shop Al Fakher Nic Salt E-Liquid 10ml 20mg (2%). Enjoy smooth vape juice with a wide range of flavours including mint, fruit, and icy blends.","og_url":"https:\/\/vapemaison.com\/it\/prodotto\/al-fakher-nic-salt-e-liquid-10ml-20mg-2-gusti-multipli-disponibili\/","og_site_name":"VapeMaison","article_modified_time":"2026-04-11T09:09:03+00:00","og_image":[{"width":900,"height":900,"url":"https:\/\/vapemaison.com\/wp-content\/uploads\/2026\/04\/vapemaison-al-fakher-peach-ice-10ml-nic-salt-e-liquid.webp","type":"image\/webp"}],"twitter_card":"summary_large_image","twitter_misc":{"Tempo di lettura stimato":"3 minuti"},"schema":{"@context":"https:\/\/schema.org","@graph":[{"@type":"WebPage","@id":"https:\/\/vapemaison.com\/product\/al-fakher-nic-salt-e-liquid-10ml-20mg-2-multiple-flavours-available\/","url":"https:\/\/vapemaison.com\/product\/al-fakher-nic-salt-e-liquid-10ml-20mg-2-multiple-flavours-available\/","name":"Al Fakher Nic Salt E-Liquid 10ml 20mg (2%) | Aromi di Succo di Vapore","isPartOf":{"@id":"https:\/\/vapemaison.com\/#website"},"primaryImageOfPage":{"@id":"https:\/\/vapemaison.com\/product\/al-fakher-nic-salt-e-liquid-10ml-20mg-2-multiple-flavours-available\/#primaryimage"},"image":{"@id":"https:\/\/vapemaison.com\/product\/al-fakher-nic-salt-e-liquid-10ml-20mg-2-multiple-flavours-available\/#primaryimage"},"thumbnailUrl":"https:\/\/vapemaison.com\/wp-content\/uploads\/2026\/04\/vapemaison-al-fakher-peach-ice-10ml-nic-salt-e-liquid.webp","datePublished":"2026-04-10T08:33:34+00:00","dateModified":"2026-04-11T09:09:03+00:00","description":"Acquista Al Fakher Nic Salt E-Liquid 10ml 20mg (2%). Godetevi un succo di svapo liscio con un'ampia gamma di sapori, tra cui menta, frutta e miscele ghiacciate.","breadcrumb":{"@id":"https:\/\/vapemaison.com\/product\/al-fakher-nic-salt-e-liquid-10ml-20mg-2-multiple-flavours-available\/#breadcrumb"},"inLanguage":"it-IT","potentialAction":[{"@type":"ReadAction","target":["https:\/\/vapemaison.com\/product\/al-fakher-nic-salt-e-liquid-10ml-20mg-2-multiple-flavours-available\/"]}]},{"@type":"ImageObject","inLanguage":"it-IT","@id":"https:\/\/vapemaison.com\/product\/al-fakher-nic-salt-e-liquid-10ml-20mg-2-multiple-flavours-available\/#primaryimage","url":"https:\/\/vapemaison.com\/wp-content\/uploads\/2026\/04\/vapemaison-al-fakher-peach-ice-10ml-nic-salt-e-liquid.webp","contentUrl":"https:\/\/vapemaison.com\/wp-content\/uploads\/2026\/04\/vapemaison-al-fakher-peach-ice-10ml-nic-salt-e-liquid.webp","width":900,"height":900,"caption":"vapemaison-al-fakher-peach-ice-10ml-nic-salt-e-liquid"},{"@type":"BreadcrumbList","@id":"https:\/\/vapemaison.com\/product\/al-fakher-nic-salt-e-liquid-10ml-20mg-2-multiple-flavours-available\/#breadcrumb","itemListElement":[{"@type":"ListItem","position":1,"name":"\u9996\u9875","item":"https:\/\/vapemaison.com\/"},{"@type":"ListItem","position":2,"name":"Shop","item":"https:\/\/vapemaison.com\/shop\/"},{"@type":"ListItem","position":3,"name":"Al Fakher","item":"https:\/\/vapemaison.com\/brand\/al-fakher\/"},{"@type":"ListItem","position":4,"name":"Al Fakher Nic Salt E-Liquid 10ml 20mg (2%) \u2013 Multiple Flavours Available"}]},{"@type":"WebSite","@id":"https:\/\/vapemaison.com\/#website","url":"https:\/\/vapemaison.com\/","name":"VapeMaison","description":"Dispositivi e accessori per il vaping di alta qualit\u00e0","publisher":{"@id":"https:\/\/vapemaison.com\/#organization"},"potentialAction":[{"@type":"SearchAction","target":{"@type":"EntryPoint","urlTemplate":"https:\/\/vapemaison.com\/?s={search_term_string}"},"query-input":{"@type":"PropertyValueSpecification","valueRequired":true,"valueName":"search_term_string"}}],"inLanguage":"it-IT"},{"@type":"Organization","@id":"https:\/\/vapemaison.com\/#organization","name":"VapeMaison","url":"https:\/\/vapemaison.com\/","logo":{"@type":"ImageObject","inLanguage":"it-IT","@id":"https:\/\/vapemaison.com\/#\/schema\/logo\/image\/","url":"https:\/\/vapemaison.com\/wp-content\/uploads\/2026\/01\/cropped-vapemaison-logo-g-2026.webp","contentUrl":"https:\/\/vapemaison.com\/wp-content\/uploads\/2026\/01\/cropped-vapemaison-logo-g-2026.webp","width":350,"height":280,"caption":"VapeMaison"},"image":{"@id":"https:\/\/vapemaison.com\/#\/schema\/logo\/image\/"},"sameAs":["https:\/\/www.youtube.com\/@VapeMaison"]}]}},"tiered_pricing_type":"fixed","tiered_pricing_fixed_rules":{"30":"1.99","100":"1.79"},"tiered_pricing_product_settings":{"layout":"default","base_unit_name":{"singular":null,"plural":null},"default_variation":null},"tiered_pricing_minimum_quantity":10,"tiered_pricing_roles_data":[],"tiered_pricing_percentage_rules":[],"tiered_pricing_maximum_quantity":null,"tiered_pricing_quantity_step":"10","_links":{"self":[{"href":"https:\/\/vapemaison.com\/it\/wp-json\/wp\/v2\/product\/29184","targetHints":{"allow":["GET"]}}],"collection":[{"href":"https:\/\/vapemaison.com\/it\/wp-json\/wp\/v2\/product"}],"about":[{"href":"https:\/\/vapemaison.com\/it\/wp-json\/wp\/v2\/types\/product"}],"replies":[{"embeddable":true,"href":"https:\/\/vapemaison.com\/it\/wp-json\/wp\/v2\/comments?post=29184"}],"version-history":[{"count":2,"href":"https:\/\/vapemaison.com\/it\/wp-json\/wp\/v2\/product\/29184\/revisions"}],"predecessor-version":[{"id":29288,"href":"https:\/\/vapemaison.com\/it\/wp-json\/wp\/v2\/product\/29184\/revisions\/29288"}],"wp:featuredmedia":[{"embeddable":true,"href":"https:\/\/vapemaison.com\/it\/wp-json\/wp\/v2\/media\/29220"}],"wp:attachment":[{"href":"https:\/\/vapemaison.com\/it\/wp-json\/wp\/v2\/media?parent=29184"}],"wp:term":[{"taxonomy":"product_brand","embeddable":true,"href":"https:\/\/vapemaison.com\/it\/wp-json\/wp\/v2\/product_brand?post=29184"},{"taxonomy":"product_cat","embeddable":true,"href":"https:\/\/vapemaison.com\/it\/wp-json\/wp\/v2\/product_cat?post=29184"},{"taxonomy":"product_tag","embeddable":true,"href":"https:\/\/vapemaison.com\/it\/wp-json\/wp\/v2\/product_tag?post=29184"}],"curies":[{"name":"wp","href":"https:\/\/api.w.org\/{rel}","templated":true}]}}