

{"id":7290,"date":"2025-10-16T06:44:01","date_gmt":"2025-10-16T06:44:01","guid":{"rendered":"https:\/\/vapemaison.com\/?post_type=product&#038;p=7290"},"modified":"2026-02-10T09:22:08","modified_gmt":"2026-02-10T09:22:08","slug":"bang-king-30000-boccate-di-vapore-monouso","status":"publish","type":"product","link":"https:\/\/vapemaison.com\/it\/product\/bang-king-30000-puffs-disposable-vape\/","title":{"rendered":"Bang King 30000 puffs boccate di vapore monouso"},"content":{"rendered":"<p>Massimizzate il vostro valore di vaping con il <strong>Bang King 30.000<\/strong>, un dispositivo potente costruito per coloro che danno priorit\u00e0 alla resistenza e alla variet\u00e0. Abbiamo progettato questo modello con un doppio serbatoio e un display a LED ad alta tecnologia, per garantirvi sempre il controllo della vostra esperienza. Inoltre, il suo numero massiccio di respiri consente di godere di settimane di utilizzo senza il fastidio di frequenti sostituzioni.<\/p>\n\n\n\n<h3 class=\"wp-block-heading\">Perch\u00e9 il Bang King 30K si distingue<\/h3>\n\n\n\n<p>Bang King 30.000 offre un vapore costante e saporito in un telaio elegante e portatile. <strong>Inoltre<\/strong>, L'interruttore a doppio gusto integrato consente di passare istantaneamente da un gusto all'altro. Di conseguenza, si ottiene la variet\u00e0 di due dispositivi in un unico corpo compatto. Inoltre, il chiaro schermo LCD tiene traccia della durata della batteria e del numero di boccate in tempo reale, eliminando qualsiasi congettura.<\/p>\n\n\n\n<h3 class=\"wp-block-heading\">Specifiche del nucleo<\/h3>\n\n\n\n<figure class=\"wp-block-table is-style-stripes\"><table class=\"has-fixed-layout\"><thead><tr><td><strong>Caratteristica<\/strong><\/td><td><strong>Dettagli tecnici<\/strong><\/td><\/tr><\/thead><tbody><tr><td><strong>Numero massimo di soffi<\/strong><\/td><td>Fino a 30.000 boccate<\/td><\/tr><tr><td><strong>Capacit\u00e0 del liquido elettronico<\/strong><\/td><td>36 mL (sistema a doppio serbatoio)<\/td><\/tr><tr><td><strong>Tipo di batteria<\/strong><\/td><td>550 mAh (ricaricabile)<\/td><\/tr><tr><td><strong>Porta di ricarica<\/strong><\/td><td>Ricarica rapida di tipo C<\/td><\/tr><tr><td><strong>Elemento di riscaldamento<\/strong><\/td><td>Bobina a rete da 1,0\u03a9 (vapore potenziato)<\/td><\/tr><tr><td><strong>Interfaccia utente<\/strong><\/td><td>Display LCD (batteria e Puff Tracker)<\/td><\/tr><tr><td><strong>Sistema di aromatizzazione<\/strong><\/td><td>Meccanismo di commutazione a doppio gusto<\/td><\/tr><tr><td><strong>Opzioni di nicotina<\/strong><\/td><td>0% \/ 2% \/ 3% \/ 5%<\/td><\/tr><\/tbody><\/table><\/figure>\n\n\n\n<h3 class=\"wp-block-heading\">Vantaggi principali per utenti e rivenditori<\/h3>\n\n\n\n<ul class=\"wp-block-list\">\n<li><strong>Longevit\u00e0 senza pari:<\/strong> Poich\u00e9 questo dispositivo offre 30.000 boccate, \u00e8 una soluzione molto conveniente per i vapers pi\u00f9 esigenti.<\/li>\n\n\n\n<li><strong>Ricarica rapida:<\/strong> La porta Type-C garantisce tempi di inattivit\u00e0 minimi. Pertanto, il vostro dispositivo \u00e8 sempre pronto quando ne avete bisogno.<\/li>\n\n\n\n<li><strong>Pronto per la vendita all'ingrosso:<\/strong> Poich\u00e9 combina un design moderno con un'elevata capacit\u00e0, questo modello si comporta in modo eccezionale sugli scaffali dei negozi.<\/li>\n\n\n\n<li><strong>Qualit\u00e0 costante:<\/strong> La nostra bobina a rete da 1,0\u03a9 mantiene una temperatura di vapore stabile. Di conseguenza, ogni estrazione ha un sapore fresco come la prima.<\/li>\n<\/ul>\n\n\n\n<h3 class=\"wp-block-heading\">Menu Premium a doppio gusto<\/h3>\n\n\n\n<p>Ogni dispositivo \u00e8 dotato di un duo di aromi sapientemente abbinati. Basta cambiare per adattarsi al proprio stato d'animo:<\/p>\n\n\n\n<ol start=\"1\" class=\"wp-block-list\">\n<li><strong>Ghiaccio al mirtillo<\/strong> &amp; <strong>Drago Nero di Ghiaccio<\/strong><\/li>\n\n\n\n<li><strong>Ghiaccio al mirtillo<\/strong> &amp; <strong>Fragola e banana<\/strong><\/li>\n\n\n\n<li><strong>Mirtillo Lampone<\/strong> &amp; <strong>Frutta mista<\/strong><\/li>\n\n\n\n<li><strong>Mirtillo Lampone<\/strong> &amp; <strong>Pesca, mango e anguria<\/strong><\/li>\n\n\n\n<li><strong>Red Bull<\/strong> &amp; <strong>Anguria al mirtillo<\/strong><\/li>\n\n\n\n<li><strong>Red Bull<\/strong> &amp; <strong>Caramelle a bolle d'aria all'anguria<\/strong><\/li>\n\n\n\n<li><strong>Anguria alla fragola<\/strong> &amp; <strong>Ghiaccio d'uva<\/strong><\/li>\n\n\n\n<li><strong>Fragola Kiwi<\/strong> &amp; <strong>Ghiaccio alla pesca<\/strong><\/li>\n\n\n\n<li><strong>Fragola Kiwi<\/strong> &amp; <strong>Mela acida e lampone<\/strong><\/li>\n\n\n\n<li><strong>Anguria alla fragola<\/strong> &amp; <strong>Kiwi Frutto della passione Guava<\/strong><\/li>\n\n\n\n<li><strong>Ghiaccio all'anguria<\/strong> &amp; <strong>Menta e mirtillo<\/strong><\/li>\n\n\n\n<li><strong>Ghiaccio all'anguria<\/strong> &amp; <strong>Mango alla fragola<\/strong><\/li>\n<\/ol>\n\n\n\n<h3 class=\"wp-block-heading\">Ordina ora per risparmiare all'ingrosso<\/h3>\n\n\n\n<p><strong>In conclusione<\/strong>, Il Bang King 30.000 offre il perfetto equilibrio tra convenienza e variet\u00e0. <strong>Inoltre<\/strong>, Per gli ordini all'ingrosso offriamo prezzi competitivi per aiutarvi a massimizzare i vostri margini. <strong>Invece<\/strong> di accontentarsi di prodotti usa e getta di base, passate oggi al re del doppio gusto.<\/p>\n\n\n\n<p>Se si desidera esplorare altri dispositivi dello stesso marchio, \u00e8 possibile visualizzare il nostro elenco completo di dispositivi.\u00a0<strong><a href=\"https:\/\/vapemaison.com\/\">Collezione di vape usa e getta Bang<\/a><\/strong>\u00a0per confrontare i diversi modelli e il numero di puff. Per gli utenti che desiderano prestazioni di vaping prolungate, questo dispositivo fa anche parte del nostro\u00a0<strong><a href=\"https:\/\/vapemaison.com\/product-category\/puffs-count\/30k-puffs\/\">Vape monouso da 30.000 boccate<\/a><\/strong>\u00a0categoria, caratterizzati da un utilizzo duraturo e da un design ad alta capacit\u00e0. Se state confrontando opzioni simili ad alta capacit\u00e0, il modello\u00a0<strong><a href=\"https:\/\/vapemaison.com\/product\/bang-leader-stoll-300k-puffs-disposable-vape\/\">Bang 300k Puffs Vape usa e getta<\/a><\/strong>\u00a0e il\u00a0<strong><a href=\"https:\/\/vapemaison.com\/product\/solaris-champagne-30k-puffs-rechargeable-disposable-vape\/\">Solaris Champagne 30K<\/a><\/strong>\u00a0sono alternative popolari con capacit\u00e0 e prestazioni comparabili.<\/p>\n\n\n\n<h2 class=\"wp-block-heading\">FAQ<\/h2>\n\n\n\n<h3 class=\"wp-block-heading\"><strong>Quante boccate offre effettivamente il Bang King 30.000?<\/strong> <\/h3>\n\n\n\n<p>Questo dispositivo fornisce fino a <strong>30.000 soffi<\/strong> utilizzando l'enorme sistema a doppio serbatoio da 36 ml. Inoltre, la bobina a maglia da 1,0\u03a9 assicura che ogni boccata rimanga efficiente e saporita. Di conseguenza, si ottiene un valore maggiore e un utilizzo pi\u00f9 lungo rispetto ai normali prodotti usa e getta.<\/p>\n\n\n\n<h3 class=\"wp-block-heading\"><strong>Come si passa da un gusto all'altro?<\/strong> <\/h3>\n\n\n\n<p> Abbiamo progettato il Bang King 30k con una semplice <strong>meccanismo di commutazione manuale<\/strong>. \u00c8 possibile passare facilmente da un serbatoio all'altro per cambiare immediatamente il profilo di aroma. Inoltre, questa funzione consente di godere della variet\u00e0 senza dover portare con s\u00e9 pi\u00f9 dispositivi.<\/p>\n\n\n\n<h3 class=\"wp-block-heading\"><strong>Quanto tempo occorre per caricare la batteria?<\/strong> <\/h3>\n\n\n\n<p> La batteria da 550 mAh supporta <strong>Ricarica rapida di tipo C<\/strong>, che riduce notevolmente i tempi di attesa. In genere, \u00e8 possibile raggiungere una carica completa in circa 30-45 minuti. Pertanto, si passa meno tempo alla presa di corrente e pi\u00f9 tempo a svapare.<\/p>\n\n\n\n<h3 class=\"wp-block-heading\"><strong>Posso monitorare i livelli di e-liquid e batteria?<\/strong> <\/h3>\n\n\n\n<p>S\u00ec, il sistema integrato <strong>Display LCD<\/strong> mostra in tempo reale lo stato della batteria e il conteggio dei consumi. Di conseguenza, si sa sempre esattamente quando ricaricare, eliminando la frustrazione di una batteria improvvisamente scarica.<\/p>\n\n\n\n<h3 class=\"wp-block-heading\"><strong>Questo dispositivo \u00e8 adatto per ordini all'ingrosso o in blocco?<\/strong> <\/h3>\n\n\n\n<p> Assolutamente s\u00ec. Offriamo un servizio competitivo <strong>prezzi all'ingrosso<\/strong> per il Bang King 30k perch\u00e9 \u00e8 un modello dalle prestazioni eccellenti per gli scaffali dei rivenditori. Inoltre, forniamo tutte le gradazioni di nicotina (da 0% a 5%) per soddisfare le vostre specifiche richieste di mercato.<\/p>\n\n\n\n<p><\/p>","protected":false},"excerpt":{"rendered":"<p>Il Bang King 30000 Puffs Disposable Vape combina potenza, sapore e stile. Con 36 ml di e-liquid, batteria ricaricabile Type-C e display LCD, offre un vapore fluido e un divertimento a doppio gusto. Scegliete tra pi\u00f9 livelli di nicotina e godetevi fino a 30.000 boccate soddisfacenti.<\/p>","protected":false},"featured_media":9493,"comment_status":"open","ping_status":"closed","template":"","meta":[],"product_brand":[57],"product_cat":[134,142],"product_tag":[],"class_list":{"0":"post-7290","1":"product","2":"type-product","3":"status-publish","4":"has-post-thumbnail","6":"product_brand-bang","7":"product_cat-30k-puffs","8":"product_cat-eu-stock","10":"first","11":"instock","12":"shipping-taxable","13":"purchasable","14":"product-type-variable"},"yoast_head":"<!-- This site is optimized with the Yoast SEO plugin v27.4 - https:\/\/yoast.com\/product\/yoast-seo-wordpress\/ -->\n<title>Bang King 30k Puffs Disposable Vape Dual Flavor<\/title>\n<meta name=\"description\" content=\"Bang King 30000 Puffs Disposable Vape with dual flavor switching, 36ml e-liquid, and 550mAh rechargeable battery. Featuring an LED scree.\" \/>\n<meta name=\"robots\" content=\"index, follow, max-snippet:-1, max-image-preview:large, max-video-preview:-1\" \/>\n<link rel=\"canonical\" href=\"https:\/\/vapemaison.com\/it\/prodotto\/bang-king-30000-boccate-di-vapore-monouso\/\" \/>\n<meta property=\"og:locale\" content=\"it_IT\" \/>\n<meta property=\"og:type\" content=\"article\" \/>\n<meta property=\"og:title\" content=\"Bang King 30k Puffs Disposable Vape Dual Flavor\" \/>\n<meta property=\"og:description\" content=\"Bang King 30000 Puffs Disposable Vape with dual flavor switching, 36ml e-liquid, and 550mAh rechargeable battery. Featuring an LED scree.\" \/>\n<meta property=\"og:url\" content=\"https:\/\/vapemaison.com\/it\/prodotto\/bang-king-30000-boccate-di-vapore-monouso\/\" \/>\n<meta property=\"og:site_name\" content=\"VapeMaison\" \/>\n<meta property=\"article:modified_time\" content=\"2026-02-10T09:22:08+00:00\" \/>\n<meta property=\"og:image\" content=\"https:\/\/vapemaison.com\/wp-content\/uploads\/2025\/10\/bang-king-30000-puffs-disposable-vape-main-picture-e1763519670569.png\" \/>\n\t<meta property=\"og:image:width\" content=\"500\" \/>\n\t<meta property=\"og:image:height\" content=\"500\" \/>\n\t<meta property=\"og:image:type\" content=\"image\/png\" \/>\n<meta name=\"twitter:card\" content=\"summary_large_image\" \/>\n<meta name=\"twitter:label1\" content=\"Tempo di lettura stimato\" \/>\n\t<meta name=\"twitter:data1\" content=\"4 minuti\" \/>\n<!-- \/ Yoast SEO plugin. -->","yoast_head_json":{"title":"Bang King 30000 puffs di vapore monouso a doppio gusto","description":"Bang King 30000 Puffs Vape usa e getta con commutazione a doppio aroma, 36ml di e-liquid e batteria ricaricabile da 550mAh. Caratterizzato da uno schermo a LED.","robots":{"index":"index","follow":"follow","max-snippet":"max-snippet:-1","max-image-preview":"max-image-preview:large","max-video-preview":"max-video-preview:-1"},"canonical":"https:\/\/vapemaison.com\/it\/prodotto\/bang-king-30000-boccate-di-vapore-monouso\/","og_locale":"it_IT","og_type":"article","og_title":"Bang King 30k Puffs Disposable Vape Dual Flavor","og_description":"Bang King 30000 Puffs Disposable Vape with dual flavor switching, 36ml e-liquid, and 550mAh rechargeable battery. Featuring an LED scree.","og_url":"https:\/\/vapemaison.com\/it\/prodotto\/bang-king-30000-boccate-di-vapore-monouso\/","og_site_name":"VapeMaison","article_modified_time":"2026-02-10T09:22:08+00:00","og_image":[{"width":500,"height":500,"url":"https:\/\/vapemaison.com\/wp-content\/uploads\/2025\/10\/bang-king-30000-puffs-disposable-vape-main-picture-e1763519670569.png","type":"image\/png"}],"twitter_card":"summary_large_image","twitter_misc":{"Tempo di lettura stimato":"4 minuti"},"schema":{"@context":"https:\/\/schema.org","@graph":[{"@type":"WebPage","@id":"https:\/\/vapemaison.com\/product\/bang-king-30000-puffs-disposable-vape\/","url":"https:\/\/vapemaison.com\/product\/bang-king-30000-puffs-disposable-vape\/","name":"Bang King 30000 puffs di vapore monouso a doppio gusto","isPartOf":{"@id":"https:\/\/vapemaison.com\/#website"},"primaryImageOfPage":{"@id":"https:\/\/vapemaison.com\/product\/bang-king-30000-puffs-disposable-vape\/#primaryimage"},"image":{"@id":"https:\/\/vapemaison.com\/product\/bang-king-30000-puffs-disposable-vape\/#primaryimage"},"thumbnailUrl":"https:\/\/vapemaison.com\/wp-content\/uploads\/2025\/10\/bang-king-30000-puffs-disposable-vape-main-picture-e1763519670569.png","datePublished":"2025-10-16T06:44:01+00:00","dateModified":"2026-02-10T09:22:08+00:00","description":"Bang King 30000 Puffs Vape usa e getta con commutazione a doppio aroma, 36ml di e-liquid e batteria ricaricabile da 550mAh. Caratterizzato da uno schermo a LED.","breadcrumb":{"@id":"https:\/\/vapemaison.com\/product\/bang-king-30000-puffs-disposable-vape\/#breadcrumb"},"inLanguage":"it-IT","potentialAction":[{"@type":"ReadAction","target":["https:\/\/vapemaison.com\/product\/bang-king-30000-puffs-disposable-vape\/"]}]},{"@type":"ImageObject","inLanguage":"it-IT","@id":"https:\/\/vapemaison.com\/product\/bang-king-30000-puffs-disposable-vape\/#primaryimage","url":"https:\/\/vapemaison.com\/wp-content\/uploads\/2025\/10\/bang-king-30000-puffs-disposable-vape-main-picture-e1763519670569.png","contentUrl":"https:\/\/vapemaison.com\/wp-content\/uploads\/2025\/10\/bang-king-30000-puffs-disposable-vape-main-picture-e1763519670569.png","width":500,"height":500,"caption":"Bang King Puffs Disposable Vape Main Picture E"},{"@type":"BreadcrumbList","@id":"https:\/\/vapemaison.com\/product\/bang-king-30000-puffs-disposable-vape\/#breadcrumb","itemListElement":[{"@type":"ListItem","position":1,"name":"\u9996\u9875","item":"https:\/\/vapemaison.com\/"},{"@type":"ListItem","position":2,"name":"Shop","item":"https:\/\/vapemaison.com\/shop\/"},{"@type":"ListItem","position":3,"name":"Bang","item":"https:\/\/vapemaison.com\/brand\/bang\/"},{"@type":"ListItem","position":4,"name":"Bang King 30k Puffs Disposable Vape"}]},{"@type":"WebSite","@id":"https:\/\/vapemaison.com\/#website","url":"https:\/\/vapemaison.com\/","name":"VapeMaison","description":"Dispositivi e accessori per il vaping di alta qualit\u00e0","publisher":{"@id":"https:\/\/vapemaison.com\/#organization"},"potentialAction":[{"@type":"SearchAction","target":{"@type":"EntryPoint","urlTemplate":"https:\/\/vapemaison.com\/?s={search_term_string}"},"query-input":{"@type":"PropertyValueSpecification","valueRequired":true,"valueName":"search_term_string"}}],"inLanguage":"it-IT"},{"@type":"Organization","@id":"https:\/\/vapemaison.com\/#organization","name":"VapeMaison","url":"https:\/\/vapemaison.com\/","logo":{"@type":"ImageObject","inLanguage":"it-IT","@id":"https:\/\/vapemaison.com\/#\/schema\/logo\/image\/","url":"https:\/\/vapemaison.com\/wp-content\/uploads\/2026\/01\/cropped-vapemaison-logo-g-2026.webp","contentUrl":"https:\/\/vapemaison.com\/wp-content\/uploads\/2026\/01\/cropped-vapemaison-logo-g-2026.webp","width":350,"height":280,"caption":"VapeMaison"},"image":{"@id":"https:\/\/vapemaison.com\/#\/schema\/logo\/image\/"},"sameAs":["https:\/\/www.youtube.com\/@VapeMaison"]}]}},"tiered_pricing_type":"fixed","tiered_pricing_fixed_rules":{"30":"11.98","50":"10.98","100":"9.65","200":"8.32"},"tiered_pricing_product_settings":{"layout":"default","base_unit_name":{"singular":null,"plural":null},"default_variation":null},"tiered_pricing_minimum_quantity":10,"tiered_pricing_roles_data":[],"tiered_pricing_percentage_rules":[],"tiered_pricing_maximum_quantity":null,"tiered_pricing_quantity_step":"10","_links":{"self":[{"href":"https:\/\/vapemaison.com\/it\/wp-json\/wp\/v2\/product\/7290","targetHints":{"allow":["GET"]}}],"collection":[{"href":"https:\/\/vapemaison.com\/it\/wp-json\/wp\/v2\/product"}],"about":[{"href":"https:\/\/vapemaison.com\/it\/wp-json\/wp\/v2\/types\/product"}],"replies":[{"embeddable":true,"href":"https:\/\/vapemaison.com\/it\/wp-json\/wp\/v2\/comments?post=7290"}],"version-history":[{"count":2,"href":"https:\/\/vapemaison.com\/it\/wp-json\/wp\/v2\/product\/7290\/revisions"}],"predecessor-version":[{"id":26142,"href":"https:\/\/vapemaison.com\/it\/wp-json\/wp\/v2\/product\/7290\/revisions\/26142"}],"wp:featuredmedia":[{"embeddable":true,"href":"https:\/\/vapemaison.com\/it\/wp-json\/wp\/v2\/media\/9493"}],"wp:attachment":[{"href":"https:\/\/vapemaison.com\/it\/wp-json\/wp\/v2\/media?parent=7290"}],"wp:term":[{"taxonomy":"product_brand","embeddable":true,"href":"https:\/\/vapemaison.com\/it\/wp-json\/wp\/v2\/product_brand?post=7290"},{"taxonomy":"product_cat","embeddable":true,"href":"https:\/\/vapemaison.com\/it\/wp-json\/wp\/v2\/product_cat?post=7290"},{"taxonomy":"product_tag","embeddable":true,"href":"https:\/\/vapemaison.com\/it\/wp-json\/wp\/v2\/product_tag?post=7290"}],"curies":[{"name":"wp","href":"https:\/\/api.w.org\/{rel}","templated":true}]}}