

{"id":8066,"date":"2025-10-22T07:07:43","date_gmt":"2025-10-22T07:07:43","guid":{"rendered":"https:\/\/vapemaison.com\/?post_type=product&#038;p=8066"},"modified":"2026-05-13T05:49:54","modified_gmt":"2026-05-13T05:49:54","slug":"bang-king-50000-boccate-di-vapore-monouso","status":"publish","type":"product","link":"https:\/\/vapemaison.com\/it\/product\/bang-king-50000-puffs-disposable-vape\/","title":{"rendered":"Bang King 50000 boccate di vapore monouso"},"content":{"rendered":"<h2 class=\"wp-block-heading\"><strong>Bang King 50000 Vape usa e getta - 50.000 boccate, doppio gusto, ricaricabile di tipo C<\/strong><\/h2>\n\n\n\n<p>Bang King 50000 offre un'eccezionale resistenza fino a 50.000 tiri, grazie a una batteria ricaricabile da 850 mAh e a 50 ml di e-liquid premium. Progettato per gli utenti che apprezzano il sapore forte, la lunga durata e la convenienza, questo monouso a doppio gusto offre un'esperienza di svapo fluida e costante dall'inizio alla fine.<br>Disponibile nelle versioni 0%, 2%, 3% e 5% di nicotina, si rivolge sia agli utilizzatori senza nicotina che a quelli che cercano una forte dose.<\/p>\n\n\n\n<h3 class=\"wp-block-heading\"><strong>Caratteristiche principali<\/strong><\/h3>\n\n\n\n<ul class=\"wp-block-list\">\n<li><strong>50.000 Capacit\u00e0 di soffio<\/strong><\/li>\n\n\n\n<li><strong>Capacit\u00e0 di 50 ml di liquido elettronico<\/strong><\/li>\n\n\n\n<li><strong>Livelli di nicotina regolabili (0%-5%)<\/strong><\/li>\n\n\n\n<li><strong>Batteria ricaricabile da 850 mAh<\/strong><\/li>\n\n\n\n<li><strong>Compatto e portatile<\/strong><\/li>\n<\/ul>\n\n\n\n<h3 class=\"wp-block-heading\"><strong>Opzioni a doppio gusto disponibili<\/strong><\/h3>\n\n\n\n<p>Ghiaccio all'anguria \/ Menta al mirtillo<br>Anguria \/ Mirtillo Ciliegia<br>Ghiaccio al mirtillo \/ Pesca, mango e anguria<br>Ghiaccio al mirtillo \/ Ghiaccio alla pesca<br>Mirtillo, lampone e frutti di bosco<br>Mirtillo, lampone e uva<br>Red Bull \/ Fragola e banana<br>Red Bull \/ Mirtillo anguria<br>Gomma da masticare alla fragola e al mango \/ anguria<br>Mango alla fragola \/ Kiwi alla fragola<br>Anguria alla fragola \/ Ghiaccio del Drago Nero<br>Fragola Anguria \/ Kiwi Frutto della passione Guava<\/p>\n\n\n\n<h3 class=\"wp-block-heading\"><strong>Specifiche tecniche<\/strong><\/h3>\n\n\n\n<ul class=\"wp-block-list\">\n<li><strong>Marchio:<\/strong> Bang King<\/li>\n\n\n\n<li><strong>Modello:<\/strong> 50000 Puffs monouso a doppio gusto<\/li>\n\n\n\n<li><strong>Batteria:<\/strong> 850 mAh (ricaricabile)<\/li>\n\n\n\n<li><strong>E-liquido:<\/strong> 50mL<\/li>\n\n\n\n<li><strong>Nicotina:<\/strong> 0%, 2%, 3%, 5%<\/li>\n\n\n\n<li><strong>Ricarica:<\/strong> Tipo-C<\/li>\n\n\n\n<li><strong>Attivazione:<\/strong> Attivato dal disegno<\/li>\n<\/ul>\n\n\n\n<p>State ancora esplorando le vostre opzioni? Potete scoprire di pi\u00f9 con il nostro <strong><a href=\"https:\/\/vapemaison.com\/brand\/fumot\/\">Collezione Fumot Vape<\/a><\/strong>, o sfogliare altri <strong><a href=\"https:\/\/vapemaison.com\/product-category\/puffs-count\/50k-puffs\/\">dispositivi vape puff 50k<\/a><\/strong> e <strong><a href=\"https:\/\/vapemaison.com\/product-category\/puffs-count\/300k-puffs\/\">monouso ricaricabili ad alto rendimento<\/a><\/strong> progettati per garantire prestazioni di lunga durata. Se profili dolci come questo vi interessano, date un'occhiata ai nostri vapes al gusto di caramelle e agli aromi di vape ispirati alle bevande per esperienze di gusto altrettanto audaci. Abbiamo anche i migliori dispositivi di <strong><a href=\"https:\/\/vapemaison.com\/brand\/elfbar\/\">Bar degli elfi<\/a><\/strong>, <strong><a href=\"https:\/\/vapemaison.com\/brand\/humo-azul\/\">Humo Azul<\/a><\/strong>, e <strong><a href=\"https:\/\/vapemaison.com\/brand\/airmez\/\">Airmez<\/a><\/strong>, Il sistema di controllo della temperatura \u00e8 stato progettato per offrire un maggior numero di stili di flusso d'aria, livelli di dolcezza e densit\u00e0 di vapore tra cui scegliere, in modo da poter trovare la configurazione pi\u00f9 adatta alle vostre preferenze di svapo per tutto il giorno.<\/p>\n\n\n\n<h3 class=\"wp-block-heading\"><strong>Avviso di sicurezza<\/strong><\/h3>\n\n\n\n<p>Per adulti a partire da 21 anni. Tenere lontano da bambini e animali domestici. Contiene nicotina (tranne 0%), sostanza chimica che crea dipendenza.<\/p>\n\n\n\n<p><\/p>","protected":false},"excerpt":{"rendered":"<p>Bang King 50000 Puffs Disposable Vape \u00e8 un dispositivo di vaping di qualit\u00e0 superiore progettato per prestazioni di lunga durata. Con una batteria da 850 mAh, una capacit\u00e0 di 50 ml di e-liquid e opzioni di nicotina che vanno da 0% a 5%, questo vape offre fino a 50.000 boccate di vapore morbido e saporito. Perfetto per i vapers che apprezzano la convenienza e la qualit\u00e0.<\/p>","protected":false},"featured_media":8111,"comment_status":"open","ping_status":"closed","template":"","meta":[],"product_brand":[57],"product_cat":[136,142],"product_tag":[145],"class_list":{"0":"post-8066","1":"product","2":"type-product","3":"status-publish","4":"has-post-thumbnail","6":"product_brand-bang","7":"product_cat-50k-puffs","8":"product_cat-eu-stock","9":"product_tag-disposable-vape","11":"first","12":"instock","13":"sale","14":"shipping-taxable","15":"purchasable","16":"product-type-variable"},"yoast_head":"<!-- This site is optimized with the Yoast SEO plugin v27.4 - https:\/\/yoast.com\/product\/yoast-seo-wordpress\/ -->\n<title>Bang King 50000 Puffs Disposable Vape Long-Lasting Vape<\/title>\n<meta name=\"description\" content=\"Discover the Bang King 50000 Puffs Disposable Vape featuring 50mL e-liquid, and up to 50,000 puffs. Choose your nicotine level and enjoy vaping anywhere.\" \/>\n<meta name=\"robots\" content=\"index, follow, max-snippet:-1, max-image-preview:large, max-video-preview:-1\" \/>\n<link rel=\"canonical\" href=\"https:\/\/vapemaison.com\/it\/prodotto\/bang-king-50000-boccate-di-vapore-monouso\/\" \/>\n<meta property=\"og:locale\" content=\"it_IT\" \/>\n<meta property=\"og:type\" content=\"article\" \/>\n<meta property=\"og:title\" content=\"Bang King 50000 Puffs Disposable Vape Long-Lasting Vape\" \/>\n<meta property=\"og:description\" content=\"Discover the Bang King 50000 Puffs Disposable Vape featuring 50mL e-liquid, and up to 50,000 puffs. Choose your nicotine level and enjoy vaping anywhere.\" \/>\n<meta property=\"og:url\" content=\"https:\/\/vapemaison.com\/it\/prodotto\/bang-king-50000-boccate-di-vapore-monouso\/\" \/>\n<meta property=\"og:site_name\" content=\"VapeMaison\" \/>\n<meta property=\"article:modified_time\" content=\"2026-05-13T05:49:54+00:00\" \/>\n<meta property=\"og:image\" content=\"https:\/\/vapemaison.com\/wp-content\/uploads\/2025\/10\/bang-king-50000-50k-puffs-main-image.jpg.webp\" \/>\n\t<meta property=\"og:image:width\" content=\"1000\" \/>\n\t<meta property=\"og:image:height\" content=\"1000\" \/>\n\t<meta property=\"og:image:type\" content=\"image\/webp\" \/>\n<meta name=\"twitter:card\" content=\"summary_large_image\" \/>\n<meta name=\"twitter:label1\" content=\"Tempo di lettura stimato\" \/>\n\t<meta name=\"twitter:data1\" content=\"2 minuti\" \/>\n<!-- \/ Yoast SEO plugin. -->","yoast_head_json":{"title":"Bang King 50000 boccate di vapore monouso Vape a lunga durata","description":"Scoprite il Bang King 50000 Puffs Disposable Vape con 50 ml di e-liquid e fino a 50.000 puff. Scegliete il vostro livello di nicotina e godetevi il vaping ovunque.","robots":{"index":"index","follow":"follow","max-snippet":"max-snippet:-1","max-image-preview":"max-image-preview:large","max-video-preview":"max-video-preview:-1"},"canonical":"https:\/\/vapemaison.com\/it\/prodotto\/bang-king-50000-boccate-di-vapore-monouso\/","og_locale":"it_IT","og_type":"article","og_title":"Bang King 50000 Puffs Disposable Vape Long-Lasting Vape","og_description":"Discover the Bang King 50000 Puffs Disposable Vape featuring 50mL e-liquid, and up to 50,000 puffs. Choose your nicotine level and enjoy vaping anywhere.","og_url":"https:\/\/vapemaison.com\/it\/prodotto\/bang-king-50000-boccate-di-vapore-monouso\/","og_site_name":"VapeMaison","article_modified_time":"2026-05-13T05:49:54+00:00","og_image":[{"width":1000,"height":1000,"url":"https:\/\/vapemaison.com\/wp-content\/uploads\/2025\/10\/bang-king-50000-50k-puffs-main-image.jpg.webp","type":"image\/webp"}],"twitter_card":"summary_large_image","twitter_misc":{"Tempo di lettura stimato":"2 minuti"},"schema":{"@context":"https:\/\/schema.org","@graph":[{"@type":"WebPage","@id":"https:\/\/vapemaison.com\/product\/bang-king-50000-puffs-disposable-vape\/","url":"https:\/\/vapemaison.com\/product\/bang-king-50000-puffs-disposable-vape\/","name":"Bang King 50000 boccate di vapore monouso Vape a lunga durata","isPartOf":{"@id":"https:\/\/vapemaison.com\/#website"},"primaryImageOfPage":{"@id":"https:\/\/vapemaison.com\/product\/bang-king-50000-puffs-disposable-vape\/#primaryimage"},"image":{"@id":"https:\/\/vapemaison.com\/product\/bang-king-50000-puffs-disposable-vape\/#primaryimage"},"thumbnailUrl":"https:\/\/vapemaison.com\/wp-content\/uploads\/2025\/10\/bang-king-50000-50k-puffs-main-image.jpg.webp","datePublished":"2025-10-22T07:07:43+00:00","dateModified":"2026-05-13T05:49:54+00:00","description":"Scoprite il Bang King 50000 Puffs Disposable Vape con 50 ml di e-liquid e fino a 50.000 puff. Scegliete il vostro livello di nicotina e godetevi il vaping ovunque.","breadcrumb":{"@id":"https:\/\/vapemaison.com\/product\/bang-king-50000-puffs-disposable-vape\/#breadcrumb"},"inLanguage":"it-IT","potentialAction":[{"@type":"ReadAction","target":["https:\/\/vapemaison.com\/product\/bang-king-50000-puffs-disposable-vape\/"]}]},{"@type":"ImageObject","inLanguage":"it-IT","@id":"https:\/\/vapemaison.com\/product\/bang-king-50000-puffs-disposable-vape\/#primaryimage","url":"https:\/\/vapemaison.com\/wp-content\/uploads\/2025\/10\/bang-king-50000-50k-puffs-main-image.jpg.webp","contentUrl":"https:\/\/vapemaison.com\/wp-content\/uploads\/2025\/10\/bang-king-50000-50k-puffs-main-image.jpg.webp","width":1000,"height":1000,"caption":"Bang King 50000 Puffs disposable vape, main product image"},{"@type":"BreadcrumbList","@id":"https:\/\/vapemaison.com\/product\/bang-king-50000-puffs-disposable-vape\/#breadcrumb","itemListElement":[{"@type":"ListItem","position":1,"name":"\u9996\u9875","item":"https:\/\/vapemaison.com\/"},{"@type":"ListItem","position":2,"name":"Shop","item":"https:\/\/vapemaison.com\/shop\/"},{"@type":"ListItem","position":3,"name":"Bang","item":"https:\/\/vapemaison.com\/brand\/bang\/"},{"@type":"ListItem","position":4,"name":"Bang King 50000 Puffs Disposable Vape"}]},{"@type":"WebSite","@id":"https:\/\/vapemaison.com\/#website","url":"https:\/\/vapemaison.com\/","name":"VapeMaison","description":"Dispositivi e accessori per il vaping di alta qualit\u00e0","publisher":{"@id":"https:\/\/vapemaison.com\/#organization"},"potentialAction":[{"@type":"SearchAction","target":{"@type":"EntryPoint","urlTemplate":"https:\/\/vapemaison.com\/?s={search_term_string}"},"query-input":{"@type":"PropertyValueSpecification","valueRequired":true,"valueName":"search_term_string"}}],"inLanguage":"it-IT"},{"@type":"Organization","@id":"https:\/\/vapemaison.com\/#organization","name":"VapeMaison","url":"https:\/\/vapemaison.com\/","logo":{"@type":"ImageObject","inLanguage":"it-IT","@id":"https:\/\/vapemaison.com\/#\/schema\/logo\/image\/","url":"https:\/\/vapemaison.com\/wp-content\/uploads\/2026\/01\/cropped-vapemaison-logo-g-2026.webp","contentUrl":"https:\/\/vapemaison.com\/wp-content\/uploads\/2026\/01\/cropped-vapemaison-logo-g-2026.webp","width":350,"height":280,"caption":"VapeMaison"},"image":{"@id":"https:\/\/vapemaison.com\/#\/schema\/logo\/image\/"},"sameAs":["https:\/\/www.youtube.com\/@VapeMaison"]}]}},"tiered_pricing_type":"fixed","tiered_pricing_fixed_rules":{"30":"10.38","50":"9.99","100":"9.59","200":"9.19"},"tiered_pricing_product_settings":{"layout":"default","base_unit_name":{"singular":null,"plural":null},"default_variation":null},"tiered_pricing_minimum_quantity":10,"tiered_pricing_roles_data":[],"tiered_pricing_percentage_rules":[],"tiered_pricing_maximum_quantity":null,"tiered_pricing_quantity_step":"10","_links":{"self":[{"href":"https:\/\/vapemaison.com\/it\/wp-json\/wp\/v2\/product\/8066","targetHints":{"allow":["GET"]}}],"collection":[{"href":"https:\/\/vapemaison.com\/it\/wp-json\/wp\/v2\/product"}],"about":[{"href":"https:\/\/vapemaison.com\/it\/wp-json\/wp\/v2\/types\/product"}],"replies":[{"embeddable":true,"href":"https:\/\/vapemaison.com\/it\/wp-json\/wp\/v2\/comments?post=8066"}],"version-history":[{"count":1,"href":"https:\/\/vapemaison.com\/it\/wp-json\/wp\/v2\/product\/8066\/revisions"}],"predecessor-version":[{"id":26478,"href":"https:\/\/vapemaison.com\/it\/wp-json\/wp\/v2\/product\/8066\/revisions\/26478"}],"wp:featuredmedia":[{"embeddable":true,"href":"https:\/\/vapemaison.com\/it\/wp-json\/wp\/v2\/media\/8111"}],"wp:attachment":[{"href":"https:\/\/vapemaison.com\/it\/wp-json\/wp\/v2\/media?parent=8066"}],"wp:term":[{"taxonomy":"product_brand","embeddable":true,"href":"https:\/\/vapemaison.com\/it\/wp-json\/wp\/v2\/product_brand?post=8066"},{"taxonomy":"product_cat","embeddable":true,"href":"https:\/\/vapemaison.com\/it\/wp-json\/wp\/v2\/product_cat?post=8066"},{"taxonomy":"product_tag","embeddable":true,"href":"https:\/\/vapemaison.com\/it\/wp-json\/wp\/v2\/product_tag?post=8066"}],"curies":[{"name":"wp","href":"https:\/\/api.w.org\/{rel}","templated":true}]}}