

{"id":8126,"date":"2025-10-22T09:24:24","date_gmt":"2025-10-22T09:24:24","guid":{"rendered":"https:\/\/vapemaison.com\/?post_type=product&#038;p=8126"},"modified":"2026-05-08T16:38:01","modified_gmt":"2026-05-08T16:38:01","slug":"bang-king-triple-85000-3in1-vape","status":"publish","type":"product","link":"https:\/\/vapemaison.com\/it\/product\/bang-king-triple-85000-3in1-vape\/","title":{"rendered":"Bang King Triple 85K 3-in-1 Vape usa e getta | 85.000 boccate | Cialde a triplo gusto"},"content":{"rendered":"<p>Il <strong>Bang King Triple 85K Vape usa e getta<\/strong> \u00e8 stato progettato per gli utenti che apprezzano la variet\u00e0 di sapori, l'elevata capacit\u00e0 e le prestazioni costanti del dispositivo. Caratterizzato da un <strong>Sistema di aromi 3 in 1<\/strong> con <strong>tre camere per e-liquid da 15 ml (45 ml in totale)<\/strong>, consente di cambiare o miscelare senza problemi i sapori all'interno di un unico dispositivo. Con un massimo di <strong>85.000 soffi<\/strong>, a <strong>Batteria ricaricabile da 650 mAh con ricarica Type-C<\/strong>, e un <strong>Bobina con maglia da 1,0\u03a9<\/strong>, Il dispositivo offre un vapore omogeneo, un'uscita stabile e un aroma affidabile per tutto il ciclo di utilizzo. Supporto <strong>pi\u00f9 intensit\u00e0 di nicotina (0%-5%)<\/strong> e <strong>16 combinazioni di triplo gusto<\/strong>, Il sistema offre la flessibilit\u00e0 necessaria per soddisfare le diverse preferenze degli utenti, mantenendo al contempo la convenienza e l'efficienza.<\/p>\n\n\n\n<h3 class=\"wp-block-heading\">Specifiche tecniche<\/h3>\n\n\n\n<figure class=\"wp-block-table\"><table class=\"has-fixed-layout\"><thead><tr><th>Specifiche<\/th><th>Dettagli<\/th><\/tr><\/thead><tbody><tr><td>Conteggio dei soffi<\/td><td>Fino a 85.000 soffi<\/td><\/tr><tr><td>Capacit\u00e0 del liquido elettronico<\/td><td>45 mL (3 \u00d7 15 mL)<\/td><\/tr><tr><td>Sistema di aromatizzazione<\/td><td>3 in 1 (triplo gusto)<\/td><\/tr><tr><td>Tipo di bobina<\/td><td>Bobina a maglia da 1,0\u03a9<\/td><\/tr><tr><td>Batteria<\/td><td>650mAh Ricaricabile<\/td><\/tr><tr><td>Porta di ricarica<\/td><td>Tipo-C<\/td><\/tr><tr><td>Forza della nicotina<\/td><td>0% \/ 2% \/ 3% \/ 5%<\/td><\/tr><tr><td>Opzioni di gusto<\/td><td>16 combinazioni di triplo sapore<\/td><\/tr><tr><td>Tipo di utilizzo<\/td><td>Monouso (ricaricabile)<\/td><\/tr><\/tbody><\/table><\/figure>\n\n\n\n<h3 class=\"wp-block-heading\">Sapore<\/h3>\n\n\n\n<ol class=\"wp-block-list\">\n<li>Anguria &amp; Red Bull &amp; Kiwi alla fragola<\/li>\n\n\n\n<li>Limone, lime e fragola Anguria e mirtillo ghiacciati<\/li>\n\n\n\n<li>Fragola, banana e lampone Anguria e limonata rosa<\/li>\n\n\n\n<li>Ciliegia blu e menta fresca e pesca e mango<\/li>\n\n\n\n<li>Frutta tropicale e fragola Anguria e pesca al limone<\/li>\n\n\n\n<li>Ananas e cocco, fragola e banana e Blue Razz<\/li>\n\n\n\n<li>Anguria alla fragola, triplo melone e ghiaccio alla fragola<\/li>\n\n\n\n<li>Frutti misti e mango Pesca e uva ghiacciata<\/li>\n\n\n\n<li>Coca-Cola alla fragola e vaniglia, ghiaccio alla pesca e ghiaccio al drago nero<\/li>\n\n\n\n<li>Ghiaccio e Kiwi Frutto della Passione Guava e Paglia Mango<\/li>\n\n\n\n<li>Anguria e anguria alla fragola e ghiaccio blu Razz<\/li>\n\n\n\n<li>Limonata ai frutti di bosco &amp; Red Bull alla fragola &amp; Pomp alla fragola<\/li>\n\n\n\n<li>Doppia Mela e Fusione Fruttata e Ghiaccio all'Ananas<\/li>\n\n\n\n<li>Cola Ice &amp; Mr Blue &amp; Cherry Cola<\/li>\n\n\n\n<li>Ciambella alla fragola e gelato alla banana &amp; Love66<\/li>\n\n\n\n<li>T\u00e8 freddo al limone, mango su ghiaccio e litchi su ghiaccio<\/li>\n<\/ol>\n\n\n\n<h3 class=\"wp-block-heading\">Perch\u00e9 scegliere Bang King Triple 85K?<\/h3>\n\n\n\n<p><strong>Uso efficiente<\/strong> - Riduce la frequenza di sostituzione dei dispositivi<\/p>\n\n\n\n<p><strong>Integrazione multi-sapore<\/strong> - Tre gusti in un unico dispositivo compatto<\/p>\n\n\n\n<p><strong>Design ad alta capacit\u00e0<\/strong> - 45 ml di e-liquido totale per un uso prolungato<\/p>\n\n\n\n<p><strong>Produzione coerente<\/strong> - La bobina a rete garantisce un vapore omogeneo e un aroma stabile.<\/p>\n\n\n\n<p><strong>Opzioni di nicotina flessibili<\/strong> - Adatto alle diverse esigenze degli utenti<\/p>\n\n\n\n<p><strong>Comodit\u00e0 di ricarica<\/strong> - Ricarica Type-C per un facile accesso all'alimentazione<\/p>\n\n\n\n<p>Il <strong>Bang King Triplo 85K Vape<\/strong> combinazioni <strong>variet\u00e0, potenza e portabilit\u00e0<\/strong> come nessun altro.<br>Passate da un aroma all'altro in pochi secondi, godete di una capacit\u00e0 enorme e provate un vapore puro e costante ovunque andiate.<\/p>\n\n\n\n<p><strong>Scoprite la vostra miscela perfetta: triplo sapore, tripla soddisfazione.<\/strong><\/p>\n\n\n\n<p>Esplora altri vapori usa e getta ad alta capacit\u00e0 nel nostro <a href=\"https:\/\/vapemaison.com\/shop\/\" type=\"link\" id=\"https:\/\/vapemaison.com\/shop\/\"><strong>Negozio<\/strong><\/a> per trovare i dispositivi pi\u00f9 recenti con funzioni avanzate e diverse opzioni di gusto. \u00c8 inoltre possibile sfogliare l'intera <strong><a href=\"https:\/\/vapemaison.com\/brand\/bang\/\" type=\"link\" id=\"https:\/\/vapemaison.com\/brand\/bang\/\">Bang vape<\/a><\/strong> per scoprire altri innovativi vapori multigusto progettati per garantire prestazioni, variet\u00e0 e praticit\u00e0 quotidiana.<\/p>\n\n\n\n<p><\/p>","protected":false},"excerpt":{"rendered":"<p>Provate il Bang King Triple 85000 Puffs 3-in-1 Vape con serbatoi da 45ML a triplo sapore Godetevi il gusto ricco di 16 combinazioni di sapori unici in un unico dispositivo.<\/p>","protected":false},"featured_media":8131,"comment_status":"open","ping_status":"closed","template":"","meta":[],"product_brand":[57],"product_cat":[155,142,294],"product_tag":[],"class_list":{"0":"post-8126","1":"product","2":"type-product","3":"status-publish","4":"has-post-thumbnail","6":"product_brand-bang","7":"product_cat-85k-puffs","8":"product_cat-eu-stock","9":"product_cat-no-nicotine-vape","11":"first","12":"instock","13":"sale","14":"shipping-taxable","15":"purchasable","16":"product-type-variable"},"yoast_head":"<!-- This site is optimized with the Yoast SEO plugin v27.4 - https:\/\/yoast.com\/product\/yoast-seo-wordpress\/ -->\n<title>Bang King Triple 85000 Puffs 3-in-1 Vape | 45ML Triple Flavor<\/title>\n<meta name=\"description\" content=\"Experience the Bang King Triple 85000 Puffs 3-in-1 Vape featuring 45ML triple-flavor tanks Enjoy rich taste 16 unique flavor combinations in one device.\" \/>\n<meta name=\"robots\" content=\"index, follow, max-snippet:-1, max-image-preview:large, max-video-preview:-1\" \/>\n<link rel=\"canonical\" href=\"https:\/\/vapemaison.com\/it\/prodotto\/bang-king-triple-85000-3in1-vape\/\" \/>\n<meta property=\"og:locale\" content=\"it_IT\" \/>\n<meta property=\"og:type\" content=\"article\" \/>\n<meta property=\"og:title\" content=\"Bang King Triple 85000 Puffs 3-in-1 Vape | 45ML Triple Flavor\" \/>\n<meta property=\"og:description\" content=\"Experience the Bang King Triple 85000 Puffs 3-in-1 Vape featuring 45ML triple-flavor tanks Enjoy rich taste 16 unique flavor combinations in one device.\" \/>\n<meta property=\"og:url\" content=\"https:\/\/vapemaison.com\/it\/prodotto\/bang-king-triple-85000-3in1-vape\/\" \/>\n<meta property=\"og:site_name\" content=\"VapeMaison\" \/>\n<meta property=\"article:modified_time\" content=\"2026-05-08T16:38:01+00:00\" \/>\n<meta property=\"og:image\" content=\"https:\/\/vapemaison.com\/wp-content\/uploads\/2025\/10\/bang-king-85000-triple-3in1-vape-pen-pink.jpg\" \/>\n\t<meta property=\"og:image:width\" content=\"1000\" \/>\n\t<meta property=\"og:image:height\" content=\"1000\" \/>\n\t<meta property=\"og:image:type\" content=\"image\/jpeg\" \/>\n<meta name=\"twitter:card\" content=\"summary_large_image\" \/>\n<meta name=\"twitter:label1\" content=\"Tempo di lettura stimato\" \/>\n\t<meta name=\"twitter:data1\" content=\"2 minuti\" \/>\n<!-- \/ Yoast SEO plugin. -->","yoast_head_json":{"title":"Bang King Triple 85000 Puffs 3-in-1 Vape | 45ML Gusto Triplo","description":"Provate il Bang King Triple 85000 Puffs 3-in-1 Vape con serbatoi da 45ML a triplo sapore Godetevi il gusto ricco di 16 combinazioni di sapori unici in un unico dispositivo.","robots":{"index":"index","follow":"follow","max-snippet":"max-snippet:-1","max-image-preview":"max-image-preview:large","max-video-preview":"max-video-preview:-1"},"canonical":"https:\/\/vapemaison.com\/it\/prodotto\/bang-king-triple-85000-3in1-vape\/","og_locale":"it_IT","og_type":"article","og_title":"Bang King Triple 85000 Puffs 3-in-1 Vape | 45ML Triple Flavor","og_description":"Experience the Bang King Triple 85000 Puffs 3-in-1 Vape featuring 45ML triple-flavor tanks Enjoy rich taste 16 unique flavor combinations in one device.","og_url":"https:\/\/vapemaison.com\/it\/prodotto\/bang-king-triple-85000-3in1-vape\/","og_site_name":"VapeMaison","article_modified_time":"2026-05-08T16:38:01+00:00","og_image":[{"width":1000,"height":1000,"url":"https:\/\/vapemaison.com\/wp-content\/uploads\/2025\/10\/bang-king-85000-triple-3in1-vape-pen-pink.jpg","type":"image\/jpeg"}],"twitter_card":"summary_large_image","twitter_misc":{"Tempo di lettura stimato":"2 minuti"},"schema":{"@context":"https:\/\/schema.org","@graph":[{"@type":"WebPage","@id":"https:\/\/vapemaison.com\/product\/bang-king-triple-85000-3in1-vape\/","url":"https:\/\/vapemaison.com\/product\/bang-king-triple-85000-3in1-vape\/","name":"Bang King Triple 85000 Puffs 3-in-1 Vape | 45ML Gusto Triplo","isPartOf":{"@id":"https:\/\/vapemaison.com\/#website"},"primaryImageOfPage":{"@id":"https:\/\/vapemaison.com\/product\/bang-king-triple-85000-3in1-vape\/#primaryimage"},"image":{"@id":"https:\/\/vapemaison.com\/product\/bang-king-triple-85000-3in1-vape\/#primaryimage"},"thumbnailUrl":"https:\/\/vapemaison.com\/wp-content\/uploads\/2025\/10\/bang-king-85000-triple-3in1-vape-pen-pink.jpg","datePublished":"2025-10-22T09:24:24+00:00","dateModified":"2026-05-08T16:38:01+00:00","description":"Provate il Bang King Triple 85000 Puffs 3-in-1 Vape con serbatoi da 45ML a triplo sapore Godetevi il gusto ricco di 16 combinazioni di sapori unici in un unico dispositivo.","breadcrumb":{"@id":"https:\/\/vapemaison.com\/product\/bang-king-triple-85000-3in1-vape\/#breadcrumb"},"inLanguage":"it-IT","potentialAction":[{"@type":"ReadAction","target":["https:\/\/vapemaison.com\/product\/bang-king-triple-85000-3in1-vape\/"]}]},{"@type":"ImageObject","inLanguage":"it-IT","@id":"https:\/\/vapemaison.com\/product\/bang-king-triple-85000-3in1-vape\/#primaryimage","url":"https:\/\/vapemaison.com\/wp-content\/uploads\/2025\/10\/bang-king-85000-triple-3in1-vape-pen-pink.jpg","contentUrl":"https:\/\/vapemaison.com\/wp-content\/uploads\/2025\/10\/bang-king-85000-triple-3in1-vape-pen-pink.jpg","width":1000,"height":1000,"caption":"Bang King Triple 3in1 Vape Pen Pink"},{"@type":"BreadcrumbList","@id":"https:\/\/vapemaison.com\/product\/bang-king-triple-85000-3in1-vape\/#breadcrumb","itemListElement":[{"@type":"ListItem","position":1,"name":"\u9996\u9875","item":"https:\/\/vapemaison.com\/"},{"@type":"ListItem","position":2,"name":"Shop","item":"https:\/\/vapemaison.com\/shop\/"},{"@type":"ListItem","position":3,"name":"Bang","item":"https:\/\/vapemaison.com\/brand\/bang\/"},{"@type":"ListItem","position":4,"name":"Bang King Triple 85K 3\u2011in\u20111 Disposable Vape | 85,000 Puffs | Triple Flavor Pods"}]},{"@type":"WebSite","@id":"https:\/\/vapemaison.com\/#website","url":"https:\/\/vapemaison.com\/","name":"VapeMaison","description":"Dispositivi e accessori per il vaping di alta qualit\u00e0","publisher":{"@id":"https:\/\/vapemaison.com\/#organization"},"potentialAction":[{"@type":"SearchAction","target":{"@type":"EntryPoint","urlTemplate":"https:\/\/vapemaison.com\/?s={search_term_string}"},"query-input":{"@type":"PropertyValueSpecification","valueRequired":true,"valueName":"search_term_string"}}],"inLanguage":"it-IT"},{"@type":"Organization","@id":"https:\/\/vapemaison.com\/#organization","name":"VapeMaison","url":"https:\/\/vapemaison.com\/","logo":{"@type":"ImageObject","inLanguage":"it-IT","@id":"https:\/\/vapemaison.com\/#\/schema\/logo\/image\/","url":"https:\/\/vapemaison.com\/wp-content\/uploads\/2026\/01\/cropped-vapemaison-logo-g-2026.webp","contentUrl":"https:\/\/vapemaison.com\/wp-content\/uploads\/2026\/01\/cropped-vapemaison-logo-g-2026.webp","width":350,"height":280,"caption":"VapeMaison"},"image":{"@id":"https:\/\/vapemaison.com\/#\/schema\/logo\/image\/"},"sameAs":["https:\/\/www.youtube.com\/@VapeMaison"]}]}},"tiered_pricing_type":"fixed","tiered_pricing_fixed_rules":{"30":"9.69","50":"9.39","100":"8.99","200":"8.19"},"tiered_pricing_product_settings":{"layout":"default","base_unit_name":{"singular":null,"plural":null},"default_variation":null},"tiered_pricing_minimum_quantity":10,"tiered_pricing_roles_data":[],"tiered_pricing_percentage_rules":[],"tiered_pricing_maximum_quantity":null,"tiered_pricing_quantity_step":"10","_links":{"self":[{"href":"https:\/\/vapemaison.com\/it\/wp-json\/wp\/v2\/product\/8126","targetHints":{"allow":["GET"]}}],"collection":[{"href":"https:\/\/vapemaison.com\/it\/wp-json\/wp\/v2\/product"}],"about":[{"href":"https:\/\/vapemaison.com\/it\/wp-json\/wp\/v2\/types\/product"}],"replies":[{"embeddable":true,"href":"https:\/\/vapemaison.com\/it\/wp-json\/wp\/v2\/comments?post=8126"}],"version-history":[{"count":4,"href":"https:\/\/vapemaison.com\/it\/wp-json\/wp\/v2\/product\/8126\/revisions"}],"predecessor-version":[{"id":28864,"href":"https:\/\/vapemaison.com\/it\/wp-json\/wp\/v2\/product\/8126\/revisions\/28864"}],"wp:featuredmedia":[{"embeddable":true,"href":"https:\/\/vapemaison.com\/it\/wp-json\/wp\/v2\/media\/8131"}],"wp:attachment":[{"href":"https:\/\/vapemaison.com\/it\/wp-json\/wp\/v2\/media?parent=8126"}],"wp:term":[{"taxonomy":"product_brand","embeddable":true,"href":"https:\/\/vapemaison.com\/it\/wp-json\/wp\/v2\/product_brand?post=8126"},{"taxonomy":"product_cat","embeddable":true,"href":"https:\/\/vapemaison.com\/it\/wp-json\/wp\/v2\/product_cat?post=8126"},{"taxonomy":"product_tag","embeddable":true,"href":"https:\/\/vapemaison.com\/it\/wp-json\/wp\/v2\/product_tag?post=8126"}],"curies":[{"name":"wp","href":"https:\/\/api.w.org\/{rel}","templated":true}]}}