

{"id":8253,"date":"2025-10-23T05:30:13","date_gmt":"2025-10-23T05:30:13","guid":{"rendered":"https:\/\/vapemaison.com\/?post_type=product&#038;p=8253"},"modified":"2026-04-14T10:58:49","modified_gmt":"2026-04-14T10:58:49","slug":"bang-25000-puff-monouso-vape","status":"publish","type":"product","link":"https:\/\/vapemaison.com\/it\/product\/bang-25000-puffs-disposable-vape\/","title":{"rendered":"Bang 25000 25k boccate di vapore monouso"},"content":{"rendered":"<p>Bang 25k Puffs Disposable Vape \u00e8 progettato per offrire un equilibrio tra prestazioni di lunga durata, sapore costante e facilit\u00e0 di utilizzo. Con un massimo di 25.000 boccate e una capacit\u00e0 di 30 ml di e-liquid pre-riempito, offre un utilizzo prolungato rispetto ai dispositivi usa e getta standard.<\/p>\n\n\n\n<p>Alimentato da una batteria ricaricabile da 650 mAh, il dispositivo garantisce una produzione stabile per tutto il suo ciclo di vita. Il sistema di flusso d'aria regolabile consente agli utenti di regolare con precisione la densit\u00e0 del vapore e la resistenza all'estrazione, mentre la bobina a maglia da 1,0\u03a9 migliora la consistenza del sapore e la produzione di vapore uniforme. Sono disponibili diverse opzioni di intensit\u00e0 di nicotina, per offrire flessibilit\u00e0 alle diverse preferenze.<\/p>\n\n\n\n<p>Cerchi altre opzioni da BANG? Esplora il nostro <strong><a href=\"https:\/\/vapemaison.com\/brand\/bang\/\">Collezione Bang Vape<\/a><\/strong> per scoprire un'ampia gamma di gusti, conteggi di puff e gli ultimi modelli disponibili.Non siete sicuri di quale scegliere? Leggete il nostro <strong><a href=\"https:\/\/vapemaison.com\/2026-no-nicotine-vape-guide-why-zero-nic-is-the-future-of-vaping\/\">guida su come scegliere il giusto vape usa e getta<\/a><\/strong> Per trovare l'opzione migliore per le vostre esigenze, potete anche sfogliare i nostri <strong><a href=\"https:\/\/vapemaison.com\/product-category\/hot-series\/\">vapes monouso pi\u00f9 venduti<\/a><\/strong> per vedere cosa stanno acquistando gli altri clienti in questo momento.<\/p>\n\n\n\n<p><\/p>\n\n\n\n<h2 class=\"wp-block-heading\"><strong>Specifiche tecniche<\/strong><\/h2>\n\n\n\n<figure class=\"wp-block-table\"><table class=\"has-fixed-layout\"><thead><tr><th>Specifiche<\/th><th>Dettagli<\/th><\/tr><\/thead><tbody><tr><td>Conteggio dei soffi<\/td><td>Fino a 25.000 soffi<\/td><\/tr><tr><td>Capacit\u00e0 del liquido elettronico<\/td><td>30ml Pre-riempito<\/td><\/tr><tr><td>Batteria<\/td><td>650mAh Ricaricabile<\/td><\/tr><tr><td>Bobina<\/td><td>Bobina a rete (1.0\u03a9)<\/td><\/tr><tr><td>Flusso d'aria<\/td><td>Regolabile<\/td><\/tr><tr><td>Ricarica<\/td><td>USB Tipo-C<\/td><\/tr><tr><td>Forza della nicotina<\/td><td>0%, 2%, 3%, 5%<\/td><\/tr><tr><td>Operazione<\/td><td>Attivato dal disegno<\/td><\/tr><\/tbody><\/table><\/figure>\n\n\n\n<h2 class=\"wp-block-heading\"><strong>Gusti disponibili<\/strong><\/h2>\n\n\n\n<ul class=\"wp-block-list\">\n<li>Ghiaccio al mirtillo<\/li>\n\n\n\n<li>Fragola Kiwi<\/li>\n\n\n\n<li>Anguria alla fragola<\/li>\n\n\n\n<li>Frutta mista<\/li>\n\n\n\n<li>Menta e mirtillo<\/li>\n\n\n\n<li>Sangue di tigre<\/li>\n\n\n\n<li>Mango e pesca<\/li>\n\n\n\n<li>Ghiaccio d'uva<\/li>\n\n\n\n<li>Mirtillo Lampone<\/li>\n\n\n\n<li>Ghiaccio all'anguria<\/li>\n\n\n\n<li>Gomma da masticare all'anguria<\/li>\n\n\n\n<li>Ghiaccio alla fragola<\/li>\n<\/ul>\n\n\n\n<h2 class=\"wp-block-heading\"><strong>Perch\u00e9 scegliere Bang 25k Puffs<\/strong><\/h2>\n\n\n\n<p>Bang 25000 \u00e8 costruito per gli utenti che richiedono un uso prolungato senza sacrificare il controllo o la qualit\u00e0 del sapore. La sua grande capacit\u00e0 di e-liquid e l'elevato numero di puff riducono la necessit\u00e0 di sostituzioni frequenti, mentre il sistema di flusso d'aria regolabile consente un'esperienza di svapo pi\u00f9 personalizzata.<\/p>\n\n\n\n<p>La tecnologia della bobina a rete assicura un riscaldamento costante e un'erogazione fluida del vapore, mantenendo la stabilit\u00e0 del sapore per tutto il ciclo di utilizzo. In combinazione con una batteria ricaricabile e diverse opzioni di nicotina, offre una soluzione pratica e flessibile per il vaping quotidiano.<\/p>\n\n\n\n<p><\/p>","protected":false},"excerpt":{"rendered":"<p>Vi presentiamo Bang 25000 Puffs Disposable Vape, un dispositivo ad alta capacit\u00e0 che offre ben 25.000 puff per una convenienza senza pari. Questo dispositivo usa e getta \u00e8 pre-riempito con 30 ml di e-liquid e offre opzioni di intensit\u00e0 di nicotina di 0%, 2%, 3% e 5%, per soddisfare una gamma di preferenze degli utenti.\u00a0<\/p>","protected":false},"featured_media":8261,"comment_status":"open","ping_status":"closed","template":"","meta":[],"product_brand":[57],"product_cat":[144,142],"product_tag":[],"class_list":{"0":"post-8253","1":"product","2":"type-product","3":"status-publish","4":"has-post-thumbnail","6":"product_brand-bang","7":"product_cat-25k-puffs","8":"product_cat-eu-stock","10":"first","11":"instock","12":"sale","13":"shipping-taxable","14":"purchasable","15":"product-type-variable"},"yoast_head":"<!-- This site is optimized with the Yoast SEO plugin v27.4 - https:\/\/yoast.com\/product\/yoast-seo-wordpress\/ -->\n<title>Bang 25000 25k Puffs Disposable Vape - VapeMaison<\/title>\n<meta name=\"description\" content=\"Discover the Bang 25000 25k Puffs Disposable Vape with 30ml e-liquid, adjustable airflow, and 1.0\u03a9 mesh coil for rich, smooth flavor.\" \/>\n<meta name=\"robots\" content=\"index, follow, max-snippet:-1, max-image-preview:large, max-video-preview:-1\" \/>\n<link rel=\"canonical\" href=\"https:\/\/vapemaison.com\/it\/prodotto\/bang-25000-puff-monouso-vape\/\" \/>\n<meta property=\"og:locale\" content=\"it_IT\" \/>\n<meta property=\"og:type\" content=\"article\" \/>\n<meta property=\"og:title\" content=\"Bang 25000 25k Puffs Disposable Vape - VapeMaison\" \/>\n<meta property=\"og:description\" content=\"Discover the Bang 25000 25k Puffs Disposable Vape with 30ml e-liquid, adjustable airflow, and 1.0\u03a9 mesh coil for rich, smooth flavor.\" \/>\n<meta property=\"og:url\" content=\"https:\/\/vapemaison.com\/it\/prodotto\/bang-25000-puff-monouso-vape\/\" \/>\n<meta property=\"og:site_name\" content=\"VapeMaison\" \/>\n<meta property=\"article:modified_time\" content=\"2026-04-14T10:58:49+00:00\" \/>\n<meta property=\"og:image\" content=\"https:\/\/vapemaison.com\/wp-content\/uploads\/2025\/10\/bang-25000-puffs-strawberry-ice-flavor.webp\" \/>\n\t<meta property=\"og:image:width\" content=\"1000\" \/>\n\t<meta property=\"og:image:height\" content=\"1000\" \/>\n\t<meta property=\"og:image:type\" content=\"image\/webp\" \/>\n<meta name=\"twitter:card\" content=\"summary_large_image\" \/>\n<meta name=\"twitter:label1\" content=\"Tempo di lettura stimato\" \/>\n\t<meta name=\"twitter:data1\" content=\"2 minuti\" \/>\n<!-- \/ Yoast SEO plugin. -->","yoast_head_json":{"title":"Bang 25000 25k Puffs Vape usa e getta - VapeMaison","description":"Scoprite il Vape usa e getta Bang 25000 25k Puffs con 30 ml di e-liquid, flusso d'aria regolabile e bobina a rete da 1,0\u03a9 per un sapore ricco e omogeneo.","robots":{"index":"index","follow":"follow","max-snippet":"max-snippet:-1","max-image-preview":"max-image-preview:large","max-video-preview":"max-video-preview:-1"},"canonical":"https:\/\/vapemaison.com\/it\/prodotto\/bang-25000-puff-monouso-vape\/","og_locale":"it_IT","og_type":"article","og_title":"Bang 25000 25k Puffs Disposable Vape - VapeMaison","og_description":"Discover the Bang 25000 25k Puffs Disposable Vape with 30ml e-liquid, adjustable airflow, and 1.0\u03a9 mesh coil for rich, smooth flavor.","og_url":"https:\/\/vapemaison.com\/it\/prodotto\/bang-25000-puff-monouso-vape\/","og_site_name":"VapeMaison","article_modified_time":"2026-04-14T10:58:49+00:00","og_image":[{"width":1000,"height":1000,"url":"https:\/\/vapemaison.com\/wp-content\/uploads\/2025\/10\/bang-25000-puffs-strawberry-ice-flavor.webp","type":"image\/webp"}],"twitter_card":"summary_large_image","twitter_misc":{"Tempo di lettura stimato":"2 minuti"},"schema":{"@context":"https:\/\/schema.org","@graph":[{"@type":"WebPage","@id":"https:\/\/vapemaison.com\/product\/bang-25000-puffs-disposable-vape\/","url":"https:\/\/vapemaison.com\/product\/bang-25000-puffs-disposable-vape\/","name":"Bang 25000 25k Puffs Vape usa e getta - VapeMaison","isPartOf":{"@id":"https:\/\/vapemaison.com\/#website"},"primaryImageOfPage":{"@id":"https:\/\/vapemaison.com\/product\/bang-25000-puffs-disposable-vape\/#primaryimage"},"image":{"@id":"https:\/\/vapemaison.com\/product\/bang-25000-puffs-disposable-vape\/#primaryimage"},"thumbnailUrl":"https:\/\/vapemaison.com\/wp-content\/uploads\/2025\/10\/bang-25000-puffs-strawberry-ice-flavor.webp","datePublished":"2025-10-23T05:30:13+00:00","dateModified":"2026-04-14T10:58:49+00:00","description":"Scoprite il Vape usa e getta Bang 25000 25k Puffs con 30 ml di e-liquid, flusso d'aria regolabile e bobina a rete da 1,0\u03a9 per un sapore ricco e omogeneo.","breadcrumb":{"@id":"https:\/\/vapemaison.com\/product\/bang-25000-puffs-disposable-vape\/#breadcrumb"},"inLanguage":"it-IT","potentialAction":[{"@type":"ReadAction","target":["https:\/\/vapemaison.com\/product\/bang-25000-puffs-disposable-vape\/"]}]},{"@type":"ImageObject","inLanguage":"it-IT","@id":"https:\/\/vapemaison.com\/product\/bang-25000-puffs-disposable-vape\/#primaryimage","url":"https:\/\/vapemaison.com\/wp-content\/uploads\/2025\/10\/bang-25000-puffs-strawberry-ice-flavor.webp","contentUrl":"https:\/\/vapemaison.com\/wp-content\/uploads\/2025\/10\/bang-25000-puffs-strawberry-ice-flavor.webp","width":1000,"height":1000,"caption":"Bang Puffs Strawberry Ice Flavor Disposable Vape Device"},{"@type":"BreadcrumbList","@id":"https:\/\/vapemaison.com\/product\/bang-25000-puffs-disposable-vape\/#breadcrumb","itemListElement":[{"@type":"ListItem","position":1,"name":"\u9996\u9875","item":"https:\/\/vapemaison.com\/"},{"@type":"ListItem","position":2,"name":"Shop","item":"https:\/\/vapemaison.com\/shop\/"},{"@type":"ListItem","position":3,"name":"Bang","item":"https:\/\/vapemaison.com\/brand\/bang\/"},{"@type":"ListItem","position":4,"name":"Bang 25000 25k Puffs Disposable Vape"}]},{"@type":"WebSite","@id":"https:\/\/vapemaison.com\/#website","url":"https:\/\/vapemaison.com\/","name":"VapeMaison","description":"Dispositivi e accessori per il vaping di alta qualit\u00e0","publisher":{"@id":"https:\/\/vapemaison.com\/#organization"},"potentialAction":[{"@type":"SearchAction","target":{"@type":"EntryPoint","urlTemplate":"https:\/\/vapemaison.com\/?s={search_term_string}"},"query-input":{"@type":"PropertyValueSpecification","valueRequired":true,"valueName":"search_term_string"}}],"inLanguage":"it-IT"},{"@type":"Organization","@id":"https:\/\/vapemaison.com\/#organization","name":"VapeMaison","url":"https:\/\/vapemaison.com\/","logo":{"@type":"ImageObject","inLanguage":"it-IT","@id":"https:\/\/vapemaison.com\/#\/schema\/logo\/image\/","url":"https:\/\/vapemaison.com\/wp-content\/uploads\/2026\/01\/cropped-vapemaison-logo-g-2026.webp","contentUrl":"https:\/\/vapemaison.com\/wp-content\/uploads\/2026\/01\/cropped-vapemaison-logo-g-2026.webp","width":350,"height":280,"caption":"VapeMaison"},"image":{"@id":"https:\/\/vapemaison.com\/#\/schema\/logo\/image\/"},"sameAs":["https:\/\/www.youtube.com\/@VapeMaison"]}]}},"tiered_pricing_type":"fixed","tiered_pricing_fixed_rules":{"30":"10.99","50":"10.29","100":"9.56","200":"8.42"},"tiered_pricing_product_settings":{"layout":"default","base_unit_name":{"singular":null,"plural":null},"default_variation":null},"tiered_pricing_minimum_quantity":10,"tiered_pricing_roles_data":[],"tiered_pricing_percentage_rules":[],"tiered_pricing_maximum_quantity":null,"tiered_pricing_quantity_step":"10","_links":{"self":[{"href":"https:\/\/vapemaison.com\/it\/wp-json\/wp\/v2\/product\/8253","targetHints":{"allow":["GET"]}}],"collection":[{"href":"https:\/\/vapemaison.com\/it\/wp-json\/wp\/v2\/product"}],"about":[{"href":"https:\/\/vapemaison.com\/it\/wp-json\/wp\/v2\/types\/product"}],"replies":[{"embeddable":true,"href":"https:\/\/vapemaison.com\/it\/wp-json\/wp\/v2\/comments?post=8253"}],"version-history":[{"count":2,"href":"https:\/\/vapemaison.com\/it\/wp-json\/wp\/v2\/product\/8253\/revisions"}],"predecessor-version":[{"id":28430,"href":"https:\/\/vapemaison.com\/it\/wp-json\/wp\/v2\/product\/8253\/revisions\/28430"}],"wp:featuredmedia":[{"embeddable":true,"href":"https:\/\/vapemaison.com\/it\/wp-json\/wp\/v2\/media\/8261"}],"wp:attachment":[{"href":"https:\/\/vapemaison.com\/it\/wp-json\/wp\/v2\/media?parent=8253"}],"wp:term":[{"taxonomy":"product_brand","embeddable":true,"href":"https:\/\/vapemaison.com\/it\/wp-json\/wp\/v2\/product_brand?post=8253"},{"taxonomy":"product_cat","embeddable":true,"href":"https:\/\/vapemaison.com\/it\/wp-json\/wp\/v2\/product_cat?post=8253"},{"taxonomy":"product_tag","embeddable":true,"href":"https:\/\/vapemaison.com\/it\/wp-json\/wp\/v2\/product_tag?post=8253"}],"curies":[{"name":"wp","href":"https:\/\/api.w.org\/{rel}","templated":true}]}}