

{"id":8984,"date":"2025-10-25T07:07:17","date_gmt":"2025-10-25T07:07:17","guid":{"rendered":"https:\/\/vapemaison.com\/?post_type=product&#038;p=8984"},"modified":"2026-05-16T09:26:14","modified_gmt":"2026-05-16T09:26:14","slug":"hume-azul-24000-puff-monouso-vape","status":"publish","type":"product","link":"https:\/\/vapemaison.com\/it\/product\/hume-azul-24000-puffs-disposable-vape\/","title":{"rendered":"Azul Puff 24k Vape usa e getta - Bobina a rete premium, batteria da 600 mAh, nicotina 2%"},"content":{"rendered":"<p>Scoprite l'esperienza di vaping definitiva con il <strong>Azul Puff 24k Vape monouso<\/strong>, progettata per coloro che cercano prestazioni elevate e un sapore eccezionale. Con un massimo di <strong>24.000 soffi<\/strong> per dispositivo, promette una soddisfazione duratura. Caratterizzato da un <strong>rotolo di rete<\/strong>, a <strong>Batteria da 600 mAh<\/strong>, e un <strong>Porta di ricarica Type-C<\/strong>, Questo dispositivo \u00e8 costruito per garantire un'esperienza fluida e costante. Godetevi una variet\u00e0 di sapori deliziosi con <strong>2% contenuto di nicotina<\/strong>, perfetto per tutti i gusti.<\/p>\n\n\n\n<figure class=\"wp-block-embed is-type-video is-provider-youtube wp-block-embed-youtube wp-embed-aspect-9-16 wp-has-aspect-ratio\"><div class=\"wp-block-embed__wrapper\">\n<div class=\"video-container\"><iframe title=\"Humo Azul 24000 Puffs Vape - Unboxing e modalit\u00e0 d&#039;uso - Sapore di ghiaccio all&#039;anguria\" width=\"563\" height=\"1000\" src=\"https:\/\/www.youtube.com\/embed\/U0POWHMEwbU?feature=oembed\" frameborder=\"0\" allow=\"accelerometer; autoplay; clipboard-write; encrypted-media; gyroscope; picture-in-picture; web-share\" referrerpolicy=\"strict-origin-when-cross-origin\" allowfullscreen><\/iframe><\/div>\n<\/div><\/figure>\n\n\n\n<h3 class=\"wp-block-heading\"><strong>Perch\u00e9 scegliere <strong>Azul Puff 24k Vape monouso<\/strong>?<\/strong><\/h3>\n\n\n\n<p><strong>Capacit\u00e0 di soffio ineguagliabile<\/strong><br>Con un massimo di <strong>24000 soffi<\/strong>, il <strong>Humo Azul<\/strong> si distingue come uno dei vapers usa e getta pi\u00f9 duraturi attualmente sul mercato. Dite addio alle continue sostituzioni e date il benvenuto a settimane di divertimento continuo. \u00c8 perfetta per i vapers che esigono la durata senza compromettere le prestazioni.<\/p>\n\n\n\n<p><strong>Tecnologia avanzata della bobina a rete<\/strong><br>Il nostro <strong>Bobina a rete<\/strong> garanzie tecnologiche <strong>sapore pi\u00f9 ricco e morbido<\/strong> ad ogni inspirazione. A differenza delle bobine tradizionali, le bobine a rete riscaldano l'e-liquid in modo uniforme, creando un vapore pi\u00f9 soddisfacente e saporito. Il gusto \u00e8 costante e non si affievolisce, perfetto per ogni sessione.<\/p>\n\n\n\n<p><strong>Potenza di lunga durata<\/strong><br>Alimentato da un <strong>Batteria ricaricabile da 600 mAh<\/strong>, il <strong><strong>Humo Azul 24000 boccate di vapore monouso<\/strong><\/strong> \u00e8 costruito per un uso prolungato. Si pu\u00f2 ricaricare tramite il comodo <strong>Porta di tipo C<\/strong>, e tornerete a svapare in men che non si dica, con tempi di inattivit\u00e0 minimi.<\/p>\n\n\n\n<p><strong>Soddisfazione da nicotina liscia<\/strong><br>Con <strong>2% nicotina<\/strong>, Ogni boccata offre l'equilibrio ideale tra un tiro soddisfacente e un'esperienza di svapo fluida. Se state cercando di abbandonare le sigarette tradizionali o semplicemente di godere di un'alternativa pi\u00f9 pulita, questa svapata \u00e8 sempre all'altezza.<\/p>\n\n\n\n<p><strong>Caratteristiche principali<\/strong>:<\/p>\n\n\n\n<ul class=\"wp-block-list\">\n<li><strong>24.000 Bign\u00e8<\/strong>: Massima capacit\u00e0 di soffio per un'esperienza di vaping prolungata.<\/li>\n\n\n\n<li><strong>Tecnologia della bobina a rete<\/strong>: Offre un sapore ricco e pieno ad ogni inspirazione.<\/li>\n\n\n\n<li><strong>Batteria da 600 mAh<\/strong>: Potenza efficiente e di lunga durata, per un divertimento ininterrotto.<\/li>\n\n\n\n<li><strong>Ricarica di tipo C<\/strong>: Ricarica rapida e semplice per la massima comodit\u00e0.<\/li>\n\n\n\n<li><strong>2% Contenuto di nicotina<\/strong>: Un colpo di nicotina morbido e soddisfacente.<\/li>\n<\/ul>\n\n\n\n<p><strong>Gusti disponibili<\/strong>:<\/p>\n\n\n\n<ul class=\"wp-block-list\">\n<li><strong>Ghiaccio alla pesca<\/strong><\/li>\n\n\n\n<li><strong>Ghiaccio al mirtillo<\/strong><\/li>\n\n\n\n<li><strong>Ghiaccio d'uva<\/strong><\/li>\n\n\n\n<li><strong>Mirtillo nero Dragonfruit<\/strong><\/li>\n\n\n\n<li><strong>Ghiaccio al melone<\/strong><\/li>\n\n\n\n<li><strong>Fragola Anguria Uva<\/strong><\/li>\n\n\n\n<li><strong>Limone e lime<\/strong><\/li>\n\n\n\n<li><strong>Ghiaccio all'anguria<\/strong><\/li>\n\n\n\n<li><strong>Fragola Mirtillo Rosso Ciliegia<\/strong><\/li>\n\n\n\n<li><strong>Ghiaccio Blu Razz<\/strong><\/li>\n\n\n\n<li><strong>Frutto della passione Kiwi Guava<\/strong><\/li>\n<\/ul>\n\n\n\n<p><strong>Opzioni di imballaggio<\/strong>:<\/p>\n\n\n\n<ul class=\"wp-block-list\">\n<li><strong>Confezione piccola<\/strong>: 1 pezzo per confezione (Dimensioni: 42,5<em>42.5<\/em>137 mm)<\/li>\n\n\n\n<li><strong>Confezione media<\/strong>: 10 pezzi per confezione (Dimensioni: 218<em>89<\/em>140 mm)<\/li>\n\n\n\n<li><strong>Cartone master<\/strong>: 200 pezzi per confezione (Dimensioni: 474x305x518mm, Peso: 20kg)<\/li>\n<\/ul>\n\n\n\n<h4 class=\"wp-block-heading\">Per saperne di pi\u00f9 sui prodotti del marchio, <a href=\"https:\/\/vapemaison.com\/shop\/\">clicca qui<\/a> per saperne di pi\u00f9! Esplorate il mondo del vaping premium su <a href=\"https:\/\/vapemaison.com\/\">VapeMaison<\/a>, dove l'innovazione incontra lo stile. Sfogliate la nostra collezione completa sul sito <a href=\"https:\/\/vapemaison.com\/shop\/\">Negozio<\/a> o scoprire la popolare pagina <a href=\"https:\/\/vapemaison.com\/brand\/humo-azul\/\">Collezione del marchio Humo Vape<\/a> e <a href=\"https:\/\/vapemaison.com\/brand\/bang\/\">Bang<\/a> prodotti, amati dai vapers di tutto il mondo. Cercate altre opzioni? Date un'occhiata a tutti i nostri <a href=\"https:\/\/vapemaison.com\/product-category\/puffs-count\/\">Bign\u00e8<\/a> e trovare l'abbinamento perfetto per i vostri gusti e il vostro stile di vita.<\/h4>\n\n\n\n<h2 class=\"wp-block-heading has-text-align-center\">Domande e risposte<\/h2>\n\n\n\n<h3 class=\"wp-block-heading\">1<strong>. Quanto dura l'Humo Azul 24k?<\/strong><\/h3>\n\n\n\n<p>Humo Azul 24000 \u00e8 stato progettato per fornire <strong>fino a 24k soffi<\/strong>, anche se la durata effettiva varia in base alle abitudini personali di svapo. La sua grande capacit\u00e0 lo rende un'ottima opzione per gli utenti che cercano un dispositivo che possa accompagnarli per un periodo prolungato.<\/p>\n\n\n\n<h3 class=\"wp-block-heading\"><strong>2. Quanto tempo ci vuole per caricare l'Humo Azul?<\/strong><\/h3>\n\n\n\n<p>Questo dispositivo comprende un <strong>Batteria ricaricabile da 600 mAh<\/strong>, che in genere necessita di <strong>35-45 minuti<\/strong> per raggiungere una carica completa tramite la tecnologia Type-C. La funzione di ricarica rapida riduce al minimo i tempi di attesa, in modo da poter riprendere a svapare rapidamente.<\/p>\n\n\n\n<h3 class=\"wp-block-heading\"><strong>3. Come posso sapere se l'Azul Puff 24k \u00e8 finito?<\/strong><\/h3>\n\n\n\n<p>Noterete che \u00e8 verso la fine quando <strong>il sapore diventa debole<\/strong>, La produzione di vapore diminuisce o il dispositivo smette del tutto di produrre vapore. Alcuni utenti osservano anche una sensazione di leggerezza del dispositivo una volta consumato tutto l'e-liquid.<\/p>\n\n\n\n<h3 class=\"wp-block-heading\"><strong>4. Posso ricaricare Humo Azul 24000?<\/strong><\/h3>\n\n\n\n<p>No. L'Humo Azul 24000 \u00e8 un <strong>dispositivo monouso monouso<\/strong>, Non \u00e8 quindi possibile ricaricarla. Una volta esaurito l'e-liquid incorporato, \u00e8 sufficiente gettare l'unit\u00e0 e passare a una nuova.<\/p>\n\n\n\n<h3 class=\"wp-block-heading\"><strong>5. Il dispositivo \u00e8 adatto ai principianti?<\/strong><\/h3>\n\n\n\n<p>S\u00ec. Il suo <strong>design semplice, da inalare e da attivare<\/strong> lo rende particolarmente adatto ai nuovi vapers. Senza pulsanti o impostazioni da gestire, i principianti possono godere di un'esperienza fluida e costante fin da subito.<\/p>\n\n\n\n<h3 class=\"wp-block-heading\">6.Quanto tempo ci vuole per la spedizione?<\/h3>\n\n\n\n<p>Gli ordini vengono elaborati entro <strong>24 ore<\/strong> dopo la conferma del pagamento.<br>Il <strong>Humo Azul<\/strong> Il prodotto \u00e8 attualmente disponibile nel nostro <strong>Magazzino Germania<\/strong>.<\/p>\n\n\n\n<ul class=\"wp-block-list\">\n<li><strong>Germania:<\/strong> 3-5 giorni lavorativi<\/li>\n\n\n\n<li><strong>Altri paesi europei:<\/strong> 5-7 giorni lavorativi<\/li>\n\n\n\n<li><strong>Fuori dall'Europa:<\/strong> Spedito dalla Cina, in circa 10-15 giorni lavorativi.<\/li>\n<\/ul>\n\n\n\n<p>I tempi di consegna effettivi possono variare a seconda della destinazione e delle abitudini locali. Se avete bisogno di informazioni pi\u00f9 precise, contattate il nostro servizio clienti prima di effettuare l'ordine.<\/p>","protected":false},"excerpt":{"rendered":"<p data-start=\"155\" data-end=\"418\">Il <strong data-start=\"159\" data-end=\"200\">Humo Azul 24000 boccate di vapore monouso<\/strong> \u00e8 stata creata per i vapers che desiderano un uso prolungato senza sacrificare il sapore o la consistenza. Facile da usare, comodo da trasportare e disponibile in un'ampia gamma di gusti popolari, \u00e8 un'opzione affidabile per tutti i giorni per coloro che apprezzano le prestazioni di lunga durata e una svapata pulita ed equilibrata.<\/p>","protected":false},"featured_media":8985,"comment_status":"open","ping_status":"closed","template":"","meta":[],"product_brand":[166],"product_cat":[292],"product_tag":[],"class_list":{"0":"post-8984","1":"product","2":"type-product","3":"status-publish","4":"has-post-thumbnail","6":"product_brand-humo-azul","7":"product_cat-24k-puffs","9":"first","10":"instock","11":"sale","12":"shipping-taxable","13":"purchasable","14":"product-type-variable"},"yoast_head":"<!-- This site is optimized with the Yoast SEO plugin v27.4 - https:\/\/yoast.com\/product\/yoast-seo-wordpress\/ -->\n<title>Azul Puff 24k Disposable Vape - Mesh Coil, 10+ Flavors<\/title>\n<meta name=\"description\" content=\"Shop the Azul Puff 24k Disposable Vape for a premium vaping experience. Enjoy up to 24,000 puffs with mesh coil technology.\" \/>\n<meta name=\"robots\" content=\"index, follow, max-snippet:-1, max-image-preview:large, max-video-preview:-1\" \/>\n<link rel=\"canonical\" href=\"https:\/\/vapemaison.com\/it\/prodotto\/hume-azul-24000-puff-monouso-vape\/\" \/>\n<meta property=\"og:locale\" content=\"it_IT\" \/>\n<meta property=\"og:type\" content=\"article\" \/>\n<meta property=\"og:title\" content=\"Azul Puff 24k Disposable Vape - Mesh Coil, 10+ Flavors\" \/>\n<meta property=\"og:description\" content=\"Shop the Azul Puff 24k Disposable Vape for a premium vaping experience. Enjoy up to 24,000 puffs with mesh coil technology.\" \/>\n<meta property=\"og:url\" content=\"https:\/\/vapemaison.com\/it\/prodotto\/hume-azul-24000-puff-monouso-vape\/\" \/>\n<meta property=\"og:site_name\" content=\"VapeMaison\" \/>\n<meta property=\"article:modified_time\" content=\"2026-05-16T09:26:14+00:00\" \/>\n<meta property=\"og:image\" content=\"https:\/\/vapemaison.com\/wp-content\/uploads\/2025\/10\/humo-azul-24000-puffs-flavor-blackberry-dragonfruit-picture-scaled.png\" \/>\n\t<meta property=\"og:image:width\" content=\"2560\" \/>\n\t<meta property=\"og:image:height\" content=\"2560\" \/>\n\t<meta property=\"og:image:type\" content=\"image\/png\" \/>\n<meta name=\"twitter:card\" content=\"summary_large_image\" \/>\n<meta name=\"twitter:label1\" content=\"Tempo di lettura stimato\" \/>\n\t<meta name=\"twitter:data1\" content=\"4 minuti\" \/>\n<!-- \/ Yoast SEO plugin. -->","yoast_head_json":{"title":"Azul Puff 24k Vape usa e getta - Bobina a rete, 10+ sapori","description":"Acquista il Vape usa e getta Azul Puff 24k per un'esperienza di vaping di alto livello. Godetevi fino a 24.000 boccate con la tecnologia mesh coil.","robots":{"index":"index","follow":"follow","max-snippet":"max-snippet:-1","max-image-preview":"max-image-preview:large","max-video-preview":"max-video-preview:-1"},"canonical":"https:\/\/vapemaison.com\/it\/prodotto\/hume-azul-24000-puff-monouso-vape\/","og_locale":"it_IT","og_type":"article","og_title":"Azul Puff 24k Disposable Vape - Mesh Coil, 10+ Flavors","og_description":"Shop the Azul Puff 24k Disposable Vape for a premium vaping experience. Enjoy up to 24,000 puffs with mesh coil technology.","og_url":"https:\/\/vapemaison.com\/it\/prodotto\/hume-azul-24000-puff-monouso-vape\/","og_site_name":"VapeMaison","article_modified_time":"2026-05-16T09:26:14+00:00","og_image":[{"width":2560,"height":2560,"url":"https:\/\/vapemaison.com\/wp-content\/uploads\/2025\/10\/humo-azul-24000-puffs-flavor-blackberry-dragonfruit-picture-scaled.png","type":"image\/png"}],"twitter_card":"summary_large_image","twitter_misc":{"Tempo di lettura stimato":"4 minuti"},"schema":{"@context":"https:\/\/schema.org","@graph":[{"@type":"WebPage","@id":"https:\/\/vapemaison.com\/product\/hume-azul-24000-puffs-disposable-vape\/","url":"https:\/\/vapemaison.com\/product\/hume-azul-24000-puffs-disposable-vape\/","name":"Azul Puff 24k Vape usa e getta - Bobina a rete, 10+ sapori","isPartOf":{"@id":"https:\/\/vapemaison.com\/#website"},"primaryImageOfPage":{"@id":"https:\/\/vapemaison.com\/product\/hume-azul-24000-puffs-disposable-vape\/#primaryimage"},"image":{"@id":"https:\/\/vapemaison.com\/product\/hume-azul-24000-puffs-disposable-vape\/#primaryimage"},"thumbnailUrl":"https:\/\/vapemaison.com\/wp-content\/uploads\/2025\/10\/humo-azul-24000-puffs-flavor-blackberry-dragonfruit-picture-scaled.png","datePublished":"2025-10-25T07:07:17+00:00","dateModified":"2026-05-16T09:26:14+00:00","description":"Acquista il Vape usa e getta Azul Puff 24k per un'esperienza di vaping di alto livello. Godetevi fino a 24.000 boccate con la tecnologia mesh coil.","breadcrumb":{"@id":"https:\/\/vapemaison.com\/product\/hume-azul-24000-puffs-disposable-vape\/#breadcrumb"},"inLanguage":"it-IT","potentialAction":[{"@type":"ReadAction","target":["https:\/\/vapemaison.com\/product\/hume-azul-24000-puffs-disposable-vape\/"]}]},{"@type":"ImageObject","inLanguage":"it-IT","@id":"https:\/\/vapemaison.com\/product\/hume-azul-24000-puffs-disposable-vape\/#primaryimage","url":"https:\/\/vapemaison.com\/wp-content\/uploads\/2025\/10\/humo-azul-24000-puffs-flavor-blackberry-dragonfruit-picture-scaled.png","contentUrl":"https:\/\/vapemaison.com\/wp-content\/uploads\/2025\/10\/humo-azul-24000-puffs-flavor-blackberry-dragonfruit-picture-scaled.png","width":2560,"height":2560,"caption":"Humo Azul Puffs Flavor Blackberry Dragonfruit Picture Scaled Disposable Vape Device"},{"@type":"BreadcrumbList","@id":"https:\/\/vapemaison.com\/product\/hume-azul-24000-puffs-disposable-vape\/#breadcrumb","itemListElement":[{"@type":"ListItem","position":1,"name":"\u9996\u9875","item":"https:\/\/vapemaison.com\/"},{"@type":"ListItem","position":2,"name":"Shop","item":"https:\/\/vapemaison.com\/shop\/"},{"@type":"ListItem","position":3,"name":"Humo Azul","item":"https:\/\/vapemaison.com\/brand\/humo-azul\/"},{"@type":"ListItem","position":4,"name":"Azul Puff 24k Disposable Vape \u2013 Premium Mesh Coil, 600mAh Battery, 2% Nicotine"}]},{"@type":"WebSite","@id":"https:\/\/vapemaison.com\/#website","url":"https:\/\/vapemaison.com\/","name":"VapeMaison","description":"Dispositivi e accessori per il vaping di alta qualit\u00e0","publisher":{"@id":"https:\/\/vapemaison.com\/#organization"},"potentialAction":[{"@type":"SearchAction","target":{"@type":"EntryPoint","urlTemplate":"https:\/\/vapemaison.com\/?s={search_term_string}"},"query-input":{"@type":"PropertyValueSpecification","valueRequired":true,"valueName":"search_term_string"}}],"inLanguage":"it-IT"},{"@type":"Organization","@id":"https:\/\/vapemaison.com\/#organization","name":"VapeMaison","url":"https:\/\/vapemaison.com\/","logo":{"@type":"ImageObject","inLanguage":"it-IT","@id":"https:\/\/vapemaison.com\/#\/schema\/logo\/image\/","url":"https:\/\/vapemaison.com\/wp-content\/uploads\/2026\/01\/cropped-vapemaison-logo-g-2026.webp","contentUrl":"https:\/\/vapemaison.com\/wp-content\/uploads\/2026\/01\/cropped-vapemaison-logo-g-2026.webp","width":350,"height":280,"caption":"VapeMaison"},"image":{"@id":"https:\/\/vapemaison.com\/#\/schema\/logo\/image\/"},"sameAs":["https:\/\/www.youtube.com\/@VapeMaison"]}]}},"tiered_pricing_type":"fixed","tiered_pricing_fixed_rules":{"30":"8.48","50":"7.99","100":"7.34","200":"6.78"},"tiered_pricing_product_settings":{"layout":"default","base_unit_name":{"singular":null,"plural":null},"default_variation":null},"tiered_pricing_minimum_quantity":10,"tiered_pricing_roles_data":[],"tiered_pricing_percentage_rules":[],"tiered_pricing_maximum_quantity":null,"tiered_pricing_quantity_step":"10","_links":{"self":[{"href":"https:\/\/vapemaison.com\/it\/wp-json\/wp\/v2\/product\/8984","targetHints":{"allow":["GET"]}}],"collection":[{"href":"https:\/\/vapemaison.com\/it\/wp-json\/wp\/v2\/product"}],"about":[{"href":"https:\/\/vapemaison.com\/it\/wp-json\/wp\/v2\/types\/product"}],"replies":[{"embeddable":true,"href":"https:\/\/vapemaison.com\/it\/wp-json\/wp\/v2\/comments?post=8984"}],"version-history":[{"count":4,"href":"https:\/\/vapemaison.com\/it\/wp-json\/wp\/v2\/product\/8984\/revisions"}],"predecessor-version":[{"id":26155,"href":"https:\/\/vapemaison.com\/it\/wp-json\/wp\/v2\/product\/8984\/revisions\/26155"}],"wp:featuredmedia":[{"embeddable":true,"href":"https:\/\/vapemaison.com\/it\/wp-json\/wp\/v2\/media\/8985"}],"wp:attachment":[{"href":"https:\/\/vapemaison.com\/it\/wp-json\/wp\/v2\/media?parent=8984"}],"wp:term":[{"taxonomy":"product_brand","embeddable":true,"href":"https:\/\/vapemaison.com\/it\/wp-json\/wp\/v2\/product_brand?post=8984"},{"taxonomy":"product_cat","embeddable":true,"href":"https:\/\/vapemaison.com\/it\/wp-json\/wp\/v2\/product_cat?post=8984"},{"taxonomy":"product_tag","embeddable":true,"href":"https:\/\/vapemaison.com\/it\/wp-json\/wp\/v2\/product_tag?post=8984"}],"curies":[{"name":"wp","href":"https:\/\/api.w.org\/{rel}","templated":true}]}}