

{"id":9031,"date":"2025-10-25T07:47:26","date_gmt":"2025-10-25T07:47:26","guid":{"rendered":"https:\/\/vapemaison.com\/?post_type=product&#038;p=9031"},"modified":"2026-05-15T06:02:13","modified_gmt":"2026-05-15T06:02:13","slug":"humo-azul-15000-puff-monouso-vape","status":"publish","type":"product","link":"https:\/\/vapemaison.com\/it\/product\/humo-azul-15000-puffs-disposable-vape\/","title":{"rendered":"Humo Azul Vape 15k Puff 2% Bassa Nicotina Bulk Acquista ricaricabile Vapes Pen usa e getta all'ingrosso"},"content":{"rendered":"<h3 class=\"wp-block-heading\">Scopri il Vape usa e getta Humo Azul 15000 Puffs - Ora da VapeMaison<\/h3>\n\n\n\n<p>A <strong>VapeMaison<\/strong>, Siamo impegnati ad offrire soluzioni di vaping di alta qualit\u00e0 in tutti i settori. <strong>Paesi Bassi, Germania, Belgio e Spagna<\/strong>. Il <strong>Humo Azul 15000 boccate Penna da svapo ricaricabile usa e getta<\/strong> \u00e8 stato progettato per gli utenti che si aspettano <strong>prestazioni eccezionali, sapore ricco e valore duraturo<\/strong> in ogni soffio.<\/p>\n\n\n\n<figure class=\"wp-block-embed is-type-video is-provider-youtube wp-block-embed-youtube wp-embed-aspect-9-16 wp-has-aspect-ratio\"><div class=\"wp-block-embed__wrapper\">\n<div class=\"video-container\"><iframe title=\"Humo Azul 24000 Puffs Vape - Unboxing e modalit\u00e0 d&#039;uso - Sapore di ghiaccio all&#039;anguria\" width=\"563\" height=\"1000\" src=\"https:\/\/www.youtube.com\/embed\/U0POWHMEwbU?feature=oembed\" frameborder=\"0\" allow=\"accelerometer; autoplay; clipboard-write; encrypted-media; gyroscope; picture-in-picture; web-share\" referrerpolicy=\"strict-origin-when-cross-origin\" allowfullscreen><\/iframe><\/div>\n<\/div><\/figure>\n\n\n\n<h2 class=\"wp-block-heading\">Perch\u00e9 scegliere Humo Azul Vape 15k Puff?<\/h2>\n\n\n\n<h3 class=\"wp-block-heading\"><strong>Durata di vita ultra-lunga: fino a 15.000 boccate<\/strong><\/h3>\n\n\n\n<p>Riduce significativamente la necessit\u00e0 di sostituzioni, offrendo agli utenti un'esperienza di vaping conveniente e senza preoccupazioni.<\/p>\n\n\n\n<h3 class=\"wp-block-heading\"><strong>Grande capacit\u00e0 di liquido elettronico da 20 ml<\/strong><\/h3>\n\n\n\n<p>Pi\u00f9 liquido significa pi\u00f9 sapore e meno interruzioni, perfetto per un uso quotidiano a lungo termine.<\/p>\n\n\n\n<h3 class=\"wp-block-heading\"><strong>Batteria ricaricabile da 500 mAh con ricarica di Tipo-C<\/strong><\/h3>\n\n\n\n<p>La ricarica rapida e comoda assicura che il dispositivo sia sempre pronto quando lo siete voi.<\/p>\n\n\n\n<h3 class=\"wp-block-heading\"><strong>Tecnologia avanzata della bobina a rete<\/strong><\/h3>\n\n\n\n<p>Offre un sapore pi\u00f9 profondo, una maggiore produzione di vapore e una scorrevolezza costante dalla prima all'ultima boccata.<\/p>\n\n\n\n<h3 class=\"wp-block-heading\"><strong>Design ergonomico e tascabile<\/strong><\/h3>\n\n\n\n<p>Leggero e comodo da tenere in mano, ideale per sessioni prolungate o per il vaping in movimento.<\/p>\n\n\n\n<h3 class=\"wp-block-heading\"><strong>2% Intensit\u00e0 di nicotina<\/strong><\/h3>\n\n\n\n<p>Realizzato per bilanciare soddisfazione e morbidezza, \u00e8 adatto sia ai consumatori esperti che ai fumatori in fase di transizione.<\/p>\n\n\n\n<h2 class=\"wp-block-heading\">Collezione di sapori premium<\/h2>\n\n\n\n<ul class=\"wp-block-list\">\n<li>Cascata di ghiaccio alla pesca<\/li>\n\n\n\n<li>Gelo di mirtillo<\/li>\n\n\n\n<li>Ghiacciaio dell'uva<\/li>\n\n\n\n<li>Fusione di mora e pompelmo<\/li>\n\n\n\n<li>Misto di uva e anguria alla fragola<\/li>\n\n\n\n<li>Tempesta di ghiaccio Blue Razz<\/li>\n\n\n\n<li>Anguria fredda<\/li>\n\n\n\n<li>Tripletta di fragole, mirtilli e ciliegie<\/li>\n\n\n\n<li>Gelo di melone<\/li>\n\n\n\n<li>Zeste di limone e lime<\/li>\n\n\n\n<li>Kiwi Frutto della Passione Guava Paradiso<\/li>\n\n\n\n<li>Raccolta di bacche d'uva<\/li>\n<\/ul>\n\n\n\n<p>Ogni miscela \u00e8 formulata per <strong>gusto pulito, equilibrio rinfrescante e intensit\u00e0 costante<\/strong>.<\/p>\n\n\n\n<h2 class=\"wp-block-heading\">Progettato sia per i rivenditori che per i consumatori<\/h2>\n\n\n\n<p>Che si tratti di un <strong>rivenditore alla ricerca di prodotti affidabili e ad alta domanda<\/strong> o un <strong>vaper alla ricerca di un dispositivo quotidiano di qualit\u00e0 superiore<\/strong>, l'Humo Azul 15000 Puffs si distingue per:<\/p>\n\n\n\n<ul class=\"wp-block-list\">\n<li>Lunga durata di vita<\/li>\n\n\n\n<li>Qualit\u00e0 costruttiva premium<\/li>\n\n\n\n<li>Opzioni di gusto diverse e di alta qualit\u00e0<\/li>\n\n\n\n<li>Prestazioni ricaricabili che massimizzano il valore<\/li>\n<\/ul>\n\n\n\n<h2 class=\"wp-block-heading\">Vantaggi all'ingrosso di VapeMaison<\/h2>\n\n\n\n<ul class=\"wp-block-list\">\n<li><strong>Disponibilit\u00e0 in blocco:<\/strong> Cartoni da 300 unit\u00e0, ideali per grossisti e rivenditori.<\/li>\n\n\n\n<li><strong>Prezzi competitivi:<\/strong> Margini interessanti pur mantenendo una qualit\u00e0 superiore.<\/li>\n\n\n\n<li><strong>Supporto professionale:<\/strong> Ordini semplici, servizio reattivo e consegna affidabile.<\/li>\n<\/ul>\n\n\n\n<h2 class=\"wp-block-heading\">Elevate la vostra esperienza di vaping oggi stesso<\/h2>\n\n\n\n<p>Il Vape usa e getta Humo Azul 15000 Puffs combina <strong>tecnologia innovativa<\/strong>, <strong>durata di vita estesa<\/strong>, e <strong>prestazioni aromatiche eccezionali<\/strong>-Questo lo rende una delle scelte pi\u00f9 affidabili del mercato.<\/p>\n\n\n\n<p><strong>Ordina ora su <a href=\"https:\/\/vapemaison.com\/\">VapeMaison<\/a> e sperimentare il vaping al suo meglio.<\/strong>Esplorate il mondo del vaping premium su <a href=\"https:\/\/vapemaison.com\/\">VapeMaison<\/a>, dove l'innovazione incontra lo stile. Sfogliate la nostra collezione completa sul sito <a href=\"https:\/\/vapemaison.com\/shop\/\">Negozio<\/a> o scoprire la popolare pagina <a href=\"https:\/\/vapemaison.com\/brand\/humo-azul\/\">Collezione del marchio Humo Vape<\/a> e <a href=\"https:\/\/vapemaison.com\/brand\/bang\/\">Bang<\/a> prodotti, amati dai vapers di tutto il mondo. Cercate altre opzioni? Date un'occhiata a tutti i nostri <a href=\"https:\/\/vapemaison.com\/product-category\/puffs-count\/\">Bign\u00e8<\/a> e trovare l'abbinamento perfetto per i vostri gusti e il vostro stile di vita.<\/p>\n\n\n\n<h2 class=\"wp-block-heading has-text-align-center\"><strong>FAQ su Humo Azul 15<\/strong><\/h2>\n\n\n\n<h3 class=\"wp-block-heading\"><strong>1. Quanto dura l'Humo Azul 15k?<\/strong><\/h3>\n\n\n\n<p>L'Humo Azul 15000 \u00e8 stato progettato per fornire <strong>fino a 15.000 soffi<\/strong>, anche se la durata effettiva varia in base alle abitudini personali di svapo. La sua grande capacit\u00e0 lo rende un'ottima opzione per gli utenti che cercano un dispositivo che possa accompagnarli per un periodo prolungato.<\/p>\n\n\n\n<h3 class=\"wp-block-heading\"><strong>2. Quanto tempo ci vuole per ricaricare il vape Humo Azul?<\/strong><\/h3>\n\n\n\n<p>Questo dispositivo comprende un <strong>Batteria ricaricabile da 600 mAh<\/strong>, che in genere necessita di <strong>35-45 minuti<\/strong> per raggiungere una carica completa tramite la tecnologia Type-C. La funzione di ricarica rapida riduce al minimo i tempi di attesa, in modo da poter riprendere a svapare rapidamente.<\/p>\n\n\n\n<h3 class=\"wp-block-heading\"><strong>3. Come posso sapere se l'Humo Azul 15k \u00e8 finito?<\/strong><\/h3>\n\n\n\n<p>Noterete che \u00e8 verso la fine quando <strong>il sapore diventa debole<\/strong>, La produzione di vapore diminuisce o il dispositivo smette del tutto di produrre vapore. Alcuni utenti osservano anche una sensazione di leggerezza del dispositivo una volta consumato tutto l'e-liquid.<\/p>\n\n\n\n<h3 class=\"wp-block-heading\"><strong>4. Posso ricaricare Humo Azul 15000?<\/strong><\/h3>\n\n\n\n<p>No. L'Humo Azul 15000 \u00e8 un <strong>dispositivo monouso monouso<\/strong>, Non \u00e8 quindi possibile ricaricarla. Una volta esaurito l'e-liquid incorporato, \u00e8 sufficiente gettare l'unit\u00e0 e passare a una nuova.<\/p>\n\n\n\n<h3 class=\"wp-block-heading\"><strong>5. Il dispositivo \u00e8 adatto ai principianti?<\/strong><\/h3>\n\n\n\n<p>S\u00ec. Il suo <strong>design semplice, da inalare e da attivare<\/strong> lo rende particolarmente adatto ai nuovi vapers. Senza pulsanti o impostazioni da gestire, i principianti possono godere di un'esperienza fluida e costante fin da subito.<\/p>\n\n\n\n<h3 class=\"wp-block-heading\"><strong>6. Che cosa rende Humo Azul 15k diverso dagli altri prodotti monouso?<\/strong><\/h3>\n\n\n\n<p>La sua caratteristica principale \u00e8 la <strong>design premium ispirato all'iconica bottiglia di tequila Clase Azul<\/strong>, conferendogli un aspetto unico. Abbinato a <strong>15.000 soffi<\/strong> e un <strong>rotolo di rete<\/strong> che migliora il sapore e la consistenza del vapore, offre un'esperienza di alto livello che molti dispositivi non possono eguagliare.<\/p>\n\n\n\n<h3 class=\"wp-block-heading\">7.Quanto tempo ci vuole per la spedizione?<\/h3>\n\n\n\n<p>Gli ordini vengono elaborati entro <strong>24 ore<\/strong> dopo la conferma del pagamento.<br>Il <strong>Humo Azul<\/strong> Il prodotto \u00e8 attualmente disponibile nel nostro <strong>Magazzino Germania<\/strong>.<\/p>\n\n\n\n<ul class=\"wp-block-list\">\n<li><strong>Germania:<\/strong> 3-5 giorni lavorativi<\/li>\n\n\n\n<li><strong>Altri paesi europei:<\/strong> 5-7 giorni lavorativi<\/li>\n\n\n\n<li><strong>Fuori dall'Europa:<\/strong> Spedito dalla Cina, in circa 10-15 giorni lavorativi.<\/li>\n<\/ul>\n\n\n\n<p>I tempi di consegna effettivi possono variare a seconda della destinazione e delle abitudini locali. Se avete bisogno di informazioni pi\u00f9 precise, contattate il nostro servizio clienti prima di effettuare l'ordine.<\/p>\n\n\n\n<p><\/p>","protected":false},"excerpt":{"rendered":"<p data-start=\"132\" data-end=\"399\">Il <strong data-start=\"136\" data-end=\"177\">Humo Azul 15000 boccate di vapore monouso<\/strong> \u00e8 stata progettata per coloro che desiderano prestazioni di lunga durata con un sapore omogeneo e costante. Compatto, comodo da usare e disponibile in un'ampia gamma di gusti raffinati, \u00e8 una solida scelta quotidiana per gli utenti individuali e un'opzione affidabile per i rivenditori che cercano un prodotto collaudato e molto richiesto.<\/p>","protected":false},"featured_media":9032,"comment_status":"open","ping_status":"closed","template":"","meta":[],"product_brand":[166],"product_cat":[167],"product_tag":[],"class_list":{"0":"post-9031","1":"product","2":"type-product","3":"status-publish","4":"has-post-thumbnail","6":"product_brand-humo-azul","7":"product_cat-15k-puffs","9":"first","10":"instock","11":"sale","12":"shipping-taxable","13":"purchasable","14":"product-type-variable"},"yoast_head":"<!-- This site is optimized with the Yoast SEO plugin v27.4 - https:\/\/yoast.com\/product\/yoast-seo-wordpress\/ -->\n<title>Humo Azul Vape 15k Puff Disposable Vape \u2013 Rechargeable<\/title>\n<meta name=\"description\" content=\"Shop the Humo Azul Vape 15k Puff Disposable Vape at VapeMaison. Fast Type-C charging, multiple flavors, and bulk purchase options available.\" \/>\n<meta name=\"robots\" content=\"index, follow, max-snippet:-1, max-image-preview:large, max-video-preview:-1\" \/>\n<link rel=\"canonical\" href=\"https:\/\/vapemaison.com\/it\/prodotto\/humo-azul-15000-puff-monouso-vape\/\" \/>\n<meta property=\"og:locale\" content=\"it_IT\" \/>\n<meta property=\"og:type\" content=\"article\" \/>\n<meta property=\"og:title\" content=\"Humo Azul Vape 15k Puff Disposable Vape \u2013 Rechargeable\" \/>\n<meta property=\"og:description\" content=\"Shop the Humo Azul Vape 15k Puff Disposable Vape at VapeMaison. Fast Type-C charging, multiple flavors, and bulk purchase options available.\" \/>\n<meta property=\"og:url\" content=\"https:\/\/vapemaison.com\/it\/prodotto\/humo-azul-15000-puff-monouso-vape\/\" \/>\n<meta property=\"og:site_name\" content=\"VapeMaison\" \/>\n<meta property=\"article:modified_time\" content=\"2026-05-15T06:02:13+00:00\" \/>\n<meta property=\"og:image\" content=\"https:\/\/vapemaison.com\/wp-content\/uploads\/2025\/10\/banner-16-1024x546.png\" \/>\n\t<meta property=\"og:image:width\" content=\"1024\" \/>\n\t<meta property=\"og:image:height\" content=\"546\" \/>\n\t<meta property=\"og:image:type\" content=\"image\/png\" \/>\n<meta name=\"twitter:card\" content=\"summary_large_image\" \/>\n<meta name=\"twitter:label1\" content=\"Tempo di lettura stimato\" \/>\n\t<meta name=\"twitter:data1\" content=\"4 minuti\" \/>\n<!-- \/ Yoast SEO plugin. -->","yoast_head_json":{"title":"Humo Azul Vape 15k Puff Vape usa e getta - Ricaricabile","description":"Acquista il Vape monouso Humo Azul Vape 15k Puff su VapeMaison. Ricarica rapida Type-C, pi\u00f9 gusti e opzioni di acquisto all'ingrosso disponibili.","robots":{"index":"index","follow":"follow","max-snippet":"max-snippet:-1","max-image-preview":"max-image-preview:large","max-video-preview":"max-video-preview:-1"},"canonical":"https:\/\/vapemaison.com\/it\/prodotto\/humo-azul-15000-puff-monouso-vape\/","og_locale":"it_IT","og_type":"article","og_title":"Humo Azul Vape 15k Puff Disposable Vape \u2013 Rechargeable","og_description":"Shop the Humo Azul Vape 15k Puff Disposable Vape at VapeMaison. Fast Type-C charging, multiple flavors, and bulk purchase options available.","og_url":"https:\/\/vapemaison.com\/it\/prodotto\/humo-azul-15000-puff-monouso-vape\/","og_site_name":"VapeMaison","article_modified_time":"2026-05-15T06:02:13+00:00","og_image":[{"width":1024,"height":546,"url":"https:\/\/vapemaison.com\/wp-content\/uploads\/2025\/10\/banner-16-1024x546.png","type":"image\/png"}],"twitter_card":"summary_large_image","twitter_misc":{"Tempo di lettura stimato":"4 minuti"},"schema":{"@context":"https:\/\/schema.org","@graph":[{"@type":"WebPage","@id":"https:\/\/vapemaison.com\/product\/humo-azul-15000-puffs-disposable-vape\/","url":"https:\/\/vapemaison.com\/product\/humo-azul-15000-puffs-disposable-vape\/","name":"Humo Azul Vape 15k Puff Vape usa e getta - Ricaricabile","isPartOf":{"@id":"https:\/\/vapemaison.com\/#website"},"primaryImageOfPage":{"@id":"https:\/\/vapemaison.com\/product\/humo-azul-15000-puffs-disposable-vape\/#primaryimage"},"image":{"@id":"https:\/\/vapemaison.com\/product\/humo-azul-15000-puffs-disposable-vape\/#primaryimage"},"thumbnailUrl":"https:\/\/vapemaison.com\/wp-content\/uploads\/2025\/10\/banner-16-scaled.png","datePublished":"2025-10-25T07:47:26+00:00","dateModified":"2026-05-15T06:02:13+00:00","description":"Acquista il Vape monouso Humo Azul Vape 15k Puff su VapeMaison. Ricarica rapida Type-C, pi\u00f9 gusti e opzioni di acquisto all'ingrosso disponibili.","breadcrumb":{"@id":"https:\/\/vapemaison.com\/product\/humo-azul-15000-puffs-disposable-vape\/#breadcrumb"},"inLanguage":"it-IT","potentialAction":[{"@type":"ReadAction","target":["https:\/\/vapemaison.com\/product\/humo-azul-15000-puffs-disposable-vape\/"]}]},{"@type":"ImageObject","inLanguage":"it-IT","@id":"https:\/\/vapemaison.com\/product\/humo-azul-15000-puffs-disposable-vape\/#primaryimage","url":"https:\/\/vapemaison.com\/wp-content\/uploads\/2025\/10\/banner-16-scaled.png","contentUrl":"https:\/\/vapemaison.com\/wp-content\/uploads\/2025\/10\/banner-16-scaled.png","width":2560,"height":1366,"caption":"Banner 16 Scaled Disposable Vape Device"},{"@type":"BreadcrumbList","@id":"https:\/\/vapemaison.com\/product\/humo-azul-15000-puffs-disposable-vape\/#breadcrumb","itemListElement":[{"@type":"ListItem","position":1,"name":"\u9996\u9875","item":"https:\/\/vapemaison.com\/"},{"@type":"ListItem","position":2,"name":"Shop","item":"https:\/\/vapemaison.com\/shop\/"},{"@type":"ListItem","position":3,"name":"Humo Azul","item":"https:\/\/vapemaison.com\/brand\/humo-azul\/"},{"@type":"ListItem","position":4,"name":"Humo Azul Vape 15k Puff 2% Low Nicotine Bulk Buy Rechargeable Disposable Vapes Pen Wholesale"}]},{"@type":"WebSite","@id":"https:\/\/vapemaison.com\/#website","url":"https:\/\/vapemaison.com\/","name":"VapeMaison","description":"Dispositivi e accessori per il vaping di alta qualit\u00e0","publisher":{"@id":"https:\/\/vapemaison.com\/#organization"},"potentialAction":[{"@type":"SearchAction","target":{"@type":"EntryPoint","urlTemplate":"https:\/\/vapemaison.com\/?s={search_term_string}"},"query-input":{"@type":"PropertyValueSpecification","valueRequired":true,"valueName":"search_term_string"}}],"inLanguage":"it-IT"},{"@type":"Organization","@id":"https:\/\/vapemaison.com\/#organization","name":"VapeMaison","url":"https:\/\/vapemaison.com\/","logo":{"@type":"ImageObject","inLanguage":"it-IT","@id":"https:\/\/vapemaison.com\/#\/schema\/logo\/image\/","url":"https:\/\/vapemaison.com\/wp-content\/uploads\/2026\/01\/cropped-vapemaison-logo-g-2026.webp","contentUrl":"https:\/\/vapemaison.com\/wp-content\/uploads\/2026\/01\/cropped-vapemaison-logo-g-2026.webp","width":350,"height":280,"caption":"VapeMaison"},"image":{"@id":"https:\/\/vapemaison.com\/#\/schema\/logo\/image\/"},"sameAs":["https:\/\/www.youtube.com\/@VapeMaison"]}]}},"tiered_pricing_type":"fixed","tiered_pricing_fixed_rules":{"30":"8.48","50":"7.99","100":"7.34","200":"6.78"},"tiered_pricing_product_settings":{"layout":"default","base_unit_name":{"singular":null,"plural":null},"default_variation":null},"tiered_pricing_minimum_quantity":10,"tiered_pricing_roles_data":[],"tiered_pricing_percentage_rules":[],"tiered_pricing_maximum_quantity":null,"tiered_pricing_quantity_step":"10","_links":{"self":[{"href":"https:\/\/vapemaison.com\/it\/wp-json\/wp\/v2\/product\/9031","targetHints":{"allow":["GET"]}}],"collection":[{"href":"https:\/\/vapemaison.com\/it\/wp-json\/wp\/v2\/product"}],"about":[{"href":"https:\/\/vapemaison.com\/it\/wp-json\/wp\/v2\/types\/product"}],"replies":[{"embeddable":true,"href":"https:\/\/vapemaison.com\/it\/wp-json\/wp\/v2\/comments?post=9031"}],"version-history":[{"count":4,"href":"https:\/\/vapemaison.com\/it\/wp-json\/wp\/v2\/product\/9031\/revisions"}],"predecessor-version":[{"id":26151,"href":"https:\/\/vapemaison.com\/it\/wp-json\/wp\/v2\/product\/9031\/revisions\/26151"}],"wp:featuredmedia":[{"embeddable":true,"href":"https:\/\/vapemaison.com\/it\/wp-json\/wp\/v2\/media\/9032"}],"wp:attachment":[{"href":"https:\/\/vapemaison.com\/it\/wp-json\/wp\/v2\/media?parent=9031"}],"wp:term":[{"taxonomy":"product_brand","embeddable":true,"href":"https:\/\/vapemaison.com\/it\/wp-json\/wp\/v2\/product_brand?post=9031"},{"taxonomy":"product_cat","embeddable":true,"href":"https:\/\/vapemaison.com\/it\/wp-json\/wp\/v2\/product_cat?post=9031"},{"taxonomy":"product_tag","embeddable":true,"href":"https:\/\/vapemaison.com\/it\/wp-json\/wp\/v2\/product_tag?post=9031"}],"curies":[{"name":"wp","href":"https:\/\/api.w.org\/{rel}","templated":true}]}}