

{"id":9143,"date":"2025-10-25T09:22:15","date_gmt":"2025-10-25T09:22:15","guid":{"rendered":"https:\/\/vapemaison.com\/?post_type=product&#038;p=9143"},"modified":"2026-04-23T07:29:56","modified_gmt":"2026-04-23T07:29:56","slug":"bang-king-15000-puff-monouso-vape","status":"publish","type":"product","link":"https:\/\/vapemaison.com\/it\/product\/bang-king-15000-puffs-disposable-vape\/","title":{"rendered":"BangKing 15000 boccate di vapore ricaricabile usa e getta"},"content":{"rendered":"<h3 class=\"wp-block-heading\"><strong>BangKing 15000 Puffs Disposable Vape - Il massimo della soddisfazione nel vaping<\/strong><\/h3>\n\n\n\n<p>Il <strong>BangKing 15000 boccate di vapore monouso<\/strong> ridefinisce l'esperienza di svapo usa e getta grazie alle sue prestazioni eccezionali, alla capacit\u00e0 di lunga durata e alla soddisfazione dei clienti. Progettato per soddisfare le esigenze sia dei vapers occasionali che di quelli esperti, questo dispositivo combina convenienza, sapore e un alto livello di durata, rendendolo una scelta di spicco sul mercato.<\/p>\n\n\n\n<p>Con un impressionante <strong><a href=\"https:\/\/vapemaison.com\/product-category\/puffs-count\/15k-puffs\/\" type=\"link\" id=\"https:\/\/vapemaison.com\/product-category\/puffs-count\/15k-puffs\/\">15k soffi<\/a> per dispositivo<\/strong>, Il Bang King offre una delle esperienze di svapo pi\u00f9 durature disponibili. Questa longevit\u00e0 \u00e8 supportata da un <strong>Batteria ricaricabile da 650 mAh<\/strong>, che garantisce un'erogazione di potenza affidabile e costante per tutta la sua durata. Inoltre, il <strong>Capacit\u00e0 di 25 ml di succo elettronico pre-riempito<\/strong> riduce in modo significativo la necessit\u00e0 di frequenti ricariche, consentendo agli utenti di godersi la svapata senza una costante manutenzione.<\/p>\n\n\n\n<p>Il Bang King \u00e8 dotato anche di un <strong>sistema di flusso d'aria regolabile<\/strong>, che consente agli utenti di regolare con precisione l'estrazione e di personalizzare l'esperienza di svapo in base alle proprie preferenze. Disponibile in <strong>Potenzialit\u00e0 di nicotina 0%, 2%, 3% e 5%<\/strong>, Si rivolge a un'ampia gamma di utenti, da quelli che cercano un'esperienza liscia e senza nicotina a quelli che preferiscono un tiro pi\u00f9 forte.<\/p>\n\n\n\n<p>Sia che si tratti di un vaper giornaliero o di qualcuno che ama un'opzione di maggiore durata, il <strong>Bang King 15000 boccate di vapore monouso<\/strong> offre il perfetto equilibrio tra convenienza, qualit\u00e0 e prestazioni, rendendolo la scelta ideale per chi apprezza sia la qualit\u00e0 che la longevit\u00e0 dei propri dispositivi per il vaping.<\/p>\n\n\n\n<p><strong>Clicca qui per saperne di pi\u00f9 <a href=\"https:\/\/vapemaison.com\/brand\/bang\/\">prodotti di Bang<\/a>, cos\u00ec come <a href=\"https:\/\/vapemaison.com\/shop\/\" type=\"link\" id=\"https:\/\/vapemaison.com\/shop\/\">tutti i prodotti<\/a>.<\/strong><\/p>\n\n\n\n<h4 class=\"wp-block-heading\"><strong>Elenco dei sapori <\/strong><\/h4>\n\n\n\n<p>Il <strong>Bang King 15000 soffi<\/strong> offre una gamma di sapori deliziosi che sicuramente delizieranno le vostre papille gustative. Che preferiate i gusti fruttati, alla menta o ispirati ai dessert, troverete l'abbinamento perfetto. Ecco alcuni dei migliori gusti tra cui scegliere:<\/p>\n\n\n\n<ol class=\"wp-block-list\">\n<li><strong>Anguria alla fragola<\/strong><\/li>\n\n\n\n<li><strong>Triplo ghiaccio ai frutti di bosco<\/strong><\/li>\n\n\n\n<li><strong>Ghiaccio lussureggiante<\/strong><\/li>\n\n\n\n<li><strong>Ghiaccio alla pesca<\/strong><\/li>\n\n\n\n<li><strong>Fragola Kiwi<\/strong><\/li>\n\n\n\n<li><strong>Ghiaccio Blu Razz<\/strong><\/li>\n\n\n\n<li><strong>Aloe Uva<\/strong><\/li>\n\n\n\n<li><strong>Pesca e mango<\/strong><\/li>\n\n\n\n<li><strong>Doppia mela<\/strong><\/li>\n\n\n\n<li><strong>Frutta tropicale<\/strong><\/li>\n\n\n\n<li><strong>Fragola e banana<\/strong><\/li>\n\n\n\n<li><strong>Kiwi Frutto della passione Guava<\/strong><\/li>\n\n\n\n<li><strong>Mela acida Razberry<\/strong><\/li>\n\n\n\n<li><strong>Anguria Bubblegum<\/strong><\/li>\n\n\n\n<li><strong>Yogurt alla fragola<\/strong><\/li>\n\n\n\n<li><strong>Drago Nero di Ghiaccio<\/strong><\/li>\n\n\n\n<li><strong>Limonata rosa<\/strong><\/li>\n\n\n\n<li><strong>Ciliegia Pop<\/strong><\/li>\n\n\n\n<li><strong>Menta fresca<\/strong><\/li>\n\n\n\n<li><strong>Zucchero filato<\/strong><\/li>\n<\/ol>\n\n\n\n<h4 class=\"wp-block-heading\"><strong>Perch\u00e9 scegliere Bang King 15000 Puffs?<\/strong><\/h4>\n\n\n\n<p><strong>Un piacere duraturo<\/strong>: Con il suo <strong>Capacit\u00e0 di 15.000 soffi<\/strong>, il <strong>Bang King<\/strong> offre un'esperienza di svapo prolungata, perfetta per gli utenti pi\u00f9 assidui che non vogliono il fastidio di sostituzioni frequenti.<\/p>\n\n\n\n<p><strong>Opzioni di nicotina versatili<\/strong>: Sia che siate principianti o vaper di lunga data, il <strong>Bang King<\/strong> vi offre la flessibilit\u00e0 di regolare il livello di nicotina in base alle vostre preferenze.<\/p>\n\n\n\n<p><strong>Portatile ed elegante<\/strong>: Il <strong>Bang King<\/strong> vanta un design elegante e portatile che sta comodamente in mano. Con colori vivaci e accattivanti e opzioni di aromi premium, questo dispositivo si distingue sia per il design che per le prestazioni.<\/p>\n\n\n\n<p><strong>Valore eccezionale<\/strong>: Offerta fino a <strong>15.000 soffi<\/strong> e un <strong>Capacit\u00e0 di 25 ml di succo elettronico<\/strong>, il <strong>Bang King<\/strong> \u00e8 costruito per durare pi\u00f9 a lungo di altri vapers usa e getta, offrendo un valore eccezionale senza compromettere la qualit\u00e0.<\/p>\n\n\n\n<h4 class=\"wp-block-heading\"><strong>Elevate la vostra esperienza di vaping oggi stesso<\/strong><\/h4>\n\n\n\n<p>Se siete alla ricerca di un dispositivo per tutti i giorni o di qualcosa da portare con voi in viaggio, il <strong>Bang King 15000 soffi<\/strong> vape monouso fornisce il <strong>combinazione perfetta<\/strong> di convenienza, prestazioni e sapore. Ricaricabile, durevole e con un'ampia lista di aromi, \u00e8 stata progettata per i vapers che esigono il meglio.<\/p>\n\n\n\n<p>Entrate in un nuovo livello di soddisfazione del vaping con il modello <strong>Bang King 15000 boccate di vapore monouso<\/strong>.<\/p>","protected":false},"excerpt":{"rendered":"<p><strong data-start=\"0\" data-end=\"41\" data-is-only-node=\"\">Bang King 15000 boccate di vapore monouso<\/strong> offre fino a 15.000 boccate di sapore ricco e soddisfacente con una batteria ricaricabile da 650 mAh e 25 ml di liquido pre-riempito. Godetevi il flusso d'aria regolabile, il vapore omogeneo e le molteplici opzioni di nicotina (0%-5%) - progettate per prestazioni durature e pura convenienza.<\/p>","protected":false},"featured_media":9156,"comment_status":"open","ping_status":"closed","template":"","meta":[],"product_brand":[57],"product_cat":[167],"product_tag":[],"class_list":{"0":"post-9143","1":"product","2":"type-product","3":"status-publish","4":"has-post-thumbnail","6":"product_brand-bang","7":"product_cat-15k-puffs","9":"first","10":"instock","11":"sale","12":"shipping-taxable","13":"purchasable","14":"product-type-variable"},"yoast_head":"<!-- This site is optimized with the Yoast SEO plugin v27.4 - https:\/\/yoast.com\/product\/yoast-seo-wordpress\/ -->\n<title>BangKing 15000 Puffs Disposable Vape \u2013 Rechargeable<\/title>\n<meta name=\"description\" content=\"Enjoy BangKing 15000 puffs with the Bang King Disposable Vape. Rechargeable, and multiple nicotine levels for a customizable experience.\" \/>\n<meta name=\"robots\" content=\"index, follow, max-snippet:-1, max-image-preview:large, max-video-preview:-1\" \/>\n<link rel=\"canonical\" href=\"https:\/\/vapemaison.com\/it\/prodotto\/bang-king-15000-puff-monouso-vape\/\" \/>\n<meta property=\"og:locale\" content=\"it_IT\" \/>\n<meta property=\"og:type\" content=\"article\" \/>\n<meta property=\"og:title\" content=\"BangKing 15000 Puffs Disposable Vape \u2013 Rechargeable\" \/>\n<meta property=\"og:description\" content=\"Enjoy BangKing 15000 puffs with the Bang King Disposable Vape. Rechargeable, and multiple nicotine levels for a customizable experience.\" \/>\n<meta property=\"og:url\" content=\"https:\/\/vapemaison.com\/it\/prodotto\/bang-king-15000-puff-monouso-vape\/\" \/>\n<meta property=\"og:site_name\" content=\"VapeMaison\" \/>\n<meta property=\"article:modified_time\" content=\"2026-04-23T07:29:56+00:00\" \/>\n<meta property=\"og:image\" content=\"https:\/\/vapemaison.com\/wp-content\/uploads\/2025\/10\/Bang-King-15000-Puffs-Crystal-Vapes-Main-Picture.webp\" \/>\n\t<meta property=\"og:image:width\" content=\"638\" \/>\n\t<meta property=\"og:image:height\" content=\"637\" \/>\n\t<meta property=\"og:image:type\" content=\"image\/webp\" \/>\n<meta name=\"twitter:card\" content=\"summary_large_image\" \/>\n<meta name=\"twitter:label1\" content=\"Tempo di lettura stimato\" \/>\n\t<meta name=\"twitter:data1\" content=\"3 minuti\" \/>\n<!-- \/ Yoast SEO plugin. -->","yoast_head_json":{"title":"BangKing 15000 boccate di vapore monouso - ricaricabile","description":"Godetevi le 15000 boccate di BangKing con il Bang King Disposable Vape. Ricaricabile e con pi\u00f9 livelli di nicotina per un'esperienza personalizzabile.","robots":{"index":"index","follow":"follow","max-snippet":"max-snippet:-1","max-image-preview":"max-image-preview:large","max-video-preview":"max-video-preview:-1"},"canonical":"https:\/\/vapemaison.com\/it\/prodotto\/bang-king-15000-puff-monouso-vape\/","og_locale":"it_IT","og_type":"article","og_title":"BangKing 15000 Puffs Disposable Vape \u2013 Rechargeable","og_description":"Enjoy BangKing 15000 puffs with the Bang King Disposable Vape. Rechargeable, and multiple nicotine levels for a customizable experience.","og_url":"https:\/\/vapemaison.com\/it\/prodotto\/bang-king-15000-puff-monouso-vape\/","og_site_name":"VapeMaison","article_modified_time":"2026-04-23T07:29:56+00:00","og_image":[{"width":638,"height":637,"url":"https:\/\/vapemaison.com\/wp-content\/uploads\/2025\/10\/Bang-King-15000-Puffs-Crystal-Vapes-Main-Picture.webp","type":"image\/webp"}],"twitter_card":"summary_large_image","twitter_misc":{"Tempo di lettura stimato":"3 minuti"},"schema":{"@context":"https:\/\/schema.org","@graph":[{"@type":"WebPage","@id":"https:\/\/vapemaison.com\/product\/bang-king-15000-puffs-disposable-vape\/","url":"https:\/\/vapemaison.com\/product\/bang-king-15000-puffs-disposable-vape\/","name":"BangKing 15000 boccate di vapore monouso - ricaricabile","isPartOf":{"@id":"https:\/\/vapemaison.com\/#website"},"primaryImageOfPage":{"@id":"https:\/\/vapemaison.com\/product\/bang-king-15000-puffs-disposable-vape\/#primaryimage"},"image":{"@id":"https:\/\/vapemaison.com\/product\/bang-king-15000-puffs-disposable-vape\/#primaryimage"},"thumbnailUrl":"https:\/\/vapemaison.com\/wp-content\/uploads\/2025\/10\/Bang-King-15000-Puffs-Crystal-Vapes-Main-Picture.webp","datePublished":"2025-10-25T09:22:15+00:00","dateModified":"2026-04-23T07:29:56+00:00","description":"Godetevi le 15000 boccate di BangKing con il Bang King Disposable Vape. Ricaricabile e con pi\u00f9 livelli di nicotina per un'esperienza personalizzabile.","breadcrumb":{"@id":"https:\/\/vapemaison.com\/product\/bang-king-15000-puffs-disposable-vape\/#breadcrumb"},"inLanguage":"it-IT","potentialAction":[{"@type":"ReadAction","target":["https:\/\/vapemaison.com\/product\/bang-king-15000-puffs-disposable-vape\/"]}]},{"@type":"ImageObject","inLanguage":"it-IT","@id":"https:\/\/vapemaison.com\/product\/bang-king-15000-puffs-disposable-vape\/#primaryimage","url":"https:\/\/vapemaison.com\/wp-content\/uploads\/2025\/10\/Bang-King-15000-Puffs-Crystal-Vapes-Main-Picture.webp","contentUrl":"https:\/\/vapemaison.com\/wp-content\/uploads\/2025\/10\/Bang-King-15000-Puffs-Crystal-Vapes-Main-Picture.webp","width":638,"height":637,"caption":"Bang King Puffs Crystal Vapes Main Picture"},{"@type":"BreadcrumbList","@id":"https:\/\/vapemaison.com\/product\/bang-king-15000-puffs-disposable-vape\/#breadcrumb","itemListElement":[{"@type":"ListItem","position":1,"name":"\u9996\u9875","item":"https:\/\/vapemaison.com\/"},{"@type":"ListItem","position":2,"name":"Shop","item":"https:\/\/vapemaison.com\/shop\/"},{"@type":"ListItem","position":3,"name":"Bang","item":"https:\/\/vapemaison.com\/brand\/bang\/"},{"@type":"ListItem","position":4,"name":"BangKing 15000 Puffs Rechargeable Disposable Vape"}]},{"@type":"WebSite","@id":"https:\/\/vapemaison.com\/#website","url":"https:\/\/vapemaison.com\/","name":"VapeMaison","description":"Dispositivi e accessori per il vaping di alta qualit\u00e0","publisher":{"@id":"https:\/\/vapemaison.com\/#organization"},"potentialAction":[{"@type":"SearchAction","target":{"@type":"EntryPoint","urlTemplate":"https:\/\/vapemaison.com\/?s={search_term_string}"},"query-input":{"@type":"PropertyValueSpecification","valueRequired":true,"valueName":"search_term_string"}}],"inLanguage":"it-IT"},{"@type":"Organization","@id":"https:\/\/vapemaison.com\/#organization","name":"VapeMaison","url":"https:\/\/vapemaison.com\/","logo":{"@type":"ImageObject","inLanguage":"it-IT","@id":"https:\/\/vapemaison.com\/#\/schema\/logo\/image\/","url":"https:\/\/vapemaison.com\/wp-content\/uploads\/2026\/01\/cropped-vapemaison-logo-g-2026.webp","contentUrl":"https:\/\/vapemaison.com\/wp-content\/uploads\/2026\/01\/cropped-vapemaison-logo-g-2026.webp","width":350,"height":280,"caption":"VapeMaison"},"image":{"@id":"https:\/\/vapemaison.com\/#\/schema\/logo\/image\/"},"sameAs":["https:\/\/www.youtube.com\/@VapeMaison"]}]}},"tiered_pricing_type":"fixed","tiered_pricing_fixed_rules":{"30":"8.19","50":"7.88","100":"7.51","200":"7.21"},"tiered_pricing_product_settings":{"layout":"default","base_unit_name":{"singular":null,"plural":null},"default_variation":null},"tiered_pricing_minimum_quantity":10,"tiered_pricing_roles_data":[],"tiered_pricing_percentage_rules":[],"tiered_pricing_maximum_quantity":null,"tiered_pricing_quantity_step":"10","_links":{"self":[{"href":"https:\/\/vapemaison.com\/it\/wp-json\/wp\/v2\/product\/9143","targetHints":{"allow":["GET"]}}],"collection":[{"href":"https:\/\/vapemaison.com\/it\/wp-json\/wp\/v2\/product"}],"about":[{"href":"https:\/\/vapemaison.com\/it\/wp-json\/wp\/v2\/types\/product"}],"replies":[{"embeddable":true,"href":"https:\/\/vapemaison.com\/it\/wp-json\/wp\/v2\/comments?post=9143"}],"version-history":[{"count":2,"href":"https:\/\/vapemaison.com\/it\/wp-json\/wp\/v2\/product\/9143\/revisions"}],"predecessor-version":[{"id":29529,"href":"https:\/\/vapemaison.com\/it\/wp-json\/wp\/v2\/product\/9143\/revisions\/29529"}],"wp:featuredmedia":[{"embeddable":true,"href":"https:\/\/vapemaison.com\/it\/wp-json\/wp\/v2\/media\/9156"}],"wp:attachment":[{"href":"https:\/\/vapemaison.com\/it\/wp-json\/wp\/v2\/media?parent=9143"}],"wp:term":[{"taxonomy":"product_brand","embeddable":true,"href":"https:\/\/vapemaison.com\/it\/wp-json\/wp\/v2\/product_brand?post=9143"},{"taxonomy":"product_cat","embeddable":true,"href":"https:\/\/vapemaison.com\/it\/wp-json\/wp\/v2\/product_cat?post=9143"},{"taxonomy":"product_tag","embeddable":true,"href":"https:\/\/vapemaison.com\/it\/wp-json\/wp\/v2\/product_tag?post=9143"}],"curies":[{"name":"wp","href":"https:\/\/api.w.org\/{rel}","templated":true}]}}