

{"id":9586,"date":"2025-11-06T03:53:00","date_gmt":"2025-11-06T03:53:00","guid":{"rendered":"https:\/\/vapemaison.com\/?post_type=product&#038;p=9586"},"modified":"2026-04-24T06:35:24","modified_gmt":"2026-04-24T06:35:24","slug":"randm-tornado-70k-r-e-m-tornado-70000-einweg-vape-ohne-nikotin","status":"publish","type":"product","link":"https:\/\/vapemaison.com\/it\/product\/randm-tornado-70k-r-and-m-tornado-70000-einweg-vape-ohne-nikotin\/","title":{"rendered":"RandM Tornado 70K R e M Tornado 70000 Vape Einweg Ohne Nikotin"},"content":{"rendered":"<p>Il <strong>RandM Tornado 7000 Vape ricaricabile<\/strong> \u00e8 pensato per i vapers che vogliono <strong>libert\u00e0 di scelta<\/strong> e <strong>prestazioni premium<\/strong> in un unico elegante dispositivo.<br>A differenza dei tradizionali vapori usa e getta, questo modello \u00e8 dotato di <strong>vuoto<\/strong> - permettendovi di riempirlo con i vostri <strong>il proprio e-liquid preferito<\/strong>. Sia che preferiate gusti dolci, fruttati, ghiacciati o dessert, Tornado 7000 vi permette di personalizzare la vostra esperienza di vaping esattamente come vi piace.<\/p>\n\n\n\n<h3 class=\"wp-block-heading\"><strong>Caratteristiche principali in sintesi<\/strong><\/h3>\n\n\n\n<ul class=\"wp-block-list\">\n<li><strong>Design ricaricabile:<\/strong> Utilizzate il vostro e-liquid e mescolate gli aromi a vostro piacimento.<\/li>\n\n\n\n<li><strong>Batteria da 850 mAh:<\/strong> Assicura un'emissione di vapore potente e costante per lunghe sessioni.<\/li>\n\n\n\n<li><strong>Serbatoio grande da 15 ml:<\/strong> Contiene circa 1,5 flaconi di e-liquid standard per un vaping prolungato.<\/li>\n\n\n\n<li><strong>Bobina resistente:<\/strong> Ogni bobina dura per circa due ricariche complete del serbatoio - fino a <strong>30 ml di utilizzo totale<\/strong>.<\/li>\n\n\n\n<li><strong>Oltre 10.000 soffi:<\/strong> Godetevi un numero impressionante di boccate da un dispositivo prima di sostituirlo.<\/li>\n\n\n\n<li><strong>Estrazione fluida e sapore intenso:<\/strong> Provate l'esperienza di nuvole di vapore ricche e di un colpo in gola soddisfacente.<\/li>\n<\/ul>\n\n\n\n<h3 class=\"wp-block-heading\"><strong>Perch\u00e9 scegliere la RandM Tornado 7000 Refillable Vape?<\/strong><\/h3>\n\n\n\n<p><strong>Libert\u00e0 di gusto:<\/strong><br>Poich\u00e9 il dispositivo viene fornito senza liquido pre-riempito, \u00e8 possibile utilizzare <strong>qualsiasi aroma o intensit\u00e0 di nicotina<\/strong> ideale per chi ama sperimentare miscele personalizzate.<\/p>\n\n\n\n<p><strong>Forte produzione di vapore:<\/strong><br>Il <strong>Batteria da 850 mAh<\/strong> garantisce prestazioni costanti e nuvole dense ad ogni boccata, perfette per gli stili di vaping MTL e DTL.<\/p>\n\n\n\n<p><strong>Generosa capacit\u00e0 del serbatoio:<\/strong><br>Con il suo <strong>Serbatoio ricaricabile da 15 ml<\/strong>, \u00c8 possibile svapare per ore senza il fastidio di una continua ricarica.<\/p>\n\n\n\n<p><strong>Bobina di lunga durata:<\/strong><br>Ogni bobina supporta circa <strong>due cicli di riempimento del serbatoio<\/strong>, Ci\u00f2 significa meno sostituzioni e pi\u00f9 divertimento ininterrotto.<\/p>\n\n\n\n<p><strong>Efficiente ed economico:<\/strong><br>La potenza di una sigaretta di qualit\u00e0 superiore e la flessibilit\u00e0 delle ricariche: un'alternativa ecologica alle sigarette usa e getta.<\/p>\n\n\n\n<h3 class=\"wp-block-heading\"><strong>Specifiche tecniche<\/strong><\/h3>\n\n\n\n<figure class=\"wp-block-table\"><table class=\"has-fixed-layout\"><thead><tr><th>Caratteristica<\/th><th>Specifiche<\/th><\/tr><\/thead><tbody><tr><td>Batteria<\/td><td>850mAh ricaricabile<\/td><\/tr><tr><td>Capacit\u00e0 del serbatoio<\/td><td>15ml<\/td><\/tr><tr><td>Ricaricabile<\/td><td>S\u00ec<\/td><\/tr><tr><td>Durata di vita della bobina<\/td><td>Circa 2 ricariche del serbatoio (\u224830ml in totale)<\/td><\/tr><tr><td>Stima dei soffi<\/td><td>10,000+<\/td><\/tr><tr><td>Ricarica<\/td><td>USB tipo-C<\/td><\/tr><tr><td>Dimensioni<\/td><td>Compatto e facile da trasportare<\/td><\/tr><tr><td>Utilizzo<\/td><td>Compatibile con tutti gli e-liquid standard<\/td><\/tr><\/tbody><\/table><\/figure>\n\n\n\n<h3 class=\"wp-block-heading\"><strong>Perfetto per<\/strong><\/h3>\n\n\n\n<ul class=\"wp-block-list\">\n<li>I vapers che vogliono <strong>utilizzare i propri liquidi<\/strong><\/li>\n\n\n\n<li>Chi cerca <strong>efficace dal punto di vista dei costi<\/strong> e <strong>eco-consapevole<\/strong> vaping<\/li>\n\n\n\n<li>Utenti che apprezzano <strong>forte prestazione al vapore<\/strong> e <strong>controllo del sapore personalizzato<\/strong><\/li>\n\n\n\n<li>Principianti e vapers esperti<\/li>\n<\/ul>\n\n\n\n<h3 class=\"wp-block-heading\"><strong>Conclusione<\/strong><\/h3>\n\n\n\n<p>Il <strong>RandM Tornado 7000 Vape ricaricabile<\/strong> combinazioni <strong>personalizzazione, potenza e convenienza<\/strong> in un unico dispositivo innovativo.<br>Con la sua bobina di lunga durata, il serbatoio generoso e la flessibilit\u00e0 di ricarica, offre un'esperienza di vaping eccezionale che \u00e8 sia <strong>personalizzato<\/strong> e <strong>sostenibile<\/strong>.<\/p>\n\n\n\n<p>Provate il vaping a modo vostro, con il <strong>RandM Tornado 7000<\/strong>.<\/p>\n\n\n\n<ul class=\"wp-block-list\">\n<li>Visitate il nostro <strong><a href=\"https:\/\/vapemaison.com\/\" type=\"link\" id=\"https:\/\/vapemaison.com\/brand\/randm\/\">Homepage<\/a><\/strong> to discover new arrivals and best sellers<\/li>\n\n\n\n<li>Browse the <strong><a href=\"https:\/\/vapemaison.com\/shop\/\" type=\"link\" id=\"https:\/\/vapemaison.com\/shop\/\">Shop page<\/a><\/strong> to explore all available products<\/li>\n\n\n\n<li>Controlla il <strong><a href=\"https:\/\/vapemaison.com\/brand\/randm\/\" type=\"link\" id=\"https:\/\/vapemaison.com\/brand\/randm\/\">RandM brand collection<\/a><\/strong> for more devices<\/li>\n\n\n\n<li>Esplora il nostro <strong><a href=\"https:\/\/vapemaison.com\/product-category\/puffs-count\/\" type=\"link\" id=\"https:\/\/vapemaison.com\/product-category\/puffs-count\/\">Puff categories<\/a><\/strong> to compare 5000, 9000, 15000+ puff vapes<\/li>\n<\/ul>","protected":false},"excerpt":{"rendered":"<p>The RandM Tornado 7000 Refillable Vape is designed for vapers who want freedom of choice and premium performance in one sleek device.Unlike traditional disposable vapes, this model comes empty \u2014 allowing you to fill it with your own favourite e-liquid. Whether you prefer sweet, fruity, icy, or dessert flavours, the Tornado 7000 lets you customise [&hellip;]<\/p>\n","protected":false},"featured_media":10969,"comment_status":"open","ping_status":"closed","template":"","meta":[],"product_brand":[169],"product_cat":[138],"product_tag":[],"class_list":{"0":"post-9586","1":"product","2":"type-product","3":"status-publish","4":"has-post-thumbnail","6":"product_brand-randm","7":"product_cat-70k-puffs","9":"first","10":"instock","11":"sale","12":"shipping-taxable","13":"purchasable","14":"product-type-variable"},"yoast_head":"<!-- This site is optimized with the Yoast SEO plugin v27.4 - https:\/\/yoast.com\/product\/yoast-seo-wordpress\/ -->\n<title>RandM Tornado 7000 | Einweg Vape Ohne Nikotin<\/title>\n<meta name=\"description\" content=\"Enjoy the RandM Tornado 7000 refillable vape with your own liquids \u2014 850mAh battery, 15ml tank, and over 10,000 puffs for a custom vaping experience.\" \/>\n<meta name=\"robots\" content=\"index, follow, max-snippet:-1, max-image-preview:large, max-video-preview:-1\" \/>\n<link rel=\"canonical\" href=\"https:\/\/vapemaison.com\/it\/prodotto\/randm-tornado-70k-r-e-m-tornado-70000-einweg-vape-ohne-nikotin\/\" \/>\n<meta property=\"og:locale\" content=\"it_IT\" \/>\n<meta property=\"og:type\" content=\"article\" \/>\n<meta property=\"og:title\" content=\"RandM Tornado 7000 | Einweg Vape Ohne Nikotin\" \/>\n<meta property=\"og:description\" content=\"Enjoy the RandM Tornado 7000 refillable vape with your own liquids \u2014 850mAh battery, 15ml tank, and over 10,000 puffs for a custom vaping experience.\" \/>\n<meta property=\"og:url\" content=\"https:\/\/vapemaison.com\/it\/prodotto\/randm-tornado-70k-r-e-m-tornado-70000-einweg-vape-ohne-nikotin\/\" \/>\n<meta property=\"og:site_name\" content=\"VapeMaison\" \/>\n<meta property=\"article:modified_time\" content=\"2026-04-24T06:35:24+00:00\" \/>\n<meta property=\"og:image\" content=\"https:\/\/vapemaison.com\/wp-content\/uploads\/2025\/11\/random-randm-tornado-vape-2.png\" \/>\n\t<meta property=\"og:image:width\" content=\"1600\" \/>\n\t<meta property=\"og:image:height\" content=\"1600\" \/>\n\t<meta property=\"og:image:type\" content=\"image\/png\" \/>\n<meta name=\"twitter:card\" content=\"summary_large_image\" \/>\n<meta name=\"twitter:label1\" content=\"Tempo di lettura stimato\" \/>\n\t<meta name=\"twitter:data1\" content=\"3 minuti\" \/>\n<!-- \/ Yoast SEO plugin. -->","yoast_head_json":{"title":"RandM Tornado 7000 | Einweg Vape Ohne Nikotin","description":"Godetevi la RandM Tornado 7000 ricaricabile con i vostri liquidi - batteria da 850 mAh, serbatoio da 15 ml e oltre 10.000 boccate per un'esperienza di svapo personalizzata.","robots":{"index":"index","follow":"follow","max-snippet":"max-snippet:-1","max-image-preview":"max-image-preview:large","max-video-preview":"max-video-preview:-1"},"canonical":"https:\/\/vapemaison.com\/it\/prodotto\/randm-tornado-70k-r-e-m-tornado-70000-einweg-vape-ohne-nikotin\/","og_locale":"it_IT","og_type":"article","og_title":"RandM Tornado 7000 | Einweg Vape Ohne Nikotin","og_description":"Enjoy the RandM Tornado 7000 refillable vape with your own liquids \u2014 850mAh battery, 15ml tank, and over 10,000 puffs for a custom vaping experience.","og_url":"https:\/\/vapemaison.com\/it\/prodotto\/randm-tornado-70k-r-e-m-tornado-70000-einweg-vape-ohne-nikotin\/","og_site_name":"VapeMaison","article_modified_time":"2026-04-24T06:35:24+00:00","og_image":[{"width":1600,"height":1600,"url":"https:\/\/vapemaison.com\/wp-content\/uploads\/2025\/11\/random-randm-tornado-vape-2.png","type":"image\/png"}],"twitter_card":"summary_large_image","twitter_misc":{"Tempo di lettura stimato":"3 minuti"},"schema":{"@context":"https:\/\/schema.org","@graph":[{"@type":"WebPage","@id":"https:\/\/vapemaison.com\/product\/randm-tornado-70k-r-and-m-tornado-70000-einweg-vape-ohne-nikotin\/","url":"https:\/\/vapemaison.com\/product\/randm-tornado-70k-r-and-m-tornado-70000-einweg-vape-ohne-nikotin\/","name":"RandM Tornado 7000 | Einweg Vape Ohne Nikotin","isPartOf":{"@id":"https:\/\/vapemaison.com\/#website"},"primaryImageOfPage":{"@id":"https:\/\/vapemaison.com\/product\/randm-tornado-70k-r-and-m-tornado-70000-einweg-vape-ohne-nikotin\/#primaryimage"},"image":{"@id":"https:\/\/vapemaison.com\/product\/randm-tornado-70k-r-and-m-tornado-70000-einweg-vape-ohne-nikotin\/#primaryimage"},"thumbnailUrl":"https:\/\/vapemaison.com\/wp-content\/uploads\/2025\/11\/random-randm-tornado-vape-2.png","datePublished":"2025-11-06T03:53:00+00:00","dateModified":"2026-04-24T06:35:24+00:00","description":"Godetevi la RandM Tornado 7000 ricaricabile con i vostri liquidi - batteria da 850 mAh, serbatoio da 15 ml e oltre 10.000 boccate per un'esperienza di svapo personalizzata.","breadcrumb":{"@id":"https:\/\/vapemaison.com\/product\/randm-tornado-70k-r-and-m-tornado-70000-einweg-vape-ohne-nikotin\/#breadcrumb"},"inLanguage":"it-IT","potentialAction":[{"@type":"ReadAction","target":["https:\/\/vapemaison.com\/product\/randm-tornado-70k-r-and-m-tornado-70000-einweg-vape-ohne-nikotin\/"]}]},{"@type":"ImageObject","inLanguage":"it-IT","@id":"https:\/\/vapemaison.com\/product\/randm-tornado-70k-r-and-m-tornado-70000-einweg-vape-ohne-nikotin\/#primaryimage","url":"https:\/\/vapemaison.com\/wp-content\/uploads\/2025\/11\/random-randm-tornado-vape-2.png","contentUrl":"https:\/\/vapemaison.com\/wp-content\/uploads\/2025\/11\/random-randm-tornado-vape-2.png","width":1600,"height":1600,"caption":"Random Randm Tornado Vape detail"},{"@type":"BreadcrumbList","@id":"https:\/\/vapemaison.com\/product\/randm-tornado-70k-r-and-m-tornado-70000-einweg-vape-ohne-nikotin\/#breadcrumb","itemListElement":[{"@type":"ListItem","position":1,"name":"\u9996\u9875","item":"https:\/\/vapemaison.com\/"},{"@type":"ListItem","position":2,"name":"Shop","item":"https:\/\/vapemaison.com\/shop\/"},{"@type":"ListItem","position":3,"name":"RandM","item":"https:\/\/vapemaison.com\/brand\/randm\/"},{"@type":"ListItem","position":4,"name":"RandM Tornado 70K R and M Tornado 70000 Einweg Vape Ohne Nikotin"}]},{"@type":"WebSite","@id":"https:\/\/vapemaison.com\/#website","url":"https:\/\/vapemaison.com\/","name":"VapeMaison","description":"Dispositivi e accessori per il vaping di alta qualit\u00e0","publisher":{"@id":"https:\/\/vapemaison.com\/#organization"},"potentialAction":[{"@type":"SearchAction","target":{"@type":"EntryPoint","urlTemplate":"https:\/\/vapemaison.com\/?s={search_term_string}"},"query-input":{"@type":"PropertyValueSpecification","valueRequired":true,"valueName":"search_term_string"}}],"inLanguage":"it-IT"},{"@type":"Organization","@id":"https:\/\/vapemaison.com\/#organization","name":"VapeMaison","url":"https:\/\/vapemaison.com\/","logo":{"@type":"ImageObject","inLanguage":"it-IT","@id":"https:\/\/vapemaison.com\/#\/schema\/logo\/image\/","url":"https:\/\/vapemaison.com\/wp-content\/uploads\/2026\/01\/cropped-vapemaison-logo-g-2026.webp","contentUrl":"https:\/\/vapemaison.com\/wp-content\/uploads\/2026\/01\/cropped-vapemaison-logo-g-2026.webp","width":350,"height":280,"caption":"VapeMaison"},"image":{"@id":"https:\/\/vapemaison.com\/#\/schema\/logo\/image\/"},"sameAs":["https:\/\/www.youtube.com\/@VapeMaison"]}]}},"tiered_pricing_type":"fixed","tiered_pricing_fixed_rules":{"30":"12.42","50":"11.63","100":"10.58","200":"9.42"},"tiered_pricing_product_settings":{"layout":"default","base_unit_name":{"singular":null,"plural":null},"default_variation":null},"tiered_pricing_minimum_quantity":10,"tiered_pricing_roles_data":[],"tiered_pricing_percentage_rules":[],"tiered_pricing_maximum_quantity":null,"tiered_pricing_quantity_step":"10","_links":{"self":[{"href":"https:\/\/vapemaison.com\/it\/wp-json\/wp\/v2\/product\/9586","targetHints":{"allow":["GET"]}}],"collection":[{"href":"https:\/\/vapemaison.com\/it\/wp-json\/wp\/v2\/product"}],"about":[{"href":"https:\/\/vapemaison.com\/it\/wp-json\/wp\/v2\/types\/product"}],"replies":[{"embeddable":true,"href":"https:\/\/vapemaison.com\/it\/wp-json\/wp\/v2\/comments?post=9586"}],"version-history":[{"count":1,"href":"https:\/\/vapemaison.com\/it\/wp-json\/wp\/v2\/product\/9586\/revisions"}],"predecessor-version":[{"id":29552,"href":"https:\/\/vapemaison.com\/it\/wp-json\/wp\/v2\/product\/9586\/revisions\/29552"}],"wp:featuredmedia":[{"embeddable":true,"href":"https:\/\/vapemaison.com\/it\/wp-json\/wp\/v2\/media\/10969"}],"wp:attachment":[{"href":"https:\/\/vapemaison.com\/it\/wp-json\/wp\/v2\/media?parent=9586"}],"wp:term":[{"taxonomy":"product_brand","embeddable":true,"href":"https:\/\/vapemaison.com\/it\/wp-json\/wp\/v2\/product_brand?post=9586"},{"taxonomy":"product_cat","embeddable":true,"href":"https:\/\/vapemaison.com\/it\/wp-json\/wp\/v2\/product_cat?post=9586"},{"taxonomy":"product_tag","embeddable":true,"href":"https:\/\/vapemaison.com\/it\/wp-json\/wp\/v2\/product_tag?post=9586"}],"curies":[{"name":"wp","href":"https:\/\/api.w.org\/{rel}","templated":true}]}}